{"id":36652,"date":"2025-07-01T20:50:37","date_gmt":"2025-07-01T18:50:37","guid":{"rendered":"https:\/\/www.ferberpainting.com\/?post_type=product&#038;p=36652"},"modified":"2026-02-16T08:29:03","modified_gmt":"2026-02-16T07:29:03","slug":"roof-tile-cleaner","status":"publish","type":"product","link":"https:\/\/www.ferberpainting.com\/sk\/products\/roof-tile-cleaner\/","title":{"rendered":"\u010cisti\u010d stre\u0161n\u00fdch \u0161kridiel"},"content":{"rendered":"<p><strong><img decoding=\"async\" style=\"margin-right: 12px;\" src=\"https:\/\/www.ferberpainting.com\/wp-content\/uploads\/2026\/02\/Check.svg\" alt=\"\" width=\"18\" height=\"15\" \/>Optim\u00e1lna \u00fa\u010dinnos\u0165.<\/strong> Tento \u010disti\u010d na \u0161kridly je \u0161peci\u00e1lne vyvinut\u00fd na \u00fa\u010dinn\u00e9 odstra\u0148ovanie \u0161piny, \u0161kv\u0155n od zne\u010distenia, machu, li\u0161ajn\u00edkov a zelen\u00fdch usaden\u00edn, ktor\u00e9 sa \u010dasom hromadia na strech\u00e1ch. Jeho \u00fa\u010dinn\u00e9 zlo\u017eenie prenik\u00e1 hlboko do materi\u00e1lu, aby rozpustil ne\u010distoty a obnovil p\u00f4vodn\u00fd vzh\u013ead \u0161kridiel, \u010di u\u017e star\u00fdch alebo nov\u00fdch. Zabezpe\u010duje h\u013abkov\u00e9 \u010distenie a z\u00e1rove\u0148 zachov\u00e1va \u0161trukt\u00faru a trvanlivos\u0165 materi\u00e1lov.<\/p>\n<p><strong><img decoding=\"async\" style=\"margin-right: 12px;\" src=\"https:\/\/www.ferberpainting.com\/wp-content\/uploads\/2026\/02\/Check.svg\" alt=\"\" width=\"18\" height=\"15\" \/>Spokojnos\u0165 zaru\u010den\u00e1 alebo vr\u00e1tenie pe\u0148az\u00ed.<\/strong> Sme presved\u010den\u00ed o dokonalosti n\u00e1\u0161ho \u010distiaceho prostriedku a jeho schopnosti prin\u00e1\u0161a\u0165 vidite\u013en\u00e9 v\u00fdsledky u\u017e pri prvej aplik\u00e1cii. Ak po jeho pou\u017eit\u00ed nebudete \u00faplne spokojn\u00ed, m\u00e1te n\u00e1rok na vr\u00e1tenie pe\u0148az\u00ed v plnej v\u00fd\u0161ke. Vysk\u00fa\u0161ajte ho bez rizika a presved\u010dte sa sami, ak\u00fd \u00fa\u010dinn\u00fd je n\u00e1\u0161 v\u00fdrobok.<\/p>\n<p><strong><img decoding=\"async\" style=\"margin-right: 12px;\" src=\"https:\/\/www.ferberpainting.com\/wp-content\/uploads\/2026\/02\/Check.svg\" alt=\"\" width=\"18\" height=\"15\" \/>V\u00fdnimo\u010dn\u00e1 v\u0161estrannos\u0165.<\/strong> Tento \u010distiaci prostriedok sa neobmedzuje len na dla\u017edice! Je \u00fa\u010dinn\u00fd aj na in\u00e9 stre\u0161n\u00e9 krytiny a fas\u00e1dne materi\u00e1ly, ako je bridlica, bet\u00f3n, vl\u00e1knocementov\u00e9 panely, pr\u00edrodn\u00fd kame\u0148, dla\u017eba a dokonca aj niektor\u00e9 o\u0161etren\u00e9 dreven\u00e9 povrchy. Je ide\u00e1lny na strechy, vonkaj\u0161ie steny, n\u00edzke steny a in\u00e9 povrchy vystaven\u00e9 poveternostn\u00fdm vplyvom a organick\u00fdm ne\u010distot\u00e1m.<\/p>\n<p><strong><img decoding=\"async\" style=\"margin-right: 12px;\" src=\"https:\/\/www.ferberpainting.com\/wp-content\/uploads\/2026\/02\/Check.svg\" alt=\"\" width=\"18\" height=\"15\" \/>N\u00e1kladovo efekt\u00edvne v\u00fdnosy.<\/strong> Tento \u010distiaci prostriedok pon\u00faka vynikaj\u00face pokrytie v\u010faka svojmu 5-litrov\u00e9mu kanistru a vysoko koncentrovan\u00e9mu zlo\u017eeniu. Mal\u00e9 mno\u017estvo sta\u010d\u00ed na o\u0161etrenie ve\u013ek\u00e9ho povrchu, \u010d\u00edm sa minimalizuje nadmern\u00e9 pou\u017e\u00edvanie. Jeden liter v\u00fdrobku dok\u00e1\u017ee vy\u010disti\u0165 v priemere a\u017e 50 m\u00b2 \u0161kridiel, \u010do predstavuje ekonomick\u00e9 a dlhotrvaj\u00face rie\u0161enie na \u00fadr\u017ebu striech a fas\u00e1d.<\/p>\n<p><strong><img decoding=\"async\" style=\"margin-right: 12px;\" src=\"https:\/\/www.ferberpainting.com\/wp-content\/uploads\/2026\/02\/Check.svg\" alt=\"\" width=\"18\" height=\"15\" \/>Bezpe\u010dn\u00e9 pou\u017e\u00edvanie.<\/strong> Na rozdiel od agres\u00edvnych v\u00fdrobkov obsahuj\u00facich koroz\u00edvne chemick\u00e9 l\u00e1tky tento \u010distiaci prostriedok neobsahuje nebezpe\u010dn\u00e9 rozp\u00fa\u0161\u0165adl\u00e1 a nepredstavuje \u017eiadne riziko pre o\u0161etrovan\u00e9 povrchy. Nevyp\u00fa\u0161\u0165a \u017eiadne \u0161kodliv\u00e9 v\u00fdpary a nepo\u0161kodzuje \u0161trukt\u00faru \u0161kridiel ani stre\u0161n\u00fdch spojov. Pri pou\u017e\u00edvan\u00ed pod\u013ea n\u00e1vodu nepredstavuje \u017eiadnu hrozbu pre \u017eivotn\u00e9 prostredie, \u010do zaru\u010duje bezpe\u010dn\u00e9 pou\u017e\u00edvanie pre pou\u017e\u00edvate\u013eov aj ich domovy.<\/p>\n<p><strong><img decoding=\"async\" style=\"margin-right: 12px;\" src=\"https:\/\/www.ferberpainting.com\/wp-content\/uploads\/2026\/02\/Check.svg\" alt=\"\" width=\"18\" height=\"15\" \/>Jednoduchos\u0165 pou\u017e\u00edvania.<\/strong> Tento produkt je pripraven\u00fd na pou\u017eitie a nevy\u017eaduje si \u017eiadne riedenie ani zlo\u017eit\u00fa pr\u00edpravu. Nan\u00e1\u0161a sa priamo na \u010disten\u00fa strechu alebo povrch, r\u00fdchlo rozp\u00fa\u0161\u0165a usadeniny a \u013eahko sa oplachuje vodou. M\u00f4\u017ee sa aplikova\u0165 pomocou postrekova\u010da, val\u010deka, \u0161tetca alebo n\u00edzkotlakov\u00e9ho \u010disti\u010da, tak\u017ee je jednoduch\u00fd a dostupn\u00fd pre ka\u017ed\u00e9ho.<\/p>\n<p><strong><img decoding=\"async\" style=\"margin-right: 12px;\" src=\"https:\/\/www.ferberpainting.com\/wp-content\/uploads\/2026\/02\/Check.svg\" alt=\"\" width=\"18\" height=\"15\" \/>Zv\u00fd\u0161en\u00e1 odolnos\u0165.<\/strong> \u00da\u010dinn\u00fdm odstra\u0148ovan\u00edm organick\u00fdch usaden\u00edn a ne\u010dist\u00f4t tento \u010distiaci prostriedok spoma\u013euje op\u00e4tovn\u00fd v\u00fdskyt machu a li\u0161ajn\u00edkov, \u010d\u00edm predl\u017euje \u010distotu a estetick\u00fd vzh\u013ead striech a fas\u00e1d. Pravideln\u00e1 \u00fadr\u017eba t\u00fdmto v\u00fdrobkom pom\u00e1ha predch\u00e1dza\u0165 prenikaniu vody a pred\u010dasn\u00e9mu znehodnoteniu materi\u00e1lov, \u010d\u00edm zabezpe\u010duje dlh\u0161iu \u017eivotnos\u0165 strechy.<\/p>\n<p><strong><img decoding=\"async\" style=\"margin-right: 12px;\" src=\"https:\/\/www.ferberpainting.com\/wp-content\/uploads\/2026\/02\/Check.svg\" alt=\"\" width=\"18\" height=\"15\" \/>R\u00fdchla akcia.<\/strong>\u00a0V\u010faka vysoko akt\u00edvnemu zlo\u017eeniu tento \u010distiaci prostriedok okam\u017eite p\u00f4sob\u00ed na usaden\u00e9 \u0161kvrny a zvy\u0161ky. V priebehu nieko\u013ek\u00fdch min\u00fat rozpust\u00ed ne\u010distoty a u\u013eah\u010d\u00ed ich odstr\u00e1nenie bez potreby siln\u00e9ho drhnutia. Je ide\u00e1lny na r\u00fdchle \u010distenie a za kr\u00e1tky \u010das zabezpe\u010d\u00ed bezchybn\u00fa a \u017eiariv\u00fa strechu.<\/p>\n<h2><strong>Protokol o pou\u017e\u00edvan\u00ed<\/strong><\/h2>\n<ul>\n<li><strong>Pr\u00edprava<\/strong>: Pred aplik\u00e1ciou v\u00fdrobku sa uistite, \u017ee strecha je such\u00e1 alebo mierne vlhk\u00e1, a uistite sa, \u017ee odkvapy a odtoky vody s\u00fa \u010dist\u00e9.<\/li>\n<li><strong>Aplik\u00e1cia<\/strong>: Do ru\u010dn\u00e9ho rozpra\u0161ova\u010da, val\u010deka alebo \u0161tetca nalejte primeran\u00e9 mno\u017estvo \u010distiaceho prostriedku a rovnomerne ho naneste na obklada\u010dky.<\/li>\n<li><strong>\u010cistenie<\/strong>: Nechajte pr\u00edpravok p\u00f4sobi\u0165 10 a\u017e 20 min\u00fat, aby sa rozpustil mach, li\u0161ajn\u00edky a usaden\u00e1 \u0161pina. Silne zne\u010disten\u00e9 plochy jemne vydrhnite kefou alebo pou\u017eite n\u00edzkotlakov\u00fd \u010disti\u010d.<\/li>\n<li><strong>Oplachovanie<\/strong>: D\u00f4kladne opl\u00e1chnite \u010distou vodou pomocou z\u00e1hradnej hadice alebo n\u00edzkotlakovej um\u00fdva\u010dky, aby ste odstr\u00e1nili v\u0161etky stopy v\u00fdrobku a rozpusten\u00e9 ne\u010distoty.<\/li>\n<li><strong>Su\u0161enie a kone\u010dn\u00e1 \u00faprava<\/strong>: Nechajte ho prirodzene vyschn\u00fa\u0165. Na dodato\u010dn\u00fa ochranu pred n\u00e1vratom machu sa odpor\u00fa\u010da po \u00faplnom vyschnut\u00ed pou\u017ei\u0165 vodoodpudiv\u00fd pr\u00edpravok.<\/li>\n<li><strong>Frekvencia pou\u017e\u00edvania<\/strong>: Aplikujte raz alebo dvakr\u00e1t ro\u010dne, aby ste zabr\u00e1nili hromadeniu ne\u010dist\u00f4t a udr\u017eali \u010dist\u00fa a zachoval\u00fa strechu po cel\u00fd rok.<\/li>\n<li><strong>\u00dalo\u017eisko<\/strong>: Po ka\u017edom pou\u017eit\u00ed n\u00e1dobku znovu pevne uzavrite a skladujte ju na chladnom a suchom mieste, mimo dosahu svetla a extr\u00e9mnych tepl\u00f4t, aby sa zachovala jej dlhodob\u00e1 \u00fa\u010dinnos\u0165.<\/li>\n<\/ul>","protected":false},"excerpt":{"rendered":"<p>Optimal Efficiency. This tile cleaner is specially formulated to effectively eliminate grime, pollution stains, moss, lichens, and green deposits that accumulate on roofs over time. Its powerful formula penetrates deep into the material to dissolve impurities and restore the original appearance of tiles, whether old or new. It ensures deep cleaning while preserving the structure [&hellip;]<\/p>\n","protected":false},"featured_media":36656,"comment_status":"open","ping_status":"closed","template":"","meta":{"_uag_custom_page_level_css":"","site-sidebar-layout":"default","site-content-layout":"","ast-site-content-layout":"default","site-content-style":"default","site-sidebar-style":"default","ast-global-header-display":"","ast-banner-title-visibility":"","ast-main-header-display":"","ast-hfb-above-header-display":"","ast-hfb-below-header-display":"","ast-hfb-mobile-header-display":"","site-post-title":"","ast-breadcrumbs-content":"","ast-featured-img":"","footer-sml-layout":"","ast-disable-related-posts":"","theme-transparent-header-meta":"default","adv-header-id-meta":"","stick-header-meta":"","header-above-stick-meta":"","header-main-stick-meta":"","header-below-stick-meta":"","astra-migrate-meta-layouts":"set","ast-page-background-enabled":"default","ast-page-background-meta":{"desktop":{"background-color":"var(--ast-global-color-4)","background-image":"","background-repeat":"repeat","background-position":"center center","background-size":"auto","background-attachment":"scroll","background-type":"","background-media":"","overlay-type":"","overlay-color":"","overlay-opacity":"","overlay-gradient":""},"tablet":{"background-color":"","background-image":"","background-repeat":"repeat","background-position":"center center","background-size":"auto","background-attachment":"scroll","background-type":"","background-media":"","overlay-type":"","overlay-color":"","overlay-opacity":"","overlay-gradient":""},"mobile":{"background-color":"","background-image":"","background-repeat":"repeat","background-position":"center center","background-size":"auto","background-attachment":"scroll","background-type":"","background-media":"","overlay-type":"","overlay-color":"","overlay-opacity":"","overlay-gradient":""}},"ast-content-background-meta":{"desktop":{"background-color":"var(--ast-global-color-5)","background-image":"","background-repeat":"repeat","background-position":"center center","background-size":"auto","background-attachment":"scroll","background-type":"","background-media":"","overlay-type":"","overlay-color":"","overlay-opacity":"","overlay-gradient":""},"tablet":{"background-color":"var(--ast-global-color-5)","background-image":"","background-repeat":"repeat","background-position":"center center","background-size":"auto","background-attachment":"scroll","background-type":"","background-media":"","overlay-type":"","overlay-color":"","overlay-opacity":"","overlay-gradient":""},"mobile":{"background-color":"var(--ast-global-color-5)","background-image":"","background-repeat":"repeat","background-position":"center center","background-size":"auto","background-attachment":"scroll","background-type":"","background-media":"","overlay-type":"","overlay-color":"","overlay-opacity":"","overlay-gradient":""}}},"product_brand":[],"product_cat":[175,187],"product_tag":[],"class_list":{"0":"post-36652","1":"product","2":"type-product","3":"status-publish","4":"has-post-thumbnail","6":"product_cat-cleaning-products","7":"product_cat-roofing","8":"desktop-align-left","9":"tablet-align-left","10":"mobile-align-left","12":"first","13":"instock","14":"sale","15":"shipping-taxable","16":"purchasable","17":"product-type-variable","18":"has-default-attributes"},"spectra_custom_meta":{"_edit_lock":["1771821800:5317"],"_edit_last":["1"],"total_sales":["198"],"_tax_status":["taxable"],"_tax_class":[""],"_manage_stock":["no"],"_backorders":["no"],"_sold_individually":["no"],"_virtual":["no"],"_downloadable":["no"],"_download_limit":["-1"],"_download_expiry":["-1"],"_stock":[null],"_stock_status":["instock"],"_wc_average_rating":["5.00"],"_wc_review_count":["40"],"_product_attributes":["a:1:{s:6:\"volume\";a:6:{s:4:\"name\";s:6:\"Volume\";s:5:\"value\";s:20:\"5 liters | 25 liters\";s:8:\"position\";i:0;s:10:\"is_visible\";i:1;s:12:\"is_variation\";i:1;s:11:\"is_taxonomy\";i:0;}}"],"_product_version":["10.5.1"],"merchant-center-availability":["yes"],"merchant-center-category":["7504"],"_default_attributes":["a:1:{s:6:\"volume\";s:8:\"5 liters\";}"],"_price":["29.90","129.90"],"_thumbnail_id":["36656"],"_wp_page_template":["default"],"_product_image_gallery":["36657"],"site-sidebar-layout":["default"],"ast-site-content-layout":["default"],"site-content-style":["default"],"site-sidebar-style":["default"],"theme-transparent-header-meta":["default"],"_wc_rating_count":["a:1:{i:5;i:40;}"],"astra-migrate-meta-layouts":["set"],"_uag_css_file_name":["uag-css-36652.css"],"_elementor_page_assets":["a:0:{}"],"_uag_page_assets":["a:9:{s:3:\"css\";s:7133:\".uag-blocks-common-selector{z-index:var(--z-index-desktop) !important}@media(max-width: 976px){.uag-blocks-common-selector{z-index:var(--z-index-tablet) !important}}@media(max-width: 767px){.uag-blocks-common-selector{z-index:var(--z-index-mobile) !important}}.wp-block-uagb-image{display:flex}.wp-block-uagb-image__figure{position:relative;display:flex;flex-direction:column;max-width:100%;height:auto;margin:0}.wp-block-uagb-image__figure img{height:auto;display:flex;max-width:100%;transition:box-shadow .2s ease}.wp-block-uagb-image__figure>a{display:inline-block}.wp-block-uagb-image__figure figcaption{text-align:center;margin-top:.5em;margin-bottom:1em}.wp-block-uagb-image .components-placeholder.block-editor-media-placeholder .components-placeholder__instructions{align-self:center}.wp-block-uagb-image--align-left{text-align:left}.wp-block-uagb-image--align-right{text-align:right}.wp-block-uagb-image--align-center{text-align:center}.wp-block-uagb-image--align-full .wp-block-uagb-image__figure{margin-left:calc(50% - 50vw);margin-right:calc(50% - 50vw);max-width:100vw;width:100vw;height:auto}.wp-block-uagb-image--align-full .wp-block-uagb-image__figure img{height:auto;width:100% !important}.wp-block-uagb-image--align-wide .wp-block-uagb-image__figure img{height:auto;width:100%}.wp-block-uagb-image--layout-overlay__color-wrapper{position:absolute;left:0;top:0;right:0;bottom:0;opacity:.2;background:rgba(0,0,0,.5);transition:opacity .35s ease-in-out}.wp-block-uagb-image--layout-overlay-link{position:absolute;left:0;right:0;bottom:0;top:0}.wp-block-uagb-image--layout-overlay .wp-block-uagb-image__figure:hover .wp-block-uagb-image--layout-overlay__color-wrapper{opacity:1}.wp-block-uagb-image--layout-overlay__inner{position:absolute;left:15px;right:15px;bottom:15px;top:15px;display:flex;align-items:center;justify-content:center;flex-direction:column;border-color:#fff;transition:.35s ease-in-out}.wp-block-uagb-image--layout-overlay__inner.top-left,.wp-block-uagb-image--layout-overlay__inner.top-center,.wp-block-uagb-image--layout-overlay__inner.top-right{justify-content:flex-start}.wp-block-uagb-image--layout-overlay__inner.bottom-left,.wp-block-uagb-image--layout-overlay__inner.bottom-center,.wp-block-uagb-image--layout-overlay__inner.bottom-right{justify-content:flex-end}.wp-block-uagb-image--layout-overlay__inner.top-left,.wp-block-uagb-image--layout-overlay__inner.center-left,.wp-block-uagb-image--layout-overlay__inner.bottom-left{align-items:flex-start}.wp-block-uagb-image--layout-overlay__inner.top-right,.wp-block-uagb-image--layout-overlay__inner.center-right,.wp-block-uagb-image--layout-overlay__inner.bottom-right{align-items:flex-end}.wp-block-uagb-image--layout-overlay__inner .uagb-image-heading{color:#fff;transition:transform .35s,opacity .35s ease-in-out;transform:translate3d(0, 24px, 0);margin:0;line-height:1em}.wp-block-uagb-image--layout-overlay__inner .uagb-image-separator{width:30%;border-top-width:2px;border-top-color:#fff;border-top-style:solid;margin-bottom:10px;opacity:0;transition:transform .4s,opacity .4s ease-in-out;transform:translate3d(0, 30px, 0)}.wp-block-uagb-image--layout-overlay__inner .uagb-image-caption{opacity:0;overflow:visible;color:#fff;transition:transform .45s,opacity .45s ease-in-out;transform:translate3d(0, 35px, 0)}.wp-block-uagb-image--layout-overlay__inner:hover .uagb-image-heading,.wp-block-uagb-image--layout-overlay__inner:hover .uagb-image-separator,.wp-block-uagb-image--layout-overlay__inner:hover .uagb-image-caption{opacity:1;transform:translate3d(0, 0, 0)}.wp-block-uagb-image--effect-zoomin .wp-block-uagb-image__figure img,.wp-block-uagb-image--effect-zoomin .wp-block-uagb-image__figure .wp-block-uagb-image--layout-overlay__color-wrapper{transform:scale(1);transition:transform .35s ease-in-out}.wp-block-uagb-image--effect-zoomin .wp-block-uagb-image__figure:hover img,.wp-block-uagb-image--effect-zoomin .wp-block-uagb-image__figure:hover .wp-block-uagb-image--layout-overlay__color-wrapper{transform:scale(1.05)}.wp-block-uagb-image--effect-slide .wp-block-uagb-image__figure img,.wp-block-uagb-image--effect-slide .wp-block-uagb-image__figure .wp-block-uagb-image--layout-overlay__color-wrapper{width:calc(100% + 40px) !important;max-width:none !important;transform:translate3d(-40px, 0, 0);transition:transform .35s ease-in-out}.wp-block-uagb-image--effect-slide .wp-block-uagb-image__figure:hover img,.wp-block-uagb-image--effect-slide .wp-block-uagb-image__figure:hover .wp-block-uagb-image--layout-overlay__color-wrapper{transform:translate3d(0, 0, 0)}.wp-block-uagb-image--effect-grayscale img{filter:grayscale(0%);transition:.35s ease-in-out}.wp-block-uagb-image--effect-grayscale:hover img{filter:grayscale(100%)}.wp-block-uagb-image--effect-blur img{filter:blur(0);transition:.35s ease-in-out}.wp-block-uagb-image--effect-blur:hover img{filter:blur(3px)}.uagb-block-e6f939b3.wp-block-uagb-image--layout-default figure img{box-shadow: 0px 0px 0 #00000070;}.uagb-block-e6f939b3.wp-block-uagb-image .wp-block-uagb-image__figure figcaption{font-style: normal;align-self: center;}.uagb-block-e6f939b3.wp-block-uagb-image--layout-overlay figure img{box-shadow: 0px 0px 0 #00000070;}.uagb-block-e6f939b3.wp-block-uagb-image--layout-overlay .wp-block-uagb-image--layout-overlay__color-wrapper{opacity: 0.2;}.uagb-block-e6f939b3.wp-block-uagb-image--layout-overlay .wp-block-uagb-image--layout-overlay__inner{left: 15px;right: 15px;top: 15px;bottom: 15px;}.uagb-block-e6f939b3.wp-block-uagb-image--layout-overlay .wp-block-uagb-image--layout-overlay__inner .uagb-image-heading{font-style: normal;color: #fff;opacity: 1;}.uagb-block-e6f939b3.wp-block-uagb-image--layout-overlay .wp-block-uagb-image--layout-overlay__inner .uagb-image-heading a{color: #fff;}.uagb-block-e6f939b3.wp-block-uagb-image--layout-overlay .wp-block-uagb-image--layout-overlay__inner .uagb-image-caption{opacity: 0;}.uagb-block-e6f939b3.wp-block-uagb-image--layout-overlay .wp-block-uagb-image__figure:hover .wp-block-uagb-image--layout-overlay__color-wrapper{opacity: 1;}.uagb-block-e6f939b3.wp-block-uagb-image .wp-block-uagb-image--layout-overlay__inner .uagb-image-separator{width: 30%;border-top-width: 2px;border-top-color: #fff;opacity: 0;}.uagb-block-e6f939b3.wp-block-uagb-image .wp-block-uagb-image__figure img{width: px;height: auto;}.uagb-block-e6f939b3.wp-block-uagb-image .wp-block-uagb-image__figure:hover .wp-block-uagb-image--layout-overlay__inner .uagb-image-caption{opacity: 1;}.uagb-block-e6f939b3.wp-block-uagb-image .wp-block-uagb-image__figure:hover .wp-block-uagb-image--layout-overlay__inner .uagb-image-separator{opacity: 1;}.uagb-block-e6f939b3.wp-block-uagb-image--layout-default figure:hover img{box-shadow: 0px 0px 0 #00000070;}.uagb-block-e6f939b3.wp-block-uagb-image--layout-overlay figure:hover img{box-shadow: 0px 0px 0 #00000070;}@media only screen and (max-width: 976px) {.uagb-block-e6f939b3.wp-block-uagb-image .wp-block-uagb-image__figure img{width: px;height: auto;}}@media only screen and (max-width: 767px) {.uagb-block-e6f939b3.wp-block-uagb-image .wp-block-uagb-image__figure img{width: px;height: auto;}}\";s:2:\"js\";s:0:\"\";s:18:\"current_block_list\";a:13:{i:0;s:11:\"core\/search\";i:1;s:10:\"core\/group\";i:2;s:12:\"core\/heading\";i:3;s:17:\"core\/latest-posts\";i:4;s:20:\"core\/latest-comments\";i:5;s:13:\"core\/archives\";i:6;s:15:\"core\/categories\";i:7;s:14:\"core\/paragraph\";i:8;s:10:\"uagb\/image\";i:9;s:11:\"core\/spacer\";i:10;s:30:\"woocommerce\/product-categories\";i:11;s:10:\"core\/image\";i:12;s:14:\"core\/shortcode\";}s:8:\"uag_flag\";b:1;s:11:\"uag_version\";s:10:\"1776781492\";s:6:\"gfonts\";a:0:{}s:10:\"gfonts_url\";s:0:\"\";s:12:\"gfonts_files\";a:0:{}s:14:\"uag_faq_layout\";b:0;}"]},"uagb_featured_image_src":{"full":["https:\/\/www.ferberpainting.com\/wp-content\/uploads\/2025\/07\/Roof-Tile-Cleaner-5L-Mockup-.png",2560,2560,false],"thumbnail":["https:\/\/www.ferberpainting.com\/wp-content\/uploads\/2025\/07\/Roof-Tile-Cleaner-5L-Mockup--150x150.png",150,150,true],"medium":["https:\/\/www.ferberpainting.com\/wp-content\/uploads\/2025\/07\/Roof-Tile-Cleaner-5L-Mockup--300x300.png",300,300,true],"medium_large":["https:\/\/www.ferberpainting.com\/wp-content\/uploads\/2025\/07\/Roof-Tile-Cleaner-5L-Mockup--768x768.png",768,768,true],"large":["https:\/\/www.ferberpainting.com\/wp-content\/uploads\/2025\/07\/Roof-Tile-Cleaner-5L-Mockup--1024x1024.png",1024,1024,true],"1536x1536":["https:\/\/www.ferberpainting.com\/wp-content\/uploads\/2025\/07\/Roof-Tile-Cleaner-5L-Mockup--1536x1536.png",1536,1536,true],"2048x2048":["https:\/\/www.ferberpainting.com\/wp-content\/uploads\/2025\/07\/Roof-Tile-Cleaner-5L-Mockup--2048x2048.png",2048,2048,true],"trp-custom-language-flag":["https:\/\/www.ferberpainting.com\/wp-content\/uploads\/2025\/07\/Roof-Tile-Cleaner-5L-Mockup--12x12.png",12,12,true],"woocommerce_thumbnail":["https:\/\/www.ferberpainting.com\/wp-content\/uploads\/2025\/07\/Roof-Tile-Cleaner-5L-Mockup--300x300.png",300,300,true],"woocommerce_single":["https:\/\/www.ferberpainting.com\/wp-content\/uploads\/2025\/07\/Roof-Tile-Cleaner-5L-Mockup--600x600.png",600,600,true],"woocommerce_gallery_thumbnail":["https:\/\/www.ferberpainting.com\/wp-content\/uploads\/2025\/07\/Roof-Tile-Cleaner-5L-Mockup--100x100.png",100,100,true]},"uagb_author_info":{"display_name":"admin","author_link":"https:\/\/www.ferberpainting.com\/sk\/author\/"},"uagb_comment_info":40,"uagb_excerpt":"Optimal Efficiency. This tile cleaner is specially formulated to effectively eliminate grime, pollution stains, moss, lichens, and green deposits that accumulate on roofs over time. Its powerful formula penetrates deep into the material to dissolve impurities and restore the original appearance of tiles, whether old or new. It ensures deep cleaning while preserving the structure&hellip;","_links":{"self":[{"href":"https:\/\/www.ferberpainting.com\/sk\/wp-json\/wp\/v2\/product\/36652","targetHints":{"allow":["GET"]}}],"collection":[{"href":"https:\/\/www.ferberpainting.com\/sk\/wp-json\/wp\/v2\/product"}],"about":[{"href":"https:\/\/www.ferberpainting.com\/sk\/wp-json\/wp\/v2\/types\/product"}],"replies":[{"embeddable":true,"href":"https:\/\/www.ferberpainting.com\/sk\/wp-json\/wp\/v2\/comments?post=36652"}],"version-history":[{"count":5,"href":"https:\/\/www.ferberpainting.com\/sk\/wp-json\/wp\/v2\/product\/36652\/revisions"}],"predecessor-version":[{"id":167141,"href":"https:\/\/www.ferberpainting.com\/sk\/wp-json\/wp\/v2\/product\/36652\/revisions\/167141"}],"wp:featuredmedia":[{"embeddable":true,"href":"https:\/\/www.ferberpainting.com\/sk\/wp-json\/wp\/v2\/media\/36656"}],"wp:attachment":[{"href":"https:\/\/www.ferberpainting.com\/sk\/wp-json\/wp\/v2\/media?parent=36652"}],"wp:term":[{"taxonomy":"product_brand","embeddable":true,"href":"https:\/\/www.ferberpainting.com\/sk\/wp-json\/wp\/v2\/product_brand?post=36652"},{"taxonomy":"product_cat","embeddable":true,"href":"https:\/\/www.ferberpainting.com\/sk\/wp-json\/wp\/v2\/product_cat?post=36652"},{"taxonomy":"product_tag","embeddable":true,"href":"https:\/\/www.ferberpainting.com\/sk\/wp-json\/wp\/v2\/product_tag?post=36652"}],"curies":[{"name":"wp","href":"https:\/\/api.w.org\/{rel}","templated":true}]}}