{"id":25696,"date":"2025-05-26T10:33:37","date_gmt":"2025-05-26T08:33:37","guid":{"rendered":"https:\/\/www.ferberpainting.com\/products\/zamioculcas-fertilizer\/"},"modified":"2026-02-18T10:13:18","modified_gmt":"2026-02-18T09:13:18","slug":"zamioculcas-fertilizer","status":"publish","type":"product","link":"https:\/\/www.ferberpainting.com\/sk\/products\/zamioculcas-fertilizer\/","title":{"rendered":"Hnojivo na zamiokulkas"},"content":{"rendered":"<p><strong><img decoding=\"async\" style=\"margin-right: 12px;\" src=\"https:\/\/www.ferberpainting.com\/wp-content\/uploads\/2026\/02\/Check.svg\" alt=\"\" width=\"18\" height=\"15\" \/>Hnojivo \u0161peci\u00e1lne ur\u010den\u00e9 pre Zamioculcas.<\/strong>\u00a0Zamioculcas, zn\u00e1ma aj ako rastlina ZZ, je odoln\u00e1 izbov\u00e1 rastlina, ktor\u00e1 si vy\u017eaduje prisp\u00f4soben\u00e9 hnojenie, aby si udr\u017eala \u017eiariv\u00e9 listy, stabiln\u00fd rast a siln\u00fa odolnos\u0165 vo\u010di chorob\u00e1m. Toto hnojivo s recept\u00farou NPK s pomerom 15-15-15 poskytuje vyv\u00e1\u017een\u00fd pr\u00edsun z\u00e1kladn\u00fdch \u017eiv\u00edn, v\u010faka \u010domu Zamioculcas rozv\u00edja hust\u00e9 olistenie, siln\u00e9 stonky a optim\u00e1lne zakorenenie.<\/p>\n<p><strong><img decoding=\"async\" style=\"margin-right: 12px;\" src=\"https:\/\/www.ferberpainting.com\/wp-content\/uploads\/2026\/02\/Check.svg\" alt=\"\" width=\"18\" height=\"15\" \/>Z\u00e1ruka vr\u00e1tenia pe\u0148az\u00ed.<\/strong>\u00a0Sme presved\u010den\u00ed o \u00fa\u010dinnosti n\u00e1\u0161ho hnojiva a zaru\u010dujeme v\u00fdrazn\u00e9 zlep\u0161enie rastu a zdravotn\u00e9ho stavu zamioculcas. Ak po spr\u00e1vnej aplik\u00e1cii pod\u013ea odpor\u00fa\u010dan\u00ed nepozorujete \u017eiadny vidite\u013en\u00fd \u00fa\u010dinok, m\u00f4\u017eete ma\u0165 n\u00e1rok na vr\u00e1tenie pe\u0148az\u00ed v plnej v\u00fd\u0161ke.<\/p>\n<p><strong><img decoding=\"async\" style=\"margin-right: 12px;\" src=\"https:\/\/www.ferberpainting.com\/wp-content\/uploads\/2026\/02\/Check.svg\" alt=\"\" width=\"18\" height=\"15\" \/>Vhodn\u00e9 pre v\u0161etky podklady.<\/strong>\u00a0Toto hnojivo je kompatibiln\u00e9 so v\u0161etk\u00fdmi typmi p\u00f4dy a substr\u00e1tov, \u010di u\u017e ide o zeminu do kvetin\u00e1\u010dov, dren\u00e1\u017ene substr\u00e1ty, zmesi s perlitom alebo kokosov\u00fdm vl\u00e1knom. Je \u00fa\u010dinn\u00e9 aj na upraven\u00fdch p\u00f4dach s kompostom alebo k\u00f4rou a je vhodn\u00e9 pre rastliny v kvetin\u00e1\u010doch, sadbova\u010doch alebo vo vo\u013enej p\u00f4de.<\/p>\n<p><strong><img decoding=\"async\" style=\"margin-right: 12px;\" src=\"https:\/\/www.ferberpainting.com\/wp-content\/uploads\/2026\/02\/Check.svg\" alt=\"\" width=\"18\" height=\"15\" \/>\u00dasporn\u00e9 a dlhotrvaj\u00face.<\/strong>\u00a0V\u010faka svojmu koncentrovan\u00e9mu zlo\u017eeniu zabezpe\u010duje toto hnojivo \u00fa\u010dinn\u00e9 hnojenie s mal\u00fdm mno\u017estvom pr\u00edpravku. Z 5 ml zrieden\u00fdch v 1 litri vody sa v 5-litrovej n\u00e1dobe priprav\u00ed a\u017e 1000 litrov hnojiv\u00e9ho roztoku, \u010do zaru\u010duje dlhodob\u00e9 a \u00fasporn\u00e9 pou\u017e\u00edvanie.<\/p>\n<p><strong><img decoding=\"async\" style=\"margin-right: 12px;\" src=\"https:\/\/www.ferberpainting.com\/wp-content\/uploads\/2026\/02\/Check.svg\" alt=\"\" width=\"18\" height=\"15\" \/>Hnojivo bezpe\u010dn\u00e9 pre \u017eivotn\u00e9 prostredie.<\/strong>\u00a0Toto hnojivo je vyroben\u00e9 bez toxick\u00fdch pr\u00edsad a \u0161kodliv\u00fdch zvy\u0161kov, tak\u017ee je bezpe\u010dn\u00e9 pre p\u00f4du a mikroorganizmy. Je ide\u00e1lne pre zdrav\u00e9 a udr\u017eate\u013en\u00e9 plodiny bez negat\u00edvneho vplyvu na \u017eivotn\u00e9 prostredie.<\/p>\n<p><strong><img decoding=\"async\" style=\"margin-right: 12px;\" src=\"https:\/\/www.ferberpainting.com\/wp-content\/uploads\/2026\/02\/Check.svg\" alt=\"\" width=\"18\" height=\"15\" \/>Jednoduch\u00e9 pou\u017eitie a r\u00fdchla absorpcia.<\/strong>\u00a0Hnojivo sa okam\u017eite rozp\u00fa\u0161\u0165a vo vode, \u010d\u00edm sa zabezpe\u010d\u00ed jeho r\u00fdchla absorpcia kore\u0148mi a listami. M\u00f4\u017ee sa aplikova\u0165 zalievan\u00edm pri b\u00e1ze rastliny alebo listov\u00fdm postrekom, \u010do zaru\u010duje rovnomern\u00fa distrib\u00faciu \u017eiv\u00edn a ich okam\u017eit\u00fa asimil\u00e1ciu.<\/p>\n<p><strong><img decoding=\"async\" style=\"margin-right: 12px;\" src=\"https:\/\/www.ferberpainting.com\/wp-content\/uploads\/2026\/02\/Check.svg\" alt=\"\" width=\"18\" height=\"15\" \/>St\u00e1ly a vyv\u00e1\u017een\u00fd pr\u00edsun \u017eiv\u00edn.<\/strong>\u00a0Na rozdiel od granulovan\u00fdch hnoj\u00edv, ktor\u00e9 uvo\u013e\u0148uj\u00fa svoje prvky postupne a nepravidelne, toto tekut\u00e9 hnojivo zabezpe\u010duje rovnomern\u00fa distrib\u00faciu \u017eiv\u00edn, \u010do umo\u017e\u0148uje stabiln\u00fd a kontrolovan\u00fd rast zamioculcas. Podporuje s\u00fdtozelen\u00e9 listy a robustn\u00fa \u0161trukt\u00faru, pri\u010dom posil\u0148uje rastlinu proti stresu a nedostatku vody.<\/p>\n<p><strong><img decoding=\"async\" style=\"margin-right: 12px;\" src=\"https:\/\/www.ferberpainting.com\/wp-content\/uploads\/2026\/02\/Check.svg\" alt=\"\" width=\"18\" height=\"15\" \/>Vidite\u013en\u00e9 v\u00fdsledky v kr\u00e1tkom \u010dase.<\/strong>\u00a0Po\u010das prv\u00fdch t\u00fd\u017ed\u0148ov po aplik\u00e1cii budete m\u00f4c\u0165 pozorova\u0165 zv\u00fd\u0161en\u00fa hustotu listov, s\u00fdtej\u0161iu farbu listov a r\u00fdchlej\u0161\u00ed rast nov\u00fdch v\u00fdhonkov. Toto hnojivo zvy\u0161uje aktivitu kore\u0148ov, posil\u0148uje rastlinn\u00e9 tkaniv\u00e1 a optimalizuje zadr\u017eiavanie vody, \u010do zlep\u0161uje odolnos\u0165 vo\u010di suchu.<\/p>\n<p><strong><img decoding=\"async\" style=\"margin-right: 12px;\" src=\"https:\/\/www.ferberpainting.com\/wp-content\/uploads\/2026\/02\/Check.svg\" alt=\"\" width=\"18\" height=\"15\" \/>Prisp\u00f4soben\u00e9 \u0161pecifick\u00fdm potreb\u00e1m Zamioculcas.<\/strong>\u00a0V\u010faka dokonalej rovnov\u00e1he dus\u00edka, fosforu a drasl\u00edka toto hnojivo stimuluje v\u00fdvoj listov a kore\u0148ov a z\u00e1rove\u0148 posil\u0148uje rastliny proti chorob\u00e1m a \u017eltnutiu listov. Dus\u00edk podporuje intenz\u00edvny rast, fosfor zlep\u0161uje zakorenenie a pevnos\u0165 stonky a drasl\u00edk zvy\u0161uje odolnos\u0165 vo\u010di chorob\u00e1m a \u0161kodcom.<\/p>\n<h2><strong>Protokol o pou\u017e\u00edvan\u00ed<\/strong><\/h2>\n<ul>\n<li><strong>Obdobie pod\u00e1vania \u017eiadost\u00ed <\/strong>: Hnojivo aplikujte od jari do jesene, teda v obdob\u00ed, ke\u010f je Zamioculcas v akt\u00edvnej f\u00e1ze rastu. Zn\u00ed\u017ete frekvenciu aplik\u00e1cie v zime, ke\u010f rastlina prech\u00e1dza do vegeta\u010dn\u00e9ho pokoja.<\/li>\n<li><strong>Pr\u00edprava roztoku <\/strong>: Zrie\u010fte 5 ml hnojiva v 1 litri vody, aby ste z\u00edskali vyv\u00e1\u017een\u00fd roztok pripraven\u00fd na pou\u017eitie.<\/li>\n<li><strong>Aplik\u00e1cia zavla\u017eovania <\/strong>: Zalievajte priamo pri b\u00e1ze rastliny, pri\u010dom sa vyhnite nadmern\u00e9mu zm\u00e1\u010daniu substr\u00e1tu, aby ste zabr\u00e1nili hnilobe kore\u0148ov.<\/li>\n<li><strong>Postrek listov <\/strong>: Z\u013eahka postriekajte listy, aby ste u\u013eah\u010dili r\u00fdchle vstreb\u00e1vanie \u017eiv\u00edn a zachovali lesk listov.<\/li>\n<li><strong>Frekvencia aplik\u00e1cie <\/strong>: Aplikujte raz za dva t\u00fd\u017edne po\u010das obdobia akt\u00edvneho rastu a raz za mesiac v zime, ak rastlina na\u010falej rastie.<\/li>\n<li><strong>Bezpe\u010dnostn\u00e9 opatrenia pri pou\u017e\u00edvan\u00ed <\/strong>: Vyhnite sa nadmern\u00e9mu hnojeniu, preto\u017ee nadmern\u00e9 hnojenie m\u00f4\u017ee vies\u0165 k pr\u00edli\u0161 r\u00fdchlemu rastu a oslabeniu \u0161trukt\u00fary stonky.<\/li>\n<\/ul>\n<p>V\u010faka tomuto hnojivu prisp\u00f4soben\u00e9mu potreb\u00e1m zamioculcas bude va\u0161a rastlina profitova\u0165 z optim\u00e1lneho pr\u00edsunu \u017eiv\u00edn, \u010do zabezpe\u010d\u00ed zdrav\u00fd rast, svie\u017ee listy a zv\u00fd\u0161en\u00fa odolnos\u0165 vo\u010di chorob\u00e1m a klimatick\u00fdm zmen\u00e1m.<\/p>","protected":false},"excerpt":{"rendered":"<p>A fertilizer specially designed for Zamioculcas.\u00a0Zamioculcas, also known as the ZZ plant, is a hardy indoor plant that requires adapted fertilization to maintain vibrant foliage, steady growth, and strong resistance to diseases. This fertilizer, formulated with an NPK ratio of 15-15-15, provides a balanced supply of essential nutrients, allowing Zamioculcas to develop thick foliage, strong [&hellip;]<\/p>\n","protected":false},"featured_media":27487,"comment_status":"open","ping_status":"closed","template":"","meta":{"_uag_custom_page_level_css":"","site-sidebar-layout":"default","site-content-layout":"","ast-site-content-layout":"default","site-content-style":"default","site-sidebar-style":"default","ast-global-header-display":"","ast-banner-title-visibility":"","ast-main-header-display":"","ast-hfb-above-header-display":"","ast-hfb-below-header-display":"","ast-hfb-mobile-header-display":"","site-post-title":"","ast-breadcrumbs-content":"","ast-featured-img":"","footer-sml-layout":"","ast-disable-related-posts":"","theme-transparent-header-meta":"default","adv-header-id-meta":"","stick-header-meta":"","header-above-stick-meta":"","header-main-stick-meta":"","header-below-stick-meta":"","astra-migrate-meta-layouts":"set","ast-page-background-enabled":"default","ast-page-background-meta":{"desktop":{"background-color":"var(--ast-global-color-4)","background-image":"","background-repeat":"repeat","background-position":"center center","background-size":"auto","background-attachment":"scroll","background-type":"","background-media":"","overlay-type":"","overlay-color":"","overlay-opacity":"","overlay-gradient":""},"tablet":{"background-color":"","background-image":"","background-repeat":"repeat","background-position":"center center","background-size":"auto","background-attachment":"scroll","background-type":"","background-media":"","overlay-type":"","overlay-color":"","overlay-opacity":"","overlay-gradient":""},"mobile":{"background-color":"","background-image":"","background-repeat":"repeat","background-position":"center center","background-size":"auto","background-attachment":"scroll","background-type":"","background-media":"","overlay-type":"","overlay-color":"","overlay-opacity":"","overlay-gradient":""}},"ast-content-background-meta":{"desktop":{"background-color":"var(--ast-global-color-5)","background-image":"","background-repeat":"repeat","background-position":"center center","background-size":"auto","background-attachment":"scroll","background-type":"","background-media":"","overlay-type":"","overlay-color":"","overlay-opacity":"","overlay-gradient":""},"tablet":{"background-color":"var(--ast-global-color-5)","background-image":"","background-repeat":"repeat","background-position":"center center","background-size":"auto","background-attachment":"scroll","background-type":"","background-media":"","overlay-type":"","overlay-color":"","overlay-opacity":"","overlay-gradient":""},"mobile":{"background-color":"var(--ast-global-color-5)","background-image":"","background-repeat":"repeat","background-position":"center center","background-size":"auto","background-attachment":"scroll","background-type":"","background-media":"","overlay-type":"","overlay-color":"","overlay-opacity":"","overlay-gradient":""}}},"product_brand":[],"product_cat":[178],"product_tag":[],"class_list":{"0":"post-25696","1":"product","2":"type-product","3":"status-publish","4":"has-post-thumbnail","6":"product_cat-fertilizers","7":"desktop-align-left","8":"tablet-align-left","9":"mobile-align-left","11":"first","12":"instock","13":"sale","14":"taxable","15":"shipping-taxable","16":"purchasable","17":"product-type-variable","18":"has-default-attributes"},"spectra_custom_meta":{"_visibility":["visible"],"_shopify_product_id":["9073318854901"],"_s2w_shopify_domain":["ferberpainting.myshopify.com"],"_shopify_variant_id":["46524612542709"],"_sku":[""],"_manage_stock":["no"],"total_sales":["3"],"_tax_status":["taxable"],"_tax_class":[""],"_backorders":["no"],"_sold_individually":["no"],"_virtual":["no"],"_downloadable":["no"],"_download_limit":["-1"],"_download_expiry":["-1"],"_stock":[null],"_stock_status":["instock"],"_wc_average_rating":["4.57"],"_wc_review_count":["7"],"_product_attributes":["a:1:{s:6:\"volume\";a:6:{s:4:\"name\";s:6:\"Volume\";s:5:\"value\";s:20:\"5 liters | 25 liters\";s:8:\"position\";i:1;s:10:\"is_visible\";i:0;s:12:\"is_variation\";i:1;s:11:\"is_taxonomy\";i:0;}}"],"_product_version":["10.5.2"],"_thumbnail_id":["27487"],"_product_image_gallery":["27488"],"_edit_lock":["1771405859:1"],"_edit_last":["1"],"_wp_page_template":["default"],"site-sidebar-layout":["default"],"ast-site-content-layout":["default"],"site-content-style":["default"],"site-sidebar-style":["default"],"theme-transparent-header-meta":["default"],"wpse_downloadable_file_names":[""],"wpse_downloadable_file_urls":[""],"_default_attributes":["a:1:{s:6:\"volume\";s:8:\"5 liters\";}"],"_price":["29.90","129.90"],"merchant-center-availability":["yes"],"merchant-center-category":["113"],"_wc_rating_count":["a:2:{i:4;i:3;i:5;i:4;}"],"astra-migrate-meta-layouts":["set"],"_uag_css_file_name":["uag-css-25696.css"],"_elementor_page_assets":["a:0:{}"],"_uag_page_assets":["a:9:{s:3:\"css\";s:6873:\".wp-block-uagb-image{display:flex}.wp-block-uagb-image__figure{position:relative;display:flex;flex-direction:column;max-width:100%;height:auto;margin:0}.wp-block-uagb-image__figure img{height:auto;display:flex;max-width:100%;transition:box-shadow .2s ease}.wp-block-uagb-image__figure>a{display:inline-block}.wp-block-uagb-image__figure figcaption{text-align:center;margin-top:.5em;margin-bottom:1em}.wp-block-uagb-image .components-placeholder.block-editor-media-placeholder .components-placeholder__instructions{align-self:center}.wp-block-uagb-image--align-left{text-align:left}.wp-block-uagb-image--align-right{text-align:right}.wp-block-uagb-image--align-center{text-align:center}.wp-block-uagb-image--align-full .wp-block-uagb-image__figure{margin-left:calc(50% - 50vw);margin-right:calc(50% - 50vw);max-width:100vw;width:100vw;height:auto}.wp-block-uagb-image--align-full .wp-block-uagb-image__figure img{height:auto;width:100% !important}.wp-block-uagb-image--align-wide .wp-block-uagb-image__figure img{height:auto;width:100%}.wp-block-uagb-image--layout-overlay__color-wrapper{position:absolute;left:0;top:0;right:0;bottom:0;opacity:.2;background:rgba(0,0,0,.5);transition:opacity .35s ease-in-out}.wp-block-uagb-image--layout-overlay-link{position:absolute;left:0;right:0;bottom:0;top:0}.wp-block-uagb-image--layout-overlay .wp-block-uagb-image__figure:hover .wp-block-uagb-image--layout-overlay__color-wrapper{opacity:1}.wp-block-uagb-image--layout-overlay__inner{position:absolute;left:15px;right:15px;bottom:15px;top:15px;display:flex;align-items:center;justify-content:center;flex-direction:column;border-color:#fff;transition:.35s ease-in-out}.wp-block-uagb-image--layout-overlay__inner.top-left,.wp-block-uagb-image--layout-overlay__inner.top-center,.wp-block-uagb-image--layout-overlay__inner.top-right{justify-content:flex-start}.wp-block-uagb-image--layout-overlay__inner.bottom-left,.wp-block-uagb-image--layout-overlay__inner.bottom-center,.wp-block-uagb-image--layout-overlay__inner.bottom-right{justify-content:flex-end}.wp-block-uagb-image--layout-overlay__inner.top-left,.wp-block-uagb-image--layout-overlay__inner.center-left,.wp-block-uagb-image--layout-overlay__inner.bottom-left{align-items:flex-start}.wp-block-uagb-image--layout-overlay__inner.top-right,.wp-block-uagb-image--layout-overlay__inner.center-right,.wp-block-uagb-image--layout-overlay__inner.bottom-right{align-items:flex-end}.wp-block-uagb-image--layout-overlay__inner .uagb-image-heading{color:#fff;transition:transform .35s,opacity .35s ease-in-out;transform:translate3d(0, 24px, 0);margin:0;line-height:1em}.wp-block-uagb-image--layout-overlay__inner .uagb-image-separator{width:30%;border-top-width:2px;border-top-color:#fff;border-top-style:solid;margin-bottom:10px;opacity:0;transition:transform .4s,opacity .4s ease-in-out;transform:translate3d(0, 30px, 0)}.wp-block-uagb-image--layout-overlay__inner .uagb-image-caption{opacity:0;overflow:visible;color:#fff;transition:transform .45s,opacity .45s ease-in-out;transform:translate3d(0, 35px, 0)}.wp-block-uagb-image--layout-overlay__inner:hover .uagb-image-heading,.wp-block-uagb-image--layout-overlay__inner:hover .uagb-image-separator,.wp-block-uagb-image--layout-overlay__inner:hover .uagb-image-caption{opacity:1;transform:translate3d(0, 0, 0)}.wp-block-uagb-image--effect-zoomin .wp-block-uagb-image__figure img,.wp-block-uagb-image--effect-zoomin .wp-block-uagb-image__figure .wp-block-uagb-image--layout-overlay__color-wrapper{transform:scale(1);transition:transform .35s ease-in-out}.wp-block-uagb-image--effect-zoomin .wp-block-uagb-image__figure:hover img,.wp-block-uagb-image--effect-zoomin .wp-block-uagb-image__figure:hover .wp-block-uagb-image--layout-overlay__color-wrapper{transform:scale(1.05)}.wp-block-uagb-image--effect-slide .wp-block-uagb-image__figure img,.wp-block-uagb-image--effect-slide .wp-block-uagb-image__figure .wp-block-uagb-image--layout-overlay__color-wrapper{width:calc(100% + 40px) !important;max-width:none !important;transform:translate3d(-40px, 0, 0);transition:transform .35s ease-in-out}.wp-block-uagb-image--effect-slide .wp-block-uagb-image__figure:hover img,.wp-block-uagb-image--effect-slide .wp-block-uagb-image__figure:hover .wp-block-uagb-image--layout-overlay__color-wrapper{transform:translate3d(0, 0, 0)}.wp-block-uagb-image--effect-grayscale img{filter:grayscale(0%);transition:.35s ease-in-out}.wp-block-uagb-image--effect-grayscale:hover img{filter:grayscale(100%)}.wp-block-uagb-image--effect-blur img{filter:blur(0);transition:.35s ease-in-out}.wp-block-uagb-image--effect-blur:hover img{filter:blur(3px)}.uagb-block-e6f939b3.wp-block-uagb-image--layout-default figure img{box-shadow: 0px 0px 0 #00000070;}.uagb-block-e6f939b3.wp-block-uagb-image .wp-block-uagb-image__figure figcaption{font-style: normal;align-self: center;}.uagb-block-e6f939b3.wp-block-uagb-image--layout-overlay figure img{box-shadow: 0px 0px 0 #00000070;}.uagb-block-e6f939b3.wp-block-uagb-image--layout-overlay .wp-block-uagb-image--layout-overlay__color-wrapper{opacity: 0.2;}.uagb-block-e6f939b3.wp-block-uagb-image--layout-overlay .wp-block-uagb-image--layout-overlay__inner{left: 15px;right: 15px;top: 15px;bottom: 15px;}.uagb-block-e6f939b3.wp-block-uagb-image--layout-overlay .wp-block-uagb-image--layout-overlay__inner .uagb-image-heading{font-style: normal;color: #fff;opacity: 1;}.uagb-block-e6f939b3.wp-block-uagb-image--layout-overlay .wp-block-uagb-image--layout-overlay__inner .uagb-image-heading a{color: #fff;}.uagb-block-e6f939b3.wp-block-uagb-image--layout-overlay .wp-block-uagb-image--layout-overlay__inner .uagb-image-caption{opacity: 0;}.uagb-block-e6f939b3.wp-block-uagb-image--layout-overlay .wp-block-uagb-image__figure:hover .wp-block-uagb-image--layout-overlay__color-wrapper{opacity: 1;}.uagb-block-e6f939b3.wp-block-uagb-image .wp-block-uagb-image--layout-overlay__inner .uagb-image-separator{width: 30%;border-top-width: 2px;border-top-color: #fff;opacity: 0;}.uagb-block-e6f939b3.wp-block-uagb-image .wp-block-uagb-image__figure img{width: px;height: auto;}.uagb-block-e6f939b3.wp-block-uagb-image .wp-block-uagb-image__figure:hover .wp-block-uagb-image--layout-overlay__inner .uagb-image-caption{opacity: 1;}.uagb-block-e6f939b3.wp-block-uagb-image .wp-block-uagb-image__figure:hover .wp-block-uagb-image--layout-overlay__inner .uagb-image-separator{opacity: 1;}.uagb-block-e6f939b3.wp-block-uagb-image--layout-default figure:hover img{box-shadow: 0px 0px 0 #00000070;}.uagb-block-e6f939b3.wp-block-uagb-image--layout-overlay figure:hover img{box-shadow: 0px 0px 0 #00000070;}@media only screen and (max-width: 976px) {.uagb-block-e6f939b3.wp-block-uagb-image .wp-block-uagb-image__figure img{width: px;height: auto;}}@media only screen and (max-width: 767px) {.uagb-block-e6f939b3.wp-block-uagb-image .wp-block-uagb-image__figure img{width: px;height: auto;}}\";s:2:\"js\";s:0:\"\";s:18:\"current_block_list\";a:13:{i:0;s:11:\"core\/search\";i:1;s:10:\"core\/group\";i:2;s:12:\"core\/heading\";i:3;s:17:\"core\/latest-posts\";i:4;s:20:\"core\/latest-comments\";i:5;s:13:\"core\/archives\";i:6;s:15:\"core\/categories\";i:7;s:14:\"core\/paragraph\";i:8;s:10:\"uagb\/image\";i:9;s:11:\"core\/spacer\";i:10;s:30:\"woocommerce\/product-categories\";i:11;s:10:\"core\/image\";i:12;s:14:\"core\/shortcode\";}s:8:\"uag_flag\";b:1;s:11:\"uag_version\";s:10:\"1777350130\";s:6:\"gfonts\";a:0:{}s:10:\"gfonts_url\";s:0:\"\";s:12:\"gfonts_files\";a:0:{}s:14:\"uag_faq_layout\";b:0;}"]},"uagb_featured_image_src":{"full":["https:\/\/www.ferberpainting.com\/wp-content\/uploads\/2025\/05\/ZamioculcasFertilizer5L.png",2560,2560,false],"thumbnail":["https:\/\/www.ferberpainting.com\/wp-content\/uploads\/2025\/05\/ZamioculcasFertilizer5L-150x150.png",150,150,true],"medium":["https:\/\/www.ferberpainting.com\/wp-content\/uploads\/2025\/05\/ZamioculcasFertilizer5L-300x300.png",300,300,true],"medium_large":["https:\/\/www.ferberpainting.com\/wp-content\/uploads\/2025\/05\/ZamioculcasFertilizer5L-768x768.png",768,768,true],"large":["https:\/\/www.ferberpainting.com\/wp-content\/uploads\/2025\/05\/ZamioculcasFertilizer5L-1024x1024.png",1024,1024,true],"1536x1536":["https:\/\/www.ferberpainting.com\/wp-content\/uploads\/2025\/05\/ZamioculcasFertilizer5L-1536x1536.png",1536,1536,true],"2048x2048":["https:\/\/www.ferberpainting.com\/wp-content\/uploads\/2025\/05\/ZamioculcasFertilizer5L-2048x2048.png",2048,2048,true],"trp-custom-language-flag":["https:\/\/www.ferberpainting.com\/wp-content\/uploads\/2025\/05\/ZamioculcasFertilizer5L-12x12.png",12,12,true],"woocommerce_thumbnail":["https:\/\/www.ferberpainting.com\/wp-content\/uploads\/2025\/05\/ZamioculcasFertilizer5L-300x300.png",300,300,true],"woocommerce_single":["https:\/\/www.ferberpainting.com\/wp-content\/uploads\/2025\/05\/ZamioculcasFertilizer5L-600x600.png",600,600,true],"woocommerce_gallery_thumbnail":["https:\/\/www.ferberpainting.com\/wp-content\/uploads\/2025\/05\/ZamioculcasFertilizer5L-100x100.png",100,100,true]},"uagb_author_info":{"display_name":"admin","author_link":"https:\/\/www.ferberpainting.com\/sk\/author\/"},"uagb_comment_info":7,"uagb_excerpt":"A fertilizer specially designed for Zamioculcas.\u00a0Zamioculcas, also known as the ZZ plant, is a hardy indoor plant that requires adapted fertilization to maintain vibrant foliage, steady growth, and strong resistance to diseases. This fertilizer, formulated with an NPK ratio of 15-15-15, provides a balanced supply of essential nutrients, allowing Zamioculcas to develop thick foliage, strong&hellip;","_links":{"self":[{"href":"https:\/\/www.ferberpainting.com\/sk\/wp-json\/wp\/v2\/product\/25696","targetHints":{"allow":["GET"]}}],"collection":[{"href":"https:\/\/www.ferberpainting.com\/sk\/wp-json\/wp\/v2\/product"}],"about":[{"href":"https:\/\/www.ferberpainting.com\/sk\/wp-json\/wp\/v2\/types\/product"}],"replies":[{"embeddable":true,"href":"https:\/\/www.ferberpainting.com\/sk\/wp-json\/wp\/v2\/comments?post=25696"}],"version-history":[{"count":4,"href":"https:\/\/www.ferberpainting.com\/sk\/wp-json\/wp\/v2\/product\/25696\/revisions"}],"predecessor-version":[{"id":169193,"href":"https:\/\/www.ferberpainting.com\/sk\/wp-json\/wp\/v2\/product\/25696\/revisions\/169193"}],"wp:featuredmedia":[{"embeddable":true,"href":"https:\/\/www.ferberpainting.com\/sk\/wp-json\/wp\/v2\/media\/27487"}],"wp:attachment":[{"href":"https:\/\/www.ferberpainting.com\/sk\/wp-json\/wp\/v2\/media?parent=25696"}],"wp:term":[{"taxonomy":"product_brand","embeddable":true,"href":"https:\/\/www.ferberpainting.com\/sk\/wp-json\/wp\/v2\/product_brand?post=25696"},{"taxonomy":"product_cat","embeddable":true,"href":"https:\/\/www.ferberpainting.com\/sk\/wp-json\/wp\/v2\/product_cat?post=25696"},{"taxonomy":"product_tag","embeddable":true,"href":"https:\/\/www.ferberpainting.com\/sk\/wp-json\/wp\/v2\/product_tag?post=25696"}],"curies":[{"name":"wp","href":"https:\/\/api.w.org\/{rel}","templated":true}]}}