{"id":25669,"date":"2025-05-26T10:33:25","date_gmt":"2025-05-26T08:33:25","guid":{"rendered":"https:\/\/www.ferberpainting.com\/products\/wood-oil-remover\/"},"modified":"2026-02-18T09:57:04","modified_gmt":"2026-02-18T08:57:04","slug":"wood-oil-remover","status":"publish","type":"product","link":"https:\/\/www.ferberpainting.com\/sk\/products\/wood-oil-remover\/","title":{"rendered":"Odmas\u0165ova\u010d na drevo"},"content":{"rendered":"<p><strong><img decoding=\"async\" style=\"margin-right: 12px;\" src=\"https:\/\/www.ferberpainting.com\/wp-content\/uploads\/2026\/02\/Check.svg\" alt=\"\" width=\"18\" height=\"15\" \/>\u00da\u010dinne odstra\u0148uje olejov\u00e9 \u0161kvrny a zvy\u0161ky z dreven\u00fdch povrchov.<\/strong> N\u00e1\u0161 odstra\u0148ova\u010d olejov z dreva je \u0161peci\u00e1lne vyvinut\u00fd tak, aby prenikol hlboko do dreven\u00fdch vl\u00e1kien a odstr\u00e1nil usaden\u00e9 olejov\u00e9 \u0161kvrny, mastn\u00e9 stopy a zne\u010distenie sp\u00f4soben\u00e9 olejmi z n\u00e1bytku, postriekan\u00edm pri varen\u00ed, automobilov\u00fdmi kvapalinami alebo prostriedkami na \u00fadr\u017ebu. Na rozdiel od povrchov\u00fdch \u010distiacich prostriedkov, ktor\u00e9 o\u0161etruj\u00fa len povrch, toto pokro\u010dil\u00e9 zlo\u017eenie p\u00f4sob\u00ed v por\u00e9znej \u0161trukt\u00fare dreva, aby odstr\u00e1nilo a rozpustilo olejov\u00e9 usadeniny a obnovilo prirodzen\u00fd vzh\u013ead materi\u00e1lu bez po\u0161kodenia jeho integrity.<\/p>\n<p><strong><img decoding=\"async\" style=\"margin-right: 12px;\" src=\"https:\/\/www.ferberpainting.com\/wp-content\/uploads\/2026\/02\/Check.svg\" alt=\"\" width=\"18\" height=\"15\" \/>Pon\u00fakame z\u00e1ruku vr\u00e1tenia pe\u0148az\u00ed pre \u00fapln\u00fd pokoj.<\/strong> Za v\u00fdkonom n\u00e1\u0161ho odstra\u0148ova\u010da oleja z dreva si plne stoj\u00edme. Ak nebudete \u00faplne spokojn\u00ed s v\u00fdsledkami, vr\u00e1time v\u00e1m peniaze za n\u00e1kup. T\u00e1to z\u00e1ruka vr\u00e1tenia pe\u0148az\u00ed v\u00e1m umo\u017e\u0148uje pou\u017e\u00edva\u0165 v\u00fdrobok s d\u00f4verou, preto\u017ee viete, \u017ee va\u0161a invest\u00edcia je bezpe\u010dn\u00e1 a va\u0161a spokojnos\u0165 je na\u0161ou najvy\u0161\u0161ou prioritou.<\/p>\n<p><strong><img decoding=\"async\" style=\"margin-right: 12px;\" src=\"https:\/\/www.ferberpainting.com\/wp-content\/uploads\/2026\/02\/Check.svg\" alt=\"\" width=\"18\" height=\"15\" \/>Naj\u00fa\u010dinnej\u0161\u00ed roztok na odstra\u0148ovanie olejov\u00fdch \u0161kv\u0155n na dreve na trhu.<\/strong> Na\u0161e zlo\u017eenie s vysoko penetra\u010dn\u00fdmi akt\u00edvnymi l\u00e1tkami je navrhnut\u00e9 tak, aby rozkladalo aj odoln\u00e9 \u0161kvrny na b\u00e1ze oleja, ktor\u00e9 sa hlboko vsiakli do dreva. \u00da\u010dinne p\u00f4sob\u00ed na \u010derstv\u00e9 aj star\u0161ie \u0161kvrny a v\u00fdrazne prekon\u00e1va \u0161tandardn\u00e9 dom\u00e1ce odmas\u0165ova\u010de. Jeho siln\u00e9 p\u00f4sobenie zaru\u010duje vidite\u013en\u00e9 a dlhotrvaj\u00face v\u00fdsledky, v\u010faka \u010domu je naj\u00fa\u010dinnej\u0161\u00edm rie\u0161en\u00edm pre dreven\u00e9 povrchy zne\u010disten\u00e9 olejom.<\/p>\n<p><strong><img decoding=\"async\" style=\"margin-right: 12px;\" src=\"https:\/\/www.ferberpainting.com\/wp-content\/uploads\/2026\/02\/Check.svg\" alt=\"\" width=\"18\" height=\"15\" \/>Najlacnej\u0161\u00ed dostupn\u00fd profesion\u00e1lny odstra\u0148ova\u010d oleja.<\/strong> Vysoko\u00fa\u010dinn\u00e9 \u010distenie nemus\u00ed by\u0165 drah\u00e9. Pon\u00fakame najv\u00fdhodnej\u0161ie ceny pri zachovan\u00ed profesion\u00e1lnej kvality. Optimaliz\u00e1ciou v\u00fdrobn\u00fdch a distribu\u010dn\u00fdch procesov poskytujeme prvotriedny odstra\u0148ova\u010d olejov z dreva za najni\u017e\u0161iu cenu v porovnan\u00ed s podobn\u00fdmi v\u00fdrobkami, \u010do prin\u00e1\u0161a vynikaj\u00facu hodnotu pre majite\u013eov domov aj profesion\u00e1lov.<\/p>\n<p><strong><img decoding=\"async\" style=\"margin-right: 12px;\" src=\"https:\/\/www.ferberpainting.com\/wp-content\/uploads\/2026\/02\/Check.svg\" alt=\"\" width=\"18\" height=\"15\" \/>Garantovan\u00e9 doru\u010denie do 24 hod\u00edn pre okam\u017eit\u00fa akciu.<\/strong> Olejov\u00e9 \u0161kvrny by sa mali o\u0161etri\u0165 \u010do najr\u00fdchlej\u0161ie, aby sa zabr\u00e1nilo ich hlb\u0161iemu preniknutiu. Preto pon\u00fakame spo\u013eahliv\u00e9 24-hodinov\u00e9 doru\u010denie, ktor\u00e9 zabezpe\u010d\u00ed, \u017ee v\u00e1\u0161 odstra\u0148ova\u010d olejov\u00fdch \u0161kv\u0155n z dreva doraz\u00ed r\u00fdchlo a bude pripraven\u00fd na okam\u017eit\u00fa aplik\u00e1ciu. R\u00fdchla dod\u00e1vka v\u00e1m pom\u00f4\u017ee obnovi\u0165 va\u0161e dreven\u00e9 povrchy bez zbyto\u010dn\u00e9ho odkladu.<\/p>\n<p><strong><img decoding=\"async\" style=\"margin-right: 12px;\" src=\"https:\/\/www.ferberpainting.com\/wp-content\/uploads\/2026\/02\/Check.svg\" alt=\"\" width=\"18\" height=\"15\" \/>Efekt\u00edvne pokrytie a\u017e 10 m\u00b2 na liter na presn\u00e9 pl\u00e1novanie.<\/strong> Jeden liter v\u00fdrobku o\u0161etr\u00ed a\u017e 10 metrov \u0161tvorcov\u00fdch v z\u00e1vislosti od \u00farovne zne\u010distenia a p\u00f3rovitosti dreva. T\u00e1to jasn\u00e1 miera pokrytia umo\u017e\u0148uje presn\u00fd odhad materi\u00e1lu a kontrolu n\u00e1kladov pri zabezpe\u010den\u00ed dostato\u010dnej aplik\u00e1cie na optim\u00e1lne odstr\u00e1nenie \u0161kv\u0155n.<\/p>\n<p><strong><img decoding=\"async\" style=\"margin-right: 12px;\" src=\"https:\/\/www.ferberpainting.com\/wp-content\/uploads\/2026\/02\/Check.svg\" alt=\"\" width=\"18\" height=\"15\" \/>Obnovuje prirodzen\u00fd vzh\u013ead dreva bez drsn\u00e9ho oderu.<\/strong> Namiesto agres\u00edvneho br\u00fasenia alebo \u0161krabania odstra\u0148ova\u010d oleja p\u00f4sob\u00ed chemicky a odstra\u0148uje mastnotu a olej z vn\u00fatra vl\u00e1kien. T\u00fdm sa zni\u017euje potreba n\u00e1ro\u010dn\u00fdch mechanick\u00fdch z\u00e1sahov a pom\u00e1ha sa zachova\u0165 p\u00f4vodn\u00e1 \u0161trukt\u00fara a \u0161trukt\u00fara dreva.<\/p>\n<p><strong><img decoding=\"async\" style=\"margin-right: 12px;\" src=\"https:\/\/www.ferberpainting.com\/wp-content\/uploads\/2026\/02\/Check.svg\" alt=\"\" width=\"18\" height=\"15\" \/>Pripravuje povrchy na renov\u00e1ciu alebo o\u0161etrenie.<\/strong> Po odstr\u00e1nen\u00ed oleja je povrch dreva \u010dist\u00fd a pr\u00edstupn\u00fd \u010fal\u0161\u00edm \u00faprav\u00e1m, ako je farbenie, lakovanie, tmelenie alebo ma\u013eovanie. Spr\u00e1vna pr\u00edprava zabezpe\u010d\u00ed lep\u0161iu pri\u013enavos\u0165 a dlh\u0161ie trvaj\u00face v\u00fdsledky povrchovej \u00fapravy.<\/p>\n<p><strong><img decoding=\"async\" style=\"margin-right: 12px;\" src=\"https:\/\/www.ferberpainting.com\/wp-content\/uploads\/2026\/02\/Check.svg\" alt=\"\" width=\"18\" height=\"15\" \/>Vhodn\u00e9 pre r\u00f4zne druhy dreva a pou\u017eitia.<\/strong> V\u00fdrobok mo\u017eno pou\u017ei\u0165 na tvrd\u00e9 a m\u00e4kk\u00e9 drevo, palubovky, podlahy, n\u00e1bytok, dvere a dreven\u00e9 panely. Pri aplik\u00e1cii pod\u013ea n\u00e1vodu sa prisp\u00f4sob\u00ed dreven\u00fdm povrchom v interi\u00e9ri aj exteri\u00e9ri.<\/p>\n<p><strong><img decoding=\"async\" style=\"margin-right: 12px;\" src=\"https:\/\/www.ferberpainting.com\/wp-content\/uploads\/2026\/02\/Check.svg\" alt=\"\" width=\"18\" height=\"15\" \/>Jednoduch\u00e1 aplik\u00e1cia pre profesion\u00e1lov aj dom\u00e1cich majstrov.<\/strong> Odstra\u0148ova\u010d oleja na drevo je navrhnut\u00fd pre v\u00e4\u010d\u0161ie pohodlie a mo\u017eno ho nan\u00e1\u0161a\u0165 \u0161tetcom alebo handri\u010dkou. Jeho zvl\u00e1dnute\u013en\u00e1 konzistencia umo\u017e\u0148uje cielen\u00e9 o\u0161etrenie zafarben\u00fdch miest a z\u00e1rove\u0148 zabezpe\u010duje rovnomern\u00e9 prenikanie a \u00fa\u010dinn\u00e9 \u010distenie.<\/p>\n<h2><strong>Pokyny<\/strong><\/h2>\n<ul>\n<li>Pred aplik\u00e1ciou sa uistite, \u017ee je povrch dreva such\u00fd a zbaven\u00fd vo\u013en\u00e9ho prachu a ne\u010dist\u00f4t.<\/li>\n<li>Pred pou\u017eit\u00edm v\u00fdrobok d\u00f4kladne pretrepte alebo premie\u0161ajte.<\/li>\n<li>Pomocou \u0161tetca alebo handri\u010dky naneste na zafarben\u00e9 miesto hojne odstra\u0148ova\u010da oleja na drevo.<\/li>\n<li>Odpor\u00fa\u010dan\u00e9 d\u00e1vkovanie je pribli\u017ene 100 ml na meter \u0161tvorcov\u00fd, preto\u017ee jeden liter o\u0161etr\u00ed a\u017e 10 m\u00b2. V pr\u00edpade silne nas\u00fdten\u00fdch pl\u00f4ch mierne zv\u00fd\u0161te mno\u017estvo.<\/li>\n<li>V z\u00e1vislosti od h\u013abky moridla nechajte v\u00fdrobok 15 a\u017e 30 min\u00fat prenikn\u00fa\u0165 do vl\u00e1kien dreva.<\/li>\n<li>V pr\u00edpade odoln\u00fdch \u0161kv\u0155n povrch jemne vydrhnite m\u00e4kkou alebo stredne tvrdou kefou v smere vl\u00e1kien dreva.<\/li>\n<li>Prebyto\u010dn\u00fd produkt a rozpusten\u00e9 zvy\u0161ky utrite \u010distou savou handri\u010dkou.<\/li>\n<li>V pr\u00edpade potreby povrch \u013eahko opl\u00e1chnite \u010distou vodou a nechajte ho \u00faplne vyschn\u00fa\u0165.<\/li>\n<li>V pr\u00edpade hlbok\u00fdch alebo star\u00fdch olejov\u00fdch \u0161kv\u0155n postup opakujte, k\u00fdm nedosiahnete po\u017eadovan\u00fd v\u00fdsledok.<\/li>\n<li>Po \u00faplnom vyschnut\u00ed, ak je to potrebn\u00e9, pred nanesen\u00edm ak\u00e9hoko\u013evek dokon\u010dovacieho v\u00fdrobku povrch z\u013eahka prebr\u00faste, aby bol hladk\u00fd.<\/li>\n<li>N\u00e1stroje \u010distite ihne\u010f po pou\u017eit\u00ed pod\u013ea odpor\u00fa\u010dan\u00ed v\u00fdrobku.<\/li>\n<li>N\u00e1dobu skladujte tesne uzavret\u00fa na chladnom a suchom mieste, chr\u00e1nen\u00fa pred mrazom a priamym slne\u010dn\u00fdm \u017eiaren\u00edm.<\/li>\n<li>Uchov\u00e1vajte mimo dosahu det\u00ed a pri manipul\u00e1cii a aplik\u00e1cii dodr\u017eiavajte \u0161tandardn\u00e9 bezpe\u010dnostn\u00e9 opatrenia.<\/li>\n<\/ul>","protected":false},"excerpt":{"rendered":"<p>Effectively remove oil stains and residues from wood surfaces. Our wood oil remover is specially formulated to penetrate deep into wooden fibers and extract embedded oil stains, grease marks, and contamination caused by furniture oils, cooking splashes, automotive fluids, or maintenance products. Unlike superficial cleaners that only treat the surface, this advanced formula works within [&hellip;]<\/p>\n","protected":false},"featured_media":27468,"comment_status":"open","ping_status":"closed","template":"","meta":{"_uag_custom_page_level_css":"","site-sidebar-layout":"default","site-content-layout":"","ast-site-content-layout":"default","site-content-style":"default","site-sidebar-style":"default","ast-global-header-display":"","ast-banner-title-visibility":"","ast-main-header-display":"","ast-hfb-above-header-display":"","ast-hfb-below-header-display":"","ast-hfb-mobile-header-display":"","site-post-title":"","ast-breadcrumbs-content":"","ast-featured-img":"","footer-sml-layout":"","ast-disable-related-posts":"","theme-transparent-header-meta":"default","adv-header-id-meta":"","stick-header-meta":"","header-above-stick-meta":"","header-main-stick-meta":"","header-below-stick-meta":"","astra-migrate-meta-layouts":"set","ast-page-background-enabled":"default","ast-page-background-meta":{"desktop":{"background-color":"var(--ast-global-color-4)","background-image":"","background-repeat":"repeat","background-position":"center center","background-size":"auto","background-attachment":"scroll","background-type":"","background-media":"","overlay-type":"","overlay-color":"","overlay-opacity":"","overlay-gradient":""},"tablet":{"background-color":"","background-image":"","background-repeat":"repeat","background-position":"center center","background-size":"auto","background-attachment":"scroll","background-type":"","background-media":"","overlay-type":"","overlay-color":"","overlay-opacity":"","overlay-gradient":""},"mobile":{"background-color":"","background-image":"","background-repeat":"repeat","background-position":"center center","background-size":"auto","background-attachment":"scroll","background-type":"","background-media":"","overlay-type":"","overlay-color":"","overlay-opacity":"","overlay-gradient":""}},"ast-content-background-meta":{"desktop":{"background-color":"var(--ast-global-color-5)","background-image":"","background-repeat":"repeat","background-position":"center center","background-size":"auto","background-attachment":"scroll","background-type":"","background-media":"","overlay-type":"","overlay-color":"","overlay-opacity":"","overlay-gradient":""},"tablet":{"background-color":"var(--ast-global-color-5)","background-image":"","background-repeat":"repeat","background-position":"center center","background-size":"auto","background-attachment":"scroll","background-type":"","background-media":"","overlay-type":"","overlay-color":"","overlay-opacity":"","overlay-gradient":""},"mobile":{"background-color":"var(--ast-global-color-5)","background-image":"","background-repeat":"repeat","background-position":"center center","background-size":"auto","background-attachment":"scroll","background-type":"","background-media":"","overlay-type":"","overlay-color":"","overlay-opacity":"","overlay-gradient":""}}},"product_brand":[],"product_cat":[175,193],"product_tag":[],"class_list":{"0":"post-25669","1":"product","2":"type-product","3":"status-publish","4":"has-post-thumbnail","6":"product_cat-cleaning-products","7":"product_cat-wood-treatment","8":"desktop-align-left","9":"tablet-align-left","10":"mobile-align-left","12":"first","13":"instock","14":"sale","15":"shipping-taxable","16":"purchasable","17":"product-type-variable","18":"has-default-attributes"},"spectra_custom_meta":{"_visibility":["visible"],"_shopify_product_id":["8050147983605"],"_s2w_shopify_domain":["ferberpainting.myshopify.com"],"_shopify_variant_id":["43843146580213"],"_sku":[""],"_manage_stock":["no"],"total_sales":["10"],"_tax_status":["taxable"],"_tax_class":[""],"_backorders":["no"],"_sold_individually":["no"],"_virtual":["no"],"_downloadable":["no"],"_download_limit":["-1"],"_download_expiry":["-1"],"_stock":[null],"_stock_status":["instock"],"_wc_average_rating":["4.98"],"_wc_review_count":["66"],"_product_attributes":["a:1:{s:6:\"volume\";a:6:{s:4:\"name\";s:6:\"Volume\";s:5:\"value\";s:20:\"5 liters | 25 liters\";s:8:\"position\";i:1;s:10:\"is_visible\";i:0;s:12:\"is_variation\";i:1;s:11:\"is_taxonomy\";i:0;}}"],"_product_version":["10.5.2"],"_thumbnail_id":["27468"],"_price":["29.90","129.90"],"_product_image_gallery":["27469"],"_edit_lock":["1771404887:1"],"merchant-center-availability":["yes"],"merchant-center-category":["2277"],"merchant-center-id":["DSHB5L"],"wpse_downloadable_file_names":[""],"wpse_downloadable_file_urls":[""],"_edit_last":["1"],"_default_attributes":["a:1:{s:6:\"volume\";s:8:\"5 liters\";}"],"_wc_rating_count":["a:2:{i:4;i:1;i:5;i:65;}"],"_wp_page_template":["default"],"site-sidebar-layout":["default"],"ast-site-content-layout":["default"],"site-content-style":["default"],"site-sidebar-style":["default"],"theme-transparent-header-meta":["default"],"astra-migrate-meta-layouts":["set"],"_uag_css_file_name":["uag-css-25669.css"],"_elementor_page_assets":["a:0:{}"]},"uagb_featured_image_src":{"full":["https:\/\/www.ferberpainting.com\/wp-content\/uploads\/2025\/05\/Deshuileurbois5L.jpg",2560,2560,false],"thumbnail":["https:\/\/www.ferberpainting.com\/wp-content\/uploads\/2025\/05\/Deshuileurbois5L-150x150.jpg",150,150,true],"medium":["https:\/\/www.ferberpainting.com\/wp-content\/uploads\/2025\/05\/Deshuileurbois5L-300x300.jpg",300,300,true],"medium_large":["https:\/\/www.ferberpainting.com\/wp-content\/uploads\/2025\/05\/Deshuileurbois5L-768x768.jpg",768,768,true],"large":["https:\/\/www.ferberpainting.com\/wp-content\/uploads\/2025\/05\/Deshuileurbois5L-1024x1024.jpg",1024,1024,true],"1536x1536":["https:\/\/www.ferberpainting.com\/wp-content\/uploads\/2025\/05\/Deshuileurbois5L-1536x1536.jpg",1536,1536,true],"2048x2048":["https:\/\/www.ferberpainting.com\/wp-content\/uploads\/2025\/05\/Deshuileurbois5L-2048x2048.jpg",2048,2048,true],"trp-custom-language-flag":["https:\/\/www.ferberpainting.com\/wp-content\/uploads\/2025\/05\/Deshuileurbois5L-12x12.jpg",12,12,true],"woocommerce_thumbnail":["https:\/\/www.ferberpainting.com\/wp-content\/uploads\/2025\/05\/Deshuileurbois5L-300x300.jpg",300,300,true],"woocommerce_single":["https:\/\/www.ferberpainting.com\/wp-content\/uploads\/2025\/05\/Deshuileurbois5L-600x600.jpg",600,600,true],"woocommerce_gallery_thumbnail":["https:\/\/www.ferberpainting.com\/wp-content\/uploads\/2025\/05\/Deshuileurbois5L-100x100.jpg",100,100,true]},"uagb_author_info":{"display_name":"admin","author_link":"https:\/\/www.ferberpainting.com\/sk\/author\/"},"uagb_comment_info":66,"uagb_excerpt":"Effectively remove oil stains and residues from wood surfaces. Our wood oil remover is specially formulated to penetrate deep into wooden fibers and extract embedded oil stains, grease marks, and contamination caused by furniture oils, cooking splashes, automotive fluids, or maintenance products. Unlike superficial cleaners that only treat the surface, this advanced formula works within&hellip;","_links":{"self":[{"href":"https:\/\/www.ferberpainting.com\/sk\/wp-json\/wp\/v2\/product\/25669","targetHints":{"allow":["GET"]}}],"collection":[{"href":"https:\/\/www.ferberpainting.com\/sk\/wp-json\/wp\/v2\/product"}],"about":[{"href":"https:\/\/www.ferberpainting.com\/sk\/wp-json\/wp\/v2\/types\/product"}],"replies":[{"embeddable":true,"href":"https:\/\/www.ferberpainting.com\/sk\/wp-json\/wp\/v2\/comments?post=25669"}],"version-history":[{"count":3,"href":"https:\/\/www.ferberpainting.com\/sk\/wp-json\/wp\/v2\/product\/25669\/revisions"}],"predecessor-version":[{"id":169160,"href":"https:\/\/www.ferberpainting.com\/sk\/wp-json\/wp\/v2\/product\/25669\/revisions\/169160"}],"wp:featuredmedia":[{"embeddable":true,"href":"https:\/\/www.ferberpainting.com\/sk\/wp-json\/wp\/v2\/media\/27468"}],"wp:attachment":[{"href":"https:\/\/www.ferberpainting.com\/sk\/wp-json\/wp\/v2\/media?parent=25669"}],"wp:term":[{"taxonomy":"product_brand","embeddable":true,"href":"https:\/\/www.ferberpainting.com\/sk\/wp-json\/wp\/v2\/product_brand?post=25669"},{"taxonomy":"product_cat","embeddable":true,"href":"https:\/\/www.ferberpainting.com\/sk\/wp-json\/wp\/v2\/product_cat?post=25669"},{"taxonomy":"product_tag","embeddable":true,"href":"https:\/\/www.ferberpainting.com\/sk\/wp-json\/wp\/v2\/product_tag?post=25669"}],"curies":[{"name":"wp","href":"https:\/\/api.w.org\/{rel}","templated":true}]}}