{"id":25639,"date":"2025-05-26T10:32:59","date_gmt":"2025-05-26T08:32:59","guid":{"rendered":"https:\/\/www.ferberpainting.com\/products\/water-lily-fertilizer\/"},"modified":"2026-02-17T20:57:37","modified_gmt":"2026-02-17T19:57:37","slug":"water-lily-fertilizer","status":"publish","type":"product","link":"https:\/\/www.ferberpainting.com\/sk\/products\/water-lily-fertilizer\/","title":{"rendered":"Hnojivo pre lekn\u00e1 25 kg"},"content":{"rendered":"<p><strong><img decoding=\"async\" style=\"margin-right: 12px;\" src=\"https:\/\/www.ferberpainting.com\/wp-content\/uploads\/2026\/02\/Check.svg\" alt=\"\" width=\"18\" height=\"15\" \/>Hnojivo \u0161peci\u00e1lne navrhnut\u00e9 pre bohat\u00e9 kvitnutie a svie\u017ee olistenie.<\/strong>\u00a0Lekn\u00e1 je symbolick\u00e1 vodn\u00e1 rastlina, ktor\u00e1 je cenen\u00e1 pre svoje n\u00e1dhern\u00e9 pl\u00e1vaj\u00face kvety a elegantn\u00e9 listy. Na zabezpe\u010denie bohat\u00e9ho kvitnutia a optim\u00e1lneho v\u00fdvoja je nevyhnutn\u00e9 zabezpe\u010di\u0165 jej vhodn\u00fa v\u00fd\u017eivu. Toto hnojivo NPK 10-10-10 pon\u00faka vyv\u00e1\u017een\u00fd pr\u00edsun \u017eiv\u00edn s dus\u00edkom (N) na stimul\u00e1ciu rastu listov, fosforom (P) na podporu rozvoja kore\u0148ov a kvetov a drasl\u00edkom (K) na posilnenie odolnosti rastl\u00edn a zlep\u0161enie ich vitality. V\u010faka tomuto hnojivu bud\u00fa va\u0161e lekn\u00e1 vytv\u00e1ra\u0165 viac kvetov, bud\u00fa ma\u0165 zelen\u0161ie listy a zostan\u00fa v lep\u0161om zdravotnom stave po\u010das celej sez\u00f3ny.<\/p>\n<p><strong><img decoding=\"async\" style=\"margin-right: 12px;\" src=\"https:\/\/www.ferberpainting.com\/wp-content\/uploads\/2026\/02\/Check.svg\" alt=\"\" width=\"18\" height=\"15\" \/>Z\u00e1ruka vr\u00e1tenia pe\u0148az\u00ed.<\/strong>\u00a0Sme absol\u00fatne presved\u010den\u00ed o \u00fa\u010dinnosti n\u00e1\u0161ho hnojiva na lekn\u00e1, preto pon\u00fakame z\u00e1ruku vr\u00e1tenia pe\u0148az\u00ed. Ak po spr\u00e1vnom pou\u017eit\u00ed pod\u013ea na\u0161ich odpor\u00fa\u010dan\u00ed va\u0161a rastlina nevykazuje \u017eiadne vidite\u013en\u00e9 zlep\u0161enie v kvitnut\u00ed, olisten\u00ed alebo vitalite, vr\u00e1time v\u00e1m peniaze v plnej v\u00fd\u0161ke. Svoje jazierko m\u00f4\u017eete hnoji\u0165 s \u00fapln\u00fdm pokojom.<\/p>\n<p><strong><img decoding=\"async\" style=\"margin-right: 12px;\" src=\"https:\/\/www.ferberpainting.com\/wp-content\/uploads\/2026\/02\/Check.svg\" alt=\"\" width=\"18\" height=\"15\" \/>Vhodn\u00e9 pre v\u0161etky druhy a v\u0161etky typy rybn\u00edkov.<\/strong>\u00a0Toto hnojivo je vhodn\u00e9 pre v\u0161etky odrody lekn\u00ednov, \u010di u\u017e ide o odoln\u00e9, tropick\u00e9 alebo miniat\u00farne lekn\u00e1. Je \u00fa\u010dinn\u00e9 v pr\u00edrodn\u00fdch jazierkach, okrasn\u00fdch rybn\u00edkoch, jazer\u00e1ch alebo dokonca vo ve\u013ek\u00fdch n\u00e1dob\u00e1ch, \u010d\u00edm zabezpe\u010duje optim\u00e1lne hnojenie vo v\u0161etk\u00fdch vodn\u00fdch prostrediach. Je tie\u017e kompatibiln\u00fd so v\u0161etk\u00fdmi typmi vodn\u00fdch substr\u00e1tov, ako je \u00edlovit\u00e1 p\u00f4da, vodn\u00e1 zmes do kvetin\u00e1\u010dov alebo piesok, v\u010faka \u010domu sa \u013eahko pou\u017e\u00edva bez oh\u013eadu na prostredie v\u00fdsadby.<\/p>\n<p><strong><img decoding=\"async\" style=\"margin-right: 12px;\" src=\"https:\/\/www.ferberpainting.com\/wp-content\/uploads\/2026\/02\/Check.svg\" alt=\"\" width=\"18\" height=\"15\" \/>Cenovo v\u00fdhodn\u00fd v\u00fdnos a dlhotrvaj\u00face hnojenie.<\/strong>\u00a0V\u010faka zlo\u017eeniu rozpustn\u00e9mu vo vode toto hnojivo postupne uvo\u013e\u0148uje \u017eiviny, \u010d\u00edm zabezpe\u010duje dlhodob\u00e9 hnojenie po\u010das nieko\u013ek\u00fdch t\u00fd\u017ed\u0148ov. Vrecko s hmotnos\u0165ou 25 kg dok\u00e1\u017ee po\u010das celej sez\u00f3ny nak\u0155mi\u0165 viacero vodn\u00fdch \u013eali\u00ed, \u010do pon\u00faka vynikaj\u00faci pomer ceny a kvality. S odpor\u00fa\u010danou d\u00e1vkou 100 g na rastlinu zabezpe\u010duje konzistentn\u00fd pr\u00edsun \u017eiv\u00edn, \u010d\u00edm podporuje pravideln\u00e9 a nepretr\u017eit\u00e9 kvitnutie bez plytvania.<\/p>\n<p><strong><img decoding=\"async\" style=\"margin-right: 12px;\" src=\"https:\/\/www.ferberpainting.com\/wp-content\/uploads\/2026\/02\/Check.svg\" alt=\"\" width=\"18\" height=\"15\" \/>Hnojivo ur\u010den\u00e9 na ochranu vodnej fauny a ekosyst\u00e9mu rybn\u00edka. <\/strong>Toto hnojivo je \u0161peci\u00e1lne navrhnut\u00e9 na pou\u017eitie vo vodnom prostred\u00ed, nezne\u010dis\u0165uje vodu a je bezpe\u010dn\u00e9 pre ryby, oboj\u017eiveln\u00edky a vodn\u00fd hmyz. Podporuje rast rastl\u00edn bez naru\u0161enia ekosyst\u00e9mu jazierka, \u010d\u00edm zabezpe\u010duje harmonick\u00e9 a udr\u017eate\u013en\u00e9 vodn\u00e9 prostredie. Jeho zlo\u017eenie tie\u017e pom\u00e1ha udr\u017eiava\u0165 kvalitu vody t\u00fdm, \u017ee zabra\u0148uje javom eutrofiz\u00e1cie, ktor\u00e9 by mohli vies\u0165 k v\u00fdskytu ne\u017eiaducich rias.<\/p>\n<p><strong><img decoding=\"async\" style=\"margin-right: 12px;\" src=\"https:\/\/www.ferberpainting.com\/wp-content\/uploads\/2026\/02\/Check.svg\" alt=\"\" width=\"18\" height=\"15\" \/>Jednoduch\u00e1 aplik\u00e1cia a hnojenie bez n\u00e1mahy.<\/strong>\u00a0Na rozdiel od kvapaln\u00fdch hnoj\u00edv, ktor\u00e9 si vy\u017eaduj\u00fa rozp\u00fa\u0161\u0165anie a \u010dast\u00fa aplik\u00e1ciu, toto hnojivo je v pevnej forme a umiest\u0148uje sa priamo do substr\u00e1tu na v\u00fdsadbu, \u010d\u00edm sa zabezpe\u010d\u00ed postupn\u00e9 a homog\u00e9nne uvo\u013e\u0148ovanie \u017eiv\u00edn. Jeho pou\u017e\u00edvanie je jednoduch\u00e9 a dostupn\u00e9 pre za\u010diato\u010dn\u00edkov aj sk\u00fasen\u00fdch vodn\u00fdch z\u00e1hradk\u00e1rov. Sta\u010d\u00ed ho umiestni\u0165 ku kore\u0148om lekna, aby ste dosiahli \u00fa\u010dinn\u00e9 v\u00fdsledky po\u010das nieko\u013ek\u00fdch t\u00fd\u017ed\u0148ov.<\/p>\n<p><strong><img decoding=\"async\" style=\"margin-right: 12px;\" src=\"https:\/\/www.ferberpainting.com\/wp-content\/uploads\/2026\/02\/Check.svg\" alt=\"\" width=\"18\" height=\"15\" \/>Dlhotrvaj\u00faci \u00fa\u010dinok pre nepretr\u017eit\u00e9 kvitnutie a lep\u0161iu odolnos\u0165 rastl\u00edn.<\/strong>\u00a0V\u010faka zlo\u017eeniu s postupn\u00fdm uvo\u013e\u0148ovan\u00edm zabezpe\u010duje toto hnojivo st\u00e1ly pr\u00edsun \u017eiv\u00edn, \u010do umo\u017e\u0148uje vodn\u00fdm \u013eali\u00e1m kvitn\u00fa\u0165 nepretr\u017eite a bohato po\u010das celej letnej sez\u00f3ny. Posil\u0148uje odolnos\u0165 rastl\u00edn vo\u010di \u0161kodcom a chorob\u00e1m, \u010d\u00edm zabezpe\u010duje mohutnej\u0161ie olistenie a intenz\u00edvny rast.<\/p>\n<p><strong><img decoding=\"async\" style=\"margin-right: 12px;\" src=\"https:\/\/www.ferberpainting.com\/wp-content\/uploads\/2026\/02\/Check.svg\" alt=\"\" width=\"18\" height=\"15\" \/>Vidite\u013en\u00e9 v\u00fdsledky v priebehu prv\u00fdch t\u00fd\u017ed\u0148ov.<\/strong>\u00a0U\u017e po prvej aplik\u00e1cii zaznamen\u00e1te v\u00fdrazn\u00e9 zlep\u0161enie vo v\u00fdvoji listov a kvetov. Vodn\u00e9 \u013ealie rast\u00fa r\u00fdchlej\u0161ie, vytv\u00e1raj\u00fa bohat\u0161ie listy a \u017eiariv\u00e9 kvety v r\u00f4znych farb\u00e1ch, \u010do prin\u00e1\u0161a do v\u00e1\u0161ho jazierka v\u00fdnimo\u010dn\u00fa kr\u00e1su.<\/p>\n<h2><strong>N\u00e1vod na pou\u017eitie<\/strong><\/h2>\n<p><strong>Odpor\u00fa\u010dan\u00e9 d\u00e1vkovanie <\/strong>: Na jednu rastlinu aplikujte 100 g hnojiva v z\u00e1vislosti od ve\u013ekosti a veku lekna. V pr\u00edpade mlad\u00fdch rastl\u00edn zn\u00ed\u017ete d\u00e1vku na 50 g, aby ste zabr\u00e1nili nadmern\u00e9mu vstreb\u00e1vaniu \u017eiv\u00edn.<\/p>\n<p><strong>Sp\u00f4sob pou\u017eitia :<\/strong><\/p>\n<ul>\n<li><strong>Za\u010dlenenie do substr\u00e1tu <\/strong>: Hnojivo v granulovanej forme umiestnite priamo na dno n\u00e1doby na sadenie a z\u013eahka ho zakopte do p\u00f4dy, aby sa nerozpt\u00fdlilo do vody.<\/li>\n<li><strong>Po\u010das pres\u00e1dzania <\/strong>: Pri v\u00fdsadbe riz\u00f3mov zmie\u0161ajte hnojivo s vodnou p\u00f4dou, aby ste zabezpe\u010dili okam\u017eit\u00e9 a dlhodob\u00e9 z\u00e1sobovanie v\u00fd\u017eivou.<\/li>\n<li><strong>Obnovenie \u017eiadosti <\/strong>: Po\u010das vegeta\u010dn\u00e9ho obdobia prid\u00e1vajte nov\u00fa d\u00e1vku ka\u017ed\u00fdch 6 a\u017e 8 t\u00fd\u017ed\u0148ov, aby ste udr\u017eali nepretr\u017eit\u00e9 kvitnutie.<\/li>\n<\/ul>\n<p><strong>Frekvencia aplik\u00e1cie <\/strong>:<\/p>\n<ul>\n<li><strong>Po\u010das obdobia rastu a kvitnutia (jar-leto) <\/strong>: Hnojivo aplikujte ka\u017ed\u00fdch 6 t\u00fd\u017ed\u0148ov, aby ste podporili r\u00fdchly rast a bohat\u00e9 kvitnutie.<\/li>\n<li><strong>Po\u010das obdobia vegeta\u010dn\u00e9ho pokoja (jese\u0148 - zima) <\/strong>: Zastavte hnojenie a nechajte rastlinu prejs\u0165 do prirodzen\u00e9ho pokoja.<\/li>\n<\/ul>\n<p><strong>Bezpe\u010dnostn\u00e9 opatrenia pri pou\u017e\u00edvan\u00ed <\/strong>: Nepred\u00e1vkujte hnojivo, aby ste zabr\u00e1nili nadmern\u00e9mu hromadeniu \u017eiv\u00edn vo vode, ktor\u00e9 by mohlo naru\u0161i\u0165 rovnov\u00e1hu ekosyst\u00e9mu jazierka. Aplikujte len v priamom kontakte so substr\u00e1tom a nie na vodn\u00fa hladinu.<\/p>\n<p><strong>Skladovanie a uchov\u00e1vanie <\/strong>: Hnojivo skladujte na suchom mieste, mimo dosahu vlhkosti a extr\u00e9mnych tepl\u00f4t. Po ka\u017edom pou\u017eit\u00ed vrecko starostlivo uzavrite, aby ste zachovali jeho \u00fa\u010dinnos\u0165 a zabr\u00e1nili n\u00e1hodn\u00e9mu rozpt\u00fdleniu.<\/p>\n<p>S t\u00fdmto hnojivom pre lekn\u00e1 pon\u00faknete svojim vodn\u00fdm rastlin\u00e1m kompletn\u00fa v\u00fd\u017eivu dokonale prisp\u00f4soben\u00fa ich \u0161pecifick\u00fdm potreb\u00e1m. Zabezpe\u010d\u00ed ve\u013ekolep\u00e9 kvitnutie, \u017eiariv\u00e9 listy a lep\u0161iu odolnos\u0165 vo\u010di podmienkam prostredia. Je ide\u00e1lnym rie\u0161en\u00edm na skr\u00e1\u0161lenie v\u00e1\u0161ho jazierka bujn\u00fdmi a zdrav\u00fdmi leknami po\u010das celej sez\u00f3ny.<\/p>","protected":false},"excerpt":{"rendered":"<p>A fertilizer specially designed for abundant flowering and lush foliage.\u00a0The water lily is a symbolic aquatic plant, prized for its magnificent floating flowers and elegant foliage. To ensure abundant flowering and optimal development, it is essential to provide it with suitable nutrition. This NPK 10-10-10 fertilizer offers a balanced supply of nutrients, with nitrogen (N) [&hellip;]<\/p>\n","protected":false},"featured_media":27445,"comment_status":"open","ping_status":"closed","template":"","meta":{"_uag_custom_page_level_css":"","site-sidebar-layout":"default","site-content-layout":"","ast-site-content-layout":"default","site-content-style":"default","site-sidebar-style":"default","ast-global-header-display":"","ast-banner-title-visibility":"","ast-main-header-display":"","ast-hfb-above-header-display":"","ast-hfb-below-header-display":"","ast-hfb-mobile-header-display":"","site-post-title":"","ast-breadcrumbs-content":"","ast-featured-img":"","footer-sml-layout":"","ast-disable-related-posts":"","theme-transparent-header-meta":"default","adv-header-id-meta":"","stick-header-meta":"","header-above-stick-meta":"","header-main-stick-meta":"","header-below-stick-meta":"","astra-migrate-meta-layouts":"set","ast-page-background-enabled":"default","ast-page-background-meta":{"desktop":{"background-color":"var(--ast-global-color-4)","background-image":"","background-repeat":"repeat","background-position":"center center","background-size":"auto","background-attachment":"scroll","background-type":"","background-media":"","overlay-type":"","overlay-color":"","overlay-opacity":"","overlay-gradient":""},"tablet":{"background-color":"","background-image":"","background-repeat":"repeat","background-position":"center center","background-size":"auto","background-attachment":"scroll","background-type":"","background-media":"","overlay-type":"","overlay-color":"","overlay-opacity":"","overlay-gradient":""},"mobile":{"background-color":"","background-image":"","background-repeat":"repeat","background-position":"center center","background-size":"auto","background-attachment":"scroll","background-type":"","background-media":"","overlay-type":"","overlay-color":"","overlay-opacity":"","overlay-gradient":""}},"ast-content-background-meta":{"desktop":{"background-color":"var(--ast-global-color-5)","background-image":"","background-repeat":"repeat","background-position":"center center","background-size":"auto","background-attachment":"scroll","background-type":"","background-media":"","overlay-type":"","overlay-color":"","overlay-opacity":"","overlay-gradient":""},"tablet":{"background-color":"var(--ast-global-color-5)","background-image":"","background-repeat":"repeat","background-position":"center center","background-size":"auto","background-attachment":"scroll","background-type":"","background-media":"","overlay-type":"","overlay-color":"","overlay-opacity":"","overlay-gradient":""},"mobile":{"background-color":"var(--ast-global-color-5)","background-image":"","background-repeat":"repeat","background-position":"center center","background-size":"auto","background-attachment":"scroll","background-type":"","background-media":"","overlay-type":"","overlay-color":"","overlay-opacity":"","overlay-gradient":""}}},"product_brand":[],"product_cat":[178],"product_tag":[],"class_list":{"0":"post-25639","1":"product","2":"type-product","3":"status-publish","4":"has-post-thumbnail","6":"product_cat-fertilizers","7":"desktop-align-left","8":"tablet-align-left","9":"mobile-align-left","11":"first","12":"instock","13":"taxable","14":"shipping-taxable","15":"purchasable","16":"product-type-simple"},"spectra_custom_meta":{"_visibility":["visible"],"_shopify_product_id":["9067983438069"],"_s2w_shopify_domain":["ferberpainting.myshopify.com"],"_shopify_variant_id":["46509725942005"],"_sku":["FPWATERLILYFERTILIZER25KG"],"_regular_price":["39.90"],"_price":["39.90"],"_sale_price":[""],"_weight":["18.5"],"_thumbnail_id":["27445"],"_global_unique_id":["5056773817555"],"total_sales":["7"],"_tax_status":["taxable"],"_tax_class":[""],"_manage_stock":["no"],"_backorders":["no"],"_sold_individually":["no"],"_virtual":["no"],"_downloadable":["no"],"_download_limit":["-1"],"_download_expiry":["-1"],"_stock":[null],"_stock_status":["instock"],"_wc_average_rating":["5.00"],"_wc_review_count":["33"],"_product_version":["10.5.2"],"_edit_lock":["1771358121:1"],"_wc_rating_count":["a:1:{i:5;i:33;}"],"merchant-center-category":["113"],"merchant-center-availability":["yes"],"_edit_last":["1"],"_wp_page_template":["default"],"site-sidebar-layout":["default"],"ast-site-content-layout":["default"],"site-content-style":["default"],"site-sidebar-style":["default"],"theme-transparent-header-meta":["default"],"astra-migrate-meta-layouts":["set"],"_uag_css_file_name":["uag-css-25639.css"],"_elementor_page_assets":["a:0:{}"]},"uagb_featured_image_src":{"full":["https:\/\/www.ferberpainting.com\/wp-content\/uploads\/2025\/05\/WaterLilyFertilizer25kg2.png",2560,2560,false],"thumbnail":["https:\/\/www.ferberpainting.com\/wp-content\/uploads\/2025\/05\/WaterLilyFertilizer25kg2-150x150.png",150,150,true],"medium":["https:\/\/www.ferberpainting.com\/wp-content\/uploads\/2025\/05\/WaterLilyFertilizer25kg2-300x300.png",300,300,true],"medium_large":["https:\/\/www.ferberpainting.com\/wp-content\/uploads\/2025\/05\/WaterLilyFertilizer25kg2-768x768.png",768,768,true],"large":["https:\/\/www.ferberpainting.com\/wp-content\/uploads\/2025\/05\/WaterLilyFertilizer25kg2-1024x1024.png",1024,1024,true],"1536x1536":["https:\/\/www.ferberpainting.com\/wp-content\/uploads\/2025\/05\/WaterLilyFertilizer25kg2-1536x1536.png",1536,1536,true],"2048x2048":["https:\/\/www.ferberpainting.com\/wp-content\/uploads\/2025\/05\/WaterLilyFertilizer25kg2-2048x2048.png",2048,2048,true],"trp-custom-language-flag":["https:\/\/www.ferberpainting.com\/wp-content\/uploads\/2025\/05\/WaterLilyFertilizer25kg2-12x12.png",12,12,true],"woocommerce_thumbnail":["https:\/\/www.ferberpainting.com\/wp-content\/uploads\/2025\/05\/WaterLilyFertilizer25kg2-300x300.png",300,300,true],"woocommerce_single":["https:\/\/www.ferberpainting.com\/wp-content\/uploads\/2025\/05\/WaterLilyFertilizer25kg2-600x600.png",600,600,true],"woocommerce_gallery_thumbnail":["https:\/\/www.ferberpainting.com\/wp-content\/uploads\/2025\/05\/WaterLilyFertilizer25kg2-100x100.png",100,100,true]},"uagb_author_info":{"display_name":"admin","author_link":"https:\/\/www.ferberpainting.com\/sk\/author\/"},"uagb_comment_info":33,"uagb_excerpt":"A fertilizer specially designed for abundant flowering and lush foliage.\u00a0The water lily is a symbolic aquatic plant, prized for its magnificent floating flowers and elegant foliage. To ensure abundant flowering and optimal development, it is essential to provide it with suitable nutrition. This NPK 10-10-10 fertilizer offers a balanced supply of nutrients, with nitrogen (N)&hellip;","_links":{"self":[{"href":"https:\/\/www.ferberpainting.com\/sk\/wp-json\/wp\/v2\/product\/25639","targetHints":{"allow":["GET"]}}],"collection":[{"href":"https:\/\/www.ferberpainting.com\/sk\/wp-json\/wp\/v2\/product"}],"about":[{"href":"https:\/\/www.ferberpainting.com\/sk\/wp-json\/wp\/v2\/types\/product"}],"replies":[{"embeddable":true,"href":"https:\/\/www.ferberpainting.com\/sk\/wp-json\/wp\/v2\/comments?post=25639"}],"version-history":[{"count":5,"href":"https:\/\/www.ferberpainting.com\/sk\/wp-json\/wp\/v2\/product\/25639\/revisions"}],"predecessor-version":[{"id":168844,"href":"https:\/\/www.ferberpainting.com\/sk\/wp-json\/wp\/v2\/product\/25639\/revisions\/168844"}],"wp:featuredmedia":[{"embeddable":true,"href":"https:\/\/www.ferberpainting.com\/sk\/wp-json\/wp\/v2\/media\/27445"}],"wp:attachment":[{"href":"https:\/\/www.ferberpainting.com\/sk\/wp-json\/wp\/v2\/media?parent=25639"}],"wp:term":[{"taxonomy":"product_brand","embeddable":true,"href":"https:\/\/www.ferberpainting.com\/sk\/wp-json\/wp\/v2\/product_brand?post=25639"},{"taxonomy":"product_cat","embeddable":true,"href":"https:\/\/www.ferberpainting.com\/sk\/wp-json\/wp\/v2\/product_cat?post=25639"},{"taxonomy":"product_tag","embeddable":true,"href":"https:\/\/www.ferberpainting.com\/sk\/wp-json\/wp\/v2\/product_tag?post=25639"}],"curies":[{"name":"wp","href":"https:\/\/api.w.org\/{rel}","templated":true}]}}