{"id":25636,"date":"2025-06-30T18:48:32","date_gmt":"2025-06-30T16:48:32","guid":{"rendered":"https:\/\/www.ferberpainting.com\/?post_type=product&#038;p=25627"},"modified":"2026-02-17T20:53:03","modified_gmt":"2026-02-17T19:53:03","slug":"washing-machine-cleaner","status":"publish","type":"product","link":"https:\/\/www.ferberpainting.com\/sk\/products\/washing-machine-cleaner\/","title":{"rendered":"\u010cisti\u010d pr\u00e1\u010dky"},"content":{"rendered":"<p><strong><img decoding=\"async\" style=\"margin-right: 12px;\" src=\"https:\/\/www.ferberpainting.com\/wp-content\/uploads\/2026\/02\/Check.svg\" alt=\"\" width=\"18\" height=\"15\" \/>Optim\u00e1lna \u00fa\u010dinnos\u0165.<\/strong>\u00a0Tento \u010disti\u010d pr\u00e1\u010dky je \u0161peci\u00e1lne vyvinut\u00fd na odstr\u00e1nenie zvy\u0161kov prac\u00edch prostriedkov, vodn\u00e9ho kame\u0148a, plesn\u00ed, nepr\u00edjemn\u00fdch pachov a in\u00fdch usaden\u00edn, ktor\u00e9 sa \u010dasom hromadia. Jeho v\u00fdkonn\u00e9 zlo\u017eenie h\u013abkovo \u010dist\u00ed a dezinfikuje ka\u017ed\u00fa \u010das\u0165 pr\u00e1\u010dky vr\u00e1tane bubna, tesnen\u00ed, z\u00e1suvky na prac\u00ed prostriedok, odtokov\u00e9ho potrubia a vykurovacieho telesa. Zaru\u010duje bezchybn\u00fa \u010distotu a optim\u00e1lnu hygienu, \u010d\u00edm poskytuje svie\u017eu a \u010dist\u00fa bielize\u0148 a z\u00e1rove\u0148 predl\u017euje \u017eivotnos\u0165 v\u00e1\u0161ho spotrebi\u010da.<\/p>\n<p><strong><img decoding=\"async\" style=\"margin-right: 12px;\" src=\"https:\/\/www.ferberpainting.com\/wp-content\/uploads\/2026\/02\/Check.svg\" alt=\"\" width=\"18\" height=\"15\" \/>Spokojnos\u0165 zaru\u010den\u00e1 alebo vr\u00e1tenie pe\u0148az\u00ed.<\/strong>\u00a0Sme plne presved\u010den\u00ed o v\u00fdkonnosti n\u00e1\u0161ho \u010disti\u010da. Ak po jeho pou\u017eit\u00ed nebudete \u00faplne spokojn\u00ed, m\u00e1te n\u00e1rok na vr\u00e1tenie pe\u0148az\u00ed v plnej v\u00fd\u0161ke. Vysk\u00fa\u0161ajte n\u00e1\u0161 v\u00fdrobok bez rizika a vychutnajte si dokonale \u010dist\u00fa pr\u00e1\u010dku s pokojom na du\u0161i.<\/p>\n<p><strong><img decoding=\"async\" style=\"margin-right: 12px;\" src=\"https:\/\/www.ferberpainting.com\/wp-content\/uploads\/2026\/02\/Check.svg\" alt=\"\" width=\"18\" height=\"15\" \/>V\u00fdnimo\u010dn\u00e1 v\u0161estrannos\u0165.<\/strong>\u00a0Tento \u010disti\u010d nie je obmedzen\u00fd len na dom\u00e1ce stroje! Je ide\u00e1lny aj pre profesion\u00e1lne pr\u00e1\u010dky pou\u017e\u00edvan\u00e9 v pr\u00e1\u010dovniach, hoteloch a opatrovate\u013esk\u00fdch zariadeniach. Funguje na modeloch s predn\u00fdm aj vrchn\u00fdm plnen\u00edm a je \u00fa\u010dinn\u00fd na v\u0161etky vn\u00fatorn\u00e9 povrchy a s\u00fa\u010dasti vr\u00e1tane nehrdzavej\u00facej ocele, plastu, gumy a hlin\u00edka. Zabezpe\u010duje optim\u00e1lnu \u00fadr\u017ebu v\u0161etk\u00fdch typov pr\u00e1\u010dok.<\/p>\n<p><strong><img decoding=\"async\" style=\"margin-right: 12px;\" src=\"https:\/\/www.ferberpainting.com\/wp-content\/uploads\/2026\/02\/Check.svg\" alt=\"\" width=\"18\" height=\"15\" \/>N\u00e1kladovo efekt\u00edvne.<\/strong>\u00a0V\u010faka svojmu 5-litrov\u00e9mu form\u00e1tu a vysoko\u00fa\u010dinn\u00e9mu zlo\u017eeniu poskytuje tento \u010disti\u010d vynikaj\u00facu hodnotu. Mal\u00e9 mno\u017estvo sta\u010d\u00ed na cel\u00fd \u00fa\u010dinn\u00fd cyklus. Jeden liter pr\u00edpravku umo\u017e\u0148uje v priemere a\u017e 10 \u00fadr\u017ebov\u00fdch cyklov, \u010do z neho rob\u00ed vysoko ekonomick\u00e9 rie\u0161enie na pravideln\u00e9 alebo intenz\u00edvne \u010distenie.<\/p>\n<p><strong><img decoding=\"async\" style=\"margin-right: 12px;\" src=\"https:\/\/www.ferberpainting.com\/wp-content\/uploads\/2026\/02\/Check.svg\" alt=\"\" width=\"18\" height=\"15\" \/>Bezpe\u010dn\u00e9 pou\u017e\u00edvanie.<\/strong>\u00a0Na rozdiel od agres\u00edvnych produktov obsahuj\u00facich kyselinu chlorovod\u00edkov\u00fa alebo drsn\u00e9 l\u00e1tky je tento \u010distiaci prostriedok vyroben\u00fd z netoxick\u00fdch zlo\u017eiek, ktor\u00e9 s\u00fa bezpe\u010dn\u00e9 pre materi\u00e1ly a zdravie. Nezanech\u00e1va \u0161kodliv\u00e9 zvy\u0161ky ani dr\u00e1\u017ediv\u00e9 v\u00fdpary a je bezpe\u010dn\u00fd pre dom\u00e1ce prostredie. Nepredstavuje \u017eiadne riziko pre gumov\u00e9 tesnenia alebo plastov\u00e9 prvky, \u010d\u00edm pom\u00e1ha zachova\u0165 integritu v\u00e1\u0161ho zariadenia.<\/p>\n<p><strong><img decoding=\"async\" style=\"margin-right: 12px;\" src=\"https:\/\/www.ferberpainting.com\/wp-content\/uploads\/2026\/02\/Check.svg\" alt=\"\" width=\"18\" height=\"15\" \/>Jednoduchos\u0165 pou\u017e\u00edvania.<\/strong>\u00a0Tento produkt je pripraven\u00fd na pou\u017eitie a nevy\u017eaduje si \u017eiadne riedenie ani zlo\u017eit\u00e9 kroky. Jednoducho ho nalejte do pr\u00e1\u010dky a spustite \u010distiaci cyklus. V\u010faka r\u00fdchlemu p\u00f4sobeniu a intuit\u00edvnej aplik\u00e1cii je dostupn\u00fd pre ka\u017ed\u00e9ho a \u00fa\u010dinn\u00fd bez n\u00e1mahy.<\/p>\n<p><strong><img decoding=\"async\" style=\"margin-right: 12px;\" src=\"https:\/\/www.ferberpainting.com\/wp-content\/uploads\/2026\/02\/Check.svg\" alt=\"\" width=\"18\" height=\"15\" \/>Dlhotrvaj\u00faca ochrana.<\/strong>\u00a0Tento \u010distiaci prostriedok odstra\u0148uje vodn\u00fd kame\u0148, zvy\u0161ky pracieho prostriedku a plesne, \u010d\u00edm predl\u017euje \u017eivotnos\u0165 pr\u00e1\u010dky a optimalizuje jej v\u00fdkon. Zabra\u0148uje tvorbe n\u00e1nosov v potrub\u00ed, zni\u017euje opotrebovanie tesnen\u00ed a zlep\u0161uje cirkul\u00e1ciu vody, \u010d\u00edm udr\u017eiava va\u0161u pr\u00e1\u010dku vo v\u00fdbornom prev\u00e1dzkovom stave. Pravideln\u00e9 pou\u017e\u00edvanie pom\u00e1ha predch\u00e1dza\u0165 poruch\u00e1m a strate v\u00fdkonu.<\/p>\n<p><strong><img decoding=\"async\" style=\"margin-right: 12px;\" src=\"https:\/\/www.ferberpainting.com\/wp-content\/uploads\/2026\/02\/Check.svg\" alt=\"\" width=\"18\" height=\"15\" \/>R\u00fdchla akcia.<\/strong>\u00a0V\u010faka vysoko reakt\u00edvnemu zlo\u017eeniu tento \u010distiaci prostriedok okam\u017eite p\u00f4sob\u00ed na usaden\u00e9 zvy\u0161ky a ne\u010distoty. V priebehu nieko\u013ek\u00fdch min\u00fat rozpust\u00ed ne\u010distoty, aby sa \u013eahko odstr\u00e1nili po\u010das prv\u00e9ho opl\u00e1chnutia. Prin\u00e1\u0161a r\u00fdchle a \u00fa\u010dinn\u00e9 v\u00fdsledky bez nutnosti rozoberania.<\/p>\n<h2><strong>Protokol o pou\u017e\u00edvan\u00ed<\/strong><\/h2>\n<ul>\n<li><strong>Pr\u00edprava <\/strong>: Pred pou\u017eit\u00edm sa uistite, \u017ee je pr\u00e1\u010dka pr\u00e1zdna a bez oble\u010denia.<\/li>\n<li><strong>Aplik\u00e1cia produktu <\/strong>: Nalejte pribli\u017ene 250 ml \u010distiaceho prostriedku priamo do z\u00e1suvky na \u010distiaci prostriedok alebo do bubna.<\/li>\n<li><strong>Spustenie cyklu <\/strong>: Zvo\u013ete program prania pri vysokej teplote (minim\u00e1lne 60 \u00b0C), aby ste maximalizovali \u00fa\u010dinnos\u0165 a dosiahli h\u013abkov\u00e9 \u010distenie.<\/li>\n<li><strong>\u010cistenie tesnen\u00ed a z\u00e1suviek <\/strong>: Po\u010das prebiehaj\u00faceho cyklu namo\u010dte handri\u010dku do \u010distiaceho prostriedku a utrite \u0148ou tesnenia, z\u00e1suvku na prac\u00ed prostriedok a vidite\u013en\u00e9 \u010dasti pr\u00e1\u010dky, aby ste odstr\u00e1nili zvy\u0161ky ne\u010dist\u00f4t.<\/li>\n<li><strong>Automatick\u00e9 oplachovanie <\/strong>: V\u00fdrobok sa po\u010das cyklu \u00faplne odstr\u00e1ni; nie je potrebn\u00e9 \u017eiadne ru\u010dn\u00e9 oplachovanie.<\/li>\n<li><strong>Su\u0161enie a kone\u010dn\u00e1 \u00faprava <\/strong>: Po skon\u010den\u00ed cyklu nechajte dvierka mierne pootvoren\u00e9, aby ste umo\u017enili \u00fapln\u00e9 vysu\u0161enie a zabr\u00e1nili vzniku plesn\u00ed v bubne a tesneniach.<\/li>\n<li><strong>Frekvencia pou\u017e\u00edvania <\/strong>: Pou\u017e\u00edvajte raz mesa\u010dne na be\u017en\u00fa \u00fadr\u017ebu a na prevenciu usadzovania vodn\u00e9ho kame\u0148a a \u010distiacich prostriedkov. V pr\u00edpade intenz\u00edvne pou\u017e\u00edvan\u00fdch strojov sa odpor\u00fa\u010da \u010distenie raz za dva t\u00fd\u017edne.<\/li>\n<li><strong>\u00dalo\u017eisko <\/strong>: Po ka\u017edom pou\u017eit\u00ed n\u00e1dobu znovu tesne uzavrite a skladujte ju na chladnom a suchom mieste, mimo dosahu svetla a extr\u00e9mnych tepl\u00f4t, aby sa zachovala \u00fa\u010dinnos\u0165 v\u00fdrobku.<\/li>\n<\/ul>\n<p>S na\u0161\u00edm \u010distiacim prostriedkom na pr\u00e1\u010dky si u\u017eijete h\u013abkov\u00e9 \u010distenie a optim\u00e1lnu hygienu pri zachovan\u00ed maxim\u00e1lneho v\u00fdkonu v\u00e1\u0161ho spotrebi\u010da. V\u00fdkonn\u00e9 a bezprobl\u00e9mov\u00e9 rie\u0161enie pre v\u017edy dokonal\u00fa \u00fadr\u017ebu.<\/p>","protected":false},"excerpt":{"rendered":"<p>Optimal Efficiency.\u00a0This washing machine cleaner is specially formulated to eliminate detergent residues, limescale, mold, bad odors, and other build-ups that accumulate over time. Its powerful formula deeply cleans and sanitizes every part of the machine, including the drum, seals, detergent drawer, drain lines, and heating element. It ensures spotless cleanliness and optimal hygiene, delivering fresh, [&hellip;]<\/p>\n","protected":false},"featured_media":35822,"comment_status":"open","ping_status":"closed","template":"","meta":{"_uag_custom_page_level_css":"","site-sidebar-layout":"default","site-content-layout":"","ast-site-content-layout":"default","site-content-style":"default","site-sidebar-style":"default","ast-global-header-display":"","ast-banner-title-visibility":"","ast-main-header-display":"","ast-hfb-above-header-display":"","ast-hfb-below-header-display":"","ast-hfb-mobile-header-display":"","site-post-title":"","ast-breadcrumbs-content":"","ast-featured-img":"","footer-sml-layout":"","ast-disable-related-posts":"","theme-transparent-header-meta":"default","adv-header-id-meta":"","stick-header-meta":"","header-above-stick-meta":"","header-main-stick-meta":"","header-below-stick-meta":"","astra-migrate-meta-layouts":"set","ast-page-background-enabled":"default","ast-page-background-meta":{"desktop":{"background-color":"var(--ast-global-color-4)","background-image":"","background-repeat":"repeat","background-position":"center center","background-size":"auto","background-attachment":"scroll","background-type":"","background-media":"","overlay-type":"","overlay-color":"","overlay-opacity":"","overlay-gradient":""},"tablet":{"background-color":"","background-image":"","background-repeat":"repeat","background-position":"center center","background-size":"auto","background-attachment":"scroll","background-type":"","background-media":"","overlay-type":"","overlay-color":"","overlay-opacity":"","overlay-gradient":""},"mobile":{"background-color":"","background-image":"","background-repeat":"repeat","background-position":"center center","background-size":"auto","background-attachment":"scroll","background-type":"","background-media":"","overlay-type":"","overlay-color":"","overlay-opacity":"","overlay-gradient":""}},"ast-content-background-meta":{"desktop":{"background-color":"var(--ast-global-color-5)","background-image":"","background-repeat":"repeat","background-position":"center center","background-size":"auto","background-attachment":"scroll","background-type":"","background-media":"","overlay-type":"","overlay-color":"","overlay-opacity":"","overlay-gradient":""},"tablet":{"background-color":"var(--ast-global-color-5)","background-image":"","background-repeat":"repeat","background-position":"center center","background-size":"auto","background-attachment":"scroll","background-type":"","background-media":"","overlay-type":"","overlay-color":"","overlay-opacity":"","overlay-gradient":""},"mobile":{"background-color":"var(--ast-global-color-5)","background-image":"","background-repeat":"repeat","background-position":"center center","background-size":"auto","background-attachment":"scroll","background-type":"","background-media":"","overlay-type":"","overlay-color":"","overlay-opacity":"","overlay-gradient":""}}},"product_brand":[],"product_cat":[175],"product_tag":[],"class_list":{"0":"post-25636","1":"product","2":"type-product","3":"status-publish","4":"has-post-thumbnail","6":"product_cat-cleaning-products","7":"desktop-align-left","8":"tablet-align-left","9":"mobile-align-left","11":"first","12":"instock","13":"sale","14":"taxable","15":"shipping-taxable","16":"purchasable","17":"product-type-variable","18":"has-default-attributes"},"spectra_custom_meta":{"_visibility":["visible"],"_shopify_product_id":["9104761258229"],"_s2w_shopify_domain":["ferberpainting.myshopify.com"],"_shopify_variant_id":["46620940566773"],"_sku":[""],"_manage_stock":["no"],"total_sales":["41"],"_tax_status":["taxable"],"_tax_class":[""],"_backorders":["no"],"_sold_individually":["no"],"_virtual":["no"],"_downloadable":["no"],"_download_limit":["-1"],"_download_expiry":["-1"],"_stock":[null],"_stock_status":["instock"],"_wc_average_rating":["5.00"],"_wc_review_count":["10"],"_product_attributes":["a:1:{s:6:\"volume\";a:6:{s:4:\"name\";s:6:\"Volume\";s:5:\"value\";s:20:\"5 liters | 25 liters\";s:8:\"position\";i:1;s:10:\"is_visible\";i:0;s:12:\"is_variation\";i:1;s:11:\"is_taxonomy\";i:0;}}"],"_product_version":["10.5.2"],"wpse_downloadable_file_names":[""],"wpse_downloadable_file_urls":[""],"_edit_last":["1"],"_default_attributes":["a:1:{s:6:\"volume\";s:8:\"5 liters\";}"],"_edit_lock":["1771357996:1"],"_price":["29.90","129.90"],"merchant-center-availability":["yes"],"merchant-center-category":["7462"],"_thumbnail_id":["35822"],"_wp_page_template":["default"],"_wp_old_date":["2025-05-26"],"_product_image_gallery":["35823"],"site-sidebar-layout":["default"],"ast-site-content-layout":["default"],"site-content-style":["default"],"site-sidebar-style":["default"],"theme-transparent-header-meta":["default"],"_wc_rating_count":["a:1:{i:5;i:10;}"],"astra-migrate-meta-layouts":["set"],"_uag_css_file_name":["uag-css-25636.css"],"_elementor_page_assets":["a:0:{}"],"_uag_page_assets":["a:9:{s:3:\"css\";s:7133:\".uag-blocks-common-selector{z-index:var(--z-index-desktop) !important}@media(max-width: 976px){.uag-blocks-common-selector{z-index:var(--z-index-tablet) !important}}@media(max-width: 767px){.uag-blocks-common-selector{z-index:var(--z-index-mobile) !important}}.wp-block-uagb-image{display:flex}.wp-block-uagb-image__figure{position:relative;display:flex;flex-direction:column;max-width:100%;height:auto;margin:0}.wp-block-uagb-image__figure img{height:auto;display:flex;max-width:100%;transition:box-shadow .2s ease}.wp-block-uagb-image__figure>a{display:inline-block}.wp-block-uagb-image__figure figcaption{text-align:center;margin-top:.5em;margin-bottom:1em}.wp-block-uagb-image .components-placeholder.block-editor-media-placeholder .components-placeholder__instructions{align-self:center}.wp-block-uagb-image--align-left{text-align:left}.wp-block-uagb-image--align-right{text-align:right}.wp-block-uagb-image--align-center{text-align:center}.wp-block-uagb-image--align-full .wp-block-uagb-image__figure{margin-left:calc(50% - 50vw);margin-right:calc(50% - 50vw);max-width:100vw;width:100vw;height:auto}.wp-block-uagb-image--align-full .wp-block-uagb-image__figure img{height:auto;width:100% !important}.wp-block-uagb-image--align-wide .wp-block-uagb-image__figure img{height:auto;width:100%}.wp-block-uagb-image--layout-overlay__color-wrapper{position:absolute;left:0;top:0;right:0;bottom:0;opacity:.2;background:rgba(0,0,0,.5);transition:opacity .35s ease-in-out}.wp-block-uagb-image--layout-overlay-link{position:absolute;left:0;right:0;bottom:0;top:0}.wp-block-uagb-image--layout-overlay .wp-block-uagb-image__figure:hover .wp-block-uagb-image--layout-overlay__color-wrapper{opacity:1}.wp-block-uagb-image--layout-overlay__inner{position:absolute;left:15px;right:15px;bottom:15px;top:15px;display:flex;align-items:center;justify-content:center;flex-direction:column;border-color:#fff;transition:.35s ease-in-out}.wp-block-uagb-image--layout-overlay__inner.top-left,.wp-block-uagb-image--layout-overlay__inner.top-center,.wp-block-uagb-image--layout-overlay__inner.top-right{justify-content:flex-start}.wp-block-uagb-image--layout-overlay__inner.bottom-left,.wp-block-uagb-image--layout-overlay__inner.bottom-center,.wp-block-uagb-image--layout-overlay__inner.bottom-right{justify-content:flex-end}.wp-block-uagb-image--layout-overlay__inner.top-left,.wp-block-uagb-image--layout-overlay__inner.center-left,.wp-block-uagb-image--layout-overlay__inner.bottom-left{align-items:flex-start}.wp-block-uagb-image--layout-overlay__inner.top-right,.wp-block-uagb-image--layout-overlay__inner.center-right,.wp-block-uagb-image--layout-overlay__inner.bottom-right{align-items:flex-end}.wp-block-uagb-image--layout-overlay__inner .uagb-image-heading{color:#fff;transition:transform .35s,opacity .35s ease-in-out;transform:translate3d(0, 24px, 0);margin:0;line-height:1em}.wp-block-uagb-image--layout-overlay__inner .uagb-image-separator{width:30%;border-top-width:2px;border-top-color:#fff;border-top-style:solid;margin-bottom:10px;opacity:0;transition:transform .4s,opacity .4s ease-in-out;transform:translate3d(0, 30px, 0)}.wp-block-uagb-image--layout-overlay__inner .uagb-image-caption{opacity:0;overflow:visible;color:#fff;transition:transform .45s,opacity .45s ease-in-out;transform:translate3d(0, 35px, 0)}.wp-block-uagb-image--layout-overlay__inner:hover .uagb-image-heading,.wp-block-uagb-image--layout-overlay__inner:hover .uagb-image-separator,.wp-block-uagb-image--layout-overlay__inner:hover .uagb-image-caption{opacity:1;transform:translate3d(0, 0, 0)}.wp-block-uagb-image--effect-zoomin .wp-block-uagb-image__figure img,.wp-block-uagb-image--effect-zoomin .wp-block-uagb-image__figure .wp-block-uagb-image--layout-overlay__color-wrapper{transform:scale(1);transition:transform .35s ease-in-out}.wp-block-uagb-image--effect-zoomin .wp-block-uagb-image__figure:hover img,.wp-block-uagb-image--effect-zoomin .wp-block-uagb-image__figure:hover .wp-block-uagb-image--layout-overlay__color-wrapper{transform:scale(1.05)}.wp-block-uagb-image--effect-slide .wp-block-uagb-image__figure img,.wp-block-uagb-image--effect-slide .wp-block-uagb-image__figure .wp-block-uagb-image--layout-overlay__color-wrapper{width:calc(100% + 40px) !important;max-width:none !important;transform:translate3d(-40px, 0, 0);transition:transform .35s ease-in-out}.wp-block-uagb-image--effect-slide .wp-block-uagb-image__figure:hover img,.wp-block-uagb-image--effect-slide .wp-block-uagb-image__figure:hover .wp-block-uagb-image--layout-overlay__color-wrapper{transform:translate3d(0, 0, 0)}.wp-block-uagb-image--effect-grayscale img{filter:grayscale(0%);transition:.35s ease-in-out}.wp-block-uagb-image--effect-grayscale:hover img{filter:grayscale(100%)}.wp-block-uagb-image--effect-blur img{filter:blur(0);transition:.35s ease-in-out}.wp-block-uagb-image--effect-blur:hover img{filter:blur(3px)}.uagb-block-e6f939b3.wp-block-uagb-image--layout-default figure img{box-shadow: 0px 0px 0 #00000070;}.uagb-block-e6f939b3.wp-block-uagb-image .wp-block-uagb-image__figure figcaption{font-style: normal;align-self: center;}.uagb-block-e6f939b3.wp-block-uagb-image--layout-overlay figure img{box-shadow: 0px 0px 0 #00000070;}.uagb-block-e6f939b3.wp-block-uagb-image--layout-overlay .wp-block-uagb-image--layout-overlay__color-wrapper{opacity: 0.2;}.uagb-block-e6f939b3.wp-block-uagb-image--layout-overlay .wp-block-uagb-image--layout-overlay__inner{left: 15px;right: 15px;top: 15px;bottom: 15px;}.uagb-block-e6f939b3.wp-block-uagb-image--layout-overlay .wp-block-uagb-image--layout-overlay__inner .uagb-image-heading{font-style: normal;color: #fff;opacity: 1;}.uagb-block-e6f939b3.wp-block-uagb-image--layout-overlay .wp-block-uagb-image--layout-overlay__inner .uagb-image-heading a{color: #fff;}.uagb-block-e6f939b3.wp-block-uagb-image--layout-overlay .wp-block-uagb-image--layout-overlay__inner .uagb-image-caption{opacity: 0;}.uagb-block-e6f939b3.wp-block-uagb-image--layout-overlay .wp-block-uagb-image__figure:hover .wp-block-uagb-image--layout-overlay__color-wrapper{opacity: 1;}.uagb-block-e6f939b3.wp-block-uagb-image .wp-block-uagb-image--layout-overlay__inner .uagb-image-separator{width: 30%;border-top-width: 2px;border-top-color: #fff;opacity: 0;}.uagb-block-e6f939b3.wp-block-uagb-image .wp-block-uagb-image__figure img{width: px;height: auto;}.uagb-block-e6f939b3.wp-block-uagb-image .wp-block-uagb-image__figure:hover .wp-block-uagb-image--layout-overlay__inner .uagb-image-caption{opacity: 1;}.uagb-block-e6f939b3.wp-block-uagb-image .wp-block-uagb-image__figure:hover .wp-block-uagb-image--layout-overlay__inner .uagb-image-separator{opacity: 1;}.uagb-block-e6f939b3.wp-block-uagb-image--layout-default figure:hover img{box-shadow: 0px 0px 0 #00000070;}.uagb-block-e6f939b3.wp-block-uagb-image--layout-overlay figure:hover img{box-shadow: 0px 0px 0 #00000070;}@media only screen and (max-width: 976px) {.uagb-block-e6f939b3.wp-block-uagb-image .wp-block-uagb-image__figure img{width: px;height: auto;}}@media only screen and (max-width: 767px) {.uagb-block-e6f939b3.wp-block-uagb-image .wp-block-uagb-image__figure img{width: px;height: auto;}}\";s:2:\"js\";s:0:\"\";s:18:\"current_block_list\";a:13:{i:0;s:11:\"core\/search\";i:1;s:10:\"core\/group\";i:2;s:12:\"core\/heading\";i:3;s:17:\"core\/latest-posts\";i:4;s:20:\"core\/latest-comments\";i:5;s:13:\"core\/archives\";i:6;s:15:\"core\/categories\";i:7;s:14:\"core\/paragraph\";i:8;s:10:\"uagb\/image\";i:9;s:11:\"core\/spacer\";i:10;s:30:\"woocommerce\/product-categories\";i:11;s:10:\"core\/image\";i:12;s:14:\"core\/shortcode\";}s:8:\"uag_flag\";b:1;s:11:\"uag_version\";s:10:\"1777241477\";s:6:\"gfonts\";a:0:{}s:10:\"gfonts_url\";s:0:\"\";s:12:\"gfonts_files\";a:0:{}s:14:\"uag_faq_layout\";b:0;}"]},"uagb_featured_image_src":{"full":["https:\/\/www.ferberpainting.com\/wp-content\/uploads\/2025\/05\/Washing-Machine-Cleaner-5L-.png",2560,2560,false],"thumbnail":["https:\/\/www.ferberpainting.com\/wp-content\/uploads\/2025\/05\/Washing-Machine-Cleaner-5L--150x150.png",150,150,true],"medium":["https:\/\/www.ferberpainting.com\/wp-content\/uploads\/2025\/05\/Washing-Machine-Cleaner-5L--300x300.png",300,300,true],"medium_large":["https:\/\/www.ferberpainting.com\/wp-content\/uploads\/2025\/05\/Washing-Machine-Cleaner-5L--768x768.png",768,768,true],"large":["https:\/\/www.ferberpainting.com\/wp-content\/uploads\/2025\/05\/Washing-Machine-Cleaner-5L--1024x1024.png",1024,1024,true],"1536x1536":["https:\/\/www.ferberpainting.com\/wp-content\/uploads\/2025\/05\/Washing-Machine-Cleaner-5L--1536x1536.png",1536,1536,true],"2048x2048":["https:\/\/www.ferberpainting.com\/wp-content\/uploads\/2025\/05\/Washing-Machine-Cleaner-5L--2048x2048.png",2048,2048,true],"trp-custom-language-flag":["https:\/\/www.ferberpainting.com\/wp-content\/uploads\/2025\/05\/Washing-Machine-Cleaner-5L--12x12.png",12,12,true],"woocommerce_thumbnail":["https:\/\/www.ferberpainting.com\/wp-content\/uploads\/2025\/05\/Washing-Machine-Cleaner-5L--300x300.png",300,300,true],"woocommerce_single":["https:\/\/www.ferberpainting.com\/wp-content\/uploads\/2025\/05\/Washing-Machine-Cleaner-5L--600x600.png",600,600,true],"woocommerce_gallery_thumbnail":["https:\/\/www.ferberpainting.com\/wp-content\/uploads\/2025\/05\/Washing-Machine-Cleaner-5L--100x100.png",100,100,true]},"uagb_author_info":{"display_name":"admin","author_link":"https:\/\/www.ferberpainting.com\/sk\/author\/"},"uagb_comment_info":10,"uagb_excerpt":"Optimal Efficiency.\u00a0This washing machine cleaner is specially formulated to eliminate detergent residues, limescale, mold, bad odors, and other build-ups that accumulate over time. Its powerful formula deeply cleans and sanitizes every part of the machine, including the drum, seals, detergent drawer, drain lines, and heating element. It ensures spotless cleanliness and optimal hygiene, delivering fresh,&hellip;","_links":{"self":[{"href":"https:\/\/www.ferberpainting.com\/sk\/wp-json\/wp\/v2\/product\/25636","targetHints":{"allow":["GET"]}}],"collection":[{"href":"https:\/\/www.ferberpainting.com\/sk\/wp-json\/wp\/v2\/product"}],"about":[{"href":"https:\/\/www.ferberpainting.com\/sk\/wp-json\/wp\/v2\/types\/product"}],"replies":[{"embeddable":true,"href":"https:\/\/www.ferberpainting.com\/sk\/wp-json\/wp\/v2\/comments?post=25636"}],"version-history":[{"count":4,"href":"https:\/\/www.ferberpainting.com\/sk\/wp-json\/wp\/v2\/product\/25636\/revisions"}],"predecessor-version":[{"id":168838,"href":"https:\/\/www.ferberpainting.com\/sk\/wp-json\/wp\/v2\/product\/25636\/revisions\/168838"}],"wp:featuredmedia":[{"embeddable":true,"href":"https:\/\/www.ferberpainting.com\/sk\/wp-json\/wp\/v2\/media\/35822"}],"wp:attachment":[{"href":"https:\/\/www.ferberpainting.com\/sk\/wp-json\/wp\/v2\/media?parent=25636"}],"wp:term":[{"taxonomy":"product_brand","embeddable":true,"href":"https:\/\/www.ferberpainting.com\/sk\/wp-json\/wp\/v2\/product_brand?post=25636"},{"taxonomy":"product_cat","embeddable":true,"href":"https:\/\/www.ferberpainting.com\/sk\/wp-json\/wp\/v2\/product_cat?post=25636"},{"taxonomy":"product_tag","embeddable":true,"href":"https:\/\/www.ferberpainting.com\/sk\/wp-json\/wp\/v2\/product_tag?post=25636"}],"curies":[{"name":"wp","href":"https:\/\/api.w.org\/{rel}","templated":true}]}}