{"id":25612,"date":"2025-06-30T19:16:41","date_gmt":"2025-06-30T17:16:41","guid":{"rendered":"https:\/\/www.ferberpainting.com\/?post_type=product&#038;p=25612"},"modified":"2026-02-16T14:02:42","modified_gmt":"2026-02-16T13:02:42","slug":"ultrasonic-cleaner-solution","status":"publish","type":"product","link":"https:\/\/www.ferberpainting.com\/sk\/products\/ultrasonic-cleaner-solution\/","title":{"rendered":"\u010cistiaci prostriedok na ultrazvukov\u00fd k\u00fape\u013e"},"content":{"rendered":"<p><strong><img decoding=\"async\" style=\"margin-right: 12px;\" src=\"https:\/\/www.ferberpainting.com\/wp-content\/uploads\/2026\/02\/Check.svg\" alt=\"\" width=\"18\" height=\"15\" \/>Optim\u00e1lna \u00fa\u010dinnos\u0165.<\/strong>\u00a0Tento ultrazvukov\u00fd \u010disti\u010d k\u00fape\u013ea je \u0161peci\u00e1lne vyvinut\u00fd na \u00fa\u010dinn\u00e9 odstra\u0148ovanie ne\u010dist\u00f4t, zvy\u0161kov mastnoty, oxid\u00e1cie a usaden\u00fdch ne\u010dist\u00f4t z r\u00f4znych predmetov. Zosil\u0148uje ultrazvukov\u00e9 \u010distenie a umo\u017e\u0148uje h\u013abkov\u00e9 \u010distenie aj v \u0165a\u017eko pr\u00edstupn\u00fdch oblastiach. Jeho v\u00fdkonn\u00e9 zlo\u017eenie r\u00fdchlo rozp\u00fa\u0161\u0165a ne\u017eiaduce \u010dastice bez po\u0161kodenia o\u0161etrovan\u00fdch povrchov, \u010d\u00edm zabezpe\u010duje dokonal\u00fd a rovnomern\u00fd v\u00fdsledok \u010distenia.<\/p>\n<p><strong><img decoding=\"async\" style=\"margin-right: 12px;\" src=\"https:\/\/www.ferberpainting.com\/wp-content\/uploads\/2026\/02\/Check.svg\" alt=\"\" width=\"18\" height=\"15\" \/>Z\u00e1ruka vr\u00e1tenia pe\u0148az\u00ed.<\/strong>\u00a0Sme plne presved\u010den\u00ed o v\u00fdkonnosti n\u00e1\u0161ho \u010disti\u010da. Ak po jeho pou\u017eit\u00ed nebudete s v\u00fdsledkami \u00faplne spokojn\u00ed, m\u00e1te n\u00e1rok na vr\u00e1tenie pe\u0148az\u00ed v plnej v\u00fd\u0161ke. Vysk\u00fa\u0161ajte ho s \u00fapln\u00fdm pokojom a vychutnajte si bezchybn\u00fa \u010distotu svojich predmetov bez n\u00e1mahy.<\/p>\n<p><strong><img decoding=\"async\" style=\"margin-right: 12px;\" src=\"https:\/\/www.ferberpainting.com\/wp-content\/uploads\/2026\/02\/Check.svg\" alt=\"\" width=\"18\" height=\"15\" \/>V\u00fdnimo\u010dn\u00e1 v\u0161estrannos\u0165.<\/strong>\u00a0Tento \u010distiaci prostriedok nie je obmedzen\u00fd na jeden typ materi\u00e1lu! Je ide\u00e1lny na \u010distenie \u0161irokej \u0161k\u00e1ly kovov\u00fdch, sklenen\u00fdch, plastov\u00fdch, keramick\u00fdch a jemn\u00fdch zliatinov\u00fdch predmetov. Je obzvl\u00e1\u0161\u0165 \u00fa\u010dinn\u00fd pri \u010disten\u00ed \u0161perkov, hodiniek, okuliarov, mechanick\u00fdch \u010dast\u00ed, presn\u00fdch n\u00e1strojov, tla\u010dov\u00fdch hl\u00e1v, zubn\u00fdch prot\u00e9z, elektroniky a laborat\u00f3rnych n\u00e1strojov. Jeho kompatibilita s mnoh\u00fdmi materi\u00e1lmi z neho rob\u00ed univerz\u00e1lny \u010distiaci prostriedok pre v\u0161etky pou\u017eitia v ultrazvukovom k\u00fapeli.<\/p>\n<p><strong><img decoding=\"async\" style=\"margin-right: 12px;\" src=\"https:\/\/www.ferberpainting.com\/wp-content\/uploads\/2026\/02\/Check.svg\" alt=\"\" width=\"18\" height=\"15\" \/>N\u00e1kladovo efekt\u00edvne.<\/strong>\u00a0V\u010faka 5-litrovej n\u00e1dobe a koncentrovan\u00e9mu zlo\u017eeniu pon\u00faka tento \u010distiaci prostriedok vynikaj\u00facu hodnotu. Mal\u00e9 mno\u017estvo sta\u010d\u00ed na naplnenie ultrazvukovej n\u00e1dr\u017ee a zabezpe\u010denie \u00fa\u010dinn\u00e9ho \u010distenia. Jeden liter pr\u00edpravku umo\u017e\u0148uje v priemere a\u017e 100 \u010distiacich cyklov, \u010do z neho rob\u00ed trvanliv\u00e9 a ekonomick\u00e9 rie\u0161enie na pravideln\u00e9 pou\u017e\u00edvanie, \u010di u\u017e v dom\u00e1cnosti, alebo na profesion\u00e1lne \u00fa\u010dely.<\/p>\n<p><strong><img decoding=\"async\" style=\"margin-right: 12px;\" src=\"https:\/\/www.ferberpainting.com\/wp-content\/uploads\/2026\/02\/Check.svg\" alt=\"\" width=\"18\" height=\"15\" \/>Bezpe\u010dn\u00e9 pou\u017e\u00edvanie.<\/strong>\u00a0Na rozdiel od drsn\u00fdch rozp\u00fa\u0161\u0165adiel alebo \u017eierav\u00fdch l\u00e1tok, ktor\u00e9 m\u00f4\u017eu po\u0161kodi\u0165 niektor\u00e9 materi\u00e1ly, je tento v\u00fdrobok vytvoren\u00fd tak, aby bol \u0161etrn\u00fd a bezpe\u010dn\u00fd a z\u00e1rove\u0148 re\u0161pektoval citliv\u00e9 povrchy. Nevyp\u00fa\u0161\u0165a toxick\u00e9 v\u00fdpary, nedr\u00e1\u017edi poko\u017eku a po opl\u00e1chnut\u00ed nezanech\u00e1va \u0161kodliv\u00e9 zvy\u0161ky. Je vhodn\u00fd na \u010dast\u00e9 pou\u017e\u00edvanie, \u010d\u00edm zabezpe\u010duje bezpe\u010dn\u00e9 \u010distenie ch\u00falostiv\u00fdch predmetov bez naru\u0161enia ich celistvosti.<\/p>\n<p><strong><img decoding=\"async\" style=\"margin-right: 12px;\" src=\"https:\/\/www.ferberpainting.com\/wp-content\/uploads\/2026\/02\/Check.svg\" alt=\"\" width=\"18\" height=\"15\" \/>Jednoduchos\u0165 pou\u017e\u00edvania.<\/strong>\u00a0Tento produkt je pripraven\u00fd na pou\u017eitie a nevy\u017eaduje si \u017eiadne riedenie ani zlo\u017eit\u00fa pr\u00edpravu. Jednoducho ho nalejte do ultrazvukov\u00e9ho k\u00fape\u013ea a spustite cyklus. Jeho r\u00fdchle p\u00f4sobenie a okam\u017eit\u00e1 \u00fa\u010dinnos\u0165 umo\u017e\u0148uj\u00fa jednoduch\u00e9 a \u00fa\u010dinn\u00e9 \u010distenie aj za\u010diato\u010dn\u00edkom.<\/p>\n<p><strong><img decoding=\"async\" style=\"margin-right: 12px;\" src=\"https:\/\/www.ferberpainting.com\/wp-content\/uploads\/2026\/02\/Check.svg\" alt=\"\" width=\"18\" height=\"15\" \/>Dlhodob\u00e1 starostlivos\u0165.<\/strong>\u00a0Odstr\u00e1nen\u00edm ne\u010dist\u00f4t a zachovan\u00edm integrity \u010disten\u00fdch predmetov pom\u00e1ha tento \u010distiaci prostriedok pred\u013a\u017ei\u0165 ich \u017eivotnos\u0165 a v\u00fdkon. Zabra\u0148uje usadzovaniu ne\u010dist\u00f4t, ktor\u00e9 by mohli ovplyvni\u0165 funkciu presn\u00fdch pr\u00edstrojov alebo mechanick\u00fdch \u010dast\u00ed. Pravideln\u00e9 pou\u017e\u00edvanie zaru\u010duje dlhodobo \u010dist\u00e9 a funk\u010dn\u00e9 predmety.<\/p>\n<p><strong><img decoding=\"async\" style=\"margin-right: 12px;\" src=\"https:\/\/www.ferberpainting.com\/wp-content\/uploads\/2026\/02\/Check.svg\" alt=\"\" width=\"18\" height=\"15\" \/>R\u00fdchla akcia.<\/strong>\u00a0V\u010faka vysoko akt\u00edvnemu zlo\u017eeniu tento \u010distiaci prostriedok okam\u017eite p\u00f4sob\u00ed na usaden\u00e9 ne\u010distoty a zvy\u0161ky. V priebehu nieko\u013ek\u00fdch min\u00fat rozpust\u00ed ne\u010distoty a u\u013eah\u010d\u00ed ich odstr\u00e1nenie pomocou ultrazvuku. Skracuje \u010das \u010distenia a prin\u00e1\u0161a vidite\u013en\u00e9 v\u00fdsledky u\u017e pri prvom pou\u017eit\u00ed.<\/p>\n<h2><strong>Pokyny na pou\u017e\u00edvanie<\/strong><\/h2>\n<ul>\n<li><strong>Pr\u00edprava <\/strong>: Pred pridan\u00edm \u010distiaceho prostriedku sa uistite, \u017ee je ultrazvukov\u00fd k\u00fape\u013e \u010dist\u00fd a pripraven\u00fd. Z predmetov odstr\u00e1\u0148te v\u0161etky ve\u013ek\u00e9 \u010dastice alebo vidite\u013en\u00e9 ne\u010distoty, aby ste optimalizovali \u00fa\u010dinnos\u0165 pr\u00edpravku.<\/li>\n<li><strong>Plnenie n\u00e1dr\u017ee <\/strong>: Nalejte \u010distiaci prostriedok priamo do ultrazvukov\u00e9ho k\u00fape\u013ea, k\u00fdm sa nedosiahne po\u017eadovan\u00e1 hladina na \u00fapln\u00e9 ponorenie predmetov. Nie je potrebn\u00e9 \u017eiadne riedenie, v\u00fdrobok je pripraven\u00fd na pou\u017eitie.<\/li>\n<li><strong>Ponorenie do objektu <\/strong>: Jemne vlo\u017ete predmety do vane a dbajte na to, aby sa neprekr\u00fdvali, aby sa umo\u017enilo rovnomern\u00e9 a optim\u00e1lne \u010distenie.<\/li>\n<li><strong>Za\u010diatok cyklu <\/strong>: Nastavte teplotu k\u00fape\u013ea (ak je to potrebn\u00e9) medzi 40 a 50 \u00b0C, aby ste zv\u00fd\u0161ili \u00fa\u010dinnos\u0165, a aktivujte cyklus, pri\u010dom pod\u013ea miery zne\u010distenia predmetov zvo\u013ete trvanie 5 a\u017e 10 min\u00fat.<\/li>\n<li><strong>Monitorovanie <\/strong>: Po\u010das cyklu sledujte proces \u010distenia. V pr\u00edpade ch\u00falostivej\u0161\u00edch alebo silne zne\u010disten\u00fdch predmetov upravte d\u013a\u017eku trvania pod\u013ea potreby.<\/li>\n<li><strong>Oplachovanie <\/strong>: Po skon\u010den\u00ed cyklu vyberte predmety a d\u00f4kladne ich opl\u00e1chnite \u010distou vodou, aby ste odstr\u00e1nili zvy\u0161ky v\u00fdrobku a zaistili bezchybn\u00fd povrch.<\/li>\n<li><strong>Su\u0161enie a kone\u010dn\u00e1 \u00faprava <\/strong>: Predmety starostlivo osu\u0161te m\u00e4kkou, \u010distou handri\u010dkou alebo pou\u017eite f\u00faka\u010d vzduchu, aby ste odstr\u00e1nili v\u0161etky stopy vody a dosiahli v\u00fdsledok bez \u0161m\u00fah.<\/li>\n<li><strong>\u00dadr\u017eba k\u00fape\u013ea <\/strong>: Po nieko\u013ek\u00fdch pou\u017eitiach vypr\u00e1zdnite a vy\u010distite ultrazvukov\u00fd k\u00fape\u013e, aby ste zaistili optim\u00e1lne v\u00fdsledky pri bud\u00facich \u010disteniach.<\/li>\n<li><strong>Frekvencia pou\u017e\u00edvania <\/strong>: Pou\u017e\u00edvajte tak \u010dasto, ako je potrebn\u00e9, v z\u00e1vislosti od toho, ako s\u00fa va\u0161e predmety zne\u010disten\u00e9. V r\u00e1mci prevent\u00edvnej starostlivosti napl\u00e1nujte pravideln\u00e9 \u010distenie predmetov vystaven\u00fdch prachu, mastnote alebo oxid\u00e1cii.<\/li>\n<li><strong>\u00dalo\u017eisko <\/strong>: Po pou\u017eit\u00ed uchov\u00e1vajte n\u00e1dobu tesne uzavret\u00fa a skladujte ju na chladnom a suchom mieste, mimo dosahu svetla a extr\u00e9mnych tepl\u00f4t, aby sa zachovala pln\u00e1 \u00fa\u010dinnos\u0165 v\u00fdrobku.<\/li>\n<\/ul>\n<p>S na\u0161\u00edm ultrazvukov\u00fdm \u010disti\u010dom k\u00fape\u013ea zabezpe\u010d\u00edte h\u013abkov\u00e9, r\u00fdchle a \u00fa\u010dinn\u00e9 \u010distenie a z\u00e1rove\u0148 zachov\u00e1te lesk a funk\u010dnos\u0165 va\u0161ich ch\u00falostiv\u00fdch predmetov. Ide\u00e1lne rie\u0161enie na bezpe\u010dn\u00fa a \u00fa\u010dinn\u00fa \u00fadr\u017ebu kedyko\u013evek.<\/p>","protected":false},"excerpt":{"rendered":"<p>Optimal Effectiveness.\u00a0This ultrasonic bath cleaner is specially formulated to effectively eliminate impurities, grease residues, oxidation, and embedded contaminants from various objects. It enhances the ultrasonic cleaning action, allowing for deep cleaning, even in hard-to-reach areas. Its powerful formula quickly dissolves unwanted particles without damaging treated surfaces, ensuring a perfect and even cleaning result. Money-back guarantee.\u00a0We [&hellip;]<\/p>\n","protected":false},"featured_media":35840,"comment_status":"open","ping_status":"closed","template":"","meta":{"_uag_custom_page_level_css":"","site-sidebar-layout":"default","site-content-layout":"","ast-site-content-layout":"default","site-content-style":"default","site-sidebar-style":"default","ast-global-header-display":"","ast-banner-title-visibility":"","ast-main-header-display":"","ast-hfb-above-header-display":"","ast-hfb-below-header-display":"","ast-hfb-mobile-header-display":"","site-post-title":"","ast-breadcrumbs-content":"","ast-featured-img":"","footer-sml-layout":"","ast-disable-related-posts":"","theme-transparent-header-meta":"default","adv-header-id-meta":"","stick-header-meta":"","header-above-stick-meta":"","header-main-stick-meta":"","header-below-stick-meta":"","astra-migrate-meta-layouts":"set","ast-page-background-enabled":"default","ast-page-background-meta":{"desktop":{"background-color":"var(--ast-global-color-4)","background-image":"","background-repeat":"repeat","background-position":"center center","background-size":"auto","background-attachment":"scroll","background-type":"","background-media":"","overlay-type":"","overlay-color":"","overlay-opacity":"","overlay-gradient":""},"tablet":{"background-color":"","background-image":"","background-repeat":"repeat","background-position":"center center","background-size":"auto","background-attachment":"scroll","background-type":"","background-media":"","overlay-type":"","overlay-color":"","overlay-opacity":"","overlay-gradient":""},"mobile":{"background-color":"","background-image":"","background-repeat":"repeat","background-position":"center center","background-size":"auto","background-attachment":"scroll","background-type":"","background-media":"","overlay-type":"","overlay-color":"","overlay-opacity":"","overlay-gradient":""}},"ast-content-background-meta":{"desktop":{"background-color":"var(--ast-global-color-5)","background-image":"","background-repeat":"repeat","background-position":"center center","background-size":"auto","background-attachment":"scroll","background-type":"","background-media":"","overlay-type":"","overlay-color":"","overlay-opacity":"","overlay-gradient":""},"tablet":{"background-color":"var(--ast-global-color-5)","background-image":"","background-repeat":"repeat","background-position":"center center","background-size":"auto","background-attachment":"scroll","background-type":"","background-media":"","overlay-type":"","overlay-color":"","overlay-opacity":"","overlay-gradient":""},"mobile":{"background-color":"var(--ast-global-color-5)","background-image":"","background-repeat":"repeat","background-position":"center center","background-size":"auto","background-attachment":"scroll","background-type":"","background-media":"","overlay-type":"","overlay-color":"","overlay-opacity":"","overlay-gradient":""}}},"product_brand":[],"product_cat":[175],"product_tag":[],"class_list":{"0":"post-25612","1":"product","2":"type-product","3":"status-publish","4":"has-post-thumbnail","6":"product_cat-cleaning-products","7":"desktop-align-left","8":"tablet-align-left","9":"mobile-align-left","11":"first","12":"instock","13":"sale","14":"taxable","15":"shipping-taxable","16":"purchasable","17":"product-type-variable","18":"has-default-attributes"},"spectra_custom_meta":{"_visibility":["visible"],"_shopify_product_id":["9102523007221"],"_s2w_shopify_domain":["ferberpainting.myshopify.com"],"_shopify_variant_id":["46616450171125"],"_sku":[""],"_manage_stock":["no"],"total_sales":["66"],"_tax_status":["taxable"],"_tax_class":[""],"_backorders":["no"],"_sold_individually":["no"],"_virtual":["no"],"_downloadable":["no"],"_download_limit":["-1"],"_download_expiry":["-1"],"_stock":[null],"_stock_status":["instock"],"_wc_average_rating":["5.00"],"_wc_review_count":["17"],"_product_attributes":["a:1:{s:6:\"volume\";a:6:{s:4:\"name\";s:6:\"Volume\";s:5:\"value\";s:20:\"5 liters | 25 liters\";s:8:\"position\";i:1;s:10:\"is_visible\";i:0;s:12:\"is_variation\";i:1;s:11:\"is_taxonomy\";i:0;}}"],"_product_version":["10.5.1"],"wpse_downloadable_file_names":[""],"wpse_downloadable_file_urls":[""],"_edit_last":["1"],"_default_attributes":["a:1:{s:6:\"volume\";s:8:\"5 liters\";}"],"_edit_lock":["1771246829:1"],"_price":["29.90","129.90"],"merchant-center-availability":["yes"],"merchant-center-category":["4973"],"_thumbnail_id":["35840"],"_wp_page_template":["default"],"_product_image_gallery":["35841"],"site-sidebar-layout":["default"],"ast-site-content-layout":["default"],"site-content-style":["default"],"site-sidebar-style":["default"],"theme-transparent-header-meta":["default"],"_wc_rating_count":["a:1:{i:5;i:17;}"],"astra-migrate-meta-layouts":["set"],"_uag_css_file_name":["uag-css-25612.css"],"_elementor_page_assets":["a:0:{}"],"_uag_page_assets":["a:9:{s:3:\"css\";s:7133:\".uag-blocks-common-selector{z-index:var(--z-index-desktop) !important}@media(max-width: 976px){.uag-blocks-common-selector{z-index:var(--z-index-tablet) !important}}@media(max-width: 767px){.uag-blocks-common-selector{z-index:var(--z-index-mobile) !important}}.wp-block-uagb-image{display:flex}.wp-block-uagb-image__figure{position:relative;display:flex;flex-direction:column;max-width:100%;height:auto;margin:0}.wp-block-uagb-image__figure img{height:auto;display:flex;max-width:100%;transition:box-shadow .2s ease}.wp-block-uagb-image__figure>a{display:inline-block}.wp-block-uagb-image__figure figcaption{text-align:center;margin-top:.5em;margin-bottom:1em}.wp-block-uagb-image .components-placeholder.block-editor-media-placeholder .components-placeholder__instructions{align-self:center}.wp-block-uagb-image--align-left{text-align:left}.wp-block-uagb-image--align-right{text-align:right}.wp-block-uagb-image--align-center{text-align:center}.wp-block-uagb-image--align-full .wp-block-uagb-image__figure{margin-left:calc(50% - 50vw);margin-right:calc(50% - 50vw);max-width:100vw;width:100vw;height:auto}.wp-block-uagb-image--align-full .wp-block-uagb-image__figure img{height:auto;width:100% !important}.wp-block-uagb-image--align-wide .wp-block-uagb-image__figure img{height:auto;width:100%}.wp-block-uagb-image--layout-overlay__color-wrapper{position:absolute;left:0;top:0;right:0;bottom:0;opacity:.2;background:rgba(0,0,0,.5);transition:opacity .35s ease-in-out}.wp-block-uagb-image--layout-overlay-link{position:absolute;left:0;right:0;bottom:0;top:0}.wp-block-uagb-image--layout-overlay .wp-block-uagb-image__figure:hover .wp-block-uagb-image--layout-overlay__color-wrapper{opacity:1}.wp-block-uagb-image--layout-overlay__inner{position:absolute;left:15px;right:15px;bottom:15px;top:15px;display:flex;align-items:center;justify-content:center;flex-direction:column;border-color:#fff;transition:.35s ease-in-out}.wp-block-uagb-image--layout-overlay__inner.top-left,.wp-block-uagb-image--layout-overlay__inner.top-center,.wp-block-uagb-image--layout-overlay__inner.top-right{justify-content:flex-start}.wp-block-uagb-image--layout-overlay__inner.bottom-left,.wp-block-uagb-image--layout-overlay__inner.bottom-center,.wp-block-uagb-image--layout-overlay__inner.bottom-right{justify-content:flex-end}.wp-block-uagb-image--layout-overlay__inner.top-left,.wp-block-uagb-image--layout-overlay__inner.center-left,.wp-block-uagb-image--layout-overlay__inner.bottom-left{align-items:flex-start}.wp-block-uagb-image--layout-overlay__inner.top-right,.wp-block-uagb-image--layout-overlay__inner.center-right,.wp-block-uagb-image--layout-overlay__inner.bottom-right{align-items:flex-end}.wp-block-uagb-image--layout-overlay__inner .uagb-image-heading{color:#fff;transition:transform .35s,opacity .35s ease-in-out;transform:translate3d(0, 24px, 0);margin:0;line-height:1em}.wp-block-uagb-image--layout-overlay__inner .uagb-image-separator{width:30%;border-top-width:2px;border-top-color:#fff;border-top-style:solid;margin-bottom:10px;opacity:0;transition:transform .4s,opacity .4s ease-in-out;transform:translate3d(0, 30px, 0)}.wp-block-uagb-image--layout-overlay__inner .uagb-image-caption{opacity:0;overflow:visible;color:#fff;transition:transform .45s,opacity .45s ease-in-out;transform:translate3d(0, 35px, 0)}.wp-block-uagb-image--layout-overlay__inner:hover .uagb-image-heading,.wp-block-uagb-image--layout-overlay__inner:hover .uagb-image-separator,.wp-block-uagb-image--layout-overlay__inner:hover .uagb-image-caption{opacity:1;transform:translate3d(0, 0, 0)}.wp-block-uagb-image--effect-zoomin .wp-block-uagb-image__figure img,.wp-block-uagb-image--effect-zoomin .wp-block-uagb-image__figure .wp-block-uagb-image--layout-overlay__color-wrapper{transform:scale(1);transition:transform .35s ease-in-out}.wp-block-uagb-image--effect-zoomin .wp-block-uagb-image__figure:hover img,.wp-block-uagb-image--effect-zoomin .wp-block-uagb-image__figure:hover .wp-block-uagb-image--layout-overlay__color-wrapper{transform:scale(1.05)}.wp-block-uagb-image--effect-slide .wp-block-uagb-image__figure img,.wp-block-uagb-image--effect-slide .wp-block-uagb-image__figure .wp-block-uagb-image--layout-overlay__color-wrapper{width:calc(100% + 40px) !important;max-width:none !important;transform:translate3d(-40px, 0, 0);transition:transform .35s ease-in-out}.wp-block-uagb-image--effect-slide .wp-block-uagb-image__figure:hover img,.wp-block-uagb-image--effect-slide .wp-block-uagb-image__figure:hover .wp-block-uagb-image--layout-overlay__color-wrapper{transform:translate3d(0, 0, 0)}.wp-block-uagb-image--effect-grayscale img{filter:grayscale(0%);transition:.35s ease-in-out}.wp-block-uagb-image--effect-grayscale:hover img{filter:grayscale(100%)}.wp-block-uagb-image--effect-blur img{filter:blur(0);transition:.35s ease-in-out}.wp-block-uagb-image--effect-blur:hover img{filter:blur(3px)}.uagb-block-e6f939b3.wp-block-uagb-image--layout-default figure img{box-shadow: 0px 0px 0 #00000070;}.uagb-block-e6f939b3.wp-block-uagb-image .wp-block-uagb-image__figure figcaption{font-style: normal;align-self: center;}.uagb-block-e6f939b3.wp-block-uagb-image--layout-overlay figure img{box-shadow: 0px 0px 0 #00000070;}.uagb-block-e6f939b3.wp-block-uagb-image--layout-overlay .wp-block-uagb-image--layout-overlay__color-wrapper{opacity: 0.2;}.uagb-block-e6f939b3.wp-block-uagb-image--layout-overlay .wp-block-uagb-image--layout-overlay__inner{left: 15px;right: 15px;top: 15px;bottom: 15px;}.uagb-block-e6f939b3.wp-block-uagb-image--layout-overlay .wp-block-uagb-image--layout-overlay__inner .uagb-image-heading{font-style: normal;color: #fff;opacity: 1;}.uagb-block-e6f939b3.wp-block-uagb-image--layout-overlay .wp-block-uagb-image--layout-overlay__inner .uagb-image-heading a{color: #fff;}.uagb-block-e6f939b3.wp-block-uagb-image--layout-overlay .wp-block-uagb-image--layout-overlay__inner .uagb-image-caption{opacity: 0;}.uagb-block-e6f939b3.wp-block-uagb-image--layout-overlay .wp-block-uagb-image__figure:hover .wp-block-uagb-image--layout-overlay__color-wrapper{opacity: 1;}.uagb-block-e6f939b3.wp-block-uagb-image .wp-block-uagb-image--layout-overlay__inner .uagb-image-separator{width: 30%;border-top-width: 2px;border-top-color: #fff;opacity: 0;}.uagb-block-e6f939b3.wp-block-uagb-image .wp-block-uagb-image__figure img{width: px;height: auto;}.uagb-block-e6f939b3.wp-block-uagb-image .wp-block-uagb-image__figure:hover .wp-block-uagb-image--layout-overlay__inner .uagb-image-caption{opacity: 1;}.uagb-block-e6f939b3.wp-block-uagb-image .wp-block-uagb-image__figure:hover .wp-block-uagb-image--layout-overlay__inner .uagb-image-separator{opacity: 1;}.uagb-block-e6f939b3.wp-block-uagb-image--layout-default figure:hover img{box-shadow: 0px 0px 0 #00000070;}.uagb-block-e6f939b3.wp-block-uagb-image--layout-overlay figure:hover img{box-shadow: 0px 0px 0 #00000070;}@media only screen and (max-width: 976px) {.uagb-block-e6f939b3.wp-block-uagb-image .wp-block-uagb-image__figure img{width: px;height: auto;}}@media only screen and (max-width: 767px) {.uagb-block-e6f939b3.wp-block-uagb-image .wp-block-uagb-image__figure img{width: px;height: auto;}}\";s:2:\"js\";s:0:\"\";s:18:\"current_block_list\";a:13:{i:0;s:11:\"core\/search\";i:1;s:10:\"core\/group\";i:2;s:12:\"core\/heading\";i:3;s:17:\"core\/latest-posts\";i:4;s:20:\"core\/latest-comments\";i:5;s:13:\"core\/archives\";i:6;s:15:\"core\/categories\";i:7;s:14:\"core\/paragraph\";i:8;s:10:\"uagb\/image\";i:9;s:11:\"core\/spacer\";i:10;s:30:\"woocommerce\/product-categories\";i:11;s:10:\"core\/image\";i:12;s:14:\"core\/shortcode\";}s:8:\"uag_flag\";b:1;s:11:\"uag_version\";s:10:\"1777228659\";s:6:\"gfonts\";a:0:{}s:10:\"gfonts_url\";s:0:\"\";s:12:\"gfonts_files\";a:0:{}s:14:\"uag_faq_layout\";b:0;}"]},"uagb_featured_image_src":{"full":["https:\/\/www.ferberpainting.com\/wp-content\/uploads\/2025\/06\/Ultrasonic-Cleaner-Solution-5L.png",2560,2560,false],"thumbnail":["https:\/\/www.ferberpainting.com\/wp-content\/uploads\/2025\/06\/Ultrasonic-Cleaner-Solution-5L-150x150.png",150,150,true],"medium":["https:\/\/www.ferberpainting.com\/wp-content\/uploads\/2025\/06\/Ultrasonic-Cleaner-Solution-5L-300x300.png",300,300,true],"medium_large":["https:\/\/www.ferberpainting.com\/wp-content\/uploads\/2025\/06\/Ultrasonic-Cleaner-Solution-5L-768x768.png",768,768,true],"large":["https:\/\/www.ferberpainting.com\/wp-content\/uploads\/2025\/06\/Ultrasonic-Cleaner-Solution-5L-1024x1024.png",1024,1024,true],"1536x1536":["https:\/\/www.ferberpainting.com\/wp-content\/uploads\/2025\/06\/Ultrasonic-Cleaner-Solution-5L-1536x1536.png",1536,1536,true],"2048x2048":["https:\/\/www.ferberpainting.com\/wp-content\/uploads\/2025\/06\/Ultrasonic-Cleaner-Solution-5L-2048x2048.png",2048,2048,true],"trp-custom-language-flag":["https:\/\/www.ferberpainting.com\/wp-content\/uploads\/2025\/06\/Ultrasonic-Cleaner-Solution-5L-12x12.png",12,12,true],"woocommerce_thumbnail":["https:\/\/www.ferberpainting.com\/wp-content\/uploads\/2025\/06\/Ultrasonic-Cleaner-Solution-5L-300x300.png",300,300,true],"woocommerce_single":["https:\/\/www.ferberpainting.com\/wp-content\/uploads\/2025\/06\/Ultrasonic-Cleaner-Solution-5L-600x600.png",600,600,true],"woocommerce_gallery_thumbnail":["https:\/\/www.ferberpainting.com\/wp-content\/uploads\/2025\/06\/Ultrasonic-Cleaner-Solution-5L-100x100.png",100,100,true]},"uagb_author_info":{"display_name":"admin","author_link":"https:\/\/www.ferberpainting.com\/sk\/author\/"},"uagb_comment_info":17,"uagb_excerpt":"Optimal Effectiveness.\u00a0This ultrasonic bath cleaner is specially formulated to effectively eliminate impurities, grease residues, oxidation, and embedded contaminants from various objects. It enhances the ultrasonic cleaning action, allowing for deep cleaning, even in hard-to-reach areas. Its powerful formula quickly dissolves unwanted particles without damaging treated surfaces, ensuring a perfect and even cleaning result. Money-back guarantee.\u00a0We&hellip;","_links":{"self":[{"href":"https:\/\/www.ferberpainting.com\/sk\/wp-json\/wp\/v2\/product\/25612","targetHints":{"allow":["GET"]}}],"collection":[{"href":"https:\/\/www.ferberpainting.com\/sk\/wp-json\/wp\/v2\/product"}],"about":[{"href":"https:\/\/www.ferberpainting.com\/sk\/wp-json\/wp\/v2\/types\/product"}],"replies":[{"embeddable":true,"href":"https:\/\/www.ferberpainting.com\/sk\/wp-json\/wp\/v2\/comments?post=25612"}],"version-history":[{"count":4,"href":"https:\/\/www.ferberpainting.com\/sk\/wp-json\/wp\/v2\/product\/25612\/revisions"}],"predecessor-version":[{"id":167505,"href":"https:\/\/www.ferberpainting.com\/sk\/wp-json\/wp\/v2\/product\/25612\/revisions\/167505"}],"wp:featuredmedia":[{"embeddable":true,"href":"https:\/\/www.ferberpainting.com\/sk\/wp-json\/wp\/v2\/media\/35840"}],"wp:attachment":[{"href":"https:\/\/www.ferberpainting.com\/sk\/wp-json\/wp\/v2\/media?parent=25612"}],"wp:term":[{"taxonomy":"product_brand","embeddable":true,"href":"https:\/\/www.ferberpainting.com\/sk\/wp-json\/wp\/v2\/product_brand?post=25612"},{"taxonomy":"product_cat","embeddable":true,"href":"https:\/\/www.ferberpainting.com\/sk\/wp-json\/wp\/v2\/product_cat?post=25612"},{"taxonomy":"product_tag","embeddable":true,"href":"https:\/\/www.ferberpainting.com\/sk\/wp-json\/wp\/v2\/product_tag?post=25612"}],"curies":[{"name":"wp","href":"https:\/\/api.w.org\/{rel}","templated":true}]}}