{"id":25605,"date":"2025-06-30T18:58:26","date_gmt":"2025-06-30T16:58:26","guid":{"rendered":"https:\/\/www.ferberpainting.com\/?post_type=product&#038;p=25605"},"modified":"2026-02-16T13:54:24","modified_gmt":"2026-02-16T12:54:24","slug":"tumble-dryer-cleaner","status":"publish","type":"product","link":"https:\/\/www.ferberpainting.com\/sk\/products\/tumble-dryer-cleaner\/","title":{"rendered":"\u010cisti\u010d su\u0161i\u010dky bielizne"},"content":{"rendered":"<p><strong><img decoding=\"async\" style=\"margin-right: 12px;\" src=\"https:\/\/www.ferberpainting.com\/wp-content\/uploads\/2026\/02\/Check.svg\" alt=\"\" width=\"18\" height=\"15\" \/>Optim\u00e1lna \u00fa\u010dinnos\u0165.<\/strong> Tento \u010disti\u010d su\u0161i\u010dky je \u0161peci\u00e1lne navrhnut\u00fd na \u00fa\u010dinn\u00e9 odstra\u0148ovanie zvy\u0161kov prac\u00edch prostriedkov, usaden\u00edn vodn\u00e9ho kame\u0148a, textiln\u00e9ho prachu, ako aj mastnoty a ne\u010dist\u00f4t, ktor\u00e9 sa \u010dasom nahromadia v spotrebi\u010di. V\u010faka svojmu \u00fa\u010dinn\u00e9mu zlo\u017eeniu h\u013abkovo \u010dist\u00ed bubon, filtre, ventila\u010dn\u00e9 kan\u00e1ly a vn\u00fatorn\u00e9 komponenty su\u0161i\u010dky. Jeho p\u00f4sobenie pom\u00e1ha zabezpe\u010di\u0165 optim\u00e1lny v\u00fdkon spotrebi\u010da, predch\u00e1dza\u0165 prehrievaniu, pred\u013a\u017ei\u0165 \u017eivotnos\u0165 motora a zabezpe\u010di\u0165 efekt\u00edvnej\u0161ie su\u0161enie.<\/p>\n<p><strong><img decoding=\"async\" style=\"margin-right: 12px;\" src=\"https:\/\/www.ferberpainting.com\/wp-content\/uploads\/2026\/02\/Check.svg\" alt=\"\" width=\"18\" height=\"15\" \/>Z\u00e1ruka vr\u00e1tenia pe\u0148az\u00ed.<\/strong>\u00a0Sme plne presved\u010den\u00ed o \u00fa\u010dinnosti n\u00e1\u0161ho \u010distiaceho prostriedku. Ak po pou\u017eit\u00ed nebudete s v\u00fdsledkami \u00faplne spokojn\u00ed, m\u00e1te n\u00e1rok na vr\u00e1tenie pe\u0148az\u00ed v plnej v\u00fd\u0161ke. Vysk\u00fa\u0161ajte n\u00e1\u0161 v\u00fdrobok s \u00fapln\u00fdm pokojom a u\u017e\u00edvajte si dokonale udr\u017eiavan\u00fa su\u0161i\u010dku bez n\u00e1mahy a rizika.<\/p>\n<p><strong><img decoding=\"async\" style=\"margin-right: 12px;\" src=\"https:\/\/www.ferberpainting.com\/wp-content\/uploads\/2026\/02\/Check.svg\" alt=\"\" width=\"18\" height=\"15\" \/>V\u00fdnimo\u010dn\u00e1 v\u0161estrannos\u0165.<\/strong> Tento \u010disti\u010d sa neobmedzuje len na su\u0161i\u010dky, ale je \u00fa\u010dinn\u00fd aj na \u010distenie ventila\u010dn\u00fdch kan\u00e1lov pr\u00e1\u010dok so su\u0161i\u010dkou, ventila\u010dn\u00fdch mrie\u017eok, sn\u00edma\u010dov vlhkosti a filtrov na \u017emolky. Funguje na \u0161irok\u00fa \u0161k\u00e1lu materi\u00e1lov, ako je nehrdzavej\u00faca oce\u013e, hlin\u00edk, plast, guma, sklo a dokonca aj niektor\u00e9 lakovan\u00e9 povrchy. V\u010faka svojej v\u0161estrannosti umo\u017e\u0148uje kompletn\u00fa \u00fadr\u017ebu spotrebi\u010da a s\u00favisiacich komponentov, \u010d\u00edm zabezpe\u010duje optim\u00e1lny v\u00fdkon a dokonal\u00fa hygienu.<\/p>\n<p><strong><img decoding=\"async\" style=\"margin-right: 12px;\" src=\"https:\/\/www.ferberpainting.com\/wp-content\/uploads\/2026\/02\/Check.svg\" alt=\"\" width=\"18\" height=\"15\" \/>N\u00e1kladovo efekt\u00edvny v\u00fdkon. <\/strong>V\u010faka 5-litrov\u00e9mu form\u00e1tu kanistra a vysokej koncentr\u00e1cii pon\u00faka tento \u010disti\u010d vynikaj\u00facu hodnotu. Mal\u00e9 mno\u017estvo sta\u010d\u00ed na vy\u010distenie nieko\u013ek\u00fdch su\u0161iacich cyklov a r\u00f4znych s\u00fa\u010dast\u00ed spotrebi\u010da. Jeden liter pr\u00edpravku dok\u00e1\u017ee v priemere o\u0161etri\u0165 a\u017e 30 cyklov \u00fadr\u017eby, \u010do z neho rob\u00ed ekonomick\u00e9 a \u00fa\u010dinn\u00e9 rie\u0161enie na pravideln\u00e9 alebo intenz\u00edvne pou\u017e\u00edvanie.<\/p>\n<p><strong><img decoding=\"async\" style=\"margin-right: 12px;\" src=\"https:\/\/www.ferberpainting.com\/wp-content\/uploads\/2026\/02\/Check.svg\" alt=\"\" width=\"18\" height=\"15\" \/>Bezpe\u010dn\u00e9 pou\u017e\u00edvanie.<\/strong>\u00a0Na rozdiel od produktov, ktor\u00e9 obsahuj\u00fa koroz\u00edvne l\u00e1tky alebo agres\u00edvne \u010dinidl\u00e1, ktor\u00e9 m\u00f4\u017eu po\u0161kodi\u0165 elektronick\u00e9 komponenty alebo oslabi\u0165 tesnenia su\u0161i\u010dky, tento \u010distiaci prostriedok neobsahuje nebezpe\u010dn\u00e9 rozp\u00fa\u0161\u0165adl\u00e1 ani toxick\u00e9 produkty. Nevyp\u00fa\u0161\u0165a \u017eiadne dr\u00e1\u017ediv\u00e9 v\u00fdpary a re\u0161pektuje citliv\u00e9 materi\u00e1ly. Jeho jemn\u00e9, ale \u00fa\u010dinn\u00e9 p\u00f4sobenie zaru\u010duje bezpe\u010dn\u00e9 \u010distenie aj v pr\u00edtomnosti det\u00ed alebo dom\u00e1cich zvierat.<\/p>\n<p><strong><img decoding=\"async\" style=\"margin-right: 12px;\" src=\"https:\/\/www.ferberpainting.com\/wp-content\/uploads\/2026\/02\/Check.svg\" alt=\"\" width=\"18\" height=\"15\" \/>Jednoduchos\u0165 pou\u017e\u00edvania.<\/strong>\u00a0Tento produkt je pripraven\u00fd na pou\u017eitie a nevy\u017eaduje si \u017eiadne riedenie ani zlo\u017eit\u00fa pr\u00edpravu. Aplikuje sa priamo na vn\u00fatorn\u00e9 a vonkaj\u0161ie povrchy su\u0161i\u010dky pomocou handri\u010dky alebo rozpra\u0161ova\u010da. Jeho r\u00fdchly \u00fa\u010dinok odstra\u0148uje ne\u010distoty v priebehu nieko\u013ek\u00fdch sek\u00fand, bez potreby nadmern\u00e9ho oplachovania alebo n\u00e1mahy. V\u010faka intuit\u00edvnej aplik\u00e1cii je pr\u00edstupn\u00fd ka\u017ed\u00e9mu, dokonca aj t\u00fdm, ktor\u00ed nemaj\u00fa sk\u00fasenosti s \u00fadr\u017ebou spotrebi\u010dov.<\/p>\n<p><strong><img decoding=\"async\" style=\"margin-right: 12px;\" src=\"https:\/\/www.ferberpainting.com\/wp-content\/uploads\/2026\/02\/Check.svg\" alt=\"\" width=\"18\" height=\"15\" \/>Pred\u013a\u017een\u00e1 \u017eivotnos\u0165.<\/strong>\u00a0Tento \u010disti\u010d \u00fa\u010dinne odstra\u0148uje vodn\u00fd kame\u0148, prach a zvy\u0161ky text\u00edli\u00ed, \u010d\u00edm pom\u00e1ha pred\u013a\u017ei\u0165 \u017eivotnos\u0165 su\u0161i\u010dky a optimalizova\u0165 jej \u00fa\u010dinnos\u0165. Zabra\u0148uje upch\u00e1vaniu ventila\u010dn\u00fdch kan\u00e1lov, zni\u017euje opotrebovanie tesnenia a zlep\u0161uje pr\u00fadenie vzduchu, \u010d\u00edm zabezpe\u010duje lep\u0161\u00ed odvod vlhkosti a ni\u017e\u0161iu spotrebu energie. Pravideln\u00e1 \u00fadr\u017eba s t\u00fdmto v\u00fdrobkom pom\u00e1ha predch\u00e1dza\u0165 n\u00e1kladn\u00fdm poruch\u00e1m a zabezpe\u010duje optim\u00e1lny dlhodob\u00fd v\u00fdkon.<\/p>\n<p><strong><img decoding=\"async\" style=\"margin-right: 12px;\" src=\"https:\/\/www.ferberpainting.com\/wp-content\/uploads\/2026\/02\/Check.svg\" alt=\"\" width=\"18\" height=\"15\" \/>R\u00fdchla akcia.<\/strong>\u00a0V\u010faka vysoko akt\u00edvnemu zlo\u017eeniu tento \u010distiaci prostriedok okam\u017eite p\u00f4sob\u00ed na ne\u010distoty a usaden\u00e9 usadeniny. V priebehu nieko\u013ek\u00fdch min\u00fat rozpust\u00ed zvy\u0161ky a u\u013eah\u010d\u00ed ich odstr\u00e1nenie bez toho, aby bolo potrebn\u00e9 zlo\u017eit\u00e9 rozoberanie spotrebi\u010da. Umo\u017e\u0148uje r\u00fdchle a \u00fa\u010dinn\u00e9 \u010distenie - ide\u00e1lne na bezprobl\u00e9mov\u00fa \u00fadr\u017ebu su\u0161i\u010dky a z\u00e1rove\u0148 zabezpe\u010duje \u00fa\u010dinnej\u0161ie a rovnomernej\u0161ie su\u0161enie bielizne.<\/p>\n<h2><strong>Protokol o pou\u017e\u00edvan\u00ed<\/strong><\/h2>\n<ul>\n<li><strong>Pr\u00edprava <\/strong>: Pred pou\u017eit\u00edm v\u00fdrobku sa uistite, \u017ee je su\u0161i\u010dka vypnut\u00e1 a pr\u00e1zdna. Uistite sa, \u017ee je filter \u017emolkov pr\u00edstupn\u00fd na h\u013abkov\u00e9 \u010distenie.<\/li>\n<li><strong style=\"font-size: 16px;\">Pou\u017eitie na bubne a filtroch <\/strong><span style=\"font-size: 16px;\">: Nalejte mal\u00e9 mno\u017estvo \u010distiaceho prostriedku na \u010dist\u00fa handri\u010dku alebo neabraz\u00edvnu \u0161pongiu a potom ho rovnomerne naneste na vn\u00fatorn\u00fd povrch bubna. Nanesen\u00edm pr\u00edpravku a jemn\u00fdm drhnut\u00edm vy\u010distite aj \u017emolkov\u00e9 filtre, aby ste odstr\u00e1nili nahromaden\u00e9 zvy\u0161ky.<\/span><\/li>\n<li><strong style=\"font-size: 16px;\">\u010cistenie ventila\u010dn\u00fdch kan\u00e1lov <\/strong><span style=\"font-size: 16px;\">: Na vetracie mrie\u017eky a v\u00fdfukov\u00e9 potrubia pou\u017eite sprej alebo handri\u010dku namo\u010den\u00fa v pr\u00edpravku. Pred utret\u00edm suchou handri\u010dkou nechajte pr\u00edpravok nieko\u013eko min\u00fat p\u00f4sobi\u0165, aby sa ne\u010distoty rozpustili.<\/span><\/li>\n<li><strong style=\"font-size: 16px;\">\u010cistenie sn\u00edma\u010dov vlhkosti <\/strong><span style=\"font-size: 16px;\">: Naneste mal\u00e9 mno\u017estvo pr\u00edpravku na handri\u010dku z mikrovl\u00e1kna a jemne utrite sn\u00edma\u010de vlhkosti umiestnen\u00e9 vo vn\u00fatri bubna. Pom\u00f4\u017ee to optimalizova\u0165 detekciu vlhkosti a zlep\u0161i\u0165 \u00fa\u010dinnos\u0165 su\u0161enia.<\/span><\/li>\n<li><strong style=\"font-size: 16px;\">Oplachovanie a kone\u010dn\u00e1 \u00faprava <\/strong><span style=\"font-size: 16px;\">: Utrite vlhkou handri\u010dkou, aby ste odstr\u00e1nili prebyto\u010dn\u00fd v\u00fdrobok, a potom ho osu\u0161te \u010distou, suchou handri\u010dkou.<\/span><\/li>\n<li><strong style=\"font-size: 16px;\">Spustenie \u010distiaceho cyklu <\/strong><span style=\"font-size: 16px;\">: Na h\u013abkov\u00e9 \u010distenie spustite cyklus su\u0161enia napr\u00e1zdno po dobu 10 min\u00fat, aby ste odstr\u00e1nili v\u0161etky zvy\u0161n\u00e9 \u010dastice a zaistili optim\u00e1lnu prev\u00e1dzku su\u0161i\u010dky.<\/span><\/li>\n<li><strong style=\"font-size: 16px;\">Frekvencia pou\u017e\u00edvania <\/strong><span style=\"font-size: 16px;\">: Aplikujte raz mesa\u010dne na pravideln\u00fa \u00fadr\u017ebu a na zabr\u00e1nenie hromadeniu zvy\u0161kov. V pr\u00edpade intenz\u00edvne pou\u017e\u00edvan\u00fdch su\u0161i\u010diek sa odpor\u00fa\u010da \u010distenie ka\u017ed\u00e9 dva t\u00fd\u017edne.<\/span><\/li>\n<li><strong style=\"font-size: 16px;\">\u00dalo\u017eisko <\/strong><span style=\"font-size: 16px;\">: Po ka\u017edom pou\u017eit\u00ed n\u00e1dobku tesne uzavrite a skladujte ju na chladnom a suchom mieste, mimo dosahu svetla a extr\u00e9mnych tepl\u00f4t, aby sa zachovala dlhodob\u00e1 \u00fa\u010dinnos\u0165 v\u00fdrobku.<\/span><\/li>\n<\/ul>\n<p>S na\u0161\u00edm \u010distiacim prostriedkom na su\u0161i\u010dky zaist\u00edte optim\u00e1lnu \u00fadr\u017ebu spotrebi\u010da, pred\u013a\u017eite jeho \u017eivotnos\u0165 a zv\u00fd\u0161ite \u00fa\u010dinnos\u0165 su\u0161enia v\u00e1\u0161ho oble\u010denia. Ide\u00e1lne rie\u0161enie pre trvalo \u010derstv\u00fa bielize\u0148, ni\u017e\u0161iu spotrebu energie a dokonale udr\u017eiavan\u00fa su\u0161i\u010dku.<\/p>","protected":false},"excerpt":{"rendered":"<p>Optimal Efficiency. This tumble dryer cleaner is specially designed to effectively eliminate detergent residues, limescale deposits, textile dust, as well as grease and dirt buildup that accumulates over time in the appliance. Thanks to its powerful formula, it deeply cleans the drum, filters, ventilation ducts, and internal components of the dryer. Its action helps ensure [&hellip;]<\/p>\n","protected":false},"featured_media":35828,"comment_status":"open","ping_status":"closed","template":"","meta":{"_uag_custom_page_level_css":"","site-sidebar-layout":"default","site-content-layout":"","ast-site-content-layout":"default","site-content-style":"default","site-sidebar-style":"default","ast-global-header-display":"","ast-banner-title-visibility":"","ast-main-header-display":"","ast-hfb-above-header-display":"","ast-hfb-below-header-display":"","ast-hfb-mobile-header-display":"","site-post-title":"","ast-breadcrumbs-content":"","ast-featured-img":"","footer-sml-layout":"","ast-disable-related-posts":"","theme-transparent-header-meta":"default","adv-header-id-meta":"","stick-header-meta":"","header-above-stick-meta":"","header-main-stick-meta":"","header-below-stick-meta":"","astra-migrate-meta-layouts":"set","ast-page-background-enabled":"default","ast-page-background-meta":{"desktop":{"background-color":"var(--ast-global-color-4)","background-image":"","background-repeat":"repeat","background-position":"center center","background-size":"auto","background-attachment":"scroll","background-type":"","background-media":"","overlay-type":"","overlay-color":"","overlay-opacity":"","overlay-gradient":""},"tablet":{"background-color":"","background-image":"","background-repeat":"repeat","background-position":"center center","background-size":"auto","background-attachment":"scroll","background-type":"","background-media":"","overlay-type":"","overlay-color":"","overlay-opacity":"","overlay-gradient":""},"mobile":{"background-color":"","background-image":"","background-repeat":"repeat","background-position":"center center","background-size":"auto","background-attachment":"scroll","background-type":"","background-media":"","overlay-type":"","overlay-color":"","overlay-opacity":"","overlay-gradient":""}},"ast-content-background-meta":{"desktop":{"background-color":"var(--ast-global-color-5)","background-image":"","background-repeat":"repeat","background-position":"center center","background-size":"auto","background-attachment":"scroll","background-type":"","background-media":"","overlay-type":"","overlay-color":"","overlay-opacity":"","overlay-gradient":""},"tablet":{"background-color":"var(--ast-global-color-5)","background-image":"","background-repeat":"repeat","background-position":"center center","background-size":"auto","background-attachment":"scroll","background-type":"","background-media":"","overlay-type":"","overlay-color":"","overlay-opacity":"","overlay-gradient":""},"mobile":{"background-color":"var(--ast-global-color-5)","background-image":"","background-repeat":"repeat","background-position":"center center","background-size":"auto","background-attachment":"scroll","background-type":"","background-media":"","overlay-type":"","overlay-color":"","overlay-opacity":"","overlay-gradient":""}}},"product_brand":[],"product_cat":[175],"product_tag":[],"class_list":{"0":"post-25605","1":"product","2":"type-product","3":"status-publish","4":"has-post-thumbnail","6":"product_cat-cleaning-products","7":"desktop-align-left","8":"tablet-align-left","9":"mobile-align-left","11":"first","12":"instock","13":"sale","14":"taxable","15":"shipping-taxable","16":"purchasable","17":"product-type-variable","18":"has-default-attributes"},"spectra_custom_meta":{"_visibility":["visible"],"_shopify_product_id":["9106239291637"],"_s2w_shopify_domain":["ferberpainting.myshopify.com"],"_shopify_variant_id":["46625778696437"],"_sku":[""],"_manage_stock":["no"],"total_sales":["39"],"_tax_status":["taxable"],"_tax_class":[""],"_backorders":["no"],"_sold_individually":["no"],"_virtual":["no"],"_downloadable":["no"],"_download_limit":["-1"],"_download_expiry":["-1"],"_stock":[null],"_stock_status":["instock"],"_wc_average_rating":["5.00"],"_wc_review_count":["10"],"_product_attributes":["a:1:{s:6:\"volume\";a:6:{s:4:\"name\";s:6:\"Volume\";s:5:\"value\";s:20:\"5 liters | 25 liters\";s:8:\"position\";i:1;s:10:\"is_visible\";i:0;s:12:\"is_variation\";i:1;s:11:\"is_taxonomy\";i:0;}}"],"_product_version":["10.5.1"],"wpse_downloadable_file_names":[""],"wpse_downloadable_file_urls":[""],"_edit_last":["1"],"_default_attributes":["a:1:{s:6:\"volume\";s:8:\"5 liters\";}"],"_edit_lock":["1771246347:1"],"_price":["29.90","129.90"],"merchant-center-availability":["yes"],"merchant-center-category":["7462"],"_thumbnail_id":["35828"],"_wp_page_template":["default"],"_wp_old_date":["2025-05-26"],"_product_image_gallery":["35829"],"site-sidebar-layout":["default"],"ast-site-content-layout":["default"],"site-content-style":["default"],"site-sidebar-style":["default"],"theme-transparent-header-meta":["default"],"_wc_rating_count":["a:1:{i:5;i:10;}"],"astra-migrate-meta-layouts":["set"],"_uag_css_file_name":["uag-css-25605.css"],"_elementor_page_assets":["a:0:{}"],"_uag_page_assets":["a:9:{s:3:\"css\";s:7133:\".uag-blocks-common-selector{z-index:var(--z-index-desktop) !important}@media(max-width: 976px){.uag-blocks-common-selector{z-index:var(--z-index-tablet) !important}}@media(max-width: 767px){.uag-blocks-common-selector{z-index:var(--z-index-mobile) !important}}.wp-block-uagb-image{display:flex}.wp-block-uagb-image__figure{position:relative;display:flex;flex-direction:column;max-width:100%;height:auto;margin:0}.wp-block-uagb-image__figure img{height:auto;display:flex;max-width:100%;transition:box-shadow .2s ease}.wp-block-uagb-image__figure>a{display:inline-block}.wp-block-uagb-image__figure figcaption{text-align:center;margin-top:.5em;margin-bottom:1em}.wp-block-uagb-image .components-placeholder.block-editor-media-placeholder .components-placeholder__instructions{align-self:center}.wp-block-uagb-image--align-left{text-align:left}.wp-block-uagb-image--align-right{text-align:right}.wp-block-uagb-image--align-center{text-align:center}.wp-block-uagb-image--align-full .wp-block-uagb-image__figure{margin-left:calc(50% - 50vw);margin-right:calc(50% - 50vw);max-width:100vw;width:100vw;height:auto}.wp-block-uagb-image--align-full .wp-block-uagb-image__figure img{height:auto;width:100% !important}.wp-block-uagb-image--align-wide .wp-block-uagb-image__figure img{height:auto;width:100%}.wp-block-uagb-image--layout-overlay__color-wrapper{position:absolute;left:0;top:0;right:0;bottom:0;opacity:.2;background:rgba(0,0,0,.5);transition:opacity .35s ease-in-out}.wp-block-uagb-image--layout-overlay-link{position:absolute;left:0;right:0;bottom:0;top:0}.wp-block-uagb-image--layout-overlay .wp-block-uagb-image__figure:hover .wp-block-uagb-image--layout-overlay__color-wrapper{opacity:1}.wp-block-uagb-image--layout-overlay__inner{position:absolute;left:15px;right:15px;bottom:15px;top:15px;display:flex;align-items:center;justify-content:center;flex-direction:column;border-color:#fff;transition:.35s ease-in-out}.wp-block-uagb-image--layout-overlay__inner.top-left,.wp-block-uagb-image--layout-overlay__inner.top-center,.wp-block-uagb-image--layout-overlay__inner.top-right{justify-content:flex-start}.wp-block-uagb-image--layout-overlay__inner.bottom-left,.wp-block-uagb-image--layout-overlay__inner.bottom-center,.wp-block-uagb-image--layout-overlay__inner.bottom-right{justify-content:flex-end}.wp-block-uagb-image--layout-overlay__inner.top-left,.wp-block-uagb-image--layout-overlay__inner.center-left,.wp-block-uagb-image--layout-overlay__inner.bottom-left{align-items:flex-start}.wp-block-uagb-image--layout-overlay__inner.top-right,.wp-block-uagb-image--layout-overlay__inner.center-right,.wp-block-uagb-image--layout-overlay__inner.bottom-right{align-items:flex-end}.wp-block-uagb-image--layout-overlay__inner .uagb-image-heading{color:#fff;transition:transform .35s,opacity .35s ease-in-out;transform:translate3d(0, 24px, 0);margin:0;line-height:1em}.wp-block-uagb-image--layout-overlay__inner .uagb-image-separator{width:30%;border-top-width:2px;border-top-color:#fff;border-top-style:solid;margin-bottom:10px;opacity:0;transition:transform .4s,opacity .4s ease-in-out;transform:translate3d(0, 30px, 0)}.wp-block-uagb-image--layout-overlay__inner .uagb-image-caption{opacity:0;overflow:visible;color:#fff;transition:transform .45s,opacity .45s ease-in-out;transform:translate3d(0, 35px, 0)}.wp-block-uagb-image--layout-overlay__inner:hover .uagb-image-heading,.wp-block-uagb-image--layout-overlay__inner:hover .uagb-image-separator,.wp-block-uagb-image--layout-overlay__inner:hover .uagb-image-caption{opacity:1;transform:translate3d(0, 0, 0)}.wp-block-uagb-image--effect-zoomin .wp-block-uagb-image__figure img,.wp-block-uagb-image--effect-zoomin .wp-block-uagb-image__figure .wp-block-uagb-image--layout-overlay__color-wrapper{transform:scale(1);transition:transform .35s ease-in-out}.wp-block-uagb-image--effect-zoomin .wp-block-uagb-image__figure:hover img,.wp-block-uagb-image--effect-zoomin .wp-block-uagb-image__figure:hover .wp-block-uagb-image--layout-overlay__color-wrapper{transform:scale(1.05)}.wp-block-uagb-image--effect-slide .wp-block-uagb-image__figure img,.wp-block-uagb-image--effect-slide .wp-block-uagb-image__figure .wp-block-uagb-image--layout-overlay__color-wrapper{width:calc(100% + 40px) !important;max-width:none !important;transform:translate3d(-40px, 0, 0);transition:transform .35s ease-in-out}.wp-block-uagb-image--effect-slide .wp-block-uagb-image__figure:hover img,.wp-block-uagb-image--effect-slide .wp-block-uagb-image__figure:hover .wp-block-uagb-image--layout-overlay__color-wrapper{transform:translate3d(0, 0, 0)}.wp-block-uagb-image--effect-grayscale img{filter:grayscale(0%);transition:.35s ease-in-out}.wp-block-uagb-image--effect-grayscale:hover img{filter:grayscale(100%)}.wp-block-uagb-image--effect-blur img{filter:blur(0);transition:.35s ease-in-out}.wp-block-uagb-image--effect-blur:hover img{filter:blur(3px)}.uagb-block-e6f939b3.wp-block-uagb-image--layout-default figure img{box-shadow: 0px 0px 0 #00000070;}.uagb-block-e6f939b3.wp-block-uagb-image .wp-block-uagb-image__figure figcaption{font-style: normal;align-self: center;}.uagb-block-e6f939b3.wp-block-uagb-image--layout-overlay figure img{box-shadow: 0px 0px 0 #00000070;}.uagb-block-e6f939b3.wp-block-uagb-image--layout-overlay .wp-block-uagb-image--layout-overlay__color-wrapper{opacity: 0.2;}.uagb-block-e6f939b3.wp-block-uagb-image--layout-overlay .wp-block-uagb-image--layout-overlay__inner{left: 15px;right: 15px;top: 15px;bottom: 15px;}.uagb-block-e6f939b3.wp-block-uagb-image--layout-overlay .wp-block-uagb-image--layout-overlay__inner .uagb-image-heading{font-style: normal;color: #fff;opacity: 1;}.uagb-block-e6f939b3.wp-block-uagb-image--layout-overlay .wp-block-uagb-image--layout-overlay__inner .uagb-image-heading a{color: #fff;}.uagb-block-e6f939b3.wp-block-uagb-image--layout-overlay .wp-block-uagb-image--layout-overlay__inner .uagb-image-caption{opacity: 0;}.uagb-block-e6f939b3.wp-block-uagb-image--layout-overlay .wp-block-uagb-image__figure:hover .wp-block-uagb-image--layout-overlay__color-wrapper{opacity: 1;}.uagb-block-e6f939b3.wp-block-uagb-image .wp-block-uagb-image--layout-overlay__inner .uagb-image-separator{width: 30%;border-top-width: 2px;border-top-color: #fff;opacity: 0;}.uagb-block-e6f939b3.wp-block-uagb-image .wp-block-uagb-image__figure img{width: px;height: auto;}.uagb-block-e6f939b3.wp-block-uagb-image .wp-block-uagb-image__figure:hover .wp-block-uagb-image--layout-overlay__inner .uagb-image-caption{opacity: 1;}.uagb-block-e6f939b3.wp-block-uagb-image .wp-block-uagb-image__figure:hover .wp-block-uagb-image--layout-overlay__inner .uagb-image-separator{opacity: 1;}.uagb-block-e6f939b3.wp-block-uagb-image--layout-default figure:hover img{box-shadow: 0px 0px 0 #00000070;}.uagb-block-e6f939b3.wp-block-uagb-image--layout-overlay figure:hover img{box-shadow: 0px 0px 0 #00000070;}@media only screen and (max-width: 976px) {.uagb-block-e6f939b3.wp-block-uagb-image .wp-block-uagb-image__figure img{width: px;height: auto;}}@media only screen and (max-width: 767px) {.uagb-block-e6f939b3.wp-block-uagb-image .wp-block-uagb-image__figure img{width: px;height: auto;}}\";s:2:\"js\";s:0:\"\";s:18:\"current_block_list\";a:13:{i:0;s:11:\"core\/search\";i:1;s:10:\"core\/group\";i:2;s:12:\"core\/heading\";i:3;s:17:\"core\/latest-posts\";i:4;s:20:\"core\/latest-comments\";i:5;s:13:\"core\/archives\";i:6;s:15:\"core\/categories\";i:7;s:14:\"core\/paragraph\";i:8;s:10:\"uagb\/image\";i:9;s:11:\"core\/spacer\";i:10;s:30:\"woocommerce\/product-categories\";i:11;s:10:\"core\/image\";i:12;s:14:\"core\/shortcode\";}s:8:\"uag_flag\";b:1;s:11:\"uag_version\";s:10:\"1777235102\";s:6:\"gfonts\";a:0:{}s:10:\"gfonts_url\";s:0:\"\";s:12:\"gfonts_files\";a:0:{}s:14:\"uag_faq_layout\";b:0;}"]},"uagb_featured_image_src":{"full":["https:\/\/www.ferberpainting.com\/wp-content\/uploads\/2025\/05\/Tumble-Dryer-Cleaner-5L.png",2560,2560,false],"thumbnail":["https:\/\/www.ferberpainting.com\/wp-content\/uploads\/2025\/05\/Tumble-Dryer-Cleaner-5L-150x150.png",150,150,true],"medium":["https:\/\/www.ferberpainting.com\/wp-content\/uploads\/2025\/05\/Tumble-Dryer-Cleaner-5L-300x300.png",300,300,true],"medium_large":["https:\/\/www.ferberpainting.com\/wp-content\/uploads\/2025\/05\/Tumble-Dryer-Cleaner-5L-768x768.png",768,768,true],"large":["https:\/\/www.ferberpainting.com\/wp-content\/uploads\/2025\/05\/Tumble-Dryer-Cleaner-5L-1024x1024.png",1024,1024,true],"1536x1536":["https:\/\/www.ferberpainting.com\/wp-content\/uploads\/2025\/05\/Tumble-Dryer-Cleaner-5L-1536x1536.png",1536,1536,true],"2048x2048":["https:\/\/www.ferberpainting.com\/wp-content\/uploads\/2025\/05\/Tumble-Dryer-Cleaner-5L-2048x2048.png",2048,2048,true],"trp-custom-language-flag":["https:\/\/www.ferberpainting.com\/wp-content\/uploads\/2025\/05\/Tumble-Dryer-Cleaner-5L-12x12.png",12,12,true],"woocommerce_thumbnail":["https:\/\/www.ferberpainting.com\/wp-content\/uploads\/2025\/05\/Tumble-Dryer-Cleaner-5L-300x300.png",300,300,true],"woocommerce_single":["https:\/\/www.ferberpainting.com\/wp-content\/uploads\/2025\/05\/Tumble-Dryer-Cleaner-5L-600x600.png",600,600,true],"woocommerce_gallery_thumbnail":["https:\/\/www.ferberpainting.com\/wp-content\/uploads\/2025\/05\/Tumble-Dryer-Cleaner-5L-100x100.png",100,100,true]},"uagb_author_info":{"display_name":"admin","author_link":"https:\/\/www.ferberpainting.com\/sk\/author\/"},"uagb_comment_info":10,"uagb_excerpt":"Optimal Efficiency. This tumble dryer cleaner is specially designed to effectively eliminate detergent residues, limescale deposits, textile dust, as well as grease and dirt buildup that accumulates over time in the appliance. Thanks to its powerful formula, it deeply cleans the drum, filters, ventilation ducts, and internal components of the dryer. Its action helps ensure&hellip;","_links":{"self":[{"href":"https:\/\/www.ferberpainting.com\/sk\/wp-json\/wp\/v2\/product\/25605","targetHints":{"allow":["GET"]}}],"collection":[{"href":"https:\/\/www.ferberpainting.com\/sk\/wp-json\/wp\/v2\/product"}],"about":[{"href":"https:\/\/www.ferberpainting.com\/sk\/wp-json\/wp\/v2\/types\/product"}],"replies":[{"embeddable":true,"href":"https:\/\/www.ferberpainting.com\/sk\/wp-json\/wp\/v2\/comments?post=25605"}],"version-history":[{"count":4,"href":"https:\/\/www.ferberpainting.com\/sk\/wp-json\/wp\/v2\/product\/25605\/revisions"}],"predecessor-version":[{"id":167499,"href":"https:\/\/www.ferberpainting.com\/sk\/wp-json\/wp\/v2\/product\/25605\/revisions\/167499"}],"wp:featuredmedia":[{"embeddable":true,"href":"https:\/\/www.ferberpainting.com\/sk\/wp-json\/wp\/v2\/media\/35828"}],"wp:attachment":[{"href":"https:\/\/www.ferberpainting.com\/sk\/wp-json\/wp\/v2\/media?parent=25605"}],"wp:term":[{"taxonomy":"product_brand","embeddable":true,"href":"https:\/\/www.ferberpainting.com\/sk\/wp-json\/wp\/v2\/product_brand?post=25605"},{"taxonomy":"product_cat","embeddable":true,"href":"https:\/\/www.ferberpainting.com\/sk\/wp-json\/wp\/v2\/product_cat?post=25605"},{"taxonomy":"product_tag","embeddable":true,"href":"https:\/\/www.ferberpainting.com\/sk\/wp-json\/wp\/v2\/product_tag?post=25605"}],"curies":[{"name":"wp","href":"https:\/\/api.w.org\/{rel}","templated":true}]}}