{"id":25604,"date":"2025-05-26T10:32:43","date_gmt":"2025-05-26T08:32:43","guid":{"rendered":"https:\/\/www.ferberpainting.com\/products\/truffle-tree-fertilizer\/"},"modified":"2026-02-16T13:50:18","modified_gmt":"2026-02-16T12:50:18","slug":"truffle-tree-fertilizer","status":"publish","type":"product","link":"https:\/\/www.ferberpainting.com\/sk\/products\/truffle-tree-fertilizer\/","title":{"rendered":"Hnojivo na h\u013euzovky 25 kg"},"content":{"rendered":"<p><strong><img decoding=\"async\" style=\"margin-right: 12px;\" src=\"https:\/\/www.ferberpainting.com\/wp-content\/uploads\/2026\/02\/Check.svg\" alt=\"\" width=\"18\" height=\"15\" \/>Hnojivo \u0161peci\u00e1lne navrhnut\u00e9 na podporu mykoriz\u00e1cie h\u013euzoviek.<\/strong>\u00a0Toto granulovan\u00e9 hnojivo bolo \u0161peci\u00e1lne vyvinut\u00e9 tak, aby sp\u013a\u0148alo potreby h\u013euzoviek a poskytovalo im z\u00e1kladn\u00e9 \u017eiviny potrebn\u00e9 pre ich v\u00fdvoj. Podporuje vyv\u00e1\u017een\u00fa a progres\u00edvnu v\u00fd\u017eivu, ktor\u00e1 stimuluje rast kore\u0148ov a implant\u00e1ciu myc\u00e9lia h\u013euzoviek. V\u010faka vyv\u00e1\u017een\u00e9mu zlo\u017eeniu dus\u00edka, fosforu a drasl\u00edka (NPK 10-10-10) toto hnojivo podporuje symbi\u00f3zu medzi stromom a h\u013euzovkou a z\u00e1rove\u0148 posil\u0148uje vitalitu h\u013euzoviek a ich odolnos\u0165 vo\u010di environment\u00e1lnemu stresu.<\/p>\n<p><strong><img decoding=\"async\" style=\"margin-right: 12px;\" src=\"https:\/\/www.ferberpainting.com\/wp-content\/uploads\/2026\/02\/Check.svg\" alt=\"\" width=\"18\" height=\"15\" \/>Z\u00e1ruka vr\u00e1tenia pe\u0148az\u00ed.<\/strong>\u00a0Sme presved\u010den\u00ed o \u00fa\u010dinnosti n\u00e1\u0161ho hnojiva na h\u013euzovky, a preto pon\u00fakame vr\u00e1tenie pe\u0148az\u00ed v plnej v\u00fd\u0161ke, ak nebudete s v\u00fdsledkami \u00faplne spokojn\u00ed. Ak po pou\u017eit\u00ed nezaznamen\u00e1te \u017eiadne zlep\u0161enie v raste va\u0161ich stromov alebo v tvorbe mykor\u00edzy, zav\u00e4zujeme sa v\u00e1m bezpodmiene\u010dne vr\u00e1ti\u0165 peniaze.<\/p>\n<p><strong><img decoding=\"async\" style=\"margin-right: 12px;\" src=\"https:\/\/www.ferberpainting.com\/wp-content\/uploads\/2026\/02\/Check.svg\" alt=\"\" width=\"18\" height=\"15\" \/>Univerz\u00e1lne hnojivo vhodn\u00e9 pre r\u00f4zne p\u00f4dy a druhy h\u013euzoviek.<\/strong>\u00a0Toto hnojivo je kompatibiln\u00e9 so v\u0161etk\u00fdmi druhmi h\u013euzovkov\u00fdch dubov vr\u00e1tane duba plstnat\u00e9ho, duba zelen\u00e9ho a duba bieleho, ako aj s lieskami na pestovanie h\u013euzoviek. Je tie\u017e prisp\u00f4soben\u00e9 v\u00e1penat\u00fdm, \u00edlovito-v\u00e1penat\u00fdm a hlinit\u00fdm p\u00f4dam, \u010d\u00edm podporuje lep\u0161iu asimil\u00e1ciu \u017eiv\u00edn a optim\u00e1lnu mykoriz\u00e1ciu.<\/p>\n<p><strong><img decoding=\"async\" style=\"margin-right: 12px;\" src=\"https:\/\/www.ferberpainting.com\/wp-content\/uploads\/2026\/02\/Check.svg\" alt=\"\" width=\"18\" height=\"15\" \/>V\u00fdnimo\u010dn\u00fd ekonomick\u00fd v\u00fdnos pre dlhodob\u00e9 hnojenie.<\/strong>\u00a0V\u010faka vysokej koncentr\u00e1cii \u017eiv\u00edn zabezpe\u010duje toto hnojivo \u00fa\u010dinn\u00e9 hnojenie s mal\u00fdm mno\u017estvom pr\u00edpravku na jeden strom. S 25 kg vreckom m\u00f4\u017eete o\u0161etri\u0165 ve\u013ek\u00fa plochu v\u00fdsadby. Jeho v\u00fd\u0165a\u017enos\u0165 200 gramov na strom z neho rob\u00ed n\u00e1kladovo efekt\u00edvnu a \u00fa\u010dinn\u00fa vo\u013ebu pre v\u0161etk\u00fdch pestovate\u013eov h\u013euzoviek.<\/p>\n<p><strong><img decoding=\"async\" style=\"margin-right: 12px;\" src=\"https:\/\/www.ferberpainting.com\/wp-content\/uploads\/2026\/02\/Check.svg\" alt=\"\" width=\"18\" height=\"15\" \/>Hnojivo \u0161etrn\u00e9 k \u017eivotn\u00e9mu prostrediu, ktor\u00e9 je bezpe\u010dn\u00e9 pre faunu a fl\u00f3ru.<\/strong>\u00a0Toto hnojivo je formulovan\u00e9 bez toxick\u00fdch produktov, nemen\u00ed biodiverzitu p\u00f4dy, neuvo\u013e\u0148uje \u017eiadne \u0161kodliv\u00e9 chemick\u00e9 zvy\u0161ky a pom\u00e1ha zachova\u0165 mikroorganizmy prospe\u0161n\u00e9 pre pestovanie h\u013euzoviek. Je ne\u0161kodn\u00e9 pre zvierat\u00e1, hmyz a organizmy pr\u00edtomn\u00e9 v p\u00f4de, \u010d\u00edm zabezpe\u010duje harmonick\u00fd v\u00fdvoj h\u013euzoviek a mykor\u00edznej siete.<\/p>\n<p><strong><img decoding=\"async\" style=\"margin-right: 12px;\" src=\"https:\/\/www.ferberpainting.com\/wp-content\/uploads\/2026\/02\/Check.svg\" alt=\"\" width=\"18\" height=\"15\" \/>Jednoduch\u00e1 a r\u00fdchla aplik\u00e1cia bez rizika pred\u00e1vkovania.<\/strong>\u00a0Toto hnojivo sa pou\u017e\u00edva v pevnej forme, \u010do u\u013eah\u010duje jeho aplik\u00e1ciu bez potreby predch\u00e1dzaj\u00faceho riedenia. Odpor\u00fa\u010dan\u00e9 mno\u017estvo jednoducho rozotrite okolo stromu a z\u013eahka ho zapracujte do p\u00f4dy, aby sa zabezpe\u010dilo postupn\u00e9 uvo\u013e\u0148ovanie \u017eiv\u00edn.<\/p>\n<p><strong><img decoding=\"async\" style=\"margin-right: 12px;\" src=\"https:\/\/www.ferberpainting.com\/wp-content\/uploads\/2026\/02\/Check.svg\" alt=\"\" width=\"18\" height=\"15\" \/>Dlhodob\u00fd \u00fa\u010dinok na trval\u00fd rast h\u013euzoviek.<\/strong>\u00a0V\u010faka svojmu zlo\u017eeniu s pomal\u00fdm uvo\u013e\u0148ovan\u00edm zabezpe\u010duje toto hnojivo stabiln\u00e9 uvo\u013e\u0148ovanie \u017eiv\u00edn po\u010das celej sez\u00f3ny. Podporuje rozvoj kore\u0148ov, stimuluje mykor\u00edznu aktivitu a zlep\u0161uje celkov\u00fd zdravotn\u00fd stav h\u013euzoviek, \u010d\u00edm zvy\u0161uje \u0161ance na bohat\u00fa a udr\u017eate\u013en\u00fa produkciu h\u013euzoviek.<\/p>\n<p><strong><img decoding=\"async\" style=\"margin-right: 12px;\" src=\"https:\/\/www.ferberpainting.com\/wp-content\/uploads\/2026\/02\/Check.svg\" alt=\"\" width=\"18\" height=\"15\" \/>Vidite\u013en\u00e9 v\u00fdsledky z prvej sez\u00f3ny.<\/strong>\u00a0U\u017e v prv\u00fdch t\u00fd\u017ed\u0148och po aplik\u00e1cii m\u00f4\u017eete pozorova\u0165 dynamickej\u0161\u00ed rast stromu, lep\u0161iu hustotu kore\u0148ov a celkov\u00e9 zlep\u0161enie zdravotn\u00e9ho stavu h\u013euzoviek. Toto hnojivo stimuluje tvorbu kore\u0148ov a sekund\u00e1rnych kore\u0148ov, \u010do podporuje mykoriz\u00e1ciu a produkciu h\u013euzoviek.<\/p>\n<h2><strong>Protokol o pou\u017e\u00edvan\u00ed<\/strong><\/h2>\n<p><strong>Odpor\u00fa\u010dan\u00e9 d\u00e1vkovanie <\/strong>:<\/p>\n<ul>\n<li>200 gramov hnojiva na strom, ktor\u00e9 sa aplikuje raz alebo dvakr\u00e1t ro\u010dne, najlep\u0161ie na jar a na jese\u0148.<\/li>\n<li>Pri mlad\u00fdch v\u00fdsadb\u00e1ch sta\u010d\u00ed na podporu r\u00fdchleho ujatia a rovnomern\u00e9ho rastu zn\u00ed\u017een\u00e1 d\u00e1vka 100 gramov na strom.<\/li>\n<\/ul>\n<p><strong>Sp\u00f4sob aplik\u00e1cie <\/strong>:<\/p>\n<ul>\n<li>Hnojivo rozmiestnite v kruhu okolo z\u00e1kladne stromu, pri\u010dom d\u00e1vajte pozor, aby ste ho neumiestnili priamo na kme\u0148.<\/li>\n<li>Hnojivo z\u013eahka zapracujte do p\u00f4dy pomocou hrabl\u00ed alebo paz\u00farikov, aby sa zabezpe\u010dila lep\u0161ia asimil\u00e1cia \u017eiv\u00edn.<\/li>\n<li>Po aplik\u00e1cii zalejte, aby ste podporili uvo\u013e\u0148ovanie miner\u00e1lnych prvkov a aktivovali mikrobi\u00e1lnu aktivitu p\u00f4dy.<\/li>\n<\/ul>\n<p><strong>Frekvencia pou\u017e\u00edvania <\/strong>:<\/p>\n<ul>\n<li><strong>Na jar (marec-apr\u00edl) <\/strong>: Podporuje v\u00fdvoj kore\u0148ov a stimuluje myc\u00e9lium h\u013euzoviek.<\/li>\n<li><strong>Na jese\u0148 (september - okt\u00f3ber) <\/strong>: Pr\u00edprava h\u013euzoviek na chladn\u00e9 obdobie a podpora ich v\u00fd\u017eivy na nasleduj\u00faci rok.<\/li>\n<\/ul>\n<p><strong>Bezpe\u010dnostn\u00e9 opatrenia pri pou\u017e\u00edvan\u00ed <\/strong>:<\/p>\n<ul>\n<li>Vyhnite sa pred\u00e1vkovaniu, preto\u017ee pr\u00edli\u0161n\u00e9 hnojenie m\u00f4\u017ee naru\u0161i\u0165 rovnov\u00e1hu p\u00f4dy a spomali\u0165 tvorbu h\u013euzoviek.<\/li>\n<li>Nepou\u017e\u00edvajte v lete po\u010das obdobia vysok\u00fdch hor\u00fa\u010dav, preto\u017ee absorpcia \u017eiv\u00edn je ni\u017e\u0161ia a zvy\u0161uje sa odparovanie.<\/li>\n<li>Skladujte na suchom, vetranom mieste, mimo dosahu vlhkosti, aby sa zachovala kvalita a \u00fa\u010dinnos\u0165 v\u00fdrobku.<\/li>\n<\/ul>\n<p>Toto hnojivo na h\u013euzovky je ide\u00e1lnym rie\u0161en\u00edm pre v\u0161etk\u00fdch nad\u0161encov pestovania h\u013euzoviek, ktor\u00ed chc\u00fa maximalizova\u0165 rast stromov a optimalizova\u0165 produkciu h\u013euzoviek.<br \/>\n\u013dahko sa pou\u017e\u00edva, je n\u00e1kladovo efekt\u00edvny a \u0161etrn\u00fd k \u017eivotn\u00e9mu prostrediu a pon\u00faka kompletn\u00e9 a udr\u017eate\u013en\u00e9 hnojenie pre bohat\u00fa a produkt\u00edvnu p\u00f4du.<\/p>","protected":false},"excerpt":{"rendered":"<p>A fertilizer specially designed to promote truffle mycorrhization.\u00a0This granular fertilizer has been specially formulated to meet the needs of truffle trees, by providing the essential nutrients needed for their development. It promotes a balanced and progressive nutrition, which stimulates root growth and the implantation of the truffle mycelium. Thanks to its balanced formulation in nitrogen, [&hellip;]<\/p>\n","protected":false},"featured_media":27436,"comment_status":"open","ping_status":"closed","template":"","meta":{"_uag_custom_page_level_css":"","site-sidebar-layout":"default","site-content-layout":"","ast-site-content-layout":"default","site-content-style":"default","site-sidebar-style":"default","ast-global-header-display":"","ast-banner-title-visibility":"","ast-main-header-display":"","ast-hfb-above-header-display":"","ast-hfb-below-header-display":"","ast-hfb-mobile-header-display":"","site-post-title":"","ast-breadcrumbs-content":"","ast-featured-img":"","footer-sml-layout":"","ast-disable-related-posts":"","theme-transparent-header-meta":"default","adv-header-id-meta":"","stick-header-meta":"","header-above-stick-meta":"","header-main-stick-meta":"","header-below-stick-meta":"","astra-migrate-meta-layouts":"set","ast-page-background-enabled":"default","ast-page-background-meta":{"desktop":{"background-color":"var(--ast-global-color-4)","background-image":"","background-repeat":"repeat","background-position":"center center","background-size":"auto","background-attachment":"scroll","background-type":"","background-media":"","overlay-type":"","overlay-color":"","overlay-opacity":"","overlay-gradient":""},"tablet":{"background-color":"","background-image":"","background-repeat":"repeat","background-position":"center center","background-size":"auto","background-attachment":"scroll","background-type":"","background-media":"","overlay-type":"","overlay-color":"","overlay-opacity":"","overlay-gradient":""},"mobile":{"background-color":"","background-image":"","background-repeat":"repeat","background-position":"center center","background-size":"auto","background-attachment":"scroll","background-type":"","background-media":"","overlay-type":"","overlay-color":"","overlay-opacity":"","overlay-gradient":""}},"ast-content-background-meta":{"desktop":{"background-color":"var(--ast-global-color-5)","background-image":"","background-repeat":"repeat","background-position":"center center","background-size":"auto","background-attachment":"scroll","background-type":"","background-media":"","overlay-type":"","overlay-color":"","overlay-opacity":"","overlay-gradient":""},"tablet":{"background-color":"var(--ast-global-color-5)","background-image":"","background-repeat":"repeat","background-position":"center center","background-size":"auto","background-attachment":"scroll","background-type":"","background-media":"","overlay-type":"","overlay-color":"","overlay-opacity":"","overlay-gradient":""},"mobile":{"background-color":"var(--ast-global-color-5)","background-image":"","background-repeat":"repeat","background-position":"center center","background-size":"auto","background-attachment":"scroll","background-type":"","background-media":"","overlay-type":"","overlay-color":"","overlay-opacity":"","overlay-gradient":""}}},"product_brand":[],"product_cat":[178],"product_tag":[],"class_list":{"0":"post-25604","1":"product","2":"type-product","3":"status-publish","4":"has-post-thumbnail","6":"product_cat-fertilizers","7":"desktop-align-left","8":"tablet-align-left","9":"mobile-align-left","11":"first","12":"instock","13":"taxable","14":"shipping-taxable","15":"purchasable","16":"product-type-simple"},"spectra_custom_meta":{"_visibility":["visible"],"_shopify_product_id":["9073230774517"],"_s2w_shopify_domain":["ferberpainting.myshopify.com"],"_shopify_variant_id":["46524447981813"],"_sku":["FPTRUFFLETREEFERTILIZER25KG"],"_regular_price":["39.90"],"_price":["39.90"],"_sale_price":[""],"_weight":["18.7"],"_thumbnail_id":["27436"],"_global_unique_id":["5056773817920"],"total_sales":["14"],"_tax_status":["taxable"],"_tax_class":[""],"_manage_stock":["no"],"_backorders":["no"],"_sold_individually":["no"],"_virtual":["no"],"_downloadable":["no"],"_download_limit":["-1"],"_download_expiry":["-1"],"_stock":[null],"_stock_status":["instock"],"_wc_average_rating":["5.00"],"_wc_review_count":["33"],"_product_version":["10.5.1"],"_wc_rating_count":["a:1:{i:5;i:33;}"],"_edit_lock":["1771246083:1"],"merchant-center-availability":["yes"],"merchant-center-category":["113"],"_edit_last":["1"],"_wp_page_template":["default"],"site-sidebar-layout":["default"],"ast-site-content-layout":["default"],"site-content-style":["default"],"site-sidebar-style":["default"],"theme-transparent-header-meta":["default"],"astra-migrate-meta-layouts":["set"],"_uag_css_file_name":["uag-css-25604.css"],"_elementor_page_assets":["a:0:{}"],"_uag_page_assets":["a:9:{s:3:\"css\";s:6873:\".wp-block-uagb-image{display:flex}.wp-block-uagb-image__figure{position:relative;display:flex;flex-direction:column;max-width:100%;height:auto;margin:0}.wp-block-uagb-image__figure img{height:auto;display:flex;max-width:100%;transition:box-shadow .2s ease}.wp-block-uagb-image__figure>a{display:inline-block}.wp-block-uagb-image__figure figcaption{text-align:center;margin-top:.5em;margin-bottom:1em}.wp-block-uagb-image .components-placeholder.block-editor-media-placeholder .components-placeholder__instructions{align-self:center}.wp-block-uagb-image--align-left{text-align:left}.wp-block-uagb-image--align-right{text-align:right}.wp-block-uagb-image--align-center{text-align:center}.wp-block-uagb-image--align-full .wp-block-uagb-image__figure{margin-left:calc(50% - 50vw);margin-right:calc(50% - 50vw);max-width:100vw;width:100vw;height:auto}.wp-block-uagb-image--align-full .wp-block-uagb-image__figure img{height:auto;width:100% !important}.wp-block-uagb-image--align-wide .wp-block-uagb-image__figure img{height:auto;width:100%}.wp-block-uagb-image--layout-overlay__color-wrapper{position:absolute;left:0;top:0;right:0;bottom:0;opacity:.2;background:rgba(0,0,0,.5);transition:opacity .35s ease-in-out}.wp-block-uagb-image--layout-overlay-link{position:absolute;left:0;right:0;bottom:0;top:0}.wp-block-uagb-image--layout-overlay .wp-block-uagb-image__figure:hover .wp-block-uagb-image--layout-overlay__color-wrapper{opacity:1}.wp-block-uagb-image--layout-overlay__inner{position:absolute;left:15px;right:15px;bottom:15px;top:15px;display:flex;align-items:center;justify-content:center;flex-direction:column;border-color:#fff;transition:.35s ease-in-out}.wp-block-uagb-image--layout-overlay__inner.top-left,.wp-block-uagb-image--layout-overlay__inner.top-center,.wp-block-uagb-image--layout-overlay__inner.top-right{justify-content:flex-start}.wp-block-uagb-image--layout-overlay__inner.bottom-left,.wp-block-uagb-image--layout-overlay__inner.bottom-center,.wp-block-uagb-image--layout-overlay__inner.bottom-right{justify-content:flex-end}.wp-block-uagb-image--layout-overlay__inner.top-left,.wp-block-uagb-image--layout-overlay__inner.center-left,.wp-block-uagb-image--layout-overlay__inner.bottom-left{align-items:flex-start}.wp-block-uagb-image--layout-overlay__inner.top-right,.wp-block-uagb-image--layout-overlay__inner.center-right,.wp-block-uagb-image--layout-overlay__inner.bottom-right{align-items:flex-end}.wp-block-uagb-image--layout-overlay__inner .uagb-image-heading{color:#fff;transition:transform .35s,opacity .35s ease-in-out;transform:translate3d(0, 24px, 0);margin:0;line-height:1em}.wp-block-uagb-image--layout-overlay__inner .uagb-image-separator{width:30%;border-top-width:2px;border-top-color:#fff;border-top-style:solid;margin-bottom:10px;opacity:0;transition:transform .4s,opacity .4s ease-in-out;transform:translate3d(0, 30px, 0)}.wp-block-uagb-image--layout-overlay__inner .uagb-image-caption{opacity:0;overflow:visible;color:#fff;transition:transform .45s,opacity .45s ease-in-out;transform:translate3d(0, 35px, 0)}.wp-block-uagb-image--layout-overlay__inner:hover .uagb-image-heading,.wp-block-uagb-image--layout-overlay__inner:hover .uagb-image-separator,.wp-block-uagb-image--layout-overlay__inner:hover .uagb-image-caption{opacity:1;transform:translate3d(0, 0, 0)}.wp-block-uagb-image--effect-zoomin .wp-block-uagb-image__figure img,.wp-block-uagb-image--effect-zoomin .wp-block-uagb-image__figure .wp-block-uagb-image--layout-overlay__color-wrapper{transform:scale(1);transition:transform .35s ease-in-out}.wp-block-uagb-image--effect-zoomin .wp-block-uagb-image__figure:hover img,.wp-block-uagb-image--effect-zoomin .wp-block-uagb-image__figure:hover .wp-block-uagb-image--layout-overlay__color-wrapper{transform:scale(1.05)}.wp-block-uagb-image--effect-slide .wp-block-uagb-image__figure img,.wp-block-uagb-image--effect-slide .wp-block-uagb-image__figure .wp-block-uagb-image--layout-overlay__color-wrapper{width:calc(100% + 40px) !important;max-width:none !important;transform:translate3d(-40px, 0, 0);transition:transform .35s ease-in-out}.wp-block-uagb-image--effect-slide .wp-block-uagb-image__figure:hover img,.wp-block-uagb-image--effect-slide .wp-block-uagb-image__figure:hover .wp-block-uagb-image--layout-overlay__color-wrapper{transform:translate3d(0, 0, 0)}.wp-block-uagb-image--effect-grayscale img{filter:grayscale(0%);transition:.35s ease-in-out}.wp-block-uagb-image--effect-grayscale:hover img{filter:grayscale(100%)}.wp-block-uagb-image--effect-blur img{filter:blur(0);transition:.35s ease-in-out}.wp-block-uagb-image--effect-blur:hover img{filter:blur(3px)}.uagb-block-e6f939b3.wp-block-uagb-image--layout-default figure img{box-shadow: 0px 0px 0 #00000070;}.uagb-block-e6f939b3.wp-block-uagb-image .wp-block-uagb-image__figure figcaption{font-style: normal;align-self: center;}.uagb-block-e6f939b3.wp-block-uagb-image--layout-overlay figure img{box-shadow: 0px 0px 0 #00000070;}.uagb-block-e6f939b3.wp-block-uagb-image--layout-overlay .wp-block-uagb-image--layout-overlay__color-wrapper{opacity: 0.2;}.uagb-block-e6f939b3.wp-block-uagb-image--layout-overlay .wp-block-uagb-image--layout-overlay__inner{left: 15px;right: 15px;top: 15px;bottom: 15px;}.uagb-block-e6f939b3.wp-block-uagb-image--layout-overlay .wp-block-uagb-image--layout-overlay__inner .uagb-image-heading{font-style: normal;color: #fff;opacity: 1;}.uagb-block-e6f939b3.wp-block-uagb-image--layout-overlay .wp-block-uagb-image--layout-overlay__inner .uagb-image-heading a{color: #fff;}.uagb-block-e6f939b3.wp-block-uagb-image--layout-overlay .wp-block-uagb-image--layout-overlay__inner .uagb-image-caption{opacity: 0;}.uagb-block-e6f939b3.wp-block-uagb-image--layout-overlay .wp-block-uagb-image__figure:hover .wp-block-uagb-image--layout-overlay__color-wrapper{opacity: 1;}.uagb-block-e6f939b3.wp-block-uagb-image .wp-block-uagb-image--layout-overlay__inner .uagb-image-separator{width: 30%;border-top-width: 2px;border-top-color: #fff;opacity: 0;}.uagb-block-e6f939b3.wp-block-uagb-image .wp-block-uagb-image__figure img{width: px;height: auto;}.uagb-block-e6f939b3.wp-block-uagb-image .wp-block-uagb-image__figure:hover .wp-block-uagb-image--layout-overlay__inner .uagb-image-caption{opacity: 1;}.uagb-block-e6f939b3.wp-block-uagb-image .wp-block-uagb-image__figure:hover .wp-block-uagb-image--layout-overlay__inner .uagb-image-separator{opacity: 1;}.uagb-block-e6f939b3.wp-block-uagb-image--layout-default figure:hover img{box-shadow: 0px 0px 0 #00000070;}.uagb-block-e6f939b3.wp-block-uagb-image--layout-overlay figure:hover img{box-shadow: 0px 0px 0 #00000070;}@media only screen and (max-width: 976px) {.uagb-block-e6f939b3.wp-block-uagb-image .wp-block-uagb-image__figure img{width: px;height: auto;}}@media only screen and (max-width: 767px) {.uagb-block-e6f939b3.wp-block-uagb-image .wp-block-uagb-image__figure img{width: px;height: auto;}}\";s:2:\"js\";s:0:\"\";s:18:\"current_block_list\";a:13:{i:0;s:11:\"core\/search\";i:1;s:10:\"core\/group\";i:2;s:12:\"core\/heading\";i:3;s:17:\"core\/latest-posts\";i:4;s:20:\"core\/latest-comments\";i:5;s:13:\"core\/archives\";i:6;s:15:\"core\/categories\";i:7;s:14:\"core\/paragraph\";i:8;s:10:\"uagb\/image\";i:9;s:11:\"core\/spacer\";i:10;s:30:\"woocommerce\/product-categories\";i:11;s:10:\"core\/image\";i:12;s:14:\"core\/shortcode\";}s:8:\"uag_flag\";b:1;s:11:\"uag_version\";s:10:\"1777363056\";s:6:\"gfonts\";a:0:{}s:10:\"gfonts_url\";s:0:\"\";s:12:\"gfonts_files\";a:0:{}s:14:\"uag_faq_layout\";b:0;}"]},"uagb_featured_image_src":{"full":["https:\/\/www.ferberpainting.com\/wp-content\/uploads\/2025\/05\/TruffleTreeFertilizer.png",2560,2560,false],"thumbnail":["https:\/\/www.ferberpainting.com\/wp-content\/uploads\/2025\/05\/TruffleTreeFertilizer-150x150.png",150,150,true],"medium":["https:\/\/www.ferberpainting.com\/wp-content\/uploads\/2025\/05\/TruffleTreeFertilizer-300x300.png",300,300,true],"medium_large":["https:\/\/www.ferberpainting.com\/wp-content\/uploads\/2025\/05\/TruffleTreeFertilizer-768x768.png",768,768,true],"large":["https:\/\/www.ferberpainting.com\/wp-content\/uploads\/2025\/05\/TruffleTreeFertilizer-1024x1024.png",1024,1024,true],"1536x1536":["https:\/\/www.ferberpainting.com\/wp-content\/uploads\/2025\/05\/TruffleTreeFertilizer-1536x1536.png",1536,1536,true],"2048x2048":["https:\/\/www.ferberpainting.com\/wp-content\/uploads\/2025\/05\/TruffleTreeFertilizer-2048x2048.png",2048,2048,true],"trp-custom-language-flag":["https:\/\/www.ferberpainting.com\/wp-content\/uploads\/2025\/05\/TruffleTreeFertilizer-12x12.png",12,12,true],"woocommerce_thumbnail":["https:\/\/www.ferberpainting.com\/wp-content\/uploads\/2025\/05\/TruffleTreeFertilizer-300x300.png",300,300,true],"woocommerce_single":["https:\/\/www.ferberpainting.com\/wp-content\/uploads\/2025\/05\/TruffleTreeFertilizer-600x600.png",600,600,true],"woocommerce_gallery_thumbnail":["https:\/\/www.ferberpainting.com\/wp-content\/uploads\/2025\/05\/TruffleTreeFertilizer-100x100.png",100,100,true]},"uagb_author_info":{"display_name":"admin","author_link":"https:\/\/www.ferberpainting.com\/sk\/author\/"},"uagb_comment_info":33,"uagb_excerpt":"A fertilizer specially designed to promote truffle mycorrhization.\u00a0This granular fertilizer has been specially formulated to meet the needs of truffle trees, by providing the essential nutrients needed for their development. It promotes a balanced and progressive nutrition, which stimulates root growth and the implantation of the truffle mycelium. Thanks to its balanced formulation in nitrogen,&hellip;","_links":{"self":[{"href":"https:\/\/www.ferberpainting.com\/sk\/wp-json\/wp\/v2\/product\/25604","targetHints":{"allow":["GET"]}}],"collection":[{"href":"https:\/\/www.ferberpainting.com\/sk\/wp-json\/wp\/v2\/product"}],"about":[{"href":"https:\/\/www.ferberpainting.com\/sk\/wp-json\/wp\/v2\/types\/product"}],"replies":[{"embeddable":true,"href":"https:\/\/www.ferberpainting.com\/sk\/wp-json\/wp\/v2\/comments?post=25604"}],"version-history":[{"count":5,"href":"https:\/\/www.ferberpainting.com\/sk\/wp-json\/wp\/v2\/product\/25604\/revisions"}],"predecessor-version":[{"id":167495,"href":"https:\/\/www.ferberpainting.com\/sk\/wp-json\/wp\/v2\/product\/25604\/revisions\/167495"}],"wp:featuredmedia":[{"embeddable":true,"href":"https:\/\/www.ferberpainting.com\/sk\/wp-json\/wp\/v2\/media\/27436"}],"wp:attachment":[{"href":"https:\/\/www.ferberpainting.com\/sk\/wp-json\/wp\/v2\/media?parent=25604"}],"wp:term":[{"taxonomy":"product_brand","embeddable":true,"href":"https:\/\/www.ferberpainting.com\/sk\/wp-json\/wp\/v2\/product_brand?post=25604"},{"taxonomy":"product_cat","embeddable":true,"href":"https:\/\/www.ferberpainting.com\/sk\/wp-json\/wp\/v2\/product_cat?post=25604"},{"taxonomy":"product_tag","embeddable":true,"href":"https:\/\/www.ferberpainting.com\/sk\/wp-json\/wp\/v2\/product_tag?post=25604"}],"curies":[{"name":"wp","href":"https:\/\/api.w.org\/{rel}","templated":true}]}}