{"id":25601,"date":"2025-05-26T10:32:42","date_gmt":"2025-05-26T08:32:42","guid":{"rendered":"https:\/\/www.ferberpainting.com\/products\/tropical-plant-fertilizer\/"},"modified":"2026-02-16T13:47:24","modified_gmt":"2026-02-16T12:47:24","slug":"tropical-plant-fertilizer","status":"publish","type":"product","link":"https:\/\/www.ferberpainting.com\/sk\/products\/tropical-plant-fertilizer\/","title":{"rendered":"Hnojivo na tropick\u00e9 rastliny"},"content":{"rendered":"<p><strong><img decoding=\"async\" style=\"margin-right: 12px;\" src=\"https:\/\/www.ferberpainting.com\/wp-content\/uploads\/2026\/02\/Check.svg\" alt=\"\" width=\"18\" height=\"15\" \/>Hnojivo \u0161peci\u00e1lne ur\u010den\u00e9 pre tropick\u00e9 rastliny.<\/strong>\u00a0Tropick\u00e9 rastliny maj\u00fa \u0161pecifick\u00e9 v\u00fd\u017eivov\u00e9 potreby a vy\u017eaduj\u00fa si vyv\u00e1\u017een\u00fd pr\u00edsun dus\u00edka, fosforu a drasl\u00edka, aby sa zabezpe\u010dil intenz\u00edvny rast, bujn\u00e9 olistenie a bohat\u00e9 kvitnutie. Na\u0161e hnojivo NPK 15-15-15 je vytvoren\u00e9 tak, aby sp\u013a\u0148alo tieto potreby a poskytovalo v\u0161etky z\u00e1kladn\u00e9 prvky, ktor\u00e9 podporuj\u00fa rozvoj izbov\u00fdch aj vonkaj\u0161\u00edch tropick\u00fdch rastl\u00edn, ako s\u00fa monstery, ban\u00e1novn\u00edky, palmy, fikusy, ibi\u0161tek a rajsk\u00e9 vt\u00e1ky.<\/p>\n<p><strong><img decoding=\"async\" style=\"margin-right: 12px;\" src=\"https:\/\/www.ferberpainting.com\/wp-content\/uploads\/2026\/02\/Check.svg\" alt=\"\" width=\"18\" height=\"15\" \/>Z\u00e1ruka vr\u00e1tenia pe\u0148az\u00ed.<\/strong>\u00a0Vytvorili sme vysokokvalitn\u00e9 hnojivo, ktor\u00e9 je testovan\u00e9 a schv\u00e1len\u00e9 na dosiahnutie vidite\u013en\u00fdch v\u00fdsledkov. Ak napriek spr\u00e1vnej aplik\u00e1cii va\u0161a rastlina nevykazuje \u017eiadne zlep\u0161enie, pon\u00fakame v\u00e1m vr\u00e1tenie pe\u0148az\u00ed v plnej v\u00fd\u0161ke.<\/p>\n<p><strong><img decoding=\"async\" style=\"margin-right: 12px;\" src=\"https:\/\/www.ferberpainting.com\/wp-content\/uploads\/2026\/02\/Check.svg\" alt=\"\" width=\"18\" height=\"15\" \/>Kompatibiln\u00fd so v\u0161etk\u00fdmi tropick\u00fdmi rastlinami.<\/strong>\u00a0Toto hnojivo je vhodn\u00e9 pre v\u0161etky r\u00fdchlo rast\u00face rastliny s bujn\u00fdmi listami, \u010di u\u017e sa pestuj\u00fa v kvetin\u00e1\u010doch, v zemi, v interi\u00e9ri alebo exteri\u00e9ri. Je vhodn\u00e9 pre tropick\u00e9 a subtropick\u00e9 rastliny a mo\u017eno ho pou\u017ei\u0165 aj pre orchidey, filodendrony, ant\u00farie a mnoh\u00e9 \u010fal\u0161ie exotick\u00e9 druhy.<\/p>\n<p><strong><img decoding=\"async\" style=\"margin-right: 12px;\" src=\"https:\/\/www.ferberpainting.com\/wp-content\/uploads\/2026\/02\/Check.svg\" alt=\"\" width=\"18\" height=\"15\" \/>Vynikaj\u00face hospod\u00e1rske v\u00fdsledky.<\/strong>\u00a0V\u010faka vysokej koncentr\u00e1cii umo\u017e\u0148uje na\u0161e hnojivo riedenie v mno\u017estve 5 ml na liter vody, \u010do z neho rob\u00ed mimoriadne cenovo v\u00fdhodn\u00fd produkt. V 5-litrovej n\u00e1dobe mo\u017eno pripravi\u0165 a\u017e 1000 litrov \u017eivn\u00e9ho roztoku, \u010do zaru\u010duje bezkonkuren\u010dn\u00fd pomer kvalita\/cena a zni\u017euje frekvenciu n\u00e1kupu.<\/p>\n<p><strong><img decoding=\"async\" style=\"margin-right: 12px;\" src=\"https:\/\/www.ferberpainting.com\/wp-content\/uploads\/2026\/02\/Check.svg\" alt=\"\" width=\"18\" height=\"15\" \/>Bezpe\u010dn\u00e9 pre rastliny a \u017eivotn\u00e9 prostredie.<\/strong>\u00a0Na rozdiel od agres\u00edvnych chemick\u00fdch hnoj\u00edv na\u0161e vyv\u00e1\u017een\u00e9 a \u0161etrn\u00e9 zlo\u017eenie re\u0161pektuje p\u00f4dny ekosyst\u00e9m a podporuje postupn\u00fa a prirodzen\u00fa asimil\u00e1ciu \u017eiv\u00edn. Nepo\u0161kodzuje korene ani listy, \u010d\u00edm zabezpe\u010duje zdrav\u00fd a udr\u017eate\u013en\u00fd rast.<\/p>\n<p><strong><img decoding=\"async\" style=\"margin-right: 12px;\" src=\"https:\/\/www.ferberpainting.com\/wp-content\/uploads\/2026\/02\/Check.svg\" alt=\"\" width=\"18\" height=\"15\" \/>Jednoduch\u00e9 pou\u017e\u00edvanie a r\u00fdchla aplik\u00e1cia.<\/strong>\u00a0Toto tekut\u00e9 hnojivo sa jednoducho d\u00e1vkuje a aplikuje. Sta\u010d\u00ed ho zmie\u0161a\u0165 s vodou a pou\u017ei\u0165 pri zalievan\u00ed. Nevy\u017eaduje si \u017eiadnu zlo\u017eit\u00fa pr\u00edpravu, \u010d\u00edm sa predch\u00e1dza chyb\u00e1m pri d\u00e1vkovan\u00ed a zabezpe\u010duje \u00fa\u010dinn\u00fa a rovnomern\u00fa absorpciu kore\u0148mi.<\/p>\n<p><strong><img decoding=\"async\" style=\"margin-right: 12px;\" src=\"https:\/\/www.ferberpainting.com\/wp-content\/uploads\/2026\/02\/Check.svg\" alt=\"\" width=\"18\" height=\"15\" \/>Dlhodob\u00fd \u00fa\u010dinok na v\u00fdvoj rastl\u00edn.<\/strong>\u00a0Postupn\u00fdm obohacovan\u00edm substr\u00e1tu toto hnojivo podporuje nepretr\u017eit\u00fd rast a posil\u0148uje prirodzen\u00fa obranyschopnos\u0165 rastl\u00edn proti chorob\u00e1m, vodn\u00e9mu stresu a nedostatku \u017eiv\u00edn. Jeho dlhodob\u00e9 p\u00f4sobenie pom\u00e1ha z\u00edska\u0165 tropick\u00e9 rastliny, ktor\u00e9 s\u00fa robustnej\u0161ie a vit\u00e1lnej\u0161ie po\u010das cel\u00e9ho roka.<\/p>\n<p><strong><img decoding=\"async\" style=\"margin-right: 12px;\" src=\"https:\/\/www.ferberpainting.com\/wp-content\/uploads\/2026\/02\/Check.svg\" alt=\"\" width=\"18\" height=\"15\" \/>Vidite\u013en\u00e9 v\u00fdsledky r\u00fdchlo.<\/strong>\u00a0U\u017e v prv\u00fdch t\u00fd\u017ed\u0148och po aplik\u00e1cii si v\u0161imnete lep\u0161\u00ed rast, zelen\u0161ie a hustej\u0161ie listy, ako aj n\u00e1rast nov\u00fdch v\u00fdhonkov a kvetov u kvitn\u00facich druhov. Toto hnojivo tie\u017e pom\u00e1ha zlep\u0161i\u0165 odolnos\u0165 vo\u010di meniacim sa klimatick\u00fdm podmienkam, ako s\u00fa obdobia sucha alebo vysokej vlhkosti.<\/p>\n<h2>Protokol o pou\u017e\u00edvan\u00ed<\/h2>\n<p><strong>Odpor\u00fa\u010dan\u00e9 riedenie<\/strong> :<\/p>\n<ul>\n<li><strong>Na pravideln\u00fa \u00fadr\u017ebu <\/strong>: Zrie\u010fte 5 ml hnojiva na liter vody a zalejte priamo substr\u00e1t.<\/li>\n<li><strong>Pre rastlinu vo f\u00e1ze akt\u00edvneho rastu<\/strong> (jar\/leto) : Mierne zv\u00fd\u0161te koncentr\u00e1ciu na 7 ml na liter vody, aby ste podporili zr\u00fdchlen\u00fd rast.<\/li>\n<li><strong>Pre rastlinu v obdob\u00ed vegeta\u010dn\u00e9ho pokoja<\/strong> (jese\u0148\/zima) : Zn\u00ed\u017ete frekvenciu a pou\u017eite ni\u017e\u0161iu koncentr\u00e1ciu (2 ml na liter vody).<\/li>\n<\/ul>\n<p><strong>Frekvencia aplik\u00e1cie <\/strong>:<\/p>\n<ul>\n<li><strong>Akt\u00edvne rast\u00face rastliny <\/strong>: Aplikujte ka\u017ed\u00e9 dva t\u00fd\u017edne.<\/li>\n<li><strong>Spiace rastliny <\/strong>: Sta\u010d\u00ed mesa\u010dn\u00e1 \u017eiados\u0165.<\/li>\n<\/ul>\n<p><strong>Sp\u00f4sob aplik\u00e1cie <\/strong>:<\/p>\n<ul>\n<li><strong>Zalievanie na z\u00e1kladni <\/strong>: Nalejte roztok priamo na substr\u00e1t, aby nedo\u0161lo k nadmern\u00e9mu zvlh\u010deniu listov.<\/li>\n<li><strong>Postrek na listy (volite\u013en\u00fd) <\/strong>: Pre niektor\u00e9 rastliny, ako s\u00fa ant\u00farie a filodendrony, m\u00f4\u017ee by\u0165 prospe\u0161n\u00e9 \u013eahk\u00e9 zahmlievanie listov.<\/li>\n<li><strong>Vonkaj\u0161ia aplik\u00e1cia na p\u00f4du <\/strong>: Zrieden\u00e9 hnojivo pou\u017eite okolo z\u00e1kladne rastliny, pri\u010dom dbajte na to, aby sa produkt nezhroma\u017e\u010foval na povrchu p\u00f4dy.<\/li>\n<li><strong>Aplik\u00e1cia rastl\u00edn v kvetin\u00e1\u010doch <\/strong>: V z\u00e1ujme optim\u00e1lnej absorpcie vodu pomaly zalievajte, k\u00fdm neza\u010dne cez otvory odteka\u0165.<\/li>\n<\/ul>\n<p><strong>Bezpe\u010dnostn\u00e9 opatrenia pri pou\u017e\u00edvan\u00ed <\/strong>:<\/p>\n<ul>\n<li><strong>Nepred\u00e1vkujte <\/strong>: Nadmern\u00e9 mno\u017estvo hnojiva m\u00f4\u017ee sp\u00e1li\u0165 korene a sp\u00f4sobi\u0165 \u017eltnutie listov.<\/li>\n<li><strong>Nepou\u017e\u00edvajte na chor\u00fa rastlinu <\/strong>: Pred pridan\u00edm hnojiva po\u010dkajte, k\u00fdm sa obnov\u00ed jej vitalita.<\/li>\n<li><strong>Vyhnite sa aplik\u00e1cii na plnom slnku <\/strong>: Aplikujte najlep\u0161ie skoro r\u00e1no alebo neskoro po\u010das d\u0148a, aby ste zabr\u00e1nili r\u00fdchlemu odparovaniu \u017eiv\u00edn.<\/li>\n<\/ul>\n<p><strong>Skladovanie a uchov\u00e1vanie <\/strong>:<\/p>\n<ul>\n<li>V\u00fdrobok skladujte mimo dosahu tepla a vlhkosti.<\/li>\n<li>Po ka\u017edom pou\u017eit\u00ed n\u00e1dobu znovu pevne uzavrite, aby sa zachovali jej v\u00fd\u017eivov\u00e9 vlastnosti.<\/li>\n<\/ul>\n<p>S na\u0161\u00edm hnojivom pre tropick\u00e9 rastliny poskytnete svojim rastlin\u00e1m tie najlep\u0161ie podmienky na optim\u00e1lny v\u00fdvoj. \u010ci u\u017e ste nad\u0161enec exotick\u00fdch rastl\u00edn alebo sk\u00fasen\u00fd z\u00e1hradn\u00edk, toto hnojivo je ide\u00e1lnym spojencom pre svie\u017ee, zdrav\u00e9 a \u017eiv\u00e9 rastliny.<\/p>","protected":false},"excerpt":{"rendered":"<p>A fertilizer specially designed for tropical plants.\u00a0Tropical plants have specific nutritional needs, requiring a balanced supply of nitrogen, phosphorus, and potassium to ensure vigorous growth, lush foliage, and abundant flowering. Our NPK 15-15-15 fertilizer is formulated to meet these needs, providing all the essential elements that promote the development of both indoor and outdoor tropical [&hellip;]<\/p>\n","protected":false},"featured_media":27434,"comment_status":"open","ping_status":"closed","template":"","meta":{"_uag_custom_page_level_css":"","site-sidebar-layout":"default","site-content-layout":"","ast-site-content-layout":"default","site-content-style":"default","site-sidebar-style":"default","ast-global-header-display":"","ast-banner-title-visibility":"","ast-main-header-display":"","ast-hfb-above-header-display":"","ast-hfb-below-header-display":"","ast-hfb-mobile-header-display":"","site-post-title":"","ast-breadcrumbs-content":"","ast-featured-img":"","footer-sml-layout":"","ast-disable-related-posts":"","theme-transparent-header-meta":"default","adv-header-id-meta":"","stick-header-meta":"","header-above-stick-meta":"","header-main-stick-meta":"","header-below-stick-meta":"","astra-migrate-meta-layouts":"set","ast-page-background-enabled":"default","ast-page-background-meta":{"desktop":{"background-color":"var(--ast-global-color-4)","background-image":"","background-repeat":"repeat","background-position":"center center","background-size":"auto","background-attachment":"scroll","background-type":"","background-media":"","overlay-type":"","overlay-color":"","overlay-opacity":"","overlay-gradient":""},"tablet":{"background-color":"","background-image":"","background-repeat":"repeat","background-position":"center center","background-size":"auto","background-attachment":"scroll","background-type":"","background-media":"","overlay-type":"","overlay-color":"","overlay-opacity":"","overlay-gradient":""},"mobile":{"background-color":"","background-image":"","background-repeat":"repeat","background-position":"center center","background-size":"auto","background-attachment":"scroll","background-type":"","background-media":"","overlay-type":"","overlay-color":"","overlay-opacity":"","overlay-gradient":""}},"ast-content-background-meta":{"desktop":{"background-color":"var(--ast-global-color-5)","background-image":"","background-repeat":"repeat","background-position":"center center","background-size":"auto","background-attachment":"scroll","background-type":"","background-media":"","overlay-type":"","overlay-color":"","overlay-opacity":"","overlay-gradient":""},"tablet":{"background-color":"var(--ast-global-color-5)","background-image":"","background-repeat":"repeat","background-position":"center center","background-size":"auto","background-attachment":"scroll","background-type":"","background-media":"","overlay-type":"","overlay-color":"","overlay-opacity":"","overlay-gradient":""},"mobile":{"background-color":"var(--ast-global-color-5)","background-image":"","background-repeat":"repeat","background-position":"center center","background-size":"auto","background-attachment":"scroll","background-type":"","background-media":"","overlay-type":"","overlay-color":"","overlay-opacity":"","overlay-gradient":""}}},"product_brand":[],"product_cat":[178],"product_tag":[],"class_list":{"0":"post-25601","1":"product","2":"type-product","3":"status-publish","4":"has-post-thumbnail","6":"product_cat-fertilizers","7":"desktop-align-left","8":"tablet-align-left","9":"mobile-align-left","11":"first","12":"instock","13":"sale","14":"taxable","15":"shipping-taxable","16":"purchasable","17":"product-type-variable"},"spectra_custom_meta":{"_visibility":["visible"],"_shopify_product_id":["9071356084469"],"_s2w_shopify_domain":["ferberpainting.myshopify.com"],"_shopify_variant_id":["46516143522037"],"_sku":[""],"_manage_stock":["no"],"total_sales":["32"],"_tax_status":["taxable"],"_tax_class":[""],"_backorders":["no"],"_sold_individually":["no"],"_virtual":["no"],"_downloadable":["no"],"_download_limit":["-1"],"_download_expiry":["-1"],"_stock":[null],"_stock_status":["instock"],"_wc_average_rating":["4.63"],"_wc_review_count":["8"],"_product_attributes":["a:1:{s:6:\"volume\";a:6:{s:4:\"name\";s:6:\"Volume\";s:5:\"value\";s:20:\"5 liters | 25 liters\";s:8:\"position\";i:1;s:10:\"is_visible\";i:0;s:12:\"is_variation\";i:1;s:11:\"is_taxonomy\";i:0;}}"],"_product_version":["10.5.1"],"_thumbnail_id":["27434"],"_product_image_gallery":["27435"],"wpse_downloadable_file_names":[""],"wpse_downloadable_file_urls":[""],"_edit_last":["1"],"_edit_lock":["1771245906:1"],"merchant-center-availability":["yes"],"merchant-center-category":["113"],"_wp_page_template":["default"],"site-sidebar-layout":["default"],"ast-site-content-layout":["default"],"site-content-style":["default"],"site-sidebar-style":["default"],"theme-transparent-header-meta":["default"],"_wc_rating_count":["a:2:{i:4;i:3;i:5;i:5;}"],"_price":["29.90","129.90"],"merchant-center-id":["FPTROPICALPLANTFERTILIZER25"],"astra-migrate-meta-layouts":["set"],"_uag_css_file_name":["uag-css-25601.css"],"_elementor_page_assets":["a:0:{}"],"_uag_page_assets":["a:9:{s:3:\"css\";s:6873:\".wp-block-uagb-image{display:flex}.wp-block-uagb-image__figure{position:relative;display:flex;flex-direction:column;max-width:100%;height:auto;margin:0}.wp-block-uagb-image__figure img{height:auto;display:flex;max-width:100%;transition:box-shadow .2s ease}.wp-block-uagb-image__figure>a{display:inline-block}.wp-block-uagb-image__figure figcaption{text-align:center;margin-top:.5em;margin-bottom:1em}.wp-block-uagb-image .components-placeholder.block-editor-media-placeholder .components-placeholder__instructions{align-self:center}.wp-block-uagb-image--align-left{text-align:left}.wp-block-uagb-image--align-right{text-align:right}.wp-block-uagb-image--align-center{text-align:center}.wp-block-uagb-image--align-full .wp-block-uagb-image__figure{margin-left:calc(50% - 50vw);margin-right:calc(50% - 50vw);max-width:100vw;width:100vw;height:auto}.wp-block-uagb-image--align-full .wp-block-uagb-image__figure img{height:auto;width:100% !important}.wp-block-uagb-image--align-wide .wp-block-uagb-image__figure img{height:auto;width:100%}.wp-block-uagb-image--layout-overlay__color-wrapper{position:absolute;left:0;top:0;right:0;bottom:0;opacity:.2;background:rgba(0,0,0,.5);transition:opacity .35s ease-in-out}.wp-block-uagb-image--layout-overlay-link{position:absolute;left:0;right:0;bottom:0;top:0}.wp-block-uagb-image--layout-overlay .wp-block-uagb-image__figure:hover .wp-block-uagb-image--layout-overlay__color-wrapper{opacity:1}.wp-block-uagb-image--layout-overlay__inner{position:absolute;left:15px;right:15px;bottom:15px;top:15px;display:flex;align-items:center;justify-content:center;flex-direction:column;border-color:#fff;transition:.35s ease-in-out}.wp-block-uagb-image--layout-overlay__inner.top-left,.wp-block-uagb-image--layout-overlay__inner.top-center,.wp-block-uagb-image--layout-overlay__inner.top-right{justify-content:flex-start}.wp-block-uagb-image--layout-overlay__inner.bottom-left,.wp-block-uagb-image--layout-overlay__inner.bottom-center,.wp-block-uagb-image--layout-overlay__inner.bottom-right{justify-content:flex-end}.wp-block-uagb-image--layout-overlay__inner.top-left,.wp-block-uagb-image--layout-overlay__inner.center-left,.wp-block-uagb-image--layout-overlay__inner.bottom-left{align-items:flex-start}.wp-block-uagb-image--layout-overlay__inner.top-right,.wp-block-uagb-image--layout-overlay__inner.center-right,.wp-block-uagb-image--layout-overlay__inner.bottom-right{align-items:flex-end}.wp-block-uagb-image--layout-overlay__inner .uagb-image-heading{color:#fff;transition:transform .35s,opacity .35s ease-in-out;transform:translate3d(0, 24px, 0);margin:0;line-height:1em}.wp-block-uagb-image--layout-overlay__inner .uagb-image-separator{width:30%;border-top-width:2px;border-top-color:#fff;border-top-style:solid;margin-bottom:10px;opacity:0;transition:transform .4s,opacity .4s ease-in-out;transform:translate3d(0, 30px, 0)}.wp-block-uagb-image--layout-overlay__inner .uagb-image-caption{opacity:0;overflow:visible;color:#fff;transition:transform .45s,opacity .45s ease-in-out;transform:translate3d(0, 35px, 0)}.wp-block-uagb-image--layout-overlay__inner:hover .uagb-image-heading,.wp-block-uagb-image--layout-overlay__inner:hover .uagb-image-separator,.wp-block-uagb-image--layout-overlay__inner:hover .uagb-image-caption{opacity:1;transform:translate3d(0, 0, 0)}.wp-block-uagb-image--effect-zoomin .wp-block-uagb-image__figure img,.wp-block-uagb-image--effect-zoomin .wp-block-uagb-image__figure .wp-block-uagb-image--layout-overlay__color-wrapper{transform:scale(1);transition:transform .35s ease-in-out}.wp-block-uagb-image--effect-zoomin .wp-block-uagb-image__figure:hover img,.wp-block-uagb-image--effect-zoomin .wp-block-uagb-image__figure:hover .wp-block-uagb-image--layout-overlay__color-wrapper{transform:scale(1.05)}.wp-block-uagb-image--effect-slide .wp-block-uagb-image__figure img,.wp-block-uagb-image--effect-slide .wp-block-uagb-image__figure .wp-block-uagb-image--layout-overlay__color-wrapper{width:calc(100% + 40px) !important;max-width:none !important;transform:translate3d(-40px, 0, 0);transition:transform .35s ease-in-out}.wp-block-uagb-image--effect-slide .wp-block-uagb-image__figure:hover img,.wp-block-uagb-image--effect-slide .wp-block-uagb-image__figure:hover .wp-block-uagb-image--layout-overlay__color-wrapper{transform:translate3d(0, 0, 0)}.wp-block-uagb-image--effect-grayscale img{filter:grayscale(0%);transition:.35s ease-in-out}.wp-block-uagb-image--effect-grayscale:hover img{filter:grayscale(100%)}.wp-block-uagb-image--effect-blur img{filter:blur(0);transition:.35s ease-in-out}.wp-block-uagb-image--effect-blur:hover img{filter:blur(3px)}.uagb-block-e6f939b3.wp-block-uagb-image--layout-default figure img{box-shadow: 0px 0px 0 #00000070;}.uagb-block-e6f939b3.wp-block-uagb-image .wp-block-uagb-image__figure figcaption{font-style: normal;align-self: center;}.uagb-block-e6f939b3.wp-block-uagb-image--layout-overlay figure img{box-shadow: 0px 0px 0 #00000070;}.uagb-block-e6f939b3.wp-block-uagb-image--layout-overlay .wp-block-uagb-image--layout-overlay__color-wrapper{opacity: 0.2;}.uagb-block-e6f939b3.wp-block-uagb-image--layout-overlay .wp-block-uagb-image--layout-overlay__inner{left: 15px;right: 15px;top: 15px;bottom: 15px;}.uagb-block-e6f939b3.wp-block-uagb-image--layout-overlay .wp-block-uagb-image--layout-overlay__inner .uagb-image-heading{font-style: normal;color: #fff;opacity: 1;}.uagb-block-e6f939b3.wp-block-uagb-image--layout-overlay .wp-block-uagb-image--layout-overlay__inner .uagb-image-heading a{color: #fff;}.uagb-block-e6f939b3.wp-block-uagb-image--layout-overlay .wp-block-uagb-image--layout-overlay__inner .uagb-image-caption{opacity: 0;}.uagb-block-e6f939b3.wp-block-uagb-image--layout-overlay .wp-block-uagb-image__figure:hover .wp-block-uagb-image--layout-overlay__color-wrapper{opacity: 1;}.uagb-block-e6f939b3.wp-block-uagb-image .wp-block-uagb-image--layout-overlay__inner .uagb-image-separator{width: 30%;border-top-width: 2px;border-top-color: #fff;opacity: 0;}.uagb-block-e6f939b3.wp-block-uagb-image .wp-block-uagb-image__figure img{width: px;height: auto;}.uagb-block-e6f939b3.wp-block-uagb-image .wp-block-uagb-image__figure:hover .wp-block-uagb-image--layout-overlay__inner .uagb-image-caption{opacity: 1;}.uagb-block-e6f939b3.wp-block-uagb-image .wp-block-uagb-image__figure:hover .wp-block-uagb-image--layout-overlay__inner .uagb-image-separator{opacity: 1;}.uagb-block-e6f939b3.wp-block-uagb-image--layout-default figure:hover img{box-shadow: 0px 0px 0 #00000070;}.uagb-block-e6f939b3.wp-block-uagb-image--layout-overlay figure:hover img{box-shadow: 0px 0px 0 #00000070;}@media only screen and (max-width: 976px) {.uagb-block-e6f939b3.wp-block-uagb-image .wp-block-uagb-image__figure img{width: px;height: auto;}}@media only screen and (max-width: 767px) {.uagb-block-e6f939b3.wp-block-uagb-image .wp-block-uagb-image__figure img{width: px;height: auto;}}\";s:2:\"js\";s:0:\"\";s:18:\"current_block_list\";a:13:{i:0;s:11:\"core\/search\";i:1;s:10:\"core\/group\";i:2;s:12:\"core\/heading\";i:3;s:17:\"core\/latest-posts\";i:4;s:20:\"core\/latest-comments\";i:5;s:13:\"core\/archives\";i:6;s:15:\"core\/categories\";i:7;s:14:\"core\/paragraph\";i:8;s:10:\"uagb\/image\";i:9;s:11:\"core\/spacer\";i:10;s:30:\"woocommerce\/product-categories\";i:11;s:10:\"core\/image\";i:12;s:14:\"core\/shortcode\";}s:8:\"uag_flag\";b:1;s:11:\"uag_version\";s:10:\"1777357701\";s:6:\"gfonts\";a:0:{}s:10:\"gfonts_url\";s:0:\"\";s:12:\"gfonts_files\";a:0:{}s:14:\"uag_faq_layout\";b:0;}"]},"uagb_featured_image_src":{"full":["https:\/\/www.ferberpainting.com\/wp-content\/uploads\/2025\/05\/TropicalPlantFertilizer5L.png",2560,2560,false],"thumbnail":["https:\/\/www.ferberpainting.com\/wp-content\/uploads\/2025\/05\/TropicalPlantFertilizer5L-150x150.png",150,150,true],"medium":["https:\/\/www.ferberpainting.com\/wp-content\/uploads\/2025\/05\/TropicalPlantFertilizer5L-300x300.png",300,300,true],"medium_large":["https:\/\/www.ferberpainting.com\/wp-content\/uploads\/2025\/05\/TropicalPlantFertilizer5L-768x768.png",768,768,true],"large":["https:\/\/www.ferberpainting.com\/wp-content\/uploads\/2025\/05\/TropicalPlantFertilizer5L-1024x1024.png",1024,1024,true],"1536x1536":["https:\/\/www.ferberpainting.com\/wp-content\/uploads\/2025\/05\/TropicalPlantFertilizer5L-1536x1536.png",1536,1536,true],"2048x2048":["https:\/\/www.ferberpainting.com\/wp-content\/uploads\/2025\/05\/TropicalPlantFertilizer5L-2048x2048.png",2048,2048,true],"trp-custom-language-flag":["https:\/\/www.ferberpainting.com\/wp-content\/uploads\/2025\/05\/TropicalPlantFertilizer5L-12x12.png",12,12,true],"woocommerce_thumbnail":["https:\/\/www.ferberpainting.com\/wp-content\/uploads\/2025\/05\/TropicalPlantFertilizer5L-300x300.png",300,300,true],"woocommerce_single":["https:\/\/www.ferberpainting.com\/wp-content\/uploads\/2025\/05\/TropicalPlantFertilizer5L-600x600.png",600,600,true],"woocommerce_gallery_thumbnail":["https:\/\/www.ferberpainting.com\/wp-content\/uploads\/2025\/05\/TropicalPlantFertilizer5L-100x100.png",100,100,true]},"uagb_author_info":{"display_name":"admin","author_link":"https:\/\/www.ferberpainting.com\/sk\/author\/"},"uagb_comment_info":8,"uagb_excerpt":"A fertilizer specially designed for tropical plants.\u00a0Tropical plants have specific nutritional needs, requiring a balanced supply of nitrogen, phosphorus, and potassium to ensure vigorous growth, lush foliage, and abundant flowering. Our NPK 15-15-15 fertilizer is formulated to meet these needs, providing all the essential elements that promote the development of both indoor and outdoor tropical&hellip;","_links":{"self":[{"href":"https:\/\/www.ferberpainting.com\/sk\/wp-json\/wp\/v2\/product\/25601","targetHints":{"allow":["GET"]}}],"collection":[{"href":"https:\/\/www.ferberpainting.com\/sk\/wp-json\/wp\/v2\/product"}],"about":[{"href":"https:\/\/www.ferberpainting.com\/sk\/wp-json\/wp\/v2\/types\/product"}],"replies":[{"embeddable":true,"href":"https:\/\/www.ferberpainting.com\/sk\/wp-json\/wp\/v2\/comments?post=25601"}],"version-history":[{"count":5,"href":"https:\/\/www.ferberpainting.com\/sk\/wp-json\/wp\/v2\/product\/25601\/revisions"}],"predecessor-version":[{"id":167493,"href":"https:\/\/www.ferberpainting.com\/sk\/wp-json\/wp\/v2\/product\/25601\/revisions\/167493"}],"wp:featuredmedia":[{"embeddable":true,"href":"https:\/\/www.ferberpainting.com\/sk\/wp-json\/wp\/v2\/media\/27434"}],"wp:attachment":[{"href":"https:\/\/www.ferberpainting.com\/sk\/wp-json\/wp\/v2\/media?parent=25601"}],"wp:term":[{"taxonomy":"product_brand","embeddable":true,"href":"https:\/\/www.ferberpainting.com\/sk\/wp-json\/wp\/v2\/product_brand?post=25601"},{"taxonomy":"product_cat","embeddable":true,"href":"https:\/\/www.ferberpainting.com\/sk\/wp-json\/wp\/v2\/product_cat?post=25601"},{"taxonomy":"product_tag","embeddable":true,"href":"https:\/\/www.ferberpainting.com\/sk\/wp-json\/wp\/v2\/product_tag?post=25601"}],"curies":[{"name":"wp","href":"https:\/\/api.w.org\/{rel}","templated":true}]}}