{"id":25600,"date":"2025-05-26T10:32:41","date_gmt":"2025-05-26T08:32:41","guid":{"rendered":"https:\/\/www.ferberpainting.com\/products\/tree-stump-destroyer\/"},"modified":"2026-02-16T13:42:28","modified_gmt":"2026-02-16T12:42:28","slug":"tree-stump-destroyer","status":"publish","type":"product","link":"https:\/\/www.ferberpainting.com\/sk\/products\/tree-stump-destroyer\/","title":{"rendered":"Odstra\u0148ova\u010d p\u0148ov"},"content":{"rendered":"<p><strong><img decoding=\"async\" style=\"margin-right: 12px;\" src=\"https:\/\/www.ferberpainting.com\/wp-content\/uploads\/2026\/02\/Check.svg\" alt=\"\" width=\"18\" height=\"15\" \/>R\u00fdchlo a \u00fa\u010dinne odstra\u0148uje pne stromov bez \u0165a\u017ek\u00fdch strojov.<\/strong> N\u00e1\u0161 pr\u00edpravok na ni\u010denie pah\u00fd\u013eov je \u0161peci\u00e1lne vyvinut\u00fd tak, aby ur\u00fdchlil prirodzen\u00fd proces rozkladu, rozkladal vn\u00fatorn\u00fa \u0161trukt\u00faru dreva a umo\u017enil r\u00fdchle znehodnotenie pah\u00fd\u013ea. Namiesto toho, aby ste si naj\u00edmali drah\u00e9 slu\u017eby na br\u00fasenie pah\u00fd\u013eov alebo pou\u017e\u00edvali nebezpe\u010dn\u00e9 zariadenia, m\u00f4\u017eete sa spo\u013eahn\u00fa\u0165 na tento siln\u00fd roztok, ktor\u00fd prenikne hlboko do vl\u00e1kien pah\u00fd\u013ea a oslab\u00ed ich zvn\u00fatra. Zjednodu\u0161uje proces odstra\u0148ovania a premie\u0148a tvrd\u00fd, pevn\u00fd pe\u0148 na m\u00e4kk\u00fd, zvl\u00e1dnute\u013en\u00fd materi\u00e1l.<\/p>\n<p><strong><img decoding=\"async\" style=\"margin-right: 12px;\" src=\"https:\/\/www.ferberpainting.com\/wp-content\/uploads\/2026\/02\/Check.svg\" alt=\"\" width=\"18\" height=\"15\" \/>Vidite\u013en\u00e9 v\u00fdsledky za menej ako 2 t\u00fd\u017edne pre r\u00fdchly a uspokojiv\u00fd pokrok.<\/strong> Na rozdiel od tradi\u010dn\u00fdch met\u00f3d, pri ktor\u00fdch m\u00f4\u017ee prirodzen\u00fd rozklad trva\u0165 mesiace alebo dokonca roky, n\u00e1\u0161 prostriedok na ni\u010denie p\u0148ov prin\u00e1\u0161a vidite\u013en\u00e9 zm\u00e4k\u010denie a rozpad za menej ako dva t\u00fd\u017edne. Uvid\u00edte, ako pe\u0148 r\u00fdchlo stmavne, poprask\u00e1 a za\u010dne sa rozklada\u0165, \u010d\u00edm sa v\u00fdrazne skr\u00e1ti \u010das \u010dakania pred kone\u010dn\u00fdm odstr\u00e1nen\u00edm. V\u010faka tomuto r\u00fdchlemu p\u00f4sobeniu je ide\u00e1lny pre majite\u013eov domov a profesion\u00e1lov, ktor\u00ed chc\u00fa dosiahnu\u0165 efekt\u00edvne v\u00fdsledky pri \u00faprave krajiny.<\/p>\n<p><strong><img decoding=\"async\" style=\"margin-right: 12px;\" src=\"https:\/\/www.ferberpainting.com\/wp-content\/uploads\/2026\/02\/Check.svg\" alt=\"\" width=\"18\" height=\"15\" \/>Jedna f\u013ea\u0161a o\u0161etr\u00ed a\u017e 20 p\u0148ov stromov za v\u00fdnimo\u010dn\u00fa cenu.<\/strong> Ka\u017ed\u00e1 f\u013ea\u0161a je vysoko koncentrovan\u00e1 a ur\u010den\u00e1 na zni\u010denie a\u017e 20 priemerne ve\u013ek\u00fdch p\u0148ov. Toto ve\u013ek\u00e9 pokrytie zaru\u010duje, \u017ee jedn\u00fdm n\u00e1kupom zvl\u00e1dnete viacero odstra\u0148ovan\u00ed, \u010do z neho rob\u00ed n\u00e1kladovo efekt\u00edvne rie\u0161enie pre z\u00e1hrady, parky, stavenisk\u00e1 a po\u013enohospod\u00e1rsku p\u00f4du. \u00da\u010dinn\u00e9 zlo\u017eenie maximalizuje v\u00fdkon a z\u00e1rove\u0148 minimalizuje spotrebu produktu.<\/p>\n<p><strong><img decoding=\"async\" style=\"margin-right: 12px;\" src=\"https:\/\/www.ferberpainting.com\/wp-content\/uploads\/2026\/02\/Check.svg\" alt=\"\" width=\"18\" height=\"15\" \/>Pon\u00fakame z\u00e1ruku vr\u00e1tenia pe\u0148az\u00ed pre \u00fapln\u00fd pokoj.<\/strong> Sme presved\u010den\u00ed o v\u00fdkonnosti a spo\u013eahlivosti n\u00e1\u0161ho ni\u010dite\u013ea p\u0148ov. Ak nebudete s v\u00fdsledkami \u00faplne spokojn\u00ed, vr\u00e1time v\u00e1m peniaze za n\u00e1kup. T\u00e1to z\u00e1ruka vr\u00e1tenia pe\u0148az\u00ed v\u00e1m zaru\u010duje, \u017ee si v\u00fdrobok m\u00f4\u017eete vysk\u00fa\u0161a\u0165 bez rizika s vedom\u00edm, \u017ee va\u0161a spokojnos\u0165 je na\u0161ou prioritou a va\u0161a invest\u00edcia je chr\u00e1nen\u00e1.<\/p>\n<p><strong><img decoding=\"async\" style=\"margin-right: 12px;\" src=\"https:\/\/www.ferberpainting.com\/wp-content\/uploads\/2026\/02\/Check.svg\" alt=\"\" width=\"18\" height=\"15\" \/>Naj\u00fa\u010dinnej\u0161ie dostupn\u00e9 rie\u0161enie na odstr\u00e1nenie pah\u00fd\u013eov.<\/strong> Na\u0161a pokro\u010dil\u00e1 recept\u00fara je navrhnut\u00e1 tak, aby prenikla hlboko do hust\u00fdch p\u0148ov z tvrd\u00e9ho aj m\u00e4kk\u00e9ho dreva. Ur\u00fdch\u013euje vn\u00fatorn\u00fd proces rozkladu t\u00fdm, \u017ee rozklad\u00e1 lign\u00edn a celul\u00f3zov\u00e9 \u0161trukt\u00fary, ktor\u00e9 s\u00fa zodpovedn\u00e9 za tuhos\u0165 p\u0148ov. V porovnan\u00ed so z\u00e1kladn\u00fdm chemick\u00fdm o\u0161etren\u00edm alebo prirodzen\u00fdmi met\u00f3dami rozkladu n\u00e1\u0161 v\u00fdrobok poskytuje vynikaj\u00faci prienik, r\u00fdchlej\u0161ie zm\u00e4k\u010denie a \u00faplnej\u0161\u00ed rozklad.<\/p>\n<p><strong><img decoding=\"async\" style=\"margin-right: 12px;\" src=\"https:\/\/www.ferberpainting.com\/wp-content\/uploads\/2026\/02\/Check.svg\" alt=\"\" width=\"18\" height=\"15\" \/>Najlacnej\u0161\u00ed profesion\u00e1lny odstra\u0148ova\u010d p\u0148ov na trhu.<\/strong> Poskytujeme prvotriedny v\u00fdkon za najv\u00fdhodnej\u0161iu cenu. Optimaliz\u00e1ciou v\u00fdrobn\u00fdch a dod\u00e1vate\u013esk\u00fdch procesov dok\u00e1\u017eeme pon\u00faknu\u0165 vysoko\u00fa\u010dinn\u00e9 rie\u0161enie na odstra\u0148ovanie pah\u00fd\u013eov za ni\u017e\u0161iu cenu ako porovnate\u013en\u00e9 v\u00fdrobky. To umo\u017e\u0148uje majite\u013eom domov, krajin\u00e1rom a dod\u00e1vate\u013eom ekonomicky zvl\u00e1dnu\u0165 rozsiahle projekty odstra\u0148ovania p\u0148ov bez toho, aby sa zn\u00ed\u017eila ich \u00fa\u010dinnos\u0165.<\/p>\n<p><strong><img decoding=\"async\" style=\"margin-right: 12px;\" src=\"https:\/\/www.ferberpainting.com\/wp-content\/uploads\/2026\/02\/Check.svg\" alt=\"\" width=\"18\" height=\"15\" \/>Garantovan\u00e9 doru\u010denie do 24 hod\u00edn pre okam\u017eit\u00fa akciu.<\/strong> Ke\u010f chcete vy\u010disti\u0165 pozemok alebo upravi\u0165 krajinu, oneskorenie m\u00f4\u017ee by\u0165 frustruj\u00face. Preto pon\u00fakame spo\u013eahliv\u00e9 doru\u010denie 24 hod\u00edn denne. V\u00e1\u0161 ni\u010dite\u013e p\u0148ov doraz\u00ed r\u00fdchlo, \u010do v\u00e1m umo\u017en\u00ed za\u010da\u0165 s \u00fapravou bez \u010dakania a okam\u017eite ur\u00fdchli\u0165 \u010dasov\u00fd harmonogram projektu.<\/p>\n<p><strong><img decoding=\"async\" style=\"margin-right: 12px;\" src=\"https:\/\/www.ferberpainting.com\/wp-content\/uploads\/2026\/02\/Check.svg\" alt=\"\" width=\"18\" height=\"15\" \/>Bezpe\u010dn\u00e1 a kontrolovan\u00e1 alternat\u00edva spa\u013eovania alebo mechanick\u00e9ho br\u00fasenia.<\/strong> Spa\u013eovanie p\u0148ov m\u00f4\u017ee by\u0165 nebezpe\u010dn\u00e9 a \u0161kodliv\u00e9 pre \u017eivotn\u00e9 prostredie, zatia\u013e \u010do mechanick\u00e9 br\u00fasenie si vy\u017eaduje \u0165a\u017ek\u00e9 vybavenie a profesion\u00e1lne slu\u017eby. N\u00e1\u0161 ni\u010di\u010d p\u0148ov pon\u00faka bezpe\u010dnej\u0161iu a kontrolovanej\u0161iu met\u00f3du, ktor\u00e1 pri pou\u017eit\u00ed pod\u013ea n\u00e1vodu minimalizuje fyzick\u00fa n\u00e1mahu a vplyv na \u017eivotn\u00e9 prostredie. Umo\u017e\u0148uje postupn\u00fd rozklad bez iskier, dymu alebo hlu\u010dn\u00fdch strojov.<\/p>\n<p><strong><img decoding=\"async\" style=\"margin-right: 12px;\" src=\"https:\/\/www.ferberpainting.com\/wp-content\/uploads\/2026\/02\/Check.svg\" alt=\"\" width=\"18\" height=\"15\" \/>Zni\u017euje odrastanie a zabra\u0148uje kl\u00ed\u010deniu kore\u0148ov.<\/strong> Pr\u00edpravok prenik\u00e1 hlboko do jadra pah\u00fd\u013ea a pom\u00e1ha naru\u0161i\u0165 biologick\u00e9 procesy, ktor\u00e9 m\u00f4\u017eu vies\u0165 k op\u00e4tovn\u00e9mu rastu alebo vykl\u00ed\u010deniu kore\u0148ov. T\u00fdm sa zabezpe\u010d\u00ed nielen rozklad pah\u00fd\u013ea, ale aj zn\u00ed\u017eenie rizika vzniku ne\u017eiaducich nov\u00fdch v\u00fdhonkov zo zost\u00e1vaj\u00faceho kore\u0148ov\u00e9ho syst\u00e9mu.<\/p>\n<p><strong><img decoding=\"async\" style=\"margin-right: 12px;\" src=\"https:\/\/www.ferberpainting.com\/wp-content\/uploads\/2026\/02\/Check.svg\" alt=\"\" width=\"18\" height=\"15\" \/>Jednoduch\u00e1 aplik\u00e1cia vhodn\u00e1 pre majite\u013eov domov aj profesion\u00e1lov.<\/strong> V\u00fdrobok sa jednoducho pou\u017e\u00edva a vy\u017eaduje len z\u00e1kladn\u00e9 n\u00e1stroje, ako je v\u0155ta\u010dka a voda. V\u010faka jasn\u00fdm pokynom a predv\u00eddate\u013en\u00fdm v\u00fdsledkom je dostupn\u00fd pre obytn\u00e9 z\u00e1hrady, komer\u010dn\u00e9 ter\u00e9ny, farmy a rozvojov\u00e9 lokality. Nie je potrebn\u00e9 \u017eiadne \u0161pecializovan\u00e9 \u0161kolenie ani technick\u00e9 vybavenie.<\/p>\n<h2><strong>Pokyny<\/strong><\/h2>\n<ul>\n<li>Pomocou motorovej alebo ru\u010dnej p\u00edly odre\u017ete pe\u0148 stromu \u010do najbli\u017e\u0161ie k \u00farovni zeme, aby ste vytvorili rovn\u00fa plochu na o\u0161etrenie.<\/li>\n<li>Do hornej \u010dasti p\u0148a vyv\u0155tajte nieko\u013eko zvisl\u00fdch otvorov. Otvory by mali ma\u0165 priemer pribli\u017ene 2 a\u017e 3 cm a h\u013abku 20 a\u017e 30 cm, rovnomerne rozmiestnen\u00e9 po povrchu.<\/li>\n<li>Ak je to mo\u017en\u00e9, vyv\u0155tajte \u010fal\u0161ie \u0161ikm\u00e9 otvory zo str\u00e1n p\u0148a a pripojte ich k vertik\u00e1lnym otvorom, aby ste zlep\u0161ili vn\u00fatorn\u00e9 rozlo\u017eenie.<\/li>\n<li>Do ka\u017edej vyv\u0155tanej diery nalejte odpor\u00fa\u010dan\u00e9 mno\u017estvo pr\u00edpravku na ni\u010denie p\u0148ov a dbajte na rovnomern\u00e9 nas\u00fdtenie. Pr\u00edpravok rozde\u013ete primerane tak, aby jedna f\u013ea\u0161a sta\u010dila na o\u0161etrenie a\u017e 20 pah\u00fd\u013eov priemernej ve\u013ekosti.<\/li>\n<li>Do ka\u017ed\u00e9ho otvoru pridajte vodu, aby sa pr\u00edpravok aktivoval a lep\u0161ie prenikol hlboko do vl\u00e1kien dreva.<\/li>\n<li>Nechajte pr\u00edpravok \u00faplne vstreba\u0165 do pah\u00fd\u013ea. V pr\u00edpade potreby dopl\u0148te \u010fal\u0161iu vodu, aby ste udr\u017eali vlhkos\u0165 a maximalizovali vn\u00fatorn\u00e9 p\u00f4sobenie.<\/li>\n<li>Prikryte pe\u0148 plastovou f\u00f3liou alebo plachtou, aby ste udr\u017eali vlhkos\u0165 a ur\u00fdchlili proces rozkladu.<\/li>\n<li>Pah\u00fdl nechajte bez z\u00e1sahu aspo\u0148 10 a\u017e 14 dn\u00ed. Vidite\u013en\u00e9 v\u00fdsledky, ako je zm\u00e4knutie, praskanie a stmavnutie dreva, by sa mali objavi\u0165 do 2 t\u00fd\u017ed\u0148ov.<\/li>\n<li>Po pokro\u010den\u00ed procesu rozkladu rozlomte zm\u00e4knut\u00e9 drevo sekerou, lopatou alebo podobn\u00fdm n\u00e1strojom, aby ste \u013eahko odstr\u00e1nili zvy\u0161n\u00fd materi\u00e1l.<\/li>\n<li>V pr\u00edpade ve\u013emi ve\u013ek\u00fdch alebo hust\u00fdch p\u0148ov tvrd\u00e9ho dreva sa m\u00f4\u017ee v pr\u00edpade potreby vykona\u0165 druh\u00e1 aplik\u00e1cia po prvom o\u0161etren\u00ed.<\/li>\n<li>Po \u00faplnom odstr\u00e1nen\u00ed p\u0148a vypl\u0148te zost\u00e1vaj\u00facu dutinu zeminou a pred op\u00e4tovn\u00fdm vysaden\u00edm tr\u00e1vy alebo inej veget\u00e1cie ju riadne zhutnite.<\/li>\n<li>V\u00fdrobok skladujte tesne uzavret\u00fd na chladnom a suchom mieste mimo dosahu priameho slne\u010dn\u00e9ho svetla a vlhkosti. Uchov\u00e1vajte mimo dosahu det\u00ed a pri manipul\u00e1cii a aplik\u00e1cii dodr\u017eiavajte \u0161tandardn\u00e9 bezpe\u010dnostn\u00e9 opatrenia.<\/li>\n<\/ul>","protected":false},"excerpt":{"rendered":"<p>Eliminates tree stumps quickly and effectively without heavy machinery. Our tree stump destroyer is specially formulated to accelerate the natural decomposition process, breaking down the internal wood structure and allowing the stump to deteriorate rapidly. Instead of hiring expensive stump grinding services or using dangerous equipment, you can rely on this powerful solution to penetrate [&hellip;]<\/p>\n","protected":false},"featured_media":27433,"comment_status":"open","ping_status":"closed","template":"","meta":{"_uag_custom_page_level_css":"","site-sidebar-layout":"default","site-content-layout":"","ast-site-content-layout":"default","site-content-style":"default","site-sidebar-style":"default","ast-global-header-display":"","ast-banner-title-visibility":"","ast-main-header-display":"","ast-hfb-above-header-display":"","ast-hfb-below-header-display":"","ast-hfb-mobile-header-display":"","site-post-title":"","ast-breadcrumbs-content":"","ast-featured-img":"","footer-sml-layout":"","ast-disable-related-posts":"","theme-transparent-header-meta":"default","adv-header-id-meta":"","stick-header-meta":"","header-above-stick-meta":"","header-main-stick-meta":"","header-below-stick-meta":"","astra-migrate-meta-layouts":"set","ast-page-background-enabled":"default","ast-page-background-meta":{"desktop":{"background-color":"var(--ast-global-color-4)","background-image":"","background-repeat":"repeat","background-position":"center center","background-size":"auto","background-attachment":"scroll","background-type":"","background-media":"","overlay-type":"","overlay-color":"","overlay-opacity":"","overlay-gradient":""},"tablet":{"background-color":"","background-image":"","background-repeat":"repeat","background-position":"center center","background-size":"auto","background-attachment":"scroll","background-type":"","background-media":"","overlay-type":"","overlay-color":"","overlay-opacity":"","overlay-gradient":""},"mobile":{"background-color":"","background-image":"","background-repeat":"repeat","background-position":"center center","background-size":"auto","background-attachment":"scroll","background-type":"","background-media":"","overlay-type":"","overlay-color":"","overlay-opacity":"","overlay-gradient":""}},"ast-content-background-meta":{"desktop":{"background-color":"var(--ast-global-color-5)","background-image":"","background-repeat":"repeat","background-position":"center center","background-size":"auto","background-attachment":"scroll","background-type":"","background-media":"","overlay-type":"","overlay-color":"","overlay-opacity":"","overlay-gradient":""},"tablet":{"background-color":"var(--ast-global-color-5)","background-image":"","background-repeat":"repeat","background-position":"center center","background-size":"auto","background-attachment":"scroll","background-type":"","background-media":"","overlay-type":"","overlay-color":"","overlay-opacity":"","overlay-gradient":""},"mobile":{"background-color":"var(--ast-global-color-5)","background-image":"","background-repeat":"repeat","background-position":"center center","background-size":"auto","background-attachment":"scroll","background-type":"","background-media":"","overlay-type":"","overlay-color":"","overlay-opacity":"","overlay-gradient":""}}},"product_brand":[],"product_cat":[193],"product_tag":[],"class_list":{"0":"post-25600","1":"product","2":"type-product","3":"status-publish","4":"has-post-thumbnail","6":"product_cat-wood-treatment","7":"desktop-align-left","8":"tablet-align-left","9":"mobile-align-left","11":"first","12":"instock","13":"shipping-taxable","14":"purchasable","15":"product-type-simple"},"spectra_custom_meta":{"_visibility":["visible"],"_shopify_product_id":["8051458834677"],"_s2w_shopify_domain":["ferberpainting.myshopify.com"],"_shopify_variant_id":["43849393275125"],"_sku":["FPTREESTUMPDESTROYER"],"_regular_price":["29.90"],"_price":["29.90"],"_sale_price":[""],"_weight":["0.45"],"_thumbnail_id":["27433"],"_global_unique_id":["5056773807600"],"total_sales":["5111"],"_tax_status":["taxable"],"_tax_class":[""],"_manage_stock":["no"],"_backorders":["no"],"_sold_individually":["no"],"_virtual":["no"],"_downloadable":["no"],"_download_limit":["-1"],"_download_expiry":["-1"],"_stock":[null],"_stock_status":["instock"],"_wc_average_rating":["5.00"],"_wc_review_count":["50"],"_product_version":["10.5.1"],"merchant-center-availability":["yes"],"merchant-center-category":["3103"],"merchant-center-id":["TSD"],"wpse_downloadable_file_names":[""],"wpse_downloadable_file_urls":[""],"_edit_last":["1"],"_wc_rating_count":["a:1:{i:5;i:50;}"],"_edit_lock":["1774187574:3825"],"_wp_page_template":["default"],"site-sidebar-layout":["default"],"ast-site-content-layout":["default"],"site-content-style":["default"],"site-sidebar-style":["default"],"theme-transparent-header-meta":["default"],"_upsell_ids":["a:3:{i:0;i:24808;i:1;i:25276;i:2;i:25652;}"],"_crosssell_ids":["a:3:{i:0;i:24808;i:1;i:25276;i:2;i:25652;}"],"astra-migrate-meta-layouts":["set"],"_uag_css_file_name":["uag-css-25600.css"],"_elementor_page_assets":["a:0:{}"],"_uag_page_assets":["a:9:{s:3:\"css\";s:7133:\".uag-blocks-common-selector{z-index:var(--z-index-desktop) !important}@media(max-width: 976px){.uag-blocks-common-selector{z-index:var(--z-index-tablet) !important}}@media(max-width: 767px){.uag-blocks-common-selector{z-index:var(--z-index-mobile) !important}}.wp-block-uagb-image{display:flex}.wp-block-uagb-image__figure{position:relative;display:flex;flex-direction:column;max-width:100%;height:auto;margin:0}.wp-block-uagb-image__figure img{height:auto;display:flex;max-width:100%;transition:box-shadow .2s ease}.wp-block-uagb-image__figure>a{display:inline-block}.wp-block-uagb-image__figure figcaption{text-align:center;margin-top:.5em;margin-bottom:1em}.wp-block-uagb-image .components-placeholder.block-editor-media-placeholder .components-placeholder__instructions{align-self:center}.wp-block-uagb-image--align-left{text-align:left}.wp-block-uagb-image--align-right{text-align:right}.wp-block-uagb-image--align-center{text-align:center}.wp-block-uagb-image--align-full .wp-block-uagb-image__figure{margin-left:calc(50% - 50vw);margin-right:calc(50% - 50vw);max-width:100vw;width:100vw;height:auto}.wp-block-uagb-image--align-full .wp-block-uagb-image__figure img{height:auto;width:100% !important}.wp-block-uagb-image--align-wide .wp-block-uagb-image__figure img{height:auto;width:100%}.wp-block-uagb-image--layout-overlay__color-wrapper{position:absolute;left:0;top:0;right:0;bottom:0;opacity:.2;background:rgba(0,0,0,.5);transition:opacity .35s ease-in-out}.wp-block-uagb-image--layout-overlay-link{position:absolute;left:0;right:0;bottom:0;top:0}.wp-block-uagb-image--layout-overlay .wp-block-uagb-image__figure:hover .wp-block-uagb-image--layout-overlay__color-wrapper{opacity:1}.wp-block-uagb-image--layout-overlay__inner{position:absolute;left:15px;right:15px;bottom:15px;top:15px;display:flex;align-items:center;justify-content:center;flex-direction:column;border-color:#fff;transition:.35s ease-in-out}.wp-block-uagb-image--layout-overlay__inner.top-left,.wp-block-uagb-image--layout-overlay__inner.top-center,.wp-block-uagb-image--layout-overlay__inner.top-right{justify-content:flex-start}.wp-block-uagb-image--layout-overlay__inner.bottom-left,.wp-block-uagb-image--layout-overlay__inner.bottom-center,.wp-block-uagb-image--layout-overlay__inner.bottom-right{justify-content:flex-end}.wp-block-uagb-image--layout-overlay__inner.top-left,.wp-block-uagb-image--layout-overlay__inner.center-left,.wp-block-uagb-image--layout-overlay__inner.bottom-left{align-items:flex-start}.wp-block-uagb-image--layout-overlay__inner.top-right,.wp-block-uagb-image--layout-overlay__inner.center-right,.wp-block-uagb-image--layout-overlay__inner.bottom-right{align-items:flex-end}.wp-block-uagb-image--layout-overlay__inner .uagb-image-heading{color:#fff;transition:transform .35s,opacity .35s ease-in-out;transform:translate3d(0, 24px, 0);margin:0;line-height:1em}.wp-block-uagb-image--layout-overlay__inner .uagb-image-separator{width:30%;border-top-width:2px;border-top-color:#fff;border-top-style:solid;margin-bottom:10px;opacity:0;transition:transform .4s,opacity .4s ease-in-out;transform:translate3d(0, 30px, 0)}.wp-block-uagb-image--layout-overlay__inner .uagb-image-caption{opacity:0;overflow:visible;color:#fff;transition:transform .45s,opacity .45s ease-in-out;transform:translate3d(0, 35px, 0)}.wp-block-uagb-image--layout-overlay__inner:hover .uagb-image-heading,.wp-block-uagb-image--layout-overlay__inner:hover .uagb-image-separator,.wp-block-uagb-image--layout-overlay__inner:hover .uagb-image-caption{opacity:1;transform:translate3d(0, 0, 0)}.wp-block-uagb-image--effect-zoomin .wp-block-uagb-image__figure img,.wp-block-uagb-image--effect-zoomin .wp-block-uagb-image__figure .wp-block-uagb-image--layout-overlay__color-wrapper{transform:scale(1);transition:transform .35s ease-in-out}.wp-block-uagb-image--effect-zoomin .wp-block-uagb-image__figure:hover img,.wp-block-uagb-image--effect-zoomin .wp-block-uagb-image__figure:hover .wp-block-uagb-image--layout-overlay__color-wrapper{transform:scale(1.05)}.wp-block-uagb-image--effect-slide .wp-block-uagb-image__figure img,.wp-block-uagb-image--effect-slide .wp-block-uagb-image__figure .wp-block-uagb-image--layout-overlay__color-wrapper{width:calc(100% + 40px) !important;max-width:none !important;transform:translate3d(-40px, 0, 0);transition:transform .35s ease-in-out}.wp-block-uagb-image--effect-slide .wp-block-uagb-image__figure:hover img,.wp-block-uagb-image--effect-slide .wp-block-uagb-image__figure:hover .wp-block-uagb-image--layout-overlay__color-wrapper{transform:translate3d(0, 0, 0)}.wp-block-uagb-image--effect-grayscale img{filter:grayscale(0%);transition:.35s ease-in-out}.wp-block-uagb-image--effect-grayscale:hover img{filter:grayscale(100%)}.wp-block-uagb-image--effect-blur img{filter:blur(0);transition:.35s ease-in-out}.wp-block-uagb-image--effect-blur:hover img{filter:blur(3px)}.uagb-block-e6f939b3.wp-block-uagb-image--layout-default figure img{box-shadow: 0px 0px 0 #00000070;}.uagb-block-e6f939b3.wp-block-uagb-image .wp-block-uagb-image__figure figcaption{font-style: normal;align-self: center;}.uagb-block-e6f939b3.wp-block-uagb-image--layout-overlay figure img{box-shadow: 0px 0px 0 #00000070;}.uagb-block-e6f939b3.wp-block-uagb-image--layout-overlay .wp-block-uagb-image--layout-overlay__color-wrapper{opacity: 0.2;}.uagb-block-e6f939b3.wp-block-uagb-image--layout-overlay .wp-block-uagb-image--layout-overlay__inner{left: 15px;right: 15px;top: 15px;bottom: 15px;}.uagb-block-e6f939b3.wp-block-uagb-image--layout-overlay .wp-block-uagb-image--layout-overlay__inner .uagb-image-heading{font-style: normal;color: #fff;opacity: 1;}.uagb-block-e6f939b3.wp-block-uagb-image--layout-overlay .wp-block-uagb-image--layout-overlay__inner .uagb-image-heading a{color: #fff;}.uagb-block-e6f939b3.wp-block-uagb-image--layout-overlay .wp-block-uagb-image--layout-overlay__inner .uagb-image-caption{opacity: 0;}.uagb-block-e6f939b3.wp-block-uagb-image--layout-overlay .wp-block-uagb-image__figure:hover .wp-block-uagb-image--layout-overlay__color-wrapper{opacity: 1;}.uagb-block-e6f939b3.wp-block-uagb-image .wp-block-uagb-image--layout-overlay__inner .uagb-image-separator{width: 30%;border-top-width: 2px;border-top-color: #fff;opacity: 0;}.uagb-block-e6f939b3.wp-block-uagb-image .wp-block-uagb-image__figure img{width: px;height: auto;}.uagb-block-e6f939b3.wp-block-uagb-image .wp-block-uagb-image__figure:hover .wp-block-uagb-image--layout-overlay__inner .uagb-image-caption{opacity: 1;}.uagb-block-e6f939b3.wp-block-uagb-image .wp-block-uagb-image__figure:hover .wp-block-uagb-image--layout-overlay__inner .uagb-image-separator{opacity: 1;}.uagb-block-e6f939b3.wp-block-uagb-image--layout-default figure:hover img{box-shadow: 0px 0px 0 #00000070;}.uagb-block-e6f939b3.wp-block-uagb-image--layout-overlay figure:hover img{box-shadow: 0px 0px 0 #00000070;}@media only screen and (max-width: 976px) {.uagb-block-e6f939b3.wp-block-uagb-image .wp-block-uagb-image__figure img{width: px;height: auto;}}@media only screen and (max-width: 767px) {.uagb-block-e6f939b3.wp-block-uagb-image .wp-block-uagb-image__figure img{width: px;height: auto;}}\";s:2:\"js\";s:0:\"\";s:18:\"current_block_list\";a:13:{i:0;s:11:\"core\/search\";i:1;s:10:\"core\/group\";i:2;s:12:\"core\/heading\";i:3;s:17:\"core\/latest-posts\";i:4;s:20:\"core\/latest-comments\";i:5;s:13:\"core\/archives\";i:6;s:15:\"core\/categories\";i:7;s:14:\"core\/paragraph\";i:8;s:10:\"uagb\/image\";i:9;s:11:\"core\/spacer\";i:10;s:30:\"woocommerce\/product-categories\";i:11;s:10:\"core\/image\";i:12;s:14:\"core\/shortcode\";}s:8:\"uag_flag\";b:1;s:11:\"uag_version\";s:10:\"1776780539\";s:6:\"gfonts\";a:0:{}s:10:\"gfonts_url\";s:0:\"\";s:12:\"gfonts_files\";a:0:{}s:14:\"uag_faq_layout\";b:0;}"]},"uagb_featured_image_src":{"full":["https:\/\/www.ferberpainting.com\/wp-content\/uploads\/2025\/05\/TreeStumpDestroyerrect.jpg",2560,2560,false],"thumbnail":["https:\/\/www.ferberpainting.com\/wp-content\/uploads\/2025\/05\/TreeStumpDestroyerrect-150x150.jpg",150,150,true],"medium":["https:\/\/www.ferberpainting.com\/wp-content\/uploads\/2025\/05\/TreeStumpDestroyerrect-300x300.jpg",300,300,true],"medium_large":["https:\/\/www.ferberpainting.com\/wp-content\/uploads\/2025\/05\/TreeStumpDestroyerrect-768x768.jpg",768,768,true],"large":["https:\/\/www.ferberpainting.com\/wp-content\/uploads\/2025\/05\/TreeStumpDestroyerrect-1024x1024.jpg",1024,1024,true],"1536x1536":["https:\/\/www.ferberpainting.com\/wp-content\/uploads\/2025\/05\/TreeStumpDestroyerrect-1536x1536.jpg",1536,1536,true],"2048x2048":["https:\/\/www.ferberpainting.com\/wp-content\/uploads\/2025\/05\/TreeStumpDestroyerrect-2048x2048.jpg",2048,2048,true],"trp-custom-language-flag":["https:\/\/www.ferberpainting.com\/wp-content\/uploads\/2025\/05\/TreeStumpDestroyerrect-12x12.jpg",12,12,true],"woocommerce_thumbnail":["https:\/\/www.ferberpainting.com\/wp-content\/uploads\/2025\/05\/TreeStumpDestroyerrect-300x300.jpg",300,300,true],"woocommerce_single":["https:\/\/www.ferberpainting.com\/wp-content\/uploads\/2025\/05\/TreeStumpDestroyerrect-600x600.jpg",600,600,true],"woocommerce_gallery_thumbnail":["https:\/\/www.ferberpainting.com\/wp-content\/uploads\/2025\/05\/TreeStumpDestroyerrect-100x100.jpg",100,100,true]},"uagb_author_info":{"display_name":"admin","author_link":"https:\/\/www.ferberpainting.com\/sk\/author\/"},"uagb_comment_info":50,"uagb_excerpt":"Eliminates tree stumps quickly and effectively without heavy machinery. Our tree stump destroyer is specially formulated to accelerate the natural decomposition process, breaking down the internal wood structure and allowing the stump to deteriorate rapidly. Instead of hiring expensive stump grinding services or using dangerous equipment, you can rely on this powerful solution to penetrate&hellip;","_links":{"self":[{"href":"https:\/\/www.ferberpainting.com\/sk\/wp-json\/wp\/v2\/product\/25600","targetHints":{"allow":["GET"]}}],"collection":[{"href":"https:\/\/www.ferberpainting.com\/sk\/wp-json\/wp\/v2\/product"}],"about":[{"href":"https:\/\/www.ferberpainting.com\/sk\/wp-json\/wp\/v2\/types\/product"}],"replies":[{"embeddable":true,"href":"https:\/\/www.ferberpainting.com\/sk\/wp-json\/wp\/v2\/comments?post=25600"}],"version-history":[{"count":12,"href":"https:\/\/www.ferberpainting.com\/sk\/wp-json\/wp\/v2\/product\/25600\/revisions"}],"predecessor-version":[{"id":170582,"href":"https:\/\/www.ferberpainting.com\/sk\/wp-json\/wp\/v2\/product\/25600\/revisions\/170582"}],"wp:featuredmedia":[{"embeddable":true,"href":"https:\/\/www.ferberpainting.com\/sk\/wp-json\/wp\/v2\/media\/27433"}],"wp:attachment":[{"href":"https:\/\/www.ferberpainting.com\/sk\/wp-json\/wp\/v2\/media?parent=25600"}],"wp:term":[{"taxonomy":"product_brand","embeddable":true,"href":"https:\/\/www.ferberpainting.com\/sk\/wp-json\/wp\/v2\/product_brand?post=25600"},{"taxonomy":"product_cat","embeddable":true,"href":"https:\/\/www.ferberpainting.com\/sk\/wp-json\/wp\/v2\/product_cat?post=25600"},{"taxonomy":"product_tag","embeddable":true,"href":"https:\/\/www.ferberpainting.com\/sk\/wp-json\/wp\/v2\/product_tag?post=25600"}],"curies":[{"name":"wp","href":"https:\/\/api.w.org\/{rel}","templated":true}]}}