{"id":25592,"date":"2025-05-26T10:32:32","date_gmt":"2025-05-26T08:32:32","guid":{"rendered":"https:\/\/www.ferberpainting.com\/products\/tomato-fertilizer\/"},"modified":"2026-02-16T13:19:18","modified_gmt":"2026-02-16T12:19:18","slug":"tomato-fertilizer","status":"publish","type":"product","link":"https:\/\/www.ferberpainting.com\/sk\/products\/tomato-fertilizer\/","title":{"rendered":"Hnojivo na paradajky 25 kg"},"content":{"rendered":"<p><strong><img decoding=\"async\" style=\"margin-right: 12px;\" src=\"https:\/\/www.ferberpainting.com\/wp-content\/uploads\/2026\/02\/Check.svg\" alt=\"\" width=\"18\" height=\"15\" \/>Hnojivo \u0161peci\u00e1lne ur\u010den\u00e9 pre paradajky.<\/strong>\u00a0Toto granulovan\u00e9 hnojivo je vytvoren\u00e9 tak, aby optimalizovalo rast paradajok a poskytovalo im z\u00e1kladn\u00e9 \u017eiviny v ka\u017edej f\u00e1ze v\u00fdvoja. V\u010faka vyv\u00e1\u017een\u00e9mu zlo\u017eeniu dus\u00edka, fosforu a drasl\u00edka (NPK 10-10-10) podporuje hust\u00e9 olistenie, bohat\u00e9 kvitnutie a bohat\u00e9 plodenie, \u010d\u00edm zabezpe\u010duje \u00farodu chutn\u00fdch a kvalitn\u00fdch paradajok.<\/p>\n<p><strong><img decoding=\"async\" style=\"margin-right: 12px;\" src=\"https:\/\/www.ferberpainting.com\/wp-content\/uploads\/2026\/02\/Check.svg\" alt=\"\" width=\"18\" height=\"15\" \/>Z\u00e1ruka vr\u00e1tenia pe\u0148az\u00ed.<\/strong>\u00a0Na\u0161e hnojivo bolo pr\u00edsne testovan\u00e9, aby zaru\u010dilo vidite\u013en\u00e9 v\u00fdsledky u\u017e od prv\u00fdch t\u00fd\u017ed\u0148ov aplik\u00e1cie. Ak nezaznamen\u00e1te \u017eiadne zlep\u0161enie v raste va\u0161ich rastl\u00edn alebo v produkcii plodov, pon\u00fakame v\u00e1m vr\u00e1tenie celej sumy za n\u00e1kup.<\/p>\n<p><strong><img decoding=\"async\" style=\"margin-right: 12px;\" src=\"https:\/\/www.ferberpainting.com\/wp-content\/uploads\/2026\/02\/Check.svg\" alt=\"\" width=\"18\" height=\"15\" \/>Vhodn\u00e9 pre v\u0161etky druhy paradajok a inej ovocnej zeleniny.<\/strong>\u00a0Toto univerz\u00e1lne hnojivo je ur\u010den\u00e9 na v\u0161etky odrody paradajok, \u010di u\u017e ide o \u010dere\u0161\u0148ov\u00e9, beefsteakov\u00e9, r\u00edmske, podlhovast\u00e9 alebo koktailov\u00e9. Je vhodn\u00e9 aj pre bakla\u017e\u00e1ny, papriky, cukety a tekvice, \u010d\u00edm zabezpe\u010duje optim\u00e1lnu v\u00fd\u017eivu pre v\u0161etku plodov\u00fa zeleninu pestovan\u00fa v z\u00e1hrad\u00e1ch, sklen\u00edkoch alebo kvetin\u00e1\u010doch.<\/p>\n<p><strong><img decoding=\"async\" style=\"margin-right: 12px;\" src=\"https:\/\/www.ferberpainting.com\/wp-content\/uploads\/2026\/02\/Check.svg\" alt=\"\" width=\"18\" height=\"15\" \/>Optim\u00e1lny ekonomick\u00fd v\u00fdnos.<\/strong>\u00a0Toto hnojivo je vysoko koncentrovan\u00e9, \u010do umo\u017e\u0148uje maxim\u00e1lny v\u00fdnos. S 25 kg vreckom m\u00f4\u017eete hnoji\u0165 ve\u013ek\u00fa pestovate\u013esk\u00fa plochu. Odpor\u00fa\u010da sa aplikova\u0165 200 gramov na jednu rastlinu paradajok, \u010d\u00edm sa zabezpe\u010d\u00ed dlhodob\u00e9 pou\u017e\u00edvanie a n\u00edzke n\u00e1klady na jeden pestovan\u00fd meter \u0161tvorcov\u00fd.<\/p>\n<p><strong><img decoding=\"async\" style=\"margin-right: 12px;\" src=\"https:\/\/www.ferberpainting.com\/wp-content\/uploads\/2026\/02\/Check.svg\" alt=\"\" width=\"18\" height=\"15\" \/>Hnojivo bezpe\u010dn\u00e9 pre \u017eivotn\u00e9 prostredie a zdravie.<\/strong>\u00a0Toto hnojivo je vyroben\u00e9 bez agres\u00edvnych chemick\u00fdch pr\u00edpravkov a re\u0161pektuje \u0161trukt\u00faru p\u00f4dy a biodiverzitu. Nemen\u00ed kvalitu plodov, neuvo\u013e\u0148uje \u017eiadne \u0161kodliv\u00e9 zvy\u0161ky a m\u00f4\u017ee sa bezpe\u010dne pou\u017e\u00edva\u0165 aj v dom\u00e1cich z\u00e1hrad\u00e1ch pri pestovan\u00ed zeleniny ur\u010denej na konzum\u00e1ciu.<\/p>\n<p><strong><img decoding=\"async\" style=\"margin-right: 12px;\" src=\"https:\/\/www.ferberpainting.com\/wp-content\/uploads\/2026\/02\/Check.svg\" alt=\"\" width=\"18\" height=\"15\" \/>Jednoduch\u00e1 aplik\u00e1cia na dosiahnutie optim\u00e1lnych v\u00fdsledkov.<\/strong>\u00a0Na rozdiel od kvapaln\u00fdch hnoj\u00edv, ktor\u00e9 si vy\u017eaduj\u00fa presn\u00e9 riedenie a pravideln\u00e9 zavla\u017eovanie, sa toto tuh\u00e9 hnojivo rozotiera priamo do p\u00f4dy, \u010d\u00edm sa zjednodu\u0161uje jeho aplik\u00e1cia. Uvo\u013e\u0148uje sa postupne, \u010d\u00edm poskytuje rastlin\u00e1m potrebn\u00e9 \u017eiviny v spr\u00e1vnom \u010dase bez rizika pred\u00e1vkovania.<\/p>\n<p><strong><img decoding=\"async\" style=\"margin-right: 12px;\" src=\"https:\/\/www.ferberpainting.com\/wp-content\/uploads\/2026\/02\/Check.svg\" alt=\"\" width=\"18\" height=\"15\" \/>Dlhodob\u00fd \u00fa\u010dinok pre silnej\u0161ie a produkt\u00edvnej\u0161ie rastliny.<\/strong>\u00a0V\u010faka vyv\u00e1\u017een\u00e9mu zlo\u017eeniu zabezpe\u010duje toto hnojivo postupn\u00fa v\u00fd\u017eivu, zaru\u010duje rovnomern\u00fd rast, nepretr\u017eit\u00e9 kvitnutie a pravideln\u00e9 plodenie. Pom\u00e1ha rastlin\u00e1m vytv\u00e1ra\u0165 siln\u00e9 korene, odol\u00e1va\u0165 chorob\u00e1m a vytv\u00e1ra\u0165 du\u017einat\u00e9 a chutn\u00e9 plody.<\/p>\n<p><strong><img decoding=\"async\" style=\"margin-right: 12px;\" src=\"https:\/\/www.ferberpainting.com\/wp-content\/uploads\/2026\/02\/Check.svg\" alt=\"\" width=\"18\" height=\"15\" \/>Vidite\u013en\u00e9 v\u00fdsledky u\u017e po nieko\u013ek\u00fdch t\u00fd\u017ed\u0148och.<\/strong>\u00a0U\u017e v prv\u00fdch t\u00fd\u017ed\u0148och po aplik\u00e1cii spozorujete hustej\u0161ie listy, silnej\u0161ie stonky a bohat\u0161ie kvitnutie. T\u00e1to intenz\u00edvna v\u00fd\u017eiva stimuluje tvorbu kvetn\u00fdch pukov a nasadzovanie plodov, \u010do umo\u017e\u0148uje rastlin\u00e1m produkova\u0165 bohat\u00fa a chutn\u00fa \u00farodu.<\/p>\n<h2><strong>Protokol o pou\u017e\u00edvan\u00ed<\/strong><\/h2>\n<p><strong>Odpor\u00fa\u010dan\u00e9 d\u00e1vkovanie <\/strong>:<\/p>\n<ul>\n<li>200 gramov hnojiva na jednu rastlinu paradajok, ktor\u00e9 sa aplikuje raz mesa\u010dne po\u010das obdobia rastu a plodenia.<\/li>\n<li>Pre rastliny v kvetin\u00e1\u010doch pou\u017eite mal\u00fa hrs\u0165 hnojiva (pribli\u017ene 50 gramov) na 10 litrov p\u00f4dy v kvetin\u00e1\u010di.<\/li>\n<\/ul>\n<p><strong>Sp\u00f4sob aplik\u00e1cie <\/strong>:<\/p>\n<ul>\n<li>Hnojivo rozotrite okolo z\u00e1kladne ka\u017edej rastliny paradajok, pri\u010dom dbajte na to, aby ste ho neaplikovali priamo na stonku.<\/li>\n<li>Hnojivo z\u013eahka zapracujte do p\u00f4dy pomocou hrabl\u00ed alebo paz\u00farikov, aby sa \u013eah\u0161ie rozpt\u00fdlilo.<\/li>\n<li>Po aplik\u00e1cii d\u00f4kladne zalejte, aby sa aktivovalo uvo\u013e\u0148ovanie \u017eiv\u00edn.<\/li>\n<\/ul>\n<p><strong>Frekvencia pou\u017e\u00edvania <\/strong>:<\/p>\n<ul>\n<li><strong>Pred v\u00fdsadbou <\/strong>: Hnojivo zmie\u0161ajte s p\u00f4dou a oboha\u0165te ju pred umiestnen\u00edm rastl\u00edn.<\/li>\n<li><strong>Po\u010das rastu <\/strong>: Aplikujte ka\u017ed\u00e9 4 t\u00fd\u017edne, aby ste zaistili st\u00e1lu v\u00fd\u017eivu.<\/li>\n<li><strong>Po\u010das plodenia <\/strong>: Na podporu zv\u00e4\u010d\u0161ovania plodov a dozrievania paradajok aplikujte ka\u017ed\u00fd mesiac.<\/li>\n<\/ul>\n<p><strong>Bezpe\u010dnostn\u00e9 opatrenia pri pou\u017e\u00edvan\u00ed <\/strong>:<\/p>\n<ul>\n<li>Nepred\u00e1vkujte, preto\u017ee nadbytok dus\u00edka m\u00f4\u017ee podpori\u0165 rast listov na \u00fakor produkcie plodov.<\/li>\n<li>Vyhnite sa aplik\u00e1cii hnojiva po\u010das intenz\u00edvneho tepla, aby ste obmedzili odparovanie vody a maximalizovali \u00fa\u010dinnos\u0165.<\/li>\n<li>Skladujte na chladnom a suchom mieste, mimo dosahu vlhkosti, aby sa zachovali vlastnosti v\u00fdrobku.<\/li>\n<\/ul>\n<p>S t\u00fdmto hnojivom na paradajky optimalizujete v\u00fdvoj svojich rastl\u00edn, \u010d\u00edm zabezpe\u010d\u00edte bohat\u00fa \u00farodu, chutn\u00e9 plody a zv\u00fd\u0161en\u00fa odolnos\u0165 vo\u010di chorob\u00e1m.<br \/>\nJednoduch\u00e9 pou\u017eitie, hospod\u00e1rnos\u0165 a \u0161etrnos\u0165 k \u017eivotn\u00e9mu prostrediu - ide\u00e1lny spojenec pre prosperuj\u00facu z\u00e1hradu po\u010das celej sez\u00f3ny.<\/p>","protected":false},"excerpt":{"rendered":"<p>A fertilizer specially designed for tomatoes.\u00a0This granular fertilizer is formulated to optimize the growth of tomato plants, by providing the essential nutrients at each stage of development. Thanks to a balanced composition of nitrogen, phosphorus, and potassium (NPK 10-10-10), it promotes dense foliage, abundant flowering and generous fruiting, thus ensuring a harvest of tasty, high-quality [&hellip;]<\/p>\n","protected":false},"featured_media":27430,"comment_status":"open","ping_status":"closed","template":"","meta":{"_uag_custom_page_level_css":"","site-sidebar-layout":"default","site-content-layout":"","ast-site-content-layout":"default","site-content-style":"default","site-sidebar-style":"default","ast-global-header-display":"","ast-banner-title-visibility":"","ast-main-header-display":"","ast-hfb-above-header-display":"","ast-hfb-below-header-display":"","ast-hfb-mobile-header-display":"","site-post-title":"","ast-breadcrumbs-content":"","ast-featured-img":"","footer-sml-layout":"","ast-disable-related-posts":"","theme-transparent-header-meta":"default","adv-header-id-meta":"","stick-header-meta":"","header-above-stick-meta":"","header-main-stick-meta":"","header-below-stick-meta":"","astra-migrate-meta-layouts":"set","ast-page-background-enabled":"default","ast-page-background-meta":{"desktop":{"background-color":"var(--ast-global-color-4)","background-image":"","background-repeat":"repeat","background-position":"center center","background-size":"auto","background-attachment":"scroll","background-type":"","background-media":"","overlay-type":"","overlay-color":"","overlay-opacity":"","overlay-gradient":""},"tablet":{"background-color":"","background-image":"","background-repeat":"repeat","background-position":"center center","background-size":"auto","background-attachment":"scroll","background-type":"","background-media":"","overlay-type":"","overlay-color":"","overlay-opacity":"","overlay-gradient":""},"mobile":{"background-color":"","background-image":"","background-repeat":"repeat","background-position":"center center","background-size":"auto","background-attachment":"scroll","background-type":"","background-media":"","overlay-type":"","overlay-color":"","overlay-opacity":"","overlay-gradient":""}},"ast-content-background-meta":{"desktop":{"background-color":"var(--ast-global-color-5)","background-image":"","background-repeat":"repeat","background-position":"center center","background-size":"auto","background-attachment":"scroll","background-type":"","background-media":"","overlay-type":"","overlay-color":"","overlay-opacity":"","overlay-gradient":""},"tablet":{"background-color":"var(--ast-global-color-5)","background-image":"","background-repeat":"repeat","background-position":"center center","background-size":"auto","background-attachment":"scroll","background-type":"","background-media":"","overlay-type":"","overlay-color":"","overlay-opacity":"","overlay-gradient":""},"mobile":{"background-color":"var(--ast-global-color-5)","background-image":"","background-repeat":"repeat","background-position":"center center","background-size":"auto","background-attachment":"scroll","background-type":"","background-media":"","overlay-type":"","overlay-color":"","overlay-opacity":"","overlay-gradient":""}}},"product_brand":[],"product_cat":[178],"product_tag":[],"class_list":{"0":"post-25592","1":"product","2":"type-product","3":"status-publish","4":"has-post-thumbnail","6":"product_cat-fertilizers","7":"desktop-align-left","8":"tablet-align-left","9":"mobile-align-left","11":"first","12":"instock","13":"taxable","14":"shipping-taxable","15":"purchasable","16":"product-type-simple"},"spectra_custom_meta":{"_visibility":["visible"],"_shopify_product_id":["9072697475317"],"_s2w_shopify_domain":["ferberpainting.myshopify.com"],"_shopify_variant_id":["46522258292981"],"_sku":["FPTOMATOFERTILIZER25KG"],"_regular_price":["39.90"],"_price":["39.90"],"_sale_price":[""],"_weight":["18.7"],"_thumbnail_id":["27430"],"_global_unique_id":["5056773817913"],"total_sales":["3"],"_tax_status":["taxable"],"_tax_class":[""],"_manage_stock":["no"],"_backorders":["no"],"_sold_individually":["no"],"_virtual":["no"],"_downloadable":["no"],"_download_limit":["-1"],"_download_expiry":["-1"],"_stock":[null],"_stock_status":["instock"],"_wc_average_rating":["5.00"],"_wc_review_count":["31"],"_product_version":["10.5.1"],"_wc_rating_count":["a:1:{i:5;i:31;}"],"_edit_lock":["1771244221:1"],"merchant-center-availability":["yes"],"merchant-center-category":["113"],"_edit_last":["1"],"_wp_page_template":["default"],"site-sidebar-layout":["default"],"ast-site-content-layout":["default"],"site-content-style":["default"],"site-sidebar-style":["default"],"theme-transparent-header-meta":["default"],"astra-migrate-meta-layouts":["set"],"_uag_css_file_name":["uag-css-25592.css"],"_elementor_page_assets":["a:0:{}"],"_uag_page_assets":["a:9:{s:3:\"css\";s:7133:\".uag-blocks-common-selector{z-index:var(--z-index-desktop) !important}@media(max-width: 976px){.uag-blocks-common-selector{z-index:var(--z-index-tablet) !important}}@media(max-width: 767px){.uag-blocks-common-selector{z-index:var(--z-index-mobile) !important}}.wp-block-uagb-image{display:flex}.wp-block-uagb-image__figure{position:relative;display:flex;flex-direction:column;max-width:100%;height:auto;margin:0}.wp-block-uagb-image__figure img{height:auto;display:flex;max-width:100%;transition:box-shadow .2s ease}.wp-block-uagb-image__figure>a{display:inline-block}.wp-block-uagb-image__figure figcaption{text-align:center;margin-top:.5em;margin-bottom:1em}.wp-block-uagb-image .components-placeholder.block-editor-media-placeholder .components-placeholder__instructions{align-self:center}.wp-block-uagb-image--align-left{text-align:left}.wp-block-uagb-image--align-right{text-align:right}.wp-block-uagb-image--align-center{text-align:center}.wp-block-uagb-image--align-full .wp-block-uagb-image__figure{margin-left:calc(50% - 50vw);margin-right:calc(50% - 50vw);max-width:100vw;width:100vw;height:auto}.wp-block-uagb-image--align-full .wp-block-uagb-image__figure img{height:auto;width:100% !important}.wp-block-uagb-image--align-wide .wp-block-uagb-image__figure img{height:auto;width:100%}.wp-block-uagb-image--layout-overlay__color-wrapper{position:absolute;left:0;top:0;right:0;bottom:0;opacity:.2;background:rgba(0,0,0,.5);transition:opacity .35s ease-in-out}.wp-block-uagb-image--layout-overlay-link{position:absolute;left:0;right:0;bottom:0;top:0}.wp-block-uagb-image--layout-overlay .wp-block-uagb-image__figure:hover .wp-block-uagb-image--layout-overlay__color-wrapper{opacity:1}.wp-block-uagb-image--layout-overlay__inner{position:absolute;left:15px;right:15px;bottom:15px;top:15px;display:flex;align-items:center;justify-content:center;flex-direction:column;border-color:#fff;transition:.35s ease-in-out}.wp-block-uagb-image--layout-overlay__inner.top-left,.wp-block-uagb-image--layout-overlay__inner.top-center,.wp-block-uagb-image--layout-overlay__inner.top-right{justify-content:flex-start}.wp-block-uagb-image--layout-overlay__inner.bottom-left,.wp-block-uagb-image--layout-overlay__inner.bottom-center,.wp-block-uagb-image--layout-overlay__inner.bottom-right{justify-content:flex-end}.wp-block-uagb-image--layout-overlay__inner.top-left,.wp-block-uagb-image--layout-overlay__inner.center-left,.wp-block-uagb-image--layout-overlay__inner.bottom-left{align-items:flex-start}.wp-block-uagb-image--layout-overlay__inner.top-right,.wp-block-uagb-image--layout-overlay__inner.center-right,.wp-block-uagb-image--layout-overlay__inner.bottom-right{align-items:flex-end}.wp-block-uagb-image--layout-overlay__inner .uagb-image-heading{color:#fff;transition:transform .35s,opacity .35s ease-in-out;transform:translate3d(0, 24px, 0);margin:0;line-height:1em}.wp-block-uagb-image--layout-overlay__inner .uagb-image-separator{width:30%;border-top-width:2px;border-top-color:#fff;border-top-style:solid;margin-bottom:10px;opacity:0;transition:transform .4s,opacity .4s ease-in-out;transform:translate3d(0, 30px, 0)}.wp-block-uagb-image--layout-overlay__inner .uagb-image-caption{opacity:0;overflow:visible;color:#fff;transition:transform .45s,opacity .45s ease-in-out;transform:translate3d(0, 35px, 0)}.wp-block-uagb-image--layout-overlay__inner:hover .uagb-image-heading,.wp-block-uagb-image--layout-overlay__inner:hover .uagb-image-separator,.wp-block-uagb-image--layout-overlay__inner:hover .uagb-image-caption{opacity:1;transform:translate3d(0, 0, 0)}.wp-block-uagb-image--effect-zoomin .wp-block-uagb-image__figure img,.wp-block-uagb-image--effect-zoomin .wp-block-uagb-image__figure .wp-block-uagb-image--layout-overlay__color-wrapper{transform:scale(1);transition:transform .35s ease-in-out}.wp-block-uagb-image--effect-zoomin .wp-block-uagb-image__figure:hover img,.wp-block-uagb-image--effect-zoomin .wp-block-uagb-image__figure:hover .wp-block-uagb-image--layout-overlay__color-wrapper{transform:scale(1.05)}.wp-block-uagb-image--effect-slide .wp-block-uagb-image__figure img,.wp-block-uagb-image--effect-slide .wp-block-uagb-image__figure .wp-block-uagb-image--layout-overlay__color-wrapper{width:calc(100% + 40px) !important;max-width:none !important;transform:translate3d(-40px, 0, 0);transition:transform .35s ease-in-out}.wp-block-uagb-image--effect-slide .wp-block-uagb-image__figure:hover img,.wp-block-uagb-image--effect-slide .wp-block-uagb-image__figure:hover .wp-block-uagb-image--layout-overlay__color-wrapper{transform:translate3d(0, 0, 0)}.wp-block-uagb-image--effect-grayscale img{filter:grayscale(0%);transition:.35s ease-in-out}.wp-block-uagb-image--effect-grayscale:hover img{filter:grayscale(100%)}.wp-block-uagb-image--effect-blur img{filter:blur(0);transition:.35s ease-in-out}.wp-block-uagb-image--effect-blur:hover img{filter:blur(3px)}.uagb-block-e6f939b3.wp-block-uagb-image--layout-default figure img{box-shadow: 0px 0px 0 #00000070;}.uagb-block-e6f939b3.wp-block-uagb-image .wp-block-uagb-image__figure figcaption{font-style: normal;align-self: center;}.uagb-block-e6f939b3.wp-block-uagb-image--layout-overlay figure img{box-shadow: 0px 0px 0 #00000070;}.uagb-block-e6f939b3.wp-block-uagb-image--layout-overlay .wp-block-uagb-image--layout-overlay__color-wrapper{opacity: 0.2;}.uagb-block-e6f939b3.wp-block-uagb-image--layout-overlay .wp-block-uagb-image--layout-overlay__inner{left: 15px;right: 15px;top: 15px;bottom: 15px;}.uagb-block-e6f939b3.wp-block-uagb-image--layout-overlay .wp-block-uagb-image--layout-overlay__inner .uagb-image-heading{font-style: normal;color: #fff;opacity: 1;}.uagb-block-e6f939b3.wp-block-uagb-image--layout-overlay .wp-block-uagb-image--layout-overlay__inner .uagb-image-heading a{color: #fff;}.uagb-block-e6f939b3.wp-block-uagb-image--layout-overlay .wp-block-uagb-image--layout-overlay__inner .uagb-image-caption{opacity: 0;}.uagb-block-e6f939b3.wp-block-uagb-image--layout-overlay .wp-block-uagb-image__figure:hover .wp-block-uagb-image--layout-overlay__color-wrapper{opacity: 1;}.uagb-block-e6f939b3.wp-block-uagb-image .wp-block-uagb-image--layout-overlay__inner .uagb-image-separator{width: 30%;border-top-width: 2px;border-top-color: #fff;opacity: 0;}.uagb-block-e6f939b3.wp-block-uagb-image .wp-block-uagb-image__figure img{width: px;height: auto;}.uagb-block-e6f939b3.wp-block-uagb-image .wp-block-uagb-image__figure:hover .wp-block-uagb-image--layout-overlay__inner .uagb-image-caption{opacity: 1;}.uagb-block-e6f939b3.wp-block-uagb-image .wp-block-uagb-image__figure:hover .wp-block-uagb-image--layout-overlay__inner .uagb-image-separator{opacity: 1;}.uagb-block-e6f939b3.wp-block-uagb-image--layout-default figure:hover img{box-shadow: 0px 0px 0 #00000070;}.uagb-block-e6f939b3.wp-block-uagb-image--layout-overlay figure:hover img{box-shadow: 0px 0px 0 #00000070;}@media only screen and (max-width: 976px) {.uagb-block-e6f939b3.wp-block-uagb-image .wp-block-uagb-image__figure img{width: px;height: auto;}}@media only screen and (max-width: 767px) {.uagb-block-e6f939b3.wp-block-uagb-image .wp-block-uagb-image__figure img{width: px;height: auto;}}\";s:2:\"js\";s:0:\"\";s:18:\"current_block_list\";a:13:{i:0;s:11:\"core\/search\";i:1;s:10:\"core\/group\";i:2;s:12:\"core\/heading\";i:3;s:17:\"core\/latest-posts\";i:4;s:20:\"core\/latest-comments\";i:5;s:13:\"core\/archives\";i:6;s:15:\"core\/categories\";i:7;s:14:\"core\/paragraph\";i:8;s:10:\"uagb\/image\";i:9;s:11:\"core\/spacer\";i:10;s:30:\"woocommerce\/product-categories\";i:11;s:10:\"core\/image\";i:12;s:14:\"core\/shortcode\";}s:8:\"uag_flag\";b:1;s:11:\"uag_version\";s:10:\"1777342957\";s:6:\"gfonts\";a:0:{}s:10:\"gfonts_url\";s:0:\"\";s:12:\"gfonts_files\";a:0:{}s:14:\"uag_faq_layout\";b:0;}"]},"uagb_featured_image_src":{"full":["https:\/\/www.ferberpainting.com\/wp-content\/uploads\/2025\/05\/TomatoFertilizerensac.png",2560,2560,false],"thumbnail":["https:\/\/www.ferberpainting.com\/wp-content\/uploads\/2025\/05\/TomatoFertilizerensac-150x150.png",150,150,true],"medium":["https:\/\/www.ferberpainting.com\/wp-content\/uploads\/2025\/05\/TomatoFertilizerensac-300x300.png",300,300,true],"medium_large":["https:\/\/www.ferberpainting.com\/wp-content\/uploads\/2025\/05\/TomatoFertilizerensac-768x768.png",768,768,true],"large":["https:\/\/www.ferberpainting.com\/wp-content\/uploads\/2025\/05\/TomatoFertilizerensac-1024x1024.png",1024,1024,true],"1536x1536":["https:\/\/www.ferberpainting.com\/wp-content\/uploads\/2025\/05\/TomatoFertilizerensac-1536x1536.png",1536,1536,true],"2048x2048":["https:\/\/www.ferberpainting.com\/wp-content\/uploads\/2025\/05\/TomatoFertilizerensac-2048x2048.png",2048,2048,true],"trp-custom-language-flag":["https:\/\/www.ferberpainting.com\/wp-content\/uploads\/2025\/05\/TomatoFertilizerensac-12x12.png",12,12,true],"woocommerce_thumbnail":["https:\/\/www.ferberpainting.com\/wp-content\/uploads\/2025\/05\/TomatoFertilizerensac-300x300.png",300,300,true],"woocommerce_single":["https:\/\/www.ferberpainting.com\/wp-content\/uploads\/2025\/05\/TomatoFertilizerensac-600x600.png",600,600,true],"woocommerce_gallery_thumbnail":["https:\/\/www.ferberpainting.com\/wp-content\/uploads\/2025\/05\/TomatoFertilizerensac-100x100.png",100,100,true]},"uagb_author_info":{"display_name":"admin","author_link":"https:\/\/www.ferberpainting.com\/sk\/author\/"},"uagb_comment_info":31,"uagb_excerpt":"A fertilizer specially designed for tomatoes.\u00a0This granular fertilizer is formulated to optimize the growth of tomato plants, by providing the essential nutrients at each stage of development. Thanks to a balanced composition of nitrogen, phosphorus, and potassium (NPK 10-10-10), it promotes dense foliage, abundant flowering and generous fruiting, thus ensuring a harvest of tasty, high-quality&hellip;","_links":{"self":[{"href":"https:\/\/www.ferberpainting.com\/sk\/wp-json\/wp\/v2\/product\/25592","targetHints":{"allow":["GET"]}}],"collection":[{"href":"https:\/\/www.ferberpainting.com\/sk\/wp-json\/wp\/v2\/product"}],"about":[{"href":"https:\/\/www.ferberpainting.com\/sk\/wp-json\/wp\/v2\/types\/product"}],"replies":[{"embeddable":true,"href":"https:\/\/www.ferberpainting.com\/sk\/wp-json\/wp\/v2\/comments?post=25592"}],"version-history":[{"count":5,"href":"https:\/\/www.ferberpainting.com\/sk\/wp-json\/wp\/v2\/product\/25592\/revisions"}],"predecessor-version":[{"id":167453,"href":"https:\/\/www.ferberpainting.com\/sk\/wp-json\/wp\/v2\/product\/25592\/revisions\/167453"}],"wp:featuredmedia":[{"embeddable":true,"href":"https:\/\/www.ferberpainting.com\/sk\/wp-json\/wp\/v2\/media\/27430"}],"wp:attachment":[{"href":"https:\/\/www.ferberpainting.com\/sk\/wp-json\/wp\/v2\/media?parent=25592"}],"wp:term":[{"taxonomy":"product_brand","embeddable":true,"href":"https:\/\/www.ferberpainting.com\/sk\/wp-json\/wp\/v2\/product_brand?post=25592"},{"taxonomy":"product_cat","embeddable":true,"href":"https:\/\/www.ferberpainting.com\/sk\/wp-json\/wp\/v2\/product_cat?post=25592"},{"taxonomy":"product_tag","embeddable":true,"href":"https:\/\/www.ferberpainting.com\/sk\/wp-json\/wp\/v2\/product_tag?post=25592"}],"curies":[{"name":"wp","href":"https:\/\/api.w.org\/{rel}","templated":true}]}}