{"id":25579,"date":"2025-05-26T10:32:24","date_gmt":"2025-05-26T08:32:24","guid":{"rendered":"https:\/\/www.ferberpainting.com\/products\/tiling-glue\/"},"modified":"2026-02-19T07:18:33","modified_gmt":"2026-02-19T06:18:33","slug":"tiling-glue","status":"publish","type":"product","link":"https:\/\/www.ferberpainting.com\/sk\/products\/tiling-glue\/","title":{"rendered":"Lepidlo na obklady"},"content":{"rendered":"<p><strong><img decoding=\"async\" style=\"margin-right: 12px;\" src=\"https:\/\/www.ferberpainting.com\/wp-content\/uploads\/2026\/02\/Check.svg\" alt=\"\" width=\"18\" height=\"15\" \/>Zaistite maxim\u00e1lnu pevnos\u0165 lepenia pre dlhotrvaj\u00facu in\u0161tal\u00e1ciu dla\u017ed\u00edc.<\/strong> Na\u0161e lepidlo na obklady a dla\u017eby je vyvinut\u00e9 tak, aby poskytovalo v\u00fdnimo\u010dn\u00fa pri\u013enavos\u0165 medzi obklada\u010dkami a \u0161irokou \u0161k\u00e1lou podkladov vr\u00e1tane bet\u00f3nu, cementov\u00fdch poterov, omietok a pripraven\u00fdch stien a podl\u00e1h. Pokrokov\u00e9 zlo\u017eenie zabezpe\u010duje siln\u00e9 mechanick\u00e9 a chemick\u00e9 spojenie, ktor\u00e9 zabra\u0148uje uvo\u013e\u0148ovaniu, pos\u00favaniu alebo praskaniu obklada\u010diek v priebehu \u010dasu. \u010ci u\u017e in\u0161talujete keramick\u00e9, porcel\u00e1nov\u00e9 alebo kamenn\u00e9 dla\u017edice, toto lepidlo poskytuje spo\u013eahliv\u00e9 a trvanliv\u00e9 v\u00fdsledky pre obytn\u00e9 aj komer\u010dn\u00e9 aplik\u00e1cie.<\/p>\n<p><strong><img decoding=\"async\" style=\"margin-right: 12px;\" src=\"https:\/\/www.ferberpainting.com\/wp-content\/uploads\/2026\/02\/Check.svg\" alt=\"\" width=\"18\" height=\"15\" \/>Pon\u00fakame z\u00e1ruku vr\u00e1tenia pe\u0148az\u00ed pre \u00fapln\u00fa istotu.<\/strong> Plne si stoj\u00edme za v\u00fdkonom n\u00e1\u0161ho lepidla na obklady. Ak nebudete \u00faplne spokojn\u00ed s pevnos\u0165ou lepenia alebo celkov\u00fdm v\u00fdsledkom, vr\u00e1time v\u00e1m peniaze za n\u00e1kup. T\u00e1to z\u00e1ruka vr\u00e1tenia pe\u0148az\u00ed v\u00e1m umo\u017e\u0148uje pracova\u0165 s \u00fapln\u00fdm pokojom, preto\u017ee viete, \u017ee va\u0161a invest\u00edcia je bezpe\u010dn\u00e1 a va\u0161a spokojnos\u0165 je na\u0161ou prioritou.<\/p>\n<p><strong><img decoding=\"async\" style=\"margin-right: 12px;\" src=\"https:\/\/www.ferberpainting.com\/wp-content\/uploads\/2026\/02\/Check.svg\" alt=\"\" width=\"18\" height=\"15\" \/>Naj\u00fa\u010dinnej\u0161ie lepidlo na obklady na trhu.<\/strong> Na\u0161e zlo\u017eenie s vysoko\u00fa\u010dinn\u00fdmi spojivami zaru\u010duje vynikaj\u00facu pri\u013enavos\u0165, pru\u017enos\u0165 a odolnos\u0165 vo\u010di mechanick\u00e9mu nam\u00e1haniu. Prisp\u00f4sobuje sa men\u0161\u00edm pohybom podkladu a teplotn\u00fdm zmen\u00e1m bez toho, aby sa naru\u0161ila pri\u013enavos\u0165. V porovnan\u00ed so \u0161tandardn\u00fdmi lepidlami poskytuje silnej\u0161iu po\u010diato\u010dn\u00fa pri\u013enavos\u0165 a dlhodob\u00fa trvanlivos\u0165, v\u010faka \u010domu je najefekt\u00edvnej\u0161\u00edm rie\u0161en\u00edm na profesion\u00e1lnu mont\u00e1\u017e obkladov a dla\u017eieb.<\/p>\n<p><strong><img decoding=\"async\" style=\"margin-right: 12px;\" src=\"https:\/\/www.ferberpainting.com\/wp-content\/uploads\/2026\/02\/Check.svg\" alt=\"\" width=\"18\" height=\"15\" \/>Najlacnej\u0161ie profesion\u00e1lne lepidlo na obklady.<\/strong> Vysok\u00fd v\u00fdkon lepenia nemus\u00ed ma\u0165 vysok\u00fa cenu. Pon\u00fakame najv\u00fdhodnej\u0161ie ceny bez toho, aby sme obetovali kvalitu alebo spo\u013eahlivos\u0165. Optimaliz\u00e1ciou v\u00fdroby a distrib\u00facie dod\u00e1vame \u0161pi\u010dkov\u00e9 lepidlo na obklady za najni\u017e\u0161iu cenu v porovnan\u00ed s podobn\u00fdmi profesion\u00e1lnymi produktmi, \u010d\u00edm zabezpe\u010dujeme vynikaj\u00facu hodnotu pre realiz\u00e1torov aj majite\u013eov domov.<\/p>\n<p><strong><img decoding=\"async\" style=\"margin-right: 12px;\" src=\"https:\/\/www.ferberpainting.com\/wp-content\/uploads\/2026\/02\/Check.svg\" alt=\"\" width=\"18\" height=\"15\" \/>Garantovan\u00e9 dodanie do 24 hod\u00edn, aby ste dodr\u017eali pl\u00e1novan\u00fd term\u00edn realiz\u00e1cie v\u00e1\u0161ho projektu.<\/strong> Obklada\u010dsk\u00e9 projekty sa \u010dasto riadia pr\u00edsnym \u010dasov\u00fdm harmonogramom. Preto poskytujeme spo\u013eahliv\u00e9 24-hodinov\u00e9 doru\u010denie, v\u010faka ktor\u00e9mu sa va\u0161e lepidlo na obklady dostane r\u00fdchlo a je pripraven\u00e9 na okam\u017eit\u00e9 pou\u017eitie. R\u00fdchla dod\u00e1vka v\u00e1m pom\u00f4\u017ee vyhn\u00fa\u0165 sa n\u00e1kladn\u00fdm oneskoreniam a zachova\u0165 efekt\u00edvny pracovn\u00fd postup na stavbe.<\/p>\n<p><strong><img decoding=\"async\" style=\"margin-right: 12px;\" src=\"https:\/\/www.ferberpainting.com\/wp-content\/uploads\/2026\/02\/Check.svg\" alt=\"\" width=\"18\" height=\"15\" \/>Presn\u00e9 pokrytie 1 m\u00b2 na liter na presn\u00e9 pl\u00e1novanie.<\/strong> Jeden liter pripraven\u00e9ho lepidla pokryje pribli\u017ene 1 meter \u0161tvorcov\u00fd v z\u00e1vislosti od ve\u013ekosti dla\u017edice, stavu podkladu a hr\u00fabky aplik\u00e1cie. T\u00e1to predv\u00eddate\u013en\u00e1 miera pokrytia v\u00e1m umo\u017e\u0148uje presne vypo\u010d\u00edta\u0165 po\u017eiadavky na materi\u00e1l a efekt\u00edvne riadi\u0165 n\u00e1klady na projekt pri zabezpe\u010den\u00ed konzistentn\u00e9ho v\u00fdkonu lepenia.<\/p>\n<p><strong><img decoding=\"async\" style=\"margin-right: 12px;\" src=\"https:\/\/www.ferberpainting.com\/wp-content\/uploads\/2026\/02\/Check.svg\" alt=\"\" width=\"18\" height=\"15\" \/>Pru\u017enos\u0165 a odolnos\u0165 vo\u010di praskaniu.<\/strong> Na\u0161e lepidlo na obklady je navrhnut\u00e9 tak, aby absorbovalo drobn\u00e9 vibr\u00e1cie a pohyby kon\u0161trukcie bez straty pri\u013enavosti. T\u00e1to flexibilita zni\u017euje riziko praskania alebo odde\u013eovania obklada\u010diek v priebehu \u010dasu, najm\u00e4 v oblastiach s vysokou intenzitou prev\u00e1dzky alebo v prostred\u00ed, ktor\u00e9 podlieha teplotn\u00fdm v\u00fdkyvom.<\/p>\n<p><strong><img decoding=\"async\" style=\"margin-right: 12px;\" src=\"https:\/\/www.ferberpainting.com\/wp-content\/uploads\/2026\/02\/Check.svg\" alt=\"\" width=\"18\" height=\"15\" \/>Vhodn\u00e9 na steny a podlahy v interi\u00e9ri aj exteri\u00e9ri.<\/strong> Lepidlo mo\u017eno pou\u017ei\u0165 na vertik\u00e1lne aj horizont\u00e1lne in\u0161tal\u00e1cie, tak\u017ee je univerz\u00e1lne pre k\u00fape\u013ene, kuchyne, terasy a komer\u010dn\u00e9 priestory. Pri aplik\u00e1cii pod\u013ea n\u00e1vodu poskytuje konzistentn\u00fd v\u00fdkon v suchom aj mierne vlhkom prostred\u00ed.<\/p>\n<p><strong><img decoding=\"async\" style=\"margin-right: 12px;\" src=\"https:\/\/www.ferberpainting.com\/wp-content\/uploads\/2026\/02\/Check.svg\" alt=\"\" width=\"18\" height=\"15\" \/>Jednoduch\u00e9 mie\u0161anie a hladk\u00e1 aplik\u00e1cia.<\/strong> Pr\u00e1\u0161kov\u00e9 zlo\u017eenie je navrhnut\u00e9 na jednoduch\u00fa pr\u00edpravu a po zmie\u0161an\u00ed s vodou vytv\u00e1ra hladk\u00fa, dobre spracovate\u013en\u00fa pastu. Rovnomerne sa rozotiera zubovou stierkou, \u010do umo\u017e\u0148uje rovnomern\u00fa hr\u00fabku lepidla a optim\u00e1lne umiestnenie dla\u017ed\u00edc.<\/p>\n<p><strong><img decoding=\"async\" style=\"margin-right: 12px;\" src=\"https:\/\/www.ferberpainting.com\/wp-content\/uploads\/2026\/02\/Check.svg\" alt=\"\" width=\"18\" height=\"15\" \/>Zabezpe\u010duje bezpe\u010dn\u00e9 umiestnenie dla\u017ed\u00edc a pracovn\u00fd \u010das.<\/strong> Lepidlo poskytuje dostato\u010dn\u00fd otvoren\u00fd \u010das na \u00fapravu zarovnania dla\u017ed\u00edc pred ich usaden\u00edm, \u010d\u00edm sa zabezpe\u010d\u00ed presnos\u0165 pri in\u0161tal\u00e1cii. Po vytvrdnut\u00ed vytv\u00e1ra pevn\u00fd, odoln\u00fd spoj, ktor\u00fd podporuje dlhodob\u00fa \u0161truktur\u00e1lnu stabilitu.<\/p>\n<h2><strong>Pokyny<\/strong><\/h2>\n<ul>\n<li>Uistite sa, \u017ee podklad je \u010dist\u00fd, such\u00fd, stabiln\u00fd a bez prachu, mastnoty, uvo\u013enen\u00fdch \u010dast\u00edc alebo predch\u00e1dzaj\u00facich nestabiln\u00fdch n\u00e1terov.<\/li>\n<li>Lepidlo pripravte zrieden\u00edm pr\u00e1\u0161ku s 30% vodou pod\u013ea hmotnosti. Napr\u00edklad na ka\u017ed\u00fd 1 kilogram pr\u00e1\u0161ku pridajte 0,3 litra \u010distej vody.<\/li>\n<li>Do \u010distej n\u00e1doby na mie\u0161anie nalejte najprv odmeran\u00fa vodu a potom za st\u00e1leho mie\u0161ania postupne prid\u00e1vajte pr\u00e1\u0161ok.<\/li>\n<li>Mie\u0161ajte mechanick\u00fdm mie\u0161adlom pri n\u00edzkych ot\u00e1\u010dkach, k\u00fdm nevznikne hladk\u00e1 hmota bez hrudiek.<\/li>\n<li>Zmes nechajte pribli\u017ene 5 min\u00fat odpo\u010d\u00edva\u0165 a potom ju pred pou\u017eit\u00edm kr\u00e1tko premie\u0161ajte.<\/li>\n<li>Pripraven\u00e9 lepidlo rovnomerne naneste na podklad pomocou zubovej stierky, pri\u010dom ve\u013ekos\u0165 z\u00e1rezu zvo\u013ete pod\u013ea rozmerov dla\u017edice.<\/li>\n<li>Odpor\u00fa\u010dan\u00e9 d\u00e1vkovanie je pribli\u017ene 1 liter pripraven\u00e9ho lepidla na meter \u0161tvorcov\u00fd v z\u00e1vislosti od rovinnosti podkladu a ve\u013ekosti dla\u017ed\u00edc.<\/li>\n<li>Rozotrite len tak\u00e9 mno\u017estvo lepidla, ktor\u00e9 je mo\u017en\u00e9 pokry\u0165 dla\u017edicami v \u010dase otvorenia uvedenom na obale.<\/li>\n<li>Obklada\u010dky pevne zatla\u010dte do lepidla miernymi kr\u00fa\u017eiv\u00fdmi pohybmi, aby sa zabezpe\u010dil \u00fapln\u00fd kontakt a odstr\u00e1nili sa vzduchov\u00e9 vreck\u00e1.<\/li>\n<li>Po\u010das in\u0161tal\u00e1cie skontrolujte zarovnanie a \u00farove\u0148 a vykonajte \u00fapravy v r\u00e1mci pracovn\u00e9ho \u010dasu.<\/li>\n<li>Pred injekt\u00e1\u017eou nechajte lepidlo \u00faplne vytvrdn\u00fa\u0165, zvy\u010dajne 24 hod\u00edn v z\u00e1vislosti od podmienok prostredia.<\/li>\n<li>A\u017e do \u00fapln\u00e9ho vytvrdnutia sa vyh\u00fdbajte silnej prem\u00e1vke alebo mechanick\u00e9mu nam\u00e1haniu oblo\u017een\u00e9ho povrchu.<\/li>\n<li>N\u00e1stroje po pou\u017eit\u00ed ihne\u010f o\u010distite vodou.<\/li>\n<li>Pr\u00e1\u0161ok skladujte na suchom mieste, chr\u00e1nenom pred vlhkos\u0165ou a mrazom, mimo dosahu det\u00ed a pri manipul\u00e1cii dodr\u017eiavajte \u0161tandardn\u00e9 bezpe\u010dnostn\u00e9 opatrenia.<\/li>\n<\/ul>","protected":false},"excerpt":{"rendered":"<p>Ensure maximum bonding strength for long-lasting tile installation. Our tiling glue is formulated to provide exceptional adhesion between tiles and a wide range of substrates, including concrete, cement screeds, plaster, and prepared walls and floors. The advanced composition ensures a strong mechanical and chemical bond that prevents tiles from loosening, shifting, or cracking over time. [&hellip;]<\/p>\n","protected":false},"featured_media":169817,"comment_status":"open","ping_status":"closed","template":"","meta":{"_uag_custom_page_level_css":"","site-sidebar-layout":"default","site-content-layout":"","ast-site-content-layout":"default","site-content-style":"default","site-sidebar-style":"default","ast-global-header-display":"","ast-banner-title-visibility":"","ast-main-header-display":"","ast-hfb-above-header-display":"","ast-hfb-below-header-display":"","ast-hfb-mobile-header-display":"","site-post-title":"","ast-breadcrumbs-content":"","ast-featured-img":"","footer-sml-layout":"","ast-disable-related-posts":"","theme-transparent-header-meta":"default","adv-header-id-meta":"","stick-header-meta":"","header-above-stick-meta":"","header-main-stick-meta":"","header-below-stick-meta":"","astra-migrate-meta-layouts":"set","ast-page-background-enabled":"default","ast-page-background-meta":{"desktop":{"background-color":"var(--ast-global-color-4)","background-image":"","background-repeat":"repeat","background-position":"center center","background-size":"auto","background-attachment":"scroll","background-type":"","background-media":"","overlay-type":"","overlay-color":"","overlay-opacity":"","overlay-gradient":""},"tablet":{"background-color":"","background-image":"","background-repeat":"repeat","background-position":"center center","background-size":"auto","background-attachment":"scroll","background-type":"","background-media":"","overlay-type":"","overlay-color":"","overlay-opacity":"","overlay-gradient":""},"mobile":{"background-color":"","background-image":"","background-repeat":"repeat","background-position":"center center","background-size":"auto","background-attachment":"scroll","background-type":"","background-media":"","overlay-type":"","overlay-color":"","overlay-opacity":"","overlay-gradient":""}},"ast-content-background-meta":{"desktop":{"background-color":"var(--ast-global-color-5)","background-image":"","background-repeat":"repeat","background-position":"center center","background-size":"auto","background-attachment":"scroll","background-type":"","background-media":"","overlay-type":"","overlay-color":"","overlay-opacity":"","overlay-gradient":""},"tablet":{"background-color":"var(--ast-global-color-5)","background-image":"","background-repeat":"repeat","background-position":"center center","background-size":"auto","background-attachment":"scroll","background-type":"","background-media":"","overlay-type":"","overlay-color":"","overlay-opacity":"","overlay-gradient":""},"mobile":{"background-color":"var(--ast-global-color-5)","background-image":"","background-repeat":"repeat","background-position":"center center","background-size":"auto","background-attachment":"scroll","background-type":"","background-media":"","overlay-type":"","overlay-color":"","overlay-opacity":"","overlay-gradient":""}}},"product_brand":[],"product_cat":[176],"product_tag":[],"class_list":{"0":"post-25579","1":"product","2":"type-product","3":"status-publish","4":"has-post-thumbnail","6":"product_cat-concrete-treatment","7":"desktop-align-left","8":"tablet-align-left","9":"mobile-align-left","11":"first","12":"instock","13":"sale","14":"taxable","15":"shipping-taxable","16":"purchasable","17":"product-type-variable","18":"has-default-attributes"},"spectra_custom_meta":{"_visibility":["visible"],"_shopify_product_id":["8137953575157"],"_s2w_shopify_domain":["ferberpainting.myshopify.com"],"_shopify_variant_id":["44054968238325"],"_manage_stock":["no"],"total_sales":["9"],"_tax_status":["taxable"],"_tax_class":[""],"_backorders":["no"],"_sold_individually":["no"],"_virtual":["no"],"_downloadable":["no"],"_download_limit":["-1"],"_download_expiry":["-1"],"_stock":[null],"_stock_status":["instock"],"_wc_average_rating":["4.98"],"_wc_review_count":["80"],"_product_attributes":["a:1:{s:5:\"volme\";a:6:{s:4:\"name\";s:5:\"Volme\";s:5:\"value\";s:20:\"5 liters | 20 liters\";s:8:\"position\";i:1;s:10:\"is_visible\";i:0;s:12:\"is_variation\";i:1;s:11:\"is_taxonomy\";i:0;}}"],"_product_version":["10.5.2"],"_thumbnail_id":["169817"],"_edit_lock":["1771481794:1"],"_default_attributes":["a:1:{s:5:\"volme\";s:8:\"5 liters\";}"],"merchant-center-availability":["yes"],"merchant-center-category":["503742"],"merchant-center-id":["CC"],"_edit_last":["1"],"_wp_page_template":["default"],"site-sidebar-layout":["default"],"ast-site-content-layout":["default"],"site-content-style":["default"],"site-sidebar-style":["default"],"theme-transparent-header-meta":["default"],"_wc_rating_count":["a:2:{i:4;i:2;i:5;i:78;}"],"_price":["29.90","89.90"],"_product_image_gallery":["169818"],"astra-migrate-meta-layouts":["set"],"_uag_css_file_name":["uag-css-25579.css"],"_elementor_page_assets":["a:0:{}"],"_uag_page_assets":["a:9:{s:3:\"css\";s:7133:\".uag-blocks-common-selector{z-index:var(--z-index-desktop) !important}@media(max-width: 976px){.uag-blocks-common-selector{z-index:var(--z-index-tablet) !important}}@media(max-width: 767px){.uag-blocks-common-selector{z-index:var(--z-index-mobile) !important}}.wp-block-uagb-image{display:flex}.wp-block-uagb-image__figure{position:relative;display:flex;flex-direction:column;max-width:100%;height:auto;margin:0}.wp-block-uagb-image__figure img{height:auto;display:flex;max-width:100%;transition:box-shadow .2s ease}.wp-block-uagb-image__figure>a{display:inline-block}.wp-block-uagb-image__figure figcaption{text-align:center;margin-top:.5em;margin-bottom:1em}.wp-block-uagb-image .components-placeholder.block-editor-media-placeholder .components-placeholder__instructions{align-self:center}.wp-block-uagb-image--align-left{text-align:left}.wp-block-uagb-image--align-right{text-align:right}.wp-block-uagb-image--align-center{text-align:center}.wp-block-uagb-image--align-full .wp-block-uagb-image__figure{margin-left:calc(50% - 50vw);margin-right:calc(50% - 50vw);max-width:100vw;width:100vw;height:auto}.wp-block-uagb-image--align-full .wp-block-uagb-image__figure img{height:auto;width:100% !important}.wp-block-uagb-image--align-wide .wp-block-uagb-image__figure img{height:auto;width:100%}.wp-block-uagb-image--layout-overlay__color-wrapper{position:absolute;left:0;top:0;right:0;bottom:0;opacity:.2;background:rgba(0,0,0,.5);transition:opacity .35s ease-in-out}.wp-block-uagb-image--layout-overlay-link{position:absolute;left:0;right:0;bottom:0;top:0}.wp-block-uagb-image--layout-overlay .wp-block-uagb-image__figure:hover .wp-block-uagb-image--layout-overlay__color-wrapper{opacity:1}.wp-block-uagb-image--layout-overlay__inner{position:absolute;left:15px;right:15px;bottom:15px;top:15px;display:flex;align-items:center;justify-content:center;flex-direction:column;border-color:#fff;transition:.35s ease-in-out}.wp-block-uagb-image--layout-overlay__inner.top-left,.wp-block-uagb-image--layout-overlay__inner.top-center,.wp-block-uagb-image--layout-overlay__inner.top-right{justify-content:flex-start}.wp-block-uagb-image--layout-overlay__inner.bottom-left,.wp-block-uagb-image--layout-overlay__inner.bottom-center,.wp-block-uagb-image--layout-overlay__inner.bottom-right{justify-content:flex-end}.wp-block-uagb-image--layout-overlay__inner.top-left,.wp-block-uagb-image--layout-overlay__inner.center-left,.wp-block-uagb-image--layout-overlay__inner.bottom-left{align-items:flex-start}.wp-block-uagb-image--layout-overlay__inner.top-right,.wp-block-uagb-image--layout-overlay__inner.center-right,.wp-block-uagb-image--layout-overlay__inner.bottom-right{align-items:flex-end}.wp-block-uagb-image--layout-overlay__inner .uagb-image-heading{color:#fff;transition:transform .35s,opacity .35s ease-in-out;transform:translate3d(0, 24px, 0);margin:0;line-height:1em}.wp-block-uagb-image--layout-overlay__inner .uagb-image-separator{width:30%;border-top-width:2px;border-top-color:#fff;border-top-style:solid;margin-bottom:10px;opacity:0;transition:transform .4s,opacity .4s ease-in-out;transform:translate3d(0, 30px, 0)}.wp-block-uagb-image--layout-overlay__inner .uagb-image-caption{opacity:0;overflow:visible;color:#fff;transition:transform .45s,opacity .45s ease-in-out;transform:translate3d(0, 35px, 0)}.wp-block-uagb-image--layout-overlay__inner:hover .uagb-image-heading,.wp-block-uagb-image--layout-overlay__inner:hover .uagb-image-separator,.wp-block-uagb-image--layout-overlay__inner:hover .uagb-image-caption{opacity:1;transform:translate3d(0, 0, 0)}.wp-block-uagb-image--effect-zoomin .wp-block-uagb-image__figure img,.wp-block-uagb-image--effect-zoomin .wp-block-uagb-image__figure .wp-block-uagb-image--layout-overlay__color-wrapper{transform:scale(1);transition:transform .35s ease-in-out}.wp-block-uagb-image--effect-zoomin .wp-block-uagb-image__figure:hover img,.wp-block-uagb-image--effect-zoomin .wp-block-uagb-image__figure:hover .wp-block-uagb-image--layout-overlay__color-wrapper{transform:scale(1.05)}.wp-block-uagb-image--effect-slide .wp-block-uagb-image__figure img,.wp-block-uagb-image--effect-slide .wp-block-uagb-image__figure .wp-block-uagb-image--layout-overlay__color-wrapper{width:calc(100% + 40px) !important;max-width:none !important;transform:translate3d(-40px, 0, 0);transition:transform .35s ease-in-out}.wp-block-uagb-image--effect-slide .wp-block-uagb-image__figure:hover img,.wp-block-uagb-image--effect-slide .wp-block-uagb-image__figure:hover .wp-block-uagb-image--layout-overlay__color-wrapper{transform:translate3d(0, 0, 0)}.wp-block-uagb-image--effect-grayscale img{filter:grayscale(0%);transition:.35s ease-in-out}.wp-block-uagb-image--effect-grayscale:hover img{filter:grayscale(100%)}.wp-block-uagb-image--effect-blur img{filter:blur(0);transition:.35s ease-in-out}.wp-block-uagb-image--effect-blur:hover img{filter:blur(3px)}.uagb-block-e6f939b3.wp-block-uagb-image--layout-default figure img{box-shadow: 0px 0px 0 #00000070;}.uagb-block-e6f939b3.wp-block-uagb-image .wp-block-uagb-image__figure figcaption{font-style: normal;align-self: center;}.uagb-block-e6f939b3.wp-block-uagb-image--layout-overlay figure img{box-shadow: 0px 0px 0 #00000070;}.uagb-block-e6f939b3.wp-block-uagb-image--layout-overlay .wp-block-uagb-image--layout-overlay__color-wrapper{opacity: 0.2;}.uagb-block-e6f939b3.wp-block-uagb-image--layout-overlay .wp-block-uagb-image--layout-overlay__inner{left: 15px;right: 15px;top: 15px;bottom: 15px;}.uagb-block-e6f939b3.wp-block-uagb-image--layout-overlay .wp-block-uagb-image--layout-overlay__inner .uagb-image-heading{font-style: normal;color: #fff;opacity: 1;}.uagb-block-e6f939b3.wp-block-uagb-image--layout-overlay .wp-block-uagb-image--layout-overlay__inner .uagb-image-heading a{color: #fff;}.uagb-block-e6f939b3.wp-block-uagb-image--layout-overlay .wp-block-uagb-image--layout-overlay__inner .uagb-image-caption{opacity: 0;}.uagb-block-e6f939b3.wp-block-uagb-image--layout-overlay .wp-block-uagb-image__figure:hover .wp-block-uagb-image--layout-overlay__color-wrapper{opacity: 1;}.uagb-block-e6f939b3.wp-block-uagb-image .wp-block-uagb-image--layout-overlay__inner .uagb-image-separator{width: 30%;border-top-width: 2px;border-top-color: #fff;opacity: 0;}.uagb-block-e6f939b3.wp-block-uagb-image .wp-block-uagb-image__figure img{width: px;height: auto;}.uagb-block-e6f939b3.wp-block-uagb-image .wp-block-uagb-image__figure:hover .wp-block-uagb-image--layout-overlay__inner .uagb-image-caption{opacity: 1;}.uagb-block-e6f939b3.wp-block-uagb-image .wp-block-uagb-image__figure:hover .wp-block-uagb-image--layout-overlay__inner .uagb-image-separator{opacity: 1;}.uagb-block-e6f939b3.wp-block-uagb-image--layout-default figure:hover img{box-shadow: 0px 0px 0 #00000070;}.uagb-block-e6f939b3.wp-block-uagb-image--layout-overlay figure:hover img{box-shadow: 0px 0px 0 #00000070;}@media only screen and (max-width: 976px) {.uagb-block-e6f939b3.wp-block-uagb-image .wp-block-uagb-image__figure img{width: px;height: auto;}}@media only screen and (max-width: 767px) {.uagb-block-e6f939b3.wp-block-uagb-image .wp-block-uagb-image__figure img{width: px;height: auto;}}\";s:2:\"js\";s:0:\"\";s:18:\"current_block_list\";a:13:{i:0;s:11:\"core\/search\";i:1;s:10:\"core\/group\";i:2;s:12:\"core\/heading\";i:3;s:17:\"core\/latest-posts\";i:4;s:20:\"core\/latest-comments\";i:5;s:13:\"core\/archives\";i:6;s:15:\"core\/categories\";i:7;s:14:\"core\/paragraph\";i:8;s:10:\"uagb\/image\";i:9;s:11:\"core\/spacer\";i:10;s:30:\"woocommerce\/product-categories\";i:11;s:10:\"core\/image\";i:12;s:14:\"core\/shortcode\";}s:8:\"uag_flag\";b:1;s:11:\"uag_version\";s:10:\"1777382902\";s:6:\"gfonts\";a:0:{}s:10:\"gfonts_url\";s:0:\"\";s:12:\"gfonts_files\";a:0:{}s:14:\"uag_faq_layout\";b:0;}"]},"uagb_featured_image_src":{"full":["https:\/\/www.ferberpainting.com\/wp-content\/uploads\/2025\/05\/Tiling-Glue-5L-Mockups.png",2560,2560,false],"thumbnail":["https:\/\/www.ferberpainting.com\/wp-content\/uploads\/2025\/05\/Tiling-Glue-5L-Mockups-150x150.png",150,150,true],"medium":["https:\/\/www.ferberpainting.com\/wp-content\/uploads\/2025\/05\/Tiling-Glue-5L-Mockups-300x300.png",300,300,true],"medium_large":["https:\/\/www.ferberpainting.com\/wp-content\/uploads\/2025\/05\/Tiling-Glue-5L-Mockups-768x768.png",768,768,true],"large":["https:\/\/www.ferberpainting.com\/wp-content\/uploads\/2025\/05\/Tiling-Glue-5L-Mockups-1024x1024.png",1024,1024,true],"1536x1536":["https:\/\/www.ferberpainting.com\/wp-content\/uploads\/2025\/05\/Tiling-Glue-5L-Mockups-1536x1536.png",1536,1536,true],"2048x2048":["https:\/\/www.ferberpainting.com\/wp-content\/uploads\/2025\/05\/Tiling-Glue-5L-Mockups-2048x2048.png",2048,2048,true],"trp-custom-language-flag":["https:\/\/www.ferberpainting.com\/wp-content\/uploads\/2025\/05\/Tiling-Glue-5L-Mockups-12x12.png",12,12,true],"woocommerce_thumbnail":["https:\/\/www.ferberpainting.com\/wp-content\/uploads\/2025\/05\/Tiling-Glue-5L-Mockups-300x300.png",300,300,true],"woocommerce_single":["https:\/\/www.ferberpainting.com\/wp-content\/uploads\/2025\/05\/Tiling-Glue-5L-Mockups-600x600.png",600,600,true],"woocommerce_gallery_thumbnail":["https:\/\/www.ferberpainting.com\/wp-content\/uploads\/2025\/05\/Tiling-Glue-5L-Mockups-100x100.png",100,100,true]},"uagb_author_info":{"display_name":"admin","author_link":"https:\/\/www.ferberpainting.com\/sk\/author\/"},"uagb_comment_info":80,"uagb_excerpt":"Ensure maximum bonding strength for long-lasting tile installation. Our tiling glue is formulated to provide exceptional adhesion between tiles and a wide range of substrates, including concrete, cement screeds, plaster, and prepared walls and floors. The advanced composition ensures a strong mechanical and chemical bond that prevents tiles from loosening, shifting, or cracking over time.&hellip;","_links":{"self":[{"href":"https:\/\/www.ferberpainting.com\/sk\/wp-json\/wp\/v2\/product\/25579","targetHints":{"allow":["GET"]}}],"collection":[{"href":"https:\/\/www.ferberpainting.com\/sk\/wp-json\/wp\/v2\/product"}],"about":[{"href":"https:\/\/www.ferberpainting.com\/sk\/wp-json\/wp\/v2\/types\/product"}],"replies":[{"embeddable":true,"href":"https:\/\/www.ferberpainting.com\/sk\/wp-json\/wp\/v2\/comments?post=25579"}],"version-history":[{"count":3,"href":"https:\/\/www.ferberpainting.com\/sk\/wp-json\/wp\/v2\/product\/25579\/revisions"}],"predecessor-version":[{"id":167430,"href":"https:\/\/www.ferberpainting.com\/sk\/wp-json\/wp\/v2\/product\/25579\/revisions\/167430"}],"wp:featuredmedia":[{"embeddable":true,"href":"https:\/\/www.ferberpainting.com\/sk\/wp-json\/wp\/v2\/media\/169817"}],"wp:attachment":[{"href":"https:\/\/www.ferberpainting.com\/sk\/wp-json\/wp\/v2\/media?parent=25579"}],"wp:term":[{"taxonomy":"product_brand","embeddable":true,"href":"https:\/\/www.ferberpainting.com\/sk\/wp-json\/wp\/v2\/product_brand?post=25579"},{"taxonomy":"product_cat","embeddable":true,"href":"https:\/\/www.ferberpainting.com\/sk\/wp-json\/wp\/v2\/product_cat?post=25579"},{"taxonomy":"product_tag","embeddable":true,"href":"https:\/\/www.ferberpainting.com\/sk\/wp-json\/wp\/v2\/product_tag?post=25579"}],"curies":[{"name":"wp","href":"https:\/\/api.w.org\/{rel}","templated":true}]}}