{"id":25355,"date":"2025-05-26T10:31:09","date_gmt":"2025-05-26T08:31:09","guid":{"rendered":"https:\/\/www.ferberpainting.com\/products\/terrace-water-repellent\/"},"modified":"2026-02-16T12:31:27","modified_gmt":"2026-02-16T11:31:27","slug":"terrace-water-repellent","status":"publish","type":"product","link":"https:\/\/www.ferberpainting.com\/sk\/products\/terrace-water-repellent\/","title":{"rendered":"Hydrof\u00f3bny n\u00e1ter na terasu"},"content":{"rendered":"<p><strong><img decoding=\"async\" style=\"margin-right: 12px;\" src=\"https:\/\/www.ferberpainting.com\/wp-content\/uploads\/2026\/02\/Check.svg\" alt=\"\" width=\"18\" height=\"15\" \/>Poskytuje dlhotrvaj\u00facu vodotesn\u00fa ochranu povrchov terasy.<\/strong> N\u00e1\u0161 vodoodpudiv\u00fd pr\u00edpravok na terasy je \u0161peci\u00e1lne navrhnut\u00fd na ochranu vonkaj\u0161\u00edch miner\u00e1lnych povrchov pred prenikan\u00edm vody, po\u0161koden\u00edm vlhkos\u0165ou a po\u0161koden\u00edm sp\u00f4soben\u00fdm poveternostn\u00fdmi vplyvmi. Pokro\u010dil\u00e9 zlo\u017eenie prenik\u00e1 hlboko do por\u00e9znych materi\u00e1lov a vytv\u00e1ra nevidite\u013en\u00fa hydrof\u00f3bnu bari\u00e9ru, ktor\u00e1 odpudzuje da\u017e\u010fov\u00fa vodu a z\u00e1rove\u0148 umo\u017e\u0148uje povrchu d\u00fdcha\u0165. T\u00fdm, \u017ee zabra\u0148uje absorpcii vody, zni\u017euje praskanie, po\u0161kodenie mrazom, v\u00fdkvety a oslabenie \u0161trukt\u00fary, \u010d\u00edm zachov\u00e1va vzh\u013ead aj trvanlivos\u0165 va\u0161ej terasy na dlh\u00e9 roky.<\/p>\n<p><strong><img decoding=\"async\" style=\"margin-right: 12px;\" src=\"https:\/\/www.ferberpainting.com\/wp-content\/uploads\/2026\/02\/Check.svg\" alt=\"\" width=\"18\" height=\"15\" \/>Pon\u00fakame z\u00e1ruku vr\u00e1tenia pe\u0148az\u00ed pre \u00fapln\u00fa istotu.<\/strong> Va\u0161a spokojnos\u0165 je na\u0161ou prioritou a plne si stoj\u00edme za \u00fa\u010dinnos\u0165ou n\u00e1\u0161ho odpudzova\u010da vody na terasy. Ak nebudete s v\u00fdsledkami \u00faplne spokojn\u00ed, vr\u00e1time v\u00e1m peniaze za n\u00e1kup. T\u00e1to z\u00e1ruka vr\u00e1tenia pe\u0148az\u00ed v\u00e1m umo\u017e\u0148uje vysk\u00fa\u0161a\u0165 v\u00fdrobok bez rizika s vedom\u00edm, \u017ee va\u0161a invest\u00edcia je chr\u00e1nen\u00e1 a podporen\u00e1 na\u0161\u00edm z\u00e1v\u00e4zkom kvality.<\/p>\n<p><strong><img decoding=\"async\" style=\"margin-right: 12px;\" src=\"https:\/\/www.ferberpainting.com\/wp-content\/uploads\/2026\/02\/Check.svg\" alt=\"\" width=\"18\" height=\"15\" \/>Naj\u00fa\u010dinnej\u0161ie rie\u0161enie odpudzuj\u00face vodu na trhu.<\/strong> Na\u0161a profesion\u00e1lna recept\u00fara poskytuje vynikaj\u00faci hydrof\u00f3bny v\u00fdkon v porovnan\u00ed so \u0161tandardn\u00fdmi tmelmi. Prenik\u00e1 hlboko do kame\u0148a, bet\u00f3nu a dla\u017eby a vytv\u00e1ra odoln\u00fa vn\u00fatorn\u00fa ochranu namiesto vytv\u00e1rania povrchov\u00e9ho filmu, ktor\u00fd sa m\u00f4\u017ee odlupova\u0165 alebo praska\u0165. V\u00fdsledkom je vysoko \u00fa\u010dinn\u00e1, dlhotrvaj\u00faca odolnos\u0165 proti prenikaniu vody, ktor\u00e1 pom\u00e1ha predch\u00e1dza\u0165 dlhodob\u00e9mu po\u0161kodeniu vlhkos\u0165ou a zni\u017euje frekvenciu \u00fadr\u017eby.<\/p>\n<p><strong><img decoding=\"async\" style=\"margin-right: 12px;\" src=\"https:\/\/www.ferberpainting.com\/wp-content\/uploads\/2026\/02\/Check.svg\" alt=\"\" width=\"18\" height=\"15\" \/>Najlacnej\u0161\u00ed profesion\u00e1lny prostriedok na odpudzovanie vody z ter\u00e1s.<\/strong> Ochrana na vysokej \u00farovni nemus\u00ed by\u0165 drah\u00e1. Pon\u00fakame najv\u00fdhodnej\u0161ie ceny bez kompromisov v oblasti v\u00fdkonu. Optimaliz\u00e1ciou v\u00fdrobn\u00fdch a distribu\u010dn\u00fdch procesov poskytujeme ochranu terasy pr\u00e9miovej kvality za najni\u017e\u0161iu cenu v porovnan\u00ed s podobn\u00fdmi produktmi, \u010d\u00edm v\u00e1m poskytujeme maxim\u00e1lnu hodnotu va\u0161ej invest\u00edcie.<\/p>\n<p><strong><img decoding=\"async\" style=\"margin-right: 12px;\" src=\"https:\/\/www.ferberpainting.com\/wp-content\/uploads\/2026\/02\/Check.svg\" alt=\"\" width=\"18\" height=\"15\" \/>Garantovan\u00e9 doru\u010denie do 24 hod\u00edn pre okam\u017eit\u00fa ochranu.<\/strong> Ak je va\u0161a terasa vystaven\u00e1 siln\u00e9mu da\u017e\u010fu alebo sez\u00f3nnym zmen\u00e1m po\u010dasia, je nevyhnutn\u00e9 r\u00fdchlo kona\u0165. Preto pon\u00fakame spo\u013eahliv\u00fa dod\u00e1vku 24 hod\u00edn denne, v\u010faka ktorej sa v\u00e1\u0161 prostriedok na odpudzovanie vody na terase dostane r\u00fdchlo a bude pripraven\u00fd na okam\u017eit\u00fa aplik\u00e1ciu. T\u00e1to r\u00fdchla exped\u00edcia v\u00e1m umo\u017en\u00ed chr\u00e1ni\u0165 va\u0161e povrchy r\u00fdchlo a \u00fa\u010dinne.<\/p>\n<p><strong><img decoding=\"async\" style=\"margin-right: 12px;\" src=\"https:\/\/www.ferberpainting.com\/wp-content\/uploads\/2026\/02\/Check.svg\" alt=\"\" width=\"18\" height=\"15\" \/>Efekt\u00edvne pokrytie 10 m\u00b2 na liter na presn\u00e9 pl\u00e1novanie projektu.<\/strong> Jeden liter n\u00e1\u0161ho vodoodpudiv\u00e9ho pr\u00edpravku na terasy o\u0161etr\u00ed a\u017e 10 metrov \u0161tvorcov\u00fdch v z\u00e1vislosti od p\u00f3rovitosti povrchu a miery absorpcie. T\u00e1to jasn\u00e1 miera pokrytia u\u013eah\u010duje v\u00fdpo\u010det presn\u00e9ho potrebn\u00e9ho mno\u017estva, \u010d\u00edm sa zabezpe\u010duje kontrola n\u00e1kladov a minimalizuje sa mno\u017estvo odpadu, pri\u010dom sa poskytuje rovnomern\u00e1 ochrana na celej o\u0161etrovanej ploche.<\/p>\n<p><strong><img decoding=\"async\" style=\"margin-right: 12px;\" src=\"https:\/\/www.ferberpainting.com\/wp-content\/uploads\/2026\/02\/Check.svg\" alt=\"\" width=\"18\" height=\"15\" \/>Nevidite\u013en\u00e1 povrchov\u00e1 \u00faprava, ktor\u00e1 zachov\u00e1va prirodzen\u00fd vzh\u013ead va\u0161ej terasy.<\/strong> Pr\u00edpravok vytv\u00e1ra transparentn\u00fa bari\u00e9ru, ktor\u00e1 netvor\u00ed film a nemen\u00ed farbu, \u0161trukt\u00faru ani estetick\u00fd charakter povrchu. Va\u0161a terasa si zachov\u00e1va svoj autentick\u00fd vzh\u013ead a z\u00e1rove\u0148 profituje z pokro\u010dilej ochrany proti vlhkosti, \u010d\u00edm sa vyhnete leskl\u00fdm alebo umel\u00fdm povrchov\u00fdm \u00faprav\u00e1m.<\/p>\n<p><strong><img decoding=\"async\" style=\"margin-right: 12px;\" src=\"https:\/\/www.ferberpainting.com\/wp-content\/uploads\/2026\/02\/Check.svg\" alt=\"\" width=\"18\" height=\"15\" \/>Zni\u017euje po\u0161kodenie mrazom, praskanie a v\u00fdkvety.<\/strong> Obmedzen\u00edm absorpcie vody v\u00fdrobok v\u00fdrazne zni\u017euje riziko cyklov mrazu a rozmrazovania, ktor\u00e9 sp\u00f4sobuj\u00fa trhliny a degrad\u00e1ciu povrchu. Pom\u00e1ha tie\u017e predch\u00e1dza\u0165 tvorbe bielych usaden\u00edn soli sp\u00f4soben\u00fdch migr\u00e1ciou vlhkosti, \u010d\u00edm udr\u017eiava \u010distej\u0161\u00ed a atrakt\u00edvnej\u0161\u00ed povrch terasy v priebehu \u010dasu.<\/p>\n<p><strong><img decoding=\"async\" style=\"margin-right: 12px;\" src=\"https:\/\/www.ferberpainting.com\/wp-content\/uploads\/2026\/02\/Check.svg\" alt=\"\" width=\"18\" height=\"15\" \/>Vhodn\u00e9 pre \u0161irok\u00fa \u0161k\u00e1lu vonkaj\u0161\u00edch materi\u00e1lov.<\/strong> Tento univerz\u00e1lny vodoodpudiv\u00fd prostriedok mo\u017eno pou\u017ei\u0165 na bet\u00f3n, pr\u00edrodn\u00fd kame\u0148, dla\u017eobn\u00e9 dosky, tehly a in\u00e9 terasov\u00e9 materi\u00e1ly na miner\u00e1lnej b\u00e1ze. Prisp\u00f4sob\u00ed sa r\u00f4znym text\u00faram a povrchov\u00fdm \u00faprav\u00e1m, pri\u010dom zachov\u00e1va \u0161truktur\u00e1lnu integritu a poskytuje konzistentn\u00fa ochranu.<\/p>\n<p><strong><img decoding=\"async\" style=\"margin-right: 12px;\" src=\"https:\/\/www.ferberpainting.com\/wp-content\/uploads\/2026\/02\/Check.svg\" alt=\"\" width=\"18\" height=\"15\" \/>Jednoduch\u00e1 aplik\u00e1cia pre profesion\u00e1lov a majite\u013eov domov.<\/strong> Vodoodpudiv\u00fd pr\u00edpravok na terasy je navrhnut\u00fd na pohodln\u00e9 pou\u017eitie a mo\u017eno ho aplikova\u0165 \u0161tetcom, val\u010dekom alebo n\u00edzkotlakov\u00fdm postrekova\u010dom. Hladk\u00e1, \u013eahko rozotierate\u013en\u00e1 konzistencia zabezpe\u010duje rovnomern\u00fa penetr\u00e1ciu a \u00fa\u010dinn\u00e9 pokrytie, v\u010faka \u010domu je vhodn\u00fd na mal\u00e9 obytn\u00e9 terasy aj ve\u013ek\u00e9 komer\u010dn\u00e9 vonkaj\u0161ie priestory.<\/p>\n<h2><strong>Pokyny<\/strong><\/h2>\n<ul>\n<li>Pred aplik\u00e1ciou sa uistite, \u017ee povrch terasy je \u010dist\u00fd, such\u00fd a zbaven\u00fd prachu, ne\u010dist\u00f4t, machu, rias, mastnoty alebo predch\u00e1dzaj\u00facich n\u00e1terov.<\/li>\n<li>\u010cerstvo vy\u010disten\u00e9 povrchy nechajte \u00faplne vyschn\u00fa\u0165, preto\u017ee vlhkos\u0165 m\u00f4\u017ee zn\u00ed\u017ei\u0165 penetr\u00e1ciu a \u00fa\u010dinnos\u0165.<\/li>\n<li>Pred pou\u017eit\u00edm v\u00fdrobok d\u00f4kladne pretrepte alebo premie\u0161ajte, aby ste zabezpe\u010dili rovnomern\u00e9 zlo\u017eenie.<\/li>\n<li>Vysk\u00fa\u0161ajte v\u00fdrobok na malej, nen\u00e1padnej ploche, aby ste potvrdili kompatibilitu a overili, \u010di sa vzh\u013ead nezmen\u00ed.<\/li>\n<li>Vodoodpudiv\u00fd prostriedok nan\u00e1\u0161ajte rovnomerne pomocou \u0161tetca, val\u010deka alebo n\u00edzkotlakov\u00e9ho postrekova\u010da, pri\u010dom dbajte na rovnomern\u00e9 nas\u00fdtenie povrchu bez vytv\u00e1rania kalu\u017e\u00ed.<\/li>\n<li>Odpor\u00fa\u010dan\u00e9 d\u00e1vkovanie je pribli\u017ene 100 ml na meter \u0161tvorcov\u00fd, preto\u017ee jeden liter o\u0161etr\u00ed a\u017e 10 m\u00b2. Vysoko por\u00e9zne povrchy m\u00f4\u017eu vy\u017eadova\u0165 o nie\u010do vy\u0161\u0161iu spotrebu.<\/li>\n<li>Na \u0161tandardn\u00fa ochranu naneste jednu rovnomern\u00fa vrstvu. Pri ve\u013emi por\u00e9znych materi\u00e1loch sa m\u00f4\u017ee nanies\u0165 druh\u00e1 vrstva mokr\u00e9 na mokr\u00e9, k\u00fdm prv\u00e1 vrstva e\u0161te nasiakne.<\/li>\n<li>Vyhnite sa aplik\u00e1cii po\u010das da\u017e\u010fa, siln\u00e9ho vetra alebo ak sa o\u010dak\u00e1va d\u00e1\u017e\u010f v priebehu 24 hod\u00edn po o\u0161etren\u00ed.<\/li>\n<li>Pred vystaven\u00edm o\u0161etren\u00e9ho povrchu siln\u00e9mu da\u017e\u010fu alebo pe\u0161ej prev\u00e1dzke ho nechajte vyschn\u00fa\u0165 aspo\u0148 24 hod\u00edn.<\/li>\n<li>N\u00e1stroje \u010distite ihne\u010f po pou\u017eit\u00ed pod\u013ea odpor\u00fa\u010dan\u00ed na \u010distenie v\u00fdrobku.<\/li>\n<li>Na dosiahnutie optim\u00e1lnej dlhodobej ochrany pravidelne kontrolujte povrch a znovu ho natrite, ke\u010f sa na \u0148om u\u017e nebude tvori\u0165 voda.<\/li>\n<li>V\u00fdrobok skladujte tesne uzavret\u00fd na chladnom a suchom mieste, chr\u00e1nen\u00fd pred mrazom a priamym slne\u010dn\u00fdm \u017eiaren\u00edm. Uchov\u00e1vajte mimo dosahu det\u00ed a pri manipul\u00e1cii a aplik\u00e1cii dodr\u017eiavajte \u0161tandardn\u00e9 bezpe\u010dnostn\u00e9 opatrenia.<\/li>\n<\/ul>","protected":false},"excerpt":{"rendered":"<p>Provide long-lasting waterproof protection for your terrace surfaces. Our terrace water repellent is specially designed to protect outdoor mineral surfaces against water infiltration, moisture damage, and weather-related deterioration. The advanced formula penetrates deeply into porous materials and forms an invisible hydrophobic barrier that repels rainwater while allowing the surface to breathe. By preventing water absorption, [&hellip;]<\/p>\n","protected":false},"featured_media":27206,"comment_status":"open","ping_status":"closed","template":"","meta":{"_uag_custom_page_level_css":"","site-sidebar-layout":"default","site-content-layout":"","ast-site-content-layout":"default","site-content-style":"default","site-sidebar-style":"default","ast-global-header-display":"","ast-banner-title-visibility":"","ast-main-header-display":"","ast-hfb-above-header-display":"","ast-hfb-below-header-display":"","ast-hfb-mobile-header-display":"","site-post-title":"","ast-breadcrumbs-content":"","ast-featured-img":"","footer-sml-layout":"","ast-disable-related-posts":"","theme-transparent-header-meta":"default","adv-header-id-meta":"","stick-header-meta":"","header-above-stick-meta":"","header-main-stick-meta":"","header-below-stick-meta":"","astra-migrate-meta-layouts":"set","ast-page-background-enabled":"default","ast-page-background-meta":{"desktop":{"background-color":"var(--ast-global-color-4)","background-image":"","background-repeat":"repeat","background-position":"center center","background-size":"auto","background-attachment":"scroll","background-type":"","background-media":"","overlay-type":"","overlay-color":"","overlay-opacity":"","overlay-gradient":""},"tablet":{"background-color":"","background-image":"","background-repeat":"repeat","background-position":"center center","background-size":"auto","background-attachment":"scroll","background-type":"","background-media":"","overlay-type":"","overlay-color":"","overlay-opacity":"","overlay-gradient":""},"mobile":{"background-color":"","background-image":"","background-repeat":"repeat","background-position":"center center","background-size":"auto","background-attachment":"scroll","background-type":"","background-media":"","overlay-type":"","overlay-color":"","overlay-opacity":"","overlay-gradient":""}},"ast-content-background-meta":{"desktop":{"background-color":"var(--ast-global-color-5)","background-image":"","background-repeat":"repeat","background-position":"center center","background-size":"auto","background-attachment":"scroll","background-type":"","background-media":"","overlay-type":"","overlay-color":"","overlay-opacity":"","overlay-gradient":""},"tablet":{"background-color":"var(--ast-global-color-5)","background-image":"","background-repeat":"repeat","background-position":"center center","background-size":"auto","background-attachment":"scroll","background-type":"","background-media":"","overlay-type":"","overlay-color":"","overlay-opacity":"","overlay-gradient":""},"mobile":{"background-color":"var(--ast-global-color-5)","background-image":"","background-repeat":"repeat","background-position":"center center","background-size":"auto","background-attachment":"scroll","background-type":"","background-media":"","overlay-type":"","overlay-color":"","overlay-opacity":"","overlay-gradient":""}}},"product_brand":[],"product_cat":[191],"product_tag":[],"class_list":{"0":"post-25355","1":"product","2":"type-product","3":"status-publish","4":"has-post-thumbnail","6":"product_cat-water-repellent","7":"desktop-align-left","8":"tablet-align-left","9":"mobile-align-left","11":"first","12":"instock","13":"sale","14":"shipping-taxable","15":"purchasable","16":"product-type-variable","17":"has-default-attributes"},"spectra_custom_meta":{"_visibility":["visible"],"_shopify_product_id":["8051449168117"],"_s2w_shopify_domain":["ferberpainting.myshopify.com"],"_shopify_variant_id":["43849350676725"],"_sku":[""],"_manage_stock":["no"],"total_sales":["197"],"_tax_status":["taxable"],"_tax_class":[""],"_backorders":["no"],"_sold_individually":["no"],"_virtual":["no"],"_downloadable":["no"],"_download_limit":["-1"],"_download_expiry":["-1"],"_stock":[null],"_stock_status":["instock"],"_wc_average_rating":["5.00"],"_wc_review_count":["72"],"_product_attributes":["a:1:{s:6:\"volume\";a:6:{s:4:\"name\";s:6:\"Volume\";s:5:\"value\";s:20:\"5 liters | 25 liters\";s:8:\"position\";i:1;s:10:\"is_visible\";i:0;s:12:\"is_variation\";i:1;s:11:\"is_taxonomy\";i:0;}}"],"_product_version":["10.5.1"],"_thumbnail_id":["27206"],"_price":["29.90","129.90"],"_product_image_gallery":["27207"],"merchant-center-availability":["yes"],"merchant-center-category":["503744"],"merchant-center-id":["HT5L"],"wpse_downloadable_file_names":[""],"wpse_downloadable_file_urls":[""],"_edit_last":["1"],"_default_attributes":["a:1:{s:6:\"volume\";s:8:\"5 liters\";}"],"_wc_rating_count":["a:1:{i:5;i:72;}"],"_edit_lock":["1773040218:5317"],"_wp_page_template":["default"],"site-sidebar-layout":["default"],"ast-site-content-layout":["default"],"site-content-style":["default"],"site-sidebar-style":["default"],"theme-transparent-header-meta":["default"],"astra-migrate-meta-layouts":["set"],"_uag_css_file_name":["uag-css-25355.css"],"_elementor_page_assets":["a:0:{}"],"_uag_page_assets":["a:9:{s:3:\"css\";s:7133:\".uag-blocks-common-selector{z-index:var(--z-index-desktop) !important}@media(max-width: 976px){.uag-blocks-common-selector{z-index:var(--z-index-tablet) !important}}@media(max-width: 767px){.uag-blocks-common-selector{z-index:var(--z-index-mobile) !important}}.wp-block-uagb-image{display:flex}.wp-block-uagb-image__figure{position:relative;display:flex;flex-direction:column;max-width:100%;height:auto;margin:0}.wp-block-uagb-image__figure img{height:auto;display:flex;max-width:100%;transition:box-shadow .2s ease}.wp-block-uagb-image__figure>a{display:inline-block}.wp-block-uagb-image__figure figcaption{text-align:center;margin-top:.5em;margin-bottom:1em}.wp-block-uagb-image .components-placeholder.block-editor-media-placeholder .components-placeholder__instructions{align-self:center}.wp-block-uagb-image--align-left{text-align:left}.wp-block-uagb-image--align-right{text-align:right}.wp-block-uagb-image--align-center{text-align:center}.wp-block-uagb-image--align-full .wp-block-uagb-image__figure{margin-left:calc(50% - 50vw);margin-right:calc(50% - 50vw);max-width:100vw;width:100vw;height:auto}.wp-block-uagb-image--align-full .wp-block-uagb-image__figure img{height:auto;width:100% !important}.wp-block-uagb-image--align-wide .wp-block-uagb-image__figure img{height:auto;width:100%}.wp-block-uagb-image--layout-overlay__color-wrapper{position:absolute;left:0;top:0;right:0;bottom:0;opacity:.2;background:rgba(0,0,0,.5);transition:opacity .35s ease-in-out}.wp-block-uagb-image--layout-overlay-link{position:absolute;left:0;right:0;bottom:0;top:0}.wp-block-uagb-image--layout-overlay .wp-block-uagb-image__figure:hover .wp-block-uagb-image--layout-overlay__color-wrapper{opacity:1}.wp-block-uagb-image--layout-overlay__inner{position:absolute;left:15px;right:15px;bottom:15px;top:15px;display:flex;align-items:center;justify-content:center;flex-direction:column;border-color:#fff;transition:.35s ease-in-out}.wp-block-uagb-image--layout-overlay__inner.top-left,.wp-block-uagb-image--layout-overlay__inner.top-center,.wp-block-uagb-image--layout-overlay__inner.top-right{justify-content:flex-start}.wp-block-uagb-image--layout-overlay__inner.bottom-left,.wp-block-uagb-image--layout-overlay__inner.bottom-center,.wp-block-uagb-image--layout-overlay__inner.bottom-right{justify-content:flex-end}.wp-block-uagb-image--layout-overlay__inner.top-left,.wp-block-uagb-image--layout-overlay__inner.center-left,.wp-block-uagb-image--layout-overlay__inner.bottom-left{align-items:flex-start}.wp-block-uagb-image--layout-overlay__inner.top-right,.wp-block-uagb-image--layout-overlay__inner.center-right,.wp-block-uagb-image--layout-overlay__inner.bottom-right{align-items:flex-end}.wp-block-uagb-image--layout-overlay__inner .uagb-image-heading{color:#fff;transition:transform .35s,opacity .35s ease-in-out;transform:translate3d(0, 24px, 0);margin:0;line-height:1em}.wp-block-uagb-image--layout-overlay__inner .uagb-image-separator{width:30%;border-top-width:2px;border-top-color:#fff;border-top-style:solid;margin-bottom:10px;opacity:0;transition:transform .4s,opacity .4s ease-in-out;transform:translate3d(0, 30px, 0)}.wp-block-uagb-image--layout-overlay__inner .uagb-image-caption{opacity:0;overflow:visible;color:#fff;transition:transform .45s,opacity .45s ease-in-out;transform:translate3d(0, 35px, 0)}.wp-block-uagb-image--layout-overlay__inner:hover .uagb-image-heading,.wp-block-uagb-image--layout-overlay__inner:hover .uagb-image-separator,.wp-block-uagb-image--layout-overlay__inner:hover .uagb-image-caption{opacity:1;transform:translate3d(0, 0, 0)}.wp-block-uagb-image--effect-zoomin .wp-block-uagb-image__figure img,.wp-block-uagb-image--effect-zoomin .wp-block-uagb-image__figure .wp-block-uagb-image--layout-overlay__color-wrapper{transform:scale(1);transition:transform .35s ease-in-out}.wp-block-uagb-image--effect-zoomin .wp-block-uagb-image__figure:hover img,.wp-block-uagb-image--effect-zoomin .wp-block-uagb-image__figure:hover .wp-block-uagb-image--layout-overlay__color-wrapper{transform:scale(1.05)}.wp-block-uagb-image--effect-slide .wp-block-uagb-image__figure img,.wp-block-uagb-image--effect-slide .wp-block-uagb-image__figure .wp-block-uagb-image--layout-overlay__color-wrapper{width:calc(100% + 40px) !important;max-width:none !important;transform:translate3d(-40px, 0, 0);transition:transform .35s ease-in-out}.wp-block-uagb-image--effect-slide .wp-block-uagb-image__figure:hover img,.wp-block-uagb-image--effect-slide .wp-block-uagb-image__figure:hover .wp-block-uagb-image--layout-overlay__color-wrapper{transform:translate3d(0, 0, 0)}.wp-block-uagb-image--effect-grayscale img{filter:grayscale(0%);transition:.35s ease-in-out}.wp-block-uagb-image--effect-grayscale:hover img{filter:grayscale(100%)}.wp-block-uagb-image--effect-blur img{filter:blur(0);transition:.35s ease-in-out}.wp-block-uagb-image--effect-blur:hover img{filter:blur(3px)}.uagb-block-e6f939b3.wp-block-uagb-image--layout-default figure img{box-shadow: 0px 0px 0 #00000070;}.uagb-block-e6f939b3.wp-block-uagb-image .wp-block-uagb-image__figure figcaption{font-style: normal;align-self: center;}.uagb-block-e6f939b3.wp-block-uagb-image--layout-overlay figure img{box-shadow: 0px 0px 0 #00000070;}.uagb-block-e6f939b3.wp-block-uagb-image--layout-overlay .wp-block-uagb-image--layout-overlay__color-wrapper{opacity: 0.2;}.uagb-block-e6f939b3.wp-block-uagb-image--layout-overlay .wp-block-uagb-image--layout-overlay__inner{left: 15px;right: 15px;top: 15px;bottom: 15px;}.uagb-block-e6f939b3.wp-block-uagb-image--layout-overlay .wp-block-uagb-image--layout-overlay__inner .uagb-image-heading{font-style: normal;color: #fff;opacity: 1;}.uagb-block-e6f939b3.wp-block-uagb-image--layout-overlay .wp-block-uagb-image--layout-overlay__inner .uagb-image-heading a{color: #fff;}.uagb-block-e6f939b3.wp-block-uagb-image--layout-overlay .wp-block-uagb-image--layout-overlay__inner .uagb-image-caption{opacity: 0;}.uagb-block-e6f939b3.wp-block-uagb-image--layout-overlay .wp-block-uagb-image__figure:hover .wp-block-uagb-image--layout-overlay__color-wrapper{opacity: 1;}.uagb-block-e6f939b3.wp-block-uagb-image .wp-block-uagb-image--layout-overlay__inner .uagb-image-separator{width: 30%;border-top-width: 2px;border-top-color: #fff;opacity: 0;}.uagb-block-e6f939b3.wp-block-uagb-image .wp-block-uagb-image__figure img{width: px;height: auto;}.uagb-block-e6f939b3.wp-block-uagb-image .wp-block-uagb-image__figure:hover .wp-block-uagb-image--layout-overlay__inner .uagb-image-caption{opacity: 1;}.uagb-block-e6f939b3.wp-block-uagb-image .wp-block-uagb-image__figure:hover .wp-block-uagb-image--layout-overlay__inner .uagb-image-separator{opacity: 1;}.uagb-block-e6f939b3.wp-block-uagb-image--layout-default figure:hover img{box-shadow: 0px 0px 0 #00000070;}.uagb-block-e6f939b3.wp-block-uagb-image--layout-overlay figure:hover img{box-shadow: 0px 0px 0 #00000070;}@media only screen and (max-width: 976px) {.uagb-block-e6f939b3.wp-block-uagb-image .wp-block-uagb-image__figure img{width: px;height: auto;}}@media only screen and (max-width: 767px) {.uagb-block-e6f939b3.wp-block-uagb-image .wp-block-uagb-image__figure img{width: px;height: auto;}}\";s:2:\"js\";s:0:\"\";s:18:\"current_block_list\";a:13:{i:0;s:11:\"core\/search\";i:1;s:10:\"core\/group\";i:2;s:12:\"core\/heading\";i:3;s:17:\"core\/latest-posts\";i:4;s:20:\"core\/latest-comments\";i:5;s:13:\"core\/archives\";i:6;s:15:\"core\/categories\";i:7;s:14:\"core\/paragraph\";i:8;s:10:\"uagb\/image\";i:9;s:11:\"core\/spacer\";i:10;s:30:\"woocommerce\/product-categories\";i:11;s:10:\"core\/image\";i:12;s:14:\"core\/shortcode\";}s:8:\"uag_flag\";b:1;s:11:\"uag_version\";s:10:\"1777101271\";s:6:\"gfonts\";a:0:{}s:10:\"gfonts_url\";s:0:\"\";s:12:\"gfonts_files\";a:0:{}s:14:\"uag_faq_layout\";b:0;}"]},"uagb_featured_image_src":{"full":["https:\/\/www.ferberpainting.com\/wp-content\/uploads\/2025\/05\/Terrace_Water_Repellent_5L.jpg",2560,2560,false],"thumbnail":["https:\/\/www.ferberpainting.com\/wp-content\/uploads\/2025\/05\/Terrace_Water_Repellent_5L-150x150.jpg",150,150,true],"medium":["https:\/\/www.ferberpainting.com\/wp-content\/uploads\/2025\/05\/Terrace_Water_Repellent_5L-300x300.jpg",300,300,true],"medium_large":["https:\/\/www.ferberpainting.com\/wp-content\/uploads\/2025\/05\/Terrace_Water_Repellent_5L-768x768.jpg",768,768,true],"large":["https:\/\/www.ferberpainting.com\/wp-content\/uploads\/2025\/05\/Terrace_Water_Repellent_5L-1024x1024.jpg",1024,1024,true],"1536x1536":["https:\/\/www.ferberpainting.com\/wp-content\/uploads\/2025\/05\/Terrace_Water_Repellent_5L-1536x1536.jpg",1536,1536,true],"2048x2048":["https:\/\/www.ferberpainting.com\/wp-content\/uploads\/2025\/05\/Terrace_Water_Repellent_5L-2048x2048.jpg",2048,2048,true],"trp-custom-language-flag":["https:\/\/www.ferberpainting.com\/wp-content\/uploads\/2025\/05\/Terrace_Water_Repellent_5L-12x12.jpg",12,12,true],"woocommerce_thumbnail":["https:\/\/www.ferberpainting.com\/wp-content\/uploads\/2025\/05\/Terrace_Water_Repellent_5L-300x300.jpg",300,300,true],"woocommerce_single":["https:\/\/www.ferberpainting.com\/wp-content\/uploads\/2025\/05\/Terrace_Water_Repellent_5L-600x600.jpg",600,600,true],"woocommerce_gallery_thumbnail":["https:\/\/www.ferberpainting.com\/wp-content\/uploads\/2025\/05\/Terrace_Water_Repellent_5L-100x100.jpg",100,100,true]},"uagb_author_info":{"display_name":"admin","author_link":"https:\/\/www.ferberpainting.com\/sk\/author\/"},"uagb_comment_info":72,"uagb_excerpt":"Provide long-lasting waterproof protection for your terrace surfaces. Our terrace water repellent is specially designed to protect outdoor mineral surfaces against water infiltration, moisture damage, and weather-related deterioration. The advanced formula penetrates deeply into porous materials and forms an invisible hydrophobic barrier that repels rainwater while allowing the surface to breathe. By preventing water absorption,&hellip;","_links":{"self":[{"href":"https:\/\/www.ferberpainting.com\/sk\/wp-json\/wp\/v2\/product\/25355","targetHints":{"allow":["GET"]}}],"collection":[{"href":"https:\/\/www.ferberpainting.com\/sk\/wp-json\/wp\/v2\/product"}],"about":[{"href":"https:\/\/www.ferberpainting.com\/sk\/wp-json\/wp\/v2\/types\/product"}],"replies":[{"embeddable":true,"href":"https:\/\/www.ferberpainting.com\/sk\/wp-json\/wp\/v2\/comments?post=25355"}],"version-history":[{"count":2,"href":"https:\/\/www.ferberpainting.com\/sk\/wp-json\/wp\/v2\/product\/25355\/revisions"}],"predecessor-version":[{"id":167374,"href":"https:\/\/www.ferberpainting.com\/sk\/wp-json\/wp\/v2\/product\/25355\/revisions\/167374"}],"wp:featuredmedia":[{"embeddable":true,"href":"https:\/\/www.ferberpainting.com\/sk\/wp-json\/wp\/v2\/media\/27206"}],"wp:attachment":[{"href":"https:\/\/www.ferberpainting.com\/sk\/wp-json\/wp\/v2\/media?parent=25355"}],"wp:term":[{"taxonomy":"product_brand","embeddable":true,"href":"https:\/\/www.ferberpainting.com\/sk\/wp-json\/wp\/v2\/product_brand?post=25355"},{"taxonomy":"product_cat","embeddable":true,"href":"https:\/\/www.ferberpainting.com\/sk\/wp-json\/wp\/v2\/product_cat?post=25355"},{"taxonomy":"product_tag","embeddable":true,"href":"https:\/\/www.ferberpainting.com\/sk\/wp-json\/wp\/v2\/product_tag?post=25355"}],"curies":[{"name":"wp","href":"https:\/\/api.w.org\/{rel}","templated":true}]}}