{"id":25342,"date":"2025-05-26T10:31:01","date_gmt":"2025-05-26T08:31:01","guid":{"rendered":"https:\/\/www.ferberpainting.com\/products\/sunflower-fertilizer\/"},"modified":"2026-02-16T12:17:27","modified_gmt":"2026-02-16T11:17:27","slug":"sunflower-fertilizer","status":"publish","type":"product","link":"https:\/\/www.ferberpainting.com\/sk\/products\/sunflower-fertilizer\/","title":{"rendered":"Hnojivo na slne\u010dnicu"},"content":{"rendered":"<p><strong><img decoding=\"async\" style=\"margin-right: 12px;\" src=\"https:\/\/www.ferberpainting.com\/wp-content\/uploads\/2026\/02\/Check.svg\" alt=\"\" width=\"18\" height=\"15\" \/>Hnojivo \u0161peci\u00e1lne vyvinut\u00e9 na maximaliz\u00e1ciu rastu a kvitnutia slne\u010dnice.<\/strong>\u00a0Toto hnojivo bolo \u0161peci\u00e1lne navrhnut\u00e9 tak, aby sp\u013a\u0148alo v\u00fd\u017eivov\u00e9 potreby slne\u010dnice a poskytovalo dokonal\u00fa rovnov\u00e1hu \u017eiv\u00edn, ktor\u00e1 zabezpe\u010duje intenz\u00edvny rast, bohat\u00e9 kvitnutie a lep\u0161iu odolnos\u0165 vo\u010di n\u00e1ro\u010dn\u00fdm klimatick\u00fdm podmienkam. V\u010faka zlo\u017eeniu bohat\u00e9mu na dus\u00edk, fosfor a drasl\u00edk (NPK 15-15-15) pom\u00e1ha zlep\u0161ova\u0165 zakore\u0148ovanie, posil\u0148ova\u0165 stonku a optimalizova\u0165 produkciu slne\u010dnicov\u00fdch semien.<\/p>\n<p><strong><img decoding=\"async\" style=\"margin-right: 12px;\" src=\"https:\/\/www.ferberpainting.com\/wp-content\/uploads\/2026\/02\/Check.svg\" alt=\"\" width=\"18\" height=\"15\" \/>Z\u00e1ruka vr\u00e1tenia pe\u0148az\u00ed.<\/strong>\u00a0M\u00e1me \u00fapln\u00fa d\u00f4veru v \u00fa\u010dinnos\u0165 n\u00e1\u0161ho hnojiva na slne\u010dnicu, a preto pon\u00fakame vr\u00e1tenie pe\u0148az\u00ed v plnej v\u00fd\u0161ke, ak nebudete spokojn\u00ed s v\u00fdsledkami. Ak po aplik\u00e1cii nezaznamen\u00e1te \u017eiadne zlep\u0161enie v raste alebo kvitnut\u00ed slne\u010dnice, m\u00f4\u017eete po\u017eiada\u0165 o vr\u00e1tenie pe\u0148az\u00ed bez ak\u00fdchko\u013evek podmienok.<\/p>\n<p><strong><img decoding=\"async\" style=\"margin-right: 12px;\" src=\"https:\/\/www.ferberpainting.com\/wp-content\/uploads\/2026\/02\/Check.svg\" alt=\"\" width=\"18\" height=\"15\" \/>Univerz\u00e1lne hnojivo pre r\u00f4zne typy p\u00f4d a porastov.<\/strong>\u00a0Toto hnojivo je kompatibiln\u00e9 so v\u0161etk\u00fdmi typmi p\u00f4d vr\u00e1tane \u00edlovit\u00fdch, pies\u010dit\u00fdch alebo hlinit\u00fdch a je rovnako vhodn\u00e9 pre plodiny pestovan\u00e9 na vo\u013enom priestranstve aj pre v\u00fdsadby v kvetin\u00e1\u010doch alebo na vyv\u00fd\u0161en\u00fdch z\u00e1honoch. Je ide\u00e1lne pre dom\u00e1cich z\u00e1hradk\u00e1rov, amat\u00e9rskych po\u013enohospod\u00e1rov a profesion\u00e1lov, ktor\u00ed sa sna\u017eia zlep\u0161i\u0165 zdravie a v\u00fdnosy svojich slne\u010dnicov\u00fdch plod\u00edn.<\/p>\n<p><strong><img decoding=\"async\" style=\"margin-right: 12px;\" src=\"https:\/\/www.ferberpainting.com\/wp-content\/uploads\/2026\/02\/Check.svg\" alt=\"\" width=\"18\" height=\"15\" \/>Optim\u00e1lna hospod\u00e1rnos\u0165 v\u010faka koncentrovan\u00e9mu zlo\u017eeniu.<\/strong>\u00a0V\u010faka n\u00edzkej aplika\u010dnej d\u00e1vke pon\u00faka toto hnojivo \u00fa\u010dinn\u00e9 a hospod\u00e1rne hnojenie. Jeho koncentr\u00e1cia umo\u017e\u0148uje jednoduch\u00e9 riedenie v mno\u017estve 5 ml na liter vody, \u010do zabezpe\u010duje \u0161irok\u00e9 pokrytie bez plytvania produktom. Jedin\u00e1 5-litrov\u00e1 n\u00e1doba dok\u00e1\u017ee o\u0161etri\u0165 ve\u013ek\u00e9 plochy, v\u010faka \u010domu je t\u00e1to invest\u00edcia ve\u013emi v\u00fdhodn\u00e1.<\/p>\n<p><strong><img decoding=\"async\" style=\"margin-right: 12px;\" src=\"https:\/\/www.ferberpainting.com\/wp-content\/uploads\/2026\/02\/Check.svg\" alt=\"\" width=\"18\" height=\"15\" \/>Bezpe\u010dn\u00fd a ekologick\u00fd v\u00fdrobok.<\/strong>\u00a0Na\u0161e hnojivo bolo vytvoren\u00e9 bez nebezpe\u010dn\u00fdch l\u00e1tok a \u0161kodliv\u00fdch chemick\u00fdch pr\u00edsad, tak\u017ee je bezpe\u010dn\u00e9 pre p\u00f4du, rastliny a okolit\u00fa pr\u00edrodu. Nezne\u010dis\u0165uje podzemn\u00e9 vody a pom\u00e1ha zachova\u0165 biodiverzitu mikroorganizmov v p\u00f4de, \u010d\u00edm zabezpe\u010duje ekologick\u00fa rovnov\u00e1hu.<\/p>\n<p><strong><img decoding=\"async\" style=\"margin-right: 12px;\" src=\"https:\/\/www.ferberpainting.com\/wp-content\/uploads\/2026\/02\/Check.svg\" alt=\"\" width=\"18\" height=\"15\" \/>Jednoduch\u00e9 pou\u017eitie a r\u00fdchla aplik\u00e1cia.<\/strong>\u00a0Toto hnojivo sa \u013eahko riedi vo vode a aplikuje sa priamo zalievan\u00edm, \u010d\u00edm sa predch\u00e1dza riziku pred\u00e1vkovania alebo pop\u00e1lenia rastl\u00edn. V\u010faka r\u00fdchlej absorpcii s\u00fa \u017eiviny okam\u017eite dostupn\u00e9 pre rastlinu, \u010do zaru\u010duje vidite\u013en\u00e9 \u00fa\u010dinky u\u017e za nieko\u013eko t\u00fd\u017ed\u0148ov.<\/p>\n<p><strong><img decoding=\"async\" style=\"margin-right: 12px;\" src=\"https:\/\/www.ferberpainting.com\/wp-content\/uploads\/2026\/02\/Check.svg\" alt=\"\" width=\"18\" height=\"15\" \/>Dlhodob\u00e9 p\u00f4sobenie pre optim\u00e1lny v\u00fdvoj slne\u010dnice.<\/strong>\u00a0Toto hnojivo, ktor\u00e9ho zlo\u017eenie zabezpe\u010duje postupn\u00e9 uvo\u013e\u0148ovanie \u017eiv\u00edn, zabezpe\u010duje nepretr\u017eit\u00e9 hnojenie po\u010das nieko\u013ek\u00fdch t\u00fd\u017ed\u0148ov, podporuje rast stoniek, odolnos\u0165 vo\u010di chorob\u00e1m a vysok\u00fa kvalitu semien.<\/p>\n<p><strong><img decoding=\"async\" style=\"margin-right: 12px;\" src=\"https:\/\/www.ferberpainting.com\/wp-content\/uploads\/2026\/02\/Check.svg\" alt=\"\" width=\"18\" height=\"15\" \/>Vidite\u013en\u00e9 v\u00fdsledky r\u00fdchlo po prv\u00fdch aplik\u00e1ci\u00e1ch.<\/strong>\u00a0Po\u010das prv\u00fdch t\u00fd\u017ed\u0148ov si v\u0161imnete intenz\u00edvnej\u0161\u00ed v\u00fdvoj stoniek a listov, hustej\u0161ie olistenie a bohat\u0161ie kvitnutie. Toto hnojivo stimuluje metabolizmus slne\u010dnice, \u010d\u00edm podporuje r\u00fdchly rast a lep\u0161iu produkciu semien.<\/p>\n<h2><strong>Protokol o pou\u017e\u00edvan\u00ed<\/strong><\/h2>\n<p><strong>Odpor\u00fa\u010dan\u00e9 d\u00e1vkovanie <\/strong>:<\/p>\n<ul>\n<li>5 ml hnojiva na 1 liter vody<\/li>\n<li>Zalievanie alebo listov\u00fd postrek na r\u00fdchlej\u0161iu absorpciu \u017eiv\u00edn<\/li>\n<li>Aplikujte ka\u017ed\u00fdch 15 dn\u00ed po\u010das obdobia rastu a kvitnutia<\/li>\n<\/ul>\n<p><strong>Sp\u00f4sob aplik\u00e1cie <\/strong>:<\/p>\n<ul>\n<li>Hnojivo zrie\u010fte vo vode pod\u013ea uveden\u00e9ho d\u00e1vkovania<\/li>\n<li>Zalievajte priamo pri z\u00e1kladni slne\u010dnice, pri\u010dom dbajte na to, aby ste p\u00f4du nenas\u00fdtili.<\/li>\n<li>Postrek na listy pre r\u00fdchlu asimil\u00e1ciu, najm\u00e4 po\u010das obdobia vodn\u00e9ho stresu<\/li>\n<\/ul>\n<p><strong>Frekvencia pou\u017e\u00edvania <\/strong>:<\/p>\n<ul>\n<li><strong>Na za\u010diatku rastu (marec-apr\u00edl) <\/strong>: Na podporu dobr\u00e9ho v\u00fdvoja kore\u0148ov a r\u00fdchleho rastu mlad\u00fdch rastl\u00edn<\/li>\n<li><strong>Po\u010das kvitnutia (m\u00e1j - august)<\/strong>: Stimulovanie tvorby kvetov a zv\u00fd\u0161enie produkcie semien<\/li>\n<li><strong>Na jese\u0148 (september - okt\u00f3ber) <\/strong>: Posilnenie z\u00e1sob \u017eiv\u00edn v rastline pred koncom vegeta\u010dn\u00e9ho cyklu<\/li>\n<\/ul>\n<p><strong>Bezpe\u010dnostn\u00e9 opatrenia pri pou\u017e\u00edvan\u00ed <\/strong>:<\/p>\n<ul>\n<li>Nepred\u00e1vkujte, preto\u017ee nadbytok dus\u00edka m\u00f4\u017ee spomali\u0165 kvitnutie v prospech listov<\/li>\n<li>Aplikujte najlep\u0161ie r\u00e1no alebo neskoro po\u010das d\u0148a, aby ste zabr\u00e1nili nadmern\u00e9mu odparovaniu vody.<\/li>\n<li>Skladujte na chladnom a suchom mieste, mimo dosahu vlhkosti, aby sa zachovali v\u0161etky vlastnosti v\u00fdrobku<\/li>\n<\/ul>\n<p>Toto hnojivo na slne\u010dnice je ide\u00e1lnym rie\u0161en\u00edm pre ka\u017ed\u00e9ho, kto chce z\u00edska\u0165 siln\u00e9, dobre zakorenen\u00e9 rastliny, ktor\u00e9 vytv\u00e1raj\u00fa n\u00e1dhern\u00e9 kvety.<br \/>\n\u013dahko sa pou\u017e\u00edva, je n\u00e1kladovo efekt\u00edvny a \u0161etrn\u00fd k \u017eivotn\u00e9mu prostrediu, umo\u017e\u0148uje r\u00fdchly rast a bohat\u00e9 kvitnutie \u017eiv\u00fdch a zdrav\u00fdch slne\u010dn\u00edc.<\/p>","protected":false},"excerpt":{"rendered":"<p>A fertilizer specially formulated to maximize sunflower growth and flowering.\u00a0This fertilizer has been specifically designed to meet the nutritional needs of sunflowers, by providing a perfect nutrient balance that ensures vigorous growth, abundant flowering and better resistance to difficult climatic conditions. Thanks to its nitrogen, phosphorus and potassium-rich formulation (NPK 15-15-15), it helps improve rooting, [&hellip;]<\/p>\n","protected":false},"featured_media":27197,"comment_status":"open","ping_status":"closed","template":"","meta":{"_uag_custom_page_level_css":"","site-sidebar-layout":"default","site-content-layout":"","ast-site-content-layout":"default","site-content-style":"default","site-sidebar-style":"default","ast-global-header-display":"","ast-banner-title-visibility":"","ast-main-header-display":"","ast-hfb-above-header-display":"","ast-hfb-below-header-display":"","ast-hfb-mobile-header-display":"","site-post-title":"","ast-breadcrumbs-content":"","ast-featured-img":"","footer-sml-layout":"","ast-disable-related-posts":"","theme-transparent-header-meta":"default","adv-header-id-meta":"","stick-header-meta":"","header-above-stick-meta":"","header-main-stick-meta":"","header-below-stick-meta":"","astra-migrate-meta-layouts":"set","ast-page-background-enabled":"default","ast-page-background-meta":{"desktop":{"background-color":"var(--ast-global-color-4)","background-image":"","background-repeat":"repeat","background-position":"center center","background-size":"auto","background-attachment":"scroll","background-type":"","background-media":"","overlay-type":"","overlay-color":"","overlay-opacity":"","overlay-gradient":""},"tablet":{"background-color":"","background-image":"","background-repeat":"repeat","background-position":"center center","background-size":"auto","background-attachment":"scroll","background-type":"","background-media":"","overlay-type":"","overlay-color":"","overlay-opacity":"","overlay-gradient":""},"mobile":{"background-color":"","background-image":"","background-repeat":"repeat","background-position":"center center","background-size":"auto","background-attachment":"scroll","background-type":"","background-media":"","overlay-type":"","overlay-color":"","overlay-opacity":"","overlay-gradient":""}},"ast-content-background-meta":{"desktop":{"background-color":"var(--ast-global-color-5)","background-image":"","background-repeat":"repeat","background-position":"center center","background-size":"auto","background-attachment":"scroll","background-type":"","background-media":"","overlay-type":"","overlay-color":"","overlay-opacity":"","overlay-gradient":""},"tablet":{"background-color":"var(--ast-global-color-5)","background-image":"","background-repeat":"repeat","background-position":"center center","background-size":"auto","background-attachment":"scroll","background-type":"","background-media":"","overlay-type":"","overlay-color":"","overlay-opacity":"","overlay-gradient":""},"mobile":{"background-color":"var(--ast-global-color-5)","background-image":"","background-repeat":"repeat","background-position":"center center","background-size":"auto","background-attachment":"scroll","background-type":"","background-media":"","overlay-type":"","overlay-color":"","overlay-opacity":"","overlay-gradient":""}}},"product_brand":[],"product_cat":[178],"product_tag":[],"class_list":{"0":"post-25342","1":"product","2":"type-product","3":"status-publish","4":"has-post-thumbnail","6":"product_cat-fertilizers","7":"desktop-align-left","8":"tablet-align-left","9":"mobile-align-left","11":"first","12":"instock","13":"sale","14":"taxable","15":"shipping-taxable","16":"purchasable","17":"product-type-variable","18":"has-default-attributes"},"spectra_custom_meta":{"_visibility":["visible"],"_shopify_product_id":["9073233297653"],"_s2w_shopify_domain":["ferberpainting.myshopify.com"],"_shopify_variant_id":["46524451193077"],"_sku":[""],"_manage_stock":["no"],"total_sales":["2"],"_tax_status":["taxable"],"_tax_class":[""],"_backorders":["no"],"_sold_individually":["no"],"_virtual":["no"],"_downloadable":["no"],"_download_limit":["-1"],"_download_expiry":["-1"],"_stock":[null],"_stock_status":["instock"],"_wc_average_rating":["4.75"],"_wc_review_count":["8"],"_product_attributes":["a:1:{s:6:\"volume\";a:6:{s:4:\"name\";s:6:\"Volume\";s:5:\"value\";s:20:\"5 liters | 25 liters\";s:8:\"position\";i:1;s:10:\"is_visible\";i:0;s:12:\"is_variation\";i:1;s:11:\"is_taxonomy\";i:0;}}"],"_product_version":["10.5.1"],"_thumbnail_id":["27197"],"_product_image_gallery":["27198"],"wpse_downloadable_file_names":[""],"wpse_downloadable_file_urls":[""],"_edit_last":["1"],"_default_attributes":["a:1:{s:6:\"volume\";s:8:\"5 liters\";}"],"_edit_lock":["1771240863:1"],"_price":["29.90","129.90"],"merchant-center-availability":["yes"],"merchant-center-category":["113"],"_wp_page_template":["default"],"site-sidebar-layout":["default"],"ast-site-content-layout":["default"],"site-content-style":["default"],"site-sidebar-style":["default"],"theme-transparent-header-meta":["default"],"_wc_rating_count":["a:2:{i:4;i:2;i:5;i:6;}"],"astra-migrate-meta-layouts":["set"],"_uag_css_file_name":["uag-css-25342.css"],"_elementor_page_assets":["a:0:{}"],"_uag_page_assets":["a:9:{s:3:\"css\";s:7133:\".uag-blocks-common-selector{z-index:var(--z-index-desktop) !important}@media(max-width: 976px){.uag-blocks-common-selector{z-index:var(--z-index-tablet) !important}}@media(max-width: 767px){.uag-blocks-common-selector{z-index:var(--z-index-mobile) !important}}.wp-block-uagb-image{display:flex}.wp-block-uagb-image__figure{position:relative;display:flex;flex-direction:column;max-width:100%;height:auto;margin:0}.wp-block-uagb-image__figure img{height:auto;display:flex;max-width:100%;transition:box-shadow .2s ease}.wp-block-uagb-image__figure>a{display:inline-block}.wp-block-uagb-image__figure figcaption{text-align:center;margin-top:.5em;margin-bottom:1em}.wp-block-uagb-image .components-placeholder.block-editor-media-placeholder .components-placeholder__instructions{align-self:center}.wp-block-uagb-image--align-left{text-align:left}.wp-block-uagb-image--align-right{text-align:right}.wp-block-uagb-image--align-center{text-align:center}.wp-block-uagb-image--align-full .wp-block-uagb-image__figure{margin-left:calc(50% - 50vw);margin-right:calc(50% - 50vw);max-width:100vw;width:100vw;height:auto}.wp-block-uagb-image--align-full .wp-block-uagb-image__figure img{height:auto;width:100% !important}.wp-block-uagb-image--align-wide .wp-block-uagb-image__figure img{height:auto;width:100%}.wp-block-uagb-image--layout-overlay__color-wrapper{position:absolute;left:0;top:0;right:0;bottom:0;opacity:.2;background:rgba(0,0,0,.5);transition:opacity .35s ease-in-out}.wp-block-uagb-image--layout-overlay-link{position:absolute;left:0;right:0;bottom:0;top:0}.wp-block-uagb-image--layout-overlay .wp-block-uagb-image__figure:hover .wp-block-uagb-image--layout-overlay__color-wrapper{opacity:1}.wp-block-uagb-image--layout-overlay__inner{position:absolute;left:15px;right:15px;bottom:15px;top:15px;display:flex;align-items:center;justify-content:center;flex-direction:column;border-color:#fff;transition:.35s ease-in-out}.wp-block-uagb-image--layout-overlay__inner.top-left,.wp-block-uagb-image--layout-overlay__inner.top-center,.wp-block-uagb-image--layout-overlay__inner.top-right{justify-content:flex-start}.wp-block-uagb-image--layout-overlay__inner.bottom-left,.wp-block-uagb-image--layout-overlay__inner.bottom-center,.wp-block-uagb-image--layout-overlay__inner.bottom-right{justify-content:flex-end}.wp-block-uagb-image--layout-overlay__inner.top-left,.wp-block-uagb-image--layout-overlay__inner.center-left,.wp-block-uagb-image--layout-overlay__inner.bottom-left{align-items:flex-start}.wp-block-uagb-image--layout-overlay__inner.top-right,.wp-block-uagb-image--layout-overlay__inner.center-right,.wp-block-uagb-image--layout-overlay__inner.bottom-right{align-items:flex-end}.wp-block-uagb-image--layout-overlay__inner .uagb-image-heading{color:#fff;transition:transform .35s,opacity .35s ease-in-out;transform:translate3d(0, 24px, 0);margin:0;line-height:1em}.wp-block-uagb-image--layout-overlay__inner .uagb-image-separator{width:30%;border-top-width:2px;border-top-color:#fff;border-top-style:solid;margin-bottom:10px;opacity:0;transition:transform .4s,opacity .4s ease-in-out;transform:translate3d(0, 30px, 0)}.wp-block-uagb-image--layout-overlay__inner .uagb-image-caption{opacity:0;overflow:visible;color:#fff;transition:transform .45s,opacity .45s ease-in-out;transform:translate3d(0, 35px, 0)}.wp-block-uagb-image--layout-overlay__inner:hover .uagb-image-heading,.wp-block-uagb-image--layout-overlay__inner:hover .uagb-image-separator,.wp-block-uagb-image--layout-overlay__inner:hover .uagb-image-caption{opacity:1;transform:translate3d(0, 0, 0)}.wp-block-uagb-image--effect-zoomin .wp-block-uagb-image__figure img,.wp-block-uagb-image--effect-zoomin .wp-block-uagb-image__figure .wp-block-uagb-image--layout-overlay__color-wrapper{transform:scale(1);transition:transform .35s ease-in-out}.wp-block-uagb-image--effect-zoomin .wp-block-uagb-image__figure:hover img,.wp-block-uagb-image--effect-zoomin .wp-block-uagb-image__figure:hover .wp-block-uagb-image--layout-overlay__color-wrapper{transform:scale(1.05)}.wp-block-uagb-image--effect-slide .wp-block-uagb-image__figure img,.wp-block-uagb-image--effect-slide .wp-block-uagb-image__figure .wp-block-uagb-image--layout-overlay__color-wrapper{width:calc(100% + 40px) !important;max-width:none !important;transform:translate3d(-40px, 0, 0);transition:transform .35s ease-in-out}.wp-block-uagb-image--effect-slide .wp-block-uagb-image__figure:hover img,.wp-block-uagb-image--effect-slide .wp-block-uagb-image__figure:hover .wp-block-uagb-image--layout-overlay__color-wrapper{transform:translate3d(0, 0, 0)}.wp-block-uagb-image--effect-grayscale img{filter:grayscale(0%);transition:.35s ease-in-out}.wp-block-uagb-image--effect-grayscale:hover img{filter:grayscale(100%)}.wp-block-uagb-image--effect-blur img{filter:blur(0);transition:.35s ease-in-out}.wp-block-uagb-image--effect-blur:hover img{filter:blur(3px)}.uagb-block-e6f939b3.wp-block-uagb-image--layout-default figure img{box-shadow: 0px 0px 0 #00000070;}.uagb-block-e6f939b3.wp-block-uagb-image .wp-block-uagb-image__figure figcaption{font-style: normal;align-self: center;}.uagb-block-e6f939b3.wp-block-uagb-image--layout-overlay figure img{box-shadow: 0px 0px 0 #00000070;}.uagb-block-e6f939b3.wp-block-uagb-image--layout-overlay .wp-block-uagb-image--layout-overlay__color-wrapper{opacity: 0.2;}.uagb-block-e6f939b3.wp-block-uagb-image--layout-overlay .wp-block-uagb-image--layout-overlay__inner{left: 15px;right: 15px;top: 15px;bottom: 15px;}.uagb-block-e6f939b3.wp-block-uagb-image--layout-overlay .wp-block-uagb-image--layout-overlay__inner .uagb-image-heading{font-style: normal;color: #fff;opacity: 1;}.uagb-block-e6f939b3.wp-block-uagb-image--layout-overlay .wp-block-uagb-image--layout-overlay__inner .uagb-image-heading a{color: #fff;}.uagb-block-e6f939b3.wp-block-uagb-image--layout-overlay .wp-block-uagb-image--layout-overlay__inner .uagb-image-caption{opacity: 0;}.uagb-block-e6f939b3.wp-block-uagb-image--layout-overlay .wp-block-uagb-image__figure:hover .wp-block-uagb-image--layout-overlay__color-wrapper{opacity: 1;}.uagb-block-e6f939b3.wp-block-uagb-image .wp-block-uagb-image--layout-overlay__inner .uagb-image-separator{width: 30%;border-top-width: 2px;border-top-color: #fff;opacity: 0;}.uagb-block-e6f939b3.wp-block-uagb-image .wp-block-uagb-image__figure img{width: px;height: auto;}.uagb-block-e6f939b3.wp-block-uagb-image .wp-block-uagb-image__figure:hover .wp-block-uagb-image--layout-overlay__inner .uagb-image-caption{opacity: 1;}.uagb-block-e6f939b3.wp-block-uagb-image .wp-block-uagb-image__figure:hover .wp-block-uagb-image--layout-overlay__inner .uagb-image-separator{opacity: 1;}.uagb-block-e6f939b3.wp-block-uagb-image--layout-default figure:hover img{box-shadow: 0px 0px 0 #00000070;}.uagb-block-e6f939b3.wp-block-uagb-image--layout-overlay figure:hover img{box-shadow: 0px 0px 0 #00000070;}@media only screen and (max-width: 976px) {.uagb-block-e6f939b3.wp-block-uagb-image .wp-block-uagb-image__figure img{width: px;height: auto;}}@media only screen and (max-width: 767px) {.uagb-block-e6f939b3.wp-block-uagb-image .wp-block-uagb-image__figure img{width: px;height: auto;}}\";s:2:\"js\";s:0:\"\";s:18:\"current_block_list\";a:13:{i:0;s:11:\"core\/search\";i:1;s:10:\"core\/group\";i:2;s:12:\"core\/heading\";i:3;s:17:\"core\/latest-posts\";i:4;s:20:\"core\/latest-comments\";i:5;s:13:\"core\/archives\";i:6;s:15:\"core\/categories\";i:7;s:14:\"core\/paragraph\";i:8;s:10:\"uagb\/image\";i:9;s:11:\"core\/spacer\";i:10;s:30:\"woocommerce\/product-categories\";i:11;s:10:\"core\/image\";i:12;s:14:\"core\/shortcode\";}s:8:\"uag_flag\";b:1;s:11:\"uag_version\";s:10:\"1777489331\";s:6:\"gfonts\";a:0:{}s:10:\"gfonts_url\";s:0:\"\";s:12:\"gfonts_files\";a:0:{}s:14:\"uag_faq_layout\";b:0;}"]},"uagb_featured_image_src":{"full":["https:\/\/www.ferberpainting.com\/wp-content\/uploads\/2025\/05\/SunflowerFertilizer5L.png",2560,2560,false],"thumbnail":["https:\/\/www.ferberpainting.com\/wp-content\/uploads\/2025\/05\/SunflowerFertilizer5L-150x150.png",150,150,true],"medium":["https:\/\/www.ferberpainting.com\/wp-content\/uploads\/2025\/05\/SunflowerFertilizer5L-300x300.png",300,300,true],"medium_large":["https:\/\/www.ferberpainting.com\/wp-content\/uploads\/2025\/05\/SunflowerFertilizer5L-768x768.png",768,768,true],"large":["https:\/\/www.ferberpainting.com\/wp-content\/uploads\/2025\/05\/SunflowerFertilizer5L-1024x1024.png",1024,1024,true],"1536x1536":["https:\/\/www.ferberpainting.com\/wp-content\/uploads\/2025\/05\/SunflowerFertilizer5L-1536x1536.png",1536,1536,true],"2048x2048":["https:\/\/www.ferberpainting.com\/wp-content\/uploads\/2025\/05\/SunflowerFertilizer5L-2048x2048.png",2048,2048,true],"trp-custom-language-flag":["https:\/\/www.ferberpainting.com\/wp-content\/uploads\/2025\/05\/SunflowerFertilizer5L-12x12.png",12,12,true],"woocommerce_thumbnail":["https:\/\/www.ferberpainting.com\/wp-content\/uploads\/2025\/05\/SunflowerFertilizer5L-300x300.png",300,300,true],"woocommerce_single":["https:\/\/www.ferberpainting.com\/wp-content\/uploads\/2025\/05\/SunflowerFertilizer5L-600x600.png",600,600,true],"woocommerce_gallery_thumbnail":["https:\/\/www.ferberpainting.com\/wp-content\/uploads\/2025\/05\/SunflowerFertilizer5L-100x100.png",100,100,true]},"uagb_author_info":{"display_name":"admin","author_link":"https:\/\/www.ferberpainting.com\/sk\/author\/"},"uagb_comment_info":8,"uagb_excerpt":"A fertilizer specially formulated to maximize sunflower growth and flowering.\u00a0This fertilizer has been specifically designed to meet the nutritional needs of sunflowers, by providing a perfect nutrient balance that ensures vigorous growth, abundant flowering and better resistance to difficult climatic conditions. Thanks to its nitrogen, phosphorus and potassium-rich formulation (NPK 15-15-15), it helps improve rooting,&hellip;","_links":{"self":[{"href":"https:\/\/www.ferberpainting.com\/sk\/wp-json\/wp\/v2\/product\/25342","targetHints":{"allow":["GET"]}}],"collection":[{"href":"https:\/\/www.ferberpainting.com\/sk\/wp-json\/wp\/v2\/product"}],"about":[{"href":"https:\/\/www.ferberpainting.com\/sk\/wp-json\/wp\/v2\/types\/product"}],"replies":[{"embeddable":true,"href":"https:\/\/www.ferberpainting.com\/sk\/wp-json\/wp\/v2\/comments?post=25342"}],"version-history":[{"count":3,"href":"https:\/\/www.ferberpainting.com\/sk\/wp-json\/wp\/v2\/product\/25342\/revisions"}],"predecessor-version":[{"id":167363,"href":"https:\/\/www.ferberpainting.com\/sk\/wp-json\/wp\/v2\/product\/25342\/revisions\/167363"}],"wp:featuredmedia":[{"embeddable":true,"href":"https:\/\/www.ferberpainting.com\/sk\/wp-json\/wp\/v2\/media\/27197"}],"wp:attachment":[{"href":"https:\/\/www.ferberpainting.com\/sk\/wp-json\/wp\/v2\/media?parent=25342"}],"wp:term":[{"taxonomy":"product_brand","embeddable":true,"href":"https:\/\/www.ferberpainting.com\/sk\/wp-json\/wp\/v2\/product_brand?post=25342"},{"taxonomy":"product_cat","embeddable":true,"href":"https:\/\/www.ferberpainting.com\/sk\/wp-json\/wp\/v2\/product_cat?post=25342"},{"taxonomy":"product_tag","embeddable":true,"href":"https:\/\/www.ferberpainting.com\/sk\/wp-json\/wp\/v2\/product_tag?post=25342"}],"curies":[{"name":"wp","href":"https:\/\/api.w.org\/{rel}","templated":true}]}}