{"id":25332,"date":"2025-05-26T10:30:54","date_gmt":"2025-05-26T08:30:54","guid":{"rendered":"https:\/\/www.ferberpainting.com\/products\/succulent-fertilizer\/"},"modified":"2026-02-16T12:11:29","modified_gmt":"2026-02-16T11:11:29","slug":"succulent-fertilizer","status":"publish","type":"product","link":"https:\/\/www.ferberpainting.com\/sk\/products\/succulent-fertilizer\/","title":{"rendered":"Hnojivo pre sukulenty"},"content":{"rendered":"<p><strong><img decoding=\"async\" style=\"margin-right: 12px;\" src=\"https:\/\/www.ferberpainting.com\/wp-content\/uploads\/2026\/02\/Check.svg\" alt=\"\" width=\"18\" height=\"15\" \/>Hnojivo \u0161peci\u00e1lne vyvinut\u00e9 pre kaktusy a sukulenty.<\/strong>\u00a0Sukulentn\u00e9 rastliny, ako s\u00fa kaktusy, ag\u00e1ve, aloe a echeverie, maj\u00fa \u0161pecifick\u00e9 v\u00fd\u017eivov\u00e9 potreby, ktor\u00e9 sa l\u00ed\u0161ia od potrieb izbov\u00fdch alebo vonkaj\u0161\u00edch zelen\u00fdch rastl\u00edn. Na\u0161e hnojivo NPK 15-15-15 bolo navrhnut\u00e9 tak, aby poskytovalo optim\u00e1lnu rovnov\u00e1hu dus\u00edka, fosforu a drasl\u00edka, podporovalo siln\u00fd rast, svie\u017ee l\u00edstie a bohat\u00e9 kvitnutie. V\u010faka tekut\u00e9mu zlo\u017eeniu sa \u013eahko asimiluje a r\u00fdchlo prenik\u00e1 do substr\u00e1tu, \u010do prin\u00e1\u0161a vidite\u013en\u00e9 v\u00fdsledky v kr\u00e1tkom \u010dase.<\/p>\n<p><strong><img decoding=\"async\" style=\"margin-right: 12px;\" src=\"https:\/\/www.ferberpainting.com\/wp-content\/uploads\/2026\/02\/Check.svg\" alt=\"\" width=\"18\" height=\"15\" \/>Z\u00e1ruka vr\u00e1tenia pe\u0148az\u00ed.<\/strong>\u00a0Pevne ver\u00edme v \u00fa\u010dinnos\u0165 na\u0161ich hnoj\u00edv, a preto pon\u00fakame z\u00e1ruku vr\u00e1tenia pe\u0148az\u00ed. Ak po pou\u017eit\u00ed v s\u00falade s odpor\u00fa\u010daniami va\u0161e kaktusy a sukulenty nevykazuj\u00fa \u017eiadne zlep\u0161enie rastu alebo vitality, zav\u00e4zujeme sa v\u00e1m vr\u00e1ti\u0165 v\u0161etky peniaze.<\/p>\n<p><strong><img decoding=\"async\" style=\"margin-right: 12px;\" src=\"https:\/\/www.ferberpainting.com\/wp-content\/uploads\/2026\/02\/Check.svg\" alt=\"\" width=\"18\" height=\"15\" \/>Kompatibiln\u00e9 so v\u0161etk\u00fdmi typmi kaktusov a sukulentov.<\/strong>\u00a0Toto hnojivo bolo navrhnut\u00e9 pre v\u0161etky druhy kaktusov a sukulentov vr\u00e1tane kaktusov, euforbi\u00ed, crass\u00fal, sedumov, alo\u00ed, ag\u00e1v a litopsov. \u010ci u\u017e pestujete svoje rastliny v interi\u00e9ri alebo exteri\u00e9ri, v kvetin\u00e1\u010doch alebo vo vo\u013enej p\u00f4de, toto hnojivo im prinesie v\u0161etky potrebn\u00e9 \u017eiviny pre ich v\u00fdvoj a kvitnutie.<\/p>\n<p><strong><img decoding=\"async\" style=\"margin-right: 12px;\" src=\"https:\/\/www.ferberpainting.com\/wp-content\/uploads\/2026\/02\/Check.svg\" alt=\"\" width=\"18\" height=\"15\" \/>Vynikaj\u00faci hospod\u00e1rsky v\u00fdnos.<\/strong>\u00a0V\u010faka vysokej koncentr\u00e1cii sa toto hnojivo riedi v mno\u017estve 5 ml na liter vody, \u010do umo\u017e\u0148uje dlhodob\u00e9 pou\u017e\u00edvanie. P\u00e4\u0165litrov\u00e1 n\u00e1doba umo\u017e\u0148uje pripravi\u0165 a\u017e 1000 litrov hnojiv\u00e9ho roztoku, \u010do zabezpe\u010duje vynikaj\u00faci pomer kvalita\/cena zn\u00ed\u017een\u00edm frekvencie n\u00e1kupu.<\/p>\n<p><strong><img decoding=\"async\" style=\"margin-right: 12px;\" src=\"https:\/\/www.ferberpainting.com\/wp-content\/uploads\/2026\/02\/Check.svg\" alt=\"\" width=\"18\" height=\"15\" \/>Bezpe\u010dn\u00e9 pre rastliny a \u017eivotn\u00e9 prostredie.<\/strong>\u00a0Toto hnojivo neobsahuje agres\u00edvne chemik\u00e1lie, ktor\u00e9 by mohli po\u0161kodi\u0165 korene alebo jemn\u00e9 listy sukulentov. Jeho zlo\u017eenie re\u0161pektuje rovnov\u00e1hu substr\u00e1tu, zabra\u0148uje \u0161kodliv\u00e9mu hromadeniu sol\u00ed a miner\u00e1lov a zabezpe\u010duje zdrav\u00fd, prirodzen\u00fd rast bez ne\u017eiaducich ved\u013eaj\u0161\u00edch \u00fa\u010dinkov.<\/p>\n<p><strong><img decoding=\"async\" style=\"margin-right: 12px;\" src=\"https:\/\/www.ferberpainting.com\/wp-content\/uploads\/2026\/02\/Check.svg\" alt=\"\" width=\"18\" height=\"15\" \/>\u013dahko sa pou\u017e\u00edva a r\u00fdchlo sa aplikuje.<\/strong>\u00a0Na rozdiel od tuh\u00fdch hnoj\u00edv, ktor\u00e9 sa musia zakop\u00e1va\u0165 alebo presne odmera\u0165, sa na\u0161e tekut\u00e9 hnojivo jednoducho zmie\u0161a s vodou a aplikuje sa priamo do substr\u00e1tu po\u010das zalievania. Nepotrebujete \u017eiadne \u0161peci\u00e1lne n\u00e1stroje ani zlo\u017eit\u00e9 techniky: na \u00fa\u010dinn\u00e9 k\u0155menie kaktusov a sukulentov sta\u010d\u00ed jednoduch\u00e9 zriedenie.<\/p>\n<p><strong><img decoding=\"async\" style=\"margin-right: 12px;\" src=\"https:\/\/www.ferberpainting.com\/wp-content\/uploads\/2026\/02\/Check.svg\" alt=\"\" width=\"18\" height=\"15\" \/>Dlhotrvaj\u00face hnojivo, ktor\u00e9 dlhodobo podporuje rast.<\/strong>\u00a0V\u010faka dokonalej rovnov\u00e1he \u017eiv\u00edn toto hnojivo posil\u0148uje korene, listy a bunkov\u00fa \u0161trukt\u00faru sukulentov, \u010d\u00edm im umo\u017e\u0148uje lep\u0161ie odol\u00e1va\u0165 suchu, chorob\u00e1m a nedostatkom. V\u010faka postupn\u00e9mu uvo\u013e\u0148ovaniu zaru\u010duje nepretr\u017eit\u00e9 hnojenie bez rizika prehnojenia.<\/p>\n<p><strong><img decoding=\"async\" style=\"margin-right: 12px;\" src=\"https:\/\/www.ferberpainting.com\/wp-content\/uploads\/2026\/02\/Check.svg\" alt=\"\" width=\"18\" height=\"15\" \/>Vidite\u013en\u00e9 v\u00fdsledky r\u00fdchlo.<\/strong>\u00a0U\u017e po prv\u00fdch aplik\u00e1ci\u00e1ch si v\u0161imnete r\u00fdchlej\u0161\u00ed rast, silnej\u0161ie listy a v pr\u00edpade kvitn\u00facich druhov aj zlep\u0161enie kvitnutia s v\u00fdraznej\u0161\u00edmi a \u017eiv\u0161\u00edmi farbami. Toto hnojivo tie\u017e pom\u00e1ha rastlin\u00e1m rozv\u00edja\u0165 z\u00e1soby vody, v\u010faka \u010domu s\u00fa odolnej\u0161ie vo\u010di n\u00e1ro\u010dn\u00fdm podmienkam.<\/p>\n<h2><strong>Protokol o pou\u017e\u00edvan\u00ed <\/strong><\/h2>\n<p><strong>Odpor\u00fa\u010dan\u00e9 riedenie :<\/strong><\/p>\n<ul>\n<li><strong>Na pravideln\u00fa \u00fadr\u017ebu <\/strong>: Zrie\u010fte 5 ml hnojiva na liter vody a zalejte priamo substr\u00e1t.<\/li>\n<li><strong>Pre rastliny v obdob\u00ed intenz\u00edvneho rastu (jar\/leto)<\/strong> : Na posilnenie pr\u00edsunu \u017eiv\u00edn pou\u017eite mierne silnej\u0161ie riedenie 7 ml na liter vody.<\/li>\n<li><strong>Pre rastliny v obdob\u00ed vegeta\u010dn\u00e9ho pokoja (jese\u0148\/zima)<\/strong> : Zn\u00ed\u017ete koncentr\u00e1ciu na 2 ml na liter vody, pri\u010dom aplik\u00e1ciu rozde\u013ete.<\/li>\n<\/ul>\n<p><strong>Frekvencia aplik\u00e1cie <\/strong>:<\/p>\n<ul>\n<li><strong>Rastliny v akt\u00edvnom raste <\/strong>: Aplikujte ka\u017ed\u00e9 dva t\u00fd\u017edne.<\/li>\n<li><strong>Rastliny vo vegeta\u010dnom pokoji <\/strong>: Aplikujte raz mesa\u010dne, aby ste udr\u017eali dobr\u00fa \u00farove\u0148 \u017eiv\u00edn.<\/li>\n<\/ul>\n<p><strong>Sp\u00f4sob aplik\u00e1cie <\/strong>:<\/p>\n<ul>\n<li><strong>Zalievanie na z\u00e1kladni <\/strong>: Roztok nalejte priamo na substr\u00e1t, pri\u010dom sa vyhnite namo\u010deniu listov, aby ste zabr\u00e1nili riziku hniloby.<\/li>\n<li><strong>Postrek na listy (volite\u013en\u00fd) <\/strong>: V pr\u00edpade sukulentov, ktor\u00e9 absorbuj\u00fa vlhkos\u0165 cez listy, je mo\u017en\u00e9 aplikova\u0165 \u013eahk\u00fd postrek ka\u017ed\u00fdch 4 a\u017e 6 t\u00fd\u017ed\u0148ov.<\/li>\n<li><strong>Pre rastliny v kvetin\u00e1\u010doch <\/strong>: Zalievajte, k\u00fdm z otvorov neza\u010dne odteka\u0165 voda, \u010d\u00edm zabezpe\u010d\u00edte dobr\u00e9 rozlo\u017eenie \u017eiv\u00edn.<\/li>\n<li><strong>Pre vonkaj\u0161ie rastliny <\/strong>: Hnojivo aplikujte okolo z\u00e1kladne, pri\u010dom dbajte na to, aby nestagnovalo na p\u00f4de, aby nedo\u0161lo k jeho pred\u00e1vkovaniu.<\/li>\n<\/ul>\n<p><strong>Bezpe\u010dnostn\u00e9 opatrenia pri pou\u017e\u00edvan\u00ed <\/strong>:<\/p>\n<ul>\n<li><strong>Nepred\u00e1vkujte <\/strong>: Sukulenty s\u00fa pomaly rast\u00face rastliny; nadmern\u00e9 hnojenie m\u00f4\u017ee sp\u00f4sobi\u0165 stres kore\u0148ov a pop\u00e1lenie listov.<\/li>\n<li><strong>Vyhnite sa aplik\u00e1cii na priamom slne\u010dnom svetle <\/strong>: Hnojivo sa odpor\u00fa\u010da aplikova\u0165 skoro r\u00e1no alebo neskoro po\u010das d\u0148a, aby sa lep\u0161ie vstreb\u00e1valo.<\/li>\n<li><strong>Nehnoji\u0165 chor\u00fa alebo oslaben\u00fa rastlinu <\/strong>: Pred poskytnut\u00edm \u010fal\u0161\u00edch \u017eiv\u00edn po\u010dkajte, k\u00fdm sa zotav\u00ed.<\/li>\n<\/ul>\n<p><strong>Skladovanie a uchov\u00e1vanie <\/strong>:<\/p>\n<ul>\n<li>Skladujte na suchom mieste a mimo dosahu svetla.<\/li>\n<li>Po ka\u017edom pou\u017eit\u00ed f\u013ea\u0161u pevne uzavrite, aby ste zabr\u00e1nili odparovaniu alebo kontamin\u00e1cii.<\/li>\n<\/ul>\n<p>V\u010faka tomuto hnojivu pre sukulentn\u00e9 a tu\u010dnolist\u00e9 rastliny poskytnete svojim rastlin\u00e1m v\u0161etky zdroje, ktor\u00e9 potrebuj\u00fa na harmonick\u00fd rast, a zaist\u00edte im vyv\u00e1\u017een\u00fd rast a zv\u00fd\u0161en\u00fa odolnos\u0165 vo\u010di extr\u00e9mnym podmienkam. \u010ci u\u017e ste nad\u0161enec sukulentov alebo zberate\u013e kaktusov, toto hnojivo je ide\u00e1lnym spojencom pre siln\u00e9, kvitn\u00face a zdrav\u00e9 rastliny.<\/p>","protected":false},"excerpt":{"rendered":"<p>A fertilizer specially formulated for cacti and succulents.\u00a0Succulent plants, such as cacti, agaves, aloes, and echeverias, have specific nutritional needs that differ from those of indoor or outdoor green plants. Our NPK 15-15-15 fertilizer has been designed to provide an optimal balance of nitrogen, phosphorus, and potassium, promoting robust growth, lush foliage, and abundant flowering. [&hellip;]<\/p>\n","protected":false},"featured_media":27195,"comment_status":"open","ping_status":"closed","template":"","meta":{"_uag_custom_page_level_css":"","site-sidebar-layout":"default","site-content-layout":"","ast-site-content-layout":"default","site-content-style":"default","site-sidebar-style":"default","ast-global-header-display":"","ast-banner-title-visibility":"","ast-main-header-display":"","ast-hfb-above-header-display":"","ast-hfb-below-header-display":"","ast-hfb-mobile-header-display":"","site-post-title":"","ast-breadcrumbs-content":"","ast-featured-img":"","footer-sml-layout":"","ast-disable-related-posts":"","theme-transparent-header-meta":"default","adv-header-id-meta":"","stick-header-meta":"","header-above-stick-meta":"","header-main-stick-meta":"","header-below-stick-meta":"","astra-migrate-meta-layouts":"set","ast-page-background-enabled":"default","ast-page-background-meta":{"desktop":{"background-color":"var(--ast-global-color-4)","background-image":"","background-repeat":"repeat","background-position":"center center","background-size":"auto","background-attachment":"scroll","background-type":"","background-media":"","overlay-type":"","overlay-color":"","overlay-opacity":"","overlay-gradient":""},"tablet":{"background-color":"","background-image":"","background-repeat":"repeat","background-position":"center center","background-size":"auto","background-attachment":"scroll","background-type":"","background-media":"","overlay-type":"","overlay-color":"","overlay-opacity":"","overlay-gradient":""},"mobile":{"background-color":"","background-image":"","background-repeat":"repeat","background-position":"center center","background-size":"auto","background-attachment":"scroll","background-type":"","background-media":"","overlay-type":"","overlay-color":"","overlay-opacity":"","overlay-gradient":""}},"ast-content-background-meta":{"desktop":{"background-color":"var(--ast-global-color-5)","background-image":"","background-repeat":"repeat","background-position":"center center","background-size":"auto","background-attachment":"scroll","background-type":"","background-media":"","overlay-type":"","overlay-color":"","overlay-opacity":"","overlay-gradient":""},"tablet":{"background-color":"var(--ast-global-color-5)","background-image":"","background-repeat":"repeat","background-position":"center center","background-size":"auto","background-attachment":"scroll","background-type":"","background-media":"","overlay-type":"","overlay-color":"","overlay-opacity":"","overlay-gradient":""},"mobile":{"background-color":"var(--ast-global-color-5)","background-image":"","background-repeat":"repeat","background-position":"center center","background-size":"auto","background-attachment":"scroll","background-type":"","background-media":"","overlay-type":"","overlay-color":"","overlay-opacity":"","overlay-gradient":""}}},"product_brand":[],"product_cat":[178],"product_tag":[],"class_list":{"0":"post-25332","1":"product","2":"type-product","3":"status-publish","4":"has-post-thumbnail","6":"product_cat-fertilizers","7":"desktop-align-left","8":"tablet-align-left","9":"mobile-align-left","11":"first","12":"instock","13":"sale","14":"taxable","15":"shipping-taxable","16":"purchasable","17":"product-type-variable","18":"has-default-attributes"},"spectra_custom_meta":{"_visibility":["visible"],"_shopify_product_id":["9071223570677"],"_s2w_shopify_domain":["ferberpainting.myshopify.com"],"_shopify_variant_id":["46516075790581"],"_sku":[""],"_manage_stock":["no"],"total_sales":["7"],"_tax_status":["taxable"],"_tax_class":[""],"_backorders":["no"],"_sold_individually":["no"],"_virtual":["no"],"_downloadable":["no"],"_download_limit":["-1"],"_download_expiry":["-1"],"_stock":[null],"_stock_status":["instock"],"_wc_average_rating":["4.63"],"_wc_review_count":["8"],"_product_attributes":["a:1:{s:6:\"volume\";a:6:{s:4:\"name\";s:6:\"Volume\";s:5:\"value\";s:20:\"5 liters | 25 liters\";s:8:\"position\";i:1;s:10:\"is_visible\";i:0;s:12:\"is_variation\";i:1;s:11:\"is_taxonomy\";i:0;}}"],"_product_version":["10.5.1"],"_thumbnail_id":["27195"],"_product_image_gallery":["27196"],"wpse_downloadable_file_names":[""],"wpse_downloadable_file_urls":[""],"_edit_last":["1"],"_default_attributes":["a:1:{s:6:\"volume\";s:8:\"5 liters\";}"],"_edit_lock":["1771240150:1"],"_price":["29.90","129.90"],"merchant-center-availability":["yes"],"merchant-center-category":["113"],"_wp_page_template":["default"],"site-sidebar-layout":["default"],"ast-site-content-layout":["default"],"site-content-style":["default"],"site-sidebar-style":["default"],"theme-transparent-header-meta":["default"],"_wc_rating_count":["a:2:{i:4;i:3;i:5;i:5;}"],"astra-migrate-meta-layouts":["set"],"_uag_css_file_name":["uag-css-25332.css"],"_elementor_page_assets":["a:0:{}"],"_uag_page_assets":["a:9:{s:3:\"css\";s:6873:\".wp-block-uagb-image{display:flex}.wp-block-uagb-image__figure{position:relative;display:flex;flex-direction:column;max-width:100%;height:auto;margin:0}.wp-block-uagb-image__figure img{height:auto;display:flex;max-width:100%;transition:box-shadow .2s ease}.wp-block-uagb-image__figure>a{display:inline-block}.wp-block-uagb-image__figure figcaption{text-align:center;margin-top:.5em;margin-bottom:1em}.wp-block-uagb-image .components-placeholder.block-editor-media-placeholder .components-placeholder__instructions{align-self:center}.wp-block-uagb-image--align-left{text-align:left}.wp-block-uagb-image--align-right{text-align:right}.wp-block-uagb-image--align-center{text-align:center}.wp-block-uagb-image--align-full .wp-block-uagb-image__figure{margin-left:calc(50% - 50vw);margin-right:calc(50% - 50vw);max-width:100vw;width:100vw;height:auto}.wp-block-uagb-image--align-full .wp-block-uagb-image__figure img{height:auto;width:100% !important}.wp-block-uagb-image--align-wide .wp-block-uagb-image__figure img{height:auto;width:100%}.wp-block-uagb-image--layout-overlay__color-wrapper{position:absolute;left:0;top:0;right:0;bottom:0;opacity:.2;background:rgba(0,0,0,.5);transition:opacity .35s ease-in-out}.wp-block-uagb-image--layout-overlay-link{position:absolute;left:0;right:0;bottom:0;top:0}.wp-block-uagb-image--layout-overlay .wp-block-uagb-image__figure:hover .wp-block-uagb-image--layout-overlay__color-wrapper{opacity:1}.wp-block-uagb-image--layout-overlay__inner{position:absolute;left:15px;right:15px;bottom:15px;top:15px;display:flex;align-items:center;justify-content:center;flex-direction:column;border-color:#fff;transition:.35s ease-in-out}.wp-block-uagb-image--layout-overlay__inner.top-left,.wp-block-uagb-image--layout-overlay__inner.top-center,.wp-block-uagb-image--layout-overlay__inner.top-right{justify-content:flex-start}.wp-block-uagb-image--layout-overlay__inner.bottom-left,.wp-block-uagb-image--layout-overlay__inner.bottom-center,.wp-block-uagb-image--layout-overlay__inner.bottom-right{justify-content:flex-end}.wp-block-uagb-image--layout-overlay__inner.top-left,.wp-block-uagb-image--layout-overlay__inner.center-left,.wp-block-uagb-image--layout-overlay__inner.bottom-left{align-items:flex-start}.wp-block-uagb-image--layout-overlay__inner.top-right,.wp-block-uagb-image--layout-overlay__inner.center-right,.wp-block-uagb-image--layout-overlay__inner.bottom-right{align-items:flex-end}.wp-block-uagb-image--layout-overlay__inner .uagb-image-heading{color:#fff;transition:transform .35s,opacity .35s ease-in-out;transform:translate3d(0, 24px, 0);margin:0;line-height:1em}.wp-block-uagb-image--layout-overlay__inner .uagb-image-separator{width:30%;border-top-width:2px;border-top-color:#fff;border-top-style:solid;margin-bottom:10px;opacity:0;transition:transform .4s,opacity .4s ease-in-out;transform:translate3d(0, 30px, 0)}.wp-block-uagb-image--layout-overlay__inner .uagb-image-caption{opacity:0;overflow:visible;color:#fff;transition:transform .45s,opacity .45s ease-in-out;transform:translate3d(0, 35px, 0)}.wp-block-uagb-image--layout-overlay__inner:hover .uagb-image-heading,.wp-block-uagb-image--layout-overlay__inner:hover .uagb-image-separator,.wp-block-uagb-image--layout-overlay__inner:hover .uagb-image-caption{opacity:1;transform:translate3d(0, 0, 0)}.wp-block-uagb-image--effect-zoomin .wp-block-uagb-image__figure img,.wp-block-uagb-image--effect-zoomin .wp-block-uagb-image__figure .wp-block-uagb-image--layout-overlay__color-wrapper{transform:scale(1);transition:transform .35s ease-in-out}.wp-block-uagb-image--effect-zoomin .wp-block-uagb-image__figure:hover img,.wp-block-uagb-image--effect-zoomin .wp-block-uagb-image__figure:hover .wp-block-uagb-image--layout-overlay__color-wrapper{transform:scale(1.05)}.wp-block-uagb-image--effect-slide .wp-block-uagb-image__figure img,.wp-block-uagb-image--effect-slide .wp-block-uagb-image__figure .wp-block-uagb-image--layout-overlay__color-wrapper{width:calc(100% + 40px) !important;max-width:none !important;transform:translate3d(-40px, 0, 0);transition:transform .35s ease-in-out}.wp-block-uagb-image--effect-slide .wp-block-uagb-image__figure:hover img,.wp-block-uagb-image--effect-slide .wp-block-uagb-image__figure:hover .wp-block-uagb-image--layout-overlay__color-wrapper{transform:translate3d(0, 0, 0)}.wp-block-uagb-image--effect-grayscale img{filter:grayscale(0%);transition:.35s ease-in-out}.wp-block-uagb-image--effect-grayscale:hover img{filter:grayscale(100%)}.wp-block-uagb-image--effect-blur img{filter:blur(0);transition:.35s ease-in-out}.wp-block-uagb-image--effect-blur:hover img{filter:blur(3px)}.uagb-block-e6f939b3.wp-block-uagb-image--layout-default figure img{box-shadow: 0px 0px 0 #00000070;}.uagb-block-e6f939b3.wp-block-uagb-image .wp-block-uagb-image__figure figcaption{font-style: normal;align-self: center;}.uagb-block-e6f939b3.wp-block-uagb-image--layout-overlay figure img{box-shadow: 0px 0px 0 #00000070;}.uagb-block-e6f939b3.wp-block-uagb-image--layout-overlay .wp-block-uagb-image--layout-overlay__color-wrapper{opacity: 0.2;}.uagb-block-e6f939b3.wp-block-uagb-image--layout-overlay .wp-block-uagb-image--layout-overlay__inner{left: 15px;right: 15px;top: 15px;bottom: 15px;}.uagb-block-e6f939b3.wp-block-uagb-image--layout-overlay .wp-block-uagb-image--layout-overlay__inner .uagb-image-heading{font-style: normal;color: #fff;opacity: 1;}.uagb-block-e6f939b3.wp-block-uagb-image--layout-overlay .wp-block-uagb-image--layout-overlay__inner .uagb-image-heading a{color: #fff;}.uagb-block-e6f939b3.wp-block-uagb-image--layout-overlay .wp-block-uagb-image--layout-overlay__inner .uagb-image-caption{opacity: 0;}.uagb-block-e6f939b3.wp-block-uagb-image--layout-overlay .wp-block-uagb-image__figure:hover .wp-block-uagb-image--layout-overlay__color-wrapper{opacity: 1;}.uagb-block-e6f939b3.wp-block-uagb-image .wp-block-uagb-image--layout-overlay__inner .uagb-image-separator{width: 30%;border-top-width: 2px;border-top-color: #fff;opacity: 0;}.uagb-block-e6f939b3.wp-block-uagb-image .wp-block-uagb-image__figure img{width: px;height: auto;}.uagb-block-e6f939b3.wp-block-uagb-image .wp-block-uagb-image__figure:hover .wp-block-uagb-image--layout-overlay__inner .uagb-image-caption{opacity: 1;}.uagb-block-e6f939b3.wp-block-uagb-image .wp-block-uagb-image__figure:hover .wp-block-uagb-image--layout-overlay__inner .uagb-image-separator{opacity: 1;}.uagb-block-e6f939b3.wp-block-uagb-image--layout-default figure:hover img{box-shadow: 0px 0px 0 #00000070;}.uagb-block-e6f939b3.wp-block-uagb-image--layout-overlay figure:hover img{box-shadow: 0px 0px 0 #00000070;}@media only screen and (max-width: 976px) {.uagb-block-e6f939b3.wp-block-uagb-image .wp-block-uagb-image__figure img{width: px;height: auto;}}@media only screen and (max-width: 767px) {.uagb-block-e6f939b3.wp-block-uagb-image .wp-block-uagb-image__figure img{width: px;height: auto;}}\";s:2:\"js\";s:0:\"\";s:18:\"current_block_list\";a:13:{i:0;s:11:\"core\/search\";i:1;s:10:\"core\/group\";i:2;s:12:\"core\/heading\";i:3;s:17:\"core\/latest-posts\";i:4;s:20:\"core\/latest-comments\";i:5;s:13:\"core\/archives\";i:6;s:15:\"core\/categories\";i:7;s:14:\"core\/paragraph\";i:8;s:10:\"uagb\/image\";i:9;s:11:\"core\/spacer\";i:10;s:30:\"woocommerce\/product-categories\";i:11;s:10:\"core\/image\";i:12;s:14:\"core\/shortcode\";}s:8:\"uag_flag\";b:1;s:11:\"uag_version\";s:10:\"1777331345\";s:6:\"gfonts\";a:0:{}s:10:\"gfonts_url\";s:0:\"\";s:12:\"gfonts_files\";a:0:{}s:14:\"uag_faq_layout\";b:0;}"]},"uagb_featured_image_src":{"full":["https:\/\/www.ferberpainting.com\/wp-content\/uploads\/2025\/05\/SucculentFertilizer5L.png",2560,2560,false],"thumbnail":["https:\/\/www.ferberpainting.com\/wp-content\/uploads\/2025\/05\/SucculentFertilizer5L-150x150.png",150,150,true],"medium":["https:\/\/www.ferberpainting.com\/wp-content\/uploads\/2025\/05\/SucculentFertilizer5L-300x300.png",300,300,true],"medium_large":["https:\/\/www.ferberpainting.com\/wp-content\/uploads\/2025\/05\/SucculentFertilizer5L-768x768.png",768,768,true],"large":["https:\/\/www.ferberpainting.com\/wp-content\/uploads\/2025\/05\/SucculentFertilizer5L-1024x1024.png",1024,1024,true],"1536x1536":["https:\/\/www.ferberpainting.com\/wp-content\/uploads\/2025\/05\/SucculentFertilizer5L-1536x1536.png",1536,1536,true],"2048x2048":["https:\/\/www.ferberpainting.com\/wp-content\/uploads\/2025\/05\/SucculentFertilizer5L-2048x2048.png",2048,2048,true],"trp-custom-language-flag":["https:\/\/www.ferberpainting.com\/wp-content\/uploads\/2025\/05\/SucculentFertilizer5L-12x12.png",12,12,true],"woocommerce_thumbnail":["https:\/\/www.ferberpainting.com\/wp-content\/uploads\/2025\/05\/SucculentFertilizer5L-300x300.png",300,300,true],"woocommerce_single":["https:\/\/www.ferberpainting.com\/wp-content\/uploads\/2025\/05\/SucculentFertilizer5L-600x600.png",600,600,true],"woocommerce_gallery_thumbnail":["https:\/\/www.ferberpainting.com\/wp-content\/uploads\/2025\/05\/SucculentFertilizer5L-100x100.png",100,100,true]},"uagb_author_info":{"display_name":"admin","author_link":"https:\/\/www.ferberpainting.com\/sk\/author\/"},"uagb_comment_info":8,"uagb_excerpt":"A fertilizer specially formulated for cacti and succulents.\u00a0Succulent plants, such as cacti, agaves, aloes, and echeverias, have specific nutritional needs that differ from those of indoor or outdoor green plants. Our NPK 15-15-15 fertilizer has been designed to provide an optimal balance of nitrogen, phosphorus, and potassium, promoting robust growth, lush foliage, and abundant flowering.&hellip;","_links":{"self":[{"href":"https:\/\/www.ferberpainting.com\/sk\/wp-json\/wp\/v2\/product\/25332","targetHints":{"allow":["GET"]}}],"collection":[{"href":"https:\/\/www.ferberpainting.com\/sk\/wp-json\/wp\/v2\/product"}],"about":[{"href":"https:\/\/www.ferberpainting.com\/sk\/wp-json\/wp\/v2\/types\/product"}],"replies":[{"embeddable":true,"href":"https:\/\/www.ferberpainting.com\/sk\/wp-json\/wp\/v2\/comments?post=25332"}],"version-history":[{"count":4,"href":"https:\/\/www.ferberpainting.com\/sk\/wp-json\/wp\/v2\/product\/25332\/revisions"}],"predecessor-version":[{"id":167355,"href":"https:\/\/www.ferberpainting.com\/sk\/wp-json\/wp\/v2\/product\/25332\/revisions\/167355"}],"wp:featuredmedia":[{"embeddable":true,"href":"https:\/\/www.ferberpainting.com\/sk\/wp-json\/wp\/v2\/media\/27195"}],"wp:attachment":[{"href":"https:\/\/www.ferberpainting.com\/sk\/wp-json\/wp\/v2\/media?parent=25332"}],"wp:term":[{"taxonomy":"product_brand","embeddable":true,"href":"https:\/\/www.ferberpainting.com\/sk\/wp-json\/wp\/v2\/product_brand?post=25332"},{"taxonomy":"product_cat","embeddable":true,"href":"https:\/\/www.ferberpainting.com\/sk\/wp-json\/wp\/v2\/product_cat?post=25332"},{"taxonomy":"product_tag","embeddable":true,"href":"https:\/\/www.ferberpainting.com\/sk\/wp-json\/wp\/v2\/product_tag?post=25332"}],"curies":[{"name":"wp","href":"https:\/\/api.w.org\/{rel}","templated":true}]}}