{"id":25296,"date":"2025-06-30T21:38:54","date_gmt":"2025-06-30T19:38:54","guid":{"rendered":"https:\/\/www.ferberpainting.com\/?post_type=product&#038;p=25296"},"modified":"2026-02-16T10:42:42","modified_gmt":"2026-02-16T09:42:42","slug":"shower-and-bathroom-water-repellent","status":"publish","type":"product","link":"https:\/\/www.ferberpainting.com\/sk\/products\/shower-and-bathroom-water-repellent\/","title":{"rendered":"Vodoodpudiv\u00fd pro sprchu a k\u00fape\u013e\u0148u"},"content":{"rendered":"<p><strong><img decoding=\"async\" style=\"margin-right: 12px;\" src=\"https:\/\/www.ferberpainting.com\/wp-content\/uploads\/2026\/02\/Check.svg\" alt=\"\" width=\"18\" height=\"15\" \/>Dlhotrvaj\u00faca ochrana proti vlhkosti.<\/strong>\u00a0Impregn\u00e1cia do k\u00fape\u013ene a sprchy je \u0161peci\u00e1lne vyvinut\u00e1 na optim\u00e1lnu ochranu pred vlhkos\u0165ou, ples\u0148ami a striekaj\u00facou vodou. Jeho aplik\u00e1cia vytv\u00e1ra na povrchoch nevidite\u013en\u00fa, ale vysoko \u00fa\u010dinn\u00fa bari\u00e9ru, ktor\u00e1 zabra\u0148uje prenikaniu vody do materi\u00e1lov a z\u00e1rove\u0148 umo\u017e\u0148uje povrchu d\u00fdcha\u0165. Tento v\u00fdrobok \u00fa\u010dinne chr\u00e1ni steny, podlahy a \u0161k\u00e1ry v neust\u00e1le vlhkom prostred\u00ed, ako s\u00fa k\u00fape\u013ene a sprchy.<\/p>\n<p><strong><img decoding=\"async\" style=\"margin-right: 12px;\" src=\"https:\/\/www.ferberpainting.com\/wp-content\/uploads\/2026\/02\/Check.svg\" alt=\"\" width=\"18\" height=\"15\" \/>Z\u00e1ruka vr\u00e1tenia pe\u0148az\u00ed.<\/strong>\u00a0Sme presved\u010den\u00ed o \u00fa\u010dinnosti n\u00e1\u0161ho impregna\u010dn\u00e9ho pr\u00edpravku do k\u00fape\u013ene a sprchy. Preto pon\u00fakame z\u00e1ruku spokojnosti alebo vr\u00e1tenia pe\u0148az\u00ed. Ak z ak\u00e9hoko\u013evek d\u00f4vodu nebudete s v\u00fdrobkom \u00faplne spokojn\u00ed, m\u00f4\u017eete po\u017eiada\u0165 o vr\u00e1tenie pe\u0148az\u00ed v plnej v\u00fd\u0161ke. T\u00e1to z\u00e1ruka v\u00e1m umo\u017e\u0148uje pokojne otestova\u0165 n\u00e1\u0161 v\u00fdrobok a vyu\u017e\u00edva\u0165 jeho v\u00fdhody bez rizika.<\/p>\n<p><strong><img decoding=\"async\" style=\"margin-right: 12px;\" src=\"https:\/\/www.ferberpainting.com\/wp-content\/uploads\/2026\/02\/Check.svg\" alt=\"\" width=\"18\" height=\"15\" \/>Viac\u00fa\u010delov\u00fd.<\/strong>\u00a0Tento v\u00fdrobok sa neobmedzuje len na klasick\u00e9 k\u00fape\u013e\u0148ov\u00e9 a sprchov\u00e9 povrchy, ako s\u00fa dla\u017edice - je vhodn\u00fd aj na \u0161irok\u00fa \u0161k\u00e1lu materi\u00e1lov, ako je bet\u00f3n, cement, kame\u0148, mramor, omietka, drevo a \u010fal\u0161ie. T\u00e1to v\u0161estrannos\u0165 v\u00e1m umo\u017e\u0148uje o\u0161etri\u0165 \u0161irok\u00fa \u0161k\u00e1lu povrchov v k\u00fape\u013eni a vlhk\u00fdch priestoroch. \u010ci u\u017e ide o podlahu alebo \u0161k\u00e1ry, impregna\u010dn\u00fd pr\u00edpravok poskytuje \u00fa\u010dinn\u00fa ochranu proti vlhkosti a \u0161kvrn\u00e1m. V\u010faka tomu predstavuje kompletn\u00e9 rie\u0161enie na ochranu va\u0161ich povrchov.<\/p>\n<p><strong><img decoding=\"async\" style=\"margin-right: 12px;\" src=\"https:\/\/www.ferberpainting.com\/wp-content\/uploads\/2026\/02\/Check.svg\" alt=\"\" width=\"18\" height=\"15\" \/>Ekonomick\u00e1 efekt\u00edvnos\u0165.<\/strong>\u00a0Hydroizol\u00e1tor do k\u00fape\u013ene a sprchy je ve\u013emi \u00fasporn\u00fd v\u00fdrobok. V priemere 1 liter v\u00fdrobku pokryje 6 a\u017e 8 m\u00b2. S 5-litrovou n\u00e1dobou m\u00f4\u017eete o\u0161etri\u0165 pribli\u017ene 30 a\u017e 40 m\u00b2 plochy. Toto vysok\u00e9 pokrytie znamen\u00e1, \u017ee m\u00f4\u017eete o\u0161etri\u0165 ve\u013ek\u00fa plochu s relat\u00edvne mal\u00fdm mno\u017estvom v\u00fdrobku, v\u010faka \u010domu je tento impregna\u010dn\u00fd pr\u00edpravok ekonomickou vo\u013ebou pre cel\u00fd dom.<\/p>\n<p><strong><img decoding=\"async\" style=\"margin-right: 12px;\" src=\"https:\/\/www.ferberpainting.com\/wp-content\/uploads\/2026\/02\/Check.svg\" alt=\"\" width=\"18\" height=\"15\" \/>Bezpe\u010dn\u00e9 pou\u017e\u00edvanie.<\/strong>\u00a0Vodoodoln\u00fd pr\u00edpravok do k\u00fape\u013ene a sprchy je vyroben\u00fd z netoxick\u00fdch zlo\u017eiek, je \u0161etrn\u00fd k \u017eivotn\u00e9mu prostrediu a bezpe\u010dn\u00fd pre va\u0161e zdravie. Na rozdiel od niektor\u00fdch drsnej\u0161\u00edch ochrann\u00fdch v\u00fdrobkov neobsahuje \u017eiadne koroz\u00edvne alebo dr\u00e1\u017ediv\u00e9 rozp\u00fa\u0161\u0165adl\u00e1. Po\u010das aplik\u00e1cie sa v\u0161ak v\u017edy odpor\u00fa\u010da nosi\u0165 rukavice a dobre vetra\u0165 miestnos\u0165, aby sa zabezpe\u010dilo pohodlie a bezpe\u010dnos\u0165.<\/p>\n<p><strong><img decoding=\"async\" style=\"margin-right: 12px;\" src=\"https:\/\/www.ferberpainting.com\/wp-content\/uploads\/2026\/02\/Check.svg\" alt=\"\" width=\"18\" height=\"15\" \/>Jednoduchos\u0165 pou\u017e\u00edvania.<\/strong>\u00a0Vodoodoln\u00fd pr\u00edpravok do k\u00fape\u013ene a sprchy sa ve\u013emi \u013eahko aplikuje. Je pripraven\u00fd na pou\u017eitie a nevy\u017eaduje \u017eiadne riedenie. Pr\u00edpravok sta\u010d\u00ed nanies\u0165 priamo na \u010dist\u00fd a such\u00fd povrch pomocou rozpra\u0161ova\u010da, \u0161tetca alebo val\u010deka. Prenik\u00e1 r\u00fdchlo a rovnomerne a vytv\u00e1ra ochrann\u00fa vrstvu bez zanechania vidite\u013en\u00fdch st\u00f4p alebo zvy\u0161kov. Na jeho pou\u017eitie nie s\u00fa potrebn\u00e9 \u017eiadne \u0161peci\u00e1lne zru\u010dnosti, tak\u017ee je ide\u00e1lny pre dom\u00e1cich majstrov v\u0161etk\u00fdch \u00farovn\u00ed.<\/p>\n<p><strong><img decoding=\"async\" style=\"margin-right: 12px;\" src=\"https:\/\/www.ferberpainting.com\/wp-content\/uploads\/2026\/02\/Check.svg\" alt=\"\" width=\"18\" height=\"15\" \/>Odolnos\u0165.<\/strong>\u00a0Tento v\u00fdrobok zaru\u010duje dlhotrvaj\u00facu ochranu. Po nanesen\u00ed vytvor\u00ed impregna\u010dn\u00fd pr\u00edpravok nevidite\u013en\u00fa vrstvu, ktor\u00e1 chr\u00e1ni va\u0161e povrchy pred vlhkos\u0165ou, striekaj\u00facou vodou a ples\u0148ami. V z\u00e1vislosti od \u00farovne vlhkosti v miestnosti m\u00f4\u017ee vydr\u017ea\u0165 nieko\u013eko rokov. Vodoodoln\u00fd pr\u00edpravok do k\u00fape\u013ene a sprchy odol\u00e1va nepriazniv\u00fdm podmienkam vlhkosti a zost\u00e1va \u00fa\u010dinn\u00fd po dlh\u0161iu dobu, \u010do v\u00e1m pom\u00f4\u017ee vyhn\u00fa\u0165 sa \u010dast\u00e9mu opakovan\u00e9mu nan\u00e1\u0161aniu.<\/p>\n<p><strong><img decoding=\"async\" style=\"margin-right: 12px;\" src=\"https:\/\/www.ferberpainting.com\/wp-content\/uploads\/2026\/02\/Check.svg\" alt=\"\" width=\"18\" height=\"15\" \/>R\u00fdchloschn\u00face.<\/strong>\u00a0Vodoodoln\u00fd pr\u00edpravok do k\u00fape\u013ene a sprchy r\u00fdchlo schne. \u010cas schnutia na dotyk je pribli\u017ene 1 a\u017e 2 hodiny, \u010do minimalizuje \u010das \u010dakania pred pou\u017eit\u00edm priestoru. Na dosiahnutie optim\u00e1lnej ochrany sa odpor\u00fa\u010da necha\u0165 v\u00fdrobok \u00faplne vyschn\u00fa\u0165 24 hod\u00edn pred vystaven\u00edm vlhkosti. Tento r\u00fdchly \u010das schnutia v\u00e1m umo\u017en\u00ed pou\u017e\u00edva\u0165 chr\u00e1nen\u00e9 priestory sk\u00f4r a z\u00e1rove\u0148 vyu\u017e\u00edva\u0165 v\u00fdhody dlhotrvaj\u00facej ochrany.<\/p>\n<h2><strong>Protokol o pou\u017e\u00edvan\u00ed<\/strong><\/h2>\n<ul>\n<li><strong>Pr\u00edprava povrchu <\/strong>: Pred nanesen\u00edm impregna\u010dn\u00e9ho prostriedku sa uistite, \u017ee s\u00fa povrchy \u010dist\u00e9, such\u00e9 a zbaven\u00e9 ak\u00fdchko\u013evek ne\u010dist\u00f4t, mastnoty alebo plesn\u00ed. Obklada\u010dky, \u0161k\u00e1ry a ostatn\u00e9 plochy vy\u010distite vhodn\u00fdm pr\u00edpravkom a potom ich dobre opl\u00e1chnite \u010distou vodou. Pred nanesen\u00edm impregna\u010dn\u00e9ho pr\u00edpravku sa uistite, \u017ee je povrch \u00faplne such\u00fd, aby sa zabezpe\u010dila spr\u00e1vna pri\u013enavos\u0165.<\/li>\n<li><strong>Aplik\u00e1cia produktu <\/strong>: Impregn\u00e1tor je pripraven\u00fd na pou\u017eitie. M\u00f4\u017ee sa aplikova\u0165 pomocou postrekova\u010da, \u0161tetca alebo val\u010deka. Pre rovnomern\u00fa aplik\u00e1ciu nastriekajte alebo naneste tenk\u00fa, rovnomern\u00fa vrstvu v\u00fdrobku na povrchy, pri\u010dom sa zamerajte na \u0161k\u00e1ry a miesta najviac vystaven\u00e9 vlhkosti. Nechajte v\u00fdrobok prenikn\u00fa\u0165 do materi\u00e1lov bez ich pre\u0165a\u017eenia.<\/li>\n<li><strong>Mno\u017estvo, ktor\u00e9 sa m\u00e1 pou\u017ei\u0165 <\/strong>: V priemere 1 liter impregna\u010dn\u00e9ho pr\u00edpravku pokryje 6 a\u017e 8 m\u00b2. S 5-litrovou n\u00e1dobou m\u00f4\u017eete o\u0161etri\u0165 pribli\u017ene 30 a\u017e 40 m\u00b2 plochy. To znamen\u00e1, \u017ee s relat\u00edvne mal\u00fdm mno\u017estvom v\u00fdrobku m\u00f4\u017eete o\u0161etri\u0165 cel\u00fa k\u00fape\u013e\u0148u. V pr\u00edpade obzvl\u00e1\u0161\u0165 por\u00e9znych povrchov mo\u017eno na posilnenie ochrany nanies\u0165 druh\u00fa vrstvu.<\/li>\n<li><strong>\u010cas su\u0161enia <\/strong>: Po nanesen\u00ed nechajte v\u00fdrobok na dotyk zaschn\u00fa\u0165 pribli\u017ene 1 a\u017e 2 hodiny. Pre maxim\u00e1lnu \u00fa\u010dinnos\u0165 a zabr\u00e1nenie kontaktu s vlhkos\u0165ou sa v\u0161ak odpor\u00fa\u010da necha\u0165 v\u00fdrobok \u00faplne vyschn\u00fa\u0165 24 hod\u00edn. Po\u010das tohto obdobia nevystavujte povrch vlhkosti, aby sa zabezpe\u010dilo spr\u00e1vne spojenie ochrannej vrstvy.<\/li>\n<li><strong>Op\u00e4tovn\u00e1 aplik\u00e1cia <\/strong>: V z\u00e1vislosti od sp\u00f4sobu pou\u017e\u00edvania a \u00farovne vlhkosti v k\u00fape\u013eni alebo sprche m\u00f4\u017ee by\u0165 na zachovanie ochrany potrebn\u00e9 nanies\u0165 impregna\u010dn\u00fd pr\u00edpravok ka\u017ed\u00fdch 2 a\u017e 5 rokov. Na tento \u00fa\u010del o\u010distite povrch a naneste nov\u00fa vrstvu impregna\u010dn\u00e9ho pr\u00edpravku, pri\u010dom postupujte rovnako ako pri prvej aplik\u00e1cii.<\/li>\n<li><strong>\u00dadr\u017eba <\/strong>: Po nanesen\u00ed impregna\u010dn\u00e9ho pr\u00edpravku je \u00fadr\u017eba o\u0161etren\u00fdch povrchov ove\u013ea jednoduch\u0161ia. Sta\u010d\u00ed ich vy\u010disti\u0165 vlhkou handri\u010dkou alebo \u0161pongiou a vyhn\u00fa\u0165 sa abraz\u00edvnym prostriedkom, ktor\u00e9 by mohli ochranu po\u0161kodi\u0165. Na o\u0161etren\u00e9 povrchy nepou\u017e\u00edvajte vysokotlakov\u00e9 \u010distiace prostriedky, aby ste zachovali \u00fa\u010dinnos\u0165 impregna\u010dn\u00e9ho prostriedku.<\/li>\n<\/ul>","protected":false},"excerpt":{"rendered":"<p>Long-lasting protection against humidity.\u00a0The bathroom and shower waterproofer is specially formulated to provide optimal protection against humidity, mold, and water splashes. Its application creates an invisible yet highly effective barrier on surfaces, preventing water from penetrating the materials while allowing the surface to breathe. This product effectively protects your walls, floors, and joints in constantly [&hellip;]<\/p>\n","protected":false},"featured_media":35973,"comment_status":"open","ping_status":"closed","template":"","meta":{"_uag_custom_page_level_css":"","site-sidebar-layout":"default","site-content-layout":"","ast-site-content-layout":"default","site-content-style":"default","site-sidebar-style":"default","ast-global-header-display":"","ast-banner-title-visibility":"","ast-main-header-display":"","ast-hfb-above-header-display":"","ast-hfb-below-header-display":"","ast-hfb-mobile-header-display":"","site-post-title":"","ast-breadcrumbs-content":"","ast-featured-img":"","footer-sml-layout":"","ast-disable-related-posts":"","theme-transparent-header-meta":"default","adv-header-id-meta":"","stick-header-meta":"","header-above-stick-meta":"","header-main-stick-meta":"","header-below-stick-meta":"","astra-migrate-meta-layouts":"set","ast-page-background-enabled":"default","ast-page-background-meta":{"desktop":{"background-color":"var(--ast-global-color-4)","background-image":"","background-repeat":"repeat","background-position":"center center","background-size":"auto","background-attachment":"scroll","background-type":"","background-media":"","overlay-type":"","overlay-color":"","overlay-opacity":"","overlay-gradient":""},"tablet":{"background-color":"","background-image":"","background-repeat":"repeat","background-position":"center center","background-size":"auto","background-attachment":"scroll","background-type":"","background-media":"","overlay-type":"","overlay-color":"","overlay-opacity":"","overlay-gradient":""},"mobile":{"background-color":"","background-image":"","background-repeat":"repeat","background-position":"center center","background-size":"auto","background-attachment":"scroll","background-type":"","background-media":"","overlay-type":"","overlay-color":"","overlay-opacity":"","overlay-gradient":""}},"ast-content-background-meta":{"desktop":{"background-color":"var(--ast-global-color-5)","background-image":"","background-repeat":"repeat","background-position":"center center","background-size":"auto","background-attachment":"scroll","background-type":"","background-media":"","overlay-type":"","overlay-color":"","overlay-opacity":"","overlay-gradient":""},"tablet":{"background-color":"var(--ast-global-color-5)","background-image":"","background-repeat":"repeat","background-position":"center center","background-size":"auto","background-attachment":"scroll","background-type":"","background-media":"","overlay-type":"","overlay-color":"","overlay-opacity":"","overlay-gradient":""},"mobile":{"background-color":"var(--ast-global-color-5)","background-image":"","background-repeat":"repeat","background-position":"center center","background-size":"auto","background-attachment":"scroll","background-type":"","background-media":"","overlay-type":"","overlay-color":"","overlay-opacity":"","overlay-gradient":""}}},"product_brand":[],"product_cat":[191],"product_tag":[],"class_list":{"0":"post-25296","1":"product","2":"type-product","3":"status-publish","4":"has-post-thumbnail","6":"product_cat-water-repellent","7":"desktop-align-left","8":"tablet-align-left","9":"mobile-align-left","11":"first","12":"instock","13":"sale","14":"shipping-taxable","15":"purchasable","16":"product-type-variable","17":"has-default-attributes"},"spectra_custom_meta":{"_visibility":["visible"],"_shopify_product_id":["9106653118709"],"_s2w_shopify_domain":["ferberpainting.myshopify.com"],"_shopify_variant_id":["46626393686261"],"_sku":[""],"_manage_stock":["no"],"total_sales":["341"],"_tax_status":["taxable"],"_tax_class":[""],"_backorders":["no"],"_sold_individually":["no"],"_virtual":["no"],"_downloadable":["no"],"_download_limit":["-1"],"_download_expiry":["-1"],"_stock":[null],"_stock_status":["instock"],"_wc_average_rating":["5.00"],"_wc_review_count":["11"],"_product_attributes":["a:1:{s:6:\"volume\";a:6:{s:4:\"name\";s:6:\"Volume\";s:5:\"value\";s:20:\"5 liters | 25 liters\";s:8:\"position\";i:1;s:10:\"is_visible\";i:0;s:12:\"is_variation\";i:1;s:11:\"is_taxonomy\";i:0;}}"],"_product_version":["10.5.1"],"wpse_downloadable_file_names":[""],"wpse_downloadable_file_urls":[""],"_edit_last":["1"],"_default_attributes":["a:1:{s:6:\"volume\";s:8:\"5 liters\";}"],"_edit_lock":["1773469220:7131"],"_price":["29.90","129.90"],"merchant-center-availability":["yes"],"merchant-center-category":["503744"],"_thumbnail_id":["35973"],"_wp_page_template":["default"],"_wp_old_date":["2025-05-26"],"_product_image_gallery":["35974"],"site-sidebar-layout":["default"],"ast-site-content-layout":["default"],"site-content-style":["default"],"site-sidebar-style":["default"],"theme-transparent-header-meta":["default"],"_wc_rating_count":["a:1:{i:5;i:11;}"],"astra-migrate-meta-layouts":["set"],"_uag_css_file_name":["uag-css-25296.css"],"_elementor_page_assets":["a:0:{}"],"_uag_page_assets":["a:9:{s:3:\"css\";s:7133:\".uag-blocks-common-selector{z-index:var(--z-index-desktop) !important}@media(max-width: 976px){.uag-blocks-common-selector{z-index:var(--z-index-tablet) !important}}@media(max-width: 767px){.uag-blocks-common-selector{z-index:var(--z-index-mobile) !important}}.wp-block-uagb-image{display:flex}.wp-block-uagb-image__figure{position:relative;display:flex;flex-direction:column;max-width:100%;height:auto;margin:0}.wp-block-uagb-image__figure img{height:auto;display:flex;max-width:100%;transition:box-shadow .2s ease}.wp-block-uagb-image__figure>a{display:inline-block}.wp-block-uagb-image__figure figcaption{text-align:center;margin-top:.5em;margin-bottom:1em}.wp-block-uagb-image .components-placeholder.block-editor-media-placeholder .components-placeholder__instructions{align-self:center}.wp-block-uagb-image--align-left{text-align:left}.wp-block-uagb-image--align-right{text-align:right}.wp-block-uagb-image--align-center{text-align:center}.wp-block-uagb-image--align-full .wp-block-uagb-image__figure{margin-left:calc(50% - 50vw);margin-right:calc(50% - 50vw);max-width:100vw;width:100vw;height:auto}.wp-block-uagb-image--align-full .wp-block-uagb-image__figure img{height:auto;width:100% !important}.wp-block-uagb-image--align-wide .wp-block-uagb-image__figure img{height:auto;width:100%}.wp-block-uagb-image--layout-overlay__color-wrapper{position:absolute;left:0;top:0;right:0;bottom:0;opacity:.2;background:rgba(0,0,0,.5);transition:opacity .35s ease-in-out}.wp-block-uagb-image--layout-overlay-link{position:absolute;left:0;right:0;bottom:0;top:0}.wp-block-uagb-image--layout-overlay .wp-block-uagb-image__figure:hover .wp-block-uagb-image--layout-overlay__color-wrapper{opacity:1}.wp-block-uagb-image--layout-overlay__inner{position:absolute;left:15px;right:15px;bottom:15px;top:15px;display:flex;align-items:center;justify-content:center;flex-direction:column;border-color:#fff;transition:.35s ease-in-out}.wp-block-uagb-image--layout-overlay__inner.top-left,.wp-block-uagb-image--layout-overlay__inner.top-center,.wp-block-uagb-image--layout-overlay__inner.top-right{justify-content:flex-start}.wp-block-uagb-image--layout-overlay__inner.bottom-left,.wp-block-uagb-image--layout-overlay__inner.bottom-center,.wp-block-uagb-image--layout-overlay__inner.bottom-right{justify-content:flex-end}.wp-block-uagb-image--layout-overlay__inner.top-left,.wp-block-uagb-image--layout-overlay__inner.center-left,.wp-block-uagb-image--layout-overlay__inner.bottom-left{align-items:flex-start}.wp-block-uagb-image--layout-overlay__inner.top-right,.wp-block-uagb-image--layout-overlay__inner.center-right,.wp-block-uagb-image--layout-overlay__inner.bottom-right{align-items:flex-end}.wp-block-uagb-image--layout-overlay__inner .uagb-image-heading{color:#fff;transition:transform .35s,opacity .35s ease-in-out;transform:translate3d(0, 24px, 0);margin:0;line-height:1em}.wp-block-uagb-image--layout-overlay__inner .uagb-image-separator{width:30%;border-top-width:2px;border-top-color:#fff;border-top-style:solid;margin-bottom:10px;opacity:0;transition:transform .4s,opacity .4s ease-in-out;transform:translate3d(0, 30px, 0)}.wp-block-uagb-image--layout-overlay__inner .uagb-image-caption{opacity:0;overflow:visible;color:#fff;transition:transform .45s,opacity .45s ease-in-out;transform:translate3d(0, 35px, 0)}.wp-block-uagb-image--layout-overlay__inner:hover .uagb-image-heading,.wp-block-uagb-image--layout-overlay__inner:hover .uagb-image-separator,.wp-block-uagb-image--layout-overlay__inner:hover .uagb-image-caption{opacity:1;transform:translate3d(0, 0, 0)}.wp-block-uagb-image--effect-zoomin .wp-block-uagb-image__figure img,.wp-block-uagb-image--effect-zoomin .wp-block-uagb-image__figure .wp-block-uagb-image--layout-overlay__color-wrapper{transform:scale(1);transition:transform .35s ease-in-out}.wp-block-uagb-image--effect-zoomin .wp-block-uagb-image__figure:hover img,.wp-block-uagb-image--effect-zoomin .wp-block-uagb-image__figure:hover .wp-block-uagb-image--layout-overlay__color-wrapper{transform:scale(1.05)}.wp-block-uagb-image--effect-slide .wp-block-uagb-image__figure img,.wp-block-uagb-image--effect-slide .wp-block-uagb-image__figure .wp-block-uagb-image--layout-overlay__color-wrapper{width:calc(100% + 40px) !important;max-width:none !important;transform:translate3d(-40px, 0, 0);transition:transform .35s ease-in-out}.wp-block-uagb-image--effect-slide .wp-block-uagb-image__figure:hover img,.wp-block-uagb-image--effect-slide .wp-block-uagb-image__figure:hover .wp-block-uagb-image--layout-overlay__color-wrapper{transform:translate3d(0, 0, 0)}.wp-block-uagb-image--effect-grayscale img{filter:grayscale(0%);transition:.35s ease-in-out}.wp-block-uagb-image--effect-grayscale:hover img{filter:grayscale(100%)}.wp-block-uagb-image--effect-blur img{filter:blur(0);transition:.35s ease-in-out}.wp-block-uagb-image--effect-blur:hover img{filter:blur(3px)}.uagb-block-e6f939b3.wp-block-uagb-image--layout-default figure img{box-shadow: 0px 0px 0 #00000070;}.uagb-block-e6f939b3.wp-block-uagb-image .wp-block-uagb-image__figure figcaption{font-style: normal;align-self: center;}.uagb-block-e6f939b3.wp-block-uagb-image--layout-overlay figure img{box-shadow: 0px 0px 0 #00000070;}.uagb-block-e6f939b3.wp-block-uagb-image--layout-overlay .wp-block-uagb-image--layout-overlay__color-wrapper{opacity: 0.2;}.uagb-block-e6f939b3.wp-block-uagb-image--layout-overlay .wp-block-uagb-image--layout-overlay__inner{left: 15px;right: 15px;top: 15px;bottom: 15px;}.uagb-block-e6f939b3.wp-block-uagb-image--layout-overlay .wp-block-uagb-image--layout-overlay__inner .uagb-image-heading{font-style: normal;color: #fff;opacity: 1;}.uagb-block-e6f939b3.wp-block-uagb-image--layout-overlay .wp-block-uagb-image--layout-overlay__inner .uagb-image-heading a{color: #fff;}.uagb-block-e6f939b3.wp-block-uagb-image--layout-overlay .wp-block-uagb-image--layout-overlay__inner .uagb-image-caption{opacity: 0;}.uagb-block-e6f939b3.wp-block-uagb-image--layout-overlay .wp-block-uagb-image__figure:hover .wp-block-uagb-image--layout-overlay__color-wrapper{opacity: 1;}.uagb-block-e6f939b3.wp-block-uagb-image .wp-block-uagb-image--layout-overlay__inner .uagb-image-separator{width: 30%;border-top-width: 2px;border-top-color: #fff;opacity: 0;}.uagb-block-e6f939b3.wp-block-uagb-image .wp-block-uagb-image__figure img{width: px;height: auto;}.uagb-block-e6f939b3.wp-block-uagb-image .wp-block-uagb-image__figure:hover .wp-block-uagb-image--layout-overlay__inner .uagb-image-caption{opacity: 1;}.uagb-block-e6f939b3.wp-block-uagb-image .wp-block-uagb-image__figure:hover .wp-block-uagb-image--layout-overlay__inner .uagb-image-separator{opacity: 1;}.uagb-block-e6f939b3.wp-block-uagb-image--layout-default figure:hover img{box-shadow: 0px 0px 0 #00000070;}.uagb-block-e6f939b3.wp-block-uagb-image--layout-overlay figure:hover img{box-shadow: 0px 0px 0 #00000070;}@media only screen and (max-width: 976px) {.uagb-block-e6f939b3.wp-block-uagb-image .wp-block-uagb-image__figure img{width: px;height: auto;}}@media only screen and (max-width: 767px) {.uagb-block-e6f939b3.wp-block-uagb-image .wp-block-uagb-image__figure img{width: px;height: auto;}}\";s:2:\"js\";s:0:\"\";s:18:\"current_block_list\";a:13:{i:0;s:11:\"core\/search\";i:1;s:10:\"core\/group\";i:2;s:12:\"core\/heading\";i:3;s:17:\"core\/latest-posts\";i:4;s:20:\"core\/latest-comments\";i:5;s:13:\"core\/archives\";i:6;s:15:\"core\/categories\";i:7;s:14:\"core\/paragraph\";i:8;s:10:\"uagb\/image\";i:9;s:11:\"core\/spacer\";i:10;s:30:\"woocommerce\/product-categories\";i:11;s:10:\"core\/image\";i:12;s:14:\"core\/shortcode\";}s:8:\"uag_flag\";b:1;s:11:\"uag_version\";s:10:\"1777075711\";s:6:\"gfonts\";a:0:{}s:10:\"gfonts_url\";s:0:\"\";s:12:\"gfonts_files\";a:0:{}s:14:\"uag_faq_layout\";b:0;}"]},"uagb_featured_image_src":{"full":["https:\/\/www.ferberpainting.com\/wp-content\/uploads\/2025\/05\/Shower-and-Bathroom-Water-Repellent-5L-.png",2560,2560,false],"thumbnail":["https:\/\/www.ferberpainting.com\/wp-content\/uploads\/2025\/05\/Shower-and-Bathroom-Water-Repellent-5L--150x150.png",150,150,true],"medium":["https:\/\/www.ferberpainting.com\/wp-content\/uploads\/2025\/05\/Shower-and-Bathroom-Water-Repellent-5L--300x300.png",300,300,true],"medium_large":["https:\/\/www.ferberpainting.com\/wp-content\/uploads\/2025\/05\/Shower-and-Bathroom-Water-Repellent-5L--768x768.png",768,768,true],"large":["https:\/\/www.ferberpainting.com\/wp-content\/uploads\/2025\/05\/Shower-and-Bathroom-Water-Repellent-5L--1024x1024.png",1024,1024,true],"1536x1536":["https:\/\/www.ferberpainting.com\/wp-content\/uploads\/2025\/05\/Shower-and-Bathroom-Water-Repellent-5L--1536x1536.png",1536,1536,true],"2048x2048":["https:\/\/www.ferberpainting.com\/wp-content\/uploads\/2025\/05\/Shower-and-Bathroom-Water-Repellent-5L--2048x2048.png",2048,2048,true],"trp-custom-language-flag":["https:\/\/www.ferberpainting.com\/wp-content\/uploads\/2025\/05\/Shower-and-Bathroom-Water-Repellent-5L--12x12.png",12,12,true],"woocommerce_thumbnail":["https:\/\/www.ferberpainting.com\/wp-content\/uploads\/2025\/05\/Shower-and-Bathroom-Water-Repellent-5L--300x300.png",300,300,true],"woocommerce_single":["https:\/\/www.ferberpainting.com\/wp-content\/uploads\/2025\/05\/Shower-and-Bathroom-Water-Repellent-5L--600x600.png",600,600,true],"woocommerce_gallery_thumbnail":["https:\/\/www.ferberpainting.com\/wp-content\/uploads\/2025\/05\/Shower-and-Bathroom-Water-Repellent-5L--100x100.png",100,100,true]},"uagb_author_info":{"display_name":"admin","author_link":"https:\/\/www.ferberpainting.com\/sk\/author\/"},"uagb_comment_info":11,"uagb_excerpt":"Long-lasting protection against humidity.\u00a0The bathroom and shower waterproofer is specially formulated to provide optimal protection against humidity, mold, and water splashes. Its application creates an invisible yet highly effective barrier on surfaces, preventing water from penetrating the materials while allowing the surface to breathe. This product effectively protects your walls, floors, and joints in constantly&hellip;","_links":{"self":[{"href":"https:\/\/www.ferberpainting.com\/sk\/wp-json\/wp\/v2\/product\/25296","targetHints":{"allow":["GET"]}}],"collection":[{"href":"https:\/\/www.ferberpainting.com\/sk\/wp-json\/wp\/v2\/product"}],"about":[{"href":"https:\/\/www.ferberpainting.com\/sk\/wp-json\/wp\/v2\/types\/product"}],"replies":[{"embeddable":true,"href":"https:\/\/www.ferberpainting.com\/sk\/wp-json\/wp\/v2\/comments?post=25296"}],"version-history":[{"count":4,"href":"https:\/\/www.ferberpainting.com\/sk\/wp-json\/wp\/v2\/product\/25296\/revisions"}],"predecessor-version":[{"id":167282,"href":"https:\/\/www.ferberpainting.com\/sk\/wp-json\/wp\/v2\/product\/25296\/revisions\/167282"}],"wp:featuredmedia":[{"embeddable":true,"href":"https:\/\/www.ferberpainting.com\/sk\/wp-json\/wp\/v2\/media\/35973"}],"wp:attachment":[{"href":"https:\/\/www.ferberpainting.com\/sk\/wp-json\/wp\/v2\/media?parent=25296"}],"wp:term":[{"taxonomy":"product_brand","embeddable":true,"href":"https:\/\/www.ferberpainting.com\/sk\/wp-json\/wp\/v2\/product_brand?post=25296"},{"taxonomy":"product_cat","embeddable":true,"href":"https:\/\/www.ferberpainting.com\/sk\/wp-json\/wp\/v2\/product_cat?post=25296"},{"taxonomy":"product_tag","embeddable":true,"href":"https:\/\/www.ferberpainting.com\/sk\/wp-json\/wp\/v2\/product_tag?post=25296"}],"curies":[{"name":"wp","href":"https:\/\/api.w.org\/{rel}","templated":true}]}}