{"id":25293,"date":"2025-05-26T10:30:29","date_gmt":"2025-05-26T08:30:29","guid":{"rendered":"https:\/\/www.ferberpainting.com\/products\/shower-and-bathroom-unblocker\/"},"modified":"2026-02-16T10:41:15","modified_gmt":"2026-02-16T09:41:15","slug":"shower-and-bathroom-unblocker","status":"publish","type":"product","link":"https:\/\/www.ferberpainting.com\/sk\/products\/shower-and-bathroom-unblocker\/","title":{"rendered":"\u010cisti\u010d odtokov \u2013 sprcha a va\u0148a"},"content":{"rendered":"<p><strong><img decoding=\"async\" style=\"margin-right: 12px;\" src=\"https:\/\/www.ferberpainting.com\/wp-content\/uploads\/2026\/02\/Check.svg\" alt=\"\" width=\"18\" height=\"15\" \/>R\u00fdchle a \u00fa\u010dinn\u00e9 odstra\u0148ovanie upch\u00e1vok.<\/strong>\u00a0Tento pr\u00edpravok na odblokovanie sprchy a vane je \u0161peci\u00e1lne vyvinut\u00fd na rozp\u00fa\u0161\u0165anie upch\u00e1vok sp\u00f4soben\u00fdch vlasmi, zvy\u0161kami mydla, telesn\u00fdm tukom a in\u00fdmi ne\u010distotami, ktor\u00e9 sa hromadia v potrub\u00ed. P\u00f4sob\u00ed hlboko, aby obnovil plynul\u00fd prietok vody a zabr\u00e1nil stagn\u00e1cii vody, ktor\u00e1 sp\u00f4sobuje nepr\u00edjemn\u00fd z\u00e1pach a znepr\u00edjem\u0148uje pou\u017e\u00edvanie sprchy alebo vane.<\/p>\n<p><strong><img decoding=\"async\" style=\"margin-right: 12px;\" src=\"https:\/\/www.ferberpainting.com\/wp-content\/uploads\/2026\/02\/Check.svg\" alt=\"\" width=\"18\" height=\"15\" \/>Z\u00e1ruka vr\u00e1tenia pe\u0148az\u00ed.<\/strong>\u00a0M\u00e1me \u00fapln\u00fa d\u00f4veru v \u00fa\u010dinnos\u0165 n\u00e1\u0161ho pr\u00edpravku na odblokovanie sprchy a vane. Preto pon\u00fakame z\u00e1ruku vr\u00e1tenia pe\u0148az\u00ed. Ak v\u00fdrobok po spr\u00e1vnom pou\u017e\u00edvan\u00ed pod\u013ea odpor\u00fa\u010dania nevyrie\u0161i v\u00e1\u0161 probl\u00e9m, m\u00e1te mo\u017enos\u0165 po\u017eiada\u0165 o vr\u00e1tenie pe\u0148az\u00ed bez ak\u00fdchko\u013evek podmienok, \u010d\u00edm si zaist\u00edte bezpe\u010dn\u00fd a bezrizikov\u00fd n\u00e1kup.<\/p>\n<p><strong><img decoding=\"async\" style=\"margin-right: 12px;\" src=\"https:\/\/www.ferberpainting.com\/wp-content\/uploads\/2026\/02\/Check.svg\" alt=\"\" width=\"18\" height=\"15\" \/>Kompatibilita s r\u00f4znymi typmi potrub\u00ed a materi\u00e1lmi.<\/strong>\u00a0Tento odblokova\u010d je vhodn\u00fd pre PVC, liatinov\u00e9, meden\u00e9, nerezov\u00e9 a bet\u00f3nov\u00e9 potrubia, tak\u017ee ho mo\u017eno pou\u017ei\u0165 vo v\u00e4\u010d\u0161ine modern\u00fdch aj star\u0161\u00edch vodovodn\u00fdch syst\u00e9mov. Pri odpor\u00fa\u010danom pou\u017eit\u00ed je bezpe\u010dn\u00fd aj pre septiky, \u010d\u00edm zabezpe\u010duje \u00fa\u010dinn\u00e9 odv\u00e1dzanie vody bez naru\u0161enia biologickej rovnov\u00e1hy v\u00e1\u0161ho syst\u00e9mu odpadov\u00fdch v\u00f4d.<\/p>\n<p><strong><img decoding=\"async\" style=\"margin-right: 12px;\" src=\"https:\/\/www.ferberpainting.com\/wp-content\/uploads\/2026\/02\/Check.svg\" alt=\"\" width=\"18\" height=\"15\" \/>N\u00e1kladovo efekt\u00edvne a optimalizovan\u00e9 d\u00e1vkovanie.<\/strong>\u00a0V\u010faka koncentrovan\u00e9mu zlo\u017eeniu dok\u00e1\u017ee 1 liter v\u00fdrobku o\u0161etri\u0165 a\u017e 4 upch\u00e1vky, \u010do predstavuje ekonomick\u00e9 rie\u0161enie na dlhodob\u00fa \u00fadr\u017ebu potrubia. T\u00fdm, \u017ee zni\u017euje potrebu \u010dast\u00fdch a n\u00e1kladn\u00fdch z\u00e1sahov, je tento odblokovac\u00ed prostriedok ide\u00e1lnou alternat\u00edvou zlo\u017eit\u00fdch mechanick\u00fdch z\u00e1sahov.<\/p>\n<p><strong><img decoding=\"async\" style=\"margin-right: 12px;\" src=\"https:\/\/www.ferberpainting.com\/wp-content\/uploads\/2026\/02\/Check.svg\" alt=\"\" width=\"18\" height=\"15\" \/>Bezpe\u010dn\u00fd a nekoroz\u00edvny v\u00fdrobok na potrubia.<\/strong>\u00a0Na rozdiel od odblokova\u010dov obsahuj\u00facich s\u00f3du alebo kyselinu s\u00edrov\u00fa, ktor\u00e9 m\u00f4\u017eu po\u0161kodi\u0165 potrubie, tento odblokova\u010d nemen\u00ed povrch ani nesp\u00f4sobuje pred\u010dasn\u00e9 opotrebovanie. Je dokonale bezpe\u010dn\u00fd pre vodovodn\u00e9 in\u0161tal\u00e1cie a z\u00e1rove\u0148 zaru\u010duje maxim\u00e1lnu \u00fa\u010dinnos\u0165 proti odoln\u00fdm upch\u00e1vkam.<\/p>\n<p><strong><img decoding=\"async\" style=\"margin-right: 12px;\" src=\"https:\/\/www.ferberpainting.com\/wp-content\/uploads\/2026\/02\/Check.svg\" alt=\"\" width=\"18\" height=\"15\" \/>Jednoduch\u00e9 pou\u017e\u00edvanie a r\u00fdchly \u00fa\u010dinok.<\/strong>\u00a0Tento odblokova\u010d je pripraven\u00fd na pou\u017eitie a nevy\u017eaduje si \u017eiadnu predch\u00e1dzaj\u00facu manipul\u00e1ciu. Jednoducho ho nalejte priamo do upchat\u00e9ho odtoku a nechajte ho nieko\u013eko min\u00fat p\u00f4sobi\u0165 pred d\u00f4kladn\u00fdm prepl\u00e1chnut\u00edm. Jeho mimoriadne r\u00fdchly \u00fa\u010dinok umo\u017e\u0148uje \u00fa\u010dinn\u00e9 odblokovanie u\u017e za 15 a\u017e 30 min\u00fat, \u010d\u00edm sa vyhnete zd\u013ahav\u00fdm a nepr\u00edjemn\u00fdm oprav\u00e1m.<\/p>\n<p><strong><img decoding=\"async\" style=\"margin-right: 12px;\" src=\"https:\/\/www.ferberpainting.com\/wp-content\/uploads\/2026\/02\/Check.svg\" alt=\"\" width=\"18\" height=\"15\" \/>Dlhotrvaj\u00faci \u00fa\u010dinok a prevencia bud\u00facich upchat\u00ed.<\/strong>\u00a0Okrem toho, \u017ee tento v\u00fdrobok \u00fa\u010dinne uvo\u013e\u0148uje potrubia, zabra\u0148uje aj hromadeniu usaden\u00edn t\u00fdm, \u017ee postupne rozp\u00fa\u0161\u0165a nahromaden\u00e9 zvy\u0161ky. Pravideln\u00e9 pou\u017e\u00edvanie pom\u00e1ha zni\u017eova\u0165 v\u00fdskyt nov\u00fdch upchat\u00ed a zabezpe\u010duje optim\u00e1lny odtok vody, \u010d\u00edm predch\u00e1dza dlhodob\u00fdm nepr\u00edjemnostiam.<\/p>\n<p><strong><img decoding=\"async\" style=\"margin-right: 12px;\" src=\"https:\/\/www.ferberpainting.com\/wp-content\/uploads\/2026\/02\/Check.svg\" alt=\"\" width=\"18\" height=\"15\" \/>Okam\u017eit\u00e9 opatrenia na obnovenie pohodlia.<\/strong>\u00a0Po aplik\u00e1cii za\u010dne tento odblokovac\u00ed prostriedok rozp\u00fa\u0161\u0165a\u0165 usadeniny, ktor\u00e9 s\u00fa pr\u00ed\u010dinou upchatia. Po jednoduchom opl\u00e1chnut\u00ed voda op\u00e4\u0165 vo\u013ene te\u010die, \u010do zaru\u010duje sprchovanie alebo k\u00fape\u013e bez stagn\u00e1cie alebo nepr\u00edjemn\u00e9ho z\u00e1pachu.<\/p>\n<h2><strong>Protokol o pou\u017e\u00edvan\u00ed<\/strong><\/h2>\n<ul>\n<li><strong>Pr\u00edprava potrubia <\/strong>: Pred aplik\u00e1ciou sa uistite, \u017ee stojat\u00e1 voda je \u010do najviac obmedzen\u00e1, aby sa maximalizovala \u00fa\u010dinnos\u0165 pr\u00edpravku. V pr\u00edpade potreby ru\u010dne odstr\u00e1\u0148te vidite\u013en\u00e9 chum\u00e1\u010de vlasov, aby ste zv\u00fd\u0161ili \u00fa\u010dinok odblokova\u010da.<\/li>\n<li><strong>Odpor\u00fa\u010dan\u00e9 d\u00e1vkovanie <\/strong>: Nalejte 250 ml pr\u00edpravku priamo do upchat\u00e9ho odtoku na o\u0161etrenie jedn\u00e9ho upchatia. 1 liter dok\u00e1\u017ee o\u0161etri\u0165 a\u017e 4 upchatia. V pr\u00edpade silnej\u0161\u00edch upchat\u00ed m\u00f4\u017ee by\u0165 po prvom o\u0161etren\u00ed potrebn\u00e1 druh\u00e1 aplik\u00e1cia.<\/li>\n<li><strong>Pou\u017eitie odblokova\u010da <\/strong>: V\u00fdrobok pomaly nalejte do odtoku a zabr\u00e1\u0148te okam\u017eit\u00e9mu toku vody.<\/li>\n<li><strong>\u010cas akcie <\/strong>: Nechajte p\u00f4sobi\u0165 15 a\u017e 30 min\u00fat v z\u00e1vislosti od z\u00e1va\u017enosti upchatia. Pri obzvl\u00e1\u0161\u0165 odoln\u00fdch upch\u00e1vkach ho pred opl\u00e1chnut\u00edm nechajte odpo\u010d\u00edva\u0165 a\u017e 1 hodinu.<\/li>\n<li><strong>Oplachovanie a kontrola prietoku <\/strong>: Po uplynut\u00ed \u010dakacej doby d\u00f4kladne opl\u00e1chnite hor\u00facou vodou, aby ste odstr\u00e1nili rozpusten\u00e9 zvy\u0161ky a zabezpe\u010dili optim\u00e1lny prietok vody. V pr\u00edpade potreby proces opakujte pri pretrv\u00e1vaj\u00facich upch\u00e1vkach.<\/li>\n<li><strong>Prevent\u00edvna \u00fadr\u017eba <\/strong>: Aby ste zabr\u00e1nili vzniku nov\u00fdch upch\u00e1vok, pou\u017e\u00edvajte mal\u00e9 mno\u017estvo pr\u00edpravku raz za mesiac na postupn\u00e9 rozp\u00fa\u0161\u0165anie usaden\u00edn a udr\u017eiavanie spr\u00e1vnej funkcie potrubia.<\/li>\n<li><strong>Bezpe\u010dnostn\u00e9 opatrenia pri pou\u017e\u00edvan\u00ed <\/strong>: Nemie\u0161ajte s in\u00fdmi chemick\u00fdmi v\u00fdrobkami, najm\u00e4 s odblokovac\u00edmi prostriedkami obsahuj\u00facimi s\u00f3du alebo kyselinu s\u00edrov\u00fa. Zabr\u00e1\u0148te kontaktu s poko\u017ekou a o\u010dami. V pr\u00edpade n\u00e1hodn\u00e9ho kontaktu okam\u017eite opl\u00e1chnite \u010distou vodou a v pr\u00edpade potreby vyh\u013eadajte lek\u00e1ra.<\/li>\n<li><strong>Skladovanie a uchov\u00e1vanie <\/strong>: V\u00fdrobok skladujte na suchom, chladnom mieste, mimo dosahu svetla a det\u00ed. Po pou\u017eit\u00ed f\u013ea\u0161u pevne uzavrite, aby sa zabr\u00e1nilo odparovaniu alebo zmene roztoku.<\/li>\n<\/ul>\n<p>Pomocou tohto odblokova\u010da sprchy a vane r\u00fdchlo a \u00fa\u010dinne odstr\u00e1nite upchatie a z\u00e1rove\u0148 zabezpe\u010d\u00edte optim\u00e1lnu \u00fadr\u017ebu svojich vodovodn\u00fdch zariaden\u00ed. Vychutnajte si trval\u00fd komfort v\u010faka zachovaniu plynul\u00e9ho prietoku vody a predch\u00e1dzaniu probl\u00e9mom s upch\u00e1van\u00edm.<\/p>","protected":false},"excerpt":{"rendered":"<p>Fast and Effective Removal of Clogs.\u00a0This shower and bathtub unblocker is specially formulated to dissolve clogs caused by hair, soap residue, body grease, and other impurities that accumulate in pipes. It works deep down to restore smooth water flow and prevent stagnant water, which causes bad odors and makes using your shower or bathtub uncomfortable. [&hellip;]<\/p>\n","protected":false},"featured_media":27171,"comment_status":"open","ping_status":"closed","template":"","meta":{"_uag_custom_page_level_css":"","site-sidebar-layout":"default","site-content-layout":"","ast-site-content-layout":"default","site-content-style":"default","site-sidebar-style":"default","ast-global-header-display":"","ast-banner-title-visibility":"","ast-main-header-display":"","ast-hfb-above-header-display":"","ast-hfb-below-header-display":"","ast-hfb-mobile-header-display":"","site-post-title":"","ast-breadcrumbs-content":"","ast-featured-img":"","footer-sml-layout":"","ast-disable-related-posts":"","theme-transparent-header-meta":"default","adv-header-id-meta":"","stick-header-meta":"","header-above-stick-meta":"","header-main-stick-meta":"","header-below-stick-meta":"","astra-migrate-meta-layouts":"set","ast-page-background-enabled":"default","ast-page-background-meta":{"desktop":{"background-color":"var(--ast-global-color-4)","background-image":"","background-repeat":"repeat","background-position":"center center","background-size":"auto","background-attachment":"scroll","background-type":"","background-media":"","overlay-type":"","overlay-color":"","overlay-opacity":"","overlay-gradient":""},"tablet":{"background-color":"","background-image":"","background-repeat":"repeat","background-position":"center center","background-size":"auto","background-attachment":"scroll","background-type":"","background-media":"","overlay-type":"","overlay-color":"","overlay-opacity":"","overlay-gradient":""},"mobile":{"background-color":"","background-image":"","background-repeat":"repeat","background-position":"center center","background-size":"auto","background-attachment":"scroll","background-type":"","background-media":"","overlay-type":"","overlay-color":"","overlay-opacity":"","overlay-gradient":""}},"ast-content-background-meta":{"desktop":{"background-color":"var(--ast-global-color-5)","background-image":"","background-repeat":"repeat","background-position":"center center","background-size":"auto","background-attachment":"scroll","background-type":"","background-media":"","overlay-type":"","overlay-color":"","overlay-opacity":"","overlay-gradient":""},"tablet":{"background-color":"var(--ast-global-color-5)","background-image":"","background-repeat":"repeat","background-position":"center center","background-size":"auto","background-attachment":"scroll","background-type":"","background-media":"","overlay-type":"","overlay-color":"","overlay-opacity":"","overlay-gradient":""},"mobile":{"background-color":"var(--ast-global-color-5)","background-image":"","background-repeat":"repeat","background-position":"center center","background-size":"auto","background-attachment":"scroll","background-type":"","background-media":"","overlay-type":"","overlay-color":"","overlay-opacity":"","overlay-gradient":""}}},"product_brand":[],"product_cat":[175],"product_tag":[],"class_list":{"0":"post-25293","1":"product","2":"type-product","3":"status-publish","4":"has-post-thumbnail","6":"product_cat-cleaning-products","7":"desktop-align-left","8":"tablet-align-left","9":"mobile-align-left","11":"first","12":"instock","13":"sale","14":"taxable","15":"shipping-taxable","16":"purchasable","17":"product-type-variable","18":"has-default-attributes"},"spectra_custom_meta":{"_visibility":["visible"],"_shopify_product_id":["9062225674485"],"_s2w_shopify_domain":["ferberpainting.myshopify.com"],"_shopify_variant_id":["46488080285941"],"_sku":[""],"_manage_stock":["no"],"total_sales":["6"],"_tax_status":["taxable"],"_tax_class":[""],"_backorders":["no"],"_sold_individually":["no"],"_virtual":["no"],"_downloadable":["no"],"_download_limit":["-1"],"_download_expiry":["-1"],"_stock":[null],"_stock_status":["instock"],"_wc_average_rating":["4.57"],"_wc_review_count":["7"],"_product_attributes":["a:1:{s:6:\"volume\";a:6:{s:4:\"name\";s:6:\"Volume\";s:5:\"value\";s:20:\"5 liters | 25 liters\";s:8:\"position\";i:1;s:10:\"is_visible\";i:0;s:12:\"is_variation\";i:1;s:11:\"is_taxonomy\";i:0;}}"],"_product_version":["10.5.1"],"_thumbnail_id":["27171"],"_product_image_gallery":["27172"],"wpse_downloadable_file_names":[""],"wpse_downloadable_file_urls":[""],"_edit_last":["1"],"_default_attributes":["a:1:{s:6:\"volume\";s:8:\"5 liters\";}"],"_edit_lock":["1771234739:1"],"merchant-center-availability":["yes"],"merchant-center-category":["1749"],"_price":["29.90","129.90"],"_wp_page_template":["default"],"site-sidebar-layout":["default"],"ast-site-content-layout":["default"],"site-content-style":["default"],"site-sidebar-style":["default"],"theme-transparent-header-meta":["default"],"_wc_rating_count":["a:2:{i:4;i:3;i:5;i:4;}"],"astra-migrate-meta-layouts":["set"],"_uag_css_file_name":["uag-css-25293.css"],"_elementor_page_assets":["a:0:{}"],"_uag_page_assets":["a:9:{s:3:\"css\";s:7133:\".uag-blocks-common-selector{z-index:var(--z-index-desktop) !important}@media(max-width: 976px){.uag-blocks-common-selector{z-index:var(--z-index-tablet) !important}}@media(max-width: 767px){.uag-blocks-common-selector{z-index:var(--z-index-mobile) !important}}.wp-block-uagb-image{display:flex}.wp-block-uagb-image__figure{position:relative;display:flex;flex-direction:column;max-width:100%;height:auto;margin:0}.wp-block-uagb-image__figure img{height:auto;display:flex;max-width:100%;transition:box-shadow .2s ease}.wp-block-uagb-image__figure>a{display:inline-block}.wp-block-uagb-image__figure figcaption{text-align:center;margin-top:.5em;margin-bottom:1em}.wp-block-uagb-image .components-placeholder.block-editor-media-placeholder .components-placeholder__instructions{align-self:center}.wp-block-uagb-image--align-left{text-align:left}.wp-block-uagb-image--align-right{text-align:right}.wp-block-uagb-image--align-center{text-align:center}.wp-block-uagb-image--align-full .wp-block-uagb-image__figure{margin-left:calc(50% - 50vw);margin-right:calc(50% - 50vw);max-width:100vw;width:100vw;height:auto}.wp-block-uagb-image--align-full .wp-block-uagb-image__figure img{height:auto;width:100% !important}.wp-block-uagb-image--align-wide .wp-block-uagb-image__figure img{height:auto;width:100%}.wp-block-uagb-image--layout-overlay__color-wrapper{position:absolute;left:0;top:0;right:0;bottom:0;opacity:.2;background:rgba(0,0,0,.5);transition:opacity .35s ease-in-out}.wp-block-uagb-image--layout-overlay-link{position:absolute;left:0;right:0;bottom:0;top:0}.wp-block-uagb-image--layout-overlay .wp-block-uagb-image__figure:hover .wp-block-uagb-image--layout-overlay__color-wrapper{opacity:1}.wp-block-uagb-image--layout-overlay__inner{position:absolute;left:15px;right:15px;bottom:15px;top:15px;display:flex;align-items:center;justify-content:center;flex-direction:column;border-color:#fff;transition:.35s ease-in-out}.wp-block-uagb-image--layout-overlay__inner.top-left,.wp-block-uagb-image--layout-overlay__inner.top-center,.wp-block-uagb-image--layout-overlay__inner.top-right{justify-content:flex-start}.wp-block-uagb-image--layout-overlay__inner.bottom-left,.wp-block-uagb-image--layout-overlay__inner.bottom-center,.wp-block-uagb-image--layout-overlay__inner.bottom-right{justify-content:flex-end}.wp-block-uagb-image--layout-overlay__inner.top-left,.wp-block-uagb-image--layout-overlay__inner.center-left,.wp-block-uagb-image--layout-overlay__inner.bottom-left{align-items:flex-start}.wp-block-uagb-image--layout-overlay__inner.top-right,.wp-block-uagb-image--layout-overlay__inner.center-right,.wp-block-uagb-image--layout-overlay__inner.bottom-right{align-items:flex-end}.wp-block-uagb-image--layout-overlay__inner .uagb-image-heading{color:#fff;transition:transform .35s,opacity .35s ease-in-out;transform:translate3d(0, 24px, 0);margin:0;line-height:1em}.wp-block-uagb-image--layout-overlay__inner .uagb-image-separator{width:30%;border-top-width:2px;border-top-color:#fff;border-top-style:solid;margin-bottom:10px;opacity:0;transition:transform .4s,opacity .4s ease-in-out;transform:translate3d(0, 30px, 0)}.wp-block-uagb-image--layout-overlay__inner .uagb-image-caption{opacity:0;overflow:visible;color:#fff;transition:transform .45s,opacity .45s ease-in-out;transform:translate3d(0, 35px, 0)}.wp-block-uagb-image--layout-overlay__inner:hover .uagb-image-heading,.wp-block-uagb-image--layout-overlay__inner:hover .uagb-image-separator,.wp-block-uagb-image--layout-overlay__inner:hover .uagb-image-caption{opacity:1;transform:translate3d(0, 0, 0)}.wp-block-uagb-image--effect-zoomin .wp-block-uagb-image__figure img,.wp-block-uagb-image--effect-zoomin .wp-block-uagb-image__figure .wp-block-uagb-image--layout-overlay__color-wrapper{transform:scale(1);transition:transform .35s ease-in-out}.wp-block-uagb-image--effect-zoomin .wp-block-uagb-image__figure:hover img,.wp-block-uagb-image--effect-zoomin .wp-block-uagb-image__figure:hover .wp-block-uagb-image--layout-overlay__color-wrapper{transform:scale(1.05)}.wp-block-uagb-image--effect-slide .wp-block-uagb-image__figure img,.wp-block-uagb-image--effect-slide .wp-block-uagb-image__figure .wp-block-uagb-image--layout-overlay__color-wrapper{width:calc(100% + 40px) !important;max-width:none !important;transform:translate3d(-40px, 0, 0);transition:transform .35s ease-in-out}.wp-block-uagb-image--effect-slide .wp-block-uagb-image__figure:hover img,.wp-block-uagb-image--effect-slide .wp-block-uagb-image__figure:hover .wp-block-uagb-image--layout-overlay__color-wrapper{transform:translate3d(0, 0, 0)}.wp-block-uagb-image--effect-grayscale img{filter:grayscale(0%);transition:.35s ease-in-out}.wp-block-uagb-image--effect-grayscale:hover img{filter:grayscale(100%)}.wp-block-uagb-image--effect-blur img{filter:blur(0);transition:.35s ease-in-out}.wp-block-uagb-image--effect-blur:hover img{filter:blur(3px)}.uagb-block-e6f939b3.wp-block-uagb-image--layout-default figure img{box-shadow: 0px 0px 0 #00000070;}.uagb-block-e6f939b3.wp-block-uagb-image .wp-block-uagb-image__figure figcaption{font-style: normal;align-self: center;}.uagb-block-e6f939b3.wp-block-uagb-image--layout-overlay figure img{box-shadow: 0px 0px 0 #00000070;}.uagb-block-e6f939b3.wp-block-uagb-image--layout-overlay .wp-block-uagb-image--layout-overlay__color-wrapper{opacity: 0.2;}.uagb-block-e6f939b3.wp-block-uagb-image--layout-overlay .wp-block-uagb-image--layout-overlay__inner{left: 15px;right: 15px;top: 15px;bottom: 15px;}.uagb-block-e6f939b3.wp-block-uagb-image--layout-overlay .wp-block-uagb-image--layout-overlay__inner .uagb-image-heading{font-style: normal;color: #fff;opacity: 1;}.uagb-block-e6f939b3.wp-block-uagb-image--layout-overlay .wp-block-uagb-image--layout-overlay__inner .uagb-image-heading a{color: #fff;}.uagb-block-e6f939b3.wp-block-uagb-image--layout-overlay .wp-block-uagb-image--layout-overlay__inner .uagb-image-caption{opacity: 0;}.uagb-block-e6f939b3.wp-block-uagb-image--layout-overlay .wp-block-uagb-image__figure:hover .wp-block-uagb-image--layout-overlay__color-wrapper{opacity: 1;}.uagb-block-e6f939b3.wp-block-uagb-image .wp-block-uagb-image--layout-overlay__inner .uagb-image-separator{width: 30%;border-top-width: 2px;border-top-color: #fff;opacity: 0;}.uagb-block-e6f939b3.wp-block-uagb-image .wp-block-uagb-image__figure img{width: px;height: auto;}.uagb-block-e6f939b3.wp-block-uagb-image .wp-block-uagb-image__figure:hover .wp-block-uagb-image--layout-overlay__inner .uagb-image-caption{opacity: 1;}.uagb-block-e6f939b3.wp-block-uagb-image .wp-block-uagb-image__figure:hover .wp-block-uagb-image--layout-overlay__inner .uagb-image-separator{opacity: 1;}.uagb-block-e6f939b3.wp-block-uagb-image--layout-default figure:hover img{box-shadow: 0px 0px 0 #00000070;}.uagb-block-e6f939b3.wp-block-uagb-image--layout-overlay figure:hover img{box-shadow: 0px 0px 0 #00000070;}@media only screen and (max-width: 976px) {.uagb-block-e6f939b3.wp-block-uagb-image .wp-block-uagb-image__figure img{width: px;height: auto;}}@media only screen and (max-width: 767px) {.uagb-block-e6f939b3.wp-block-uagb-image .wp-block-uagb-image__figure img{width: px;height: auto;}}\";s:2:\"js\";s:0:\"\";s:18:\"current_block_list\";a:13:{i:0;s:11:\"core\/search\";i:1;s:10:\"core\/group\";i:2;s:12:\"core\/heading\";i:3;s:17:\"core\/latest-posts\";i:4;s:20:\"core\/latest-comments\";i:5;s:13:\"core\/archives\";i:6;s:15:\"core\/categories\";i:7;s:14:\"core\/paragraph\";i:8;s:10:\"uagb\/image\";i:9;s:11:\"core\/spacer\";i:10;s:30:\"woocommerce\/product-categories\";i:11;s:10:\"core\/image\";i:12;s:14:\"core\/shortcode\";}s:8:\"uag_flag\";b:1;s:11:\"uag_version\";s:10:\"1777229779\";s:6:\"gfonts\";a:0:{}s:10:\"gfonts_url\";s:0:\"\";s:12:\"gfonts_files\";a:0:{}s:14:\"uag_faq_layout\";b:0;}"]},"uagb_featured_image_src":{"full":["https:\/\/www.ferberpainting.com\/wp-content\/uploads\/2025\/05\/ShowerandBathroomUnblocker5L.png",2560,2560,false],"thumbnail":["https:\/\/www.ferberpainting.com\/wp-content\/uploads\/2025\/05\/ShowerandBathroomUnblocker5L-150x150.png",150,150,true],"medium":["https:\/\/www.ferberpainting.com\/wp-content\/uploads\/2025\/05\/ShowerandBathroomUnblocker5L-300x300.png",300,300,true],"medium_large":["https:\/\/www.ferberpainting.com\/wp-content\/uploads\/2025\/05\/ShowerandBathroomUnblocker5L-768x768.png",768,768,true],"large":["https:\/\/www.ferberpainting.com\/wp-content\/uploads\/2025\/05\/ShowerandBathroomUnblocker5L-1024x1024.png",1024,1024,true],"1536x1536":["https:\/\/www.ferberpainting.com\/wp-content\/uploads\/2025\/05\/ShowerandBathroomUnblocker5L-1536x1536.png",1536,1536,true],"2048x2048":["https:\/\/www.ferberpainting.com\/wp-content\/uploads\/2025\/05\/ShowerandBathroomUnblocker5L-2048x2048.png",2048,2048,true],"trp-custom-language-flag":["https:\/\/www.ferberpainting.com\/wp-content\/uploads\/2025\/05\/ShowerandBathroomUnblocker5L-12x12.png",12,12,true],"woocommerce_thumbnail":["https:\/\/www.ferberpainting.com\/wp-content\/uploads\/2025\/05\/ShowerandBathroomUnblocker5L-300x300.png",300,300,true],"woocommerce_single":["https:\/\/www.ferberpainting.com\/wp-content\/uploads\/2025\/05\/ShowerandBathroomUnblocker5L-600x600.png",600,600,true],"woocommerce_gallery_thumbnail":["https:\/\/www.ferberpainting.com\/wp-content\/uploads\/2025\/05\/ShowerandBathroomUnblocker5L-100x100.png",100,100,true]},"uagb_author_info":{"display_name":"admin","author_link":"https:\/\/www.ferberpainting.com\/sk\/author\/"},"uagb_comment_info":7,"uagb_excerpt":"Fast and Effective Removal of Clogs.\u00a0This shower and bathtub unblocker is specially formulated to dissolve clogs caused by hair, soap residue, body grease, and other impurities that accumulate in pipes. It works deep down to restore smooth water flow and prevent stagnant water, which causes bad odors and makes using your shower or bathtub uncomfortable.&hellip;","_links":{"self":[{"href":"https:\/\/www.ferberpainting.com\/sk\/wp-json\/wp\/v2\/product\/25293","targetHints":{"allow":["GET"]}}],"collection":[{"href":"https:\/\/www.ferberpainting.com\/sk\/wp-json\/wp\/v2\/product"}],"about":[{"href":"https:\/\/www.ferberpainting.com\/sk\/wp-json\/wp\/v2\/types\/product"}],"replies":[{"embeddable":true,"href":"https:\/\/www.ferberpainting.com\/sk\/wp-json\/wp\/v2\/comments?post=25293"}],"version-history":[{"count":4,"href":"https:\/\/www.ferberpainting.com\/sk\/wp-json\/wp\/v2\/product\/25293\/revisions"}],"predecessor-version":[{"id":167279,"href":"https:\/\/www.ferberpainting.com\/sk\/wp-json\/wp\/v2\/product\/25293\/revisions\/167279"}],"wp:featuredmedia":[{"embeddable":true,"href":"https:\/\/www.ferberpainting.com\/sk\/wp-json\/wp\/v2\/media\/27171"}],"wp:attachment":[{"href":"https:\/\/www.ferberpainting.com\/sk\/wp-json\/wp\/v2\/media?parent=25293"}],"wp:term":[{"taxonomy":"product_brand","embeddable":true,"href":"https:\/\/www.ferberpainting.com\/sk\/wp-json\/wp\/v2\/product_brand?post=25293"},{"taxonomy":"product_cat","embeddable":true,"href":"https:\/\/www.ferberpainting.com\/sk\/wp-json\/wp\/v2\/product_cat?post=25293"},{"taxonomy":"product_tag","embeddable":true,"href":"https:\/\/www.ferberpainting.com\/sk\/wp-json\/wp\/v2\/product_tag?post=25293"}],"curies":[{"name":"wp","href":"https:\/\/api.w.org\/{rel}","templated":true}]}}