{"id":25290,"date":"2025-06-30T21:30:42","date_gmt":"2025-06-30T19:30:42","guid":{"rendered":"https:\/\/www.ferberpainting.com\/?post_type=product&#038;p=25287"},"modified":"2026-02-16T10:38:42","modified_gmt":"2026-02-16T09:38:42","slug":"shower-and-bathroom-cleaner","status":"publish","type":"product","link":"https:\/\/www.ferberpainting.com\/sk\/products\/shower-and-bathroom-cleaner\/","title":{"rendered":"\u010cistiaci prostriedok na k\u00fape\u013e\u0148u a sprchu"},"content":{"rendered":"<p><strong><img decoding=\"async\" style=\"margin-right: 12px;\" src=\"https:\/\/www.ferberpainting.com\/wp-content\/uploads\/2026\/02\/Check.svg\" alt=\"\" width=\"18\" height=\"15\" \/>Optim\u00e1lna \u00fa\u010dinnos\u0165.<\/strong>\u00a0Tento \u010distiaci prostriedok do k\u00fape\u013ene a sprchy je \u0161peci\u00e1lne navrhnut\u00fd na odstr\u00e1nenie vodn\u00e9ho kame\u0148a, mydlov\u00fdch usaden\u00edn, zvy\u0161kov zubnej pasty, plesn\u00ed a v\u0161etk\u00fdch ne\u010dist\u00f4t, ktor\u00e9 sa \u010dasom nahromadia. Jeho \u00fa\u010dinn\u00e9 zlo\u017eenie okam\u017eite rozp\u00fa\u0161\u0165a ne\u010distoty a obnovuje p\u00f4vodn\u00fd lesk povrchov. Zaru\u010duje dokonal\u00fa \u010distotu a trval\u00fd lesk v jedinom kroku.<\/p>\n<p><strong><img decoding=\"async\" style=\"margin-right: 12px;\" src=\"https:\/\/www.ferberpainting.com\/wp-content\/uploads\/2026\/02\/Check.svg\" alt=\"\" width=\"18\" height=\"15\" \/>Z\u00e1ruka vr\u00e1tenia pe\u0148az\u00ed.<\/strong>\u00a0Sme si \u00faplne ist\u00ed \u00fa\u010dinnos\u0165ou n\u00e1\u0161ho \u010distiaceho prostriedku. Ak po pou\u017eit\u00ed nebudete s v\u00fdsledkami \u00faplne spokojn\u00ed, m\u00e1te n\u00e1rok na vr\u00e1tenie pe\u0148az\u00ed v plnej v\u00fd\u0161ke. Vysk\u00fa\u0161ajte ho bez rizika a obnovte svoju k\u00fape\u013e\u0148u do dokonal\u00e9ho lesku s \u013eahkos\u0165ou.<\/p>\n<p><strong><img decoding=\"async\" style=\"margin-right: 12px;\" src=\"https:\/\/www.ferberpainting.com\/wp-content\/uploads\/2026\/02\/Check.svg\" alt=\"\" width=\"18\" height=\"15\" \/>V\u00fdnimo\u010dn\u00e1 v\u0161estrannos\u0165.<\/strong>\u00a0Tento \u010distiaci prostriedok sa neobmedzuje len na steny sprchy! Je ide\u00e1lny aj na \u010distenie van\u00ed, um\u00fdvadiel, bat\u00e9ri\u00ed, \u0161k\u00e1r obklada\u010diek, um\u00fdvadiel, sprchov\u00fdch k\u00fatov, ako aj akryl\u00e1tov\u00fdch a keramick\u00fdch povrchov, sklenen\u00fdch panelov a zrkadiel. Funguje na keramiku, porcel\u00e1n, nehrdzavej\u00facu oce\u013e, sklo, plastov\u00e9 povrchy a dokonca aj na \u017eivicu. Zaru\u010duje \u00fa\u010dinn\u00e9 \u010distenie \u0161irokej \u0161k\u00e1ly materi\u00e1lov bez ich po\u0161kodenia alebo zmatnenia.<\/p>\n<p><strong><img decoding=\"async\" style=\"margin-right: 12px;\" src=\"https:\/\/www.ferberpainting.com\/wp-content\/uploads\/2026\/02\/Check.svg\" alt=\"\" width=\"18\" height=\"15\" \/>N\u00e1kladovo efekt\u00edvne.<\/strong>\u00a0Tento \u010distiaci prostriedok s 5-litrovou n\u00e1dobou a mimoriadne \u00fa\u010dinn\u00fdm zlo\u017een\u00edm poskytuje vynikaj\u00face pokrytie. Mal\u00e9 mno\u017estvo pr\u00edpravku sta\u010d\u00ed na vy\u010distenie ve\u013ek\u00fdch pl\u00f4ch bez plytvania. Jeden liter priemerne o\u0161etr\u00ed a\u017e 20 m\u00b2, \u010do z neho rob\u00ed ekonomick\u00e9 a dlhotrvaj\u00face rie\u0161enie na \u00fadr\u017ebu k\u00fape\u013en\u00ed a sprchovac\u00edch zariaden\u00ed.<\/p>\n<p><strong><img decoding=\"async\" style=\"margin-right: 12px;\" src=\"https:\/\/www.ferberpainting.com\/wp-content\/uploads\/2026\/02\/Check.svg\" alt=\"\" width=\"18\" height=\"15\" \/>Bezpe\u010dn\u00e9 pou\u017e\u00edvanie.<\/strong>\u00a0Na rozdiel od koroz\u00edvnych produktov obsahuj\u00facich agres\u00edvne l\u00e1tky je tento \u010distiaci prostriedok vyroben\u00fd z netoxick\u00fdch, zdravotne a environment\u00e1lne bezpe\u010dn\u00fdch zlo\u017eiek. Nevyp\u00fa\u0161\u0165a toxick\u00e9 v\u00fdpary, nedr\u00e1\u017edi poko\u017eku a nepo\u0161kodzuje o\u0161etrovan\u00e9 materi\u00e1ly. Je bezpe\u010dn\u00fd pre citliv\u00e9 povrchy, mo\u017eno ho pou\u017e\u00edva\u0165 v bl\u00edzkosti det\u00ed alebo dom\u00e1cich zvierat, \u010do zaru\u010duje bezpe\u010dn\u00e9 ka\u017edodenn\u00e9 pou\u017e\u00edvanie.<\/p>\n<p><strong><img decoding=\"async\" style=\"margin-right: 12px;\" src=\"https:\/\/www.ferberpainting.com\/wp-content\/uploads\/2026\/02\/Check.svg\" alt=\"\" width=\"18\" height=\"15\" \/>Jednoduchos\u0165 pou\u017e\u00edvania.<\/strong>\u00a0Tento \u010distiaci prostriedok je pripraven\u00fd na pou\u017eitie a nevy\u017eaduje si \u017eiadne riedenie ani zlo\u017eit\u00fa pr\u00edpravu. M\u00f4\u017ee sa aplikova\u0165 priamo handri\u010dkou, \u0161pongiou alebo rozpra\u0161ova\u010dom. Jeho r\u00fdchly \u00fa\u010dinok a intuit\u00edvne pou\u017eitie zabezpe\u010duj\u00fa \u00fa\u010dinn\u00e9 \u010distenie s minim\u00e1lnym \u00fasil\u00edm, v\u010faka \u010domu je \u00fadr\u017eba k\u00fape\u013ene jednoduch\u0161ia a pr\u00edjemnej\u0161ia.<\/p>\n<p><strong><img decoding=\"async\" style=\"margin-right: 12px;\" src=\"https:\/\/www.ferberpainting.com\/wp-content\/uploads\/2026\/02\/Check.svg\" alt=\"\" width=\"18\" height=\"15\" \/>Zv\u00fd\u0161en\u00e1 odolnos\u0165.<\/strong>\u00a0Tento \u010distiaci prostriedok odstra\u0148uje usadeniny vodn\u00e9ho kame\u0148a a spoma\u013euje ich op\u00e4tovn\u00fd vznik, \u010d\u00edm predl\u017euje \u017eivotnos\u0165 k\u00fape\u013e\u0148ov\u00fdch a sprchov\u00fdch armat\u00far. Pom\u00e1ha zachova\u0165 lesk sklenen\u00fdch a nerezov\u00fdch povrchov t\u00fdm, \u017ee zabra\u0148uje usadzovaniu miner\u00e1lnych zvy\u0161kov. Pravideln\u00e9 pou\u017e\u00edvanie zabezpe\u010duje leskl\u00e9 povrchy a lep\u0161iu odolnos\u0165 vo\u010di vonkaj\u0161\u00edm vplyvom, ako je vlhkos\u0165 a kozmetick\u00e9 pr\u00edpravky.<\/p>\n<p><strong><img decoding=\"async\" style=\"margin-right: 12px;\" src=\"https:\/\/www.ferberpainting.com\/wp-content\/uploads\/2026\/02\/Check.svg\" alt=\"\" width=\"18\" height=\"15\" \/>R\u00fdchla akcia.<\/strong>\u00a0V\u010faka vysoko akt\u00edvnemu zlo\u017eeniu tento \u010distiaci prostriedok okam\u017eite p\u00f4sob\u00ed na ne\u010distoty a usadeniny vodn\u00e9ho kame\u0148a. V priebehu nieko\u013ek\u00fdch sek\u00fand rozp\u00fa\u0161\u0165a ne\u010distoty a umo\u017e\u0148uje ich \u013eahk\u00e9 zotretie bez siln\u00e9ho drhnutia. Za minim\u00e1lny \u010das zabezpe\u010d\u00ed \u010dist\u00fa a hygienick\u00fa k\u00fape\u013e\u0148u, \u010do je ide\u00e1lne na r\u00fdchlu a efekt\u00edvnu \u00fadr\u017ebu.<\/p>\n<h2><strong>Pokyny na pou\u017e\u00edvanie<\/strong><\/h2>\n<ul>\n<li><strong>Pr\u00edprava <\/strong>: Pred nanesen\u00edm v\u00fdrobku sa uistite, \u017ee je povrch such\u00fd alebo mierne vlhk\u00fd. Odstr\u00e1\u0148te v\u0161etky predmety, ktor\u00e9 by mohli pr\u00eds\u0165 do kontaktu s \u010distiacim prostriedkom, aby ste zabezpe\u010dili optim\u00e1lne \u010distenie.<\/li>\n<li><strong>Manu\u00e1lna aplik\u00e1cia <\/strong>: Nalejte mal\u00e9 mno\u017estvo \u010distiaceho prostriedku na \u0161pongiu, \u010dist\u00fa handri\u010dku alebo m\u00e4kk\u00fa kefu, potom ho rovnomerne naneste na povrch a na silne zne\u010disten\u00fdch miestach ho viac vydrhnite.<\/li>\n<li><strong>Pou\u017eitie na sklenen\u00fdch paneloch a zrkadl\u00e1ch <\/strong>: Nastriekajte v\u00fdrobok priamo na povrch a utrite ho handri\u010dkou z mikrovl\u00e1kna, aby ste zabr\u00e1nili vzniku \u0161m\u00fah.<\/li>\n<li><strong>\u010cistenie a akcia <\/strong>: Nechajte p\u00f4sobi\u0165 2 a\u017e 5 min\u00fat, aby \u010distiaci prostriedok rozpustil mydlov\u00e9 usadeniny a vodn\u00fd kame\u0148. Odoln\u00fa \u0161pinu jemne vydrhnite \u0161pongiou alebo m\u00e4kkou kefou.<\/li>\n<li><strong>Oplachovanie <\/strong>: D\u00f4kladne opl\u00e1chnite \u010distou vodou, aby ste odstr\u00e1nili v\u0161etky zvy\u0161ky v\u00fdrobku a zaistili \u010dist\u00fd a leskl\u00fd povrch.<\/li>\n<li><strong>Su\u0161enie a kone\u010dn\u00e1 \u00faprava <\/strong>: Utrite \u010distou handri\u010dkou alebo stierkou, aby ste zabr\u00e1nili vzniku \u0161m\u00fah na zrkadl\u00e1ch a bat\u00e9ri\u00e1ch.<\/li>\n<li><strong>Frekvencia pou\u017e\u00edvania <\/strong>: Aplikujte raz alebo dvakr\u00e1t t\u00fd\u017edenne na udr\u017eanie \u010distej k\u00fape\u013ene bez vodn\u00e9ho kame\u0148a. Na pravideln\u00fa \u00fadr\u017ebu pou\u017e\u00edvajte po ka\u017edom sprchovan\u00ed, aby ste zabr\u00e1nili tvorbe n\u00e1nosov.<\/li>\n<li><strong>\u00dalo\u017eisko <\/strong>: Po ka\u017edom pou\u017eit\u00ed n\u00e1dobu pevne uzavrite a skladujte na chladnom a suchom mieste, mimo dosahu svetla a extr\u00e9mnych tepl\u00f4t, aby sa zachovala pln\u00e1 \u00fa\u010dinnos\u0165 v\u00fdrobku.<\/li>\n<\/ul>\n<p>S na\u0161\u00edm \u010distiacim prostriedkom na k\u00fape\u013ene a sprchy si m\u00f4\u017eete vychutna\u0165 r\u00fdchle, \u00fa\u010dinn\u00e9 a bezpe\u010dn\u00e9 \u010distenie a z\u00e1rove\u0148 zachova\u0165 lesk a odolnos\u0165 povrchov. Z\u00e1kladn\u00fd v\u00fdrobok pre hygienick\u00fa a \u017eiariv\u00fa k\u00fape\u013e\u0148u ka\u017ed\u00fd de\u0148.<\/p>","protected":false},"excerpt":{"rendered":"<p>Optimal Effectiveness.\u00a0This bathroom and shower cleaner is specially designed to eliminate limescale, soap scum, toothpaste residue, mold, and all the grime that builds up over time. Its powerful formula instantly dissolves impurities and restores surfaces to their original shine. It ensures perfect cleanliness and lasting brilliance in a single step. Money-back guarantee.\u00a0We are completely confident [&hellip;]<\/p>\n","protected":false},"featured_media":35964,"comment_status":"open","ping_status":"closed","template":"","meta":{"_uag_custom_page_level_css":"","site-sidebar-layout":"default","site-content-layout":"","ast-site-content-layout":"default","site-content-style":"default","site-sidebar-style":"default","ast-global-header-display":"","ast-banner-title-visibility":"","ast-main-header-display":"","ast-hfb-above-header-display":"","ast-hfb-below-header-display":"","ast-hfb-mobile-header-display":"","site-post-title":"","ast-breadcrumbs-content":"","ast-featured-img":"","footer-sml-layout":"","ast-disable-related-posts":"","theme-transparent-header-meta":"default","adv-header-id-meta":"","stick-header-meta":"","header-above-stick-meta":"","header-main-stick-meta":"","header-below-stick-meta":"","astra-migrate-meta-layouts":"set","ast-page-background-enabled":"default","ast-page-background-meta":{"desktop":{"background-color":"var(--ast-global-color-4)","background-image":"","background-repeat":"repeat","background-position":"center center","background-size":"auto","background-attachment":"scroll","background-type":"","background-media":"","overlay-type":"","overlay-color":"","overlay-opacity":"","overlay-gradient":""},"tablet":{"background-color":"","background-image":"","background-repeat":"repeat","background-position":"center center","background-size":"auto","background-attachment":"scroll","background-type":"","background-media":"","overlay-type":"","overlay-color":"","overlay-opacity":"","overlay-gradient":""},"mobile":{"background-color":"","background-image":"","background-repeat":"repeat","background-position":"center center","background-size":"auto","background-attachment":"scroll","background-type":"","background-media":"","overlay-type":"","overlay-color":"","overlay-opacity":"","overlay-gradient":""}},"ast-content-background-meta":{"desktop":{"background-color":"var(--ast-global-color-5)","background-image":"","background-repeat":"repeat","background-position":"center center","background-size":"auto","background-attachment":"scroll","background-type":"","background-media":"","overlay-type":"","overlay-color":"","overlay-opacity":"","overlay-gradient":""},"tablet":{"background-color":"var(--ast-global-color-5)","background-image":"","background-repeat":"repeat","background-position":"center center","background-size":"auto","background-attachment":"scroll","background-type":"","background-media":"","overlay-type":"","overlay-color":"","overlay-opacity":"","overlay-gradient":""},"mobile":{"background-color":"var(--ast-global-color-5)","background-image":"","background-repeat":"repeat","background-position":"center center","background-size":"auto","background-attachment":"scroll","background-type":"","background-media":"","overlay-type":"","overlay-color":"","overlay-opacity":"","overlay-gradient":""}}},"product_brand":[],"product_cat":[175],"product_tag":[],"class_list":{"0":"post-25290","1":"product","2":"type-product","3":"status-publish","4":"has-post-thumbnail","6":"product_cat-cleaning-products","7":"desktop-align-left","8":"tablet-align-left","9":"mobile-align-left","11":"first","12":"instock","13":"sale","14":"taxable","15":"shipping-taxable","16":"purchasable","17":"product-type-variable","18":"has-default-attributes"},"spectra_custom_meta":{"_visibility":["visible"],"_shopify_product_id":["9102379385077"],"_s2w_shopify_domain":["ferberpainting.myshopify.com"],"_shopify_variant_id":["46616149524725"],"_sku":[""],"_manage_stock":["no"],"total_sales":["15"],"_tax_status":["taxable"],"_tax_class":[""],"_backorders":["no"],"_sold_individually":["no"],"_virtual":["no"],"_downloadable":["no"],"_download_limit":["-1"],"_download_expiry":["-1"],"_stock":[null],"_stock_status":["instock"],"_wc_average_rating":["5.00"],"_wc_review_count":["11"],"_product_attributes":["a:1:{s:6:\"volume\";a:6:{s:4:\"name\";s:6:\"Volume\";s:5:\"value\";s:20:\"5 liters | 25 liters\";s:8:\"position\";i:1;s:10:\"is_visible\";i:0;s:12:\"is_variation\";i:1;s:11:\"is_taxonomy\";i:0;}}"],"_product_version":["10.5.1"],"wpse_downloadable_file_names":[""],"wpse_downloadable_file_urls":[""],"_edit_last":["1"],"_default_attributes":["a:1:{s:6:\"volume\";s:8:\"5 liters\";}"],"_edit_lock":["1771234590:1"],"_price":["29.90","129.90"],"merchant-center-availability":["yes"],"merchant-center-category":["4981"],"_thumbnail_id":["35964"],"_wp_page_template":["default"],"_wp_old_date":["2025-05-26"],"_product_image_gallery":["35965"],"site-sidebar-layout":["default"],"ast-site-content-layout":["default"],"site-content-style":["default"],"site-sidebar-style":["default"],"theme-transparent-header-meta":["default"],"_wc_rating_count":["a:1:{i:5;i:11;}"],"astra-migrate-meta-layouts":["set"],"_uag_css_file_name":["uag-css-25290.css"],"_elementor_page_assets":["a:0:{}"],"_uag_page_assets":["a:9:{s:3:\"css\";s:7133:\".uag-blocks-common-selector{z-index:var(--z-index-desktop) !important}@media(max-width: 976px){.uag-blocks-common-selector{z-index:var(--z-index-tablet) !important}}@media(max-width: 767px){.uag-blocks-common-selector{z-index:var(--z-index-mobile) !important}}.wp-block-uagb-image{display:flex}.wp-block-uagb-image__figure{position:relative;display:flex;flex-direction:column;max-width:100%;height:auto;margin:0}.wp-block-uagb-image__figure img{height:auto;display:flex;max-width:100%;transition:box-shadow .2s ease}.wp-block-uagb-image__figure>a{display:inline-block}.wp-block-uagb-image__figure figcaption{text-align:center;margin-top:.5em;margin-bottom:1em}.wp-block-uagb-image .components-placeholder.block-editor-media-placeholder .components-placeholder__instructions{align-self:center}.wp-block-uagb-image--align-left{text-align:left}.wp-block-uagb-image--align-right{text-align:right}.wp-block-uagb-image--align-center{text-align:center}.wp-block-uagb-image--align-full .wp-block-uagb-image__figure{margin-left:calc(50% - 50vw);margin-right:calc(50% - 50vw);max-width:100vw;width:100vw;height:auto}.wp-block-uagb-image--align-full .wp-block-uagb-image__figure img{height:auto;width:100% !important}.wp-block-uagb-image--align-wide .wp-block-uagb-image__figure img{height:auto;width:100%}.wp-block-uagb-image--layout-overlay__color-wrapper{position:absolute;left:0;top:0;right:0;bottom:0;opacity:.2;background:rgba(0,0,0,.5);transition:opacity .35s ease-in-out}.wp-block-uagb-image--layout-overlay-link{position:absolute;left:0;right:0;bottom:0;top:0}.wp-block-uagb-image--layout-overlay .wp-block-uagb-image__figure:hover .wp-block-uagb-image--layout-overlay__color-wrapper{opacity:1}.wp-block-uagb-image--layout-overlay__inner{position:absolute;left:15px;right:15px;bottom:15px;top:15px;display:flex;align-items:center;justify-content:center;flex-direction:column;border-color:#fff;transition:.35s ease-in-out}.wp-block-uagb-image--layout-overlay__inner.top-left,.wp-block-uagb-image--layout-overlay__inner.top-center,.wp-block-uagb-image--layout-overlay__inner.top-right{justify-content:flex-start}.wp-block-uagb-image--layout-overlay__inner.bottom-left,.wp-block-uagb-image--layout-overlay__inner.bottom-center,.wp-block-uagb-image--layout-overlay__inner.bottom-right{justify-content:flex-end}.wp-block-uagb-image--layout-overlay__inner.top-left,.wp-block-uagb-image--layout-overlay__inner.center-left,.wp-block-uagb-image--layout-overlay__inner.bottom-left{align-items:flex-start}.wp-block-uagb-image--layout-overlay__inner.top-right,.wp-block-uagb-image--layout-overlay__inner.center-right,.wp-block-uagb-image--layout-overlay__inner.bottom-right{align-items:flex-end}.wp-block-uagb-image--layout-overlay__inner .uagb-image-heading{color:#fff;transition:transform .35s,opacity .35s ease-in-out;transform:translate3d(0, 24px, 0);margin:0;line-height:1em}.wp-block-uagb-image--layout-overlay__inner .uagb-image-separator{width:30%;border-top-width:2px;border-top-color:#fff;border-top-style:solid;margin-bottom:10px;opacity:0;transition:transform .4s,opacity .4s ease-in-out;transform:translate3d(0, 30px, 0)}.wp-block-uagb-image--layout-overlay__inner .uagb-image-caption{opacity:0;overflow:visible;color:#fff;transition:transform .45s,opacity .45s ease-in-out;transform:translate3d(0, 35px, 0)}.wp-block-uagb-image--layout-overlay__inner:hover .uagb-image-heading,.wp-block-uagb-image--layout-overlay__inner:hover .uagb-image-separator,.wp-block-uagb-image--layout-overlay__inner:hover .uagb-image-caption{opacity:1;transform:translate3d(0, 0, 0)}.wp-block-uagb-image--effect-zoomin .wp-block-uagb-image__figure img,.wp-block-uagb-image--effect-zoomin .wp-block-uagb-image__figure .wp-block-uagb-image--layout-overlay__color-wrapper{transform:scale(1);transition:transform .35s ease-in-out}.wp-block-uagb-image--effect-zoomin .wp-block-uagb-image__figure:hover img,.wp-block-uagb-image--effect-zoomin .wp-block-uagb-image__figure:hover .wp-block-uagb-image--layout-overlay__color-wrapper{transform:scale(1.05)}.wp-block-uagb-image--effect-slide .wp-block-uagb-image__figure img,.wp-block-uagb-image--effect-slide .wp-block-uagb-image__figure .wp-block-uagb-image--layout-overlay__color-wrapper{width:calc(100% + 40px) !important;max-width:none !important;transform:translate3d(-40px, 0, 0);transition:transform .35s ease-in-out}.wp-block-uagb-image--effect-slide .wp-block-uagb-image__figure:hover img,.wp-block-uagb-image--effect-slide .wp-block-uagb-image__figure:hover .wp-block-uagb-image--layout-overlay__color-wrapper{transform:translate3d(0, 0, 0)}.wp-block-uagb-image--effect-grayscale img{filter:grayscale(0%);transition:.35s ease-in-out}.wp-block-uagb-image--effect-grayscale:hover img{filter:grayscale(100%)}.wp-block-uagb-image--effect-blur img{filter:blur(0);transition:.35s ease-in-out}.wp-block-uagb-image--effect-blur:hover img{filter:blur(3px)}.uagb-block-e6f939b3.wp-block-uagb-image--layout-default figure img{box-shadow: 0px 0px 0 #00000070;}.uagb-block-e6f939b3.wp-block-uagb-image .wp-block-uagb-image__figure figcaption{font-style: normal;align-self: center;}.uagb-block-e6f939b3.wp-block-uagb-image--layout-overlay figure img{box-shadow: 0px 0px 0 #00000070;}.uagb-block-e6f939b3.wp-block-uagb-image--layout-overlay .wp-block-uagb-image--layout-overlay__color-wrapper{opacity: 0.2;}.uagb-block-e6f939b3.wp-block-uagb-image--layout-overlay .wp-block-uagb-image--layout-overlay__inner{left: 15px;right: 15px;top: 15px;bottom: 15px;}.uagb-block-e6f939b3.wp-block-uagb-image--layout-overlay .wp-block-uagb-image--layout-overlay__inner .uagb-image-heading{font-style: normal;color: #fff;opacity: 1;}.uagb-block-e6f939b3.wp-block-uagb-image--layout-overlay .wp-block-uagb-image--layout-overlay__inner .uagb-image-heading a{color: #fff;}.uagb-block-e6f939b3.wp-block-uagb-image--layout-overlay .wp-block-uagb-image--layout-overlay__inner .uagb-image-caption{opacity: 0;}.uagb-block-e6f939b3.wp-block-uagb-image--layout-overlay .wp-block-uagb-image__figure:hover .wp-block-uagb-image--layout-overlay__color-wrapper{opacity: 1;}.uagb-block-e6f939b3.wp-block-uagb-image .wp-block-uagb-image--layout-overlay__inner .uagb-image-separator{width: 30%;border-top-width: 2px;border-top-color: #fff;opacity: 0;}.uagb-block-e6f939b3.wp-block-uagb-image .wp-block-uagb-image__figure img{width: px;height: auto;}.uagb-block-e6f939b3.wp-block-uagb-image .wp-block-uagb-image__figure:hover .wp-block-uagb-image--layout-overlay__inner .uagb-image-caption{opacity: 1;}.uagb-block-e6f939b3.wp-block-uagb-image .wp-block-uagb-image__figure:hover .wp-block-uagb-image--layout-overlay__inner .uagb-image-separator{opacity: 1;}.uagb-block-e6f939b3.wp-block-uagb-image--layout-default figure:hover img{box-shadow: 0px 0px 0 #00000070;}.uagb-block-e6f939b3.wp-block-uagb-image--layout-overlay figure:hover img{box-shadow: 0px 0px 0 #00000070;}@media only screen and (max-width: 976px) {.uagb-block-e6f939b3.wp-block-uagb-image .wp-block-uagb-image__figure img{width: px;height: auto;}}@media only screen and (max-width: 767px) {.uagb-block-e6f939b3.wp-block-uagb-image .wp-block-uagb-image__figure img{width: px;height: auto;}}\";s:2:\"js\";s:0:\"\";s:18:\"current_block_list\";a:13:{i:0;s:11:\"core\/search\";i:1;s:10:\"core\/group\";i:2;s:12:\"core\/heading\";i:3;s:17:\"core\/latest-posts\";i:4;s:20:\"core\/latest-comments\";i:5;s:13:\"core\/archives\";i:6;s:15:\"core\/categories\";i:7;s:14:\"core\/paragraph\";i:8;s:10:\"uagb\/image\";i:9;s:11:\"core\/spacer\";i:10;s:30:\"woocommerce\/product-categories\";i:11;s:10:\"core\/image\";i:12;s:14:\"core\/shortcode\";}s:8:\"uag_flag\";b:1;s:11:\"uag_version\";s:10:\"1777229863\";s:6:\"gfonts\";a:0:{}s:10:\"gfonts_url\";s:0:\"\";s:12:\"gfonts_files\";a:0:{}s:14:\"uag_faq_layout\";b:0;}"]},"uagb_featured_image_src":{"full":["https:\/\/www.ferberpainting.com\/wp-content\/uploads\/2025\/05\/Shower-and-Bathroom-Cleaner-5L-.png",2560,2560,false],"thumbnail":["https:\/\/www.ferberpainting.com\/wp-content\/uploads\/2025\/05\/Shower-and-Bathroom-Cleaner-5L--150x150.png",150,150,true],"medium":["https:\/\/www.ferberpainting.com\/wp-content\/uploads\/2025\/05\/Shower-and-Bathroom-Cleaner-5L--300x300.png",300,300,true],"medium_large":["https:\/\/www.ferberpainting.com\/wp-content\/uploads\/2025\/05\/Shower-and-Bathroom-Cleaner-5L--768x768.png",768,768,true],"large":["https:\/\/www.ferberpainting.com\/wp-content\/uploads\/2025\/05\/Shower-and-Bathroom-Cleaner-5L--1024x1024.png",1024,1024,true],"1536x1536":["https:\/\/www.ferberpainting.com\/wp-content\/uploads\/2025\/05\/Shower-and-Bathroom-Cleaner-5L--1536x1536.png",1536,1536,true],"2048x2048":["https:\/\/www.ferberpainting.com\/wp-content\/uploads\/2025\/05\/Shower-and-Bathroom-Cleaner-5L--2048x2048.png",2048,2048,true],"trp-custom-language-flag":["https:\/\/www.ferberpainting.com\/wp-content\/uploads\/2025\/05\/Shower-and-Bathroom-Cleaner-5L--12x12.png",12,12,true],"woocommerce_thumbnail":["https:\/\/www.ferberpainting.com\/wp-content\/uploads\/2025\/05\/Shower-and-Bathroom-Cleaner-5L--300x300.png",300,300,true],"woocommerce_single":["https:\/\/www.ferberpainting.com\/wp-content\/uploads\/2025\/05\/Shower-and-Bathroom-Cleaner-5L--600x600.png",600,600,true],"woocommerce_gallery_thumbnail":["https:\/\/www.ferberpainting.com\/wp-content\/uploads\/2025\/05\/Shower-and-Bathroom-Cleaner-5L--100x100.png",100,100,true]},"uagb_author_info":{"display_name":"admin","author_link":"https:\/\/www.ferberpainting.com\/sk\/author\/"},"uagb_comment_info":11,"uagb_excerpt":"Optimal Effectiveness.\u00a0This bathroom and shower cleaner is specially designed to eliminate limescale, soap scum, toothpaste residue, mold, and all the grime that builds up over time. Its powerful formula instantly dissolves impurities and restores surfaces to their original shine. It ensures perfect cleanliness and lasting brilliance in a single step. Money-back guarantee.\u00a0We are completely confident&hellip;","_links":{"self":[{"href":"https:\/\/www.ferberpainting.com\/sk\/wp-json\/wp\/v2\/product\/25290","targetHints":{"allow":["GET"]}}],"collection":[{"href":"https:\/\/www.ferberpainting.com\/sk\/wp-json\/wp\/v2\/product"}],"about":[{"href":"https:\/\/www.ferberpainting.com\/sk\/wp-json\/wp\/v2\/types\/product"}],"replies":[{"embeddable":true,"href":"https:\/\/www.ferberpainting.com\/sk\/wp-json\/wp\/v2\/comments?post=25290"}],"version-history":[{"count":4,"href":"https:\/\/www.ferberpainting.com\/sk\/wp-json\/wp\/v2\/product\/25290\/revisions"}],"predecessor-version":[{"id":167273,"href":"https:\/\/www.ferberpainting.com\/sk\/wp-json\/wp\/v2\/product\/25290\/revisions\/167273"}],"wp:featuredmedia":[{"embeddable":true,"href":"https:\/\/www.ferberpainting.com\/sk\/wp-json\/wp\/v2\/media\/35964"}],"wp:attachment":[{"href":"https:\/\/www.ferberpainting.com\/sk\/wp-json\/wp\/v2\/media?parent=25290"}],"wp:term":[{"taxonomy":"product_brand","embeddable":true,"href":"https:\/\/www.ferberpainting.com\/sk\/wp-json\/wp\/v2\/product_brand?post=25290"},{"taxonomy":"product_cat","embeddable":true,"href":"https:\/\/www.ferberpainting.com\/sk\/wp-json\/wp\/v2\/product_cat?post=25290"},{"taxonomy":"product_tag","embeddable":true,"href":"https:\/\/www.ferberpainting.com\/sk\/wp-json\/wp\/v2\/product_tag?post=25290"}],"curies":[{"name":"wp","href":"https:\/\/api.w.org\/{rel}","templated":true}]}}