{"id":25287,"date":"2025-06-18T09:29:11","date_gmt":"2025-06-18T07:29:11","guid":{"rendered":"https:\/\/www.ferberpainting.com\/?post_type=product&#038;p=25287"},"modified":"2026-02-16T10:32:28","modified_gmt":"2026-02-16T09:32:28","slug":"shoe-water-repellent","status":"publish","type":"product","link":"https:\/\/www.ferberpainting.com\/sk\/products\/shoe-water-repellent\/","title":{"rendered":"Impregn\u00e1cia na obuv"},"content":{"rendered":"<p><strong><img decoding=\"async\" style=\"margin-right: 12px;\" src=\"https:\/\/www.ferberpainting.com\/wp-content\/uploads\/2026\/02\/Check.svg\" alt=\"\" width=\"18\" height=\"15\" \/>\u00da\u010dinn\u00e1 ochrana proti vlhkosti a \u0161kvrn\u00e1m.<\/strong>\u00a0Tento impregna\u010dn\u00fd pr\u00edpravok na obuv je ide\u00e1lnym rie\u0161en\u00edm na ochranu obuvi pred nepriazniv\u00fdmi vplyvmi po\u010dasia, vlhkos\u0165ou, blatom a \u0161kvrnami. \u010ci u\u017e s\u00fa va\u0161e top\u00e1nky vyroben\u00e9 z ko\u017ee, pl\u00e1tna, semi\u0161u alebo nubuku, tento v\u00fdrobok vytvor\u00ed nevidite\u013en\u00fa bari\u00e9ru, ktor\u00e1 zabra\u0148uje prenikaniu vody a z\u00e1rove\u0148 umo\u017e\u0148uje materi\u00e1lu d\u00fdcha\u0165. Udr\u017euje va\u0161e nohy v suchu aj v da\u017edi a zabra\u0148uje vzniku vodn\u00fdch \u0161kv\u0155n a f\u013eakov, ktor\u00e9 by mohli zmeni\u0165 vzh\u013ead va\u0161ich top\u00e1nok. Va\u0161a obuv zostane ako nov\u00e1, chr\u00e1nen\u00e1 a pripraven\u00e1 \u010deli\u0165 v\u0161etk\u00fdm poveternostn\u00fdm podmienkam.<\/p>\n<p><strong><img decoding=\"async\" style=\"margin-right: 12px;\" src=\"https:\/\/www.ferberpainting.com\/wp-content\/uploads\/2026\/02\/Check.svg\" alt=\"\" width=\"18\" height=\"15\" \/>Z\u00e1ruka vr\u00e1tenia pe\u0148az\u00ed.<\/strong>\u00a0Sme presved\u010den\u00ed o \u00fa\u010dinnosti n\u00e1\u0161ho v\u00fdrobku, preto pon\u00fakame z\u00e1ruku spokojnosti alebo vr\u00e1tenia pe\u0148az\u00ed. Ak z ak\u00e9hoko\u013evek d\u00f4vodu nie ste \u00faplne spokojn\u00ed s v\u00fdsledkami n\u00e1\u0161ho impregna\u010dn\u00e9ho pr\u00edpravku na obuv, m\u00f4\u017eete po\u017eiada\u0165 o vr\u00e1tenie pe\u0148az\u00ed v plnej v\u00fd\u0161ke. T\u00e1to z\u00e1ruka v\u00e1m umo\u017e\u0148uje nakupova\u0165 s pokojnou mys\u013eou, preto\u017ee viete, \u017ee ak v\u00fdrobok nespln\u00ed va\u0161e o\u010dak\u00e1vania, m\u00f4\u017eete dosta\u0165 svoje peniaze sp\u00e4\u0165.<\/p>\n<p><strong><img decoding=\"async\" style=\"margin-right: 12px;\" src=\"https:\/\/www.ferberpainting.com\/wp-content\/uploads\/2026\/02\/Check.svg\" alt=\"\" width=\"18\" height=\"15\" \/>V\u0161estrann\u00e9 pou\u017eitie pre r\u00f4zne materi\u00e1ly.<\/strong>\u00a0Tento impregna\u010dn\u00fd pr\u00edpravok na obuv je ve\u013emi univerz\u00e1lny a funguje na \u0161irok\u00fd rozsah materi\u00e1lov. Je ide\u00e1lny na ko\u017eu, pl\u00e1tno, semi\u0161, nubuk a syntetick\u00e9 materi\u00e1ly. Mo\u017eno ho pou\u017ei\u0165 aj na ta\u0161ky, kab\u00e1ty, rukavice a in\u00e9 doplnky vyroben\u00e9 z t\u00fdchto materi\u00e1lov. \u010ci u\u017e s\u00fa va\u0161e top\u00e1nky \u0161portov\u00e9, elegantn\u00e9 alebo be\u017en\u00e9 pl\u00e1tenn\u00e9 tenisky, tento v\u00fdrobok pon\u00faka spo\u013eahliv\u00fa a odoln\u00fa ochranu proti vlhkosti a \u0161kvrn\u00e1m.<\/p>\n<p><strong><img decoding=\"async\" style=\"margin-right: 12px;\" src=\"https:\/\/www.ferberpainting.com\/wp-content\/uploads\/2026\/02\/Check.svg\" alt=\"\" width=\"18\" height=\"15\" \/>N\u00e1kladovo efekt\u00edvne.<\/strong>\u00a0Tento v\u00fdrobok je mimoriadne \u00fasporn\u00fd. S 5-litrovou n\u00e1dobou m\u00f4\u017eete o\u0161etri\u0165 ve\u013ek\u00e9 mno\u017estvo obuvi. Jeden liter impregna\u010dn\u00e9ho prostriedku dok\u00e1\u017ee v priemere o\u0161etri\u0165 a\u017e 50 p\u00e1rov obuvi v z\u00e1vislosti od pou\u017eit\u00e9ho mno\u017estva a typu materi\u00e1lu. V\u010faka tejto vysokej v\u00fd\u0165a\u017enosti je impregna\u010dn\u00fd pr\u00edpravok na obuv n\u00e1kladovo efekt\u00edvnym a dlhodob\u00fdm rie\u0161en\u00edm, ktor\u00e9 poskytuje dlhodob\u00fa ochranu bez \u010dast\u00e9ho opakovania aplik\u00e1cie.<\/p>\n<p><strong><img decoding=\"async\" style=\"margin-right: 12px;\" src=\"https:\/\/www.ferberpainting.com\/wp-content\/uploads\/2026\/02\/Check.svg\" alt=\"\" width=\"18\" height=\"15\" \/>Bezpe\u010dn\u00e9 a \u0161etrn\u00e9 k materi\u00e1lu.<\/strong>\u00a0Tento impregna\u010dn\u00fd pr\u00edpravok na obuv je vytvoren\u00fd tak, aby bol bezpe\u010dn\u00fd pre v\u00e1s aj pre va\u0161u obuv. Je vyroben\u00fd z jemn\u00fdch zlo\u017eiek, ktor\u00e9 nezmenia farbu ani \u0161trukt\u00faru materi\u00e1lu, ani nepo\u0161kodia povrch. Neobsahuje ani \u0161kodliv\u00e9 chemik\u00e1lie, tak\u017ee je bezpe\u010dn\u00fd na dom\u00e1ce pou\u017eitie. Tento v\u00fdrobok m\u00f4\u017eete pou\u017e\u00edva\u0165 s istotou, preto\u017ee viete, \u017ee nepo\u0161kod\u00ed va\u0161e zdravie ani obuv.<\/p>\n<p><strong><img decoding=\"async\" style=\"margin-right: 12px;\" src=\"https:\/\/www.ferberpainting.com\/wp-content\/uploads\/2026\/02\/Check.svg\" alt=\"\" width=\"18\" height=\"15\" \/>Jednoduch\u00e9 pou\u017e\u00edvanie.<\/strong>\u00a0Aplik\u00e1cia impregna\u010dn\u00e9ho pr\u00edpravku na obuv je jednoduch\u00e1 a r\u00fdchla. Je pripraven\u00fd na pou\u017eitie, nevy\u017eaduje \u017eiadne riedenie ani zlo\u017eit\u00fa pr\u00edpravu. Sta\u010d\u00ed v\u00fdrobok rovnomerne nastrieka\u0165 na povrch obuvi a uisti\u0165 sa, \u017ee pokr\u00fdva v\u0161etky miesta vystaven\u00e9 vlhkosti. Impregn\u00e1tor sa \u013eahko rozotiera a r\u00fdchlo prenik\u00e1 do materi\u00e1lu, \u010d\u00edm vytv\u00e1ra nevidite\u013en\u00fa ochranu. Sta\u010d\u00ed nieko\u013eko jednoduch\u00fdch krokov a va\u0161a obuv je pripraven\u00e1 \u010deli\u0165 da\u017e\u010fu alebo snehu.<\/p>\n<p><strong><img decoding=\"async\" style=\"margin-right: 12px;\" src=\"https:\/\/www.ferberpainting.com\/wp-content\/uploads\/2026\/02\/Check.svg\" alt=\"\" width=\"18\" height=\"15\" \/>Odoln\u00e1 ochrana.<\/strong>\u00a0Impregn\u00e1cia obuvi zais\u0165uje dlhotrvaj\u00facu ochranu. Po nanesen\u00ed vytvor\u00ed odoln\u00fa bari\u00e9ru, ktor\u00e1 odpudzuje vodu a \u0161kvrny aj po nieko\u013ek\u00fdch \u010disteniach. Nebudete ho musie\u0165 nan\u00e1\u0161a\u0165 znova po ka\u017edom um\u00fdvan\u00ed alebo prech\u00e1dzke v da\u017edi. Ochrana vydr\u017e\u00ed nieko\u013eko mesiacov, \u010d\u00edm pom\u00e1ha udr\u017eiava\u0165 top\u00e1nky v perfektnom stave bez ob\u00e1v z vlhkosti alebo \u0161piny. Tento v\u00fdrobok je odoln\u00fdm rie\u0161en\u00edm na ochranu va\u0161ej obuvi.<\/p>\n<p><strong><img decoding=\"async\" style=\"margin-right: 12px;\" src=\"https:\/\/www.ferberpainting.com\/wp-content\/uploads\/2026\/02\/Check.svg\" alt=\"\" width=\"18\" height=\"15\" \/>R\u00fdchle p\u00f4sobenie.<\/strong>\u00a0Tento produkt funguje r\u00fdchlo. Po aplik\u00e1cii zaschne pribli\u017ene za 1 a\u017e 2 hodiny pri izbovej teplote v z\u00e1vislosti od poveternostn\u00fdch podmienok a typu materi\u00e1lu. To znamen\u00e1, \u017ee m\u00f4\u017eete r\u00fdchlo op\u00e4\u0165 nosi\u0165 svoju obuv bez toho, aby ste museli \u010daka\u0165 nieko\u013eko hod\u00edn. Po zaschnut\u00ed je ochrana okam\u017eite akt\u00edvna. Nie je potrebn\u00e9 \u010daka\u0165 hodiny, k\u00fdm v\u00fdrobok za\u010dne p\u00f4sobi\u0165 - po kr\u00e1tkom \u010dase schnutia je va\u0161a obuv plne chr\u00e1nen\u00e1.<\/p>\n<h2><strong>Protokol o pou\u017e\u00edvan\u00ed<\/strong><\/h2>\n<ul>\n<li><strong>Pr\u00edprava povrchu <\/strong>: Pred nanesen\u00edm impregna\u010dn\u00e9ho pr\u00edpravku na obuv sa uistite, \u017ee s\u00fa va\u0161e top\u00e1nky \u010dist\u00e9 a such\u00e9. Pr\u00edpadn\u00fa \u0161pinu alebo prach odstr\u00e1\u0148te m\u00e4kkou handri\u010dkou alebo kefkou. Ak s\u00fa va\u0161e top\u00e1nky ve\u013emi zne\u010disten\u00e9, odpor\u00fa\u010dame ich pred aplik\u00e1ciou v\u00fdrobku vy\u010disti\u0165. Aplik\u00e1cia na \u010dist\u00fd povrch umo\u017e\u0148uje lep\u0161iu pri\u013enavos\u0165 a \u00fa\u010dinnej\u0161iu ochranu.<\/li>\n<li><strong>Aplik\u00e1cia produktu <\/strong>: Pred pou\u017eit\u00edm f\u013ea\u0161u dobre pretrepte. Pr\u00edpravok naneste asi 20 cm od povrchu obuvi. Nastriekajte rovnomern\u00fa, \u013eahk\u00fa vrstvu na cel\u00fa obuv, pri\u010dom sa zamerajte na miesta obzvl\u00e1\u0161\u0165 vystaven\u00e9 vlhkosti, ako s\u00fa \u0161vy a podr\u00e1\u017eky. Vyhnite sa pres\u00fdteniu materi\u00e1lov - naneste tenk\u00fa a rovnomern\u00fa vrstvu. Ak aplikujete na semi\u0161 alebo nubuk, vyhnite sa nadmern\u00e9mu zm\u00e1\u010daniu l\u00e1tky, aby ste zabr\u00e1nili vidite\u013en\u00fdm stop\u00e1m.<\/li>\n<li><strong>Rovnomern\u00e9 pokrytie <\/strong>: V pr\u00edpade potreby pou\u017eite \u010dist\u00fa, m\u00e4kk\u00fa handri\u010dku na vyhladenie v\u00fdrobku, aby sa rovnomerne rozotrel, najm\u00e4 v oblastiach, kam sa nedostane sprej. Pom\u00f4\u017ee to dosiahnu\u0165 rovnomern\u00e9 pokrytie a \u00fa\u010dinn\u00fa ochranu celej obuvi.<\/li>\n<li><strong>\u010cas su\u0161enia <\/strong>: Obuv nechajte schn\u00fa\u0165 pribli\u017ene 1 a\u017e 2 hodiny pri izbovej teplote a okolitej vlhkosti. Po\u010das su\u0161enia obuv nenoste, aby nedo\u0161lo k naru\u0161eniu ochrany. Ak je to mo\u017en\u00e9, umiestnite obuv do dobre vetranej miestnosti.<\/li>\n<li><strong>Op\u00e4tovn\u00e1 aplik\u00e1cia <\/strong>: V z\u00e1vislosti od sp\u00f4sobu pou\u017e\u00edvania m\u00f4\u017eete pou\u017ei\u0165 druh\u00fa vrstvu na posilnenie ochrany, najm\u00e4 ak je va\u0161a obuv \u010dasto vystaven\u00e1 mokr\u00fdm alebo \u0161pinav\u00fdm podmienkam. Pred nanesen\u00edm druhej vrstvy sa uistite, \u017ee prv\u00e1 vrstva je \u00faplne such\u00e1.<\/li>\n<li><strong>N\u00e1sledn\u00e1 starostlivos\u0165 <\/strong>: Po aplik\u00e1cii m\u00f4\u017eete top\u00e1nky be\u017ene \u010disti\u0165 bez toho, aby ste museli odstra\u0148ova\u0165 ochranu. Vyhnite sa v\u0161ak pr\u00edli\u0161 intenz\u00edvnemu drhnutiu o\u0161etren\u00fdch oblast\u00ed. V pr\u00edpade potreby aplikujte impregna\u010dn\u00fd pr\u00edpravok opakovane ka\u017ed\u00fdch 6 mesiacov, aby sa zachovala jeho \u00fa\u010dinnos\u0165, alebo \u010dastej\u0161ie v z\u00e1vislosti od intenzity pou\u017e\u00edvania.<\/li>\n<\/ul>\n<p>Impregn\u00e1tor na top\u00e1nky je jednoduch\u00fd, r\u00fdchly a \u00fasporn\u00fd v\u00fdrobok, ktor\u00fd pred\u013a\u017ei \u017eivotnos\u0165 va\u0161ich top\u00e1nok a z\u00e1rove\u0148 zachov\u00e1 ich vzh\u013ead. V\u010faka jednoduchej aplik\u00e1cii a dlhotrvaj\u00facemu zlo\u017eeniu sa st\u00e1va nevyhnutn\u00fdm spojencom ka\u017ed\u00e9ho majite\u013ea top\u00e1nok, \u010di u\u017e s\u00fa vyroben\u00e9 z ko\u017ee, semi\u0161u, pl\u00e1tna alebo syntetick\u00fdch materi\u00e1lov. Nedovo\u013ete, aby vlhkos\u0165 a \u0161kvrny zni\u010dili va\u0161u obuv, chr\u00e1\u0148te ju na\u0161\u00edm v\u00fdkonn\u00fdm a nevidite\u013en\u00fdm impregna\u010dn\u00fdm roztokom.<\/p>","protected":false},"excerpt":{"rendered":"<p>Effective Protection Against Moisture and Stains.\u00a0This shoe waterproofer is the ideal solution to protect your shoes from the elements, humidity, mud, and stains. Whether your shoes are made of leather, canvas, suede, or nubuck, this product forms an invisible barrier that prevents water from penetrating while allowing the material to breathe. It keeps your feet [&hellip;]<\/p>\n","protected":false},"featured_media":30017,"comment_status":"open","ping_status":"closed","template":"","meta":{"_uag_custom_page_level_css":"","site-sidebar-layout":"default","site-content-layout":"","ast-site-content-layout":"default","site-content-style":"default","site-sidebar-style":"default","ast-global-header-display":"","ast-banner-title-visibility":"","ast-main-header-display":"","ast-hfb-above-header-display":"","ast-hfb-below-header-display":"","ast-hfb-mobile-header-display":"","site-post-title":"","ast-breadcrumbs-content":"","ast-featured-img":"","footer-sml-layout":"","ast-disable-related-posts":"","theme-transparent-header-meta":"default","adv-header-id-meta":"","stick-header-meta":"","header-above-stick-meta":"","header-main-stick-meta":"","header-below-stick-meta":"","astra-migrate-meta-layouts":"set","ast-page-background-enabled":"default","ast-page-background-meta":{"desktop":{"background-color":"var(--ast-global-color-4)","background-image":"","background-repeat":"repeat","background-position":"center center","background-size":"auto","background-attachment":"scroll","background-type":"","background-media":"","overlay-type":"","overlay-color":"","overlay-opacity":"","overlay-gradient":""},"tablet":{"background-color":"","background-image":"","background-repeat":"repeat","background-position":"center center","background-size":"auto","background-attachment":"scroll","background-type":"","background-media":"","overlay-type":"","overlay-color":"","overlay-opacity":"","overlay-gradient":""},"mobile":{"background-color":"","background-image":"","background-repeat":"repeat","background-position":"center center","background-size":"auto","background-attachment":"scroll","background-type":"","background-media":"","overlay-type":"","overlay-color":"","overlay-opacity":"","overlay-gradient":""}},"ast-content-background-meta":{"desktop":{"background-color":"var(--ast-global-color-5)","background-image":"","background-repeat":"repeat","background-position":"center center","background-size":"auto","background-attachment":"scroll","background-type":"","background-media":"","overlay-type":"","overlay-color":"","overlay-opacity":"","overlay-gradient":""},"tablet":{"background-color":"var(--ast-global-color-5)","background-image":"","background-repeat":"repeat","background-position":"center center","background-size":"auto","background-attachment":"scroll","background-type":"","background-media":"","overlay-type":"","overlay-color":"","overlay-opacity":"","overlay-gradient":""},"mobile":{"background-color":"var(--ast-global-color-5)","background-image":"","background-repeat":"repeat","background-position":"center center","background-size":"auto","background-attachment":"scroll","background-type":"","background-media":"","overlay-type":"","overlay-color":"","overlay-opacity":"","overlay-gradient":""}}},"product_brand":[],"product_cat":[191],"product_tag":[],"class_list":{"0":"post-25287","1":"product","2":"type-product","3":"status-publish","4":"has-post-thumbnail","6":"product_cat-water-repellent","7":"desktop-align-left","8":"tablet-align-left","9":"mobile-align-left","11":"first","12":"instock","13":"sale","14":"taxable","15":"shipping-taxable","16":"purchasable","17":"product-type-variable","18":"has-default-attributes"},"spectra_custom_meta":{"_visibility":["visible"],"_shopify_product_id":["9106574082293"],"_s2w_shopify_domain":["ferberpainting.myshopify.com"],"_shopify_variant_id":["46626284634357"],"_sku":[""],"_manage_stock":["no"],"total_sales":["33"],"_tax_status":["taxable"],"_tax_class":[""],"_backorders":["no"],"_sold_individually":["no"],"_virtual":["no"],"_downloadable":["no"],"_download_limit":["-1"],"_download_expiry":["-1"],"_stock":[null],"_stock_status":["instock"],"_wc_average_rating":["5.00"],"_wc_review_count":["10"],"_product_attributes":["a:1:{s:6:\"volume\";a:6:{s:4:\"name\";s:6:\"Volume\";s:5:\"value\";s:20:\"5 liters | 25 liters\";s:8:\"position\";i:1;s:10:\"is_visible\";i:0;s:12:\"is_variation\";i:1;s:11:\"is_taxonomy\";i:0;}}"],"_product_version":["10.5.1"],"wpse_downloadable_file_names":[""],"wpse_downloadable_file_urls":[""],"_edit_last":["1"],"_default_attributes":["a:1:{s:6:\"volume\";s:8:\"5 liters\";}"],"_edit_lock":["1771234208:1"],"_thumbnail_id":["30017"],"_wp_page_template":["default"],"_wp_old_date":["2025-05-26"],"_product_image_gallery":["30018"],"site-sidebar-layout":["default"],"ast-site-content-layout":["default"],"site-content-style":["default"],"site-sidebar-style":["default"],"theme-transparent-header-meta":["default"],"merchant-center-availability":["yes"],"merchant-center-category":["5604"],"_price":["29.90","129.90"],"_wc_rating_count":["a:1:{i:5;i:10;}"],"astra-migrate-meta-layouts":["set"],"_uag_css_file_name":["uag-css-25287.css"],"_elementor_page_assets":["a:0:{}"],"_uag_page_assets":["a:9:{s:3:\"css\";s:6873:\".wp-block-uagb-image{display:flex}.wp-block-uagb-image__figure{position:relative;display:flex;flex-direction:column;max-width:100%;height:auto;margin:0}.wp-block-uagb-image__figure img{height:auto;display:flex;max-width:100%;transition:box-shadow .2s ease}.wp-block-uagb-image__figure>a{display:inline-block}.wp-block-uagb-image__figure figcaption{text-align:center;margin-top:.5em;margin-bottom:1em}.wp-block-uagb-image .components-placeholder.block-editor-media-placeholder .components-placeholder__instructions{align-self:center}.wp-block-uagb-image--align-left{text-align:left}.wp-block-uagb-image--align-right{text-align:right}.wp-block-uagb-image--align-center{text-align:center}.wp-block-uagb-image--align-full .wp-block-uagb-image__figure{margin-left:calc(50% - 50vw);margin-right:calc(50% - 50vw);max-width:100vw;width:100vw;height:auto}.wp-block-uagb-image--align-full .wp-block-uagb-image__figure img{height:auto;width:100% !important}.wp-block-uagb-image--align-wide .wp-block-uagb-image__figure img{height:auto;width:100%}.wp-block-uagb-image--layout-overlay__color-wrapper{position:absolute;left:0;top:0;right:0;bottom:0;opacity:.2;background:rgba(0,0,0,.5);transition:opacity .35s ease-in-out}.wp-block-uagb-image--layout-overlay-link{position:absolute;left:0;right:0;bottom:0;top:0}.wp-block-uagb-image--layout-overlay .wp-block-uagb-image__figure:hover .wp-block-uagb-image--layout-overlay__color-wrapper{opacity:1}.wp-block-uagb-image--layout-overlay__inner{position:absolute;left:15px;right:15px;bottom:15px;top:15px;display:flex;align-items:center;justify-content:center;flex-direction:column;border-color:#fff;transition:.35s ease-in-out}.wp-block-uagb-image--layout-overlay__inner.top-left,.wp-block-uagb-image--layout-overlay__inner.top-center,.wp-block-uagb-image--layout-overlay__inner.top-right{justify-content:flex-start}.wp-block-uagb-image--layout-overlay__inner.bottom-left,.wp-block-uagb-image--layout-overlay__inner.bottom-center,.wp-block-uagb-image--layout-overlay__inner.bottom-right{justify-content:flex-end}.wp-block-uagb-image--layout-overlay__inner.top-left,.wp-block-uagb-image--layout-overlay__inner.center-left,.wp-block-uagb-image--layout-overlay__inner.bottom-left{align-items:flex-start}.wp-block-uagb-image--layout-overlay__inner.top-right,.wp-block-uagb-image--layout-overlay__inner.center-right,.wp-block-uagb-image--layout-overlay__inner.bottom-right{align-items:flex-end}.wp-block-uagb-image--layout-overlay__inner .uagb-image-heading{color:#fff;transition:transform .35s,opacity .35s ease-in-out;transform:translate3d(0, 24px, 0);margin:0;line-height:1em}.wp-block-uagb-image--layout-overlay__inner .uagb-image-separator{width:30%;border-top-width:2px;border-top-color:#fff;border-top-style:solid;margin-bottom:10px;opacity:0;transition:transform .4s,opacity .4s ease-in-out;transform:translate3d(0, 30px, 0)}.wp-block-uagb-image--layout-overlay__inner .uagb-image-caption{opacity:0;overflow:visible;color:#fff;transition:transform .45s,opacity .45s ease-in-out;transform:translate3d(0, 35px, 0)}.wp-block-uagb-image--layout-overlay__inner:hover .uagb-image-heading,.wp-block-uagb-image--layout-overlay__inner:hover .uagb-image-separator,.wp-block-uagb-image--layout-overlay__inner:hover .uagb-image-caption{opacity:1;transform:translate3d(0, 0, 0)}.wp-block-uagb-image--effect-zoomin .wp-block-uagb-image__figure img,.wp-block-uagb-image--effect-zoomin .wp-block-uagb-image__figure .wp-block-uagb-image--layout-overlay__color-wrapper{transform:scale(1);transition:transform .35s ease-in-out}.wp-block-uagb-image--effect-zoomin .wp-block-uagb-image__figure:hover img,.wp-block-uagb-image--effect-zoomin .wp-block-uagb-image__figure:hover .wp-block-uagb-image--layout-overlay__color-wrapper{transform:scale(1.05)}.wp-block-uagb-image--effect-slide .wp-block-uagb-image__figure img,.wp-block-uagb-image--effect-slide .wp-block-uagb-image__figure .wp-block-uagb-image--layout-overlay__color-wrapper{width:calc(100% + 40px) !important;max-width:none !important;transform:translate3d(-40px, 0, 0);transition:transform .35s ease-in-out}.wp-block-uagb-image--effect-slide .wp-block-uagb-image__figure:hover img,.wp-block-uagb-image--effect-slide .wp-block-uagb-image__figure:hover .wp-block-uagb-image--layout-overlay__color-wrapper{transform:translate3d(0, 0, 0)}.wp-block-uagb-image--effect-grayscale img{filter:grayscale(0%);transition:.35s ease-in-out}.wp-block-uagb-image--effect-grayscale:hover img{filter:grayscale(100%)}.wp-block-uagb-image--effect-blur img{filter:blur(0);transition:.35s ease-in-out}.wp-block-uagb-image--effect-blur:hover img{filter:blur(3px)}.uagb-block-e6f939b3.wp-block-uagb-image--layout-default figure img{box-shadow: 0px 0px 0 #00000070;}.uagb-block-e6f939b3.wp-block-uagb-image .wp-block-uagb-image__figure figcaption{font-style: normal;align-self: center;}.uagb-block-e6f939b3.wp-block-uagb-image--layout-overlay figure img{box-shadow: 0px 0px 0 #00000070;}.uagb-block-e6f939b3.wp-block-uagb-image--layout-overlay .wp-block-uagb-image--layout-overlay__color-wrapper{opacity: 0.2;}.uagb-block-e6f939b3.wp-block-uagb-image--layout-overlay .wp-block-uagb-image--layout-overlay__inner{left: 15px;right: 15px;top: 15px;bottom: 15px;}.uagb-block-e6f939b3.wp-block-uagb-image--layout-overlay .wp-block-uagb-image--layout-overlay__inner .uagb-image-heading{font-style: normal;color: #fff;opacity: 1;}.uagb-block-e6f939b3.wp-block-uagb-image--layout-overlay .wp-block-uagb-image--layout-overlay__inner .uagb-image-heading a{color: #fff;}.uagb-block-e6f939b3.wp-block-uagb-image--layout-overlay .wp-block-uagb-image--layout-overlay__inner .uagb-image-caption{opacity: 0;}.uagb-block-e6f939b3.wp-block-uagb-image--layout-overlay .wp-block-uagb-image__figure:hover .wp-block-uagb-image--layout-overlay__color-wrapper{opacity: 1;}.uagb-block-e6f939b3.wp-block-uagb-image .wp-block-uagb-image--layout-overlay__inner .uagb-image-separator{width: 30%;border-top-width: 2px;border-top-color: #fff;opacity: 0;}.uagb-block-e6f939b3.wp-block-uagb-image .wp-block-uagb-image__figure img{width: px;height: auto;}.uagb-block-e6f939b3.wp-block-uagb-image .wp-block-uagb-image__figure:hover .wp-block-uagb-image--layout-overlay__inner .uagb-image-caption{opacity: 1;}.uagb-block-e6f939b3.wp-block-uagb-image .wp-block-uagb-image__figure:hover .wp-block-uagb-image--layout-overlay__inner .uagb-image-separator{opacity: 1;}.uagb-block-e6f939b3.wp-block-uagb-image--layout-default figure:hover img{box-shadow: 0px 0px 0 #00000070;}.uagb-block-e6f939b3.wp-block-uagb-image--layout-overlay figure:hover img{box-shadow: 0px 0px 0 #00000070;}@media only screen and (max-width: 976px) {.uagb-block-e6f939b3.wp-block-uagb-image .wp-block-uagb-image__figure img{width: px;height: auto;}}@media only screen and (max-width: 767px) {.uagb-block-e6f939b3.wp-block-uagb-image .wp-block-uagb-image__figure img{width: px;height: auto;}}\";s:2:\"js\";s:0:\"\";s:18:\"current_block_list\";a:13:{i:0;s:11:\"core\/search\";i:1;s:10:\"core\/group\";i:2;s:12:\"core\/heading\";i:3;s:17:\"core\/latest-posts\";i:4;s:20:\"core\/latest-comments\";i:5;s:13:\"core\/archives\";i:6;s:15:\"core\/categories\";i:7;s:14:\"core\/paragraph\";i:8;s:10:\"uagb\/image\";i:9;s:11:\"core\/spacer\";i:10;s:30:\"woocommerce\/product-categories\";i:11;s:10:\"core\/image\";i:12;s:14:\"core\/shortcode\";}s:8:\"uag_flag\";b:1;s:11:\"uag_version\";s:10:\"1777264271\";s:6:\"gfonts\";a:0:{}s:10:\"gfonts_url\";s:0:\"\";s:12:\"gfonts_files\";a:0:{}s:14:\"uag_faq_layout\";b:0;}"]},"uagb_featured_image_src":{"full":["https:\/\/www.ferberpainting.com\/wp-content\/uploads\/2025\/05\/Shoe-Water-Repellent-5L.png",2560,2560,false],"thumbnail":["https:\/\/www.ferberpainting.com\/wp-content\/uploads\/2025\/05\/Shoe-Water-Repellent-5L-150x150.png",150,150,true],"medium":["https:\/\/www.ferberpainting.com\/wp-content\/uploads\/2025\/05\/Shoe-Water-Repellent-5L-300x300.png",300,300,true],"medium_large":["https:\/\/www.ferberpainting.com\/wp-content\/uploads\/2025\/05\/Shoe-Water-Repellent-5L-768x768.png",768,768,true],"large":["https:\/\/www.ferberpainting.com\/wp-content\/uploads\/2025\/05\/Shoe-Water-Repellent-5L-1024x1024.png",1024,1024,true],"1536x1536":["https:\/\/www.ferberpainting.com\/wp-content\/uploads\/2025\/05\/Shoe-Water-Repellent-5L-1536x1536.png",1536,1536,true],"2048x2048":["https:\/\/www.ferberpainting.com\/wp-content\/uploads\/2025\/05\/Shoe-Water-Repellent-5L-2048x2048.png",2048,2048,true],"trp-custom-language-flag":["https:\/\/www.ferberpainting.com\/wp-content\/uploads\/2025\/05\/Shoe-Water-Repellent-5L-12x12.png",12,12,true],"woocommerce_thumbnail":["https:\/\/www.ferberpainting.com\/wp-content\/uploads\/2025\/05\/Shoe-Water-Repellent-5L-300x300.png",300,300,true],"woocommerce_single":["https:\/\/www.ferberpainting.com\/wp-content\/uploads\/2025\/05\/Shoe-Water-Repellent-5L-600x600.png",600,600,true],"woocommerce_gallery_thumbnail":["https:\/\/www.ferberpainting.com\/wp-content\/uploads\/2025\/05\/Shoe-Water-Repellent-5L-100x100.png",100,100,true]},"uagb_author_info":{"display_name":"admin","author_link":"https:\/\/www.ferberpainting.com\/sk\/author\/"},"uagb_comment_info":10,"uagb_excerpt":"Effective Protection Against Moisture and Stains.\u00a0This shoe waterproofer is the ideal solution to protect your shoes from the elements, humidity, mud, and stains. Whether your shoes are made of leather, canvas, suede, or nubuck, this product forms an invisible barrier that prevents water from penetrating while allowing the material to breathe. It keeps your feet&hellip;","_links":{"self":[{"href":"https:\/\/www.ferberpainting.com\/sk\/wp-json\/wp\/v2\/product\/25287","targetHints":{"allow":["GET"]}}],"collection":[{"href":"https:\/\/www.ferberpainting.com\/sk\/wp-json\/wp\/v2\/product"}],"about":[{"href":"https:\/\/www.ferberpainting.com\/sk\/wp-json\/wp\/v2\/types\/product"}],"replies":[{"embeddable":true,"href":"https:\/\/www.ferberpainting.com\/sk\/wp-json\/wp\/v2\/comments?post=25287"}],"version-history":[{"count":4,"href":"https:\/\/www.ferberpainting.com\/sk\/wp-json\/wp\/v2\/product\/25287\/revisions"}],"predecessor-version":[{"id":167269,"href":"https:\/\/www.ferberpainting.com\/sk\/wp-json\/wp\/v2\/product\/25287\/revisions\/167269"}],"wp:featuredmedia":[{"embeddable":true,"href":"https:\/\/www.ferberpainting.com\/sk\/wp-json\/wp\/v2\/media\/30017"}],"wp:attachment":[{"href":"https:\/\/www.ferberpainting.com\/sk\/wp-json\/wp\/v2\/media?parent=25287"}],"wp:term":[{"taxonomy":"product_brand","embeddable":true,"href":"https:\/\/www.ferberpainting.com\/sk\/wp-json\/wp\/v2\/product_brand?post=25287"},{"taxonomy":"product_cat","embeddable":true,"href":"https:\/\/www.ferberpainting.com\/sk\/wp-json\/wp\/v2\/product_cat?post=25287"},{"taxonomy":"product_tag","embeddable":true,"href":"https:\/\/www.ferberpainting.com\/sk\/wp-json\/wp\/v2\/product_tag?post=25287"}],"curies":[{"name":"wp","href":"https:\/\/api.w.org\/{rel}","templated":true}]}}