{"id":25283,"date":"2025-05-26T10:30:26","date_gmt":"2025-05-26T08:30:26","guid":{"rendered":"https:\/\/www.ferberpainting.com\/products\/septic-tank-treatment\/"},"modified":"2026-02-16T10:28:42","modified_gmt":"2026-02-16T09:28:42","slug":"septic-tank-treatment","status":"publish","type":"product","link":"https:\/\/www.ferberpainting.com\/sk\/products\/septic-tank-treatment\/","title":{"rendered":"Pr\u00edpravok na septik"},"content":{"rendered":"<p><strong><img decoding=\"async\" style=\"margin-right: 12px;\" src=\"https:\/\/www.ferberpainting.com\/wp-content\/uploads\/2026\/02\/Check.svg\" alt=\"\" width=\"18\" height=\"15\" \/>\u00da\u010dinn\u00e1 a dlhodob\u00e1 \u00fadr\u017eba septikov.<\/strong>\u00a0Toto o\u0161etrenie septikov je \u0161peci\u00e1lne navrhnut\u00e9 na optimaliz\u00e1ciu spr\u00e1vneho fungovania jednotliv\u00fdch kanaliza\u010dn\u00fdch syst\u00e9mov. Zabra\u0148uje nadmern\u00e9mu hromadeniu kalu, zni\u017euje riziko upchatia a minimalizuje nepr\u00edjemn\u00fd z\u00e1pach, pri\u010dom podporuje biologick\u00fa rovnov\u00e1hu potrebn\u00fa na \u00fa\u010dinn\u00e9 \u010distenie odpadov\u00fdch v\u00f4d. V\u010faka svojmu \u00fa\u010dinn\u00e9mu zlo\u017eeniu zabezpe\u010duje nepretr\u017eit\u00e9 p\u00f4sobenie, ktor\u00e9 pom\u00e1ha pred\u013a\u017ei\u0165 \u017eivotnos\u0165 septiku a zni\u017euje frekvenciu od\u010derp\u00e1vania.<\/p>\n<p><strong><img decoding=\"async\" style=\"margin-right: 12px;\" src=\"https:\/\/www.ferberpainting.com\/wp-content\/uploads\/2026\/02\/Check.svg\" alt=\"\" width=\"18\" height=\"15\" \/>Garancia spokojnosti alebo vr\u00e1tenie pe\u0148az\u00ed.<\/strong>\u00a0M\u00e1me \u00fapln\u00fa d\u00f4veru v \u00fa\u010dinnos\u0165 n\u00e1\u0161ho o\u0161etrenia septikov. Preto pon\u00fakame z\u00e1ruku spokojnosti alebo vr\u00e1tenie pe\u0148az\u00ed. Ak v\u00fdrobok po spr\u00e1vnom pou\u017eit\u00ed pod\u013ea odpor\u00fa\u010dan\u00ed nespln\u00ed va\u0161e o\u010dak\u00e1vania, m\u00e1te mo\u017enos\u0165 po\u017eiada\u0165 o vr\u00e1tenie pe\u0148az\u00ed bez ak\u00fdchko\u013evek podmienok, \u010d\u00edm si zabezpe\u010d\u00edte bezpe\u010dn\u00fd a bezrizikov\u00fd n\u00e1kup.<\/p>\n<p><strong><img decoding=\"async\" style=\"margin-right: 12px;\" src=\"https:\/\/www.ferberpainting.com\/wp-content\/uploads\/2026\/02\/Check.svg\" alt=\"\" width=\"18\" height=\"15\" \/>Vhodn\u00e9 pre v\u0161etky typy n\u00e1dr\u017e\u00ed a materi\u00e1lov.<\/strong>\u00a0T\u00e1to \u00faprava je kompatibiln\u00e1 so septikmi vyroben\u00fdmi z bet\u00f3nu, plastu, cementu a kompozitn\u00fdch materi\u00e1lov, ako aj s tradi\u010dn\u00fdmi a ekologick\u00fdmi sanita\u010dn\u00fdmi syst\u00e9mami. \u00da\u010dinne p\u00f4sob\u00ed v celovodn\u00fdch septikoch a lapa\u010doch tukov, pri\u010dom sa prisp\u00f4sobuje v\u0161etk\u00fdm konfigur\u00e1ci\u00e1m nes\u00fabornej sanit\u00e1cie, \u010di u\u017e ide o s\u00fakromn\u00fd dom, penzi\u00f3n alebo profesion\u00e1lnu in\u0161tal\u00e1ciu.<\/p>\n<p><strong><img decoding=\"async\" style=\"margin-right: 12px;\" src=\"https:\/\/www.ferberpainting.com\/wp-content\/uploads\/2026\/02\/Check.svg\" alt=\"\" width=\"18\" height=\"15\" \/>N\u00e1kladovo efekt\u00edvne a optimalizovan\u00e9 d\u00e1vkovanie.<\/strong>\u00a0V\u010faka svojmu koncentrovan\u00e9mu zlo\u017eeniu zabezpe\u010duje jedna f\u013ea\u0161a \u00fa\u010dinn\u00e9 o\u0161etrenie na 1 rok, \u010d\u00edm sa predch\u00e1dza \u010dast\u00e9mu kupovaniu a zabezpe\u010duje n\u00e1kladovo efekt\u00edvne rie\u0161enie \u00fadr\u017eby septikov. Jeho postupn\u00e9 p\u00f4sobenie umo\u017e\u0148uje nepretr\u017eit\u00e9 rozkladanie organick\u00fdch l\u00e1tok a zni\u017euje potrebu n\u00e1kladn\u00fdch a nepohodln\u00fdch pre\u010derp\u00e1van\u00ed.<\/p>\n<p><strong><img decoding=\"async\" style=\"margin-right: 12px;\" src=\"https:\/\/www.ferberpainting.com\/wp-content\/uploads\/2026\/02\/Check.svg\" alt=\"\" width=\"18\" height=\"15\" \/>Bezpe\u010dn\u00fd a ekologick\u00fd v\u00fdrobok.<\/strong>\u00a0Tento pr\u00edpravok na o\u0161etrenie septikov neobsahuje agres\u00edvne chemik\u00e1lie a je bezpe\u010dn\u00fd pre \u017eivotn\u00e9 prostredie. Zachov\u00e1va prirodzen\u00fa rovnov\u00e1hu n\u00e1dr\u017ee t\u00fdm, \u017ee p\u00f4sob\u00ed biologicky, \u010d\u00edm obmedzuje hromadenie kalu a zabra\u0148uje upch\u00e1vaniu potrubia. Nepredstavuje \u017eiadne riziko pre okolit\u00fa fl\u00f3ru a faunu, \u010d\u00edm prispieva k ekologickej\u0161ej a udr\u017eate\u013enej\u0161ej sanit\u00e1cii.<\/p>\n<p><strong><img decoding=\"async\" style=\"margin-right: 12px;\" src=\"https:\/\/www.ferberpainting.com\/wp-content\/uploads\/2026\/02\/Check.svg\" alt=\"\" width=\"18\" height=\"15\" \/>Jednoduch\u00e9 pou\u017eitie a bezprobl\u00e9mov\u00e1 aplik\u00e1cia.<\/strong>\u00a0Tento v\u00fdrobok je pripraven\u00fd na pou\u017eitie a nevy\u017eaduje si zlo\u017eit\u00fa manipul\u00e1ciu ani \u0161peci\u00e1lne vybavenie. Jednoducho ho nalejte priamo do toalety alebo do najbli\u017e\u0161ieho odtoku vody, aby sa zabezpe\u010dilo rovnomern\u00e9 rozlo\u017eenie v celej n\u00e1dr\u017ei. Jeho jednoduch\u00e9 pou\u017eitie umo\u017e\u0148uje ka\u017ed\u00e9mu \u00fa\u010dinne udr\u017eiava\u0165 svoj syst\u00e9m bez toho, aby si vy\u017eadoval odborn\u00e9 znalosti.<\/p>\n<p><strong><img decoding=\"async\" style=\"margin-right: 12px;\" src=\"https:\/\/www.ferberpainting.com\/wp-content\/uploads\/2026\/02\/Check.svg\" alt=\"\" width=\"18\" height=\"15\" \/>Trvanlivos\u0165 a prevencia por\u00fach.<\/strong>\u00a0Udr\u017eiavan\u00edm zdravej biologickej rovnov\u00e1hy v n\u00e1dr\u017ei sa predl\u017euje jej \u017eivotnos\u0165, predch\u00e1dza sa probl\u00e9mom s upch\u00e1van\u00edm a zni\u017euje sa po\u010det n\u00e1kladn\u00fdch z\u00e1sahov. Zabra\u0148uje tvorbe pevn\u00fdch usaden\u00edn, \u010d\u00edm zni\u017euje riziko upchatia a upchatia potrubia a zabezpe\u010duje optim\u00e1lnu sanit\u00e1ciu po\u010das cel\u00e9ho roka.<\/p>\n<p><strong><img decoding=\"async\" style=\"margin-right: 12px;\" src=\"https:\/\/www.ferberpainting.com\/wp-content\/uploads\/2026\/02\/Check.svg\" alt=\"\" width=\"18\" height=\"15\" \/>R\u00fdchly \u00fa\u010dinok a vidite\u013en\u00e9 v\u00fdsledky do nieko\u013ek\u00fdch dn\u00ed.<\/strong>\u00a0Po aplik\u00e1cii tento pr\u00edpravok okam\u017eite p\u00f4sob\u00ed na organick\u00fd odpad a za\u010dne obnovova\u0165 rovnov\u00e1hu v n\u00e1dr\u017ei. U\u017e za nieko\u013eko dn\u00ed sa zn\u00ed\u017ei nepr\u00edjemn\u00fd z\u00e1pach, zlep\u0161\u00ed sa skvapal\u0148ovanie kalu a obnov\u00ed sa spr\u00e1vny prietok odpadovej vody, \u010d\u00edm sa zabezpe\u010d\u00ed optim\u00e1lny v\u00fdkon syst\u00e9mu.<\/p>\n<h2>Protokol o pou\u017e\u00edvan\u00ed<\/h2>\n<ul>\n<li><strong>Odpor\u00fa\u010dan\u00e9 d\u00e1vkovanie <\/strong>: Jedna f\u013ea\u0161a o\u0161etr\u00ed septik na 1 rok. Odpor\u00fa\u010da sa nalia\u0165 pravideln\u00fa d\u00e1vku ka\u017ed\u00fd mesiac, aby sa udr\u017eala \u00fa\u010dinnos\u0165 lie\u010dby.<\/li>\n<li><strong>Aplik\u00e1cia produktu <\/strong>: Odpor\u00fa\u010dan\u00e9 mno\u017estvo nalejte priamo do toalety alebo um\u00fdvadla, potom spl\u00e1chnite alebo pustite vodu, aby ste zabezpe\u010dili spr\u00e1vnu dif\u00faziu do sanit\u00e1rneho syst\u00e9mu.<\/li>\n<li><strong>Frekvencia \u00fadr\u017eby <\/strong>: V\u00fdrobok pou\u017e\u00edvajte raz mesa\u010dne, aby ste zabezpe\u010dili nepretr\u017eit\u00fa \u00fadr\u017ebu a zabr\u00e1nili hromadeniu kalu. Pravideln\u00e1 \u00fadr\u017eba pom\u00e1ha optimalizova\u0165 \u00fa\u010dinnos\u0165 n\u00e1dr\u017ee a zni\u017euje potrebu \u00fadr\u017eb\u00e1rskych z\u00e1sahov.<\/li>\n<li><strong>O\u010dak\u00e1van\u00e9 \u00fa\u010dinky <\/strong>: Po nieko\u013ek\u00fdch d\u0148och sa skvapalnenie organick\u00fdch l\u00e1tok zlep\u0161\u00ed, nepr\u00edjemn\u00fd z\u00e1pach sa zn\u00ed\u017ei a celkov\u00fd v\u00fdkon septiku sa optimalizuje.<\/li>\n<li><strong>Bezpe\u010dnostn\u00e9 opatrenia pri pou\u017e\u00edvan\u00ed <\/strong>: Nepou\u017e\u00edvajte tento v\u00fdrobok s\u00fa\u010dasne s drsn\u00fdm chemick\u00fdm \u010distiacim prostriedkom (ako je bielidlo alebo kyselina), aby ste nezn\u00ed\u017eili jeho \u00fa\u010dinnos\u0165.<\/li>\n<li><strong>Skladovanie a uchov\u00e1vanie <\/strong>: V\u00fdrobok uchov\u00e1vajte na suchom a miernom mieste, mimo dosahu slne\u010dn\u00e9ho \u017eiarenia a mrazu, aby sa zabezpe\u010dila jeho stabilita a \u00fa\u010dinnos\u0165.<\/li>\n<\/ul>\n<p>S touto \u00fapravou septiku je \u00fadr\u017eba v\u00e1\u0161ho syst\u00e9mu bezprobl\u00e9mov\u00e1, zabezpe\u010duje optim\u00e1lny v\u00fdkon a z\u00e1rove\u0148 chr\u00e1ni \u017eivotn\u00e9 prostredie a zni\u017euje n\u00e1klady na \u00fadr\u017ebu a od\u010derp\u00e1vanie.<\/p>","protected":false},"excerpt":{"rendered":"<p>Effective and long-lasting septic tank maintenance.\u00a0This septic tank treatment is specially designed to optimize the proper functioning of individual sanitation systems. It prevents excessive sludge accumulation, reduces the risk of blockages, and minimizes bad odors while promoting the biological balance necessary for effective wastewater treatment. Thanks to its powerful formulation, it ensures continuous action that [&hellip;]<\/p>\n","protected":false},"featured_media":27165,"comment_status":"open","ping_status":"closed","template":"","meta":{"_uag_custom_page_level_css":"","site-sidebar-layout":"default","site-content-layout":"","ast-site-content-layout":"default","site-content-style":"default","site-sidebar-style":"default","ast-global-header-display":"","ast-banner-title-visibility":"","ast-main-header-display":"","ast-hfb-above-header-display":"","ast-hfb-below-header-display":"","ast-hfb-mobile-header-display":"","site-post-title":"","ast-breadcrumbs-content":"","ast-featured-img":"","footer-sml-layout":"","ast-disable-related-posts":"","theme-transparent-header-meta":"default","adv-header-id-meta":"","stick-header-meta":"","header-above-stick-meta":"","header-main-stick-meta":"","header-below-stick-meta":"","astra-migrate-meta-layouts":"set","ast-page-background-enabled":"default","ast-page-background-meta":{"desktop":{"background-color":"var(--ast-global-color-4)","background-image":"","background-repeat":"repeat","background-position":"center center","background-size":"auto","background-attachment":"scroll","background-type":"","background-media":"","overlay-type":"","overlay-color":"","overlay-opacity":"","overlay-gradient":""},"tablet":{"background-color":"","background-image":"","background-repeat":"repeat","background-position":"center center","background-size":"auto","background-attachment":"scroll","background-type":"","background-media":"","overlay-type":"","overlay-color":"","overlay-opacity":"","overlay-gradient":""},"mobile":{"background-color":"","background-image":"","background-repeat":"repeat","background-position":"center center","background-size":"auto","background-attachment":"scroll","background-type":"","background-media":"","overlay-type":"","overlay-color":"","overlay-opacity":"","overlay-gradient":""}},"ast-content-background-meta":{"desktop":{"background-color":"var(--ast-global-color-5)","background-image":"","background-repeat":"repeat","background-position":"center center","background-size":"auto","background-attachment":"scroll","background-type":"","background-media":"","overlay-type":"","overlay-color":"","overlay-opacity":"","overlay-gradient":""},"tablet":{"background-color":"var(--ast-global-color-5)","background-image":"","background-repeat":"repeat","background-position":"center center","background-size":"auto","background-attachment":"scroll","background-type":"","background-media":"","overlay-type":"","overlay-color":"","overlay-opacity":"","overlay-gradient":""},"mobile":{"background-color":"var(--ast-global-color-5)","background-image":"","background-repeat":"repeat","background-position":"center center","background-size":"auto","background-attachment":"scroll","background-type":"","background-media":"","overlay-type":"","overlay-color":"","overlay-opacity":"","overlay-gradient":""}}},"product_brand":[],"product_cat":[175],"product_tag":[],"class_list":{"0":"post-25283","1":"product","2":"type-product","3":"status-publish","4":"has-post-thumbnail","6":"product_cat-cleaning-products","7":"desktop-align-left","8":"tablet-align-left","9":"mobile-align-left","11":"first","12":"instock","13":"taxable","14":"shipping-taxable","15":"purchasable","16":"product-type-simple"},"spectra_custom_meta":{"_visibility":["visible"],"_shopify_product_id":["9061152882933"],"_s2w_shopify_domain":["ferberpainting.myshopify.com"],"_shopify_variant_id":["46484680802549"],"_sku":["FPSEPTICTANKTREATMENT250ML"],"_regular_price":["29.90"],"_price":["29.90"],"_sale_price":[""],"_weight":["0.45"],"_thumbnail_id":["27165"],"_global_unique_id":["5056773818408"],"total_sales":["14"],"_tax_status":["taxable"],"_tax_class":[""],"_manage_stock":["no"],"_backorders":["no"],"_sold_individually":["no"],"_virtual":["no"],"_downloadable":["no"],"_download_limit":["-1"],"_download_expiry":["-1"],"_stock":[null],"_stock_status":["instock"],"_wc_average_rating":["4.71"],"_wc_review_count":["7"],"_product_version":["10.5.1"],"_edit_lock":["1776895678:9328"],"merchant-center-availability":["yes"],"merchant-center-category":["7470"],"_edit_last":["1"],"_wp_page_template":["default"],"site-sidebar-layout":["default"],"ast-site-content-layout":["default"],"site-content-style":["default"],"site-sidebar-style":["default"],"theme-transparent-header-meta":["default"],"_wc_rating_count":["a:2:{i:4;i:2;i:5;i:5;}"],"astra-migrate-meta-layouts":["set"],"_uag_css_file_name":["uag-css-25283.css"],"_elementor_page_assets":["a:0:{}"],"_uag_page_assets":["a:9:{s:3:\"css\";s:7133:\".uag-blocks-common-selector{z-index:var(--z-index-desktop) !important}@media(max-width: 976px){.uag-blocks-common-selector{z-index:var(--z-index-tablet) !important}}@media(max-width: 767px){.uag-blocks-common-selector{z-index:var(--z-index-mobile) !important}}.wp-block-uagb-image{display:flex}.wp-block-uagb-image__figure{position:relative;display:flex;flex-direction:column;max-width:100%;height:auto;margin:0}.wp-block-uagb-image__figure img{height:auto;display:flex;max-width:100%;transition:box-shadow .2s ease}.wp-block-uagb-image__figure>a{display:inline-block}.wp-block-uagb-image__figure figcaption{text-align:center;margin-top:.5em;margin-bottom:1em}.wp-block-uagb-image .components-placeholder.block-editor-media-placeholder .components-placeholder__instructions{align-self:center}.wp-block-uagb-image--align-left{text-align:left}.wp-block-uagb-image--align-right{text-align:right}.wp-block-uagb-image--align-center{text-align:center}.wp-block-uagb-image--align-full .wp-block-uagb-image__figure{margin-left:calc(50% - 50vw);margin-right:calc(50% - 50vw);max-width:100vw;width:100vw;height:auto}.wp-block-uagb-image--align-full .wp-block-uagb-image__figure img{height:auto;width:100% !important}.wp-block-uagb-image--align-wide .wp-block-uagb-image__figure img{height:auto;width:100%}.wp-block-uagb-image--layout-overlay__color-wrapper{position:absolute;left:0;top:0;right:0;bottom:0;opacity:.2;background:rgba(0,0,0,.5);transition:opacity .35s ease-in-out}.wp-block-uagb-image--layout-overlay-link{position:absolute;left:0;right:0;bottom:0;top:0}.wp-block-uagb-image--layout-overlay .wp-block-uagb-image__figure:hover .wp-block-uagb-image--layout-overlay__color-wrapper{opacity:1}.wp-block-uagb-image--layout-overlay__inner{position:absolute;left:15px;right:15px;bottom:15px;top:15px;display:flex;align-items:center;justify-content:center;flex-direction:column;border-color:#fff;transition:.35s ease-in-out}.wp-block-uagb-image--layout-overlay__inner.top-left,.wp-block-uagb-image--layout-overlay__inner.top-center,.wp-block-uagb-image--layout-overlay__inner.top-right{justify-content:flex-start}.wp-block-uagb-image--layout-overlay__inner.bottom-left,.wp-block-uagb-image--layout-overlay__inner.bottom-center,.wp-block-uagb-image--layout-overlay__inner.bottom-right{justify-content:flex-end}.wp-block-uagb-image--layout-overlay__inner.top-left,.wp-block-uagb-image--layout-overlay__inner.center-left,.wp-block-uagb-image--layout-overlay__inner.bottom-left{align-items:flex-start}.wp-block-uagb-image--layout-overlay__inner.top-right,.wp-block-uagb-image--layout-overlay__inner.center-right,.wp-block-uagb-image--layout-overlay__inner.bottom-right{align-items:flex-end}.wp-block-uagb-image--layout-overlay__inner .uagb-image-heading{color:#fff;transition:transform .35s,opacity .35s ease-in-out;transform:translate3d(0, 24px, 0);margin:0;line-height:1em}.wp-block-uagb-image--layout-overlay__inner .uagb-image-separator{width:30%;border-top-width:2px;border-top-color:#fff;border-top-style:solid;margin-bottom:10px;opacity:0;transition:transform .4s,opacity .4s ease-in-out;transform:translate3d(0, 30px, 0)}.wp-block-uagb-image--layout-overlay__inner .uagb-image-caption{opacity:0;overflow:visible;color:#fff;transition:transform .45s,opacity .45s ease-in-out;transform:translate3d(0, 35px, 0)}.wp-block-uagb-image--layout-overlay__inner:hover .uagb-image-heading,.wp-block-uagb-image--layout-overlay__inner:hover .uagb-image-separator,.wp-block-uagb-image--layout-overlay__inner:hover .uagb-image-caption{opacity:1;transform:translate3d(0, 0, 0)}.wp-block-uagb-image--effect-zoomin .wp-block-uagb-image__figure img,.wp-block-uagb-image--effect-zoomin .wp-block-uagb-image__figure .wp-block-uagb-image--layout-overlay__color-wrapper{transform:scale(1);transition:transform .35s ease-in-out}.wp-block-uagb-image--effect-zoomin .wp-block-uagb-image__figure:hover img,.wp-block-uagb-image--effect-zoomin .wp-block-uagb-image__figure:hover .wp-block-uagb-image--layout-overlay__color-wrapper{transform:scale(1.05)}.wp-block-uagb-image--effect-slide .wp-block-uagb-image__figure img,.wp-block-uagb-image--effect-slide .wp-block-uagb-image__figure .wp-block-uagb-image--layout-overlay__color-wrapper{width:calc(100% + 40px) !important;max-width:none !important;transform:translate3d(-40px, 0, 0);transition:transform .35s ease-in-out}.wp-block-uagb-image--effect-slide .wp-block-uagb-image__figure:hover img,.wp-block-uagb-image--effect-slide .wp-block-uagb-image__figure:hover .wp-block-uagb-image--layout-overlay__color-wrapper{transform:translate3d(0, 0, 0)}.wp-block-uagb-image--effect-grayscale img{filter:grayscale(0%);transition:.35s ease-in-out}.wp-block-uagb-image--effect-grayscale:hover img{filter:grayscale(100%)}.wp-block-uagb-image--effect-blur img{filter:blur(0);transition:.35s ease-in-out}.wp-block-uagb-image--effect-blur:hover img{filter:blur(3px)}.uagb-block-e6f939b3.wp-block-uagb-image--layout-default figure img{box-shadow: 0px 0px 0 #00000070;}.uagb-block-e6f939b3.wp-block-uagb-image .wp-block-uagb-image__figure figcaption{font-style: normal;align-self: center;}.uagb-block-e6f939b3.wp-block-uagb-image--layout-overlay figure img{box-shadow: 0px 0px 0 #00000070;}.uagb-block-e6f939b3.wp-block-uagb-image--layout-overlay .wp-block-uagb-image--layout-overlay__color-wrapper{opacity: 0.2;}.uagb-block-e6f939b3.wp-block-uagb-image--layout-overlay .wp-block-uagb-image--layout-overlay__inner{left: 15px;right: 15px;top: 15px;bottom: 15px;}.uagb-block-e6f939b3.wp-block-uagb-image--layout-overlay .wp-block-uagb-image--layout-overlay__inner .uagb-image-heading{font-style: normal;color: #fff;opacity: 1;}.uagb-block-e6f939b3.wp-block-uagb-image--layout-overlay .wp-block-uagb-image--layout-overlay__inner .uagb-image-heading a{color: #fff;}.uagb-block-e6f939b3.wp-block-uagb-image--layout-overlay .wp-block-uagb-image--layout-overlay__inner .uagb-image-caption{opacity: 0;}.uagb-block-e6f939b3.wp-block-uagb-image--layout-overlay .wp-block-uagb-image__figure:hover .wp-block-uagb-image--layout-overlay__color-wrapper{opacity: 1;}.uagb-block-e6f939b3.wp-block-uagb-image .wp-block-uagb-image--layout-overlay__inner .uagb-image-separator{width: 30%;border-top-width: 2px;border-top-color: #fff;opacity: 0;}.uagb-block-e6f939b3.wp-block-uagb-image .wp-block-uagb-image__figure img{width: px;height: auto;}.uagb-block-e6f939b3.wp-block-uagb-image .wp-block-uagb-image__figure:hover .wp-block-uagb-image--layout-overlay__inner .uagb-image-caption{opacity: 1;}.uagb-block-e6f939b3.wp-block-uagb-image .wp-block-uagb-image__figure:hover .wp-block-uagb-image--layout-overlay__inner .uagb-image-separator{opacity: 1;}.uagb-block-e6f939b3.wp-block-uagb-image--layout-default figure:hover img{box-shadow: 0px 0px 0 #00000070;}.uagb-block-e6f939b3.wp-block-uagb-image--layout-overlay figure:hover img{box-shadow: 0px 0px 0 #00000070;}@media only screen and (max-width: 976px) {.uagb-block-e6f939b3.wp-block-uagb-image .wp-block-uagb-image__figure img{width: px;height: auto;}}@media only screen and (max-width: 767px) {.uagb-block-e6f939b3.wp-block-uagb-image .wp-block-uagb-image__figure img{width: px;height: auto;}}\";s:2:\"js\";s:0:\"\";s:18:\"current_block_list\";a:13:{i:0;s:11:\"core\/search\";i:1;s:10:\"core\/group\";i:2;s:12:\"core\/heading\";i:3;s:17:\"core\/latest-posts\";i:4;s:20:\"core\/latest-comments\";i:5;s:13:\"core\/archives\";i:6;s:15:\"core\/categories\";i:7;s:14:\"core\/paragraph\";i:8;s:10:\"uagb\/image\";i:9;s:11:\"core\/spacer\";i:10;s:30:\"woocommerce\/product-categories\";i:11;s:10:\"core\/image\";i:12;s:14:\"core\/shortcode\";}s:8:\"uag_flag\";b:1;s:11:\"uag_version\";s:10:\"1777229345\";s:6:\"gfonts\";a:0:{}s:10:\"gfonts_url\";s:0:\"\";s:12:\"gfonts_files\";a:0:{}s:14:\"uag_faq_layout\";b:0;}"]},"uagb_featured_image_src":{"full":["https:\/\/www.ferberpainting.com\/wp-content\/uploads\/2025\/05\/SepticTankTreatment.png",2560,2560,false],"thumbnail":["https:\/\/www.ferberpainting.com\/wp-content\/uploads\/2025\/05\/SepticTankTreatment-150x150.png",150,150,true],"medium":["https:\/\/www.ferberpainting.com\/wp-content\/uploads\/2025\/05\/SepticTankTreatment-300x300.png",300,300,true],"medium_large":["https:\/\/www.ferberpainting.com\/wp-content\/uploads\/2025\/05\/SepticTankTreatment-768x768.png",768,768,true],"large":["https:\/\/www.ferberpainting.com\/wp-content\/uploads\/2025\/05\/SepticTankTreatment-1024x1024.png",1024,1024,true],"1536x1536":["https:\/\/www.ferberpainting.com\/wp-content\/uploads\/2025\/05\/SepticTankTreatment-1536x1536.png",1536,1536,true],"2048x2048":["https:\/\/www.ferberpainting.com\/wp-content\/uploads\/2025\/05\/SepticTankTreatment-2048x2048.png",2048,2048,true],"trp-custom-language-flag":["https:\/\/www.ferberpainting.com\/wp-content\/uploads\/2025\/05\/SepticTankTreatment-12x12.png",12,12,true],"woocommerce_thumbnail":["https:\/\/www.ferberpainting.com\/wp-content\/uploads\/2025\/05\/SepticTankTreatment-300x300.png",300,300,true],"woocommerce_single":["https:\/\/www.ferberpainting.com\/wp-content\/uploads\/2025\/05\/SepticTankTreatment-600x600.png",600,600,true],"woocommerce_gallery_thumbnail":["https:\/\/www.ferberpainting.com\/wp-content\/uploads\/2025\/05\/SepticTankTreatment-100x100.png",100,100,true]},"uagb_author_info":{"display_name":"admin","author_link":"https:\/\/www.ferberpainting.com\/sk\/author\/"},"uagb_comment_info":7,"uagb_excerpt":"Effective and long-lasting septic tank maintenance.\u00a0This septic tank treatment is specially designed to optimize the proper functioning of individual sanitation systems. It prevents excessive sludge accumulation, reduces the risk of blockages, and minimizes bad odors while promoting the biological balance necessary for effective wastewater treatment. Thanks to its powerful formulation, it ensures continuous action that&hellip;","_links":{"self":[{"href":"https:\/\/www.ferberpainting.com\/sk\/wp-json\/wp\/v2\/product\/25283","targetHints":{"allow":["GET"]}}],"collection":[{"href":"https:\/\/www.ferberpainting.com\/sk\/wp-json\/wp\/v2\/product"}],"about":[{"href":"https:\/\/www.ferberpainting.com\/sk\/wp-json\/wp\/v2\/types\/product"}],"replies":[{"embeddable":true,"href":"https:\/\/www.ferberpainting.com\/sk\/wp-json\/wp\/v2\/comments?post=25283"}],"version-history":[{"count":3,"href":"https:\/\/www.ferberpainting.com\/sk\/wp-json\/wp\/v2\/product\/25283\/revisions"}],"predecessor-version":[{"id":167263,"href":"https:\/\/www.ferberpainting.com\/sk\/wp-json\/wp\/v2\/product\/25283\/revisions\/167263"}],"wp:featuredmedia":[{"embeddable":true,"href":"https:\/\/www.ferberpainting.com\/sk\/wp-json\/wp\/v2\/media\/27165"}],"wp:attachment":[{"href":"https:\/\/www.ferberpainting.com\/sk\/wp-json\/wp\/v2\/media?parent=25283"}],"wp:term":[{"taxonomy":"product_brand","embeddable":true,"href":"https:\/\/www.ferberpainting.com\/sk\/wp-json\/wp\/v2\/product_brand?post=25283"},{"taxonomy":"product_cat","embeddable":true,"href":"https:\/\/www.ferberpainting.com\/sk\/wp-json\/wp\/v2\/product_cat?post=25283"},{"taxonomy":"product_tag","embeddable":true,"href":"https:\/\/www.ferberpainting.com\/sk\/wp-json\/wp\/v2\/product_tag?post=25283"}],"curies":[{"name":"wp","href":"https:\/\/api.w.org\/{rel}","templated":true}]}}