{"id":25275,"date":"2025-05-26T10:30:18","date_gmt":"2025-05-26T08:30:18","guid":{"rendered":"https:\/\/www.ferberpainting.com\/products\/rose-fertilizer\/"},"modified":"2026-02-16T09:06:09","modified_gmt":"2026-02-16T08:06:09","slug":"rose-fertilizer","status":"publish","type":"product","link":"https:\/\/www.ferberpainting.com\/sk\/products\/rose-fertilizer\/","title":{"rendered":"Hnojivo na ru\u017ee 25 kg"},"content":{"rendered":"<p><strong><img decoding=\"async\" style=\"margin-right: 12px;\" src=\"https:\/\/www.ferberpainting.com\/wp-content\/uploads\/2026\/02\/Check.svg\" alt=\"\" width=\"18\" height=\"15\" \/>Hnojivo \u0161peci\u00e1lne navrhnut\u00e9 pre \u017eiv\u00e9 a zdrav\u00e9 ru\u017ee. <\/strong>Toto hnojivo je \u0161peci\u00e1lne vyvinut\u00e9 na uspokojenie potrieb ru\u017e\u00ed, podporuje intenz\u00edvny rast, bohat\u00e9 kvitnutie a zv\u00fd\u0161en\u00fa odolnos\u0165 vo\u010di chorob\u00e1m. V\u010faka ide\u00e1lnej rovnov\u00e1he dus\u00edka (N), fosforu (P) a drasl\u00edka (K) so zlo\u017een\u00edm NPK 10-10-10 stimuluje rast listov a stoniek, rozvoj kore\u0148ov a tvorbu intenz\u00edvne sfarben\u00fdch, dlhotrvaj\u00facich kvetov.<\/p>\n<p><strong><img decoding=\"async\" style=\"margin-right: 12px;\" src=\"https:\/\/www.ferberpainting.com\/wp-content\/uploads\/2026\/02\/Check.svg\" alt=\"\" width=\"18\" height=\"15\" \/>Spokojnos\u0165 alebo z\u00e1ruka vr\u00e1tenia pe\u0148az\u00ed. <\/strong>Sme presved\u010den\u00ed o \u00fa\u010dinnosti n\u00e1\u0161ho hnojiva a garantujeme vr\u00e1tenie pe\u0148az\u00ed v plnej v\u00fd\u0161ke, ak nebudete spokojn\u00ed. Ak napriek spr\u00e1vnemu pou\u017e\u00edvaniu pod\u013ea odpor\u00fa\u010dan\u00ed va\u0161e ru\u017ee nevykazuj\u00fa v\u00fdrazn\u00e9 zlep\u0161enie, m\u00f4\u017eete po\u017eiada\u0165 o vr\u00e1tenie pe\u0148az\u00ed bez podmienok.<\/p>\n<p><strong><img decoding=\"async\" style=\"margin-right: 12px;\" src=\"https:\/\/www.ferberpainting.com\/wp-content\/uploads\/2026\/02\/Check.svg\" alt=\"\" width=\"18\" height=\"15\" \/>Vhodn\u00e9 pre v\u0161etky odrody a podmienky pestovania. <\/strong>Toto hnojivo je vhodn\u00e9 pre v\u0161etky druhy ru\u017e\u00ed vr\u00e1tane kr\u00edkov\u00fdch ru\u017e\u00ed, pop\u00ednav\u00fdch ru\u017e\u00ed, \u0161tandardn\u00fdch ru\u017e\u00ed, p\u00f4dopokryvn\u00fdch ru\u017e\u00ed, ako aj pre star\u00e9 a modern\u00e9 odrody. Je ide\u00e1lne na v\u00fdsadbu do vo\u013enej p\u00f4dy, na z\u00e1hony, do n\u00e1dob alebo kvetin\u00e1\u010dov. V\u010faka svojmu vyv\u00e1\u017een\u00e9mu zlo\u017eeniu je univerz\u00e1lnym hnojivom, ktor\u00e9 zabezpe\u010duje nepretr\u017eit\u00e9 kvitnutie a zv\u00fd\u0161en\u00fa odolnos\u0165 vo\u010di chorob\u00e1m a klimatick\u00fdm zmen\u00e1m.<\/p>\n<p><strong><img decoding=\"async\" style=\"margin-right: 12px;\" src=\"https:\/\/www.ferberpainting.com\/wp-content\/uploads\/2026\/02\/Check.svg\" alt=\"\" width=\"18\" height=\"15\" \/>Vynikaj\u00faca ekonomick\u00e1 hodnota. <\/strong>V\u010faka svojmu koncentrovan\u00e9mu zlo\u017eeniu zabezpe\u010duje toto hnojivo dlhodob\u00fa \u00fa\u010dinnos\u0165 pri malom mno\u017estve na jednu aplik\u00e1ciu. S 25 kg vreckom m\u00f4\u017eete hnoji\u0165 ve\u013ek\u00e9 mno\u017estvo ru\u017e\u00ed po\u010das nieko\u013ek\u00fdch sez\u00f3n. Odpor\u00fa\u010dan\u00e1 d\u00e1vka 200 g na jednu rastlinu ru\u017ee poskytuje progres\u00edvnu v\u00fd\u017eivu po\u010das nieko\u013ek\u00fdch t\u00fd\u017ed\u0148ov a pon\u00faka vynikaj\u00faci pomer ceny a kvality.<\/p>\n<p><strong><img decoding=\"async\" style=\"margin-right: 12px;\" src=\"https:\/\/www.ferberpainting.com\/wp-content\/uploads\/2026\/02\/Check.svg\" alt=\"\" width=\"18\" height=\"15\" \/>Bezpe\u010dn\u00e9 pre rastliny a \u017eivotn\u00e9 prostredie. <\/strong>Toto hnojivo je navrhnut\u00e9 bez \u0161kodliv\u00fdch l\u00e1tok, \u010d\u00edm zabezpe\u010duje obohatenie p\u00f4dy bez negat\u00edvnych \u00fa\u010dinkov na biodiverzitu. Je 100% bezpe\u010dn\u00e9 pre rastliny, podporuje prirodzen\u00fd a harmonick\u00fd rast a z\u00e1rove\u0148 re\u0161pektuje \u017eivotn\u00e9 prostredie. Jeho vyv\u00e1\u017een\u00e9 zlo\u017eenie zabra\u0148uje sp\u00e1leniu kore\u0148ov a podporuje udr\u017eate\u013en\u00fd rozvoj ru\u017e\u00ed.<\/p>\n<p><strong><img decoding=\"async\" style=\"margin-right: 12px;\" src=\"https:\/\/www.ferberpainting.com\/wp-content\/uploads\/2026\/02\/Check.svg\" alt=\"\" width=\"18\" height=\"15\" \/>Jednoduch\u00e9 a pr\u00edstupn\u00e9 pre ka\u017ed\u00e9ho. <\/strong>Na rozdiel od kvapaln\u00fdch hnoj\u00edv, ktor\u00e9 sa musia riedi\u0165, sa toto pevn\u00e9 granulovan\u00e9 hnojivo aplikuje priamo na z\u00e1klad\u0148u ru\u017e\u00ed. Nevy\u017eaduje si \u017eiadnu predch\u00e1dzaj\u00facu pr\u00edpravu, preto je jeho pou\u017eitie praktick\u00e9 a r\u00fdchle. Je vhodn\u00e9 pre amat\u00e9rskych z\u00e1hradk\u00e1rov aj profesion\u00e1lov a zaru\u010duje r\u00fdchle a vidite\u013en\u00e9 v\u00fdsledky s minim\u00e1lnym \u00fasil\u00edm.<\/p>\n<p><strong><img decoding=\"async\" style=\"margin-right: 12px;\" src=\"https:\/\/www.ferberpainting.com\/wp-content\/uploads\/2026\/02\/Check.svg\" alt=\"\" width=\"18\" height=\"15\" \/>Dlhotrvaj\u00face p\u00f4sobenie pre dlh\u0161ie kvitnutie. <\/strong>V\u010faka pomal\u00e9mu a postupn\u00e9mu uvo\u013e\u0148ovaniu \u017eiv\u00edn poskytuje toto hnojivo ru\u017eiam nepretr\u017eit\u00fa v\u00fd\u017eivu, \u010d\u00edm zni\u017euje nedostatok \u017eiv\u00edn a potrebu \u010dast\u00e9ho hnojenia. Posil\u0148uje kore\u0148ov\u00fd syst\u00e9m, zlep\u0161uje odolnos\u0165 vo\u010di chorob\u00e1m a predl\u017euje obdobie kvitnutia \u017eiariv\u00fdch ru\u017e\u00ed po\u010das celej sez\u00f3ny.<\/p>\n<p><strong><img decoding=\"async\" style=\"margin-right: 12px;\" src=\"https:\/\/www.ferberpainting.com\/wp-content\/uploads\/2026\/02\/Check.svg\" alt=\"\" width=\"18\" height=\"15\" \/>Vidite\u013en\u00e9 v\u00fdsledky od prv\u00fdch t\u00fd\u017ed\u0148ov. <\/strong>U\u017e po prv\u00fdch aplik\u00e1ci\u00e1ch si v\u0161imnete lep\u0161\u00ed rast listov, silnej\u0161ie stonky a bohat\u0161ie kvitnutie. Kvety bud\u00fa v\u00e4\u010d\u0161ie, farebnej\u0161ie a vo\u0148avej\u0161ie, zatia\u013e \u010do ru\u017ee z\u00edskaj\u00fa zv\u00fd\u0161en\u00fa odolnos\u0165 vo\u010di \u0161kodcom a hubov\u00fdm chorob\u00e1m.<\/p>\n<h2><strong>N\u00e1vod na pou\u017eitie<\/strong><\/h2>\n<p><strong>Odpor\u00fa\u010dan\u00e9 d\u00e1vkovanie:<\/strong><\/p>\n<ul>\n<li><strong>V otvorenom ter\u00e9ne: <\/strong>Na jednu rastlinu ru\u017ee aplikujte 200 g hnojiva rovnomerne rozmiestnen\u00e9ho okolo z\u00e1kladu.<\/li>\n<li><strong>V kvetin\u00e1\u010doch alebo n\u00e1dob\u00e1ch: <\/strong>Aplikujte 100 gramov na jednu rastlinu ru\u017ee a nezabudnite dobre premie\u0161a\u0165 s vrchnou vrstvou p\u00f4dy.<\/li>\n<li><strong>V kvetinov\u00fdch z\u00e1honoch: <\/strong>Aplikujte 200 gramov na meter \u0161tvorcov\u00fd, pri\u010dom p\u00f4du z\u013eahka nakyprite, aby ste podporili absorpciu.<\/li>\n<\/ul>\n<p><strong>Frekvencia aplik\u00e1cie:<\/strong><\/p>\n<ul>\n<li><strong>Na jar (marec-apr\u00edl): <\/strong>Aplikujte raz na stimul\u00e1ciu rastu a obnovu veget\u00e1cie.<\/li>\n<li><strong>Na za\u010diatku leta (j\u00fan-j\u00fal): <\/strong>Op\u00e4tovne aplikujte na podporu kvitnutia a posilnenie stoniek.<\/li>\n<li><strong>Na jese\u0148 (september - okt\u00f3ber): <\/strong>Z\u00e1vere\u010dn\u00e1 aplik\u00e1cia pom\u00e1ha pripravi\u0165 ru\u017ee na zimu a posilni\u0165 ich kore\u0148ov\u00fd syst\u00e9m.<\/li>\n<\/ul>\n<p><strong>Sp\u00f4sob pou\u017eitia:<\/strong><\/p>\n<ul>\n<li>Hnojivo rozotrite priamo okolo z\u00e1kladne ru\u017e\u00ed, pri\u010dom sa vyhnite kontaktu so stonkami.<\/li>\n<li>P\u00f4du z\u013eahka pohrabte, aby sa hnojivo zapracovalo a vstrebalo.<\/li>\n<li>Po aplik\u00e1cii d\u00f4kladne zalejte, aby sa aktivovala dif\u00fazia \u017eiv\u00edn do p\u00f4dy.<\/li>\n<\/ul>\n<p><strong>Bezpe\u010dnostn\u00e9 opatrenia pri pou\u017e\u00edvan\u00ed:<\/strong><\/p>\n<ul>\n<li>Nepred\u00e1vkujte, preto\u017ee nadbytok hnojiva m\u00f4\u017ee po\u0161kodi\u0165 kvitnutie a podpori\u0165 nadmern\u00fd rast listov.<\/li>\n<li>Vyhnite sa aplik\u00e1cii po\u010das ve\u013emi hor\u00faceho po\u010dasia; aplikujte r\u00e1no alebo ve\u010der.<\/li>\n<li>Skladujte na suchom mieste, chr\u00e1nenom pred vlhkos\u0165ou a priamym svetlom.<\/li>\n<\/ul>\n<p>S t\u00fdmto hnojivom na ru\u017ee zabezpe\u010d\u00edte \u017eiv\u00e9 kvitnutie, siln\u00fd rast a optim\u00e1lnu odolnos\u0165 vo\u010di chorob\u00e1m a \u0161kodcom. Jeho dokonale vyv\u00e1\u017een\u00e9 v\u00fd\u017eivov\u00e9 zlo\u017eenie poskytuje kompletn\u00fa a progres\u00edvnu v\u00fd\u017eivu, ktor\u00e1 podporuje zdrav\u00e9 ru\u017ee s n\u00e1dhern\u00fdmi kvetmi po\u010das celej sez\u00f3ny.<\/p>","protected":false},"excerpt":{"rendered":"<p>A fertilizer specially designed for vibrant and healthy roses. This fertilizer is specially formulated to meet the needs of roses, promoting vigorous growth, abundant flowering, and increased resistance to diseases. Thanks to its ideal balance of nitrogen (N), phosphorus (P), and potassium (K) with an NPK 10-10-10 formula, it stimulates leaf and stem growth, root [&hellip;]<\/p>\n","protected":false},"featured_media":27158,"comment_status":"open","ping_status":"closed","template":"","meta":{"_uag_custom_page_level_css":"","site-sidebar-layout":"default","site-content-layout":"","ast-site-content-layout":"default","site-content-style":"default","site-sidebar-style":"default","ast-global-header-display":"","ast-banner-title-visibility":"","ast-main-header-display":"","ast-hfb-above-header-display":"","ast-hfb-below-header-display":"","ast-hfb-mobile-header-display":"","site-post-title":"","ast-breadcrumbs-content":"","ast-featured-img":"","footer-sml-layout":"","ast-disable-related-posts":"","theme-transparent-header-meta":"default","adv-header-id-meta":"","stick-header-meta":"","header-above-stick-meta":"","header-main-stick-meta":"","header-below-stick-meta":"","astra-migrate-meta-layouts":"set","ast-page-background-enabled":"default","ast-page-background-meta":{"desktop":{"background-color":"var(--ast-global-color-4)","background-image":"","background-repeat":"repeat","background-position":"center center","background-size":"auto","background-attachment":"scroll","background-type":"","background-media":"","overlay-type":"","overlay-color":"","overlay-opacity":"","overlay-gradient":""},"tablet":{"background-color":"","background-image":"","background-repeat":"repeat","background-position":"center center","background-size":"auto","background-attachment":"scroll","background-type":"","background-media":"","overlay-type":"","overlay-color":"","overlay-opacity":"","overlay-gradient":""},"mobile":{"background-color":"","background-image":"","background-repeat":"repeat","background-position":"center center","background-size":"auto","background-attachment":"scroll","background-type":"","background-media":"","overlay-type":"","overlay-color":"","overlay-opacity":"","overlay-gradient":""}},"ast-content-background-meta":{"desktop":{"background-color":"var(--ast-global-color-5)","background-image":"","background-repeat":"repeat","background-position":"center center","background-size":"auto","background-attachment":"scroll","background-type":"","background-media":"","overlay-type":"","overlay-color":"","overlay-opacity":"","overlay-gradient":""},"tablet":{"background-color":"var(--ast-global-color-5)","background-image":"","background-repeat":"repeat","background-position":"center center","background-size":"auto","background-attachment":"scroll","background-type":"","background-media":"","overlay-type":"","overlay-color":"","overlay-opacity":"","overlay-gradient":""},"mobile":{"background-color":"var(--ast-global-color-5)","background-image":"","background-repeat":"repeat","background-position":"center center","background-size":"auto","background-attachment":"scroll","background-type":"","background-media":"","overlay-type":"","overlay-color":"","overlay-opacity":"","overlay-gradient":""}}},"product_brand":[],"product_cat":[178],"product_tag":[],"class_list":{"0":"post-25275","1":"product","2":"type-product","3":"status-publish","4":"has-post-thumbnail","6":"product_cat-fertilizers","7":"desktop-align-left","8":"tablet-align-left","9":"mobile-align-left","11":"first","12":"instock","13":"taxable","14":"shipping-taxable","15":"purchasable","16":"product-type-simple"},"spectra_custom_meta":{"_visibility":["visible"],"_shopify_product_id":["9071385313525"],"_s2w_shopify_domain":["ferberpainting.myshopify.com"],"_shopify_variant_id":["46516321124597"],"_sku":["FPROSEFERTILIZER25KG"],"_regular_price":["39.90"],"_price":["39.90"],"_sale_price":[""],"_weight":["18.7"],"_thumbnail_id":["27158"],"_global_unique_id":["5056773817784"],"total_sales":["17"],"_tax_status":["taxable"],"_tax_class":[""],"_manage_stock":["no"],"_backorders":["no"],"_sold_individually":["no"],"_virtual":["no"],"_downloadable":["no"],"_download_limit":["-1"],"_download_expiry":["-1"],"_stock":[null],"_stock_status":["instock"],"_wc_average_rating":["5.00"],"_wc_review_count":["40"],"_product_version":["10.5.1"],"_wc_rating_count":["a:1:{i:5;i:40;}"],"_edit_lock":["1771229106:1"],"merchant-center-availability":["yes"],"merchant-center-category":["113"],"_edit_last":["1"],"_wp_page_template":["default"],"site-sidebar-layout":["default"],"ast-site-content-layout":["default"],"site-content-style":["default"],"site-sidebar-style":["default"],"theme-transparent-header-meta":["default"],"astra-migrate-meta-layouts":["set"],"_uag_css_file_name":["uag-css-25275.css"],"_elementor_page_assets":["a:0:{}"],"_uag_page_assets":["a:9:{s:3:\"css\";s:7133:\".uag-blocks-common-selector{z-index:var(--z-index-desktop) !important}@media(max-width: 976px){.uag-blocks-common-selector{z-index:var(--z-index-tablet) !important}}@media(max-width: 767px){.uag-blocks-common-selector{z-index:var(--z-index-mobile) !important}}.wp-block-uagb-image{display:flex}.wp-block-uagb-image__figure{position:relative;display:flex;flex-direction:column;max-width:100%;height:auto;margin:0}.wp-block-uagb-image__figure img{height:auto;display:flex;max-width:100%;transition:box-shadow .2s ease}.wp-block-uagb-image__figure>a{display:inline-block}.wp-block-uagb-image__figure figcaption{text-align:center;margin-top:.5em;margin-bottom:1em}.wp-block-uagb-image .components-placeholder.block-editor-media-placeholder .components-placeholder__instructions{align-self:center}.wp-block-uagb-image--align-left{text-align:left}.wp-block-uagb-image--align-right{text-align:right}.wp-block-uagb-image--align-center{text-align:center}.wp-block-uagb-image--align-full .wp-block-uagb-image__figure{margin-left:calc(50% - 50vw);margin-right:calc(50% - 50vw);max-width:100vw;width:100vw;height:auto}.wp-block-uagb-image--align-full .wp-block-uagb-image__figure img{height:auto;width:100% !important}.wp-block-uagb-image--align-wide .wp-block-uagb-image__figure img{height:auto;width:100%}.wp-block-uagb-image--layout-overlay__color-wrapper{position:absolute;left:0;top:0;right:0;bottom:0;opacity:.2;background:rgba(0,0,0,.5);transition:opacity .35s ease-in-out}.wp-block-uagb-image--layout-overlay-link{position:absolute;left:0;right:0;bottom:0;top:0}.wp-block-uagb-image--layout-overlay .wp-block-uagb-image__figure:hover .wp-block-uagb-image--layout-overlay__color-wrapper{opacity:1}.wp-block-uagb-image--layout-overlay__inner{position:absolute;left:15px;right:15px;bottom:15px;top:15px;display:flex;align-items:center;justify-content:center;flex-direction:column;border-color:#fff;transition:.35s ease-in-out}.wp-block-uagb-image--layout-overlay__inner.top-left,.wp-block-uagb-image--layout-overlay__inner.top-center,.wp-block-uagb-image--layout-overlay__inner.top-right{justify-content:flex-start}.wp-block-uagb-image--layout-overlay__inner.bottom-left,.wp-block-uagb-image--layout-overlay__inner.bottom-center,.wp-block-uagb-image--layout-overlay__inner.bottom-right{justify-content:flex-end}.wp-block-uagb-image--layout-overlay__inner.top-left,.wp-block-uagb-image--layout-overlay__inner.center-left,.wp-block-uagb-image--layout-overlay__inner.bottom-left{align-items:flex-start}.wp-block-uagb-image--layout-overlay__inner.top-right,.wp-block-uagb-image--layout-overlay__inner.center-right,.wp-block-uagb-image--layout-overlay__inner.bottom-right{align-items:flex-end}.wp-block-uagb-image--layout-overlay__inner .uagb-image-heading{color:#fff;transition:transform .35s,opacity .35s ease-in-out;transform:translate3d(0, 24px, 0);margin:0;line-height:1em}.wp-block-uagb-image--layout-overlay__inner .uagb-image-separator{width:30%;border-top-width:2px;border-top-color:#fff;border-top-style:solid;margin-bottom:10px;opacity:0;transition:transform .4s,opacity .4s ease-in-out;transform:translate3d(0, 30px, 0)}.wp-block-uagb-image--layout-overlay__inner .uagb-image-caption{opacity:0;overflow:visible;color:#fff;transition:transform .45s,opacity .45s ease-in-out;transform:translate3d(0, 35px, 0)}.wp-block-uagb-image--layout-overlay__inner:hover .uagb-image-heading,.wp-block-uagb-image--layout-overlay__inner:hover .uagb-image-separator,.wp-block-uagb-image--layout-overlay__inner:hover .uagb-image-caption{opacity:1;transform:translate3d(0, 0, 0)}.wp-block-uagb-image--effect-zoomin .wp-block-uagb-image__figure img,.wp-block-uagb-image--effect-zoomin .wp-block-uagb-image__figure .wp-block-uagb-image--layout-overlay__color-wrapper{transform:scale(1);transition:transform .35s ease-in-out}.wp-block-uagb-image--effect-zoomin .wp-block-uagb-image__figure:hover img,.wp-block-uagb-image--effect-zoomin .wp-block-uagb-image__figure:hover .wp-block-uagb-image--layout-overlay__color-wrapper{transform:scale(1.05)}.wp-block-uagb-image--effect-slide .wp-block-uagb-image__figure img,.wp-block-uagb-image--effect-slide .wp-block-uagb-image__figure .wp-block-uagb-image--layout-overlay__color-wrapper{width:calc(100% + 40px) !important;max-width:none !important;transform:translate3d(-40px, 0, 0);transition:transform .35s ease-in-out}.wp-block-uagb-image--effect-slide .wp-block-uagb-image__figure:hover img,.wp-block-uagb-image--effect-slide .wp-block-uagb-image__figure:hover .wp-block-uagb-image--layout-overlay__color-wrapper{transform:translate3d(0, 0, 0)}.wp-block-uagb-image--effect-grayscale img{filter:grayscale(0%);transition:.35s ease-in-out}.wp-block-uagb-image--effect-grayscale:hover img{filter:grayscale(100%)}.wp-block-uagb-image--effect-blur img{filter:blur(0);transition:.35s ease-in-out}.wp-block-uagb-image--effect-blur:hover img{filter:blur(3px)}.uagb-block-e6f939b3.wp-block-uagb-image--layout-default figure img{box-shadow: 0px 0px 0 #00000070;}.uagb-block-e6f939b3.wp-block-uagb-image .wp-block-uagb-image__figure figcaption{font-style: normal;align-self: center;}.uagb-block-e6f939b3.wp-block-uagb-image--layout-overlay figure img{box-shadow: 0px 0px 0 #00000070;}.uagb-block-e6f939b3.wp-block-uagb-image--layout-overlay .wp-block-uagb-image--layout-overlay__color-wrapper{opacity: 0.2;}.uagb-block-e6f939b3.wp-block-uagb-image--layout-overlay .wp-block-uagb-image--layout-overlay__inner{left: 15px;right: 15px;top: 15px;bottom: 15px;}.uagb-block-e6f939b3.wp-block-uagb-image--layout-overlay .wp-block-uagb-image--layout-overlay__inner .uagb-image-heading{font-style: normal;color: #fff;opacity: 1;}.uagb-block-e6f939b3.wp-block-uagb-image--layout-overlay .wp-block-uagb-image--layout-overlay__inner .uagb-image-heading a{color: #fff;}.uagb-block-e6f939b3.wp-block-uagb-image--layout-overlay .wp-block-uagb-image--layout-overlay__inner .uagb-image-caption{opacity: 0;}.uagb-block-e6f939b3.wp-block-uagb-image--layout-overlay .wp-block-uagb-image__figure:hover .wp-block-uagb-image--layout-overlay__color-wrapper{opacity: 1;}.uagb-block-e6f939b3.wp-block-uagb-image .wp-block-uagb-image--layout-overlay__inner .uagb-image-separator{width: 30%;border-top-width: 2px;border-top-color: #fff;opacity: 0;}.uagb-block-e6f939b3.wp-block-uagb-image .wp-block-uagb-image__figure img{width: px;height: auto;}.uagb-block-e6f939b3.wp-block-uagb-image .wp-block-uagb-image__figure:hover .wp-block-uagb-image--layout-overlay__inner .uagb-image-caption{opacity: 1;}.uagb-block-e6f939b3.wp-block-uagb-image .wp-block-uagb-image__figure:hover .wp-block-uagb-image--layout-overlay__inner .uagb-image-separator{opacity: 1;}.uagb-block-e6f939b3.wp-block-uagb-image--layout-default figure:hover img{box-shadow: 0px 0px 0 #00000070;}.uagb-block-e6f939b3.wp-block-uagb-image--layout-overlay figure:hover img{box-shadow: 0px 0px 0 #00000070;}@media only screen and (max-width: 976px) {.uagb-block-e6f939b3.wp-block-uagb-image .wp-block-uagb-image__figure img{width: px;height: auto;}}@media only screen and (max-width: 767px) {.uagb-block-e6f939b3.wp-block-uagb-image .wp-block-uagb-image__figure img{width: px;height: auto;}}\";s:2:\"js\";s:0:\"\";s:18:\"current_block_list\";a:13:{i:0;s:11:\"core\/search\";i:1;s:10:\"core\/group\";i:2;s:12:\"core\/heading\";i:3;s:17:\"core\/latest-posts\";i:4;s:20:\"core\/latest-comments\";i:5;s:13:\"core\/archives\";i:6;s:15:\"core\/categories\";i:7;s:14:\"core\/paragraph\";i:8;s:10:\"uagb\/image\";i:9;s:11:\"core\/spacer\";i:10;s:30:\"woocommerce\/product-categories\";i:11;s:10:\"core\/image\";i:12;s:14:\"core\/shortcode\";}s:8:\"uag_flag\";b:1;s:11:\"uag_version\";s:10:\"1777314432\";s:6:\"gfonts\";a:0:{}s:10:\"gfonts_url\";s:0:\"\";s:12:\"gfonts_files\";a:0:{}s:14:\"uag_faq_layout\";b:0;}"]},"uagb_featured_image_src":{"full":["https:\/\/www.ferberpainting.com\/wp-content\/uploads\/2025\/05\/RoseFertilizer.png",2560,2560,false],"thumbnail":["https:\/\/www.ferberpainting.com\/wp-content\/uploads\/2025\/05\/RoseFertilizer-150x150.png",150,150,true],"medium":["https:\/\/www.ferberpainting.com\/wp-content\/uploads\/2025\/05\/RoseFertilizer-300x300.png",300,300,true],"medium_large":["https:\/\/www.ferberpainting.com\/wp-content\/uploads\/2025\/05\/RoseFertilizer-768x768.png",768,768,true],"large":["https:\/\/www.ferberpainting.com\/wp-content\/uploads\/2025\/05\/RoseFertilizer-1024x1024.png",1024,1024,true],"1536x1536":["https:\/\/www.ferberpainting.com\/wp-content\/uploads\/2025\/05\/RoseFertilizer-1536x1536.png",1536,1536,true],"2048x2048":["https:\/\/www.ferberpainting.com\/wp-content\/uploads\/2025\/05\/RoseFertilizer-2048x2048.png",2048,2048,true],"trp-custom-language-flag":["https:\/\/www.ferberpainting.com\/wp-content\/uploads\/2025\/05\/RoseFertilizer-12x12.png",12,12,true],"woocommerce_thumbnail":["https:\/\/www.ferberpainting.com\/wp-content\/uploads\/2025\/05\/RoseFertilizer-300x300.png",300,300,true],"woocommerce_single":["https:\/\/www.ferberpainting.com\/wp-content\/uploads\/2025\/05\/RoseFertilizer-600x600.png",600,600,true],"woocommerce_gallery_thumbnail":["https:\/\/www.ferberpainting.com\/wp-content\/uploads\/2025\/05\/RoseFertilizer-100x100.png",100,100,true]},"uagb_author_info":{"display_name":"admin","author_link":"https:\/\/www.ferberpainting.com\/sk\/author\/"},"uagb_comment_info":40,"uagb_excerpt":"A fertilizer specially designed for vibrant and healthy roses. This fertilizer is specially formulated to meet the needs of roses, promoting vigorous growth, abundant flowering, and increased resistance to diseases. Thanks to its ideal balance of nitrogen (N), phosphorus (P), and potassium (K) with an NPK 10-10-10 formula, it stimulates leaf and stem growth, root&hellip;","_links":{"self":[{"href":"https:\/\/www.ferberpainting.com\/sk\/wp-json\/wp\/v2\/product\/25275","targetHints":{"allow":["GET"]}}],"collection":[{"href":"https:\/\/www.ferberpainting.com\/sk\/wp-json\/wp\/v2\/product"}],"about":[{"href":"https:\/\/www.ferberpainting.com\/sk\/wp-json\/wp\/v2\/types\/product"}],"replies":[{"embeddable":true,"href":"https:\/\/www.ferberpainting.com\/sk\/wp-json\/wp\/v2\/comments?post=25275"}],"version-history":[{"count":5,"href":"https:\/\/www.ferberpainting.com\/sk\/wp-json\/wp\/v2\/product\/25275\/revisions"}],"predecessor-version":[{"id":167179,"href":"https:\/\/www.ferberpainting.com\/sk\/wp-json\/wp\/v2\/product\/25275\/revisions\/167179"}],"wp:featuredmedia":[{"embeddable":true,"href":"https:\/\/www.ferberpainting.com\/sk\/wp-json\/wp\/v2\/media\/27158"}],"wp:attachment":[{"href":"https:\/\/www.ferberpainting.com\/sk\/wp-json\/wp\/v2\/media?parent=25275"}],"wp:term":[{"taxonomy":"product_brand","embeddable":true,"href":"https:\/\/www.ferberpainting.com\/sk\/wp-json\/wp\/v2\/product_brand?post=25275"},{"taxonomy":"product_cat","embeddable":true,"href":"https:\/\/www.ferberpainting.com\/sk\/wp-json\/wp\/v2\/product_cat?post=25275"},{"taxonomy":"product_tag","embeddable":true,"href":"https:\/\/www.ferberpainting.com\/sk\/wp-json\/wp\/v2\/product_tag?post=25275"}],"curies":[{"name":"wp","href":"https:\/\/api.w.org\/{rel}","templated":true}]}}