{"id":25272,"date":"2025-05-26T10:30:17","date_gmt":"2025-05-26T08:30:17","guid":{"rendered":"https:\/\/www.ferberpainting.com\/products\/rooting-fertilizer\/"},"modified":"2026-02-16T09:02:15","modified_gmt":"2026-02-16T08:02:15","slug":"rooting-fertilizer","status":"publish","type":"product","link":"https:\/\/www.ferberpainting.com\/sk\/products\/rooting-fertilizer\/","title":{"rendered":"Hnojivo na zakorenenie"},"content":{"rendered":"<p><strong><img decoding=\"async\" style=\"margin-right: 12px;\" src=\"https:\/\/www.ferberpainting.com\/wp-content\/uploads\/2026\/02\/Check.svg\" alt=\"\" width=\"18\" height=\"15\" \/>Hnojivo \u0161peci\u00e1lne ur\u010den\u00e9 na stimul\u00e1ciu zakore\u0148ovania a rastu rezkov. <\/strong>Toto hnojivo na rezanie je vytvoren\u00e9 tak, aby poskytovalo mlad\u00fdm rastlin\u00e1m z\u00e1kladn\u00e9 \u017eiviny pre ich vyv\u00e1\u017een\u00fd a harmonick\u00fd v\u00fdvoj. V\u010faka vyv\u00e1\u017een\u00e9mu zlo\u017eeniu NPK 15-15-15 zabezpe\u010duje optim\u00e1lny pr\u00edsun dus\u00edka (N) na podporu rastu nov\u00fdch listov, fosforu (P) na podporu rozvoja kore\u0148ov a drasl\u00edka (K) na zlep\u0161enie odolnosti vo\u010di chorob\u00e1m a environment\u00e1lnemu stresu. Zaru\u010duje zr\u00fdchlen\u00e9 zakore\u0148ovanie, siln\u00fd rast a optim\u00e1lnu regener\u00e1ciu odrezkov.<\/p>\n<p><strong><img decoding=\"async\" style=\"margin-right: 12px;\" src=\"https:\/\/www.ferberpainting.com\/wp-content\/uploads\/2026\/02\/Check.svg\" alt=\"\" width=\"18\" height=\"15\" \/>Z\u00e1ruka vr\u00e1tenia pe\u0148az\u00ed.<\/strong>\u00a0Sme presved\u010den\u00ed o \u00fa\u010dinnosti n\u00e1\u0161ho rezacieho hnojiva, preto pon\u00fakame z\u00e1ruku vr\u00e1tenia pe\u0148az\u00ed. Ak sa po pou\u017eit\u00ed pod\u013ea odpor\u00fa\u010dan\u00ed u va\u0161ich odrezkov neprejav\u00ed vidite\u013en\u00e9 zlep\u0161enie rastu alebo zakorenenia, zav\u00e4zujeme sa, \u017ee v\u00e1m v plnej miere vr\u00e1time peniaze, aby ste mali pokoj.<\/p>\n<p><strong><img decoding=\"async\" style=\"margin-right: 12px;\" src=\"https:\/\/www.ferberpainting.com\/wp-content\/uploads\/2026\/02\/Check.svg\" alt=\"\" width=\"18\" height=\"15\" \/>Vhodn\u00e9 pre v\u0161etky rastliny a r\u00f4zne typy odrezkov.<\/strong>\u00a0Toto hnojivo je vhodn\u00e9 na odrezky okrasn\u00fdch, ovocn\u00fdch, zeleninov\u00fdch a viacro\u010dn\u00fdch drev\u00edn, polodrevn\u00fdch alebo bylinn\u00fdch rastl\u00edn. P\u00f4sob\u00ed na \u0161irok\u00fa \u0161k\u00e1lu substr\u00e1tov, najm\u00e4 na ra\u0161elinu, perlit, piesok a p\u00f4dne zmesi, \u010d\u00edm zabezpe\u010duje spr\u00e1vne hnojenie prisp\u00f4soben\u00e9 ka\u017ed\u00e9mu typu plodiny. Je ide\u00e1lny aj na odrezky v kvetin\u00e1\u010doch, vo vo\u013enej p\u00f4de alebo v sklen\u00edkoch, \u010d\u00edm pon\u00faka ve\u013ek\u00fa v\u0161estrannos\u0165.<\/p>\n<p><strong><img decoding=\"async\" style=\"margin-right: 12px;\" src=\"https:\/\/www.ferberpainting.com\/wp-content\/uploads\/2026\/02\/Check.svg\" alt=\"\" width=\"18\" height=\"15\" \/>Cenovo v\u00fdhodn\u00fd v\u00fdnos a pred\u013a\u017een\u00e9 hnojenie.<\/strong>\u00a0V\u010faka koncentrovan\u00e9mu zlo\u017eeniu kvapaliny sa v 5-litrovej n\u00e1dobe priprav\u00ed a\u017e 1000 litrov hnojiv\u00e9ho roztoku, \u010do zaru\u010duje dlhodob\u00e9 a \u00fasporn\u00e9 hnojenie. S d\u00e1vkovan\u00edm 5 ml na liter vody umo\u017e\u0148uje r\u00fdchlu asimil\u00e1ciu \u017eiv\u00edn a optim\u00e1lne vyu\u017eitie pri s\u00fa\u010dasnom zn\u00ed\u017een\u00ed mno\u017estva odpadu.<\/p>\n<p><strong><img decoding=\"async\" style=\"margin-right: 12px;\" src=\"https:\/\/www.ferberpainting.com\/wp-content\/uploads\/2026\/02\/Check.svg\" alt=\"\" width=\"18\" height=\"15\" \/>Bezpe\u010dn\u00e9 hnojivo bez rizika pou\u017eitia na mlad\u00e9 rastliny. <\/strong>Toto hnojivo je vyroben\u00e9 bez agres\u00edvnych chemik\u00e1li\u00ed, re\u0161pektuje jemnos\u0165 mlad\u00fdch kore\u0148ov a neobsahuje \u017eiadne toxick\u00e9 pr\u00edsady pre \u017eivotn\u00e9 prostredie. Je bezpe\u010dn\u00e9 aj pre dom\u00e1ce zvierat\u00e1 a z\u00e1hradn\u00fa zver, zabezpe\u010duje \u0161etrn\u00e9, postupn\u00e9 hnojenie, zabra\u0148uje stresu odrezkov a u\u013eah\u010duje ich v\u00fdvoj.<\/p>\n<p><strong><img decoding=\"async\" style=\"margin-right: 12px;\" src=\"https:\/\/www.ferberpainting.com\/wp-content\/uploads\/2026\/02\/Check.svg\" alt=\"\" width=\"18\" height=\"15\" \/>Jednoduch\u00e1 aplik\u00e1cia pre bezprobl\u00e9mov\u00e9 zakorenenie.<\/strong>\u00a0Toto tekut\u00e9 hnojivo sa riedi priamo vo vode na zalievanie, \u010d\u00edm sa zabezpe\u010d\u00ed rovnomern\u00e9 a \u00fa\u010dinn\u00e9 hnojenie. M\u00f4\u017ee sa aplikova\u0165 priamou z\u00e1lievkou na substr\u00e1t alebo nam\u00e1\u010dan\u00edm odrezkov pred v\u00fdsadbou, \u010d\u00edm sa zabezpe\u010d\u00ed optim\u00e1lne vstreb\u00e1vanie z\u00e1kladn\u00fdch \u017eiv\u00edn pre v\u00fdvoj.<\/p>\n<p><strong><img decoding=\"async\" style=\"margin-right: 12px;\" src=\"https:\/\/www.ferberpainting.com\/wp-content\/uploads\/2026\/02\/Check.svg\" alt=\"\" width=\"18\" height=\"15\" \/>Trval\u00e1 akcia pre r\u00fdchly a siln\u00fd rast.<\/strong>\u00a0V\u010faka pomal\u00e9mu uvo\u013e\u0148ovaniu \u017eiv\u00edn toto hnojivo neust\u00e1le vy\u017eivuje odrezky, stimuluje rast kore\u0148ov a skor\u00fdch v\u00fdhonkov. Pom\u00e1ha tie\u017e zvy\u0161ova\u0165 odolnos\u0165 vo\u010di chorob\u00e1m a environment\u00e1lnemu stresu, \u010d\u00edm zabezpe\u010duje optim\u00e1lny \u00faspech rezkov a siln\u00fd rast u\u017e od prv\u00fdch f\u00e1z v\u00fdvoja.<\/p>\n<p><strong><img decoding=\"async\" style=\"margin-right: 12px;\" src=\"https:\/\/www.ferberpainting.com\/wp-content\/uploads\/2026\/02\/Check.svg\" alt=\"\" width=\"18\" height=\"15\" \/>Vidite\u013en\u00e9 v\u00fdsledky od prv\u00fdch t\u00fd\u017ed\u0148ov.<\/strong>\u00a0U\u017e pri prv\u00fdch aplik\u00e1ci\u00e1ch toto hnojivo ur\u00fdch\u013euje tvorbu prv\u00fdch kore\u0148ov, zvy\u0161uje pevnos\u0165 stoniek a stimuluje v\u00fdvoj nov\u00fdch listov. Prv\u00e9 zn\u00e1mky \u00faspechu s\u00fa r\u00fdchlo vidite\u013en\u00e9.<\/p>\n<h2>Protokol o pou\u017e\u00edvan\u00ed<\/h2>\n<p><strong>Riedenie hnojiva :<\/strong> Zmie\u0161ajte 5 ml hnojiva na 1 liter vody. Pred ka\u017edou aplik\u00e1ciou roztok dobre pretrepte, aby sa zabezpe\u010dilo rovnomern\u00e9 rozlo\u017eenie \u017eiv\u00edn.<\/p>\n<p><strong>Sp\u00f4sob pou\u017eitia :<\/strong><\/p>\n<ul>\n<li><strong>Nam\u00e1\u010dan\u00edm odrezkov :<\/strong> Pred v\u00fdsadbou ponorte z\u00e1klad\u0148u odrezkov do zrieden\u00e9ho roztoku na 15 a\u017e 30 min\u00fat, aby ste stimulovali zakorenenie.<\/li>\n<li><strong>Zalievan\u00edm po v\u00fdsadbe :<\/strong> Zrieden\u00fd roztok nalejte priamo na substr\u00e1t okolo odrezkov, pri\u010dom dbajte na rovnomern\u00e9 zvlh\u010denie bez preliatia, aby ste zabr\u00e1nili hnilobe kore\u0148ov.<\/li>\n<\/ul>\n<p><strong>Frekvencia pou\u017e\u00edvania :<\/strong>\u00a0Hnojivo aplikujte ka\u017ed\u00e9 dva t\u00fd\u017edne po\u010das obdobia akt\u00edvneho rastu (jar-leto) a raz mesa\u010dne po\u010das obdobia vegeta\u010dn\u00e9ho pokoja (jese\u0148-zima), aby ste udr\u017eali dobr\u00fd v\u00fdvoj kore\u0148ov a veget\u00e1cie.<\/p>\n<p><strong>Doplnkov\u00e9 zavla\u017eovanie :<\/strong>\u00a0Po aplik\u00e1cii hnojiva po\u010dkajte 48 hod\u00edn pred \u010fal\u0161\u00edm zalievan\u00edm, aby sa optimalizovala absorpcia \u017eiv\u00edn mlad\u00fdmi kore\u0148mi.<\/p>\n<p><strong>Opatrenia pri pou\u017e\u00edvan\u00ed :<\/strong> Nepred\u00e1vkujte hnojivo, aby ste predi\u0161li stresu mlad\u00fdch rastl\u00edn a hromadeniu miner\u00e1lnych sol\u00ed v substr\u00e1te. Aplikujte len do mierne vlhkej p\u00f4dy, aby ste zabezpe\u010dili optim\u00e1lnu absorpciu.<\/p>\n<p><strong>Skladovanie a konzerv\u00e1cia :<\/strong> Hnojivo skladujte na suchom a chladnom mieste, mimo dosahu svetla a vlhkosti. Po ka\u017edom pou\u017eit\u00ed plechovku znovu uzavrite, aby ste zachovali \u00fa\u010dinnos\u0165 v\u00fdrobku a zabr\u00e1nili odparovaniu.<\/p>\n<p>S t\u00fdmto hnojivom na rezanie poskytnete mlad\u00fdm rastlin\u00e1m kompletn\u00fa a dokonale prisp\u00f4soben\u00fa v\u00fd\u017eivu ich \u0161pecifick\u00fdm potreb\u00e1m, \u010d\u00edm podpor\u00edte r\u00fdchle zakorenenie, siln\u00fd rast a optim\u00e1lny \u00faspech pri rezan\u00ed. Je ide\u00e1lnym rie\u0161en\u00edm, ktor\u00e9 zabezpe\u010d\u00ed, aby va\u0161e odrezky zostali zdrav\u00e9, zaist\u00ed r\u00fdchlu regener\u00e1ciu a harmonick\u00fd v\u00fdvoj po\u010das cel\u00e9ho ich rastu.<\/p>","protected":false},"excerpt":{"rendered":"<p>A fertilizer specially designed to stimulate rooting and cutting growth. This cutting fertilizer is formulated to provide young plants with the essential nutrients for balanced and harmonious development. Thanks to its balanced NPK 15-15-15 composition, it ensures an optimal supply of nitrogen (N) to promote new leaf growth, phosphorus (P) to support root development, and [&hellip;]<\/p>\n","protected":false},"featured_media":27155,"comment_status":"open","ping_status":"closed","template":"","meta":{"_uag_custom_page_level_css":"","site-sidebar-layout":"default","site-content-layout":"","ast-site-content-layout":"default","site-content-style":"default","site-sidebar-style":"default","ast-global-header-display":"","ast-banner-title-visibility":"","ast-main-header-display":"","ast-hfb-above-header-display":"","ast-hfb-below-header-display":"","ast-hfb-mobile-header-display":"","site-post-title":"","ast-breadcrumbs-content":"","ast-featured-img":"","footer-sml-layout":"","ast-disable-related-posts":"","theme-transparent-header-meta":"default","adv-header-id-meta":"","stick-header-meta":"","header-above-stick-meta":"","header-main-stick-meta":"","header-below-stick-meta":"","astra-migrate-meta-layouts":"set","ast-page-background-enabled":"default","ast-page-background-meta":{"desktop":{"background-color":"var(--ast-global-color-4)","background-image":"","background-repeat":"repeat","background-position":"center center","background-size":"auto","background-attachment":"scroll","background-type":"","background-media":"","overlay-type":"","overlay-color":"","overlay-opacity":"","overlay-gradient":""},"tablet":{"background-color":"","background-image":"","background-repeat":"repeat","background-position":"center center","background-size":"auto","background-attachment":"scroll","background-type":"","background-media":"","overlay-type":"","overlay-color":"","overlay-opacity":"","overlay-gradient":""},"mobile":{"background-color":"","background-image":"","background-repeat":"repeat","background-position":"center center","background-size":"auto","background-attachment":"scroll","background-type":"","background-media":"","overlay-type":"","overlay-color":"","overlay-opacity":"","overlay-gradient":""}},"ast-content-background-meta":{"desktop":{"background-color":"var(--ast-global-color-5)","background-image":"","background-repeat":"repeat","background-position":"center center","background-size":"auto","background-attachment":"scroll","background-type":"","background-media":"","overlay-type":"","overlay-color":"","overlay-opacity":"","overlay-gradient":""},"tablet":{"background-color":"var(--ast-global-color-5)","background-image":"","background-repeat":"repeat","background-position":"center center","background-size":"auto","background-attachment":"scroll","background-type":"","background-media":"","overlay-type":"","overlay-color":"","overlay-opacity":"","overlay-gradient":""},"mobile":{"background-color":"var(--ast-global-color-5)","background-image":"","background-repeat":"repeat","background-position":"center center","background-size":"auto","background-attachment":"scroll","background-type":"","background-media":"","overlay-type":"","overlay-color":"","overlay-opacity":"","overlay-gradient":""}}},"product_brand":[],"product_cat":[178],"product_tag":[],"class_list":{"0":"post-25272","1":"product","2":"type-product","3":"status-publish","4":"has-post-thumbnail","6":"product_cat-fertilizers","7":"desktop-align-left","8":"tablet-align-left","9":"mobile-align-left","11":"first","12":"instock","13":"sale","14":"taxable","15":"shipping-taxable","16":"purchasable","17":"product-type-variable","18":"has-default-attributes"},"spectra_custom_meta":{"_visibility":["visible"],"_shopify_product_id":["9066141352181"],"_s2w_shopify_domain":["ferberpainting.myshopify.com"],"_shopify_variant_id":["46502074712309"],"_sku":[""],"_manage_stock":["no"],"total_sales":["14"],"_tax_status":["taxable"],"_tax_class":[""],"_backorders":["no"],"_sold_individually":["no"],"_virtual":["no"],"_downloadable":["no"],"_download_limit":["-1"],"_download_expiry":["-1"],"_stock":[null],"_stock_status":["instock"],"_wc_average_rating":["5.00"],"_wc_review_count":["6"],"_product_attributes":["a:1:{s:6:\"volume\";a:6:{s:4:\"name\";s:6:\"Volume\";s:5:\"value\";s:20:\"5 liters | 25 liters\";s:8:\"position\";i:1;s:10:\"is_visible\";i:0;s:12:\"is_variation\";i:1;s:11:\"is_taxonomy\";i:0;}}"],"_product_version":["10.5.1"],"_thumbnail_id":["27155"],"_product_image_gallery":["27157"],"wpse_downloadable_file_names":[""],"wpse_downloadable_file_urls":[""],"_edit_last":["1"],"_default_attributes":["a:1:{s:6:\"volume\";s:8:\"5 liters\";}"],"_wc_rating_count":["a:1:{i:5;i:6;}"],"_edit_lock":["1771228911:1"],"_price":["29.90","129.90"],"merchant-center-availability":["yes"],"merchant-center-category":["113"],"_wp_page_template":["default"],"site-sidebar-layout":["default"],"ast-site-content-layout":["default"],"site-content-style":["default"],"site-sidebar-style":["default"],"theme-transparent-header-meta":["default"],"astra-migrate-meta-layouts":["set"],"_uag_css_file_name":["uag-css-25272.css"],"_elementor_page_assets":["a:0:{}"],"_uag_page_assets":["a:9:{s:3:\"css\";s:7133:\".uag-blocks-common-selector{z-index:var(--z-index-desktop) !important}@media(max-width: 976px){.uag-blocks-common-selector{z-index:var(--z-index-tablet) !important}}@media(max-width: 767px){.uag-blocks-common-selector{z-index:var(--z-index-mobile) !important}}.wp-block-uagb-image{display:flex}.wp-block-uagb-image__figure{position:relative;display:flex;flex-direction:column;max-width:100%;height:auto;margin:0}.wp-block-uagb-image__figure img{height:auto;display:flex;max-width:100%;transition:box-shadow .2s ease}.wp-block-uagb-image__figure>a{display:inline-block}.wp-block-uagb-image__figure figcaption{text-align:center;margin-top:.5em;margin-bottom:1em}.wp-block-uagb-image .components-placeholder.block-editor-media-placeholder .components-placeholder__instructions{align-self:center}.wp-block-uagb-image--align-left{text-align:left}.wp-block-uagb-image--align-right{text-align:right}.wp-block-uagb-image--align-center{text-align:center}.wp-block-uagb-image--align-full .wp-block-uagb-image__figure{margin-left:calc(50% - 50vw);margin-right:calc(50% - 50vw);max-width:100vw;width:100vw;height:auto}.wp-block-uagb-image--align-full .wp-block-uagb-image__figure img{height:auto;width:100% !important}.wp-block-uagb-image--align-wide .wp-block-uagb-image__figure img{height:auto;width:100%}.wp-block-uagb-image--layout-overlay__color-wrapper{position:absolute;left:0;top:0;right:0;bottom:0;opacity:.2;background:rgba(0,0,0,.5);transition:opacity .35s ease-in-out}.wp-block-uagb-image--layout-overlay-link{position:absolute;left:0;right:0;bottom:0;top:0}.wp-block-uagb-image--layout-overlay .wp-block-uagb-image__figure:hover .wp-block-uagb-image--layout-overlay__color-wrapper{opacity:1}.wp-block-uagb-image--layout-overlay__inner{position:absolute;left:15px;right:15px;bottom:15px;top:15px;display:flex;align-items:center;justify-content:center;flex-direction:column;border-color:#fff;transition:.35s ease-in-out}.wp-block-uagb-image--layout-overlay__inner.top-left,.wp-block-uagb-image--layout-overlay__inner.top-center,.wp-block-uagb-image--layout-overlay__inner.top-right{justify-content:flex-start}.wp-block-uagb-image--layout-overlay__inner.bottom-left,.wp-block-uagb-image--layout-overlay__inner.bottom-center,.wp-block-uagb-image--layout-overlay__inner.bottom-right{justify-content:flex-end}.wp-block-uagb-image--layout-overlay__inner.top-left,.wp-block-uagb-image--layout-overlay__inner.center-left,.wp-block-uagb-image--layout-overlay__inner.bottom-left{align-items:flex-start}.wp-block-uagb-image--layout-overlay__inner.top-right,.wp-block-uagb-image--layout-overlay__inner.center-right,.wp-block-uagb-image--layout-overlay__inner.bottom-right{align-items:flex-end}.wp-block-uagb-image--layout-overlay__inner .uagb-image-heading{color:#fff;transition:transform .35s,opacity .35s ease-in-out;transform:translate3d(0, 24px, 0);margin:0;line-height:1em}.wp-block-uagb-image--layout-overlay__inner .uagb-image-separator{width:30%;border-top-width:2px;border-top-color:#fff;border-top-style:solid;margin-bottom:10px;opacity:0;transition:transform .4s,opacity .4s ease-in-out;transform:translate3d(0, 30px, 0)}.wp-block-uagb-image--layout-overlay__inner .uagb-image-caption{opacity:0;overflow:visible;color:#fff;transition:transform .45s,opacity .45s ease-in-out;transform:translate3d(0, 35px, 0)}.wp-block-uagb-image--layout-overlay__inner:hover .uagb-image-heading,.wp-block-uagb-image--layout-overlay__inner:hover .uagb-image-separator,.wp-block-uagb-image--layout-overlay__inner:hover .uagb-image-caption{opacity:1;transform:translate3d(0, 0, 0)}.wp-block-uagb-image--effect-zoomin .wp-block-uagb-image__figure img,.wp-block-uagb-image--effect-zoomin .wp-block-uagb-image__figure .wp-block-uagb-image--layout-overlay__color-wrapper{transform:scale(1);transition:transform .35s ease-in-out}.wp-block-uagb-image--effect-zoomin .wp-block-uagb-image__figure:hover img,.wp-block-uagb-image--effect-zoomin .wp-block-uagb-image__figure:hover .wp-block-uagb-image--layout-overlay__color-wrapper{transform:scale(1.05)}.wp-block-uagb-image--effect-slide .wp-block-uagb-image__figure img,.wp-block-uagb-image--effect-slide .wp-block-uagb-image__figure .wp-block-uagb-image--layout-overlay__color-wrapper{width:calc(100% + 40px) !important;max-width:none !important;transform:translate3d(-40px, 0, 0);transition:transform .35s ease-in-out}.wp-block-uagb-image--effect-slide .wp-block-uagb-image__figure:hover img,.wp-block-uagb-image--effect-slide .wp-block-uagb-image__figure:hover .wp-block-uagb-image--layout-overlay__color-wrapper{transform:translate3d(0, 0, 0)}.wp-block-uagb-image--effect-grayscale img{filter:grayscale(0%);transition:.35s ease-in-out}.wp-block-uagb-image--effect-grayscale:hover img{filter:grayscale(100%)}.wp-block-uagb-image--effect-blur img{filter:blur(0);transition:.35s ease-in-out}.wp-block-uagb-image--effect-blur:hover img{filter:blur(3px)}.uagb-block-e6f939b3.wp-block-uagb-image--layout-default figure img{box-shadow: 0px 0px 0 #00000070;}.uagb-block-e6f939b3.wp-block-uagb-image .wp-block-uagb-image__figure figcaption{font-style: normal;align-self: center;}.uagb-block-e6f939b3.wp-block-uagb-image--layout-overlay figure img{box-shadow: 0px 0px 0 #00000070;}.uagb-block-e6f939b3.wp-block-uagb-image--layout-overlay .wp-block-uagb-image--layout-overlay__color-wrapper{opacity: 0.2;}.uagb-block-e6f939b3.wp-block-uagb-image--layout-overlay .wp-block-uagb-image--layout-overlay__inner{left: 15px;right: 15px;top: 15px;bottom: 15px;}.uagb-block-e6f939b3.wp-block-uagb-image--layout-overlay .wp-block-uagb-image--layout-overlay__inner .uagb-image-heading{font-style: normal;color: #fff;opacity: 1;}.uagb-block-e6f939b3.wp-block-uagb-image--layout-overlay .wp-block-uagb-image--layout-overlay__inner .uagb-image-heading a{color: #fff;}.uagb-block-e6f939b3.wp-block-uagb-image--layout-overlay .wp-block-uagb-image--layout-overlay__inner .uagb-image-caption{opacity: 0;}.uagb-block-e6f939b3.wp-block-uagb-image--layout-overlay .wp-block-uagb-image__figure:hover .wp-block-uagb-image--layout-overlay__color-wrapper{opacity: 1;}.uagb-block-e6f939b3.wp-block-uagb-image .wp-block-uagb-image--layout-overlay__inner .uagb-image-separator{width: 30%;border-top-width: 2px;border-top-color: #fff;opacity: 0;}.uagb-block-e6f939b3.wp-block-uagb-image .wp-block-uagb-image__figure img{width: px;height: auto;}.uagb-block-e6f939b3.wp-block-uagb-image .wp-block-uagb-image__figure:hover .wp-block-uagb-image--layout-overlay__inner .uagb-image-caption{opacity: 1;}.uagb-block-e6f939b3.wp-block-uagb-image .wp-block-uagb-image__figure:hover .wp-block-uagb-image--layout-overlay__inner .uagb-image-separator{opacity: 1;}.uagb-block-e6f939b3.wp-block-uagb-image--layout-default figure:hover img{box-shadow: 0px 0px 0 #00000070;}.uagb-block-e6f939b3.wp-block-uagb-image--layout-overlay figure:hover img{box-shadow: 0px 0px 0 #00000070;}@media only screen and (max-width: 976px) {.uagb-block-e6f939b3.wp-block-uagb-image .wp-block-uagb-image__figure img{width: px;height: auto;}}@media only screen and (max-width: 767px) {.uagb-block-e6f939b3.wp-block-uagb-image .wp-block-uagb-image__figure img{width: px;height: auto;}}\";s:2:\"js\";s:0:\"\";s:18:\"current_block_list\";a:13:{i:0;s:11:\"core\/search\";i:1;s:10:\"core\/group\";i:2;s:12:\"core\/heading\";i:3;s:17:\"core\/latest-posts\";i:4;s:20:\"core\/latest-comments\";i:5;s:13:\"core\/archives\";i:6;s:15:\"core\/categories\";i:7;s:14:\"core\/paragraph\";i:8;s:10:\"uagb\/image\";i:9;s:11:\"core\/spacer\";i:10;s:30:\"woocommerce\/product-categories\";i:11;s:10:\"core\/image\";i:12;s:14:\"core\/shortcode\";}s:8:\"uag_flag\";b:1;s:11:\"uag_version\";s:10:\"1777316624\";s:6:\"gfonts\";a:0:{}s:10:\"gfonts_url\";s:0:\"\";s:12:\"gfonts_files\";a:0:{}s:14:\"uag_faq_layout\";b:0;}"]},"uagb_featured_image_src":{"full":["https:\/\/www.ferberpainting.com\/wp-content\/uploads\/2025\/05\/RootingFertilizer5L.png",2560,2560,false],"thumbnail":["https:\/\/www.ferberpainting.com\/wp-content\/uploads\/2025\/05\/RootingFertilizer5L-150x150.png",150,150,true],"medium":["https:\/\/www.ferberpainting.com\/wp-content\/uploads\/2025\/05\/RootingFertilizer5L-300x300.png",300,300,true],"medium_large":["https:\/\/www.ferberpainting.com\/wp-content\/uploads\/2025\/05\/RootingFertilizer5L-768x768.png",768,768,true],"large":["https:\/\/www.ferberpainting.com\/wp-content\/uploads\/2025\/05\/RootingFertilizer5L-1024x1024.png",1024,1024,true],"1536x1536":["https:\/\/www.ferberpainting.com\/wp-content\/uploads\/2025\/05\/RootingFertilizer5L-1536x1536.png",1536,1536,true],"2048x2048":["https:\/\/www.ferberpainting.com\/wp-content\/uploads\/2025\/05\/RootingFertilizer5L-2048x2048.png",2048,2048,true],"trp-custom-language-flag":["https:\/\/www.ferberpainting.com\/wp-content\/uploads\/2025\/05\/RootingFertilizer5L-12x12.png",12,12,true],"woocommerce_thumbnail":["https:\/\/www.ferberpainting.com\/wp-content\/uploads\/2025\/05\/RootingFertilizer5L-300x300.png",300,300,true],"woocommerce_single":["https:\/\/www.ferberpainting.com\/wp-content\/uploads\/2025\/05\/RootingFertilizer5L-600x600.png",600,600,true],"woocommerce_gallery_thumbnail":["https:\/\/www.ferberpainting.com\/wp-content\/uploads\/2025\/05\/RootingFertilizer5L-100x100.png",100,100,true]},"uagb_author_info":{"display_name":"admin","author_link":"https:\/\/www.ferberpainting.com\/sk\/author\/"},"uagb_comment_info":6,"uagb_excerpt":"A fertilizer specially designed to stimulate rooting and cutting growth. This cutting fertilizer is formulated to provide young plants with the essential nutrients for balanced and harmonious development. Thanks to its balanced NPK 15-15-15 composition, it ensures an optimal supply of nitrogen (N) to promote new leaf growth, phosphorus (P) to support root development, and&hellip;","_links":{"self":[{"href":"https:\/\/www.ferberpainting.com\/sk\/wp-json\/wp\/v2\/product\/25272","targetHints":{"allow":["GET"]}}],"collection":[{"href":"https:\/\/www.ferberpainting.com\/sk\/wp-json\/wp\/v2\/product"}],"about":[{"href":"https:\/\/www.ferberpainting.com\/sk\/wp-json\/wp\/v2\/types\/product"}],"replies":[{"embeddable":true,"href":"https:\/\/www.ferberpainting.com\/sk\/wp-json\/wp\/v2\/comments?post=25272"}],"version-history":[{"count":4,"href":"https:\/\/www.ferberpainting.com\/sk\/wp-json\/wp\/v2\/product\/25272\/revisions"}],"predecessor-version":[{"id":167171,"href":"https:\/\/www.ferberpainting.com\/sk\/wp-json\/wp\/v2\/product\/25272\/revisions\/167171"}],"wp:featuredmedia":[{"embeddable":true,"href":"https:\/\/www.ferberpainting.com\/sk\/wp-json\/wp\/v2\/media\/27155"}],"wp:attachment":[{"href":"https:\/\/www.ferberpainting.com\/sk\/wp-json\/wp\/v2\/media?parent=25272"}],"wp:term":[{"taxonomy":"product_brand","embeddable":true,"href":"https:\/\/www.ferberpainting.com\/sk\/wp-json\/wp\/v2\/product_brand?post=25272"},{"taxonomy":"product_cat","embeddable":true,"href":"https:\/\/www.ferberpainting.com\/sk\/wp-json\/wp\/v2\/product_cat?post=25272"},{"taxonomy":"product_tag","embeddable":true,"href":"https:\/\/www.ferberpainting.com\/sk\/wp-json\/wp\/v2\/product_tag?post=25272"}],"curies":[{"name":"wp","href":"https:\/\/api.w.org\/{rel}","templated":true}]}}