{"id":25057,"date":"2025-05-26T10:29:03","date_gmt":"2025-05-26T08:29:03","guid":{"rendered":"https:\/\/www.ferberpainting.com\/products\/roof-defoamer\/"},"modified":"2026-02-16T08:18:54","modified_gmt":"2026-02-16T07:18:54","slug":"roof-defoamer","status":"publish","type":"product","link":"https:\/\/www.ferberpainting.com\/sk\/products\/roof-defoamer\/","title":{"rendered":"Odstra\u0148ova\u010d machu na strechy"},"content":{"rendered":"<p><strong><img decoding=\"async\" style=\"margin-right: 12px;\" src=\"https:\/\/www.ferberpainting.com\/wp-content\/uploads\/2026\/02\/Check.svg\" alt=\"\" width=\"18\" height=\"15\" \/>V\u00fdkonn\u00fd protipenov\u00fd \u00fa\u010dinok na h\u013abkov\u00e9 \u010distenie striech.<\/strong> N\u00e1\u0161 stre\u0161n\u00fd odpenova\u010d je \u0161peci\u00e1lne vyvinut\u00fd na elimin\u00e1ciu tvorby peny po\u010das \u010distenia striech, \u010d\u00edm zabezpe\u010duje hladk\u00e9, kontrolovan\u00e9 a \u00fa\u010dinn\u00e9 o\u0161etrenie stre\u0161n\u00fdch povrchov. Zvy\u0161uje v\u00fdkonnos\u0165 \u010distenia t\u00fdm, \u017ee neutralizuje nadmern\u00e9 mno\u017estvo peny sp\u00f4soben\u00e9 \u010distiacimi prostriedkami, organick\u00fdmi zvy\u0161kami alebo predch\u00e1dzaj\u00facimi \u010distiacimi prostriedkami.<\/p>\n<p><strong><img decoding=\"async\" style=\"margin-right: 12px;\" src=\"https:\/\/www.ferberpainting.com\/wp-content\/uploads\/2026\/02\/Check.svg\" alt=\"\" width=\"18\" height=\"15\" \/>Naj\u00fa\u010dinnej\u0161\u00ed odpopol\u0148ova\u010d striech na trhu.<\/strong> Tento v\u00fdrobok, ktor\u00fd je navrhnut\u00fd s pokro\u010dilou technol\u00f3giou kontroly tvorby peny, r\u00fdchlo rozklad\u00e1 povrchov\u00fa penu, \u010d\u00edm umo\u017e\u0148uje \u010distiacim roztokom p\u00f4sobi\u0165 priamo na mach, riasy a ne\u010distoty bez prek\u00e1\u017eok. Zlep\u0161uje penetr\u00e1ciu a maximalizuje celkov\u00fa \u00fa\u010dinnos\u0165 \u010distenia.<\/p>\n<p><strong><img decoding=\"async\" style=\"margin-right: 12px;\" src=\"https:\/\/www.ferberpainting.com\/wp-content\/uploads\/2026\/02\/Check.svg\" alt=\"\" width=\"18\" height=\"15\" \/>Bezkonkuren\u010dn\u00e1 cena.<\/strong> Pon\u00fakame profesion\u00e1lne odpe\u0148ovanie striech za najv\u00fdhodnej\u0161iu cenu. \u010ci u\u017e pre dod\u00e1vate\u013eov alebo majite\u013eov domov, z\u00edskate vynikaj\u00facu \u00fa\u010dinnos\u0165 bez nadmern\u00fdch n\u00e1kladov.<\/p>\n<p><strong><img decoding=\"async\" style=\"margin-right: 12px;\" src=\"https:\/\/www.ferberpainting.com\/wp-content\/uploads\/2026\/02\/Check.svg\" alt=\"\" width=\"18\" height=\"15\" \/>Z\u00e1ruka vr\u00e1tenia pe\u0148az\u00ed pre \u00fapln\u00fa istotu.<\/strong> Stoj\u00edme si za v\u00fdkonom n\u00e1\u0161ho odpopol\u0148ova\u010da striech. Ak nebudete s v\u00fdsledkami \u00faplne spokojn\u00ed, pon\u00fakame z\u00e1ruku vr\u00e1tenia pe\u0148az\u00ed. Jednoducho n\u00e1s kontaktujte a my v\u00e1m vr\u00e1time peniaze za n\u00e1kup.<\/p>\n<p><strong><img decoding=\"async\" style=\"margin-right: 12px;\" src=\"https:\/\/www.ferberpainting.com\/wp-content\/uploads\/2026\/02\/Check.svg\" alt=\"\" width=\"18\" height=\"15\" \/>R\u00fdchle 24-hodinov\u00e9 dodanie pre nepretr\u017eit\u00fa \u00fadr\u017ebu.<\/strong> V\u017edy poskytujeme dod\u00e1vku 24 hod\u00edn denne, aby ste mohli bezodkladne dokon\u010di\u0165 projekty \u010distenia alebo o\u0161etrenia striech.<\/p>\n<p><strong><img decoding=\"async\" style=\"margin-right: 12px;\" src=\"https:\/\/www.ferberpainting.com\/wp-content\/uploads\/2026\/02\/Check.svg\" alt=\"\" width=\"18\" height=\"15\" \/>Vynikaj\u00face pokrytie a\u017e 10 m\u00b2 na liter.<\/strong> Jeden liter stre\u0161n\u00e9ho odpe\u0148ova\u010da o\u0161etr\u00ed a\u017e 10 metrov \u0161tvorcov\u00fdch plochy v z\u00e1vislosti od \u00farovne tvorby peny a intenzity \u010distenia. Toto optimalizovan\u00e9 pokrytie zabezpe\u010duje efekt\u00edvnu aplik\u00e1ciu a kontrolu n\u00e1kladov.<\/p>\n<p><strong><img decoding=\"async\" style=\"margin-right: 12px;\" src=\"https:\/\/www.ferberpainting.com\/wp-content\/uploads\/2026\/02\/Check.svg\" alt=\"\" width=\"18\" height=\"15\" \/>Zlep\u0161uje v\u00fdkonnos\u0165 \u010distenia striech.<\/strong> Odstr\u00e1nen\u00edm peny, ktor\u00e1 blokuje vidite\u013enos\u0165 a zni\u017euje kontakt s pr\u00edpravkom, umo\u017e\u0148uje \u010distiacim prostriedkom zosta\u0165 v priamom kontakte s machom a ne\u010distotami, \u010d\u00edm sa zlep\u0161uj\u00fa celkov\u00e9 v\u00fdsledky.<\/p>\n<p><strong><img decoding=\"async\" style=\"margin-right: 12px;\" src=\"https:\/\/www.ferberpainting.com\/wp-content\/uploads\/2026\/02\/Check.svg\" alt=\"\" width=\"18\" height=\"15\" \/>Kompatibiln\u00fd s v\u00e4\u010d\u0161inou roztokov na \u010distenie striech.<\/strong> N\u00e1\u0161 odpenova\u010d \u00fa\u010dinne p\u00f4sob\u00ed spolu s be\u017en\u00fdmi prostriedkami na \u010distenie striech a o\u0161etrovac\u00edmi prostriedkami, pri\u010dom zvy\u0161uje ich \u00fa\u010dinnos\u0165 bez toho, aby ru\u0161il ich akt\u00edvne zlo\u017eky.<\/p>\n<p><strong><img decoding=\"async\" style=\"margin-right: 12px;\" src=\"https:\/\/www.ferberpainting.com\/wp-content\/uploads\/2026\/02\/Check.svg\" alt=\"\" width=\"18\" height=\"15\" \/>Vhodn\u00e9 pre r\u00f4zne stre\u0161n\u00e9 krytiny.<\/strong> Po\u010das \u010distenia sa m\u00f4\u017ee pou\u017e\u00edva\u0165 na hlinen\u00e9 \u0161kridly, bet\u00f3nov\u00e9 \u0161kridly, bridlicu, vl\u00e1knocement a in\u00e9 kompatibiln\u00e9 stre\u0161n\u00e9 povrchy.<\/p>\n<p><strong><img decoding=\"async\" style=\"margin-right: 12px;\" src=\"https:\/\/www.ferberpainting.com\/wp-content\/uploads\/2026\/02\/Check.svg\" alt=\"\" width=\"18\" height=\"15\" \/>Jednoduch\u00e1 a kontrolovan\u00e1 aplik\u00e1cia.<\/strong> Form\u00e1t kvapaliny umo\u017e\u0148uje presn\u00e9 d\u00e1vkovanie a rovnomern\u00fa distrib\u00faciu, tak\u017ee je vhodn\u00fd pre profesion\u00e1lnych dod\u00e1vate\u013eov aj sk\u00fasen\u00fdch dom\u00e1cich majstrov.<\/p>\n<h2><strong>Pokyny<\/strong><\/h2>\n<ul>\n<li>Skontrolujte strechu a identifikujte miesta, kde sa po\u010das \u010distenia nadmerne hromad\u00ed pena.<\/li>\n<li>Zabezpe\u010dte bezpe\u010dn\u00e9 pracovn\u00e9 podmienky a pou\u017e\u00edvajte vhodn\u00e9 ochrann\u00e9 prostriedky vr\u00e1tane rukav\u00edc, ochrany o\u010d\u00ed a proti\u0161mykovej obuvi.<\/li>\n<li>Pred pou\u017eit\u00edm n\u00e1dobu d\u00f4kladne pretrepte, aby sa zabezpe\u010dilo rovnomern\u00e9 rozlo\u017eenie \u00fa\u010dinn\u00fdch l\u00e1tok.<\/li>\n<li>Odpe\u0148ova\u010d aplikujte priamo na miesta postihnut\u00e9 penou pomocou postrekova\u010da, kanvy alebo \u0161tetca.<\/li>\n<li>Re\u0161pektujte odpor\u00fa\u010dan\u00fa mieru krytia: 1 liter vy\u010dist\u00ed a\u017e 10 m\u00b2. To zodpoved\u00e1 pribli\u017ene 100 ml na meter \u0161tvorcov\u00fd. V pr\u00edpadoch siln\u00e9ho nahromadenia peny m\u00f4\u017ee by\u0165 potrebn\u00e1 o nie\u010do vy\u0161\u0161ia spotreba.<\/li>\n<li>Rovnomerne rozmiestnite v\u00fdrobok po povrchu, na ktorom sa nach\u00e1dza pena, a zabezpe\u010dte \u00fapln\u00fd kontakt.<\/li>\n<li>Nechajte odpe\u0148ova\u010d okam\u017eite p\u00f4sobi\u0165. Pena by sa mala za\u010da\u0165 r\u00fdchlo rozp\u00fa\u0161\u0165a\u0165, \u010d\u00edm sa zlep\u0161\u00ed vidite\u013enos\u0165 a umo\u017en\u00ed sa \u00fa\u010dinn\u00e1 pr\u00e1ca \u010distiacich prostriedkov.<\/li>\n<li>Po rozpt\u00fdlen\u00ed peny pokra\u010dujte v \u010disten\u00ed strechy.<\/li>\n<li>Ak pena v ur\u010dit\u00fdch oblastiach pretrv\u00e1va, aplikujte \u010fal\u0161ie lok\u00e1lne o\u0161etrenie bez toho, aby ste prekro\u010dili odpor\u00fa\u010dan\u00fa celkov\u00fa d\u00e1vku pokrytia.<\/li>\n<li>Vyhnite sa aplik\u00e1cii po\u010das siln\u00e9ho da\u017e\u010fa alebo siln\u00e9ho vetra, aby ste zaistili spr\u00e1vny \u00fa\u010dinok.<\/li>\n<li>Nepou\u017e\u00edvajte na such\u00e9 povrchy, pokia\u013e nie je pr\u00edtomn\u00e1 pena, preto\u017ee v\u00fdrobok je ur\u010den\u00fd \u0161peci\u00e1lne na neutraliz\u00e1ciu peny.<\/li>\n<li>Po ukon\u010den\u00ed \u010distenia nechajte strechu prirodzene vyschn\u00fa\u0165.<\/li>\n<li>Po pou\u017eit\u00ed d\u00f4kladne vy\u010distite aplika\u010dn\u00e9 n\u00e1stroje.<\/li>\n<li>N\u00e1dobu skladujte tesne uzavret\u00fa na chladnom a suchom mieste mimo dosahu priameho slne\u010dn\u00e9ho \u017eiarenia a extr\u00e9mnych tepl\u00f4t.<\/li>\n<li>Uchov\u00e1vajte mimo dosahu det\u00ed a zabr\u00e1\u0148te priamemu kontaktu s poko\u017ekou a o\u010dami.<\/li>\n<\/ul>\n<p>Dodr\u017eiavan\u00edm odpor\u00fa\u010dan\u00e9ho pokrytia do 10 m\u00b2 na liter a aplik\u00e1ciou v\u00fdrobku len tam, kde tvorba peny br\u00e1ni \u010disteniu, n\u00e1\u0161 odpenova\u010d strechy zabezpe\u010duje vy\u0161\u0161iu \u00fa\u010dinnos\u0165 \u010distenia, lep\u0161\u00ed v\u00fdkon v\u00fdrobku a bezpe\u010dnej\u0161ie a kontrolovanej\u0161ie \u010dinnosti pri \u00fadr\u017ebe striech.<\/p>","protected":false},"excerpt":{"rendered":"<p>Powerful anti-foam action for deep roof cleaning. Our roof defoamer is specially formulated to eliminate foam buildup during roof cleaning operations, ensuring smooth, controlled, and efficient treatment of roofing surfaces. It enhances cleaning performance by neutralizing excessive foam caused by detergents, organic residues, or previous cleaning agents. The most effective roof defoamer on the market. [&hellip;]<\/p>\n","protected":false},"featured_media":26916,"comment_status":"open","ping_status":"closed","template":"","meta":{"_uag_custom_page_level_css":"","site-sidebar-layout":"default","site-content-layout":"","ast-site-content-layout":"default","site-content-style":"default","site-sidebar-style":"default","ast-global-header-display":"","ast-banner-title-visibility":"","ast-main-header-display":"","ast-hfb-above-header-display":"","ast-hfb-below-header-display":"","ast-hfb-mobile-header-display":"","site-post-title":"","ast-breadcrumbs-content":"","ast-featured-img":"","footer-sml-layout":"","ast-disable-related-posts":"","theme-transparent-header-meta":"default","adv-header-id-meta":"","stick-header-meta":"","header-above-stick-meta":"","header-main-stick-meta":"","header-below-stick-meta":"","astra-migrate-meta-layouts":"set","ast-page-background-enabled":"default","ast-page-background-meta":{"desktop":{"background-color":"var(--ast-global-color-4)","background-image":"","background-repeat":"repeat","background-position":"center center","background-size":"auto","background-attachment":"scroll","background-type":"","background-media":"","overlay-type":"","overlay-color":"","overlay-opacity":"","overlay-gradient":""},"tablet":{"background-color":"","background-image":"","background-repeat":"repeat","background-position":"center center","background-size":"auto","background-attachment":"scroll","background-type":"","background-media":"","overlay-type":"","overlay-color":"","overlay-opacity":"","overlay-gradient":""},"mobile":{"background-color":"","background-image":"","background-repeat":"repeat","background-position":"center center","background-size":"auto","background-attachment":"scroll","background-type":"","background-media":"","overlay-type":"","overlay-color":"","overlay-opacity":"","overlay-gradient":""}},"ast-content-background-meta":{"desktop":{"background-color":"var(--ast-global-color-5)","background-image":"","background-repeat":"repeat","background-position":"center center","background-size":"auto","background-attachment":"scroll","background-type":"","background-media":"","overlay-type":"","overlay-color":"","overlay-opacity":"","overlay-gradient":""},"tablet":{"background-color":"var(--ast-global-color-5)","background-image":"","background-repeat":"repeat","background-position":"center center","background-size":"auto","background-attachment":"scroll","background-type":"","background-media":"","overlay-type":"","overlay-color":"","overlay-opacity":"","overlay-gradient":""},"mobile":{"background-color":"var(--ast-global-color-5)","background-image":"","background-repeat":"repeat","background-position":"center center","background-size":"auto","background-attachment":"scroll","background-type":"","background-media":"","overlay-type":"","overlay-color":"","overlay-opacity":"","overlay-gradient":""}}},"product_brand":[],"product_cat":[175,187],"product_tag":[],"class_list":{"0":"post-25057","1":"product","2":"type-product","3":"status-publish","4":"has-post-thumbnail","6":"product_cat-cleaning-products","7":"product_cat-roofing","8":"desktop-align-left","9":"tablet-align-left","10":"mobile-align-left","12":"first","13":"instock","14":"sale","15":"taxable","16":"shipping-taxable","17":"purchasable","18":"product-type-variable","19":"has-default-attributes"},"spectra_custom_meta":{"_visibility":["visible"],"_shopify_product_id":["8051366068469"],"_s2w_shopify_domain":["ferberpainting.myshopify.com"],"_shopify_variant_id":["43849071231221"],"_manage_stock":["no"],"total_sales":["23"],"_tax_status":["taxable"],"_tax_class":[""],"_backorders":["no"],"_sold_individually":["no"],"_virtual":["no"],"_downloadable":["no"],"_download_limit":["-1"],"_download_expiry":["-1"],"_stock":[null],"_stock_status":["instock"],"_wc_average_rating":["4.97"],"_wc_review_count":["70"],"_product_attributes":["a:1:{s:6:\"volume\";a:6:{s:4:\"name\";s:6:\"Volume\";s:5:\"value\";s:20:\"5 liters | 25 liters\";s:8:\"position\";i:1;s:10:\"is_visible\";i:0;s:12:\"is_variation\";i:1;s:11:\"is_taxonomy\";i:0;}}"],"_product_version":["10.5.1"],"_thumbnail_id":["26916"],"_product_image_gallery":["26917"],"_edit_lock":["1771226196:1"],"_default_attributes":["a:1:{s:6:\"volume\";s:8:\"5 liters\";}"],"merchant-center-availability":["yes"],"merchant-center-category":["123"],"merchant-center-id":["AMT5L"],"_edit_last":["1"],"_wp_page_template":["default"],"site-sidebar-layout":["default"],"ast-site-content-layout":["default"],"site-content-style":["default"],"site-sidebar-style":["default"],"theme-transparent-header-meta":["default"],"_price":["29.90","129.90"],"_wc_rating_count":["a:2:{i:4;i:2;i:5;i:68;}"],"astra-migrate-meta-layouts":["set"],"_uag_css_file_name":["uag-css-25057.css"],"_elementor_page_assets":["a:0:{}"],"_uag_page_assets":["a:9:{s:3:\"css\";s:7133:\".uag-blocks-common-selector{z-index:var(--z-index-desktop) !important}@media(max-width: 976px){.uag-blocks-common-selector{z-index:var(--z-index-tablet) !important}}@media(max-width: 767px){.uag-blocks-common-selector{z-index:var(--z-index-mobile) !important}}.wp-block-uagb-image{display:flex}.wp-block-uagb-image__figure{position:relative;display:flex;flex-direction:column;max-width:100%;height:auto;margin:0}.wp-block-uagb-image__figure img{height:auto;display:flex;max-width:100%;transition:box-shadow .2s ease}.wp-block-uagb-image__figure>a{display:inline-block}.wp-block-uagb-image__figure figcaption{text-align:center;margin-top:.5em;margin-bottom:1em}.wp-block-uagb-image .components-placeholder.block-editor-media-placeholder .components-placeholder__instructions{align-self:center}.wp-block-uagb-image--align-left{text-align:left}.wp-block-uagb-image--align-right{text-align:right}.wp-block-uagb-image--align-center{text-align:center}.wp-block-uagb-image--align-full .wp-block-uagb-image__figure{margin-left:calc(50% - 50vw);margin-right:calc(50% - 50vw);max-width:100vw;width:100vw;height:auto}.wp-block-uagb-image--align-full .wp-block-uagb-image__figure img{height:auto;width:100% !important}.wp-block-uagb-image--align-wide .wp-block-uagb-image__figure img{height:auto;width:100%}.wp-block-uagb-image--layout-overlay__color-wrapper{position:absolute;left:0;top:0;right:0;bottom:0;opacity:.2;background:rgba(0,0,0,.5);transition:opacity .35s ease-in-out}.wp-block-uagb-image--layout-overlay-link{position:absolute;left:0;right:0;bottom:0;top:0}.wp-block-uagb-image--layout-overlay .wp-block-uagb-image__figure:hover .wp-block-uagb-image--layout-overlay__color-wrapper{opacity:1}.wp-block-uagb-image--layout-overlay__inner{position:absolute;left:15px;right:15px;bottom:15px;top:15px;display:flex;align-items:center;justify-content:center;flex-direction:column;border-color:#fff;transition:.35s ease-in-out}.wp-block-uagb-image--layout-overlay__inner.top-left,.wp-block-uagb-image--layout-overlay__inner.top-center,.wp-block-uagb-image--layout-overlay__inner.top-right{justify-content:flex-start}.wp-block-uagb-image--layout-overlay__inner.bottom-left,.wp-block-uagb-image--layout-overlay__inner.bottom-center,.wp-block-uagb-image--layout-overlay__inner.bottom-right{justify-content:flex-end}.wp-block-uagb-image--layout-overlay__inner.top-left,.wp-block-uagb-image--layout-overlay__inner.center-left,.wp-block-uagb-image--layout-overlay__inner.bottom-left{align-items:flex-start}.wp-block-uagb-image--layout-overlay__inner.top-right,.wp-block-uagb-image--layout-overlay__inner.center-right,.wp-block-uagb-image--layout-overlay__inner.bottom-right{align-items:flex-end}.wp-block-uagb-image--layout-overlay__inner .uagb-image-heading{color:#fff;transition:transform .35s,opacity .35s ease-in-out;transform:translate3d(0, 24px, 0);margin:0;line-height:1em}.wp-block-uagb-image--layout-overlay__inner .uagb-image-separator{width:30%;border-top-width:2px;border-top-color:#fff;border-top-style:solid;margin-bottom:10px;opacity:0;transition:transform .4s,opacity .4s ease-in-out;transform:translate3d(0, 30px, 0)}.wp-block-uagb-image--layout-overlay__inner .uagb-image-caption{opacity:0;overflow:visible;color:#fff;transition:transform .45s,opacity .45s ease-in-out;transform:translate3d(0, 35px, 0)}.wp-block-uagb-image--layout-overlay__inner:hover .uagb-image-heading,.wp-block-uagb-image--layout-overlay__inner:hover .uagb-image-separator,.wp-block-uagb-image--layout-overlay__inner:hover .uagb-image-caption{opacity:1;transform:translate3d(0, 0, 0)}.wp-block-uagb-image--effect-zoomin .wp-block-uagb-image__figure img,.wp-block-uagb-image--effect-zoomin .wp-block-uagb-image__figure .wp-block-uagb-image--layout-overlay__color-wrapper{transform:scale(1);transition:transform .35s ease-in-out}.wp-block-uagb-image--effect-zoomin .wp-block-uagb-image__figure:hover img,.wp-block-uagb-image--effect-zoomin .wp-block-uagb-image__figure:hover .wp-block-uagb-image--layout-overlay__color-wrapper{transform:scale(1.05)}.wp-block-uagb-image--effect-slide .wp-block-uagb-image__figure img,.wp-block-uagb-image--effect-slide .wp-block-uagb-image__figure .wp-block-uagb-image--layout-overlay__color-wrapper{width:calc(100% + 40px) !important;max-width:none !important;transform:translate3d(-40px, 0, 0);transition:transform .35s ease-in-out}.wp-block-uagb-image--effect-slide .wp-block-uagb-image__figure:hover img,.wp-block-uagb-image--effect-slide .wp-block-uagb-image__figure:hover .wp-block-uagb-image--layout-overlay__color-wrapper{transform:translate3d(0, 0, 0)}.wp-block-uagb-image--effect-grayscale img{filter:grayscale(0%);transition:.35s ease-in-out}.wp-block-uagb-image--effect-grayscale:hover img{filter:grayscale(100%)}.wp-block-uagb-image--effect-blur img{filter:blur(0);transition:.35s ease-in-out}.wp-block-uagb-image--effect-blur:hover img{filter:blur(3px)}.uagb-block-e6f939b3.wp-block-uagb-image--layout-default figure img{box-shadow: 0px 0px 0 #00000070;}.uagb-block-e6f939b3.wp-block-uagb-image .wp-block-uagb-image__figure figcaption{font-style: normal;align-self: center;}.uagb-block-e6f939b3.wp-block-uagb-image--layout-overlay figure img{box-shadow: 0px 0px 0 #00000070;}.uagb-block-e6f939b3.wp-block-uagb-image--layout-overlay .wp-block-uagb-image--layout-overlay__color-wrapper{opacity: 0.2;}.uagb-block-e6f939b3.wp-block-uagb-image--layout-overlay .wp-block-uagb-image--layout-overlay__inner{left: 15px;right: 15px;top: 15px;bottom: 15px;}.uagb-block-e6f939b3.wp-block-uagb-image--layout-overlay .wp-block-uagb-image--layout-overlay__inner .uagb-image-heading{font-style: normal;color: #fff;opacity: 1;}.uagb-block-e6f939b3.wp-block-uagb-image--layout-overlay .wp-block-uagb-image--layout-overlay__inner .uagb-image-heading a{color: #fff;}.uagb-block-e6f939b3.wp-block-uagb-image--layout-overlay .wp-block-uagb-image--layout-overlay__inner .uagb-image-caption{opacity: 0;}.uagb-block-e6f939b3.wp-block-uagb-image--layout-overlay .wp-block-uagb-image__figure:hover .wp-block-uagb-image--layout-overlay__color-wrapper{opacity: 1;}.uagb-block-e6f939b3.wp-block-uagb-image .wp-block-uagb-image--layout-overlay__inner .uagb-image-separator{width: 30%;border-top-width: 2px;border-top-color: #fff;opacity: 0;}.uagb-block-e6f939b3.wp-block-uagb-image .wp-block-uagb-image__figure img{width: px;height: auto;}.uagb-block-e6f939b3.wp-block-uagb-image .wp-block-uagb-image__figure:hover .wp-block-uagb-image--layout-overlay__inner .uagb-image-caption{opacity: 1;}.uagb-block-e6f939b3.wp-block-uagb-image .wp-block-uagb-image__figure:hover .wp-block-uagb-image--layout-overlay__inner .uagb-image-separator{opacity: 1;}.uagb-block-e6f939b3.wp-block-uagb-image--layout-default figure:hover img{box-shadow: 0px 0px 0 #00000070;}.uagb-block-e6f939b3.wp-block-uagb-image--layout-overlay figure:hover img{box-shadow: 0px 0px 0 #00000070;}@media only screen and (max-width: 976px) {.uagb-block-e6f939b3.wp-block-uagb-image .wp-block-uagb-image__figure img{width: px;height: auto;}}@media only screen and (max-width: 767px) {.uagb-block-e6f939b3.wp-block-uagb-image .wp-block-uagb-image__figure img{width: px;height: auto;}}\";s:2:\"js\";s:0:\"\";s:18:\"current_block_list\";a:13:{i:0;s:11:\"core\/search\";i:1;s:10:\"core\/group\";i:2;s:12:\"core\/heading\";i:3;s:17:\"core\/latest-posts\";i:4;s:20:\"core\/latest-comments\";i:5;s:13:\"core\/archives\";i:6;s:15:\"core\/categories\";i:7;s:14:\"core\/paragraph\";i:8;s:10:\"uagb\/image\";i:9;s:11:\"core\/spacer\";i:10;s:30:\"woocommerce\/product-categories\";i:11;s:10:\"core\/image\";i:12;s:14:\"core\/shortcode\";}s:8:\"uag_flag\";b:1;s:11:\"uag_version\";s:10:\"1777344941\";s:6:\"gfonts\";a:0:{}s:10:\"gfonts_url\";s:0:\"\";s:12:\"gfonts_files\";a:0:{}s:14:\"uag_faq_layout\";b:0;}"]},"uagb_featured_image_src":{"full":["https:\/\/www.ferberpainting.com\/wp-content\/uploads\/2025\/05\/Roof_Defoamer_5L.jpg",2560,2560,false],"thumbnail":["https:\/\/www.ferberpainting.com\/wp-content\/uploads\/2025\/05\/Roof_Defoamer_5L-150x150.jpg",150,150,true],"medium":["https:\/\/www.ferberpainting.com\/wp-content\/uploads\/2025\/05\/Roof_Defoamer_5L-300x300.jpg",300,300,true],"medium_large":["https:\/\/www.ferberpainting.com\/wp-content\/uploads\/2025\/05\/Roof_Defoamer_5L-768x768.jpg",768,768,true],"large":["https:\/\/www.ferberpainting.com\/wp-content\/uploads\/2025\/05\/Roof_Defoamer_5L-1024x1024.jpg",1024,1024,true],"1536x1536":["https:\/\/www.ferberpainting.com\/wp-content\/uploads\/2025\/05\/Roof_Defoamer_5L-1536x1536.jpg",1536,1536,true],"2048x2048":["https:\/\/www.ferberpainting.com\/wp-content\/uploads\/2025\/05\/Roof_Defoamer_5L-2048x2048.jpg",2048,2048,true],"trp-custom-language-flag":["https:\/\/www.ferberpainting.com\/wp-content\/uploads\/2025\/05\/Roof_Defoamer_5L-12x12.jpg",12,12,true],"woocommerce_thumbnail":["https:\/\/www.ferberpainting.com\/wp-content\/uploads\/2025\/05\/Roof_Defoamer_5L-300x300.jpg",300,300,true],"woocommerce_single":["https:\/\/www.ferberpainting.com\/wp-content\/uploads\/2025\/05\/Roof_Defoamer_5L-600x600.jpg",600,600,true],"woocommerce_gallery_thumbnail":["https:\/\/www.ferberpainting.com\/wp-content\/uploads\/2025\/05\/Roof_Defoamer_5L-100x100.jpg",100,100,true]},"uagb_author_info":{"display_name":"admin","author_link":"https:\/\/www.ferberpainting.com\/sk\/author\/"},"uagb_comment_info":70,"uagb_excerpt":"Powerful anti-foam action for deep roof cleaning. Our roof defoamer is specially formulated to eliminate foam buildup during roof cleaning operations, ensuring smooth, controlled, and efficient treatment of roofing surfaces. It enhances cleaning performance by neutralizing excessive foam caused by detergents, organic residues, or previous cleaning agents. The most effective roof defoamer on the market.&hellip;","_links":{"self":[{"href":"https:\/\/www.ferberpainting.com\/sk\/wp-json\/wp\/v2\/product\/25057","targetHints":{"allow":["GET"]}}],"collection":[{"href":"https:\/\/www.ferberpainting.com\/sk\/wp-json\/wp\/v2\/product"}],"about":[{"href":"https:\/\/www.ferberpainting.com\/sk\/wp-json\/wp\/v2\/types\/product"}],"replies":[{"embeddable":true,"href":"https:\/\/www.ferberpainting.com\/sk\/wp-json\/wp\/v2\/comments?post=25057"}],"version-history":[{"count":3,"href":"https:\/\/www.ferberpainting.com\/sk\/wp-json\/wp\/v2\/product\/25057\/revisions"}],"predecessor-version":[{"id":167101,"href":"https:\/\/www.ferberpainting.com\/sk\/wp-json\/wp\/v2\/product\/25057\/revisions\/167101"}],"wp:featuredmedia":[{"embeddable":true,"href":"https:\/\/www.ferberpainting.com\/sk\/wp-json\/wp\/v2\/media\/26916"}],"wp:attachment":[{"href":"https:\/\/www.ferberpainting.com\/sk\/wp-json\/wp\/v2\/media?parent=25057"}],"wp:term":[{"taxonomy":"product_brand","embeddable":true,"href":"https:\/\/www.ferberpainting.com\/sk\/wp-json\/wp\/v2\/product_brand?post=25057"},{"taxonomy":"product_cat","embeddable":true,"href":"https:\/\/www.ferberpainting.com\/sk\/wp-json\/wp\/v2\/product_cat?post=25057"},{"taxonomy":"product_tag","embeddable":true,"href":"https:\/\/www.ferberpainting.com\/sk\/wp-json\/wp\/v2\/product_tag?post=25057"}],"curies":[{"name":"wp","href":"https:\/\/api.w.org\/{rel}","templated":true}]}}