{"id":25048,"date":"2025-05-26T10:28:55","date_gmt":"2025-05-26T08:28:55","guid":{"rendered":"https:\/\/www.ferberpainting.com\/products\/road-paint-yellow\/"},"modified":"2026-02-16T08:09:43","modified_gmt":"2026-02-16T07:09:43","slug":"road-paint-yellow","status":"publish","type":"product","link":"https:\/\/www.ferberpainting.com\/sk\/products\/road-paint-yellow\/","title":{"rendered":"Farba na vozovky \u017elt\u00e1"},"content":{"rendered":"<p><strong><img decoding=\"async\" style=\"margin-right: 12px;\" src=\"https:\/\/www.ferberpainting.com\/wp-content\/uploads\/2026\/02\/Check.svg\" alt=\"\" width=\"18\" height=\"15\" \/>Profesion\u00e1lna farba na zna\u010denie ciest s vysokou vidite\u013enos\u0165ou.<\/strong> Na\u0161a farba na cesty je \u0161peci\u00e1lne vyvinut\u00e1 tak, aby poskytovala ostr\u00e9, odoln\u00e9 a dobre vidite\u013en\u00e9 zna\u010denie na asfalte, bet\u00f3ne a in\u00fdch dopravn\u00fdch ploch\u00e1ch. Je ur\u010den\u00e1 na verejn\u00e9 aj s\u00fakromn\u00e9 pou\u017eitie a zabezpe\u010duje jasn\u00e9 vedenie vozidiel a chodcov vo v\u0161etk\u00fdch prostrediach.<\/p>\n<p><strong><img decoding=\"async\" style=\"margin-right: 12px;\" src=\"https:\/\/www.ferberpainting.com\/wp-content\/uploads\/2026\/02\/Check.svg\" alt=\"\" width=\"18\" height=\"15\" \/>Naj\u00fa\u010dinnej\u0161ia farba na cesty na trhu.<\/strong> V\u010faka svojmu pokro\u010dil\u00e9mu zlo\u017eeniu pon\u00faka t\u00e1to farba v\u00fdnimo\u010dn\u00fa pri\u013enavos\u0165, r\u00fdchle schnutie a dlhotrvaj\u00facu farebn\u00fa st\u00e1los\u0165. Odol\u00e1va opotrebovaniu v prem\u00e1vke, poveternostn\u00fdm vplyvom a environment\u00e1lnemu za\u0165a\u017eeniu, pri\u010dom si dlhodobo zachov\u00e1va vysok\u00fa vidite\u013enos\u0165.<\/p>\n<p><strong><img decoding=\"async\" style=\"margin-right: 12px;\" src=\"https:\/\/www.ferberpainting.com\/wp-content\/uploads\/2026\/02\/Check.svg\" alt=\"\" width=\"18\" height=\"15\" \/>Bezkonkuren\u010dn\u00e1 cena.<\/strong> Pon\u00fakame profesion\u00e1lne v\u00fdkonn\u00e9 dopravn\u00e9 zna\u010denie za najv\u00fdhodnej\u0161iu cenu. \u010ci u\u017e ide o obce, dod\u00e1vate\u013eov, alebo s\u00fakromn\u00fdch vlastn\u00edkov pozemkov, profitujete z prvotriednej kvality za najlep\u0161iu cenu.<\/p>\n<p><strong><img decoding=\"async\" style=\"margin-right: 12px;\" src=\"https:\/\/www.ferberpainting.com\/wp-content\/uploads\/2026\/02\/Check.svg\" alt=\"\" width=\"18\" height=\"15\" \/>Z\u00e1ruka vr\u00e1tenia pe\u0148az\u00ed pre \u00fapln\u00fa istotu.<\/strong> Sme presved\u010den\u00ed o trvanlivosti a vidite\u013enosti na\u0161ej farby na cesty. Ak nebudete s v\u00fdsledkami spokojn\u00ed, pon\u00fakame z\u00e1ruku vr\u00e1tenia pe\u0148az\u00ed. Jednoducho n\u00e1s kontaktujte a my v\u00e1m vr\u00e1time peniaze za n\u00e1kup.<\/p>\n<p><strong><img decoding=\"async\" style=\"margin-right: 12px;\" src=\"https:\/\/www.ferberpainting.com\/wp-content\/uploads\/2026\/02\/Check.svg\" alt=\"\" width=\"18\" height=\"15\" \/>R\u00fdchle dodanie do 24 hod\u00edn pre naliehav\u00e9 projekty zna\u010denia.<\/strong> V\u017edy poskytujeme doru\u010denie do 24 hod\u00edn, aby ste mohli bez me\u0161kania dokon\u010di\u0165 pr\u00e1cu na zna\u010den\u00ed. V\u010faka spo\u013eahlivej preprave bud\u00fa va\u0161e projekty \u00fadr\u017eby a bezpe\u010dnosti prebieha\u0165 pod\u013ea pl\u00e1nu.<\/p>\n<p><strong><img decoding=\"async\" style=\"margin-right: 12px;\" src=\"https:\/\/www.ferberpainting.com\/wp-content\/uploads\/2026\/02\/Check.svg\" alt=\"\" width=\"18\" height=\"15\" \/>Vynikaj\u00face pokrytie 2 m\u00b2 na liter.<\/strong> Jeden liter farby pokryje pribli\u017ene 2 metre \u0161tvorcov\u00e9, \u010do zodpoved\u00e1 pribli\u017ene 20 line\u00e1rnym metrom pre \u010diary \u0161irok\u00e9 10 cm. Toto optimalizovan\u00e9 pokrytie umo\u017e\u0148uje presn\u00fd v\u00fdpo\u010det mno\u017estva a n\u00e1kladovo efekt\u00edvnu aplik\u00e1ciu.<\/p>\n<p><strong><img decoding=\"async\" style=\"margin-right: 12px;\" src=\"https:\/\/www.ferberpainting.com\/wp-content\/uploads\/2026\/02\/Check.svg\" alt=\"\" width=\"18\" height=\"15\" \/>K dispoz\u00edcii vo viacer\u00fdch farb\u00e1ch s vysokou vidite\u013enos\u0165ou.<\/strong> Na\u0161a farba na cesty je k dispoz\u00edcii v \u017eltej, zelenej, bielej a modrej farbe priamo v na\u0161om online obchode. Tieto farebn\u00e9 varianty v\u00e1m umo\u017enia splni\u0165 bezpe\u010dnostn\u00e9 predpisy, vytvori\u0165 vymedzen\u00e9 z\u00f3ny a prisp\u00f4sobi\u0165 zna\u010denie pod\u013ea konkr\u00e9tnych potrieb.<\/p>\n<p><strong><img decoding=\"async\" style=\"margin-right: 12px;\" src=\"https:\/\/www.ferberpainting.com\/wp-content\/uploads\/2026\/02\/Check.svg\" alt=\"\" width=\"18\" height=\"15\" \/>Vysok\u00e1 odolnos\u0165 vo\u010di dopravn\u00fdm a poveternostn\u00fdm podmienkam.<\/strong> Po zaschnut\u00ed farba vytvor\u00ed odoln\u00fd film, ktor\u00fd je odoln\u00fd vo\u010di oderu od vozidiel, pe\u0161ej prem\u00e1vky, da\u017e\u010fa, UV \u017eiareniu a teplotn\u00fdm zmen\u00e1m.<\/p>\n<p><strong><img decoding=\"async\" style=\"margin-right: 12px;\" src=\"https:\/\/www.ferberpainting.com\/wp-content\/uploads\/2026\/02\/Check.svg\" alt=\"\" width=\"18\" height=\"15\" \/>R\u00fdchle schnutie pre minim\u00e1lne naru\u0161enie.<\/strong> R\u00fdchloschn\u00face zlo\u017eenie umo\u017e\u0148uje r\u00fdchle op\u00e4tovn\u00e9 otvorenie povrchov pre dopravu, \u010d\u00edm sa skracuj\u00fa prestoje a nepr\u00edjemnosti po\u010das aplik\u00e1cie.<\/p>\n<p><strong><img decoding=\"async\" style=\"margin-right: 12px;\" src=\"https:\/\/www.ferberpainting.com\/wp-content\/uploads\/2026\/02\/Check.svg\" alt=\"\" width=\"18\" height=\"15\" \/>Vhodn\u00e9 na viacero aplik\u00e1ci\u00ed.<\/strong> Ide\u00e1lne na parkovisk\u00e1, sklady, priemyseln\u00e9 podlahy, \u0161portov\u00e9 ihrisk\u00e1, vozovky, priechody pre chodcov, cyklistick\u00e9 pruhy a bezpe\u010dnostn\u00e9 z\u00f3ny.<\/p>\n<p><strong>Pokyny<\/strong><\/p>\n<ul>\n<li>Pred aplik\u00e1ciou sa uistite, \u017ee je povrch \u010dist\u00fd, such\u00fd a zbaven\u00fd prachu, mastnoty, oleja, uvo\u013enen\u00fdch \u010dast\u00edc alebo star\u00e9ho odlupuj\u00faceho sa n\u00e1teru.<\/li>\n<li>Ak nan\u00e1\u0161ate na nov\u00fd asfalt alebo bet\u00f3n, nechajte povrch pred natieran\u00edm \u00faplne vytvrdn\u00fa\u0165, aby ste zaistili spr\u00e1vnu pri\u013enavos\u0165.<\/li>\n<li>Pred pou\u017eit\u00edm farbu d\u00f4kladne premie\u0161ajte, aby ste zaistili rovnomern\u00fa farbu a konzistenciu.<\/li>\n<li>Najlep\u0161ie v\u00fdsledky dosiahnete pri teplote od 10 \u00b0C do 30 \u00b0C. Vyhnite sa aplik\u00e1cii po\u010das da\u017e\u010fa alebo vysokej vlhkosti.<\/li>\n<li>V z\u00e1vislosti od rozsahu projektu pou\u017eite val\u010dek, \u0161tetec alebo profesion\u00e1lny stroj na zna\u010denie \u010diar.<\/li>\n<li>Re\u0161pektujte odpor\u00fa\u010dan\u00fa mieru krytia: 1 liter pokryje pribli\u017ene 2 m\u00b2.<\/li>\n<li>Pri zna\u010den\u00ed \u010diar \u0161irok\u00fdch 10 cm sa z 1 litra vyrob\u00ed pribli\u017ene 20 line\u00e1rnych metrov \u010diary (vypo\u010d\u00edtan\u00e9 ako 2 m\u00b2 delen\u00e9 \u0161\u00edrkou 0,1 m).<\/li>\n<li>Farbu nan\u00e1\u0161ajte rovnomerne v s\u00favislej vrstve. Vyhnite sa nadmernej hr\u00fabke, preto\u017ee to m\u00f4\u017ee pred\u013a\u017ei\u0165 \u010das schnutia a zn\u00ed\u017ei\u0165 trvanlivos\u0165.<\/li>\n<li>Na dosiahnutie maxim\u00e1lnej trvanlivosti na miestach s vysokou intenzitou prev\u00e1dzky mo\u017eno po \u00faplnom zaschnut\u00ed prvej vrstvy nanies\u0165 druh\u00fa vrstvu.<\/li>\n<li>Nechajte farbu zaschn\u00fa\u0165 pod\u013ea podmienok prostredia. \u010cas schnutia sa m\u00f4\u017ee l\u00ed\u0161i\u0165 v z\u00e1vislosti od teploty, vlhkosti a typu povrchu.<\/li>\n<li>Obmedzte prem\u00e1vku, k\u00fdm farba \u00faplne nezaschne, aby ste zabr\u00e1nili po\u0161kodeniu alebo prenosu zna\u010diek.<\/li>\n<li>N\u00e1stroje \u010distite ihne\u010f po pou\u017eit\u00ed pod\u013ea odpor\u00fa\u010dan\u00ed v\u00fdrobku.<\/li>\n<li>N\u00e1dobu skladujte tesne uzavret\u00fa na chladnom a suchom mieste mimo dosahu priameho slne\u010dn\u00e9ho \u017eiarenia a extr\u00e9mnych tepl\u00f4t.<\/li>\n<li>Pred n\u00e1kupom si vyberte po\u017eadovan\u00fa farbu (\u017elt\u00e1, zelen\u00e1, biela alebo modr\u00e1) priamo v na\u0161om online obchode, aby zodpovedala va\u0161im po\u017eiadavk\u00e1m na zna\u010denie.<\/li>\n<li>V\u017edy dodr\u017eiavajte miestne predpisy t\u00fdkaj\u00face sa noriem pre dopravn\u00e9 zna\u010denie, k\u00f3dov farieb a rozmerov \u010diar.<\/li>\n<\/ul>\n<p>Dodr\u017ean\u00edm odpor\u00fa\u010dan\u00e9ho pokrytia 2 m\u00b2 na liter alebo pribli\u017ene 20 line\u00e1rnych metrov pre 10 cm \u0161irok\u00e9 \u010diary zabezpe\u010d\u00edte efekt\u00edvne pou\u017e\u00edvanie v\u00fdrobku, presn\u00e9 v\u00fdsledky zna\u010denia a dlhotrvaj\u00faci v\u00fdkon na v\u0161etk\u00fdch typoch dopravn\u00fdch povrchov.<\/p>","protected":false},"excerpt":{"rendered":"<p>Professional road marking paint for high-visibility results. Our road paint is specially formulated to deliver sharp, durable, and highly visible markings on asphalt, concrete, and other traffic surfaces. Designed for both public and private applications, it ensures clear guidance for vehicles and pedestrians in all environments. The most effective road paint on the market. Thanks [&hellip;]<\/p>\n","protected":false},"featured_media":26908,"comment_status":"open","ping_status":"closed","template":"","meta":{"_uag_custom_page_level_css":"","site-sidebar-layout":"default","site-content-layout":"","ast-site-content-layout":"default","site-content-style":"default","site-sidebar-style":"default","ast-global-header-display":"","ast-banner-title-visibility":"","ast-main-header-display":"","ast-hfb-above-header-display":"","ast-hfb-below-header-display":"","ast-hfb-mobile-header-display":"","site-post-title":"","ast-breadcrumbs-content":"","ast-featured-img":"","footer-sml-layout":"","ast-disable-related-posts":"","theme-transparent-header-meta":"default","adv-header-id-meta":"","stick-header-meta":"","header-above-stick-meta":"","header-main-stick-meta":"","header-below-stick-meta":"","astra-migrate-meta-layouts":"set","ast-page-background-enabled":"default","ast-page-background-meta":{"desktop":{"background-color":"var(--ast-global-color-4)","background-image":"","background-repeat":"repeat","background-position":"center center","background-size":"auto","background-attachment":"scroll","background-type":"","background-media":"","overlay-type":"","overlay-color":"","overlay-opacity":"","overlay-gradient":""},"tablet":{"background-color":"","background-image":"","background-repeat":"repeat","background-position":"center center","background-size":"auto","background-attachment":"scroll","background-type":"","background-media":"","overlay-type":"","overlay-color":"","overlay-opacity":"","overlay-gradient":""},"mobile":{"background-color":"","background-image":"","background-repeat":"repeat","background-position":"center center","background-size":"auto","background-attachment":"scroll","background-type":"","background-media":"","overlay-type":"","overlay-color":"","overlay-opacity":"","overlay-gradient":""}},"ast-content-background-meta":{"desktop":{"background-color":"var(--ast-global-color-5)","background-image":"","background-repeat":"repeat","background-position":"center center","background-size":"auto","background-attachment":"scroll","background-type":"","background-media":"","overlay-type":"","overlay-color":"","overlay-opacity":"","overlay-gradient":""},"tablet":{"background-color":"var(--ast-global-color-5)","background-image":"","background-repeat":"repeat","background-position":"center center","background-size":"auto","background-attachment":"scroll","background-type":"","background-media":"","overlay-type":"","overlay-color":"","overlay-opacity":"","overlay-gradient":""},"mobile":{"background-color":"var(--ast-global-color-5)","background-image":"","background-repeat":"repeat","background-position":"center center","background-size":"auto","background-attachment":"scroll","background-type":"","background-media":"","overlay-type":"","overlay-color":"","overlay-opacity":"","overlay-gradient":""}}},"product_brand":[],"product_cat":[185],"product_tag":[],"class_list":{"0":"post-25048","1":"product","2":"type-product","3":"status-publish","4":"has-post-thumbnail","6":"product_cat-road-paint","7":"desktop-align-left","8":"tablet-align-left","9":"mobile-align-left","11":"first","12":"instock","13":"sale","14":"shipping-taxable","15":"purchasable","16":"product-type-variable","17":"has-default-attributes"},"spectra_custom_meta":{"_visibility":["visible"],"_shopify_product_id":["8317969137909"],"_s2w_shopify_domain":["ferberpainting.myshopify.com"],"_shopify_variant_id":["44773944230133"],"_sku":[""],"_manage_stock":["no"],"total_sales":["56"],"_tax_status":["taxable"],"_tax_class":[""],"_backorders":["no"],"_sold_individually":["no"],"_virtual":["no"],"_downloadable":["no"],"_download_limit":["-1"],"_download_expiry":["-1"],"_stock":[null],"_stock_status":["instock"],"_wc_average_rating":["5.00"],"_wc_review_count":["18"],"_product_attributes":["a:1:{s:6:\"volume\";a:6:{s:4:\"name\";s:6:\"Volume\";s:5:\"value\";s:20:\"5 liters | 20 liters\";s:8:\"position\";i:1;s:10:\"is_visible\";i:0;s:12:\"is_variation\";i:1;s:11:\"is_taxonomy\";i:0;}}"],"_product_version":["10.5.1"],"_thumbnail_id":["26908"],"_price":["49.90","149.90"],"_product_image_gallery":["26909"],"merchant-center-availability":["yes"],"merchant-center-category":["1361"],"merchant-center-id":["RP1"],"wpse_downloadable_file_names":[""],"wpse_downloadable_file_urls":[""],"_edit_last":["1"],"_default_attributes":["a:1:{s:6:\"volume\";s:8:\"5 liters\";}"],"_wc_rating_count":["a:1:{i:5;i:18;}"],"_edit_lock":["1771225660:1"],"_wp_page_template":["default"],"site-sidebar-layout":["default"],"ast-site-content-layout":["default"],"site-content-style":["default"],"site-sidebar-style":["default"],"theme-transparent-header-meta":["default"],"astra-migrate-meta-layouts":["set"],"_uag_css_file_name":["uag-css-25048.css"],"_elementor_page_assets":["a:0:{}"],"_uag_page_assets":["a:9:{s:3:\"css\";s:7133:\".uag-blocks-common-selector{z-index:var(--z-index-desktop) !important}@media(max-width: 976px){.uag-blocks-common-selector{z-index:var(--z-index-tablet) !important}}@media(max-width: 767px){.uag-blocks-common-selector{z-index:var(--z-index-mobile) !important}}.wp-block-uagb-image{display:flex}.wp-block-uagb-image__figure{position:relative;display:flex;flex-direction:column;max-width:100%;height:auto;margin:0}.wp-block-uagb-image__figure img{height:auto;display:flex;max-width:100%;transition:box-shadow .2s ease}.wp-block-uagb-image__figure>a{display:inline-block}.wp-block-uagb-image__figure figcaption{text-align:center;margin-top:.5em;margin-bottom:1em}.wp-block-uagb-image .components-placeholder.block-editor-media-placeholder .components-placeholder__instructions{align-self:center}.wp-block-uagb-image--align-left{text-align:left}.wp-block-uagb-image--align-right{text-align:right}.wp-block-uagb-image--align-center{text-align:center}.wp-block-uagb-image--align-full .wp-block-uagb-image__figure{margin-left:calc(50% - 50vw);margin-right:calc(50% - 50vw);max-width:100vw;width:100vw;height:auto}.wp-block-uagb-image--align-full .wp-block-uagb-image__figure img{height:auto;width:100% !important}.wp-block-uagb-image--align-wide .wp-block-uagb-image__figure img{height:auto;width:100%}.wp-block-uagb-image--layout-overlay__color-wrapper{position:absolute;left:0;top:0;right:0;bottom:0;opacity:.2;background:rgba(0,0,0,.5);transition:opacity .35s ease-in-out}.wp-block-uagb-image--layout-overlay-link{position:absolute;left:0;right:0;bottom:0;top:0}.wp-block-uagb-image--layout-overlay .wp-block-uagb-image__figure:hover .wp-block-uagb-image--layout-overlay__color-wrapper{opacity:1}.wp-block-uagb-image--layout-overlay__inner{position:absolute;left:15px;right:15px;bottom:15px;top:15px;display:flex;align-items:center;justify-content:center;flex-direction:column;border-color:#fff;transition:.35s ease-in-out}.wp-block-uagb-image--layout-overlay__inner.top-left,.wp-block-uagb-image--layout-overlay__inner.top-center,.wp-block-uagb-image--layout-overlay__inner.top-right{justify-content:flex-start}.wp-block-uagb-image--layout-overlay__inner.bottom-left,.wp-block-uagb-image--layout-overlay__inner.bottom-center,.wp-block-uagb-image--layout-overlay__inner.bottom-right{justify-content:flex-end}.wp-block-uagb-image--layout-overlay__inner.top-left,.wp-block-uagb-image--layout-overlay__inner.center-left,.wp-block-uagb-image--layout-overlay__inner.bottom-left{align-items:flex-start}.wp-block-uagb-image--layout-overlay__inner.top-right,.wp-block-uagb-image--layout-overlay__inner.center-right,.wp-block-uagb-image--layout-overlay__inner.bottom-right{align-items:flex-end}.wp-block-uagb-image--layout-overlay__inner .uagb-image-heading{color:#fff;transition:transform .35s,opacity .35s ease-in-out;transform:translate3d(0, 24px, 0);margin:0;line-height:1em}.wp-block-uagb-image--layout-overlay__inner .uagb-image-separator{width:30%;border-top-width:2px;border-top-color:#fff;border-top-style:solid;margin-bottom:10px;opacity:0;transition:transform .4s,opacity .4s ease-in-out;transform:translate3d(0, 30px, 0)}.wp-block-uagb-image--layout-overlay__inner .uagb-image-caption{opacity:0;overflow:visible;color:#fff;transition:transform .45s,opacity .45s ease-in-out;transform:translate3d(0, 35px, 0)}.wp-block-uagb-image--layout-overlay__inner:hover .uagb-image-heading,.wp-block-uagb-image--layout-overlay__inner:hover .uagb-image-separator,.wp-block-uagb-image--layout-overlay__inner:hover .uagb-image-caption{opacity:1;transform:translate3d(0, 0, 0)}.wp-block-uagb-image--effect-zoomin .wp-block-uagb-image__figure img,.wp-block-uagb-image--effect-zoomin .wp-block-uagb-image__figure .wp-block-uagb-image--layout-overlay__color-wrapper{transform:scale(1);transition:transform .35s ease-in-out}.wp-block-uagb-image--effect-zoomin .wp-block-uagb-image__figure:hover img,.wp-block-uagb-image--effect-zoomin .wp-block-uagb-image__figure:hover .wp-block-uagb-image--layout-overlay__color-wrapper{transform:scale(1.05)}.wp-block-uagb-image--effect-slide .wp-block-uagb-image__figure img,.wp-block-uagb-image--effect-slide .wp-block-uagb-image__figure .wp-block-uagb-image--layout-overlay__color-wrapper{width:calc(100% + 40px) !important;max-width:none !important;transform:translate3d(-40px, 0, 0);transition:transform .35s ease-in-out}.wp-block-uagb-image--effect-slide .wp-block-uagb-image__figure:hover img,.wp-block-uagb-image--effect-slide .wp-block-uagb-image__figure:hover .wp-block-uagb-image--layout-overlay__color-wrapper{transform:translate3d(0, 0, 0)}.wp-block-uagb-image--effect-grayscale img{filter:grayscale(0%);transition:.35s ease-in-out}.wp-block-uagb-image--effect-grayscale:hover img{filter:grayscale(100%)}.wp-block-uagb-image--effect-blur img{filter:blur(0);transition:.35s ease-in-out}.wp-block-uagb-image--effect-blur:hover img{filter:blur(3px)}.uagb-block-e6f939b3.wp-block-uagb-image--layout-default figure img{box-shadow: 0px 0px 0 #00000070;}.uagb-block-e6f939b3.wp-block-uagb-image .wp-block-uagb-image__figure figcaption{font-style: normal;align-self: center;}.uagb-block-e6f939b3.wp-block-uagb-image--layout-overlay figure img{box-shadow: 0px 0px 0 #00000070;}.uagb-block-e6f939b3.wp-block-uagb-image--layout-overlay .wp-block-uagb-image--layout-overlay__color-wrapper{opacity: 0.2;}.uagb-block-e6f939b3.wp-block-uagb-image--layout-overlay .wp-block-uagb-image--layout-overlay__inner{left: 15px;right: 15px;top: 15px;bottom: 15px;}.uagb-block-e6f939b3.wp-block-uagb-image--layout-overlay .wp-block-uagb-image--layout-overlay__inner .uagb-image-heading{font-style: normal;color: #fff;opacity: 1;}.uagb-block-e6f939b3.wp-block-uagb-image--layout-overlay .wp-block-uagb-image--layout-overlay__inner .uagb-image-heading a{color: #fff;}.uagb-block-e6f939b3.wp-block-uagb-image--layout-overlay .wp-block-uagb-image--layout-overlay__inner .uagb-image-caption{opacity: 0;}.uagb-block-e6f939b3.wp-block-uagb-image--layout-overlay .wp-block-uagb-image__figure:hover .wp-block-uagb-image--layout-overlay__color-wrapper{opacity: 1;}.uagb-block-e6f939b3.wp-block-uagb-image .wp-block-uagb-image--layout-overlay__inner .uagb-image-separator{width: 30%;border-top-width: 2px;border-top-color: #fff;opacity: 0;}.uagb-block-e6f939b3.wp-block-uagb-image .wp-block-uagb-image__figure img{width: px;height: auto;}.uagb-block-e6f939b3.wp-block-uagb-image .wp-block-uagb-image__figure:hover .wp-block-uagb-image--layout-overlay__inner .uagb-image-caption{opacity: 1;}.uagb-block-e6f939b3.wp-block-uagb-image .wp-block-uagb-image__figure:hover .wp-block-uagb-image--layout-overlay__inner .uagb-image-separator{opacity: 1;}.uagb-block-e6f939b3.wp-block-uagb-image--layout-default figure:hover img{box-shadow: 0px 0px 0 #00000070;}.uagb-block-e6f939b3.wp-block-uagb-image--layout-overlay figure:hover img{box-shadow: 0px 0px 0 #00000070;}@media only screen and (max-width: 976px) {.uagb-block-e6f939b3.wp-block-uagb-image .wp-block-uagb-image__figure img{width: px;height: auto;}}@media only screen and (max-width: 767px) {.uagb-block-e6f939b3.wp-block-uagb-image .wp-block-uagb-image__figure img{width: px;height: auto;}}\";s:2:\"js\";s:0:\"\";s:18:\"current_block_list\";a:13:{i:0;s:11:\"core\/search\";i:1;s:10:\"core\/group\";i:2;s:12:\"core\/heading\";i:3;s:17:\"core\/latest-posts\";i:4;s:20:\"core\/latest-comments\";i:5;s:13:\"core\/archives\";i:6;s:15:\"core\/categories\";i:7;s:14:\"core\/paragraph\";i:8;s:10:\"uagb\/image\";i:9;s:11:\"core\/spacer\";i:10;s:30:\"woocommerce\/product-categories\";i:11;s:10:\"core\/image\";i:12;s:14:\"core\/shortcode\";}s:8:\"uag_flag\";b:1;s:11:\"uag_version\";s:10:\"1777121205\";s:6:\"gfonts\";a:0:{}s:10:\"gfonts_url\";s:0:\"\";s:12:\"gfonts_files\";a:0:{}s:14:\"uag_faq_layout\";b:0;}"]},"uagb_featured_image_src":{"full":["https:\/\/www.ferberpainting.com\/wp-content\/uploads\/2025\/05\/5L_bbc4375d-9b4f-4d5f-a1c8-d5f488eb3ad1.png",2560,2560,false],"thumbnail":["https:\/\/www.ferberpainting.com\/wp-content\/uploads\/2025\/05\/5L_bbc4375d-9b4f-4d5f-a1c8-d5f488eb3ad1-150x150.png",150,150,true],"medium":["https:\/\/www.ferberpainting.com\/wp-content\/uploads\/2025\/05\/5L_bbc4375d-9b4f-4d5f-a1c8-d5f488eb3ad1-300x300.png",300,300,true],"medium_large":["https:\/\/www.ferberpainting.com\/wp-content\/uploads\/2025\/05\/5L_bbc4375d-9b4f-4d5f-a1c8-d5f488eb3ad1-768x768.png",768,768,true],"large":["https:\/\/www.ferberpainting.com\/wp-content\/uploads\/2025\/05\/5L_bbc4375d-9b4f-4d5f-a1c8-d5f488eb3ad1-1024x1024.png",1024,1024,true],"1536x1536":["https:\/\/www.ferberpainting.com\/wp-content\/uploads\/2025\/05\/5L_bbc4375d-9b4f-4d5f-a1c8-d5f488eb3ad1-1536x1536.png",1536,1536,true],"2048x2048":["https:\/\/www.ferberpainting.com\/wp-content\/uploads\/2025\/05\/5L_bbc4375d-9b4f-4d5f-a1c8-d5f488eb3ad1-2048x2048.png",2048,2048,true],"trp-custom-language-flag":["https:\/\/www.ferberpainting.com\/wp-content\/uploads\/2025\/05\/5L_bbc4375d-9b4f-4d5f-a1c8-d5f488eb3ad1-12x12.png",12,12,true],"woocommerce_thumbnail":["https:\/\/www.ferberpainting.com\/wp-content\/uploads\/2025\/05\/5L_bbc4375d-9b4f-4d5f-a1c8-d5f488eb3ad1-300x300.png",300,300,true],"woocommerce_single":["https:\/\/www.ferberpainting.com\/wp-content\/uploads\/2025\/05\/5L_bbc4375d-9b4f-4d5f-a1c8-d5f488eb3ad1-600x600.png",600,600,true],"woocommerce_gallery_thumbnail":["https:\/\/www.ferberpainting.com\/wp-content\/uploads\/2025\/05\/5L_bbc4375d-9b4f-4d5f-a1c8-d5f488eb3ad1-100x100.png",100,100,true]},"uagb_author_info":{"display_name":"admin","author_link":"https:\/\/www.ferberpainting.com\/sk\/author\/"},"uagb_comment_info":18,"uagb_excerpt":"Professional road marking paint for high-visibility results. Our road paint is specially formulated to deliver sharp, durable, and highly visible markings on asphalt, concrete, and other traffic surfaces. Designed for both public and private applications, it ensures clear guidance for vehicles and pedestrians in all environments. The most effective road paint on the market. Thanks&hellip;","_links":{"self":[{"href":"https:\/\/www.ferberpainting.com\/sk\/wp-json\/wp\/v2\/product\/25048","targetHints":{"allow":["GET"]}}],"collection":[{"href":"https:\/\/www.ferberpainting.com\/sk\/wp-json\/wp\/v2\/product"}],"about":[{"href":"https:\/\/www.ferberpainting.com\/sk\/wp-json\/wp\/v2\/types\/product"}],"replies":[{"embeddable":true,"href":"https:\/\/www.ferberpainting.com\/sk\/wp-json\/wp\/v2\/comments?post=25048"}],"version-history":[{"count":2,"href":"https:\/\/www.ferberpainting.com\/sk\/wp-json\/wp\/v2\/product\/25048\/revisions"}],"predecessor-version":[{"id":167089,"href":"https:\/\/www.ferberpainting.com\/sk\/wp-json\/wp\/v2\/product\/25048\/revisions\/167089"}],"wp:featuredmedia":[{"embeddable":true,"href":"https:\/\/www.ferberpainting.com\/sk\/wp-json\/wp\/v2\/media\/26908"}],"wp:attachment":[{"href":"https:\/\/www.ferberpainting.com\/sk\/wp-json\/wp\/v2\/media?parent=25048"}],"wp:term":[{"taxonomy":"product_brand","embeddable":true,"href":"https:\/\/www.ferberpainting.com\/sk\/wp-json\/wp\/v2\/product_brand?post=25048"},{"taxonomy":"product_cat","embeddable":true,"href":"https:\/\/www.ferberpainting.com\/sk\/wp-json\/wp\/v2\/product_cat?post=25048"},{"taxonomy":"product_tag","embeddable":true,"href":"https:\/\/www.ferberpainting.com\/sk\/wp-json\/wp\/v2\/product_tag?post=25048"}],"curies":[{"name":"wp","href":"https:\/\/api.w.org\/{rel}","templated":true}]}}