{"id":24796,"date":"2025-05-26T10:27:17","date_gmt":"2025-05-26T08:27:17","guid":{"rendered":"https:\/\/www.ferberpainting.com\/products\/potato-fertilizer\/"},"modified":"2026-02-16T07:33:17","modified_gmt":"2026-02-16T06:33:17","slug":"potato-fertilizer","status":"publish","type":"product","link":"https:\/\/www.ferberpainting.com\/sk\/products\/potato-fertilizer\/","title":{"rendered":"Hnojivo na zemiaky 25 kg"},"content":{"rendered":"<p><strong><img decoding=\"async\" style=\"margin-right: 12px;\" src=\"https:\/\/www.ferberpainting.com\/wp-content\/uploads\/2026\/02\/Check.svg\" alt=\"\" width=\"18\" height=\"15\" \/>Hnojivo ur\u010den\u00e9 na optimaliz\u00e1ciu rastu a produkcie zemiakov.<\/strong>\u00a0Toto hnojivo je \u0161peci\u00e1lne vyvinut\u00e9 tak, aby poskytovalo zemiakom z\u00e1kladn\u00e9 \u017eiviny pre ich v\u00fdvoj. V\u010faka dokonalej rovnov\u00e1he dus\u00edka (N), fosforu (P) a drasl\u00edka (K) s pomerom NPK 10-10-10 zabezpe\u010duje intenz\u00edvny rast listov, optim\u00e1lne zakorenenie a bohat\u00fa produkciu dobre tvarovan\u00fdch h\u013e\u00faz. V\u010faka svojmu komplexn\u00e9mu p\u00f4sobeniu stimuluje tvorbu nov\u00fdch kore\u0148ov, posil\u0148uje odolnos\u0165 rastl\u00edn vo\u010di chorob\u00e1m a zlep\u0161uje ve\u013ekos\u0165 zberan\u00fdch zemiakov.<\/p>\n<p><strong><img decoding=\"async\" style=\"margin-right: 12px;\" src=\"https:\/\/www.ferberpainting.com\/wp-content\/uploads\/2026\/02\/Check.svg\" alt=\"\" width=\"18\" height=\"15\" \/>Z\u00e1ruka vr\u00e1tenia pe\u0148az\u00ed.<\/strong>\u00a0Sme \u00faplne presved\u010den\u00ed o \u00fa\u010dinnosti na\u0161ich hnoj\u00edv, preto pon\u00fakame z\u00e1ruku vr\u00e1tenia pe\u0148az\u00ed. Ak po pou\u017eit\u00ed v optim\u00e1lnych podmienkach nezaznamen\u00e1te v\u00fdrazn\u00e9 zlep\u0161enie rastu a \u00farody va\u0161ich zemiakov, bez diskusie v\u00e1m vr\u00e1time peniaze.<\/p>\n<p><strong><img decoding=\"async\" style=\"margin-right: 12px;\" src=\"https:\/\/www.ferberpainting.com\/wp-content\/uploads\/2026\/02\/Check.svg\" alt=\"\" width=\"18\" height=\"15\" \/>Hnojivo vhodn\u00e9 pre v\u0161etky typy p\u00f4dy a odrody zemiakov.<\/strong>\u00a0Toto hnojivo sa prisp\u00f4sob\u00ed v\u0161etk\u00fdm podmienkam pestovania, \u010di u\u017e pestujete zemiaky vonku, na z\u00e1hone, v sklen\u00edku alebo mimo p\u00f4dy. Je \u00fa\u010dinn\u00e9 na v\u0161etk\u00fdch typoch p\u00f4dy, \u010di u\u017e je hlinit\u00e1, pies\u010dit\u00e1, \u00edlovit\u00e1 alebo v\u00e1penat\u00e1. Okrem toho je vhodn\u00e9 pre v\u0161etky odrody zemiakov, \u010di u\u017e skor\u00e9, ur\u010den\u00e9 na skladovanie, alebo na \u0161pecifick\u00e9 kulin\u00e1rske pou\u017eitie (varenie v pare, vypr\u00e1\u017eanie, ka\u0161ovanie).<\/p>\n<p><strong><img decoding=\"async\" style=\"margin-right: 12px;\" src=\"https:\/\/www.ferberpainting.com\/wp-content\/uploads\/2026\/02\/Check.svg\" alt=\"\" width=\"18\" height=\"15\" \/>Hospod\u00e1rne a \u00fa\u010dinn\u00e9 hnojenie.<\/strong>\u00a0Toto hnojivo pon\u00faka vynikaj\u00face v\u00fdnosy, preto\u017ee sa pomaly uvo\u013e\u0148uje do p\u00f4dy, \u010d\u00edm zabezpe\u010duje dlhodob\u00e9 hnojenie bez potreby \u010dast\u00e9ho pou\u017e\u00edvania. S 25 kg vrecom m\u00f4\u017eete pokry\u0165 ve\u013ek\u00e9 po\u013enohospod\u00e1rske alebo z\u00e1hradn\u00e9 plochy. Nevy\u017eaduje \u017eiadne riedenie, \u010do v\u00e1m \u0161etr\u00ed \u010das a vodu a z\u00e1rove\u0148 zabezpe\u010duje postupn\u00e9 a nepretr\u017eit\u00e9 vstreb\u00e1vanie rastlinami.<\/p>\n<p><strong><img decoding=\"async\" style=\"margin-right: 12px;\" src=\"https:\/\/www.ferberpainting.com\/wp-content\/uploads\/2026\/02\/Check.svg\" alt=\"\" width=\"18\" height=\"15\" \/>Ekologick\u00e9 a bezpe\u010dn\u00e9 hnojivo pre rastliny.<\/strong>\u00a0Toto hnojivo je formulovan\u00e9 bez agres\u00edvnych chemick\u00fdch pr\u00edpravkov a je bez rizika pre korene zemiakov. Podporuje zdrav\u00fa, vyv\u00e1\u017een\u00fa p\u00f4du a obnovuje mikrobi\u00e1lny \u017eivot potrebn\u00fd pre optim\u00e1lnu \u00farodnos\u0165. Nezne\u010dis\u0165uje podzemn\u00e9 vody, p\u00f4du, \u010d\u00edm zabezpe\u010duje zodpovedn\u00e9 a ekologicky \u0161etrn\u00e9 po\u013enohospod\u00e1rstvo.<\/p>\n<p><strong><img decoding=\"async\" style=\"margin-right: 12px;\" src=\"https:\/\/www.ferberpainting.com\/wp-content\/uploads\/2026\/02\/Check.svg\" alt=\"\" width=\"18\" height=\"15\" \/>Jednoduch\u00e1 a r\u00fdchla aplik\u00e1cia pre zaru\u010den\u00e9 v\u00fdsledky.<\/strong>\u00a0Na rozdiel od kvapaln\u00fdch hnoj\u00edv, ktor\u00e9 si vy\u017eaduj\u00fa presn\u00e9 d\u00e1vkovanie a mie\u0161anie s vodou, sa toto hnojivo aplikuje priamo do p\u00f4dy. Nie je potrebn\u00e9 \u017eiadne \u0161peci\u00e1lne zariadenie, sta\u010d\u00ed hnojivo rozsypa\u0165 okolo rastl\u00edn a z\u013eahka ho zapracova\u0165 do p\u00f4dy. Jeho pou\u017eitie je pr\u00edstupn\u00e9 ka\u017ed\u00e9mu, \u010di u\u017e ste hobby z\u00e1hradn\u00edk alebo profesion\u00e1l.<\/p>\n<p><strong><img decoding=\"async\" style=\"margin-right: 12px;\" src=\"https:\/\/www.ferberpainting.com\/wp-content\/uploads\/2026\/02\/Check.svg\" alt=\"\" width=\"18\" height=\"15\" \/>Udr\u017eate\u013en\u00e1 \u010dinnos\u0165 pre bohat\u00fa \u00farodu a kvalitn\u00e9 h\u013euzy.<\/strong>\u00a0V\u010faka pomal\u00e9mu a homog\u00e9nnemu uvo\u013e\u0148ovaniu zabezpe\u010duje toto hnojivo postupn\u00fd pr\u00edsun \u017eiv\u00edn, \u010do umo\u017e\u0148uje k\u0155menie zemiakov po\u010das cel\u00e9ho ich rastov\u00e9ho cyklu. Podporuje tvorbu dobre kalibrovan\u00fdch h\u013e\u00faz bohat\u00fdch na \u0161krob a s pevnou du\u017einou, \u010do zlep\u0161uje skladovate\u013enos\u0165 a chu\u0165ov\u00fa kvalitu zberan\u00fdch zemiakov.<\/p>\n<p><strong><img decoding=\"async\" style=\"margin-right: 12px;\" src=\"https:\/\/www.ferberpainting.com\/wp-content\/uploads\/2026\/02\/Check.svg\" alt=\"\" width=\"18\" height=\"15\" \/>R\u00fdchle a \u00fa\u010dinn\u00e9 v\u00fdsledky vidite\u013en\u00e9 do nieko\u013ek\u00fdch t\u00fd\u017ed\u0148ov.<\/strong>\u00a0U\u017e v prv\u00fdch t\u00fd\u017ed\u0148och po aplik\u00e1cii m\u00f4\u017eete pozorova\u0165 intenz\u00edvnej\u0161\u00ed rast listov, dobre formovan\u00e9 h\u013euzy a siln\u00e9, robustn\u00e9 stonky. H\u013euzy bud\u00fa r\u00e1s\u0165 r\u00fdchlo a rovnomerne, \u010do povedie k v\u00fdrazn\u00e9mu zv\u00fd\u0161eniu \u00farody, vy\u0161\u0161ej kvalite produkcie a v\u00e4\u010d\u0161ej spokojnosti so zberom.<\/p>\n<h2><strong>Protokol o pou\u017e\u00edvan\u00ed<\/strong><\/h2>\n<p><strong>Odpor\u00fa\u010dan\u00e9 d\u00e1vkovanie :<\/strong><\/p>\n<ul>\n<li><strong>Pred v\u00fdsadbou <\/strong>: rozsypte 200 g hnojiva na meter \u0161tvorcov\u00fd a zapracujte ho do p\u00f4dy pomocou hrabl\u00ed alebo paz\u00farikov.<\/li>\n<li><strong>V \u010dase kyprenia (po vz\u00edden\u00ed rastl\u00edn) <\/strong>: pridajte 100 g hnojiva na meter \u0161tvorcov\u00fd na povrch a mierne zalejte, aby sa aktivovala absorpcia \u017eiv\u00edn.<\/li>\n<li><strong>Po\u010das rastu plod\u00edn (volite\u013en\u00e9, pre lep\u0161iu \u00farodu) <\/strong>: po odkvitnut\u00ed rastl\u00edn aplik\u00e1ciu zopakujte a pridajte 100 g hnojiva na meter \u0161tvorcov\u00fd.<\/li>\n<\/ul>\n<p><strong>Frekvencia aplik\u00e1cie :<\/strong><\/p>\n<ul>\n<li>Jedna aplik\u00e1cia po\u010das pr\u00edpravy p\u00f4dy zabezpe\u010d\u00ed dobr\u00fa po\u010diato\u010dn\u00fa v\u00fd\u017eivu.<\/li>\n<li>Dodato\u010dn\u00fd vstup po\u010das ryhovania optimalizuje rast a tvorbu h\u013e\u00faz.<\/li>\n<li>Z\u00e1vere\u010dn\u00e1 aplik\u00e1cia po\u010das rastu plod\u00edn pom\u00e1ha zlep\u0161i\u0165 ve\u013ekos\u0165 a v\u00fdnos zemiakov.<\/li>\n<\/ul>\n<p><strong>Sp\u00f4sob pou\u017eitia :<\/strong><\/p>\n<ul>\n<li>Hnojivo rozotrite priamo na p\u00f4du, okolo rastl\u00edn alebo do br\u00e1zd na v\u00fdsadbe.<\/li>\n<li>Z\u013eahka ho zapracujte do p\u00f4dy pomocou hrabl\u00ed alebo paz\u00farikov, aby ste podporili jeho absorpciu.<\/li>\n<li>Po aplik\u00e1cii zalejte, najm\u00e4 ak je p\u00f4da such\u00e1, aby sa u\u013eah\u010dilo uvo\u013e\u0148ovanie \u017eiv\u00edn.<\/li>\n<\/ul>\n<p><strong>Bezpe\u010dnostn\u00e9 opatrenia pri pou\u017e\u00edvan\u00ed :<\/strong><\/p>\n<ul>\n<li>Nepred\u00e1vkujte, aby ste sa vyhli nadbytku dus\u00edka, ktor\u00fd by viedol k pr\u00edli\u0161 bujn\u00e9mu olisteniu na \u00fakor h\u013e\u00faz.<\/li>\n<li>Neaplikujte na zamrznut\u00fa alebo zamokren\u00fa p\u00f4du, preto\u017ee by sa t\u00fdm zn\u00ed\u017eila \u00fa\u010dinnos\u0165 hnojiva.<\/li>\n<li>Vrecko skladujte na suchom mieste, mimo dosahu vlhkosti, aby sa zachovala jeho pln\u00e1 \u00fa\u010dinnos\u0165.<\/li>\n<\/ul>\n<p>S t\u00fdmto hnojivom na zemiaky si zabezpe\u010d\u00edte zdrav\u00fd rast, bohat\u00fa \u00farodu a kvalitn\u00e9 h\u013euzy. V\u010faka postupn\u00e9mu uvo\u013e\u0148ovaniu \u017eiv\u00edn a jednoduchej aplik\u00e1cii je ide\u00e1lnym rie\u0161en\u00edm na maximaliz\u00e1ciu produkcie pri zachovan\u00ed prirodzenej \u00farodnosti p\u00f4dy.<\/p>","protected":false},"excerpt":{"rendered":"<p>A fertilizer designed to optimize the growth and production of potatoes.\u00a0This fertilizer is specifically formulated to provide potato plants with the essential nutrients for their development. With a perfect balance of nitrogen (N), phosphorus (P), and potassium (K), with an NPK ratio of 10-10-10, it ensures vigorous leaf growth, optimal rooting, and abundant production of [&hellip;]<\/p>\n","protected":false},"featured_media":26641,"comment_status":"open","ping_status":"closed","template":"","meta":{"_uag_custom_page_level_css":"","site-sidebar-layout":"default","site-content-layout":"","ast-site-content-layout":"default","site-content-style":"default","site-sidebar-style":"default","ast-global-header-display":"","ast-banner-title-visibility":"","ast-main-header-display":"","ast-hfb-above-header-display":"","ast-hfb-below-header-display":"","ast-hfb-mobile-header-display":"","site-post-title":"","ast-breadcrumbs-content":"","ast-featured-img":"","footer-sml-layout":"","ast-disable-related-posts":"","theme-transparent-header-meta":"default","adv-header-id-meta":"","stick-header-meta":"","header-above-stick-meta":"","header-main-stick-meta":"","header-below-stick-meta":"","astra-migrate-meta-layouts":"set","ast-page-background-enabled":"default","ast-page-background-meta":{"desktop":{"background-color":"var(--ast-global-color-4)","background-image":"","background-repeat":"repeat","background-position":"center center","background-size":"auto","background-attachment":"scroll","background-type":"","background-media":"","overlay-type":"","overlay-color":"","overlay-opacity":"","overlay-gradient":""},"tablet":{"background-color":"","background-image":"","background-repeat":"repeat","background-position":"center center","background-size":"auto","background-attachment":"scroll","background-type":"","background-media":"","overlay-type":"","overlay-color":"","overlay-opacity":"","overlay-gradient":""},"mobile":{"background-color":"","background-image":"","background-repeat":"repeat","background-position":"center center","background-size":"auto","background-attachment":"scroll","background-type":"","background-media":"","overlay-type":"","overlay-color":"","overlay-opacity":"","overlay-gradient":""}},"ast-content-background-meta":{"desktop":{"background-color":"var(--ast-global-color-5)","background-image":"","background-repeat":"repeat","background-position":"center center","background-size":"auto","background-attachment":"scroll","background-type":"","background-media":"","overlay-type":"","overlay-color":"","overlay-opacity":"","overlay-gradient":""},"tablet":{"background-color":"var(--ast-global-color-5)","background-image":"","background-repeat":"repeat","background-position":"center center","background-size":"auto","background-attachment":"scroll","background-type":"","background-media":"","overlay-type":"","overlay-color":"","overlay-opacity":"","overlay-gradient":""},"mobile":{"background-color":"var(--ast-global-color-5)","background-image":"","background-repeat":"repeat","background-position":"center center","background-size":"auto","background-attachment":"scroll","background-type":"","background-media":"","overlay-type":"","overlay-color":"","overlay-opacity":"","overlay-gradient":""}}},"product_brand":[],"product_cat":[178],"product_tag":[],"class_list":{"0":"post-24796","1":"product","2":"type-product","3":"status-publish","4":"has-post-thumbnail","6":"product_cat-fertilizers","7":"desktop-align-left","8":"tablet-align-left","9":"mobile-align-left","11":"first","12":"instock","13":"taxable","14":"shipping-taxable","15":"purchasable","16":"product-type-simple"},"spectra_custom_meta":{"_visibility":["visible"],"_shopify_product_id":["9072137601269"],"_s2w_shopify_domain":["ferberpainting.myshopify.com"],"_shopify_variant_id":["46519520461045"],"_sku":["FPPOTATOFERTILIZER25"],"_regular_price":["39.00"],"_price":["39.00"],"_sale_price":[""],"_weight":["18.7"],"_thumbnail_id":["26641"],"_global_unique_id":["5056773817814"],"total_sales":["14"],"_tax_status":["taxable"],"_tax_class":[""],"_manage_stock":["no"],"_backorders":["no"],"_sold_individually":["no"],"_virtual":["no"],"_downloadable":["no"],"_download_limit":["-1"],"_download_expiry":["-1"],"_stock":[null],"_stock_status":["instock"],"_wc_average_rating":["5.00"],"_wc_review_count":["33"],"_product_version":["10.5.1"],"_wc_rating_count":["a:1:{i:5;i:33;}"],"_edit_lock":["1771223968:1"],"merchant-center-availability":["yes"],"merchant-center-category":["113"],"_edit_last":["1"],"_wp_page_template":["default"],"site-sidebar-layout":["default"],"ast-site-content-layout":["default"],"site-content-style":["default"],"site-sidebar-style":["default"],"theme-transparent-header-meta":["default"],"astra-migrate-meta-layouts":["set"],"_uag_css_file_name":["uag-css-24796.css"],"_elementor_page_assets":["a:0:{}"],"_uag_page_assets":["a:9:{s:3:\"css\";s:7133:\".uag-blocks-common-selector{z-index:var(--z-index-desktop) !important}@media(max-width: 976px){.uag-blocks-common-selector{z-index:var(--z-index-tablet) !important}}@media(max-width: 767px){.uag-blocks-common-selector{z-index:var(--z-index-mobile) !important}}.wp-block-uagb-image{display:flex}.wp-block-uagb-image__figure{position:relative;display:flex;flex-direction:column;max-width:100%;height:auto;margin:0}.wp-block-uagb-image__figure img{height:auto;display:flex;max-width:100%;transition:box-shadow .2s ease}.wp-block-uagb-image__figure>a{display:inline-block}.wp-block-uagb-image__figure figcaption{text-align:center;margin-top:.5em;margin-bottom:1em}.wp-block-uagb-image .components-placeholder.block-editor-media-placeholder .components-placeholder__instructions{align-self:center}.wp-block-uagb-image--align-left{text-align:left}.wp-block-uagb-image--align-right{text-align:right}.wp-block-uagb-image--align-center{text-align:center}.wp-block-uagb-image--align-full .wp-block-uagb-image__figure{margin-left:calc(50% - 50vw);margin-right:calc(50% - 50vw);max-width:100vw;width:100vw;height:auto}.wp-block-uagb-image--align-full .wp-block-uagb-image__figure img{height:auto;width:100% !important}.wp-block-uagb-image--align-wide .wp-block-uagb-image__figure img{height:auto;width:100%}.wp-block-uagb-image--layout-overlay__color-wrapper{position:absolute;left:0;top:0;right:0;bottom:0;opacity:.2;background:rgba(0,0,0,.5);transition:opacity .35s ease-in-out}.wp-block-uagb-image--layout-overlay-link{position:absolute;left:0;right:0;bottom:0;top:0}.wp-block-uagb-image--layout-overlay .wp-block-uagb-image__figure:hover .wp-block-uagb-image--layout-overlay__color-wrapper{opacity:1}.wp-block-uagb-image--layout-overlay__inner{position:absolute;left:15px;right:15px;bottom:15px;top:15px;display:flex;align-items:center;justify-content:center;flex-direction:column;border-color:#fff;transition:.35s ease-in-out}.wp-block-uagb-image--layout-overlay__inner.top-left,.wp-block-uagb-image--layout-overlay__inner.top-center,.wp-block-uagb-image--layout-overlay__inner.top-right{justify-content:flex-start}.wp-block-uagb-image--layout-overlay__inner.bottom-left,.wp-block-uagb-image--layout-overlay__inner.bottom-center,.wp-block-uagb-image--layout-overlay__inner.bottom-right{justify-content:flex-end}.wp-block-uagb-image--layout-overlay__inner.top-left,.wp-block-uagb-image--layout-overlay__inner.center-left,.wp-block-uagb-image--layout-overlay__inner.bottom-left{align-items:flex-start}.wp-block-uagb-image--layout-overlay__inner.top-right,.wp-block-uagb-image--layout-overlay__inner.center-right,.wp-block-uagb-image--layout-overlay__inner.bottom-right{align-items:flex-end}.wp-block-uagb-image--layout-overlay__inner .uagb-image-heading{color:#fff;transition:transform .35s,opacity .35s ease-in-out;transform:translate3d(0, 24px, 0);margin:0;line-height:1em}.wp-block-uagb-image--layout-overlay__inner .uagb-image-separator{width:30%;border-top-width:2px;border-top-color:#fff;border-top-style:solid;margin-bottom:10px;opacity:0;transition:transform .4s,opacity .4s ease-in-out;transform:translate3d(0, 30px, 0)}.wp-block-uagb-image--layout-overlay__inner .uagb-image-caption{opacity:0;overflow:visible;color:#fff;transition:transform .45s,opacity .45s ease-in-out;transform:translate3d(0, 35px, 0)}.wp-block-uagb-image--layout-overlay__inner:hover .uagb-image-heading,.wp-block-uagb-image--layout-overlay__inner:hover .uagb-image-separator,.wp-block-uagb-image--layout-overlay__inner:hover .uagb-image-caption{opacity:1;transform:translate3d(0, 0, 0)}.wp-block-uagb-image--effect-zoomin .wp-block-uagb-image__figure img,.wp-block-uagb-image--effect-zoomin .wp-block-uagb-image__figure .wp-block-uagb-image--layout-overlay__color-wrapper{transform:scale(1);transition:transform .35s ease-in-out}.wp-block-uagb-image--effect-zoomin .wp-block-uagb-image__figure:hover img,.wp-block-uagb-image--effect-zoomin .wp-block-uagb-image__figure:hover .wp-block-uagb-image--layout-overlay__color-wrapper{transform:scale(1.05)}.wp-block-uagb-image--effect-slide .wp-block-uagb-image__figure img,.wp-block-uagb-image--effect-slide .wp-block-uagb-image__figure .wp-block-uagb-image--layout-overlay__color-wrapper{width:calc(100% + 40px) !important;max-width:none !important;transform:translate3d(-40px, 0, 0);transition:transform .35s ease-in-out}.wp-block-uagb-image--effect-slide .wp-block-uagb-image__figure:hover img,.wp-block-uagb-image--effect-slide .wp-block-uagb-image__figure:hover .wp-block-uagb-image--layout-overlay__color-wrapper{transform:translate3d(0, 0, 0)}.wp-block-uagb-image--effect-grayscale img{filter:grayscale(0%);transition:.35s ease-in-out}.wp-block-uagb-image--effect-grayscale:hover img{filter:grayscale(100%)}.wp-block-uagb-image--effect-blur img{filter:blur(0);transition:.35s ease-in-out}.wp-block-uagb-image--effect-blur:hover img{filter:blur(3px)}.uagb-block-e6f939b3.wp-block-uagb-image--layout-default figure img{box-shadow: 0px 0px 0 #00000070;}.uagb-block-e6f939b3.wp-block-uagb-image .wp-block-uagb-image__figure figcaption{font-style: normal;align-self: center;}.uagb-block-e6f939b3.wp-block-uagb-image--layout-overlay figure img{box-shadow: 0px 0px 0 #00000070;}.uagb-block-e6f939b3.wp-block-uagb-image--layout-overlay .wp-block-uagb-image--layout-overlay__color-wrapper{opacity: 0.2;}.uagb-block-e6f939b3.wp-block-uagb-image--layout-overlay .wp-block-uagb-image--layout-overlay__inner{left: 15px;right: 15px;top: 15px;bottom: 15px;}.uagb-block-e6f939b3.wp-block-uagb-image--layout-overlay .wp-block-uagb-image--layout-overlay__inner .uagb-image-heading{font-style: normal;color: #fff;opacity: 1;}.uagb-block-e6f939b3.wp-block-uagb-image--layout-overlay .wp-block-uagb-image--layout-overlay__inner .uagb-image-heading a{color: #fff;}.uagb-block-e6f939b3.wp-block-uagb-image--layout-overlay .wp-block-uagb-image--layout-overlay__inner .uagb-image-caption{opacity: 0;}.uagb-block-e6f939b3.wp-block-uagb-image--layout-overlay .wp-block-uagb-image__figure:hover .wp-block-uagb-image--layout-overlay__color-wrapper{opacity: 1;}.uagb-block-e6f939b3.wp-block-uagb-image .wp-block-uagb-image--layout-overlay__inner .uagb-image-separator{width: 30%;border-top-width: 2px;border-top-color: #fff;opacity: 0;}.uagb-block-e6f939b3.wp-block-uagb-image .wp-block-uagb-image__figure img{width: px;height: auto;}.uagb-block-e6f939b3.wp-block-uagb-image .wp-block-uagb-image__figure:hover .wp-block-uagb-image--layout-overlay__inner .uagb-image-caption{opacity: 1;}.uagb-block-e6f939b3.wp-block-uagb-image .wp-block-uagb-image__figure:hover .wp-block-uagb-image--layout-overlay__inner .uagb-image-separator{opacity: 1;}.uagb-block-e6f939b3.wp-block-uagb-image--layout-default figure:hover img{box-shadow: 0px 0px 0 #00000070;}.uagb-block-e6f939b3.wp-block-uagb-image--layout-overlay figure:hover img{box-shadow: 0px 0px 0 #00000070;}@media only screen and (max-width: 976px) {.uagb-block-e6f939b3.wp-block-uagb-image .wp-block-uagb-image__figure img{width: px;height: auto;}}@media only screen and (max-width: 767px) {.uagb-block-e6f939b3.wp-block-uagb-image .wp-block-uagb-image__figure img{width: px;height: auto;}}\";s:2:\"js\";s:0:\"\";s:18:\"current_block_list\";a:13:{i:0;s:11:\"core\/search\";i:1;s:10:\"core\/group\";i:2;s:12:\"core\/heading\";i:3;s:17:\"core\/latest-posts\";i:4;s:20:\"core\/latest-comments\";i:5;s:13:\"core\/archives\";i:6;s:15:\"core\/categories\";i:7;s:14:\"core\/paragraph\";i:8;s:10:\"uagb\/image\";i:9;s:11:\"core\/spacer\";i:10;s:30:\"woocommerce\/product-categories\";i:11;s:10:\"core\/image\";i:12;s:14:\"core\/shortcode\";}s:8:\"uag_flag\";b:1;s:11:\"uag_version\";s:10:\"1777318772\";s:6:\"gfonts\";a:0:{}s:10:\"gfonts_url\";s:0:\"\";s:12:\"gfonts_files\";a:0:{}s:14:\"uag_faq_layout\";b:0;}"]},"uagb_featured_image_src":{"full":["https:\/\/www.ferberpainting.com\/wp-content\/uploads\/2025\/05\/PotatoFertilizer.png",2560,2560,false],"thumbnail":["https:\/\/www.ferberpainting.com\/wp-content\/uploads\/2025\/05\/PotatoFertilizer-150x150.png",150,150,true],"medium":["https:\/\/www.ferberpainting.com\/wp-content\/uploads\/2025\/05\/PotatoFertilizer-300x300.png",300,300,true],"medium_large":["https:\/\/www.ferberpainting.com\/wp-content\/uploads\/2025\/05\/PotatoFertilizer-768x768.png",768,768,true],"large":["https:\/\/www.ferberpainting.com\/wp-content\/uploads\/2025\/05\/PotatoFertilizer-1024x1024.png",1024,1024,true],"1536x1536":["https:\/\/www.ferberpainting.com\/wp-content\/uploads\/2025\/05\/PotatoFertilizer-1536x1536.png",1536,1536,true],"2048x2048":["https:\/\/www.ferberpainting.com\/wp-content\/uploads\/2025\/05\/PotatoFertilizer-2048x2048.png",2048,2048,true],"trp-custom-language-flag":["https:\/\/www.ferberpainting.com\/wp-content\/uploads\/2025\/05\/PotatoFertilizer-12x12.png",12,12,true],"woocommerce_thumbnail":["https:\/\/www.ferberpainting.com\/wp-content\/uploads\/2025\/05\/PotatoFertilizer-300x300.png",300,300,true],"woocommerce_single":["https:\/\/www.ferberpainting.com\/wp-content\/uploads\/2025\/05\/PotatoFertilizer-600x600.png",600,600,true],"woocommerce_gallery_thumbnail":["https:\/\/www.ferberpainting.com\/wp-content\/uploads\/2025\/05\/PotatoFertilizer-100x100.png",100,100,true]},"uagb_author_info":{"display_name":"admin","author_link":"https:\/\/www.ferberpainting.com\/sk\/author\/"},"uagb_comment_info":33,"uagb_excerpt":"A fertilizer designed to optimize the growth and production of potatoes.\u00a0This fertilizer is specifically formulated to provide potato plants with the essential nutrients for their development. With a perfect balance of nitrogen (N), phosphorus (P), and potassium (K), with an NPK ratio of 10-10-10, it ensures vigorous leaf growth, optimal rooting, and abundant production of&hellip;","_links":{"self":[{"href":"https:\/\/www.ferberpainting.com\/sk\/wp-json\/wp\/v2\/product\/24796","targetHints":{"allow":["GET"]}}],"collection":[{"href":"https:\/\/www.ferberpainting.com\/sk\/wp-json\/wp\/v2\/product"}],"about":[{"href":"https:\/\/www.ferberpainting.com\/sk\/wp-json\/wp\/v2\/types\/product"}],"replies":[{"embeddable":true,"href":"https:\/\/www.ferberpainting.com\/sk\/wp-json\/wp\/v2\/comments?post=24796"}],"version-history":[{"count":4,"href":"https:\/\/www.ferberpainting.com\/sk\/wp-json\/wp\/v2\/product\/24796\/revisions"}],"predecessor-version":[{"id":166994,"href":"https:\/\/www.ferberpainting.com\/sk\/wp-json\/wp\/v2\/product\/24796\/revisions\/166994"}],"wp:featuredmedia":[{"embeddable":true,"href":"https:\/\/www.ferberpainting.com\/sk\/wp-json\/wp\/v2\/media\/26641"}],"wp:attachment":[{"href":"https:\/\/www.ferberpainting.com\/sk\/wp-json\/wp\/v2\/media?parent=24796"}],"wp:term":[{"taxonomy":"product_brand","embeddable":true,"href":"https:\/\/www.ferberpainting.com\/sk\/wp-json\/wp\/v2\/product_brand?post=24796"},{"taxonomy":"product_cat","embeddable":true,"href":"https:\/\/www.ferberpainting.com\/sk\/wp-json\/wp\/v2\/product_cat?post=24796"},{"taxonomy":"product_tag","embeddable":true,"href":"https:\/\/www.ferberpainting.com\/sk\/wp-json\/wp\/v2\/product_tag?post=24796"}],"curies":[{"name":"wp","href":"https:\/\/api.w.org\/{rel}","templated":true}]}}