{"id":24735,"date":"2025-07-01T00:10:02","date_gmt":"2025-06-30T22:10:02","guid":{"rendered":"https:\/\/www.ferberpainting.com\/?post_type=product&#038;p=24735"},"modified":"2026-02-15T22:59:31","modified_gmt":"2026-02-15T21:59:31","slug":"oven-grill-and-stove-cleaner","status":"publish","type":"product","link":"https:\/\/www.ferberpainting.com\/sk\/products\/oven-grill-and-stove-cleaner\/","title":{"rendered":"\u010cistiaci prostriedok na r\u00faru, gril a spor\u00e1k"},"content":{"rendered":"<p><strong><img decoding=\"async\" style=\"margin-right: 12px;\" src=\"https:\/\/www.ferberpainting.com\/wp-content\/uploads\/2026\/02\/Check.svg\" alt=\"\" width=\"18\" height=\"15\" \/>Optim\u00e1lna \u00fa\u010dinnos\u0165.<\/strong>\u00a0Tento \u010distiaci prostriedok na r\u00fary, grily a spor\u00e1ky je \u0161peci\u00e1lne vyvinut\u00fd na odstra\u0148ovanie prip\u00e1lenej mastnoty, zvy\u0161kov jedla a zuho\u013enaten\u00fdch usaden\u00edn, ktor\u00e9 sa \u010dasom vytv\u00e1raj\u00fa. V\u010faka svojmu \u00fa\u010dinn\u00e9mu zlo\u017eeniu r\u00fdchlo rozp\u00fa\u0161\u0165a aj tie najodolnej\u0161ie ne\u010distoty a obnovuje ako nov\u00fd lesk r\u00fary a varn\u00fdch dosiek bez toho, aby si vy\u017eadoval nadmern\u00fa n\u00e1mahu. \u010cist\u00ed do h\u013abky a z\u00e1rove\u0148 re\u0161pektuje o\u0161etrovan\u00e9 povrchy.<\/p>\n<p><strong><img decoding=\"async\" style=\"margin-right: 12px;\" src=\"https:\/\/www.ferberpainting.com\/wp-content\/uploads\/2026\/02\/Check.svg\" alt=\"\" width=\"18\" height=\"15\" \/>Z\u00e1ruka vr\u00e1tenia pe\u0148az\u00ed.<\/strong>\u00a0Sme plne presved\u010den\u00ed o \u00fa\u010dinnosti n\u00e1\u0161ho \u010distiaceho prostriedku. Ak po pou\u017eit\u00ed nebudete s v\u00fdsledkami \u00faplne spokojn\u00ed, m\u00e1te n\u00e1rok na vr\u00e1tenie pe\u0148az\u00ed v plnej v\u00fd\u0161ke. Vysk\u00fa\u0161ajte n\u00e1\u0161 \u010disti\u010d s \u00fapln\u00fdm pokojom - bez rizika.<\/p>\n<p><strong><img decoding=\"async\" style=\"margin-right: 12px;\" src=\"https:\/\/www.ferberpainting.com\/wp-content\/uploads\/2026\/02\/Check.svg\" alt=\"\" width=\"18\" height=\"15\" \/>V\u00fdnimo\u010dn\u00e1 v\u0161estrannos\u0165.<\/strong>\u00a0Tento \u010disti\u010d sa neobmedzuje len na r\u00fary! Je ide\u00e1lny aj na \u010distenie sklokeramick\u00fdch varn\u00fdch dosiek, liatinov\u00fdch alebo nerezov\u00fdch povrchov, grilovac\u00edch ro\u0161tov, mrie\u017eok, smaltovan\u00fdch oce\u013eov\u00fdch dosiek a plynov\u00fdch hor\u00e1kov. \u010ci u\u017e ho pou\u017eijete na nerezov\u00fa oce\u013e, liatinu alebo keramiku, zabezpe\u010d\u00ed dokonal\u00fa \u010distotu bez oh\u013eadu na materi\u00e1l kuchynsk\u00e9ho zariadenia.<\/p>\n<p><strong><img decoding=\"async\" style=\"margin-right: 12px;\" src=\"https:\/\/www.ferberpainting.com\/wp-content\/uploads\/2026\/02\/Check.svg\" alt=\"\" width=\"18\" height=\"15\" \/>N\u00e1kladovo efekt\u00edvne.<\/strong>\u00a0Tento \u010distiaci prostriedok s 5-litrovou n\u00e1dobou a mimoriadne \u00fa\u010dinn\u00fdm zlo\u017een\u00edm prin\u00e1\u0161a vynikaj\u00facu hodnotu. Mal\u00e9 mno\u017estvo sta\u010d\u00ed na odmastenie ve\u013ek\u00e9ho povrchu, \u010d\u00edm sa zni\u017euje spotreba pr\u00edpravku a predl\u017euje jeho pou\u017e\u00edvanie. V priemere 1 liter dok\u00e1\u017ee vy\u010disti\u0165 a\u017e 50 m\u00b2, \u010d\u00edm pon\u00faka \u00fasporn\u00e9 a dlhotrvaj\u00face rie\u0161enie na \u00fadr\u017ebu kuchynsk\u00fdch spotrebi\u010dov.<\/p>\n<p><strong><img decoding=\"async\" style=\"margin-right: 12px;\" src=\"https:\/\/www.ferberpainting.com\/wp-content\/uploads\/2026\/02\/Check.svg\" alt=\"\" width=\"18\" height=\"15\" \/>Bezpe\u010dn\u00e9 pou\u017e\u00edvanie.<\/strong>\u00a0Na rozdiel od drsn\u00fdch \u010distiacich prostriedkov na trhu tento v\u00fdrobok neobsahuje \u017eiadne koroz\u00edvne l\u00e1tky a nepredstavuje \u017eiadne riziko pre o\u0161etrovan\u00e9 povrchy ani \u017eivotn\u00e9 prostredie. Neuvo\u013e\u0148uje \u017eiadne toxick\u00e9 v\u00fdpary, tak\u017ee je bezpe\u010dn\u00fd na dom\u00e1ce aj profesion\u00e1lne pou\u017eitie. Zabezpe\u010duje hygienick\u00e9 \u010distenie bez rizika pre pou\u017e\u00edvate\u013eov.<\/p>\n<p><strong><img decoding=\"async\" style=\"margin-right: 12px;\" src=\"https:\/\/www.ferberpainting.com\/wp-content\/uploads\/2026\/02\/Check.svg\" alt=\"\" width=\"18\" height=\"15\" \/>Jednoduch\u00e9 pou\u017e\u00edvanie.<\/strong>\u00a0Tento \u010distiaci prostriedok je pripraven\u00fd na pou\u017eitie a nevy\u017eaduje si \u017eiadne riedenie ani zlo\u017eit\u00fa pr\u00edpravu. Naneste ho priamo na povrch, kde prenikne a okam\u017eite rozpust\u00ed mastnotu a zvy\u0161ky. Pre r\u00fdchle a bezprobl\u00e9mov\u00e9 v\u00fdsledky utrite vlhkou handri\u010dkou.<\/p>\n<p><strong><img decoding=\"async\" style=\"margin-right: 12px;\" src=\"https:\/\/www.ferberpainting.com\/wp-content\/uploads\/2026\/02\/Check.svg\" alt=\"\" width=\"18\" height=\"15\" \/>Dlhodob\u00e1 odolnos\u0165.<\/strong>\u00a0Tento \u010distiaci prostriedok odstra\u0148uje zvy\u0161ky jedla a karbonizovan\u00fa mastnotu a pom\u00e1ha tak pred\u013a\u017ei\u0165 \u017eivotnos\u0165 v\u00e1\u0161ho kuchynsk\u00e9ho zariadenia. Pravideln\u00e9 pou\u017e\u00edvanie zabra\u0148uje hromadeniu odoln\u00fdch usaden\u00edn, ktor\u00e9 m\u00f4\u017eu br\u00e1ni\u0165 v\u00fdkonu r\u00fary alebo upch\u00e1va\u0165 hor\u00e1ky, a udr\u017eiava tak va\u0161e zariadenia hygienick\u00e9, funk\u010dn\u00e9 a dlhotrvaj\u00face.<\/p>\n<p><strong><img decoding=\"async\" style=\"margin-right: 12px;\" src=\"https:\/\/www.ferberpainting.com\/wp-content\/uploads\/2026\/02\/Check.svg\" alt=\"\" width=\"18\" height=\"15\" \/>R\u00fdchla akcia.<\/strong>\u00a0V\u010faka vysoko reakt\u00edvnemu zlo\u017eeniu \u010disti\u010d okam\u017eite p\u00f4sob\u00ed na mastnotu a prip\u00e1len\u00e9 usadeniny. V priebehu nieko\u013ek\u00fdch min\u00fat rozp\u00fa\u0161\u0165a ne\u010distoty a umo\u017e\u0148uje ich \u013eahk\u00e9 odstr\u00e1nenie bez dlh\u0161ieho nam\u00e1\u010dania. Je ide\u00e1lny na expresn\u00e9 \u010distenie, obnovuje \u010distotu aj po intenz\u00edvnom pou\u017e\u00edvan\u00ed r\u00fary alebo spor\u00e1ka.<\/p>\n<h2><strong>Pokyny na pou\u017e\u00edvanie<\/strong><\/h2>\n<ul>\n<li><strong>Pr\u00edprava <\/strong>: Pred pou\u017eit\u00edm v\u00fdrobku sa uistite, \u017ee r\u00fara, gril alebo spor\u00e1k s\u00fa tepl\u00e9 alebo studen\u00e9, aby sa zabr\u00e1nilo r\u00fdchlemu odparovaniu a zabezpe\u010dili sa optim\u00e1lne v\u00fdsledky.<\/li>\n<li><strong>Aplik\u00e1cia <\/strong>: Nalejte mal\u00e9 mno\u017estvo \u010distiaceho prostriedku na neabraz\u00edvnu \u0161pongiu, kefu alebo priamo na zne\u010disten\u00fd povrch.<\/li>\n<li><strong>\u010cistenie <\/strong>: Pr\u00edpravok rovnomerne rozotrite a nechajte p\u00f4sobi\u0165 5 a\u017e 10 min\u00fat, aby sa rozpustil na mastnotu a usaden\u00e9 zvy\u0161ky. V pr\u00edpade odoln\u00fdch \u0161kv\u0155n \u013eahko vydrhnite \u0161pongiou alebo vhodnou kefou.<\/li>\n<li><strong>Oplachovanie <\/strong>: Povrch utrite vlhkou handri\u010dkou alebo d\u00f4kladne opl\u00e1chnite \u010distou vodou, aby ste odstr\u00e1nili v\u0161etky zvy\u0161ky a pripravili povrch na pou\u017eitie.<\/li>\n<li><strong>Su\u0161enie a le\u0161tenie <\/strong>: Pre dokonal\u00fd povrch a optim\u00e1lny lesk utrite suchou, m\u00e4kkou handri\u010dkou.<\/li>\n<li><strong>Frekvencia pou\u017e\u00edvania <\/strong>: Aplikujte po ka\u017edom intenz\u00edvnom pou\u017e\u00edvan\u00ed r\u00fary alebo v\u017edy, ke\u010f je vidite\u013en\u00e1 usaden\u00e1 mastnota alebo zvy\u0161ky, aby ste v\u017edy udr\u017eali dokonal\u00fa \u010distotu.<\/li>\n<li><strong>\u00dalo\u017eisko <\/strong>: Po ka\u017edom pou\u017eit\u00ed n\u00e1dobu tesne uzavrite a uchov\u00e1vajte na chladnom a suchom mieste, mimo dosahu svetla a extr\u00e9mnych tepl\u00f4t, aby sa zachovala jej \u00fa\u010dinnos\u0165.<\/li>\n<\/ul>\n<p>S na\u0161\u00edm \u010distiacim prostriedkom na r\u00fary, grily a spor\u00e1ky obnov\u00edte lesk svojho kuchynsk\u00e9ho vybavenia za okamih a m\u00f4\u017eete si u\u017e\u00edva\u0165 v\u00fdkonn\u00e9, r\u00fdchle a bezprobl\u00e9mov\u00e9 \u010distenie.<\/p>","protected":false},"excerpt":{"rendered":"<p>Optimal Effectiveness.\u00a0This oven, grill and stove cleaner is specially formulated to remove burnt grease, food residues and carbonized deposits that build up over time. Thanks to its powerful formula, it quickly dissolves even the toughest grime, restoring a like-new shine to your oven and cooking plates without requiring excessive effort. It cleans deep while respecting [&hellip;]<\/p>\n","protected":false},"featured_media":36062,"comment_status":"open","ping_status":"closed","template":"","meta":{"_uag_custom_page_level_css":"","site-sidebar-layout":"default","site-content-layout":"","ast-site-content-layout":"default","site-content-style":"default","site-sidebar-style":"default","ast-global-header-display":"","ast-banner-title-visibility":"","ast-main-header-display":"","ast-hfb-above-header-display":"","ast-hfb-below-header-display":"","ast-hfb-mobile-header-display":"","site-post-title":"","ast-breadcrumbs-content":"","ast-featured-img":"","footer-sml-layout":"","ast-disable-related-posts":"","theme-transparent-header-meta":"default","adv-header-id-meta":"","stick-header-meta":"","header-above-stick-meta":"","header-main-stick-meta":"","header-below-stick-meta":"","astra-migrate-meta-layouts":"set","ast-page-background-enabled":"default","ast-page-background-meta":{"desktop":{"background-color":"var(--ast-global-color-4)","background-image":"","background-repeat":"repeat","background-position":"center center","background-size":"auto","background-attachment":"scroll","background-type":"","background-media":"","overlay-type":"","overlay-color":"","overlay-opacity":"","overlay-gradient":""},"tablet":{"background-color":"","background-image":"","background-repeat":"repeat","background-position":"center center","background-size":"auto","background-attachment":"scroll","background-type":"","background-media":"","overlay-type":"","overlay-color":"","overlay-opacity":"","overlay-gradient":""},"mobile":{"background-color":"","background-image":"","background-repeat":"repeat","background-position":"center center","background-size":"auto","background-attachment":"scroll","background-type":"","background-media":"","overlay-type":"","overlay-color":"","overlay-opacity":"","overlay-gradient":""}},"ast-content-background-meta":{"desktop":{"background-color":"var(--ast-global-color-5)","background-image":"","background-repeat":"repeat","background-position":"center center","background-size":"auto","background-attachment":"scroll","background-type":"","background-media":"","overlay-type":"","overlay-color":"","overlay-opacity":"","overlay-gradient":""},"tablet":{"background-color":"var(--ast-global-color-5)","background-image":"","background-repeat":"repeat","background-position":"center center","background-size":"auto","background-attachment":"scroll","background-type":"","background-media":"","overlay-type":"","overlay-color":"","overlay-opacity":"","overlay-gradient":""},"mobile":{"background-color":"var(--ast-global-color-5)","background-image":"","background-repeat":"repeat","background-position":"center center","background-size":"auto","background-attachment":"scroll","background-type":"","background-media":"","overlay-type":"","overlay-color":"","overlay-opacity":"","overlay-gradient":""}}},"product_brand":[],"product_cat":[175],"product_tag":[],"class_list":{"0":"post-24735","1":"product","2":"type-product","3":"status-publish","4":"has-post-thumbnail","6":"product_cat-cleaning-products","7":"desktop-align-left","8":"tablet-align-left","9":"mobile-align-left","11":"first","12":"instock","13":"sale","14":"taxable","15":"shipping-taxable","16":"purchasable","17":"product-type-variable","18":"has-default-attributes"},"spectra_custom_meta":{"_visibility":["visible"],"_shopify_product_id":["9101808992501"],"_s2w_shopify_domain":["ferberpainting.myshopify.com"],"_shopify_variant_id":["46613506326773"],"_sku":[""],"_manage_stock":["no"],"total_sales":["5"],"_tax_status":["taxable"],"_tax_class":[""],"_backorders":["no"],"_sold_individually":["no"],"_virtual":["no"],"_downloadable":["no"],"_download_limit":["-1"],"_download_expiry":["-1"],"_stock":[null],"_stock_status":["instock"],"_wc_average_rating":["5.00"],"_wc_review_count":["14"],"_product_attributes":["a:1:{s:6:\"volume\";a:6:{s:4:\"name\";s:6:\"Volume\";s:5:\"value\";s:20:\"5 liters | 25 liters\";s:8:\"position\";i:1;s:10:\"is_visible\";i:0;s:12:\"is_variation\";i:1;s:11:\"is_taxonomy\";i:0;}}"],"_product_version":["10.5.1"],"wpse_downloadable_file_names":[""],"wpse_downloadable_file_urls":[""],"_edit_last":["1"],"_default_attributes":["a:1:{s:6:\"volume\";s:8:\"5 liters\";}"],"_edit_lock":["1771192637:1"],"_price":["29.90","129.90"],"merchant-center-availability":["yes"],"merchant-center-category":["4978"],"_thumbnail_id":["36062"],"_wp_page_template":["default"],"_wp_old_date":["2025-05-26"],"_product_image_gallery":["36063"],"site-sidebar-layout":["default"],"ast-site-content-layout":["default"],"site-content-style":["default"],"site-sidebar-style":["default"],"theme-transparent-header-meta":["default"],"_wc_rating_count":["a:1:{i:5;i:14;}"],"astra-migrate-meta-layouts":["set"],"_uag_css_file_name":["uag-css-24735.css"],"_elementor_page_assets":["a:0:{}"],"_uag_page_assets":["a:9:{s:3:\"css\";s:7133:\".uag-blocks-common-selector{z-index:var(--z-index-desktop) !important}@media(max-width: 976px){.uag-blocks-common-selector{z-index:var(--z-index-tablet) !important}}@media(max-width: 767px){.uag-blocks-common-selector{z-index:var(--z-index-mobile) !important}}.wp-block-uagb-image{display:flex}.wp-block-uagb-image__figure{position:relative;display:flex;flex-direction:column;max-width:100%;height:auto;margin:0}.wp-block-uagb-image__figure img{height:auto;display:flex;max-width:100%;transition:box-shadow .2s ease}.wp-block-uagb-image__figure>a{display:inline-block}.wp-block-uagb-image__figure figcaption{text-align:center;margin-top:.5em;margin-bottom:1em}.wp-block-uagb-image .components-placeholder.block-editor-media-placeholder .components-placeholder__instructions{align-self:center}.wp-block-uagb-image--align-left{text-align:left}.wp-block-uagb-image--align-right{text-align:right}.wp-block-uagb-image--align-center{text-align:center}.wp-block-uagb-image--align-full .wp-block-uagb-image__figure{margin-left:calc(50% - 50vw);margin-right:calc(50% - 50vw);max-width:100vw;width:100vw;height:auto}.wp-block-uagb-image--align-full .wp-block-uagb-image__figure img{height:auto;width:100% !important}.wp-block-uagb-image--align-wide .wp-block-uagb-image__figure img{height:auto;width:100%}.wp-block-uagb-image--layout-overlay__color-wrapper{position:absolute;left:0;top:0;right:0;bottom:0;opacity:.2;background:rgba(0,0,0,.5);transition:opacity .35s ease-in-out}.wp-block-uagb-image--layout-overlay-link{position:absolute;left:0;right:0;bottom:0;top:0}.wp-block-uagb-image--layout-overlay .wp-block-uagb-image__figure:hover .wp-block-uagb-image--layout-overlay__color-wrapper{opacity:1}.wp-block-uagb-image--layout-overlay__inner{position:absolute;left:15px;right:15px;bottom:15px;top:15px;display:flex;align-items:center;justify-content:center;flex-direction:column;border-color:#fff;transition:.35s ease-in-out}.wp-block-uagb-image--layout-overlay__inner.top-left,.wp-block-uagb-image--layout-overlay__inner.top-center,.wp-block-uagb-image--layout-overlay__inner.top-right{justify-content:flex-start}.wp-block-uagb-image--layout-overlay__inner.bottom-left,.wp-block-uagb-image--layout-overlay__inner.bottom-center,.wp-block-uagb-image--layout-overlay__inner.bottom-right{justify-content:flex-end}.wp-block-uagb-image--layout-overlay__inner.top-left,.wp-block-uagb-image--layout-overlay__inner.center-left,.wp-block-uagb-image--layout-overlay__inner.bottom-left{align-items:flex-start}.wp-block-uagb-image--layout-overlay__inner.top-right,.wp-block-uagb-image--layout-overlay__inner.center-right,.wp-block-uagb-image--layout-overlay__inner.bottom-right{align-items:flex-end}.wp-block-uagb-image--layout-overlay__inner .uagb-image-heading{color:#fff;transition:transform .35s,opacity .35s ease-in-out;transform:translate3d(0, 24px, 0);margin:0;line-height:1em}.wp-block-uagb-image--layout-overlay__inner .uagb-image-separator{width:30%;border-top-width:2px;border-top-color:#fff;border-top-style:solid;margin-bottom:10px;opacity:0;transition:transform .4s,opacity .4s ease-in-out;transform:translate3d(0, 30px, 0)}.wp-block-uagb-image--layout-overlay__inner .uagb-image-caption{opacity:0;overflow:visible;color:#fff;transition:transform .45s,opacity .45s ease-in-out;transform:translate3d(0, 35px, 0)}.wp-block-uagb-image--layout-overlay__inner:hover .uagb-image-heading,.wp-block-uagb-image--layout-overlay__inner:hover .uagb-image-separator,.wp-block-uagb-image--layout-overlay__inner:hover .uagb-image-caption{opacity:1;transform:translate3d(0, 0, 0)}.wp-block-uagb-image--effect-zoomin .wp-block-uagb-image__figure img,.wp-block-uagb-image--effect-zoomin .wp-block-uagb-image__figure .wp-block-uagb-image--layout-overlay__color-wrapper{transform:scale(1);transition:transform .35s ease-in-out}.wp-block-uagb-image--effect-zoomin .wp-block-uagb-image__figure:hover img,.wp-block-uagb-image--effect-zoomin .wp-block-uagb-image__figure:hover .wp-block-uagb-image--layout-overlay__color-wrapper{transform:scale(1.05)}.wp-block-uagb-image--effect-slide .wp-block-uagb-image__figure img,.wp-block-uagb-image--effect-slide .wp-block-uagb-image__figure .wp-block-uagb-image--layout-overlay__color-wrapper{width:calc(100% + 40px) !important;max-width:none !important;transform:translate3d(-40px, 0, 0);transition:transform .35s ease-in-out}.wp-block-uagb-image--effect-slide .wp-block-uagb-image__figure:hover img,.wp-block-uagb-image--effect-slide .wp-block-uagb-image__figure:hover .wp-block-uagb-image--layout-overlay__color-wrapper{transform:translate3d(0, 0, 0)}.wp-block-uagb-image--effect-grayscale img{filter:grayscale(0%);transition:.35s ease-in-out}.wp-block-uagb-image--effect-grayscale:hover img{filter:grayscale(100%)}.wp-block-uagb-image--effect-blur img{filter:blur(0);transition:.35s ease-in-out}.wp-block-uagb-image--effect-blur:hover img{filter:blur(3px)}.uagb-block-e6f939b3.wp-block-uagb-image--layout-default figure img{box-shadow: 0px 0px 0 #00000070;}.uagb-block-e6f939b3.wp-block-uagb-image .wp-block-uagb-image__figure figcaption{font-style: normal;align-self: center;}.uagb-block-e6f939b3.wp-block-uagb-image--layout-overlay figure img{box-shadow: 0px 0px 0 #00000070;}.uagb-block-e6f939b3.wp-block-uagb-image--layout-overlay .wp-block-uagb-image--layout-overlay__color-wrapper{opacity: 0.2;}.uagb-block-e6f939b3.wp-block-uagb-image--layout-overlay .wp-block-uagb-image--layout-overlay__inner{left: 15px;right: 15px;top: 15px;bottom: 15px;}.uagb-block-e6f939b3.wp-block-uagb-image--layout-overlay .wp-block-uagb-image--layout-overlay__inner .uagb-image-heading{font-style: normal;color: #fff;opacity: 1;}.uagb-block-e6f939b3.wp-block-uagb-image--layout-overlay .wp-block-uagb-image--layout-overlay__inner .uagb-image-heading a{color: #fff;}.uagb-block-e6f939b3.wp-block-uagb-image--layout-overlay .wp-block-uagb-image--layout-overlay__inner .uagb-image-caption{opacity: 0;}.uagb-block-e6f939b3.wp-block-uagb-image--layout-overlay .wp-block-uagb-image__figure:hover .wp-block-uagb-image--layout-overlay__color-wrapper{opacity: 1;}.uagb-block-e6f939b3.wp-block-uagb-image .wp-block-uagb-image--layout-overlay__inner .uagb-image-separator{width: 30%;border-top-width: 2px;border-top-color: #fff;opacity: 0;}.uagb-block-e6f939b3.wp-block-uagb-image .wp-block-uagb-image__figure img{width: px;height: auto;}.uagb-block-e6f939b3.wp-block-uagb-image .wp-block-uagb-image__figure:hover .wp-block-uagb-image--layout-overlay__inner .uagb-image-caption{opacity: 1;}.uagb-block-e6f939b3.wp-block-uagb-image .wp-block-uagb-image__figure:hover .wp-block-uagb-image--layout-overlay__inner .uagb-image-separator{opacity: 1;}.uagb-block-e6f939b3.wp-block-uagb-image--layout-default figure:hover img{box-shadow: 0px 0px 0 #00000070;}.uagb-block-e6f939b3.wp-block-uagb-image--layout-overlay figure:hover img{box-shadow: 0px 0px 0 #00000070;}@media only screen and (max-width: 976px) {.uagb-block-e6f939b3.wp-block-uagb-image .wp-block-uagb-image__figure img{width: px;height: auto;}}@media only screen and (max-width: 767px) {.uagb-block-e6f939b3.wp-block-uagb-image .wp-block-uagb-image__figure img{width: px;height: auto;}}\";s:2:\"js\";s:0:\"\";s:18:\"current_block_list\";a:13:{i:0;s:11:\"core\/search\";i:1;s:10:\"core\/group\";i:2;s:12:\"core\/heading\";i:3;s:17:\"core\/latest-posts\";i:4;s:20:\"core\/latest-comments\";i:5;s:13:\"core\/archives\";i:6;s:15:\"core\/categories\";i:7;s:14:\"core\/paragraph\";i:8;s:10:\"uagb\/image\";i:9;s:11:\"core\/spacer\";i:10;s:30:\"woocommerce\/product-categories\";i:11;s:10:\"core\/image\";i:12;s:14:\"core\/shortcode\";}s:8:\"uag_flag\";b:1;s:11:\"uag_version\";s:10:\"1777229860\";s:6:\"gfonts\";a:0:{}s:10:\"gfonts_url\";s:0:\"\";s:12:\"gfonts_files\";a:0:{}s:14:\"uag_faq_layout\";b:0;}"]},"uagb_featured_image_src":{"full":["https:\/\/www.ferberpainting.com\/wp-content\/uploads\/2025\/05\/Oven-Grill-and-Stove-Cleaner-5L-Mockup-.png",2560,2560,false],"thumbnail":["https:\/\/www.ferberpainting.com\/wp-content\/uploads\/2025\/05\/Oven-Grill-and-Stove-Cleaner-5L-Mockup--150x150.png",150,150,true],"medium":["https:\/\/www.ferberpainting.com\/wp-content\/uploads\/2025\/05\/Oven-Grill-and-Stove-Cleaner-5L-Mockup--300x300.png",300,300,true],"medium_large":["https:\/\/www.ferberpainting.com\/wp-content\/uploads\/2025\/05\/Oven-Grill-and-Stove-Cleaner-5L-Mockup--768x768.png",768,768,true],"large":["https:\/\/www.ferberpainting.com\/wp-content\/uploads\/2025\/05\/Oven-Grill-and-Stove-Cleaner-5L-Mockup--1024x1024.png",1024,1024,true],"1536x1536":["https:\/\/www.ferberpainting.com\/wp-content\/uploads\/2025\/05\/Oven-Grill-and-Stove-Cleaner-5L-Mockup--1536x1536.png",1536,1536,true],"2048x2048":["https:\/\/www.ferberpainting.com\/wp-content\/uploads\/2025\/05\/Oven-Grill-and-Stove-Cleaner-5L-Mockup--2048x2048.png",2048,2048,true],"trp-custom-language-flag":["https:\/\/www.ferberpainting.com\/wp-content\/uploads\/2025\/05\/Oven-Grill-and-Stove-Cleaner-5L-Mockup--12x12.png",12,12,true],"woocommerce_thumbnail":["https:\/\/www.ferberpainting.com\/wp-content\/uploads\/2025\/05\/Oven-Grill-and-Stove-Cleaner-5L-Mockup--300x300.png",300,300,true],"woocommerce_single":["https:\/\/www.ferberpainting.com\/wp-content\/uploads\/2025\/05\/Oven-Grill-and-Stove-Cleaner-5L-Mockup--600x600.png",600,600,true],"woocommerce_gallery_thumbnail":["https:\/\/www.ferberpainting.com\/wp-content\/uploads\/2025\/05\/Oven-Grill-and-Stove-Cleaner-5L-Mockup--100x100.png",100,100,true]},"uagb_author_info":{"display_name":"admin","author_link":"https:\/\/www.ferberpainting.com\/sk\/author\/"},"uagb_comment_info":14,"uagb_excerpt":"Optimal Effectiveness.\u00a0This oven, grill and stove cleaner is specially formulated to remove burnt grease, food residues and carbonized deposits that build up over time. Thanks to its powerful formula, it quickly dissolves even the toughest grime, restoring a like-new shine to your oven and cooking plates without requiring excessive effort. It cleans deep while respecting&hellip;","_links":{"self":[{"href":"https:\/\/www.ferberpainting.com\/sk\/wp-json\/wp\/v2\/product\/24735","targetHints":{"allow":["GET"]}}],"collection":[{"href":"https:\/\/www.ferberpainting.com\/sk\/wp-json\/wp\/v2\/product"}],"about":[{"href":"https:\/\/www.ferberpainting.com\/sk\/wp-json\/wp\/v2\/types\/product"}],"replies":[{"embeddable":true,"href":"https:\/\/www.ferberpainting.com\/sk\/wp-json\/wp\/v2\/comments?post=24735"}],"version-history":[{"count":4,"href":"https:\/\/www.ferberpainting.com\/sk\/wp-json\/wp\/v2\/product\/24735\/revisions"}],"predecessor-version":[{"id":166654,"href":"https:\/\/www.ferberpainting.com\/sk\/wp-json\/wp\/v2\/product\/24735\/revisions\/166654"}],"wp:featuredmedia":[{"embeddable":true,"href":"https:\/\/www.ferberpainting.com\/sk\/wp-json\/wp\/v2\/media\/36062"}],"wp:attachment":[{"href":"https:\/\/www.ferberpainting.com\/sk\/wp-json\/wp\/v2\/media?parent=24735"}],"wp:term":[{"taxonomy":"product_brand","embeddable":true,"href":"https:\/\/www.ferberpainting.com\/sk\/wp-json\/wp\/v2\/product_brand?post=24735"},{"taxonomy":"product_cat","embeddable":true,"href":"https:\/\/www.ferberpainting.com\/sk\/wp-json\/wp\/v2\/product_cat?post=24735"},{"taxonomy":"product_tag","embeddable":true,"href":"https:\/\/www.ferberpainting.com\/sk\/wp-json\/wp\/v2\/product_tag?post=24735"}],"curies":[{"name":"wp","href":"https:\/\/api.w.org\/{rel}","templated":true}]}}