{"id":24717,"date":"2025-07-01T00:32:59","date_gmt":"2025-06-30T22:32:59","guid":{"rendered":"https:\/\/www.ferberpainting.com\/?post_type=product&#038;p=24717"},"modified":"2026-02-15T22:10:36","modified_gmt":"2026-02-15T21:10:36","slug":"mortar-water-repellent","status":"publish","type":"product","link":"https:\/\/www.ferberpainting.com\/sk\/products\/mortar-water-repellent\/","title":{"rendered":"Vodoodpudiv\u00fd prostriedkov na maltu"},"content":{"rendered":"<p><strong><img decoding=\"async\" style=\"margin-right: 12px;\" src=\"https:\/\/www.ferberpainting.com\/wp-content\/uploads\/2026\/02\/Check.svg\" alt=\"\" width=\"18\" height=\"15\" \/>\u00da\u010dinn\u00e1 ochrana proti vlhkosti.<\/strong> Impregna\u010dn\u00fd pr\u00edpravok na maltu je ur\u010den\u00fd na v\u00fdnimo\u010dn\u00fa ochranu maltov\u00fdch povrchov proti vlhkosti, prenikaniu vody a \u0161kvrn\u00e1m. Vytv\u00e1ra nepriepustn\u00fa bari\u00e9ru, ktor\u00e1 zabra\u0148uje prenikaniu vody a z\u00e1rove\u0148 umo\u017e\u0148uje povrchu d\u00fdcha\u0165, \u010do pom\u00e1ha zachova\u0165 pevnos\u0165 a dlh\u00fa \u017eivotnos\u0165 va\u0161ich maltov\u00fdch kon\u0161trukci\u00ed, \u010di u\u017e vonkaj\u0161\u00edch stien, z\u00e1kladov alebo poterov.<\/p>\n<p><strong><img decoding=\"async\" style=\"margin-right: 12px;\" src=\"https:\/\/www.ferberpainting.com\/wp-content\/uploads\/2026\/02\/Check.svg\" alt=\"\" width=\"18\" height=\"15\" \/>Z\u00e1ruka vr\u00e1tenia pe\u0148az\u00ed.<\/strong>\u00a0Pevne ver\u00edme v \u00fa\u010dinnos\u0165 n\u00e1\u0161ho impregna\u010dn\u00e9ho pr\u00edpravku na maltu. Ak z ak\u00e9hoko\u013evek d\u00f4vodu nebudete s v\u00fdrobkom spokojn\u00ed, pon\u00fakame z\u00e1ruku spokojnosti alebo vr\u00e1tenia pe\u0148az\u00ed. M\u00f4\u017eete nakupova\u0165 s \u00faplnou istotou, preto\u017ee viete, \u017ee ak v\u00fdrobok nespln\u00ed va\u0161e o\u010dak\u00e1vania, m\u00e1te n\u00e1rok na vr\u00e1tenie pe\u0148az\u00ed v plnej v\u00fd\u0161ke.<\/p>\n<p><strong><img decoding=\"async\" style=\"margin-right: 12px;\" src=\"https:\/\/www.ferberpainting.com\/wp-content\/uploads\/2026\/02\/Check.svg\" alt=\"\" width=\"18\" height=\"15\" \/>V\u00fdkon na viacer\u00fdch povrchoch.<\/strong>\u00a0Impregna\u010dn\u00fd pr\u00edpravok na maltu nie je obmedzen\u00fd len na maltu - je \u00fa\u010dinn\u00fd aj na ochranu in\u00fdch podobn\u00fdch materi\u00e1lov, ako s\u00fa bet\u00f3nov\u00e9, cementov\u00e9, tehlov\u00e9 a kamenn\u00e9 povrchy. Tento v\u00fdrobok je preto skuto\u010dn\u00fdm \u201cviac\u00fa\u010delov\u00fdm\u201d rie\u0161en\u00edm, ktor\u00e9 dok\u00e1\u017ee o\u0161etri\u0165 \u0161irok\u00fa \u0161k\u00e1lu stavebn\u00fdch materi\u00e1lov v exteri\u00e9ri aj interi\u00e9ri, od mur\u00e1rskych pr\u00e1c a\u017e po pokl\u00e1dku dla\u017eby alebo obkladov.<\/p>\n<p><strong><img decoding=\"async\" style=\"margin-right: 12px;\" src=\"https:\/\/www.ferberpainting.com\/wp-content\/uploads\/2026\/02\/Check.svg\" alt=\"\" width=\"18\" height=\"15\" \/>\u00dasporn\u00fd v\u00fdkon.<\/strong>\u00a0V\u010faka svojmu koncentrovan\u00e9mu a siln\u00e9mu zlo\u017eeniu pon\u00faka impregna\u010dn\u00fd prostriedok vynikaj\u00facu ekonomick\u00fa v\u00fd\u0165a\u017enos\u0165. Jeden liter v\u00fdrobku pokryje 6 a\u017e 10 m\u00b2 plochy v z\u00e1vislosti od p\u00f3rovitosti materi\u00e1lu. P\u00e4\u0165litrov\u00e9 balenie sta\u010d\u00ed na o\u0161etrenie 30 a\u017e 50 m\u00b2, \u010do z neho rob\u00ed cenovo dostupn\u00e9 a dlhotrvaj\u00face rie\u0161enie pre va\u0161e projekty povrchovej \u00fapravy.<\/p>\n<p><strong><img decoding=\"async\" style=\"margin-right: 12px;\" src=\"https:\/\/www.ferberpainting.com\/wp-content\/uploads\/2026\/02\/Check.svg\" alt=\"\" width=\"18\" height=\"15\" \/>Bezpe\u010dn\u00e9.<\/strong>\u00a0Malta na hydroizol\u00e1ciu je navrhnut\u00e1 tak, aby bola bezpe\u010dn\u00e1, a neobsahuje \u017eiadne toxick\u00e9 ani agres\u00edvne l\u00e1tky. M\u00f4\u017ee sa bezpe\u010dne pou\u017e\u00edva\u0165 v r\u00f4znych prostrediach, \u010di u\u017e pri vonkaj\u0161\u00edch alebo vn\u00fatorn\u00fdch pr\u00e1cach. Okrem toho v\u00fdrobok po\u010das pou\u017e\u00edvania nevyp\u00fa\u0161\u0165a \u017eiadne nepr\u00edjemn\u00e9 v\u00fdpary, \u010d\u00edm zabezpe\u010duje zdrav\u00e9 pracovn\u00e9 prostredie.<\/p>\n<p><strong><img decoding=\"async\" style=\"margin-right: 12px;\" src=\"https:\/\/www.ferberpainting.com\/wp-content\/uploads\/2026\/02\/Check.svg\" alt=\"\" width=\"18\" height=\"15\" \/>Jednoduch\u00e1 aplik\u00e1cia.<\/strong>\u00a0Malta na hydroizol\u00e1ciu je pripraven\u00e1 na pou\u017eitie, tak\u017ee jej aplik\u00e1cia je jednoduch\u00e1. Nie je potrebn\u00e9 riedenie, mie\u0161anie ani zlo\u017eit\u00e1 pr\u00edprava. Sta\u010d\u00ed nanies\u0165 priamo na povrch pomocou postrekova\u010da, \u0161tetca alebo val\u010deka v z\u00e1vislosti od va\u0161ich preferenci\u00ed a konfigur\u00e1cie povrchu. Jeho tekut\u00e9 zlo\u017eenie umo\u017e\u0148uje jednoduch\u00fa a rovnomern\u00fa aplik\u00e1ciu aj na nepravideln\u00e9 povrchy.<\/p>\n<p><strong><img decoding=\"async\" style=\"margin-right: 12px;\" src=\"https:\/\/www.ferberpainting.com\/wp-content\/uploads\/2026\/02\/Check.svg\" alt=\"\" width=\"18\" height=\"15\" \/>V\u00fdnimo\u010dn\u00e1 odolnos\u0165.<\/strong>\u00a0Tento v\u00fdrobok je navrhnut\u00fd tak, aby poskytoval dlhotrvaj\u00facu ochranu. Po nanesen\u00ed vytvor\u00ed maltov\u00fd hydroizol\u00e1tor odoln\u00fa vodotesn\u00fa bari\u00e9ru, ktor\u00e1 odol\u00e1va poveternostn\u00fdm vplyvom, cyklom mrazu a rozmrazovania a chemick\u00fdm l\u00e1tkam. Predl\u017euje \u017eivotnos\u0165 va\u0161ich maltov\u00fdch povrchov a zabra\u0148uje po\u0161kodeniu sp\u00f4soben\u00e9mu vlhkos\u0165ou a pr\u00edrodn\u00fdmi \u017eivlami.<\/p>\n<p><strong><img decoding=\"async\" style=\"margin-right: 12px;\" src=\"https:\/\/www.ferberpainting.com\/wp-content\/uploads\/2026\/02\/Check.svg\" alt=\"\" width=\"18\" height=\"15\" \/>R\u00fdchla aplik\u00e1cia a schnutie.<\/strong>\u00a0Malta na hydroizol\u00e1ciu je zn\u00e1ma svoj\u00edm r\u00fdchlym schnut\u00edm. Po nanesen\u00ed zaschne na dotyk za 1 a\u017e 2 hodiny. Na zabezpe\u010denie optim\u00e1lnej \u00fa\u010dinnosti sa v\u0161ak odpor\u00fa\u010da necha\u0165 v\u00fdrobok \u00faplne vyschn\u00fa\u0165 24 hod\u00edn pred vystaven\u00edm o\u0161etren\u00e9ho povrchu vlhkosti. Tento r\u00fdchly \u010das schnutia v\u00e1m umo\u017en\u00ed pokra\u010dova\u0165 vo va\u0161ich projektoch alebo sa vr\u00e1ti\u0165 k pou\u017e\u00edvaniu povrchu bez v\u00fdrazn\u00e9ho oneskorenia.<\/p>\n<h2><strong>Protokol o pou\u017e\u00edvan\u00ed<\/strong><\/h2>\n<ul>\n<li><strong>Pr\u00edprava povrchu <\/strong>: Pred nanesen\u00edm malty na hydroizol\u00e1ciu sa uistite, \u017ee je povrch \u010dist\u00fd a \u00faplne such\u00fd. Odstr\u00e1\u0148te v\u0161etky ne\u010distoty, prach, plesne alebo in\u00e9 ne\u010distoty, ktor\u00e9 by mohli naru\u0161i\u0165 pri\u013enavos\u0165. Ak je povrch obzvl\u00e1\u0161\u0165 zne\u010disten\u00fd alebo po\u0161koden\u00fd, m\u00f4\u017ee by\u0165 potrebn\u00e9 ho pred nanesen\u00edm hydroizola\u010dn\u00e9ho n\u00e1teru o\u010disti\u0165 \u0161peci\u00e1lnym \u010distiacim prostriedkom. Pred pokra\u010dovan\u00edm v aplik\u00e1cii nechajte povrch \u00faplne vyschn\u00fa\u0165.<\/li>\n<li><strong>Aplik\u00e1cia produktu <\/strong>: Malta na impregn\u00e1ciu je pripraven\u00e1 na pou\u017eitie a nevy\u017eaduje riedenie. Nan\u00e1\u0161ajte priamo na povrch pomocou rozpra\u0161ova\u010da, \u0161tetca alebo val\u010deka v z\u00e1vislosti od ve\u013ekosti a konfigur\u00e1cie povrchu. Pre rovnomern\u00fa aplik\u00e1ciu naneste tenk\u00fa vrstvu v\u00fdrobku a nechajte ho prenikn\u00fa\u0165. V pr\u00edpade potreby naneste druh\u00fa vrstvu, aby ste zabezpe\u010dili \u00fapln\u00fa ochranu, najm\u00e4 ak je malta obzvl\u00e1\u0161\u0165 por\u00e9zna.<\/li>\n<li><strong>Mno\u017estvo na pou\u017eitie <\/strong>: V\u00fd\u0165a\u017enos\u0165 v\u00fdrobku z\u00e1vis\u00ed od p\u00f3rovitosti materi\u00e1lu. V priemere 1 liter impregna\u010dn\u00e9ho prostriedku pokryje 6 a\u017e 10 m\u00b2 plochy. Ak sa aplikuje druh\u00e1 vrstva, spotreba v\u00fdrobku m\u00f4\u017ee by\u0165 o nie\u010do vy\u0161\u0161ia. P\u00e4\u0165litrov\u00e9 balenie tak dok\u00e1\u017ee pokry\u0165 30 a\u017e 50 m\u00b2 jednou aplik\u00e1ciou, \u010do z neho rob\u00ed ekonomick\u00e9 rie\u0161enie pre ve\u013ek\u00e9 plochy.<\/li>\n<li><strong>\u010cas su\u0161enia <\/strong>: Po aplik\u00e1cii v\u00fdrobok na dotyk zaschne pribli\u017ene za 1 a\u017e 2 hodiny. Aby sa v\u0161ak zabezpe\u010dila optim\u00e1lna ochrana a umo\u017enila \u00fapln\u00e1 penetr\u00e1cia, odpor\u00fa\u010da sa necha\u0165 povrch zaschn\u00fa\u0165 24 hod\u00edn pred vystaven\u00edm vlhkosti alebo vode. T\u00e1to doba schnutia zabezpe\u010d\u00ed vytvorenie odolnej vodotesnej bari\u00e9ry.<\/li>\n<li><strong>Op\u00e4tovn\u00e1 aplik\u00e1cia <\/strong>: V z\u00e1vislosti od poveternostn\u00fdch vplyvov a opotrebovania m\u00f4\u017ee by\u0165 potrebn\u00e9 aplikova\u0165 impregna\u010dn\u00fa maltu ka\u017ed\u00fdch 3 a\u017e 5 rokov. Pred op\u00e4tovnou aplik\u00e1ciou sa odpor\u00fa\u010da povrch d\u00f4kladne vy\u010disti\u0165 a vysu\u0161i\u0165. Nov\u00e1 vrstva hydroizola\u010dn\u00e9ho n\u00e1teru zabezpe\u010d\u00ed trval\u00fa ochranu proti vlhkosti a \u0161kvrn\u00e1m.<\/li>\n<li><strong>\u00dadr\u017eba o\u0161etren\u00e9ho povrchu <\/strong>: Po nanesen\u00ed impregna\u010dnej malty sa povrch stane odoln\u00fdm vo\u010di vode a \u0161kvrn\u00e1m. Odpor\u00fa\u010da sa pravidelne \u010disti\u0165 povrch \u010distou vodou a m\u00e4kkou handri\u010dkou, aby sa zachoval jeho vzh\u013ead. Vyhnite sa pou\u017e\u00edvaniu drsn\u00fdch chemik\u00e1li\u00ed, ktor\u00e9 by mohli po\u0161kodi\u0165 ochrann\u00fa vrstvu.<\/li>\n<\/ul>","protected":false},"excerpt":{"rendered":"<p>Effective protection against moisture. The mortar waterproofer is designed to provide exceptional protection to mortar surfaces against moisture, water infiltration, and stains. It creates an impermeable barrier that prevents water from penetrating while allowing the surface to breathe, which helps preserve the strength and longevity of your mortar structures, whether exterior walls, foundations, or screeds. [&hellip;]<\/p>\n","protected":false},"featured_media":36077,"comment_status":"open","ping_status":"closed","template":"","meta":{"_uag_custom_page_level_css":"","site-sidebar-layout":"default","site-content-layout":"","ast-site-content-layout":"default","site-content-style":"default","site-sidebar-style":"default","ast-global-header-display":"","ast-banner-title-visibility":"","ast-main-header-display":"","ast-hfb-above-header-display":"","ast-hfb-below-header-display":"","ast-hfb-mobile-header-display":"","site-post-title":"","ast-breadcrumbs-content":"","ast-featured-img":"","footer-sml-layout":"","ast-disable-related-posts":"","theme-transparent-header-meta":"default","adv-header-id-meta":"","stick-header-meta":"","header-above-stick-meta":"","header-main-stick-meta":"","header-below-stick-meta":"","astra-migrate-meta-layouts":"set","ast-page-background-enabled":"default","ast-page-background-meta":{"desktop":{"background-color":"var(--ast-global-color-4)","background-image":"","background-repeat":"repeat","background-position":"center center","background-size":"auto","background-attachment":"scroll","background-type":"","background-media":"","overlay-type":"","overlay-color":"","overlay-opacity":"","overlay-gradient":""},"tablet":{"background-color":"","background-image":"","background-repeat":"repeat","background-position":"center center","background-size":"auto","background-attachment":"scroll","background-type":"","background-media":"","overlay-type":"","overlay-color":"","overlay-opacity":"","overlay-gradient":""},"mobile":{"background-color":"","background-image":"","background-repeat":"repeat","background-position":"center center","background-size":"auto","background-attachment":"scroll","background-type":"","background-media":"","overlay-type":"","overlay-color":"","overlay-opacity":"","overlay-gradient":""}},"ast-content-background-meta":{"desktop":{"background-color":"var(--ast-global-color-5)","background-image":"","background-repeat":"repeat","background-position":"center center","background-size":"auto","background-attachment":"scroll","background-type":"","background-media":"","overlay-type":"","overlay-color":"","overlay-opacity":"","overlay-gradient":""},"tablet":{"background-color":"var(--ast-global-color-5)","background-image":"","background-repeat":"repeat","background-position":"center center","background-size":"auto","background-attachment":"scroll","background-type":"","background-media":"","overlay-type":"","overlay-color":"","overlay-opacity":"","overlay-gradient":""},"mobile":{"background-color":"var(--ast-global-color-5)","background-image":"","background-repeat":"repeat","background-position":"center center","background-size":"auto","background-attachment":"scroll","background-type":"","background-media":"","overlay-type":"","overlay-color":"","overlay-opacity":"","overlay-gradient":""}}},"product_brand":[],"product_cat":[191],"product_tag":[],"class_list":{"0":"post-24717","1":"product","2":"type-product","3":"status-publish","4":"has-post-thumbnail","6":"product_cat-water-repellent","7":"desktop-align-left","8":"tablet-align-left","9":"mobile-align-left","11":"first","12":"instock","13":"sale","14":"shipping-taxable","15":"purchasable","16":"product-type-variable","17":"has-default-attributes"},"spectra_custom_meta":{"_visibility":["visible"],"_shopify_product_id":["9106657870069"],"_s2w_shopify_domain":["ferberpainting.myshopify.com"],"_shopify_variant_id":["46626413641973"],"_sku":[""],"_manage_stock":["no"],"total_sales":["4"],"_tax_status":["taxable"],"_tax_class":[""],"_backorders":["no"],"_sold_individually":["no"],"_virtual":["no"],"_downloadable":["no"],"_download_limit":["-1"],"_download_expiry":["-1"],"_stock":[null],"_stock_status":["instock"],"_wc_average_rating":["5.00"],"_wc_review_count":["34"],"_product_attributes":["a:1:{s:6:\"volume\";a:6:{s:4:\"name\";s:6:\"Volume\";s:5:\"value\";s:20:\"5 liters | 25 liters\";s:8:\"position\";i:1;s:10:\"is_visible\";i:0;s:12:\"is_variation\";i:1;s:11:\"is_taxonomy\";i:0;}}"],"_product_version":["10.5.1"],"wpse_downloadable_file_names":[""],"wpse_downloadable_file_urls":[""],"_edit_last":["1"],"_default_attributes":["a:1:{s:6:\"volume\";s:8:\"5 liters\";}"],"_edit_lock":["1771190903:1"],"_price":["29.90","129.90"],"merchant-center-availability":["yes"],"merchant-center-category":["503744"],"_thumbnail_id":["36077"],"_wp_page_template":["default"],"_wp_old_date":["2025-05-26"],"_product_image_gallery":["36078"],"site-sidebar-layout":["default"],"ast-site-content-layout":["default"],"site-content-style":["default"],"site-sidebar-style":["default"],"theme-transparent-header-meta":["default"],"_wc_rating_count":["a:1:{i:5;i:34;}"],"astra-migrate-meta-layouts":["set"],"_uag_css_file_name":["uag-css-24717.css"],"_elementor_page_assets":["a:0:{}"],"_uag_page_assets":["a:9:{s:3:\"css\";s:6873:\".wp-block-uagb-image{display:flex}.wp-block-uagb-image__figure{position:relative;display:flex;flex-direction:column;max-width:100%;height:auto;margin:0}.wp-block-uagb-image__figure img{height:auto;display:flex;max-width:100%;transition:box-shadow .2s ease}.wp-block-uagb-image__figure>a{display:inline-block}.wp-block-uagb-image__figure figcaption{text-align:center;margin-top:.5em;margin-bottom:1em}.wp-block-uagb-image .components-placeholder.block-editor-media-placeholder .components-placeholder__instructions{align-self:center}.wp-block-uagb-image--align-left{text-align:left}.wp-block-uagb-image--align-right{text-align:right}.wp-block-uagb-image--align-center{text-align:center}.wp-block-uagb-image--align-full .wp-block-uagb-image__figure{margin-left:calc(50% - 50vw);margin-right:calc(50% - 50vw);max-width:100vw;width:100vw;height:auto}.wp-block-uagb-image--align-full .wp-block-uagb-image__figure img{height:auto;width:100% !important}.wp-block-uagb-image--align-wide .wp-block-uagb-image__figure img{height:auto;width:100%}.wp-block-uagb-image--layout-overlay__color-wrapper{position:absolute;left:0;top:0;right:0;bottom:0;opacity:.2;background:rgba(0,0,0,.5);transition:opacity .35s ease-in-out}.wp-block-uagb-image--layout-overlay-link{position:absolute;left:0;right:0;bottom:0;top:0}.wp-block-uagb-image--layout-overlay .wp-block-uagb-image__figure:hover .wp-block-uagb-image--layout-overlay__color-wrapper{opacity:1}.wp-block-uagb-image--layout-overlay__inner{position:absolute;left:15px;right:15px;bottom:15px;top:15px;display:flex;align-items:center;justify-content:center;flex-direction:column;border-color:#fff;transition:.35s ease-in-out}.wp-block-uagb-image--layout-overlay__inner.top-left,.wp-block-uagb-image--layout-overlay__inner.top-center,.wp-block-uagb-image--layout-overlay__inner.top-right{justify-content:flex-start}.wp-block-uagb-image--layout-overlay__inner.bottom-left,.wp-block-uagb-image--layout-overlay__inner.bottom-center,.wp-block-uagb-image--layout-overlay__inner.bottom-right{justify-content:flex-end}.wp-block-uagb-image--layout-overlay__inner.top-left,.wp-block-uagb-image--layout-overlay__inner.center-left,.wp-block-uagb-image--layout-overlay__inner.bottom-left{align-items:flex-start}.wp-block-uagb-image--layout-overlay__inner.top-right,.wp-block-uagb-image--layout-overlay__inner.center-right,.wp-block-uagb-image--layout-overlay__inner.bottom-right{align-items:flex-end}.wp-block-uagb-image--layout-overlay__inner .uagb-image-heading{color:#fff;transition:transform .35s,opacity .35s ease-in-out;transform:translate3d(0, 24px, 0);margin:0;line-height:1em}.wp-block-uagb-image--layout-overlay__inner .uagb-image-separator{width:30%;border-top-width:2px;border-top-color:#fff;border-top-style:solid;margin-bottom:10px;opacity:0;transition:transform .4s,opacity .4s ease-in-out;transform:translate3d(0, 30px, 0)}.wp-block-uagb-image--layout-overlay__inner .uagb-image-caption{opacity:0;overflow:visible;color:#fff;transition:transform .45s,opacity .45s ease-in-out;transform:translate3d(0, 35px, 0)}.wp-block-uagb-image--layout-overlay__inner:hover .uagb-image-heading,.wp-block-uagb-image--layout-overlay__inner:hover .uagb-image-separator,.wp-block-uagb-image--layout-overlay__inner:hover .uagb-image-caption{opacity:1;transform:translate3d(0, 0, 0)}.wp-block-uagb-image--effect-zoomin .wp-block-uagb-image__figure img,.wp-block-uagb-image--effect-zoomin .wp-block-uagb-image__figure .wp-block-uagb-image--layout-overlay__color-wrapper{transform:scale(1);transition:transform .35s ease-in-out}.wp-block-uagb-image--effect-zoomin .wp-block-uagb-image__figure:hover img,.wp-block-uagb-image--effect-zoomin .wp-block-uagb-image__figure:hover .wp-block-uagb-image--layout-overlay__color-wrapper{transform:scale(1.05)}.wp-block-uagb-image--effect-slide .wp-block-uagb-image__figure img,.wp-block-uagb-image--effect-slide .wp-block-uagb-image__figure .wp-block-uagb-image--layout-overlay__color-wrapper{width:calc(100% + 40px) !important;max-width:none !important;transform:translate3d(-40px, 0, 0);transition:transform .35s ease-in-out}.wp-block-uagb-image--effect-slide .wp-block-uagb-image__figure:hover img,.wp-block-uagb-image--effect-slide .wp-block-uagb-image__figure:hover .wp-block-uagb-image--layout-overlay__color-wrapper{transform:translate3d(0, 0, 0)}.wp-block-uagb-image--effect-grayscale img{filter:grayscale(0%);transition:.35s ease-in-out}.wp-block-uagb-image--effect-grayscale:hover img{filter:grayscale(100%)}.wp-block-uagb-image--effect-blur img{filter:blur(0);transition:.35s ease-in-out}.wp-block-uagb-image--effect-blur:hover img{filter:blur(3px)}.uagb-block-e6f939b3.wp-block-uagb-image--layout-default figure img{box-shadow: 0px 0px 0 #00000070;}.uagb-block-e6f939b3.wp-block-uagb-image .wp-block-uagb-image__figure figcaption{font-style: normal;align-self: center;}.uagb-block-e6f939b3.wp-block-uagb-image--layout-overlay figure img{box-shadow: 0px 0px 0 #00000070;}.uagb-block-e6f939b3.wp-block-uagb-image--layout-overlay .wp-block-uagb-image--layout-overlay__color-wrapper{opacity: 0.2;}.uagb-block-e6f939b3.wp-block-uagb-image--layout-overlay .wp-block-uagb-image--layout-overlay__inner{left: 15px;right: 15px;top: 15px;bottom: 15px;}.uagb-block-e6f939b3.wp-block-uagb-image--layout-overlay .wp-block-uagb-image--layout-overlay__inner .uagb-image-heading{font-style: normal;color: #fff;opacity: 1;}.uagb-block-e6f939b3.wp-block-uagb-image--layout-overlay .wp-block-uagb-image--layout-overlay__inner .uagb-image-heading a{color: #fff;}.uagb-block-e6f939b3.wp-block-uagb-image--layout-overlay .wp-block-uagb-image--layout-overlay__inner .uagb-image-caption{opacity: 0;}.uagb-block-e6f939b3.wp-block-uagb-image--layout-overlay .wp-block-uagb-image__figure:hover .wp-block-uagb-image--layout-overlay__color-wrapper{opacity: 1;}.uagb-block-e6f939b3.wp-block-uagb-image .wp-block-uagb-image--layout-overlay__inner .uagb-image-separator{width: 30%;border-top-width: 2px;border-top-color: #fff;opacity: 0;}.uagb-block-e6f939b3.wp-block-uagb-image .wp-block-uagb-image__figure img{width: px;height: auto;}.uagb-block-e6f939b3.wp-block-uagb-image .wp-block-uagb-image__figure:hover .wp-block-uagb-image--layout-overlay__inner .uagb-image-caption{opacity: 1;}.uagb-block-e6f939b3.wp-block-uagb-image .wp-block-uagb-image__figure:hover .wp-block-uagb-image--layout-overlay__inner .uagb-image-separator{opacity: 1;}.uagb-block-e6f939b3.wp-block-uagb-image--layout-default figure:hover img{box-shadow: 0px 0px 0 #00000070;}.uagb-block-e6f939b3.wp-block-uagb-image--layout-overlay figure:hover img{box-shadow: 0px 0px 0 #00000070;}@media only screen and (max-width: 976px) {.uagb-block-e6f939b3.wp-block-uagb-image .wp-block-uagb-image__figure img{width: px;height: auto;}}@media only screen and (max-width: 767px) {.uagb-block-e6f939b3.wp-block-uagb-image .wp-block-uagb-image__figure img{width: px;height: auto;}}\";s:2:\"js\";s:0:\"\";s:18:\"current_block_list\";a:13:{i:0;s:11:\"core\/search\";i:1;s:10:\"core\/group\";i:2;s:12:\"core\/heading\";i:3;s:17:\"core\/latest-posts\";i:4;s:20:\"core\/latest-comments\";i:5;s:13:\"core\/archives\";i:6;s:15:\"core\/categories\";i:7;s:14:\"core\/paragraph\";i:8;s:10:\"uagb\/image\";i:9;s:11:\"core\/spacer\";i:10;s:30:\"woocommerce\/product-categories\";i:11;s:10:\"core\/image\";i:12;s:14:\"core\/shortcode\";}s:8:\"uag_flag\";b:1;s:11:\"uag_version\";s:10:\"1777102511\";s:6:\"gfonts\";a:0:{}s:10:\"gfonts_url\";s:0:\"\";s:12:\"gfonts_files\";a:0:{}s:14:\"uag_faq_layout\";b:0;}"]},"uagb_featured_image_src":{"full":["https:\/\/www.ferberpainting.com\/wp-content\/uploads\/2025\/05\/Mortar-Water-Repellent-5L-.png",2560,2560,false],"thumbnail":["https:\/\/www.ferberpainting.com\/wp-content\/uploads\/2025\/05\/Mortar-Water-Repellent-5L--150x150.png",150,150,true],"medium":["https:\/\/www.ferberpainting.com\/wp-content\/uploads\/2025\/05\/Mortar-Water-Repellent-5L--300x300.png",300,300,true],"medium_large":["https:\/\/www.ferberpainting.com\/wp-content\/uploads\/2025\/05\/Mortar-Water-Repellent-5L--768x768.png",768,768,true],"large":["https:\/\/www.ferberpainting.com\/wp-content\/uploads\/2025\/05\/Mortar-Water-Repellent-5L--1024x1024.png",1024,1024,true],"1536x1536":["https:\/\/www.ferberpainting.com\/wp-content\/uploads\/2025\/05\/Mortar-Water-Repellent-5L--1536x1536.png",1536,1536,true],"2048x2048":["https:\/\/www.ferberpainting.com\/wp-content\/uploads\/2025\/05\/Mortar-Water-Repellent-5L--2048x2048.png",2048,2048,true],"trp-custom-language-flag":["https:\/\/www.ferberpainting.com\/wp-content\/uploads\/2025\/05\/Mortar-Water-Repellent-5L--12x12.png",12,12,true],"woocommerce_thumbnail":["https:\/\/www.ferberpainting.com\/wp-content\/uploads\/2025\/05\/Mortar-Water-Repellent-5L--300x300.png",300,300,true],"woocommerce_single":["https:\/\/www.ferberpainting.com\/wp-content\/uploads\/2025\/05\/Mortar-Water-Repellent-5L--600x600.png",600,600,true],"woocommerce_gallery_thumbnail":["https:\/\/www.ferberpainting.com\/wp-content\/uploads\/2025\/05\/Mortar-Water-Repellent-5L--100x100.png",100,100,true]},"uagb_author_info":{"display_name":"admin","author_link":"https:\/\/www.ferberpainting.com\/sk\/author\/"},"uagb_comment_info":34,"uagb_excerpt":"Effective protection against moisture. The mortar waterproofer is designed to provide exceptional protection to mortar surfaces against moisture, water infiltration, and stains. It creates an impermeable barrier that prevents water from penetrating while allowing the surface to breathe, which helps preserve the strength and longevity of your mortar structures, whether exterior walls, foundations, or screeds.&hellip;","_links":{"self":[{"href":"https:\/\/www.ferberpainting.com\/sk\/wp-json\/wp\/v2\/product\/24717","targetHints":{"allow":["GET"]}}],"collection":[{"href":"https:\/\/www.ferberpainting.com\/sk\/wp-json\/wp\/v2\/product"}],"about":[{"href":"https:\/\/www.ferberpainting.com\/sk\/wp-json\/wp\/v2\/types\/product"}],"replies":[{"embeddable":true,"href":"https:\/\/www.ferberpainting.com\/sk\/wp-json\/wp\/v2\/comments?post=24717"}],"version-history":[{"count":3,"href":"https:\/\/www.ferberpainting.com\/sk\/wp-json\/wp\/v2\/product\/24717\/revisions"}],"predecessor-version":[{"id":166611,"href":"https:\/\/www.ferberpainting.com\/sk\/wp-json\/wp\/v2\/product\/24717\/revisions\/166611"}],"wp:featuredmedia":[{"embeddable":true,"href":"https:\/\/www.ferberpainting.com\/sk\/wp-json\/wp\/v2\/media\/36077"}],"wp:attachment":[{"href":"https:\/\/www.ferberpainting.com\/sk\/wp-json\/wp\/v2\/media?parent=24717"}],"wp:term":[{"taxonomy":"product_brand","embeddable":true,"href":"https:\/\/www.ferberpainting.com\/sk\/wp-json\/wp\/v2\/product_brand?post=24717"},{"taxonomy":"product_cat","embeddable":true,"href":"https:\/\/www.ferberpainting.com\/sk\/wp-json\/wp\/v2\/product_cat?post=24717"},{"taxonomy":"product_tag","embeddable":true,"href":"https:\/\/www.ferberpainting.com\/sk\/wp-json\/wp\/v2\/product_tag?post=24717"}],"curies":[{"name":"wp","href":"https:\/\/api.w.org\/{rel}","templated":true}]}}