{"id":23807,"date":"2025-05-26T10:25:38","date_gmt":"2025-05-26T08:25:38","guid":{"rendered":"https:\/\/www.ferberpainting.com\/products\/mass-expander\/"},"modified":"2026-02-15T20:55:43","modified_gmt":"2026-02-15T19:55:43","slug":"mass-expander","status":"publish","type":"product","link":"https:\/\/www.ferberpainting.com\/sk\/products\/mass-expander\/","title":{"rendered":"Gainer na priberanie"},"content":{"rendered":"<p><strong><img decoding=\"async\" style=\"margin-right: 12px;\" src=\"https:\/\/www.ferberpainting.com\/wp-content\/uploads\/2026\/02\/Check.svg\" alt=\"\" width=\"18\" height=\"15\" \/>Zvy\u0161ujte objem bet\u00f3nu a zni\u017eujte zmr\u0161\u0165ovanie s presnos\u0165ou.<\/strong> N\u00e1\u0161 expand\u00e9r je \u0161peci\u00e1lne vyvinut\u00fd na kompenz\u00e1ciu zmra\u0161\u0165ovania materi\u00e1lov na b\u00e1ze cementu a zlep\u0161enie rozmerovej stability. Vytv\u00e1ran\u00edm riadenej expanzie po\u010das procesu hydrat\u00e1cie pom\u00e1ha zni\u017eova\u0165 trhliny, vn\u00fatorn\u00e9 nap\u00e4tie a \u0161truktur\u00e1lne nedostatky, \u010d\u00edm zabezpe\u010duje pevnej\u0161ie a odolnej\u0161ie bet\u00f3nov\u00e9 kon\u0161trukcie.<\/p>\n<p><strong><img decoding=\"async\" style=\"margin-right: 12px;\" src=\"https:\/\/www.ferberpainting.com\/wp-content\/uploads\/2026\/02\/Check.svg\" alt=\"\" width=\"18\" height=\"15\" \/>Naj\u00fa\u010dinnej\u0161ia expanzn\u00e1 pr\u00edsada na trhu.<\/strong> Tento produkt, ktor\u00fd je vyvinut\u00fd na z\u00e1klade pokro\u010dilej technol\u00f3gie expanzie, sa integruje priamo do cementov\u00fdch zmes\u00ed a po\u010das vytvrdzovania reaguje na riaden\u00fa expanziu. V porovnan\u00ed s be\u017en\u00fdmi pr\u00edsadami poskytuje vynikaj\u00facu kompenz\u00e1ciu zmra\u0161\u0165ovania, \u010d\u00edm v\u00fdrazne zlep\u0161uje \u0161truktur\u00e1lnu integritu a dlhodob\u00e9 vlastnosti.<\/p>\n<p><strong><img decoding=\"async\" style=\"margin-right: 12px;\" src=\"https:\/\/www.ferberpainting.com\/wp-content\/uploads\/2026\/02\/Check.svg\" alt=\"\" width=\"18\" height=\"15\" \/>Z\u00e1ruka vr\u00e1tenia pe\u0148az\u00ed pre \u00fapln\u00fd pokoj.<\/strong> Sme plne presved\u010den\u00ed o v\u00fdkonnosti a spo\u013eahlivosti n\u00e1\u0161ho expand\u00e9ra. Ak nebudete \u00faplne spokojn\u00ed s v\u00fdsledkami, vr\u00e1time v\u00e1m peniaze za n\u00e1kup. Na\u0161a z\u00e1ruka vr\u00e1tenia pe\u0148az\u00ed zaru\u010duje, \u017ee va\u0161a invest\u00edcia je \u00faplne bez rizika a odr\u00e1\u017ea n\u00e1\u0161 z\u00e1v\u00e4zok poskytova\u0165 profesion\u00e1lne stavebn\u00e9 rie\u0161enia.<\/p>\n<p><strong><img decoding=\"async\" style=\"margin-right: 12px;\" src=\"https:\/\/www.ferberpainting.com\/wp-content\/uploads\/2026\/02\/Check.svg\" alt=\"\" width=\"18\" height=\"15\" \/>Najlacnej\u0161ia dostupn\u00e1 vysoko\u00fa\u010dinn\u00e1 expanzn\u00e1 pr\u00edsada do cementu.<\/strong> Kon\u0161truk\u010dn\u00e9 spevnenie a prevencia vzniku trhl\u00edn nemusia zah\u0155\u0148a\u0165 n\u00e1kladn\u00e9 syst\u00e9my. N\u00e1\u0161 masov\u00fd expand\u00e9r pon\u00faka pr\u00e9miov\u00fa kontrolu dilat\u00e1cie za najv\u00fdhodnej\u0161iu cenu na trhu, \u010d\u00edm poskytuje v\u00fdnimo\u010dn\u00fa hodnotu pre dod\u00e1vate\u013eov, in\u017einierov a stavebn\u00fdch odborn\u00edkov.<\/p>\n<p><strong><img decoding=\"async\" style=\"margin-right: 12px;\" src=\"https:\/\/www.ferberpainting.com\/wp-content\/uploads\/2026\/02\/Check.svg\" alt=\"\" width=\"18\" height=\"15\" \/>R\u00fdchle 24-hodinov\u00e9 dodanie pre nepreru\u0161en\u00e9 stavebn\u00e9 projekty.<\/strong> Harmonogramy v\u00fdstavby s\u00fa \u010dasto nap\u00e4t\u00e9 a \u010dasovo n\u00e1ro\u010dn\u00e9. Preto poskytujeme spo\u013eahliv\u00e9 24-hodinov\u00e9 dod\u00e1vky, ktor\u00e9 zabezpe\u010dia, \u017ee va\u0161e adit\u00edva bud\u00fa doru\u010den\u00e9 r\u00fdchlo, aby v\u00e1\u0161 projekt mohol pokra\u010dova\u0165 bez me\u0161kania.<\/p>\n<p><strong><img decoding=\"async\" style=\"margin-right: 12px;\" src=\"https:\/\/www.ferberpainting.com\/wp-content\/uploads\/2026\/02\/Check.svg\" alt=\"\" width=\"18\" height=\"15\" \/>Odpor\u00fa\u010dan\u00e9 d\u00e1vkovanie od 0,1% do 0,5% hmotnosti cementu.<\/strong> Na dosiahnutie optim\u00e1lneho v\u00fdkonu by sa mal hmotnostn\u00fd expand\u00e9r prid\u00e1va\u0165 v mno\u017estve od 0,1% do 0,5% celkovej hmotnosti cementu. Toto kontrolovan\u00e9 d\u00e1vkovanie zabezpe\u010duje spr\u00e1vnu expanziu bez naru\u0161enia pevnosti alebo \u0161truktur\u00e1lnej integrity.<\/p>\n<p><strong><img decoding=\"async\" style=\"margin-right: 12px;\" src=\"https:\/\/www.ferberpainting.com\/wp-content\/uploads\/2026\/02\/Check.svg\" alt=\"\" width=\"18\" height=\"15\" \/>Zni\u017euje praskanie a vn\u00fatorn\u00e9 nap\u00e4tie.<\/strong> Zmr\u0161\u0165ovanie po\u010das vytvrdzovania m\u00f4\u017ee vies\u0165 k vzniku mikrotrhl\u00edn a \u0161truktur\u00e1lnych ch\u00fdb. Kompenz\u00e1ciou zmen\u0161enia objemu t\u00e1to pr\u00edsada minimalizuje vn\u00fatorn\u00e9 pnutie a zlep\u0161uje celkov\u00fa odolnos\u0165.<\/p>\n<p><strong><img decoding=\"async\" style=\"margin-right: 12px;\" src=\"https:\/\/www.ferberpainting.com\/wp-content\/uploads\/2026\/02\/Check.svg\" alt=\"\" width=\"18\" height=\"15\" \/>Zlep\u0161uje rozmerov\u00fa stabilitu bet\u00f3nu a malty.<\/strong> Rozp\u00ednac\u00ed efekt zabezpe\u010duje lep\u0161ie spojenie, pevnej\u0161ie vyplnenie foriem a dut\u00edn a lep\u0161iu \u0161truktur\u00e1lnu s\u00fadr\u017enos\u0165. V\u010faka tomu je ide\u00e1lny pre malty, opravn\u00e9 malty, z\u00e1klady, dosky a prefabrik\u00e1ty.<\/p>\n<p><strong><img decoding=\"async\" style=\"margin-right: 12px;\" src=\"https:\/\/www.ferberpainting.com\/wp-content\/uploads\/2026\/02\/Check.svg\" alt=\"\" width=\"18\" height=\"15\" \/>Kompatibiln\u00fd s r\u00f4znymi recept\u00farami na b\u00e1ze cementu.<\/strong> Tento expand\u00e9r sa m\u00f4\u017ee prid\u00e1va\u0165 do bet\u00f3nu, malty, poterov a \u0161pecializovan\u00fdch cementov\u00fdch zmes\u00ed. \u013dahko sa integruje do \u0161tandardn\u00fdch mie\u0161ac\u00edch procesov bez potreby zlo\u017eit\u00fdch \u00faprav.<\/p>\n<p><strong><img decoding=\"async\" style=\"margin-right: 12px;\" src=\"https:\/\/www.ferberpainting.com\/wp-content\/uploads\/2026\/02\/Check.svg\" alt=\"\" width=\"18\" height=\"15\" \/>Zlep\u0161uje dlhodob\u00fa v\u00fdkonnos\u0165 kon\u0161trukcie.<\/strong> Zn\u00ed\u017een\u00edm defektov s\u00favisiacich so zmra\u0161\u0165ovan\u00edm prispieva t\u00e1to pr\u00edsada k zlep\u0161eniu mechanickej pevnosti, lep\u0161ej odolnosti vo\u010di environment\u00e1lnemu za\u0165a\u017eeniu a pred\u013a\u017eeniu \u017eivotnosti kon\u0161trukci\u00ed na b\u00e1ze cementu.<\/p>\n<h2><strong>Pokyny<\/strong><\/h2>\n<ul>\n<li>Vypo\u010d\u00edtajte celkov\u00fa hmotnos\u0165 cementu pou\u017eit\u00e9ho v zmesi pred pridan\u00edm expand\u00e9ra.<\/li>\n<li>Odmerajte hmotnos\u0165 expand\u00e9ra v rozmedz\u00ed od 0,1% do 0,5% hmotnosti cementu. Napr\u00edklad na 100 kg cementu pridajte od 100 g do 500 g expand\u00e9ra v z\u00e1vislosti od po\u017eiadaviek projektu.<\/li>\n<li>Pred pridan\u00edm vody pridajte expand\u00e9r priamo do suchej cementovej zmesi a d\u00f4kladne premie\u0161ajte, aby sa zabezpe\u010dilo rovnomern\u00e9 rozlo\u017eenie.<\/li>\n<li>Postupujte pod\u013ea \u0161tandardn\u00fdch postupov mie\u0161ania a postupne prid\u00e1vajte vodu pod\u013ea \u0161pecifik\u00e1ci\u00ed n\u00e1vrhu zmesi.<\/li>\n<li>Zabezpe\u010dte homog\u00e9nne mie\u0161anie, aby sa zaru\u010dila rovnomern\u00e1 expanzia cel\u00e9ho materi\u00e1lu.<\/li>\n<li>Umiestnite a zhutnite bet\u00f3n alebo maltu pod\u013ea \u0161tandardn\u00fdch stavebn\u00fdch postupov.<\/li>\n<li>Neprekra\u010dujte odpor\u00fa\u010dan\u00e9 d\u00e1vkovanie, preto\u017ee nadmern\u00e1 expanzia m\u00f4\u017ee negat\u00edvne ovplyvni\u0165 mechanick\u00e9 vlastnosti.<\/li>\n<li>Bet\u00f3n riadne vytvrdzujte, aby sa umo\u017enila \u00fapln\u00e1 hydrat\u00e1cia a dilata\u010dn\u00e1 reakcia.<\/li>\n<li>V\u00fdrobok skladujte v suchom prostred\u00ed, aby ste zabr\u00e1nili pred\u010dasnej reakcii s vlhkos\u0165ou.<\/li>\n<li>Pri manipul\u00e1cii s materi\u00e1lmi a pr\u00edsadami na b\u00e1ze cementu dodr\u017eiavajte \u0161tandardn\u00e9 bezpe\u010dnostn\u00e9 pokyny.<\/li>\n<\/ul>","protected":false},"excerpt":{"rendered":"<p>Increase concrete volume and reduce shrinkage with precision. Our mass expander is specially formulated to compensate for shrinkage in cement-based materials and improve dimensional stability. By creating controlled expansion during the hydration process, it helps reduce cracking, internal stress, and structural weaknesses, ensuring stronger and more durable concrete structures. The most effective expansion additive on [&hellip;]<\/p>\n","protected":false},"featured_media":26267,"comment_status":"open","ping_status":"closed","template":"","meta":{"_uag_custom_page_level_css":"","site-sidebar-layout":"default","site-content-layout":"","ast-site-content-layout":"default","site-content-style":"default","site-sidebar-style":"default","ast-global-header-display":"","ast-banner-title-visibility":"","ast-main-header-display":"","ast-hfb-above-header-display":"","ast-hfb-below-header-display":"","ast-hfb-mobile-header-display":"","site-post-title":"","ast-breadcrumbs-content":"","ast-featured-img":"","footer-sml-layout":"","ast-disable-related-posts":"","theme-transparent-header-meta":"default","adv-header-id-meta":"","stick-header-meta":"","header-above-stick-meta":"","header-main-stick-meta":"","header-below-stick-meta":"","astra-migrate-meta-layouts":"set","ast-page-background-enabled":"default","ast-page-background-meta":{"desktop":{"background-color":"var(--ast-global-color-4)","background-image":"","background-repeat":"repeat","background-position":"center center","background-size":"auto","background-attachment":"scroll","background-type":"","background-media":"","overlay-type":"","overlay-color":"","overlay-opacity":"","overlay-gradient":""},"tablet":{"background-color":"","background-image":"","background-repeat":"repeat","background-position":"center center","background-size":"auto","background-attachment":"scroll","background-type":"","background-media":"","overlay-type":"","overlay-color":"","overlay-opacity":"","overlay-gradient":""},"mobile":{"background-color":"","background-image":"","background-repeat":"repeat","background-position":"center center","background-size":"auto","background-attachment":"scroll","background-type":"","background-media":"","overlay-type":"","overlay-color":"","overlay-opacity":"","overlay-gradient":""}},"ast-content-background-meta":{"desktop":{"background-color":"var(--ast-global-color-5)","background-image":"","background-repeat":"repeat","background-position":"center center","background-size":"auto","background-attachment":"scroll","background-type":"","background-media":"","overlay-type":"","overlay-color":"","overlay-opacity":"","overlay-gradient":""},"tablet":{"background-color":"var(--ast-global-color-5)","background-image":"","background-repeat":"repeat","background-position":"center center","background-size":"auto","background-attachment":"scroll","background-type":"","background-media":"","overlay-type":"","overlay-color":"","overlay-opacity":"","overlay-gradient":""},"mobile":{"background-color":"var(--ast-global-color-5)","background-image":"","background-repeat":"repeat","background-position":"center center","background-size":"auto","background-attachment":"scroll","background-type":"","background-media":"","overlay-type":"","overlay-color":"","overlay-opacity":"","overlay-gradient":""}}},"product_brand":[],"product_cat":[176],"product_tag":[],"class_list":{"0":"post-23807","1":"product","2":"type-product","3":"status-publish","4":"has-post-thumbnail","6":"product_cat-concrete-treatment","7":"desktop-align-left","8":"tablet-align-left","9":"mobile-align-left","11":"first","12":"instock","13":"sale","14":"shipping-taxable","15":"purchasable","16":"product-type-variable","17":"has-default-attributes"},"spectra_custom_meta":{"_visibility":["visible"],"_shopify_product_id":["8050142380277"],"_s2w_shopify_domain":["ferberpainting.myshopify.com"],"_shopify_variant_id":["43843096215797"],"_sku":[""],"_manage_stock":["no"],"total_sales":["0"],"_tax_status":["taxable"],"_tax_class":[""],"_backorders":["no"],"_sold_individually":["no"],"_virtual":["no"],"_downloadable":["no"],"_download_limit":["-1"],"_download_expiry":["-1"],"_stock":[null],"_stock_status":["instock"],"_wc_average_rating":["4.99"],"_wc_review_count":["92"],"_product_attributes":["a:1:{s:6:\"volume\";a:6:{s:4:\"name\";s:6:\"Volume\";s:5:\"value\";s:20:\"5 liters | 25 liters\";s:8:\"position\";i:1;s:10:\"is_visible\";i:0;s:12:\"is_variation\";i:1;s:11:\"is_taxonomy\";i:0;}}"],"_product_version":["10.5.1"],"_thumbnail_id":["26267"],"_price":["29.90","99.90"],"_product_image_gallery":["26268"],"merchant-center-availability":["yes"],"merchant-center-category":["2277"],"merchant-center-id":["EDM5L"],"wpse_downloadable_file_names":[""],"wpse_downloadable_file_urls":[""],"_edit_last":["1"],"_default_attributes":["a:1:{s:6:\"volume\";s:8:\"5 liters\";}"],"_wc_rating_count":["a:2:{i:4;i:1;i:5;i:91;}"],"_edit_lock":["1771185246:1"],"_wp_page_template":["default"],"site-sidebar-layout":["default"],"ast-site-content-layout":["default"],"site-content-style":["default"],"site-sidebar-style":["default"],"theme-transparent-header-meta":["default"],"astra-migrate-meta-layouts":["set"],"_uag_css_file_name":["uag-css-23807.css"],"_elementor_page_assets":["a:0:{}"],"_uag_page_assets":["a:9:{s:3:\"css\";s:6873:\".wp-block-uagb-image{display:flex}.wp-block-uagb-image__figure{position:relative;display:flex;flex-direction:column;max-width:100%;height:auto;margin:0}.wp-block-uagb-image__figure img{height:auto;display:flex;max-width:100%;transition:box-shadow .2s ease}.wp-block-uagb-image__figure>a{display:inline-block}.wp-block-uagb-image__figure figcaption{text-align:center;margin-top:.5em;margin-bottom:1em}.wp-block-uagb-image .components-placeholder.block-editor-media-placeholder .components-placeholder__instructions{align-self:center}.wp-block-uagb-image--align-left{text-align:left}.wp-block-uagb-image--align-right{text-align:right}.wp-block-uagb-image--align-center{text-align:center}.wp-block-uagb-image--align-full .wp-block-uagb-image__figure{margin-left:calc(50% - 50vw);margin-right:calc(50% - 50vw);max-width:100vw;width:100vw;height:auto}.wp-block-uagb-image--align-full .wp-block-uagb-image__figure img{height:auto;width:100% !important}.wp-block-uagb-image--align-wide .wp-block-uagb-image__figure img{height:auto;width:100%}.wp-block-uagb-image--layout-overlay__color-wrapper{position:absolute;left:0;top:0;right:0;bottom:0;opacity:.2;background:rgba(0,0,0,.5);transition:opacity .35s ease-in-out}.wp-block-uagb-image--layout-overlay-link{position:absolute;left:0;right:0;bottom:0;top:0}.wp-block-uagb-image--layout-overlay .wp-block-uagb-image__figure:hover .wp-block-uagb-image--layout-overlay__color-wrapper{opacity:1}.wp-block-uagb-image--layout-overlay__inner{position:absolute;left:15px;right:15px;bottom:15px;top:15px;display:flex;align-items:center;justify-content:center;flex-direction:column;border-color:#fff;transition:.35s ease-in-out}.wp-block-uagb-image--layout-overlay__inner.top-left,.wp-block-uagb-image--layout-overlay__inner.top-center,.wp-block-uagb-image--layout-overlay__inner.top-right{justify-content:flex-start}.wp-block-uagb-image--layout-overlay__inner.bottom-left,.wp-block-uagb-image--layout-overlay__inner.bottom-center,.wp-block-uagb-image--layout-overlay__inner.bottom-right{justify-content:flex-end}.wp-block-uagb-image--layout-overlay__inner.top-left,.wp-block-uagb-image--layout-overlay__inner.center-left,.wp-block-uagb-image--layout-overlay__inner.bottom-left{align-items:flex-start}.wp-block-uagb-image--layout-overlay__inner.top-right,.wp-block-uagb-image--layout-overlay__inner.center-right,.wp-block-uagb-image--layout-overlay__inner.bottom-right{align-items:flex-end}.wp-block-uagb-image--layout-overlay__inner .uagb-image-heading{color:#fff;transition:transform .35s,opacity .35s ease-in-out;transform:translate3d(0, 24px, 0);margin:0;line-height:1em}.wp-block-uagb-image--layout-overlay__inner .uagb-image-separator{width:30%;border-top-width:2px;border-top-color:#fff;border-top-style:solid;margin-bottom:10px;opacity:0;transition:transform .4s,opacity .4s ease-in-out;transform:translate3d(0, 30px, 0)}.wp-block-uagb-image--layout-overlay__inner .uagb-image-caption{opacity:0;overflow:visible;color:#fff;transition:transform .45s,opacity .45s ease-in-out;transform:translate3d(0, 35px, 0)}.wp-block-uagb-image--layout-overlay__inner:hover .uagb-image-heading,.wp-block-uagb-image--layout-overlay__inner:hover .uagb-image-separator,.wp-block-uagb-image--layout-overlay__inner:hover .uagb-image-caption{opacity:1;transform:translate3d(0, 0, 0)}.wp-block-uagb-image--effect-zoomin .wp-block-uagb-image__figure img,.wp-block-uagb-image--effect-zoomin .wp-block-uagb-image__figure .wp-block-uagb-image--layout-overlay__color-wrapper{transform:scale(1);transition:transform .35s ease-in-out}.wp-block-uagb-image--effect-zoomin .wp-block-uagb-image__figure:hover img,.wp-block-uagb-image--effect-zoomin .wp-block-uagb-image__figure:hover .wp-block-uagb-image--layout-overlay__color-wrapper{transform:scale(1.05)}.wp-block-uagb-image--effect-slide .wp-block-uagb-image__figure img,.wp-block-uagb-image--effect-slide .wp-block-uagb-image__figure .wp-block-uagb-image--layout-overlay__color-wrapper{width:calc(100% + 40px) !important;max-width:none !important;transform:translate3d(-40px, 0, 0);transition:transform .35s ease-in-out}.wp-block-uagb-image--effect-slide .wp-block-uagb-image__figure:hover img,.wp-block-uagb-image--effect-slide .wp-block-uagb-image__figure:hover .wp-block-uagb-image--layout-overlay__color-wrapper{transform:translate3d(0, 0, 0)}.wp-block-uagb-image--effect-grayscale img{filter:grayscale(0%);transition:.35s ease-in-out}.wp-block-uagb-image--effect-grayscale:hover img{filter:grayscale(100%)}.wp-block-uagb-image--effect-blur img{filter:blur(0);transition:.35s ease-in-out}.wp-block-uagb-image--effect-blur:hover img{filter:blur(3px)}.uagb-block-e6f939b3.wp-block-uagb-image--layout-default figure img{box-shadow: 0px 0px 0 #00000070;}.uagb-block-e6f939b3.wp-block-uagb-image .wp-block-uagb-image__figure figcaption{font-style: normal;align-self: center;}.uagb-block-e6f939b3.wp-block-uagb-image--layout-overlay figure img{box-shadow: 0px 0px 0 #00000070;}.uagb-block-e6f939b3.wp-block-uagb-image--layout-overlay .wp-block-uagb-image--layout-overlay__color-wrapper{opacity: 0.2;}.uagb-block-e6f939b3.wp-block-uagb-image--layout-overlay .wp-block-uagb-image--layout-overlay__inner{left: 15px;right: 15px;top: 15px;bottom: 15px;}.uagb-block-e6f939b3.wp-block-uagb-image--layout-overlay .wp-block-uagb-image--layout-overlay__inner .uagb-image-heading{font-style: normal;color: #fff;opacity: 1;}.uagb-block-e6f939b3.wp-block-uagb-image--layout-overlay .wp-block-uagb-image--layout-overlay__inner .uagb-image-heading a{color: #fff;}.uagb-block-e6f939b3.wp-block-uagb-image--layout-overlay .wp-block-uagb-image--layout-overlay__inner .uagb-image-caption{opacity: 0;}.uagb-block-e6f939b3.wp-block-uagb-image--layout-overlay .wp-block-uagb-image__figure:hover .wp-block-uagb-image--layout-overlay__color-wrapper{opacity: 1;}.uagb-block-e6f939b3.wp-block-uagb-image .wp-block-uagb-image--layout-overlay__inner .uagb-image-separator{width: 30%;border-top-width: 2px;border-top-color: #fff;opacity: 0;}.uagb-block-e6f939b3.wp-block-uagb-image .wp-block-uagb-image__figure img{width: px;height: auto;}.uagb-block-e6f939b3.wp-block-uagb-image .wp-block-uagb-image__figure:hover .wp-block-uagb-image--layout-overlay__inner .uagb-image-caption{opacity: 1;}.uagb-block-e6f939b3.wp-block-uagb-image .wp-block-uagb-image__figure:hover .wp-block-uagb-image--layout-overlay__inner .uagb-image-separator{opacity: 1;}.uagb-block-e6f939b3.wp-block-uagb-image--layout-default figure:hover img{box-shadow: 0px 0px 0 #00000070;}.uagb-block-e6f939b3.wp-block-uagb-image--layout-overlay figure:hover img{box-shadow: 0px 0px 0 #00000070;}@media only screen and (max-width: 976px) {.uagb-block-e6f939b3.wp-block-uagb-image .wp-block-uagb-image__figure img{width: px;height: auto;}}@media only screen and (max-width: 767px) {.uagb-block-e6f939b3.wp-block-uagb-image .wp-block-uagb-image__figure img{width: px;height: auto;}}\";s:2:\"js\";s:0:\"\";s:18:\"current_block_list\";a:13:{i:0;s:11:\"core\/search\";i:1;s:10:\"core\/group\";i:2;s:12:\"core\/heading\";i:3;s:17:\"core\/latest-posts\";i:4;s:20:\"core\/latest-comments\";i:5;s:13:\"core\/archives\";i:6;s:15:\"core\/categories\";i:7;s:14:\"core\/paragraph\";i:8;s:10:\"uagb\/image\";i:9;s:11:\"core\/spacer\";i:10;s:30:\"woocommerce\/product-categories\";i:11;s:10:\"core\/image\";i:12;s:14:\"core\/shortcode\";}s:8:\"uag_flag\";b:1;s:11:\"uag_version\";s:10:\"1777108361\";s:6:\"gfonts\";a:0:{}s:10:\"gfonts_url\";s:0:\"\";s:12:\"gfonts_files\";a:0:{}s:14:\"uag_faq_layout\";b:0;}"]},"uagb_featured_image_src":{"full":["https:\/\/www.ferberpainting.com\/wp-content\/uploads\/2025\/05\/MassExpander5L_02aa0bb0-2fa7-4e30-9d5f-6bf6604f749c.jpg",2560,2560,false],"thumbnail":["https:\/\/www.ferberpainting.com\/wp-content\/uploads\/2025\/05\/MassExpander5L_02aa0bb0-2fa7-4e30-9d5f-6bf6604f749c-150x150.jpg",150,150,true],"medium":["https:\/\/www.ferberpainting.com\/wp-content\/uploads\/2025\/05\/MassExpander5L_02aa0bb0-2fa7-4e30-9d5f-6bf6604f749c-300x300.jpg",300,300,true],"medium_large":["https:\/\/www.ferberpainting.com\/wp-content\/uploads\/2025\/05\/MassExpander5L_02aa0bb0-2fa7-4e30-9d5f-6bf6604f749c-768x768.jpg",768,768,true],"large":["https:\/\/www.ferberpainting.com\/wp-content\/uploads\/2025\/05\/MassExpander5L_02aa0bb0-2fa7-4e30-9d5f-6bf6604f749c-1024x1024.jpg",1024,1024,true],"1536x1536":["https:\/\/www.ferberpainting.com\/wp-content\/uploads\/2025\/05\/MassExpander5L_02aa0bb0-2fa7-4e30-9d5f-6bf6604f749c-1536x1536.jpg",1536,1536,true],"2048x2048":["https:\/\/www.ferberpainting.com\/wp-content\/uploads\/2025\/05\/MassExpander5L_02aa0bb0-2fa7-4e30-9d5f-6bf6604f749c-2048x2048.jpg",2048,2048,true],"trp-custom-language-flag":["https:\/\/www.ferberpainting.com\/wp-content\/uploads\/2025\/05\/MassExpander5L_02aa0bb0-2fa7-4e30-9d5f-6bf6604f749c-12x12.jpg",12,12,true],"woocommerce_thumbnail":["https:\/\/www.ferberpainting.com\/wp-content\/uploads\/2025\/05\/MassExpander5L_02aa0bb0-2fa7-4e30-9d5f-6bf6604f749c-300x300.jpg",300,300,true],"woocommerce_single":["https:\/\/www.ferberpainting.com\/wp-content\/uploads\/2025\/05\/MassExpander5L_02aa0bb0-2fa7-4e30-9d5f-6bf6604f749c-600x600.jpg",600,600,true],"woocommerce_gallery_thumbnail":["https:\/\/www.ferberpainting.com\/wp-content\/uploads\/2025\/05\/MassExpander5L_02aa0bb0-2fa7-4e30-9d5f-6bf6604f749c-100x100.jpg",100,100,true]},"uagb_author_info":{"display_name":"admin","author_link":"https:\/\/www.ferberpainting.com\/sk\/author\/"},"uagb_comment_info":92,"uagb_excerpt":"Increase concrete volume and reduce shrinkage with precision. Our mass expander is specially formulated to compensate for shrinkage in cement-based materials and improve dimensional stability. By creating controlled expansion during the hydration process, it helps reduce cracking, internal stress, and structural weaknesses, ensuring stronger and more durable concrete structures. The most effective expansion additive on&hellip;","_links":{"self":[{"href":"https:\/\/www.ferberpainting.com\/sk\/wp-json\/wp\/v2\/product\/23807","targetHints":{"allow":["GET"]}}],"collection":[{"href":"https:\/\/www.ferberpainting.com\/sk\/wp-json\/wp\/v2\/product"}],"about":[{"href":"https:\/\/www.ferberpainting.com\/sk\/wp-json\/wp\/v2\/types\/product"}],"replies":[{"embeddable":true,"href":"https:\/\/www.ferberpainting.com\/sk\/wp-json\/wp\/v2\/comments?post=23807"}],"version-history":[{"count":2,"href":"https:\/\/www.ferberpainting.com\/sk\/wp-json\/wp\/v2\/product\/23807\/revisions"}],"predecessor-version":[{"id":166498,"href":"https:\/\/www.ferberpainting.com\/sk\/wp-json\/wp\/v2\/product\/23807\/revisions\/166498"}],"wp:featuredmedia":[{"embeddable":true,"href":"https:\/\/www.ferberpainting.com\/sk\/wp-json\/wp\/v2\/media\/26267"}],"wp:attachment":[{"href":"https:\/\/www.ferberpainting.com\/sk\/wp-json\/wp\/v2\/media?parent=23807"}],"wp:term":[{"taxonomy":"product_brand","embeddable":true,"href":"https:\/\/www.ferberpainting.com\/sk\/wp-json\/wp\/v2\/product_brand?post=23807"},{"taxonomy":"product_cat","embeddable":true,"href":"https:\/\/www.ferberpainting.com\/sk\/wp-json\/wp\/v2\/product_cat?post=23807"},{"taxonomy":"product_tag","embeddable":true,"href":"https:\/\/www.ferberpainting.com\/sk\/wp-json\/wp\/v2\/product_tag?post=23807"}],"curies":[{"name":"wp","href":"https:\/\/api.w.org\/{rel}","templated":true}]}}