{"id":23768,"date":"2025-07-01T10:05:07","date_gmt":"2025-07-01T08:05:07","guid":{"rendered":"https:\/\/www.ferberpainting.com\/?post_type=product&#038;p=23762"},"modified":"2026-02-15T20:14:56","modified_gmt":"2026-02-15T19:14:56","slug":"kitchen-cleaner","status":"publish","type":"product","link":"https:\/\/www.ferberpainting.com\/sk\/products\/kitchen-cleaner\/","title":{"rendered":"\u010cisti\u010d do kuchyne"},"content":{"rendered":"<p><strong><img decoding=\"async\" style=\"margin-right: 12px;\" src=\"https:\/\/www.ferberpainting.com\/wp-content\/uploads\/2026\/02\/Check.svg\" alt=\"\" width=\"18\" height=\"15\" \/>Optim\u00e1lna \u00fa\u010dinnos\u0165.<\/strong>\u00a0Tento \u010distiaci prostriedok na kuchyne je \u0161peci\u00e1lne navrhnut\u00fd na odstr\u00e1nenie odolnej mastnoty, zvy\u0161kov jedla, st\u00f4p vodn\u00e9ho kame\u0148a a v\u0161etk\u00fdch ne\u010dist\u00f4t, ktor\u00e9 sa usadzuj\u00fa na kuchynsk\u00fdch povrchoch. Jeho siln\u00e9 zlo\u017eenie prenik\u00e1 hlboko a odstra\u0148uje usaden\u00fa \u0161pinu bez nadmern\u00e9ho drhnutia. Zaru\u010duje dokonal\u00e9 vy\u010distenie v priebehu nieko\u013ek\u00fdch sek\u00fand a z\u00e1rove\u0148 zachov\u00e1va celistvos\u0165 materi\u00e1lu, \u010d\u00edm pom\u00e1ha udr\u017eiava\u0165 \u010dist\u00fd a hygienick\u00fd pracovn\u00fd priestor pri ka\u017edodennom pou\u017e\u00edvan\u00ed.<\/p>\n<p><strong><img decoding=\"async\" style=\"margin-right: 12px;\" src=\"https:\/\/www.ferberpainting.com\/wp-content\/uploads\/2026\/02\/Check.svg\" alt=\"\" width=\"18\" height=\"15\" \/>Z\u00e1ruka vr\u00e1tenia pe\u0148az\u00ed.<\/strong>\u00a0Sme plne presved\u010den\u00ed o \u00fa\u010dinnosti n\u00e1\u0161ho \u010distiaceho prostriedku. Ak po pou\u017eit\u00ed nebudete s v\u00fdsledkami \u00faplne spokojn\u00ed, m\u00e1te n\u00e1rok na vr\u00e1tenie pe\u0148az\u00ed v plnej v\u00fd\u0161ke. Vysk\u00fa\u0161ajte n\u00e1\u0161 v\u00fdrobok bez rizika a vr\u00e1\u0165te svoju kuchy\u0148u do p\u00f4vodn\u00e9ho stavu bez n\u00e1mahy.<\/p>\n<p><strong><img decoding=\"async\" style=\"margin-right: 12px;\" src=\"https:\/\/www.ferberpainting.com\/wp-content\/uploads\/2026\/02\/Check.svg\" alt=\"\" width=\"18\" height=\"15\" \/>V\u00fdnimo\u010dn\u00e1 v\u0161estrannos\u0165.<\/strong>\u00a0Tento \u010distiaci prostriedok sa neobmedzuje len na pracovn\u00e9 dosky a varn\u00e9 dosky! Je \u00fa\u010dinn\u00fd aj na backsplashe, drezy, digestory, \u010del\u00e1 skriniek, spotrebi\u010de a dokonca aj na podlahy. Funguje na \u0161irok\u00fa \u0161k\u00e1lu materi\u00e1lov, ako je nehrdzavej\u00faca oce\u013e, hlin\u00edk, sklo, plast, dla\u017edice, lakovan\u00e9 drevo a mramor. V\u010faka svojej v\u0161estrannosti je ide\u00e1lny na dom\u00e1ce aj profesion\u00e1lne pou\u017eitie v dom\u00e1cich alebo priemyseln\u00fdch kuchyniach.<\/p>\n<p><strong><img decoding=\"async\" style=\"margin-right: 12px;\" src=\"https:\/\/www.ferberpainting.com\/wp-content\/uploads\/2026\/02\/Check.svg\" alt=\"\" width=\"18\" height=\"15\" \/>N\u00e1kladovo efekt\u00edvny v\u00fdkon.<\/strong>\u00a0V\u010faka 5-litrovej n\u00e1dobe a vysokej koncentr\u00e1cii pon\u00faka tento \u010disti\u010d vynikaj\u00facu hodnotu. Mal\u00e9 mno\u017estvo sta\u010d\u00ed na vy\u010distenie ve\u013ekej plochy, \u010do predstavuje ekonomick\u00e9 a \u00fa\u010dinn\u00e9 rie\u0161enie. Jeden liter v\u00fdrobku dok\u00e1\u017ee v priemere o\u0161etri\u0165 a\u017e 100 m\u00b2 plochy, \u010d\u00edm sa zni\u017euje frekvencia n\u00e1kupu v\u00fdrobku a optimalizuje jeho pou\u017e\u00edvanie v priebehu \u010dasu.<\/p>\n<p><strong><img decoding=\"async\" style=\"margin-right: 12px;\" src=\"https:\/\/www.ferberpainting.com\/wp-content\/uploads\/2026\/02\/Check.svg\" alt=\"\" width=\"18\" height=\"15\" \/>Bezpe\u010dn\u00e9 pou\u017e\u00edvanie.<\/strong>\u00a0Na rozdiel od drsn\u00fdch \u010distiacich prostriedkov, ktor\u00e9 m\u00f4\u017eu po\u0161kodi\u0165 povrch a zanecha\u0165 \u0161kodliv\u00e9 zvy\u0161ky, tento v\u00fdrobok neobsahuje toxick\u00e9 l\u00e1tky. Nevyp\u00fa\u0161\u0165a \u017eiadne dr\u00e1\u017ediv\u00e9 v\u00fdpary, nesp\u00f4sobuje podr\u00e1\u017edenie poko\u017eky a je bezpe\u010dn\u00fd na o\u0161etrovan\u00fdch povrchoch, pri\u010dom zost\u00e1va \u00fa\u010dinn\u00fd. Po r\u00fdchlom opl\u00e1chnut\u00ed ho mo\u017eno bezpe\u010dne pou\u017e\u00edva\u0165 na povrchoch, ktor\u00e9 prich\u00e1dzaj\u00fa do kontaktu s potravinami, \u010d\u00edm sa zabezpe\u010d\u00ed zdrav\u00e9 prostredie na pr\u00edpravu jed\u00e1l.<\/p>\n<p><strong><img decoding=\"async\" style=\"margin-right: 12px;\" src=\"https:\/\/www.ferberpainting.com\/wp-content\/uploads\/2026\/02\/Check.svg\" alt=\"\" width=\"18\" height=\"15\" \/>Jednoduchos\u0165 pou\u017e\u00edvania.<\/strong>\u00a0Tento produkt je pripraven\u00fd na pou\u017eitie a nevy\u017eaduje si \u017eiadne riedenie ani zlo\u017eit\u00fa manipul\u00e1ciu. Nan\u00e1\u0161a sa priamo na povrch pomocou handri\u010dky, \u0161pongie alebo rozpra\u0161ova\u010da. Jeho r\u00fdchly \u00fa\u010dinok odstra\u0148uje ne\u010distoty v priebehu nieko\u013ek\u00fdch sek\u00fand bez potreby oplachovania alebo v\u00fdraznej n\u00e1mahy. Jeho intuit\u00edvne pou\u017e\u00edvanie zjednodu\u0161uje ka\u017edodenn\u00e9 \u010distenie kuchyne a zaru\u010duje dokonal\u00e9 v\u00fdsledky za minim\u00e1lny \u010das.<\/p>\n<p><strong><img decoding=\"async\" style=\"margin-right: 12px;\" src=\"https:\/\/www.ferberpainting.com\/wp-content\/uploads\/2026\/02\/Check.svg\" alt=\"\" width=\"18\" height=\"15\" \/>Pred\u013a\u017een\u00e1 \u017eivotnos\u0165.<\/strong>\u00a0Tento \u010distiaci prostriedok \u00fa\u010dinne odstra\u0148uje mastnotu a zvy\u0161ky jedla, \u010d\u00edm pom\u00e1ha pred\u013a\u017ei\u0165 \u017eivotnos\u0165 kuchynsk\u00fdch povrchov a zariaden\u00ed. Zabra\u0148uje tvorbe usaden\u00edn, ktor\u00e9 m\u00f4\u017eu v kone\u010dnom d\u00f4sledku po\u0161kodi\u0165 vzh\u013ead a funk\u010dnos\u0165 materi\u00e1lu. Pravideln\u00e9 pou\u017e\u00edvanie udr\u017eiava va\u0161u kuchy\u0148u \u017eiariv\u00fa, hygienick\u00fa a bezchybn\u00fa s minim\u00e1lnym \u00fasil\u00edm.<\/p>\n<p><strong><img decoding=\"async\" style=\"margin-right: 12px;\" src=\"https:\/\/www.ferberpainting.com\/wp-content\/uploads\/2026\/02\/Check.svg\" alt=\"\" width=\"18\" height=\"15\" \/>R\u00fdchla akcia.<\/strong>\u00a0V\u010faka vysoko akt\u00edvnemu zlo\u017eeniu tento \u010distiaci prostriedok okam\u017eite p\u00f4sob\u00ed na \u0161kvrny a ne\u010distoty a rozp\u00fa\u0161\u0165a ich v priebehu nieko\u013ek\u00fdch sek\u00fand. Zaru\u010duje r\u00fdchle a \u00fa\u010dinn\u00e9 \u010distenie, ide\u00e1lne na ka\u017edodenn\u00e9 pou\u017eitie v kuchyni. R\u00fdchlo zasych\u00e1 bez zanechania \u0161m\u00fah, \u010d\u00edm zabezpe\u010duje \u010dist\u00fd a \u017eiariv\u00fd povrch.<\/p>\n<h2><strong>Protokol o pou\u017e\u00edvan\u00ed<\/strong><\/h2>\n<ul>\n<li><strong>Pr\u00edprava <\/strong>: Pred pou\u017eit\u00edm v\u00fdrobku sa uistite, \u017ee \u010disten\u00fd povrch je zbaven\u00fd ve\u013ek\u00fdch ne\u010dist\u00f4t a prachu. Na optimaliz\u00e1ciu \u010distiaceho v\u00fdkonu sa odpor\u00fa\u010da r\u00fdchle utretie suchou handri\u010dkou.<\/li>\n<li><strong>Dosky a kuchynsk\u00e9 povrchy <\/strong>: Nastriekajte alebo naneste mal\u00e9 mno\u017estvo \u010distiaceho prostriedku pomocou \u010distej handri\u010dky alebo vlhkej \u0161pongie. Pr\u00edpravok rovnomerne rozotrite a z\u00e1rove\u0148 jemne drhnite, aby ste odstr\u00e1nili ne\u010distoty.<\/li>\n<li><strong>Varn\u00e9 dosky a ods\u00e1va\u010de p\u00e1r <\/strong>: Nastriekajte priamo na mastn\u00e9 miesta a nechajte nieko\u013eko sek\u00fand p\u00f4sobi\u0165. Na odstr\u00e1nenie zvy\u0161kov pou\u017eite \u0161pongiu alebo handri\u010dku. V pr\u00edpade odolnej mastnoty aplik\u00e1ciu zopakujte a pred zotret\u00edm nechajte p\u00f4sobi\u0165 dlh\u0161ie.<\/li>\n<li><strong>\u00dadr\u017eba drezov a bat\u00e9ri\u00ed <\/strong>: \u010cistiaci prostriedok naneste pomocou \u0161pongie alebo handri\u010dky a jemne ho vydrhnite, aby ste odstr\u00e1nili vodn\u00fd kame\u0148 a \u0161kvrny od vody. R\u00fdchlo opl\u00e1chnite \u010distou vodou, aby ste dosiahli bezchybn\u00fd povrch.<\/li>\n<li><strong>\u010cel\u00e1 skriniek a spotrebi\u010de <\/strong>: Naneste mal\u00e9 mno\u017estvo pr\u00edpravku na handri\u010dku a kr\u00fa\u017eiv\u00fdmi pohybmi jemne utrite povrch. Pre leskl\u00fd povrch bez \u0161m\u00fah utrite \u010distou suchou handri\u010dkou.<\/li>\n<li><strong>\u010cistenie podl\u00e1h <\/strong>: Zrie\u010fte mal\u00e9 mno\u017estvo \u010distiaceho prostriedku vo vedre s teplou vodou a na \u010distenie povrchov pou\u017eite mop. Nechajte prirodzene vyschn\u00fa\u0165. V pr\u00edpade usaden\u00fdch \u0161kv\u0155n aplikujte priamo na plochu pred \u013eahk\u00fdm drhnut\u00edm.<\/li>\n<li><strong>Oplachovanie a su\u0161enie <\/strong>: Pri povrchoch, ktor\u00e9 prich\u00e1dzaj\u00fa do priameho kontaktu s potravinami, sa odpor\u00fa\u010da r\u00fdchle opl\u00e1chnutie \u010distou vodou, aby sa odstr\u00e1nili v\u0161etky zvy\u0161ky v\u00fdrobku. Osu\u0161te \u010distou handri\u010dkou, aby ste zabr\u00e1nili vzniku vodn\u00fdch \u0161kv\u0155n.<\/li>\n<li><strong>Le\u0161tenie a ochrana <\/strong>: Ak chcete dosiahnu\u0165 leskl\u00fd ochrann\u00fd povrch, po \u010disten\u00ed utrite suchou handri\u010dkou z mikrovl\u00e1kna, aby ste vyhladili a odstr\u00e1nili v\u0161etky zvy\u0161ky. Pravideln\u00e9 pou\u017e\u00edvanie pom\u00e1ha predch\u00e1dza\u0165 vzniku nov\u00fdch \u0161kv\u0155n a udr\u017eiava povrch \u013eahko udr\u017eiavate\u013en\u00fd.<\/li>\n<li><strong>Frekvencia pou\u017e\u00edvania <\/strong>: Aplikujte raz denne na pravideln\u00fa \u00fadr\u017ebu a na zabr\u00e1nenie hromadeniu ne\u010dist\u00f4t. V pr\u00edpade vysoko frekventovan\u00fdch pl\u00f4ch, ako s\u00fa varn\u00e9 dosky a pulty, sa odpor\u00fa\u010da \u010distenie po ka\u017edom pou\u017eit\u00ed, aby sa zabezpe\u010dila optim\u00e1lna \u010distota.<\/li>\n<li><strong>\u00dalo\u017eisko <\/strong>: Po ka\u017edom pou\u017eit\u00ed n\u00e1dobku tesne uzavrite a skladujte ju na chladnom a suchom mieste, mimo dosahu svetla a extr\u00e9mnych tepl\u00f4t, aby sa zachovala dlhodob\u00e1 \u00fa\u010dinnos\u0165 v\u00fdrobku.<\/li>\n<\/ul>\n<p>S na\u0161\u00edm \u010distiacim prostriedkom na kuchyne si zaist\u00edte optim\u00e1lnu \u00fadr\u017ebu bez n\u00e1mahy a z\u00e1rove\u0148 zachov\u00e1te \u010distotu a hygienu svojho kulin\u00e1rskeho priestoru. Ide\u00e1lne rie\u0161enie pre kuchy\u0148u, ktor\u00e1 je v\u017edy \u010dist\u00e1, bez mastnoty a pripraven\u00e1 na pr\u00edjemn\u00fa pr\u00edpravu jed\u00e1l.<\/p>","protected":false},"excerpt":{"rendered":"<p>Optimal Efficiency.\u00a0This kitchen cleaner is specially designed to eliminate stubborn grease, food residues, limescale marks, and all impurities that build up on kitchen surfaces. Its powerful formula penetrates deeply to dislodge embedded grime without excessive scrubbing. It ensures perfect cleaning in just a few seconds while preserving material integrity, helping to maintain a clean and [&hellip;]<\/p>\n","protected":false},"featured_media":36209,"comment_status":"open","ping_status":"closed","template":"","meta":{"_uag_custom_page_level_css":"","site-sidebar-layout":"default","site-content-layout":"","ast-site-content-layout":"default","site-content-style":"default","site-sidebar-style":"default","ast-global-header-display":"","ast-banner-title-visibility":"","ast-main-header-display":"","ast-hfb-above-header-display":"","ast-hfb-below-header-display":"","ast-hfb-mobile-header-display":"","site-post-title":"","ast-breadcrumbs-content":"","ast-featured-img":"","footer-sml-layout":"","ast-disable-related-posts":"","theme-transparent-header-meta":"default","adv-header-id-meta":"","stick-header-meta":"","header-above-stick-meta":"","header-main-stick-meta":"","header-below-stick-meta":"","astra-migrate-meta-layouts":"set","ast-page-background-enabled":"default","ast-page-background-meta":{"desktop":{"background-color":"var(--ast-global-color-4)","background-image":"","background-repeat":"repeat","background-position":"center center","background-size":"auto","background-attachment":"scroll","background-type":"","background-media":"","overlay-type":"","overlay-color":"","overlay-opacity":"","overlay-gradient":""},"tablet":{"background-color":"","background-image":"","background-repeat":"repeat","background-position":"center center","background-size":"auto","background-attachment":"scroll","background-type":"","background-media":"","overlay-type":"","overlay-color":"","overlay-opacity":"","overlay-gradient":""},"mobile":{"background-color":"","background-image":"","background-repeat":"repeat","background-position":"center center","background-size":"auto","background-attachment":"scroll","background-type":"","background-media":"","overlay-type":"","overlay-color":"","overlay-opacity":"","overlay-gradient":""}},"ast-content-background-meta":{"desktop":{"background-color":"var(--ast-global-color-5)","background-image":"","background-repeat":"repeat","background-position":"center center","background-size":"auto","background-attachment":"scroll","background-type":"","background-media":"","overlay-type":"","overlay-color":"","overlay-opacity":"","overlay-gradient":""},"tablet":{"background-color":"var(--ast-global-color-5)","background-image":"","background-repeat":"repeat","background-position":"center center","background-size":"auto","background-attachment":"scroll","background-type":"","background-media":"","overlay-type":"","overlay-color":"","overlay-opacity":"","overlay-gradient":""},"mobile":{"background-color":"var(--ast-global-color-5)","background-image":"","background-repeat":"repeat","background-position":"center center","background-size":"auto","background-attachment":"scroll","background-type":"","background-media":"","overlay-type":"","overlay-color":"","overlay-opacity":"","overlay-gradient":""}}},"product_brand":[],"product_cat":[175],"product_tag":[],"class_list":{"0":"post-23768","1":"product","2":"type-product","3":"status-publish","4":"has-post-thumbnail","6":"product_cat-cleaning-products","7":"desktop-align-left","8":"tablet-align-left","9":"mobile-align-left","11":"first","12":"instock","13":"sale","14":"taxable","15":"shipping-taxable","16":"purchasable","17":"product-type-variable","18":"has-default-attributes"},"spectra_custom_meta":{"_visibility":["visible"],"_shopify_product_id":["9106444386549"],"_s2w_shopify_domain":["ferberpainting.myshopify.com"],"_shopify_variant_id":["46626112110837"],"_sku":[""],"_manage_stock":["no"],"total_sales":["2"],"_tax_status":["taxable"],"_tax_class":[""],"_backorders":["no"],"_sold_individually":["no"],"_virtual":["no"],"_downloadable":["no"],"_download_limit":["-1"],"_download_expiry":["-1"],"_stock":[null],"_stock_status":["instock"],"_wc_average_rating":["5.00"],"_wc_review_count":["11"],"_product_attributes":["a:1:{s:6:\"volume\";a:6:{s:4:\"name\";s:6:\"Volume\";s:5:\"value\";s:20:\"5 liters | 25 liters\";s:8:\"position\";i:1;s:10:\"is_visible\";i:0;s:12:\"is_variation\";i:1;s:11:\"is_taxonomy\";i:0;}}"],"_product_version":["10.5.1"],"wpse_downloadable_file_names":[""],"wpse_downloadable_file_urls":[""],"_edit_last":["1"],"_default_attributes":["a:1:{s:6:\"volume\";s:8:\"5 liters\";}"],"_edit_lock":["1771182755:1"],"_price":["29.90","129.90"],"merchant-center-availability":["yes"],"merchant-center-category":["4978"],"_thumbnail_id":["36209"],"_wp_page_template":["default"],"_wp_old_date":["2025-05-26"],"_product_image_gallery":["36210"],"site-sidebar-layout":["default"],"ast-site-content-layout":["default"],"site-content-style":["default"],"site-sidebar-style":["default"],"theme-transparent-header-meta":["default"],"_wc_rating_count":["a:1:{i:5;i:11;}"],"astra-migrate-meta-layouts":["set"],"_uag_css_file_name":["uag-css-23768.css"],"_elementor_page_assets":["a:0:{}"],"_uag_page_assets":["a:9:{s:3:\"css\";s:7133:\".uag-blocks-common-selector{z-index:var(--z-index-desktop) !important}@media(max-width: 976px){.uag-blocks-common-selector{z-index:var(--z-index-tablet) !important}}@media(max-width: 767px){.uag-blocks-common-selector{z-index:var(--z-index-mobile) !important}}.wp-block-uagb-image{display:flex}.wp-block-uagb-image__figure{position:relative;display:flex;flex-direction:column;max-width:100%;height:auto;margin:0}.wp-block-uagb-image__figure img{height:auto;display:flex;max-width:100%;transition:box-shadow .2s ease}.wp-block-uagb-image__figure>a{display:inline-block}.wp-block-uagb-image__figure figcaption{text-align:center;margin-top:.5em;margin-bottom:1em}.wp-block-uagb-image .components-placeholder.block-editor-media-placeholder .components-placeholder__instructions{align-self:center}.wp-block-uagb-image--align-left{text-align:left}.wp-block-uagb-image--align-right{text-align:right}.wp-block-uagb-image--align-center{text-align:center}.wp-block-uagb-image--align-full .wp-block-uagb-image__figure{margin-left:calc(50% - 50vw);margin-right:calc(50% - 50vw);max-width:100vw;width:100vw;height:auto}.wp-block-uagb-image--align-full .wp-block-uagb-image__figure img{height:auto;width:100% !important}.wp-block-uagb-image--align-wide .wp-block-uagb-image__figure img{height:auto;width:100%}.wp-block-uagb-image--layout-overlay__color-wrapper{position:absolute;left:0;top:0;right:0;bottom:0;opacity:.2;background:rgba(0,0,0,.5);transition:opacity .35s ease-in-out}.wp-block-uagb-image--layout-overlay-link{position:absolute;left:0;right:0;bottom:0;top:0}.wp-block-uagb-image--layout-overlay .wp-block-uagb-image__figure:hover .wp-block-uagb-image--layout-overlay__color-wrapper{opacity:1}.wp-block-uagb-image--layout-overlay__inner{position:absolute;left:15px;right:15px;bottom:15px;top:15px;display:flex;align-items:center;justify-content:center;flex-direction:column;border-color:#fff;transition:.35s ease-in-out}.wp-block-uagb-image--layout-overlay__inner.top-left,.wp-block-uagb-image--layout-overlay__inner.top-center,.wp-block-uagb-image--layout-overlay__inner.top-right{justify-content:flex-start}.wp-block-uagb-image--layout-overlay__inner.bottom-left,.wp-block-uagb-image--layout-overlay__inner.bottom-center,.wp-block-uagb-image--layout-overlay__inner.bottom-right{justify-content:flex-end}.wp-block-uagb-image--layout-overlay__inner.top-left,.wp-block-uagb-image--layout-overlay__inner.center-left,.wp-block-uagb-image--layout-overlay__inner.bottom-left{align-items:flex-start}.wp-block-uagb-image--layout-overlay__inner.top-right,.wp-block-uagb-image--layout-overlay__inner.center-right,.wp-block-uagb-image--layout-overlay__inner.bottom-right{align-items:flex-end}.wp-block-uagb-image--layout-overlay__inner .uagb-image-heading{color:#fff;transition:transform .35s,opacity .35s ease-in-out;transform:translate3d(0, 24px, 0);margin:0;line-height:1em}.wp-block-uagb-image--layout-overlay__inner .uagb-image-separator{width:30%;border-top-width:2px;border-top-color:#fff;border-top-style:solid;margin-bottom:10px;opacity:0;transition:transform .4s,opacity .4s ease-in-out;transform:translate3d(0, 30px, 0)}.wp-block-uagb-image--layout-overlay__inner .uagb-image-caption{opacity:0;overflow:visible;color:#fff;transition:transform .45s,opacity .45s ease-in-out;transform:translate3d(0, 35px, 0)}.wp-block-uagb-image--layout-overlay__inner:hover .uagb-image-heading,.wp-block-uagb-image--layout-overlay__inner:hover .uagb-image-separator,.wp-block-uagb-image--layout-overlay__inner:hover .uagb-image-caption{opacity:1;transform:translate3d(0, 0, 0)}.wp-block-uagb-image--effect-zoomin .wp-block-uagb-image__figure img,.wp-block-uagb-image--effect-zoomin .wp-block-uagb-image__figure .wp-block-uagb-image--layout-overlay__color-wrapper{transform:scale(1);transition:transform .35s ease-in-out}.wp-block-uagb-image--effect-zoomin .wp-block-uagb-image__figure:hover img,.wp-block-uagb-image--effect-zoomin .wp-block-uagb-image__figure:hover .wp-block-uagb-image--layout-overlay__color-wrapper{transform:scale(1.05)}.wp-block-uagb-image--effect-slide .wp-block-uagb-image__figure img,.wp-block-uagb-image--effect-slide .wp-block-uagb-image__figure .wp-block-uagb-image--layout-overlay__color-wrapper{width:calc(100% + 40px) !important;max-width:none !important;transform:translate3d(-40px, 0, 0);transition:transform .35s ease-in-out}.wp-block-uagb-image--effect-slide .wp-block-uagb-image__figure:hover img,.wp-block-uagb-image--effect-slide .wp-block-uagb-image__figure:hover .wp-block-uagb-image--layout-overlay__color-wrapper{transform:translate3d(0, 0, 0)}.wp-block-uagb-image--effect-grayscale img{filter:grayscale(0%);transition:.35s ease-in-out}.wp-block-uagb-image--effect-grayscale:hover img{filter:grayscale(100%)}.wp-block-uagb-image--effect-blur img{filter:blur(0);transition:.35s ease-in-out}.wp-block-uagb-image--effect-blur:hover img{filter:blur(3px)}.uagb-block-e6f939b3.wp-block-uagb-image--layout-default figure img{box-shadow: 0px 0px 0 #00000070;}.uagb-block-e6f939b3.wp-block-uagb-image .wp-block-uagb-image__figure figcaption{font-style: normal;align-self: center;}.uagb-block-e6f939b3.wp-block-uagb-image--layout-overlay figure img{box-shadow: 0px 0px 0 #00000070;}.uagb-block-e6f939b3.wp-block-uagb-image--layout-overlay .wp-block-uagb-image--layout-overlay__color-wrapper{opacity: 0.2;}.uagb-block-e6f939b3.wp-block-uagb-image--layout-overlay .wp-block-uagb-image--layout-overlay__inner{left: 15px;right: 15px;top: 15px;bottom: 15px;}.uagb-block-e6f939b3.wp-block-uagb-image--layout-overlay .wp-block-uagb-image--layout-overlay__inner .uagb-image-heading{font-style: normal;color: #fff;opacity: 1;}.uagb-block-e6f939b3.wp-block-uagb-image--layout-overlay .wp-block-uagb-image--layout-overlay__inner .uagb-image-heading a{color: #fff;}.uagb-block-e6f939b3.wp-block-uagb-image--layout-overlay .wp-block-uagb-image--layout-overlay__inner .uagb-image-caption{opacity: 0;}.uagb-block-e6f939b3.wp-block-uagb-image--layout-overlay .wp-block-uagb-image__figure:hover .wp-block-uagb-image--layout-overlay__color-wrapper{opacity: 1;}.uagb-block-e6f939b3.wp-block-uagb-image .wp-block-uagb-image--layout-overlay__inner .uagb-image-separator{width: 30%;border-top-width: 2px;border-top-color: #fff;opacity: 0;}.uagb-block-e6f939b3.wp-block-uagb-image .wp-block-uagb-image__figure img{width: px;height: auto;}.uagb-block-e6f939b3.wp-block-uagb-image .wp-block-uagb-image__figure:hover .wp-block-uagb-image--layout-overlay__inner .uagb-image-caption{opacity: 1;}.uagb-block-e6f939b3.wp-block-uagb-image .wp-block-uagb-image__figure:hover .wp-block-uagb-image--layout-overlay__inner .uagb-image-separator{opacity: 1;}.uagb-block-e6f939b3.wp-block-uagb-image--layout-default figure:hover img{box-shadow: 0px 0px 0 #00000070;}.uagb-block-e6f939b3.wp-block-uagb-image--layout-overlay figure:hover img{box-shadow: 0px 0px 0 #00000070;}@media only screen and (max-width: 976px) {.uagb-block-e6f939b3.wp-block-uagb-image .wp-block-uagb-image__figure img{width: px;height: auto;}}@media only screen and (max-width: 767px) {.uagb-block-e6f939b3.wp-block-uagb-image .wp-block-uagb-image__figure img{width: px;height: auto;}}\";s:2:\"js\";s:0:\"\";s:18:\"current_block_list\";a:13:{i:0;s:11:\"core\/search\";i:1;s:10:\"core\/group\";i:2;s:12:\"core\/heading\";i:3;s:17:\"core\/latest-posts\";i:4;s:20:\"core\/latest-comments\";i:5;s:13:\"core\/archives\";i:6;s:15:\"core\/categories\";i:7;s:14:\"core\/paragraph\";i:8;s:10:\"uagb\/image\";i:9;s:11:\"core\/spacer\";i:10;s:30:\"woocommerce\/product-categories\";i:11;s:10:\"core\/image\";i:12;s:14:\"core\/shortcode\";}s:8:\"uag_flag\";b:1;s:11:\"uag_version\";s:10:\"1777228734\";s:6:\"gfonts\";a:0:{}s:10:\"gfonts_url\";s:0:\"\";s:12:\"gfonts_files\";a:0:{}s:14:\"uag_faq_layout\";b:0;}"]},"uagb_featured_image_src":{"full":["https:\/\/www.ferberpainting.com\/wp-content\/uploads\/2025\/05\/Kitchen-Cleaner-5L-.png",2560,2560,false],"thumbnail":["https:\/\/www.ferberpainting.com\/wp-content\/uploads\/2025\/05\/Kitchen-Cleaner-5L--150x150.png",150,150,true],"medium":["https:\/\/www.ferberpainting.com\/wp-content\/uploads\/2025\/05\/Kitchen-Cleaner-5L--300x300.png",300,300,true],"medium_large":["https:\/\/www.ferberpainting.com\/wp-content\/uploads\/2025\/05\/Kitchen-Cleaner-5L--768x768.png",768,768,true],"large":["https:\/\/www.ferberpainting.com\/wp-content\/uploads\/2025\/05\/Kitchen-Cleaner-5L--1024x1024.png",1024,1024,true],"1536x1536":["https:\/\/www.ferberpainting.com\/wp-content\/uploads\/2025\/05\/Kitchen-Cleaner-5L--1536x1536.png",1536,1536,true],"2048x2048":["https:\/\/www.ferberpainting.com\/wp-content\/uploads\/2025\/05\/Kitchen-Cleaner-5L--2048x2048.png",2048,2048,true],"trp-custom-language-flag":["https:\/\/www.ferberpainting.com\/wp-content\/uploads\/2025\/05\/Kitchen-Cleaner-5L--12x12.png",12,12,true],"woocommerce_thumbnail":["https:\/\/www.ferberpainting.com\/wp-content\/uploads\/2025\/05\/Kitchen-Cleaner-5L--300x300.png",300,300,true],"woocommerce_single":["https:\/\/www.ferberpainting.com\/wp-content\/uploads\/2025\/05\/Kitchen-Cleaner-5L--600x600.png",600,600,true],"woocommerce_gallery_thumbnail":["https:\/\/www.ferberpainting.com\/wp-content\/uploads\/2025\/05\/Kitchen-Cleaner-5L--100x100.png",100,100,true]},"uagb_author_info":{"display_name":"admin","author_link":"https:\/\/www.ferberpainting.com\/sk\/author\/"},"uagb_comment_info":11,"uagb_excerpt":"Optimal Efficiency.\u00a0This kitchen cleaner is specially designed to eliminate stubborn grease, food residues, limescale marks, and all impurities that build up on kitchen surfaces. Its powerful formula penetrates deeply to dislodge embedded grime without excessive scrubbing. It ensures perfect cleaning in just a few seconds while preserving material integrity, helping to maintain a clean and&hellip;","_links":{"self":[{"href":"https:\/\/www.ferberpainting.com\/sk\/wp-json\/wp\/v2\/product\/23768","targetHints":{"allow":["GET"]}}],"collection":[{"href":"https:\/\/www.ferberpainting.com\/sk\/wp-json\/wp\/v2\/product"}],"about":[{"href":"https:\/\/www.ferberpainting.com\/sk\/wp-json\/wp\/v2\/types\/product"}],"replies":[{"embeddable":true,"href":"https:\/\/www.ferberpainting.com\/sk\/wp-json\/wp\/v2\/comments?post=23768"}],"version-history":[{"count":3,"href":"https:\/\/www.ferberpainting.com\/sk\/wp-json\/wp\/v2\/product\/23768\/revisions"}],"predecessor-version":[{"id":166447,"href":"https:\/\/www.ferberpainting.com\/sk\/wp-json\/wp\/v2\/product\/23768\/revisions\/166447"}],"wp:featuredmedia":[{"embeddable":true,"href":"https:\/\/www.ferberpainting.com\/sk\/wp-json\/wp\/v2\/media\/36209"}],"wp:attachment":[{"href":"https:\/\/www.ferberpainting.com\/sk\/wp-json\/wp\/v2\/media?parent=23768"}],"wp:term":[{"taxonomy":"product_brand","embeddable":true,"href":"https:\/\/www.ferberpainting.com\/sk\/wp-json\/wp\/v2\/product_brand?post=23768"},{"taxonomy":"product_cat","embeddable":true,"href":"https:\/\/www.ferberpainting.com\/sk\/wp-json\/wp\/v2\/product_cat?post=23768"},{"taxonomy":"product_tag","embeddable":true,"href":"https:\/\/www.ferberpainting.com\/sk\/wp-json\/wp\/v2\/product_tag?post=23768"}],"curies":[{"name":"wp","href":"https:\/\/api.w.org\/{rel}","templated":true}]}}