{"id":23520,"date":"2025-05-26T10:24:32","date_gmt":"2025-05-26T08:24:32","guid":{"rendered":"https:\/\/www.ferberpainting.com\/products\/growth-fertilizer\/"},"modified":"2026-02-15T19:14:14","modified_gmt":"2026-02-15T18:14:14","slug":"growth-fertilizer","status":"publish","type":"product","link":"https:\/\/www.ferberpainting.com\/sk\/products\/growth-fertilizer\/","title":{"rendered":"Hnojivo na rast"},"content":{"rendered":"<p><strong><img decoding=\"async\" style=\"margin-right: 12px;\" src=\"https:\/\/www.ferberpainting.com\/wp-content\/uploads\/2026\/02\/Check.svg\" alt=\"\" width=\"18\" height=\"15\" \/>Siln\u00e9 hnojivo pre optim\u00e1lny rast.<\/strong>\u00a0Na\u0161e rastov\u00e9 hnojivo je \u0161peci\u00e1lne navrhnut\u00e9 tak, aby stimulovalo r\u00fdchly rozvoj rastl\u00edn poskytovan\u00edm dokonalej rovnov\u00e1hy dus\u00edka, fosforu a drasl\u00edka (NPK 15-15-15). Toto kompletn\u00e9 zlo\u017eenie podporuje intenz\u00edvny rast, siln\u00e9 zakorenenie a zv\u00fd\u0161en\u00fa odolnos\u0165 vo\u010di chorob\u00e1m a environment\u00e1lnemu stresu.<\/p>\n<p><strong><img decoding=\"async\" style=\"margin-right: 12px;\" src=\"https:\/\/www.ferberpainting.com\/wp-content\/uploads\/2026\/02\/Check.svg\" alt=\"\" width=\"18\" height=\"15\" \/>Z\u00e1ruka vr\u00e1tenia pe\u0148az\u00ed.<\/strong>\u00a0Sme presved\u010den\u00ed o \u00fa\u010dinnosti na\u0161ich hnoj\u00edv a pon\u00fakame z\u00e1ruku vr\u00e1tenia pe\u0148az\u00ed. Ak po pou\u017eit\u00ed pod\u013ea odpor\u00fa\u010dan\u00ed nezaznamen\u00e1te v\u00fdrazn\u00e9 zlep\u0161enie rastu rastl\u00edn, m\u00f4\u017eete z\u00edska\u0165 pln\u00fa n\u00e1hradu.<\/p>\n<p><strong><img decoding=\"async\" style=\"margin-right: 12px;\" src=\"https:\/\/www.ferberpainting.com\/wp-content\/uploads\/2026\/02\/Check.svg\" alt=\"\" width=\"18\" height=\"15\" \/>Kompatibiln\u00fd so v\u0161etk\u00fdmi typmi substr\u00e1tov a plod\u00edn.<\/strong>\u00a0Toto hnojivo \u00fa\u010dinne p\u00f4sob\u00ed na v\u0161etky typy p\u00f4dy a m\u00e9di\u00ed, \u010di u\u017e ide o zeminu v kvetin\u00e1\u010doch, kompost, obohaten\u00e9 substr\u00e1ty, perlit alebo dokonca inertn\u00e9 m\u00e9di\u00e1, bez oh\u013eadu na to, \u010di s\u00fa va\u0161e rastliny pestovan\u00e9 v otvorenej p\u00f4de, kvetin\u00e1\u010doch, n\u00e1dob\u00e1ch alebo hydrop\u00f3nii. Dokonale sa hod\u00ed pre zeleninov\u00e9 z\u00e1hrady, ovocn\u00e9 stromy, kvety a okrasn\u00e9 rastliny.<\/p>\n<p><strong><img decoding=\"async\" style=\"margin-right: 12px;\" src=\"https:\/\/www.ferberpainting.com\/wp-content\/uploads\/2026\/02\/Check.svg\" alt=\"\" width=\"18\" height=\"15\" \/>N\u00e1kladovo efekt\u00edvne a udr\u017eate\u013en\u00e9 v\u00fdnosy.<\/strong>\u00a0V\u010faka ultrakoncentrovan\u00e9mu zlo\u017eeniu sta\u010d\u00ed na \u00fa\u010dinn\u00e9 a dlhotrvaj\u00face hnojenie iba 5 ml zrieden\u00e9ho hnojiva v 1 litri vody. P\u00e4\u0165litrov\u00e1 n\u00e1doba umo\u017e\u0148uje pripravi\u0165 a\u017e 1000 litrov \u017eivn\u00e9ho roztoku, \u010do pon\u00faka vynikaj\u00faci pomer ceny a kvality a nieko\u013ekomesa\u010dn\u00fa auton\u00f3miu.<\/p>\n<p><strong><img decoding=\"async\" style=\"margin-right: 12px;\" src=\"https:\/\/www.ferberpainting.com\/wp-content\/uploads\/2026\/02\/Check.svg\" alt=\"\" width=\"18\" height=\"15\" \/>Hnojivo bezpe\u010dn\u00e9 pre \u017eivotn\u00e9 prostredie.<\/strong>\u00a0Toto hnojivo je vyroben\u00e9 bez toxick\u00fdch zvy\u0161kov, \u0161kodliv\u00fdch chemick\u00fdch pr\u00edsad a bez ak\u00e9hoko\u013evek negat\u00edvneho vplyvu na p\u00f4du a vodu. Re\u0161pektuje prirodzen\u00fa rovnov\u00e1hu p\u00f4dy, podporuje \u010dinnos\u0165 prospe\u0161n\u00fdch mikroorganizmov a zlep\u0161uje \u0161trukt\u00faru p\u00f4dy bez zne\u010distenia podzemn\u00fdch v\u00f4d.<\/p>\n<p><strong><img decoding=\"async\" style=\"margin-right: 12px;\" src=\"https:\/\/www.ferberpainting.com\/wp-content\/uploads\/2026\/02\/Check.svg\" alt=\"\" width=\"18\" height=\"15\" \/>R\u00fdchla a jednoduch\u00e1 aplik\u00e1cia.<\/strong>\u00a0Odpor\u00fa\u010dan\u00fa d\u00e1vku jednoducho zmie\u0161ajte s vodou a roztok aplikujte zalievan\u00edm alebo postrekom. Jeho r\u00fdchla absorpcia umo\u017e\u0148uje okam\u017eit\u00e9 p\u00f4sobenie na rastlinu a zaru\u010duje vidite\u013en\u00e9 v\u00fdsledky u\u017e v prv\u00fdch t\u00fd\u017ed\u0148och.<\/p>\n<p><strong><img decoding=\"async\" style=\"margin-right: 12px;\" src=\"https:\/\/www.ferberpainting.com\/wp-content\/uploads\/2026\/02\/Check.svg\" alt=\"\" width=\"18\" height=\"15\" \/>Trvanliv\u00e9 a v\u0161estrann\u00e9 hnojivo.<\/strong>\u00a0Okrem toho, \u017ee je na\u0161e hnojivo \u00fa\u010dinn\u00e9 pre v\u0161etky plodiny, je navrhnut\u00e9 na postupn\u00e9 a vyv\u00e1\u017een\u00e9 hnojenie, ktor\u00e9 zabezpe\u010duje stabiln\u00fd rast bez rizika sp\u00e1lenia kore\u0148ov alebo pre\u0165a\u017eenia \u017eivinami. Jeho kvapaln\u00e9 zlo\u017eenie umo\u017e\u0148uje dokonal\u00fa homogenitu, \u010d\u00edm sa predch\u00e1dza hromadeniu miner\u00e1lov v p\u00f4de.<\/p>\n<p><strong><img decoding=\"async\" style=\"margin-right: 12px;\" src=\"https:\/\/www.ferberpainting.com\/wp-content\/uploads\/2026\/02\/Check.svg\" alt=\"\" width=\"18\" height=\"15\" \/>R\u00fdchle vidite\u013en\u00e9 v\u00fdsledky.<\/strong>\u00a0U\u017e v prv\u00fdch d\u0148och po aplik\u00e1cii m\u00f4\u017eete pozorova\u0165 zlep\u0161enie farby listov, r\u00fdchlej\u0161\u00ed rast a lep\u0161iu odolnos\u0165 vo\u010di vodn\u00e9mu stresu. Dus\u00edk zvy\u0161uje produkciu chlorofylu, a t\u00fdm podporuje fotosynt\u00e9zu, zatia\u013e \u010do fosfor podporuje zakore\u0148ovanie a kvitnutie. Pokia\u013e ide o drasl\u00edk, posil\u0148uje prirodzen\u00fa obranyschopnos\u0165 rastliny a zlep\u0161uje odolnos\u0165 vo\u010di extr\u00e9mnym poveternostn\u00fdm podmienkam.<\/p>\n<p><strong><img decoding=\"async\" style=\"margin-right: 12px;\" src=\"https:\/\/www.ferberpainting.com\/wp-content\/uploads\/2026\/02\/Check.svg\" alt=\"\" width=\"18\" height=\"15\" \/>Hnojivo vhodn\u00e9 pre v\u0161etky rastov\u00e9 f\u00e1zy.<\/strong>\u00a0V\u010faka vyv\u00e1\u017een\u00e9mu nutri\u010dn\u00e9mu profilu sa toto hnojivo m\u00f4\u017ee pou\u017e\u00edva\u0165 po\u010das cel\u00e9ho \u017eivotn\u00e9ho cyklu rastliny, od vegetat\u00edvneho rastu a\u017e po kvitnutie a tvorbu plodov. Optimalizuje v\u00fdvoj listov a stoniek, \u010doho v\u00fdsledkom je rastlina s bohat\u00fdm kvitnut\u00edm a lep\u0161\u00edmi v\u00fdnosmi.<\/p>\n<h2><strong>Protokol o pou\u017e\u00edvan\u00ed<\/strong><\/h2>\n<p><strong>Obdobie pod\u00e1vania \u017eiadost\u00ed <\/strong>: Hnojivo pou\u017e\u00edvajte po\u010das celej f\u00e1zy akt\u00edvneho rastu, od jari do jesene. Ak rastlina vst\u00fapi do vegeta\u010dn\u00e9ho pokoja, zn\u00ed\u017ete po\u010det aplik\u00e1ci\u00ed v zime.<\/p>\n<p><strong>Pr\u00edprava roztoku <\/strong>: Zrie\u010fte 5 ml hnojiva v 1 litri vody, aby ste z\u00edskali homog\u00e9nny roztok, ktor\u00fd rastliny \u013eahko absorbuj\u00fa.<\/p>\n<p><strong>Sp\u00f4sob aplik\u00e1cie <\/strong>:<\/p>\n<ul>\n<li><strong>Zalievanie pri b\u00e1ze rastl\u00edn <\/strong>: Zalievajte priamo pri l\u00edmci a kore\u0148och, aby sa optim\u00e1lne vstreb\u00e1vali.<\/li>\n<li><strong>Postrek listov <\/strong>: Z\u013eahka postriekajte listy a stonky, aby sa r\u00fdchlo a rovnomerne vstrebali.<\/li>\n<\/ul>\n<p><strong>Frekvencia aplik\u00e1cie <\/strong>:<\/p>\n<ul>\n<li><strong>Akt\u00edvne pestovanie plod\u00edn <\/strong>: Aplikujte ka\u017ed\u00e9 dva t\u00fd\u017edne, aby ste zaistili nepretr\u017eit\u00fd a rovnomern\u00fd rast.<\/li>\n<li><strong>Dospel\u00e9 a udr\u017eiavan\u00e9 rastliny <\/strong>: Na udr\u017eanie trval\u00e9ho a vyv\u00e1\u017een\u00e9ho rastu sta\u010d\u00ed jedna aplik\u00e1cia ka\u017ed\u00e9 3 a\u017e 4 t\u00fd\u017edne.<\/li>\n<\/ul>\n<p><strong>Bezpe\u010dnostn\u00e9 opatrenia pri pou\u017e\u00edvan\u00ed <\/strong>:<\/p>\n<ul>\n<li>Nepred\u00e1vkujte, preto\u017ee nadbytok hnojiva m\u00f4\u017ee oslabi\u0165 rastlinn\u00e9 tkaniv\u00e1 a naru\u0161i\u0165 rovnov\u00e1hu rastliny.<\/li>\n<li>Vyhnite sa aplik\u00e1cii po\u010das najv\u00e4\u010d\u0161\u00edch hor\u00fa\u010dav alebo na plnom slnku a uprednostnite aplik\u00e1ciu r\u00e1no alebo neskoro popoludn\u00ed.<\/li>\n<\/ul>\n<p>V\u010faka tomuto siln\u00e9mu a vyv\u00e1\u017een\u00e9mu hnojivu bud\u00fa va\u0161e rastliny profitova\u0165 z kompletnej a prisp\u00f4sobenej v\u00fd\u017eivy, ktor\u00e1 zabezpe\u010d\u00ed r\u00fdchly rast, zv\u00fd\u0161en\u00fa odolnos\u0165 a svie\u017ee olistenie.<\/p>","protected":false},"excerpt":{"rendered":"<p>A powerful fertilizer for optimal growth.\u00a0Our growth fertilizer is specially designed to stimulate rapid plant development by providing a perfect balance of nitrogen, phosphorus, and potassium (NPK 15-15-15). This complete formula promotes vigorous growth, strong rooting, and increased resistance to disease and environmental stress. Money-back guarantee.\u00a0We are confident in the effectiveness of our fertilizers and [&hellip;]<\/p>\n","protected":false},"featured_media":26020,"comment_status":"open","ping_status":"closed","template":"","meta":{"_uag_custom_page_level_css":"","site-sidebar-layout":"default","site-content-layout":"","ast-site-content-layout":"default","site-content-style":"default","site-sidebar-style":"default","ast-global-header-display":"","ast-banner-title-visibility":"","ast-main-header-display":"","ast-hfb-above-header-display":"","ast-hfb-below-header-display":"","ast-hfb-mobile-header-display":"","site-post-title":"","ast-breadcrumbs-content":"","ast-featured-img":"","footer-sml-layout":"","ast-disable-related-posts":"","theme-transparent-header-meta":"default","adv-header-id-meta":"","stick-header-meta":"","header-above-stick-meta":"","header-main-stick-meta":"","header-below-stick-meta":"","astra-migrate-meta-layouts":"set","ast-page-background-enabled":"default","ast-page-background-meta":{"desktop":{"background-color":"var(--ast-global-color-4)","background-image":"","background-repeat":"repeat","background-position":"center center","background-size":"auto","background-attachment":"scroll","background-type":"","background-media":"","overlay-type":"","overlay-color":"","overlay-opacity":"","overlay-gradient":""},"tablet":{"background-color":"","background-image":"","background-repeat":"repeat","background-position":"center center","background-size":"auto","background-attachment":"scroll","background-type":"","background-media":"","overlay-type":"","overlay-color":"","overlay-opacity":"","overlay-gradient":""},"mobile":{"background-color":"","background-image":"","background-repeat":"repeat","background-position":"center center","background-size":"auto","background-attachment":"scroll","background-type":"","background-media":"","overlay-type":"","overlay-color":"","overlay-opacity":"","overlay-gradient":""}},"ast-content-background-meta":{"desktop":{"background-color":"var(--ast-global-color-5)","background-image":"","background-repeat":"repeat","background-position":"center center","background-size":"auto","background-attachment":"scroll","background-type":"","background-media":"","overlay-type":"","overlay-color":"","overlay-opacity":"","overlay-gradient":""},"tablet":{"background-color":"var(--ast-global-color-5)","background-image":"","background-repeat":"repeat","background-position":"center center","background-size":"auto","background-attachment":"scroll","background-type":"","background-media":"","overlay-type":"","overlay-color":"","overlay-opacity":"","overlay-gradient":""},"mobile":{"background-color":"var(--ast-global-color-5)","background-image":"","background-repeat":"repeat","background-position":"center center","background-size":"auto","background-attachment":"scroll","background-type":"","background-media":"","overlay-type":"","overlay-color":"","overlay-opacity":"","overlay-gradient":""}}},"product_brand":[],"product_cat":[178],"product_tag":[],"class_list":{"0":"post-23520","1":"product","2":"type-product","3":"status-publish","4":"has-post-thumbnail","6":"product_cat-fertilizers","7":"desktop-align-left","8":"tablet-align-left","9":"mobile-align-left","11":"first","12":"instock","13":"sale","14":"taxable","15":"shipping-taxable","16":"purchasable","17":"product-type-variable","18":"has-default-attributes"},"spectra_custom_meta":{"_visibility":["visible"],"_shopify_product_id":["9073323540725"],"_s2w_shopify_domain":["ferberpainting.myshopify.com"],"_shopify_variant_id":["46524636397813"],"_sku":[""],"_manage_stock":["no"],"total_sales":["41"],"_tax_status":["taxable"],"_tax_class":[""],"_backorders":["no"],"_sold_individually":["no"],"_virtual":["no"],"_downloadable":["no"],"_download_limit":["-1"],"_download_expiry":["-1"],"_stock":[null],"_stock_status":["instock"],"_wc_average_rating":["4.57"],"_wc_review_count":["7"],"_product_attributes":["a:1:{s:6:\"volume\";a:6:{s:4:\"name\";s:6:\"Volume\";s:5:\"value\";s:20:\"5 liters | 25 liters\";s:8:\"position\";i:1;s:10:\"is_visible\";i:0;s:12:\"is_variation\";i:1;s:11:\"is_taxonomy\";i:0;}}"],"_product_version":["10.5.1"],"_thumbnail_id":["26020"],"_product_image_gallery":["26021"],"wpse_downloadable_file_names":[""],"wpse_downloadable_file_urls":[""],"_edit_last":["1"],"_default_attributes":["a:1:{s:6:\"volume\";s:8:\"5 liters\";}"],"_edit_lock":["1771179118:1"],"_price":["29.90","129.90"],"merchant-center-availability":["yes"],"merchant-center-category":["113"],"_wp_page_template":["default"],"site-sidebar-layout":["default"],"ast-site-content-layout":["default"],"site-content-style":["default"],"site-sidebar-style":["default"],"theme-transparent-header-meta":["default"],"_wc_rating_count":["a:2:{i:4;i:3;i:5;i:4;}"],"astra-migrate-meta-layouts":["set"],"_uag_css_file_name":["uag-css-23520.css"],"_elementor_page_assets":["a:0:{}"],"_uag_page_assets":["a:9:{s:3:\"css\";s:7133:\".uag-blocks-common-selector{z-index:var(--z-index-desktop) !important}@media(max-width: 976px){.uag-blocks-common-selector{z-index:var(--z-index-tablet) !important}}@media(max-width: 767px){.uag-blocks-common-selector{z-index:var(--z-index-mobile) !important}}.wp-block-uagb-image{display:flex}.wp-block-uagb-image__figure{position:relative;display:flex;flex-direction:column;max-width:100%;height:auto;margin:0}.wp-block-uagb-image__figure img{height:auto;display:flex;max-width:100%;transition:box-shadow .2s ease}.wp-block-uagb-image__figure>a{display:inline-block}.wp-block-uagb-image__figure figcaption{text-align:center;margin-top:.5em;margin-bottom:1em}.wp-block-uagb-image .components-placeholder.block-editor-media-placeholder .components-placeholder__instructions{align-self:center}.wp-block-uagb-image--align-left{text-align:left}.wp-block-uagb-image--align-right{text-align:right}.wp-block-uagb-image--align-center{text-align:center}.wp-block-uagb-image--align-full .wp-block-uagb-image__figure{margin-left:calc(50% - 50vw);margin-right:calc(50% - 50vw);max-width:100vw;width:100vw;height:auto}.wp-block-uagb-image--align-full .wp-block-uagb-image__figure img{height:auto;width:100% !important}.wp-block-uagb-image--align-wide .wp-block-uagb-image__figure img{height:auto;width:100%}.wp-block-uagb-image--layout-overlay__color-wrapper{position:absolute;left:0;top:0;right:0;bottom:0;opacity:.2;background:rgba(0,0,0,.5);transition:opacity .35s ease-in-out}.wp-block-uagb-image--layout-overlay-link{position:absolute;left:0;right:0;bottom:0;top:0}.wp-block-uagb-image--layout-overlay .wp-block-uagb-image__figure:hover .wp-block-uagb-image--layout-overlay__color-wrapper{opacity:1}.wp-block-uagb-image--layout-overlay__inner{position:absolute;left:15px;right:15px;bottom:15px;top:15px;display:flex;align-items:center;justify-content:center;flex-direction:column;border-color:#fff;transition:.35s ease-in-out}.wp-block-uagb-image--layout-overlay__inner.top-left,.wp-block-uagb-image--layout-overlay__inner.top-center,.wp-block-uagb-image--layout-overlay__inner.top-right{justify-content:flex-start}.wp-block-uagb-image--layout-overlay__inner.bottom-left,.wp-block-uagb-image--layout-overlay__inner.bottom-center,.wp-block-uagb-image--layout-overlay__inner.bottom-right{justify-content:flex-end}.wp-block-uagb-image--layout-overlay__inner.top-left,.wp-block-uagb-image--layout-overlay__inner.center-left,.wp-block-uagb-image--layout-overlay__inner.bottom-left{align-items:flex-start}.wp-block-uagb-image--layout-overlay__inner.top-right,.wp-block-uagb-image--layout-overlay__inner.center-right,.wp-block-uagb-image--layout-overlay__inner.bottom-right{align-items:flex-end}.wp-block-uagb-image--layout-overlay__inner .uagb-image-heading{color:#fff;transition:transform .35s,opacity .35s ease-in-out;transform:translate3d(0, 24px, 0);margin:0;line-height:1em}.wp-block-uagb-image--layout-overlay__inner .uagb-image-separator{width:30%;border-top-width:2px;border-top-color:#fff;border-top-style:solid;margin-bottom:10px;opacity:0;transition:transform .4s,opacity .4s ease-in-out;transform:translate3d(0, 30px, 0)}.wp-block-uagb-image--layout-overlay__inner .uagb-image-caption{opacity:0;overflow:visible;color:#fff;transition:transform .45s,opacity .45s ease-in-out;transform:translate3d(0, 35px, 0)}.wp-block-uagb-image--layout-overlay__inner:hover .uagb-image-heading,.wp-block-uagb-image--layout-overlay__inner:hover .uagb-image-separator,.wp-block-uagb-image--layout-overlay__inner:hover .uagb-image-caption{opacity:1;transform:translate3d(0, 0, 0)}.wp-block-uagb-image--effect-zoomin .wp-block-uagb-image__figure img,.wp-block-uagb-image--effect-zoomin .wp-block-uagb-image__figure .wp-block-uagb-image--layout-overlay__color-wrapper{transform:scale(1);transition:transform .35s ease-in-out}.wp-block-uagb-image--effect-zoomin .wp-block-uagb-image__figure:hover img,.wp-block-uagb-image--effect-zoomin .wp-block-uagb-image__figure:hover .wp-block-uagb-image--layout-overlay__color-wrapper{transform:scale(1.05)}.wp-block-uagb-image--effect-slide .wp-block-uagb-image__figure img,.wp-block-uagb-image--effect-slide .wp-block-uagb-image__figure .wp-block-uagb-image--layout-overlay__color-wrapper{width:calc(100% + 40px) !important;max-width:none !important;transform:translate3d(-40px, 0, 0);transition:transform .35s ease-in-out}.wp-block-uagb-image--effect-slide .wp-block-uagb-image__figure:hover img,.wp-block-uagb-image--effect-slide .wp-block-uagb-image__figure:hover .wp-block-uagb-image--layout-overlay__color-wrapper{transform:translate3d(0, 0, 0)}.wp-block-uagb-image--effect-grayscale img{filter:grayscale(0%);transition:.35s ease-in-out}.wp-block-uagb-image--effect-grayscale:hover img{filter:grayscale(100%)}.wp-block-uagb-image--effect-blur img{filter:blur(0);transition:.35s ease-in-out}.wp-block-uagb-image--effect-blur:hover img{filter:blur(3px)}.uagb-block-e6f939b3.wp-block-uagb-image--layout-default figure img{box-shadow: 0px 0px 0 #00000070;}.uagb-block-e6f939b3.wp-block-uagb-image .wp-block-uagb-image__figure figcaption{font-style: normal;align-self: center;}.uagb-block-e6f939b3.wp-block-uagb-image--layout-overlay figure img{box-shadow: 0px 0px 0 #00000070;}.uagb-block-e6f939b3.wp-block-uagb-image--layout-overlay .wp-block-uagb-image--layout-overlay__color-wrapper{opacity: 0.2;}.uagb-block-e6f939b3.wp-block-uagb-image--layout-overlay .wp-block-uagb-image--layout-overlay__inner{left: 15px;right: 15px;top: 15px;bottom: 15px;}.uagb-block-e6f939b3.wp-block-uagb-image--layout-overlay .wp-block-uagb-image--layout-overlay__inner .uagb-image-heading{font-style: normal;color: #fff;opacity: 1;}.uagb-block-e6f939b3.wp-block-uagb-image--layout-overlay .wp-block-uagb-image--layout-overlay__inner .uagb-image-heading a{color: #fff;}.uagb-block-e6f939b3.wp-block-uagb-image--layout-overlay .wp-block-uagb-image--layout-overlay__inner .uagb-image-caption{opacity: 0;}.uagb-block-e6f939b3.wp-block-uagb-image--layout-overlay .wp-block-uagb-image__figure:hover .wp-block-uagb-image--layout-overlay__color-wrapper{opacity: 1;}.uagb-block-e6f939b3.wp-block-uagb-image .wp-block-uagb-image--layout-overlay__inner .uagb-image-separator{width: 30%;border-top-width: 2px;border-top-color: #fff;opacity: 0;}.uagb-block-e6f939b3.wp-block-uagb-image .wp-block-uagb-image__figure img{width: px;height: auto;}.uagb-block-e6f939b3.wp-block-uagb-image .wp-block-uagb-image__figure:hover .wp-block-uagb-image--layout-overlay__inner .uagb-image-caption{opacity: 1;}.uagb-block-e6f939b3.wp-block-uagb-image .wp-block-uagb-image__figure:hover .wp-block-uagb-image--layout-overlay__inner .uagb-image-separator{opacity: 1;}.uagb-block-e6f939b3.wp-block-uagb-image--layout-default figure:hover img{box-shadow: 0px 0px 0 #00000070;}.uagb-block-e6f939b3.wp-block-uagb-image--layout-overlay figure:hover img{box-shadow: 0px 0px 0 #00000070;}@media only screen and (max-width: 976px) {.uagb-block-e6f939b3.wp-block-uagb-image .wp-block-uagb-image__figure img{width: px;height: auto;}}@media only screen and (max-width: 767px) {.uagb-block-e6f939b3.wp-block-uagb-image .wp-block-uagb-image__figure img{width: px;height: auto;}}\";s:2:\"js\";s:0:\"\";s:18:\"current_block_list\";a:13:{i:0;s:11:\"core\/search\";i:1;s:10:\"core\/group\";i:2;s:12:\"core\/heading\";i:3;s:17:\"core\/latest-posts\";i:4;s:20:\"core\/latest-comments\";i:5;s:13:\"core\/archives\";i:6;s:15:\"core\/categories\";i:7;s:14:\"core\/paragraph\";i:8;s:10:\"uagb\/image\";i:9;s:11:\"core\/spacer\";i:10;s:30:\"woocommerce\/product-categories\";i:11;s:10:\"core\/image\";i:12;s:14:\"core\/shortcode\";}s:8:\"uag_flag\";b:1;s:11:\"uag_version\";s:10:\"1777330538\";s:6:\"gfonts\";a:0:{}s:10:\"gfonts_url\";s:0:\"\";s:12:\"gfonts_files\";a:0:{}s:14:\"uag_faq_layout\";b:0;}"]},"uagb_featured_image_src":{"full":["https:\/\/www.ferberpainting.com\/wp-content\/uploads\/2025\/05\/GrowthFertilizer5L.png",2560,2560,false],"thumbnail":["https:\/\/www.ferberpainting.com\/wp-content\/uploads\/2025\/05\/GrowthFertilizer5L-150x150.png",150,150,true],"medium":["https:\/\/www.ferberpainting.com\/wp-content\/uploads\/2025\/05\/GrowthFertilizer5L-300x300.png",300,300,true],"medium_large":["https:\/\/www.ferberpainting.com\/wp-content\/uploads\/2025\/05\/GrowthFertilizer5L-768x768.png",768,768,true],"large":["https:\/\/www.ferberpainting.com\/wp-content\/uploads\/2025\/05\/GrowthFertilizer5L-1024x1024.png",1024,1024,true],"1536x1536":["https:\/\/www.ferberpainting.com\/wp-content\/uploads\/2025\/05\/GrowthFertilizer5L-1536x1536.png",1536,1536,true],"2048x2048":["https:\/\/www.ferberpainting.com\/wp-content\/uploads\/2025\/05\/GrowthFertilizer5L-2048x2048.png",2048,2048,true],"trp-custom-language-flag":["https:\/\/www.ferberpainting.com\/wp-content\/uploads\/2025\/05\/GrowthFertilizer5L-12x12.png",12,12,true],"woocommerce_thumbnail":["https:\/\/www.ferberpainting.com\/wp-content\/uploads\/2025\/05\/GrowthFertilizer5L-300x300.png",300,300,true],"woocommerce_single":["https:\/\/www.ferberpainting.com\/wp-content\/uploads\/2025\/05\/GrowthFertilizer5L-600x600.png",600,600,true],"woocommerce_gallery_thumbnail":["https:\/\/www.ferberpainting.com\/wp-content\/uploads\/2025\/05\/GrowthFertilizer5L-100x100.png",100,100,true]},"uagb_author_info":{"display_name":"admin","author_link":"https:\/\/www.ferberpainting.com\/sk\/author\/"},"uagb_comment_info":7,"uagb_excerpt":"A powerful fertilizer for optimal growth.\u00a0Our growth fertilizer is specially designed to stimulate rapid plant development by providing a perfect balance of nitrogen, phosphorus, and potassium (NPK 15-15-15). This complete formula promotes vigorous growth, strong rooting, and increased resistance to disease and environmental stress. Money-back guarantee.\u00a0We are confident in the effectiveness of our fertilizers and&hellip;","_links":{"self":[{"href":"https:\/\/www.ferberpainting.com\/sk\/wp-json\/wp\/v2\/product\/23520","targetHints":{"allow":["GET"]}}],"collection":[{"href":"https:\/\/www.ferberpainting.com\/sk\/wp-json\/wp\/v2\/product"}],"about":[{"href":"https:\/\/www.ferberpainting.com\/sk\/wp-json\/wp\/v2\/types\/product"}],"replies":[{"embeddable":true,"href":"https:\/\/www.ferberpainting.com\/sk\/wp-json\/wp\/v2\/comments?post=23520"}],"version-history":[{"count":4,"href":"https:\/\/www.ferberpainting.com\/sk\/wp-json\/wp\/v2\/product\/23520\/revisions"}],"predecessor-version":[{"id":166349,"href":"https:\/\/www.ferberpainting.com\/sk\/wp-json\/wp\/v2\/product\/23520\/revisions\/166349"}],"wp:featuredmedia":[{"embeddable":true,"href":"https:\/\/www.ferberpainting.com\/sk\/wp-json\/wp\/v2\/media\/26020"}],"wp:attachment":[{"href":"https:\/\/www.ferberpainting.com\/sk\/wp-json\/wp\/v2\/media?parent=23520"}],"wp:term":[{"taxonomy":"product_brand","embeddable":true,"href":"https:\/\/www.ferberpainting.com\/sk\/wp-json\/wp\/v2\/product_brand?post=23520"},{"taxonomy":"product_cat","embeddable":true,"href":"https:\/\/www.ferberpainting.com\/sk\/wp-json\/wp\/v2\/product_cat?post=23520"},{"taxonomy":"product_tag","embeddable":true,"href":"https:\/\/www.ferberpainting.com\/sk\/wp-json\/wp\/v2\/product_tag?post=23520"}],"curies":[{"name":"wp","href":"https:\/\/api.w.org\/{rel}","templated":true}]}}