{"id":23462,"date":"2025-05-26T10:24:13","date_gmt":"2025-05-26T08:24:13","guid":{"rendered":"https:\/\/www.ferberpainting.com\/products\/flower-fertilizer\/"},"modified":"2026-02-15T14:13:14","modified_gmt":"2026-02-15T13:13:14","slug":"flower-fertilizer","status":"publish","type":"product","link":"https:\/\/www.ferberpainting.com\/sk\/products\/flower-fertilizer\/","title":{"rendered":"Hnojivo na kvety"},"content":{"rendered":"<p><img decoding=\"async\" style=\"margin-right: 12px;\" src=\"https:\/\/www.ferberpainting.com\/wp-content\/uploads\/2026\/02\/Check.svg\" alt=\"\" width=\"18\" height=\"15\" \/><strong>Kompletn\u00e9 hnojivo pre \u017eiariv\u00e9 a dlhotrvaj\u00face kvety.<\/strong>\u00a0Hnojivo na kvety je \u0161peci\u00e1lne navrhnut\u00e9 na stimul\u00e1ciu rastu a kvitnutia v\u0161etk\u00fdch kvitn\u00facich rastl\u00edn. V\u010faka vyv\u00e1\u017een\u00e9mu zlo\u017eeniu NPK 15-15-15 poskytuje va\u0161im rastlin\u00e1m z\u00e1kladn\u00e9 \u017eiviny pre optim\u00e1lny v\u00fdvoj, bohat\u00e9 kvitnutie a \u017eiariv\u00e9 farby. \u010ci u\u017e ide o letni\u010dky, trvalky, rastliny v kvetin\u00e1\u010doch alebo vo vo\u013enej p\u00f4de, toto hnojivo zabezpe\u010duje pred\u013a\u017een\u00e9 kvitnutie a posilnenie zdravia rastl\u00edn.<\/p>\n<p><img decoding=\"async\" style=\"margin-right: 12px;\" src=\"https:\/\/www.ferberpainting.com\/wp-content\/uploads\/2026\/02\/Check.svg\" alt=\"\" width=\"18\" height=\"15\" \/><strong>Z\u00e1ruka vr\u00e1tenia pe\u0148az\u00ed.<\/strong>\u00a0Sme plne presved\u010den\u00ed o \u00fa\u010dinnosti n\u00e1\u0161ho hnojiva na kvety. Ak teda napriek spr\u00e1vnemu pou\u017e\u00edvaniu nezaznamen\u00e1te \u017eiadne vidite\u013en\u00e9 zlep\u0161enie stavu va\u0161ich rastl\u00edn, bez ak\u00fdchko\u013evek ot\u00e1zok v\u00e1m vr\u00e1time peniaze v plnej v\u00fd\u0161ke.<\/p>\n<p><img decoding=\"async\" style=\"margin-right: 12px;\" src=\"https:\/\/www.ferberpainting.com\/wp-content\/uploads\/2026\/02\/Check.svg\" alt=\"\" width=\"18\" height=\"15\" \/><strong>Kompatibiln\u00fd so v\u0161etk\u00fdmi typmi p\u00f4dy a pestovate\u013esk\u00fdmi m\u00e9diami.<\/strong>\u00a0Toto hnojivo je univerz\u00e1lne a \u00fa\u010dinn\u00e9 na r\u00f4znych substr\u00e1toch vr\u00e1tane \u00edlovit\u00fdch, pies\u010dit\u00fdch, v\u00e1penat\u00fdch a na humus bohat\u00fdch p\u00f4d. Prisp\u00f4sob\u00ed sa aj pestovaniu v n\u00e1dob\u00e1ch, kvetin\u00e1\u010doch, z\u00e1hradn\u00fdch z\u00e1honoch, na vo\u013enom priestranstve a dokonca aj v hydrop\u00f3nii. Jeho p\u00f4sobenie je optim\u00e1lne na v\u0161etky druhy kvetov, \u010di u\u017e v interi\u00e9ri, exteri\u00e9ri alebo v sklen\u00edku.<\/p>\n<p><img decoding=\"async\" style=\"margin-right: 12px;\" src=\"https:\/\/www.ferberpainting.com\/wp-content\/uploads\/2026\/02\/Check.svg\" alt=\"\" width=\"18\" height=\"15\" \/><strong>V\u00fdnimo\u010dn\u00fd v\u00fdnos a n\u00e1kladov\u00e1 efekt\u00edvnos\u0165.<\/strong>\u00a0V\u010faka vysoko koncentrovan\u00e9mu zlo\u017eeniu sta\u010d\u00ed 5 ml hnojiva na pr\u00edpravu a\u017e 1000 litrov \u017eivn\u00e9ho roztoku, \u010do sta\u010d\u00ed na pokrytie ve\u013ek\u00e9ho po\u010dtu rastl\u00edn. Na \u00fa\u010dinn\u00e9 hnojenie sta\u010d\u00ed iba 5 ml zrieden\u00e9ho hnojiva na 1 liter vody, \u010do zaru\u010duje dlhodob\u00e9 pou\u017e\u00edvanie a vynikaj\u00faci pomer ceny a kvality.<\/p>\n<p><img decoding=\"async\" style=\"margin-right: 12px;\" src=\"https:\/\/www.ferberpainting.com\/wp-content\/uploads\/2026\/02\/Check.svg\" alt=\"\" width=\"18\" height=\"15\" \/><strong>Ekologick\u00e9 a bezpe\u010dn\u00e9 hnojivo.<\/strong>\u00a0Toto hnojivo neobsahuje \u0161kodliv\u00e9 pr\u00edsady, je 100% biologicky odb\u00farate\u013en\u00e9 a netoxick\u00e9. Nezne\u010dis\u0165uje p\u00f4du, podzemn\u00e9 vody ani ovzdu\u0161ie, \u010do z neho rob\u00ed ide\u00e1lnu vo\u013ebu pre ekologicky uvedomel\u00fa a zodpovedn\u00fa kult\u00faru. Okrem toho stimuluje \u010dinnos\u0165 prospe\u0161n\u00fdch p\u00f4dnych mikroorganizmov, \u010d\u00edm zlep\u0161uje \u0161trukt\u00faru p\u00f4dy a zvy\u0161uje pr\u00edjem \u017eiv\u00edn rastlinami.<\/p>\n<p><img decoding=\"async\" style=\"margin-right: 12px;\" src=\"https:\/\/www.ferberpainting.com\/wp-content\/uploads\/2026\/02\/Check.svg\" alt=\"\" width=\"18\" height=\"15\" \/><strong>Okam\u017eit\u00fd \u00fa\u010dinok a optim\u00e1lna asimil\u00e1cia.<\/strong>\u00a0\u010ci u\u017e maj\u00fa va\u0161e rastliny probl\u00e9my s prij\u00edman\u00edm \u017eiv\u00edn v d\u00f4sledku po\u0161kodenia kore\u0148ov alebo zl\u00fdch p\u00f4dnych podmienok, toto tekut\u00e9 hnojivo sa okam\u017eite rozp\u00fa\u0161\u0165a vo vode, \u010d\u00edm zabezpe\u010duje rovnomern\u00fa distrib\u00faciu a r\u00fdchlu absorpciu rastlinami. \u013dahko sa odmeriava, bez rizika pred\u00e1vkovania alebo po\u0161kodenia pou\u017e\u00edvate\u013ea.<\/p>\n<p><img decoding=\"async\" style=\"margin-right: 12px;\" src=\"https:\/\/www.ferberpainting.com\/wp-content\/uploads\/2026\/02\/Check.svg\" alt=\"\" width=\"18\" height=\"15\" \/><strong>Postupn\u00e9 p\u00f4sobenie a trval\u00e9 \u00fa\u010dinky.<\/strong>\u00a0V\u010faka svojmu vyv\u00e1\u017een\u00e9mu zlo\u017eeniu toto hnojivo postupne uvo\u013e\u0148uje d\u00f4le\u017eit\u00e9 \u017eiviny, \u010d\u00edm zabezpe\u010duje nepretr\u017eit\u00fd rast a pred\u013a\u017eenie kvitnutia. Pom\u00e1ha posilni\u0165 rastliny proti chorob\u00e1m, \u0161kodcom a nepriazniv\u00fdm klimatick\u00fdm podmienkam, \u010d\u00edm zabezpe\u010duje siln\u00e9 a \u017eiv\u00e9 kvitnutie po\u010das celej sez\u00f3ny.<\/p>\n<p><img decoding=\"async\" style=\"margin-right: 12px;\" src=\"https:\/\/www.ferberpainting.com\/wp-content\/uploads\/2026\/02\/Check.svg\" alt=\"\" width=\"18\" height=\"15\" \/><strong>Vidite\u013en\u00e9 v\u00fdsledky u\u017e po nieko\u013ek\u00fdch d\u0148och.<\/strong>\u00a0U\u017e po prv\u00fdch aplik\u00e1ci\u00e1ch sa rastliny vyzna\u010duj\u00fa intenz\u00edvnej\u0161\u00edm vyfarben\u00edm, lep\u0161ou vitalitou a harmonick\u00fdm rastom. Dus\u00edk podporuje vyv\u00e1\u017een\u00fd rast listov, fosfor stimuluje tvorbu nov\u00fdch kvetn\u00fdch pukov a drasl\u00edk zlep\u0161uje odolnos\u0165 a kvalitu kvetov.<\/p>\n<p><img decoding=\"async\" style=\"margin-right: 12px;\" src=\"https:\/\/www.ferberpainting.com\/wp-content\/uploads\/2026\/02\/Check.svg\" alt=\"\" width=\"18\" height=\"15\" \/><strong>Vhodn\u00e9 pre v\u0161etky kvitn\u00face rastliny.<\/strong>\u00a0Toto hnojivo je ide\u00e1lne pre ru\u017ee, mu\u0161k\u00e1ty, beg\u00f3nie, georg\u00edny, pet\u00fanie, orchidey, levandule, ibi\u0161tek, \u013ealie a v\u0161etky kvitn\u00face rastliny, \u010di u\u017e pestovan\u00e9 v interi\u00e9ri, na balk\u00f3ne alebo v z\u00e1hrade. Je vhodn\u00fd aj pre tropick\u00e9 rastliny, rezan\u00e9 kvety a dlhokvet\u00e9 kr\u00edky.<\/p>\n<h2><strong>Protokol o pou\u017e\u00edvan\u00ed<\/strong><\/h2>\n<ul>\n<li><strong>Obdobie pod\u00e1vania \u017eiadost\u00ed <\/strong>: Hnojenie na jar a\u017e do konca leta, \u010do je ide\u00e1lne obdobie na stimul\u00e1ciu kvitnutia. V pr\u00edpade izbov\u00fdch rastl\u00edn a rastl\u00edn kvitn\u00facich v zime sa odpor\u00fa\u010da celoro\u010dn\u00e9 prisp\u00f4soben\u00e9 hnojenie.<\/li>\n<li><strong>Pr\u00edprava roztoku <\/strong>: Zrie\u010fte 5 ml hnojiva v 1 litri vody, aby ste z\u00edskali \u00fa\u010dinn\u00fd a vyv\u00e1\u017een\u00fd \u017eivn\u00fd roztok.<\/li>\n<li><strong>Met\u00f3dy aplik\u00e1cie <\/strong>:\n<ul>\n<li><strong>Zavla\u017eovanie p\u00f4dy <\/strong>: \u017divn\u00fd roztok nalejte priamo na p\u00f4du alebo substr\u00e1t, pri\u010dom dbajte na to, aby ste sa nedotkli kvetov.<\/li>\n<li><strong>Postrek listov <\/strong>: Z\u013eahka nastriekajte na listy, \u010do podporuje r\u00fdchle vstreb\u00e1vanie \u017eiv\u00edn.<\/li>\n<\/ul>\n<\/li>\n<li><strong>Frekvencia aplik\u00e1cie <\/strong>:\n<ul>\n<li><strong>Kvitn\u00face rastliny <\/strong>: Aplikujte ka\u017ed\u00fdch 10 a\u017e 15 dn\u00ed, aby ste udr\u017eali rovnomern\u00e9 kvitnutie.<\/li>\n<li><strong>\u00dadr\u017ebov\u00e9 z\u00e1vody<\/strong>: Hnojte ka\u017ed\u00e9 3 t\u00fd\u017edne, aby ste zachovali vitalitu a kr\u00e1su kvetov.<\/li>\n<\/ul>\n<\/li>\n<li><strong>Bezpe\u010dnostn\u00e9 opatrenia pri pou\u017e\u00edvan\u00ed <\/strong>:\n<ul>\n<li>Nepou\u017e\u00edvajte na plnom slnku alebo po\u010das hor\u00fa\u010dav, aby ste zabr\u00e1nili nadmern\u00e9mu odparovaniu \u017eiv\u00edn.<\/li>\n<li>Nepred\u00e1vkujte, preto\u017ee pr\u00edli\u0161 ve\u013ea hnojiva m\u00f4\u017ee podpori\u0165 nadmern\u00fd rast listov na \u00fakor kvetov.<\/li>\n<\/ul>\n<\/li>\n<\/ul>\n<p>S na\u0161\u00edm hnojivom na kvety poskytnete svojim rastlin\u00e1m v\u00fdnimo\u010dn\u00e9, dlhotrvaj\u00face a \u017eiariv\u00e9 kvitnutie po cel\u00fd rok.<\/p>","protected":false},"excerpt":{"rendered":"<p>A complete fertilizer for vibrant and long-lasting blooms.\u00a0The flower fertilizer is specially designed to stimulate the growth and blooming of all flowering plants. Thanks to its balanced NPK 15-15-15 formula, it provides your plants with the essential nutrients for optimal development, abundant flowering and vibrant colors. Whether for annuals, perennials, in pots or in open [&hellip;]<\/p>\n","protected":false},"featured_media":25990,"comment_status":"open","ping_status":"closed","template":"","meta":{"_uag_custom_page_level_css":"","site-sidebar-layout":"default","site-content-layout":"","ast-site-content-layout":"default","site-content-style":"default","site-sidebar-style":"default","ast-global-header-display":"","ast-banner-title-visibility":"","ast-main-header-display":"","ast-hfb-above-header-display":"","ast-hfb-below-header-display":"","ast-hfb-mobile-header-display":"","site-post-title":"","ast-breadcrumbs-content":"","ast-featured-img":"","footer-sml-layout":"","ast-disable-related-posts":"","theme-transparent-header-meta":"default","adv-header-id-meta":"","stick-header-meta":"","header-above-stick-meta":"","header-main-stick-meta":"","header-below-stick-meta":"","astra-migrate-meta-layouts":"set","ast-page-background-enabled":"default","ast-page-background-meta":{"desktop":{"background-color":"var(--ast-global-color-4)","background-image":"","background-repeat":"repeat","background-position":"center center","background-size":"auto","background-attachment":"scroll","background-type":"","background-media":"","overlay-type":"","overlay-color":"","overlay-opacity":"","overlay-gradient":""},"tablet":{"background-color":"","background-image":"","background-repeat":"repeat","background-position":"center center","background-size":"auto","background-attachment":"scroll","background-type":"","background-media":"","overlay-type":"","overlay-color":"","overlay-opacity":"","overlay-gradient":""},"mobile":{"background-color":"","background-image":"","background-repeat":"repeat","background-position":"center center","background-size":"auto","background-attachment":"scroll","background-type":"","background-media":"","overlay-type":"","overlay-color":"","overlay-opacity":"","overlay-gradient":""}},"ast-content-background-meta":{"desktop":{"background-color":"var(--ast-global-color-5)","background-image":"","background-repeat":"repeat","background-position":"center center","background-size":"auto","background-attachment":"scroll","background-type":"","background-media":"","overlay-type":"","overlay-color":"","overlay-opacity":"","overlay-gradient":""},"tablet":{"background-color":"var(--ast-global-color-5)","background-image":"","background-repeat":"repeat","background-position":"center center","background-size":"auto","background-attachment":"scroll","background-type":"","background-media":"","overlay-type":"","overlay-color":"","overlay-opacity":"","overlay-gradient":""},"mobile":{"background-color":"var(--ast-global-color-5)","background-image":"","background-repeat":"repeat","background-position":"center center","background-size":"auto","background-attachment":"scroll","background-type":"","background-media":"","overlay-type":"","overlay-color":"","overlay-opacity":"","overlay-gradient":""}}},"product_brand":[],"product_cat":[178],"product_tag":[],"class_list":{"0":"post-23462","1":"product","2":"type-product","3":"status-publish","4":"has-post-thumbnail","6":"product_cat-fertilizers","7":"desktop-align-left","8":"tablet-align-left","9":"mobile-align-left","11":"first","12":"instock","13":"sale","14":"shipping-taxable","15":"purchasable","16":"product-type-variable","17":"has-default-attributes"},"spectra_custom_meta":{"_visibility":["visible"],"_shopify_product_id":["9077333065973"],"_s2w_shopify_domain":["ferberpainting.myshopify.com"],"_shopify_variant_id":["46537953870069"],"_sku":[""],"_manage_stock":["no"],"total_sales":["5"],"_tax_status":["taxable"],"_tax_class":[""],"_backorders":["no"],"_sold_individually":["no"],"_virtual":["no"],"_downloadable":["no"],"_download_limit":["-1"],"_download_expiry":["-1"],"_stock":[null],"_stock_status":["instock"],"_wc_average_rating":["4.71"],"_wc_review_count":["7"],"_product_attributes":["a:1:{s:6:\"volume\";a:6:{s:4:\"name\";s:6:\"Volume\";s:5:\"value\";s:20:\"5 liters | 25 liters\";s:8:\"position\";i:1;s:10:\"is_visible\";i:0;s:12:\"is_variation\";i:1;s:11:\"is_taxonomy\";i:0;}}"],"_product_version":["10.5.1"],"_thumbnail_id":["25990"],"_product_image_gallery":["25991"],"wpse_downloadable_file_names":[""],"wpse_downloadable_file_urls":[""],"_edit_last":["1"],"_default_attributes":["a:1:{s:6:\"volume\";s:8:\"5 liters\";}"],"_edit_lock":["1771161053:1"],"merchant-center-availability":["yes"],"merchant-center-category":["113"],"_price":["29.90","129.90"],"_wp_page_template":["default"],"site-sidebar-layout":["default"],"ast-site-content-layout":["default"],"site-content-style":["default"],"site-sidebar-style":["default"],"theme-transparent-header-meta":["default"],"_wc_rating_count":["a:2:{i:4;i:2;i:5;i:5;}"],"astra-migrate-meta-layouts":["set"],"_uag_css_file_name":["uag-css-23462.css"],"_elementor_page_assets":["a:0:{}"],"_uag_page_assets":["a:9:{s:3:\"css\";s:7133:\".uag-blocks-common-selector{z-index:var(--z-index-desktop) !important}@media(max-width: 976px){.uag-blocks-common-selector{z-index:var(--z-index-tablet) !important}}@media(max-width: 767px){.uag-blocks-common-selector{z-index:var(--z-index-mobile) !important}}.wp-block-uagb-image{display:flex}.wp-block-uagb-image__figure{position:relative;display:flex;flex-direction:column;max-width:100%;height:auto;margin:0}.wp-block-uagb-image__figure img{height:auto;display:flex;max-width:100%;transition:box-shadow .2s ease}.wp-block-uagb-image__figure>a{display:inline-block}.wp-block-uagb-image__figure figcaption{text-align:center;margin-top:.5em;margin-bottom:1em}.wp-block-uagb-image .components-placeholder.block-editor-media-placeholder .components-placeholder__instructions{align-self:center}.wp-block-uagb-image--align-left{text-align:left}.wp-block-uagb-image--align-right{text-align:right}.wp-block-uagb-image--align-center{text-align:center}.wp-block-uagb-image--align-full .wp-block-uagb-image__figure{margin-left:calc(50% - 50vw);margin-right:calc(50% - 50vw);max-width:100vw;width:100vw;height:auto}.wp-block-uagb-image--align-full .wp-block-uagb-image__figure img{height:auto;width:100% !important}.wp-block-uagb-image--align-wide .wp-block-uagb-image__figure img{height:auto;width:100%}.wp-block-uagb-image--layout-overlay__color-wrapper{position:absolute;left:0;top:0;right:0;bottom:0;opacity:.2;background:rgba(0,0,0,.5);transition:opacity .35s ease-in-out}.wp-block-uagb-image--layout-overlay-link{position:absolute;left:0;right:0;bottom:0;top:0}.wp-block-uagb-image--layout-overlay .wp-block-uagb-image__figure:hover .wp-block-uagb-image--layout-overlay__color-wrapper{opacity:1}.wp-block-uagb-image--layout-overlay__inner{position:absolute;left:15px;right:15px;bottom:15px;top:15px;display:flex;align-items:center;justify-content:center;flex-direction:column;border-color:#fff;transition:.35s ease-in-out}.wp-block-uagb-image--layout-overlay__inner.top-left,.wp-block-uagb-image--layout-overlay__inner.top-center,.wp-block-uagb-image--layout-overlay__inner.top-right{justify-content:flex-start}.wp-block-uagb-image--layout-overlay__inner.bottom-left,.wp-block-uagb-image--layout-overlay__inner.bottom-center,.wp-block-uagb-image--layout-overlay__inner.bottom-right{justify-content:flex-end}.wp-block-uagb-image--layout-overlay__inner.top-left,.wp-block-uagb-image--layout-overlay__inner.center-left,.wp-block-uagb-image--layout-overlay__inner.bottom-left{align-items:flex-start}.wp-block-uagb-image--layout-overlay__inner.top-right,.wp-block-uagb-image--layout-overlay__inner.center-right,.wp-block-uagb-image--layout-overlay__inner.bottom-right{align-items:flex-end}.wp-block-uagb-image--layout-overlay__inner .uagb-image-heading{color:#fff;transition:transform .35s,opacity .35s ease-in-out;transform:translate3d(0, 24px, 0);margin:0;line-height:1em}.wp-block-uagb-image--layout-overlay__inner .uagb-image-separator{width:30%;border-top-width:2px;border-top-color:#fff;border-top-style:solid;margin-bottom:10px;opacity:0;transition:transform .4s,opacity .4s ease-in-out;transform:translate3d(0, 30px, 0)}.wp-block-uagb-image--layout-overlay__inner .uagb-image-caption{opacity:0;overflow:visible;color:#fff;transition:transform .45s,opacity .45s ease-in-out;transform:translate3d(0, 35px, 0)}.wp-block-uagb-image--layout-overlay__inner:hover .uagb-image-heading,.wp-block-uagb-image--layout-overlay__inner:hover .uagb-image-separator,.wp-block-uagb-image--layout-overlay__inner:hover .uagb-image-caption{opacity:1;transform:translate3d(0, 0, 0)}.wp-block-uagb-image--effect-zoomin .wp-block-uagb-image__figure img,.wp-block-uagb-image--effect-zoomin .wp-block-uagb-image__figure .wp-block-uagb-image--layout-overlay__color-wrapper{transform:scale(1);transition:transform .35s ease-in-out}.wp-block-uagb-image--effect-zoomin .wp-block-uagb-image__figure:hover img,.wp-block-uagb-image--effect-zoomin .wp-block-uagb-image__figure:hover .wp-block-uagb-image--layout-overlay__color-wrapper{transform:scale(1.05)}.wp-block-uagb-image--effect-slide .wp-block-uagb-image__figure img,.wp-block-uagb-image--effect-slide .wp-block-uagb-image__figure .wp-block-uagb-image--layout-overlay__color-wrapper{width:calc(100% + 40px) !important;max-width:none !important;transform:translate3d(-40px, 0, 0);transition:transform .35s ease-in-out}.wp-block-uagb-image--effect-slide .wp-block-uagb-image__figure:hover img,.wp-block-uagb-image--effect-slide .wp-block-uagb-image__figure:hover .wp-block-uagb-image--layout-overlay__color-wrapper{transform:translate3d(0, 0, 0)}.wp-block-uagb-image--effect-grayscale img{filter:grayscale(0%);transition:.35s ease-in-out}.wp-block-uagb-image--effect-grayscale:hover img{filter:grayscale(100%)}.wp-block-uagb-image--effect-blur img{filter:blur(0);transition:.35s ease-in-out}.wp-block-uagb-image--effect-blur:hover img{filter:blur(3px)}.uagb-block-e6f939b3.wp-block-uagb-image--layout-default figure img{box-shadow: 0px 0px 0 #00000070;}.uagb-block-e6f939b3.wp-block-uagb-image .wp-block-uagb-image__figure figcaption{font-style: normal;align-self: center;}.uagb-block-e6f939b3.wp-block-uagb-image--layout-overlay figure img{box-shadow: 0px 0px 0 #00000070;}.uagb-block-e6f939b3.wp-block-uagb-image--layout-overlay .wp-block-uagb-image--layout-overlay__color-wrapper{opacity: 0.2;}.uagb-block-e6f939b3.wp-block-uagb-image--layout-overlay .wp-block-uagb-image--layout-overlay__inner{left: 15px;right: 15px;top: 15px;bottom: 15px;}.uagb-block-e6f939b3.wp-block-uagb-image--layout-overlay .wp-block-uagb-image--layout-overlay__inner .uagb-image-heading{font-style: normal;color: #fff;opacity: 1;}.uagb-block-e6f939b3.wp-block-uagb-image--layout-overlay .wp-block-uagb-image--layout-overlay__inner .uagb-image-heading a{color: #fff;}.uagb-block-e6f939b3.wp-block-uagb-image--layout-overlay .wp-block-uagb-image--layout-overlay__inner .uagb-image-caption{opacity: 0;}.uagb-block-e6f939b3.wp-block-uagb-image--layout-overlay .wp-block-uagb-image__figure:hover .wp-block-uagb-image--layout-overlay__color-wrapper{opacity: 1;}.uagb-block-e6f939b3.wp-block-uagb-image .wp-block-uagb-image--layout-overlay__inner .uagb-image-separator{width: 30%;border-top-width: 2px;border-top-color: #fff;opacity: 0;}.uagb-block-e6f939b3.wp-block-uagb-image .wp-block-uagb-image__figure img{width: px;height: auto;}.uagb-block-e6f939b3.wp-block-uagb-image .wp-block-uagb-image__figure:hover .wp-block-uagb-image--layout-overlay__inner .uagb-image-caption{opacity: 1;}.uagb-block-e6f939b3.wp-block-uagb-image .wp-block-uagb-image__figure:hover .wp-block-uagb-image--layout-overlay__inner .uagb-image-separator{opacity: 1;}.uagb-block-e6f939b3.wp-block-uagb-image--layout-default figure:hover img{box-shadow: 0px 0px 0 #00000070;}.uagb-block-e6f939b3.wp-block-uagb-image--layout-overlay figure:hover img{box-shadow: 0px 0px 0 #00000070;}@media only screen and (max-width: 976px) {.uagb-block-e6f939b3.wp-block-uagb-image .wp-block-uagb-image__figure img{width: px;height: auto;}}@media only screen and (max-width: 767px) {.uagb-block-e6f939b3.wp-block-uagb-image .wp-block-uagb-image__figure img{width: px;height: auto;}}\";s:2:\"js\";s:0:\"\";s:18:\"current_block_list\";a:13:{i:0;s:11:\"core\/search\";i:1;s:10:\"core\/group\";i:2;s:12:\"core\/heading\";i:3;s:17:\"core\/latest-posts\";i:4;s:20:\"core\/latest-comments\";i:5;s:13:\"core\/archives\";i:6;s:15:\"core\/categories\";i:7;s:14:\"core\/paragraph\";i:8;s:10:\"uagb\/image\";i:9;s:11:\"core\/spacer\";i:10;s:30:\"woocommerce\/product-categories\";i:11;s:10:\"core\/image\";i:12;s:14:\"core\/shortcode\";}s:8:\"uag_flag\";b:1;s:11:\"uag_version\";s:10:\"1777182974\";s:6:\"gfonts\";a:0:{}s:10:\"gfonts_url\";s:0:\"\";s:12:\"gfonts_files\";a:0:{}s:14:\"uag_faq_layout\";b:0;}"]},"uagb_featured_image_src":{"full":["https:\/\/www.ferberpainting.com\/wp-content\/uploads\/2025\/05\/FlowerFertilizer5L.png",2560,2560,false],"thumbnail":["https:\/\/www.ferberpainting.com\/wp-content\/uploads\/2025\/05\/FlowerFertilizer5L-150x150.png",150,150,true],"medium":["https:\/\/www.ferberpainting.com\/wp-content\/uploads\/2025\/05\/FlowerFertilizer5L-300x300.png",300,300,true],"medium_large":["https:\/\/www.ferberpainting.com\/wp-content\/uploads\/2025\/05\/FlowerFertilizer5L-768x768.png",768,768,true],"large":["https:\/\/www.ferberpainting.com\/wp-content\/uploads\/2025\/05\/FlowerFertilizer5L-1024x1024.png",1024,1024,true],"1536x1536":["https:\/\/www.ferberpainting.com\/wp-content\/uploads\/2025\/05\/FlowerFertilizer5L-1536x1536.png",1536,1536,true],"2048x2048":["https:\/\/www.ferberpainting.com\/wp-content\/uploads\/2025\/05\/FlowerFertilizer5L-2048x2048.png",2048,2048,true],"trp-custom-language-flag":["https:\/\/www.ferberpainting.com\/wp-content\/uploads\/2025\/05\/FlowerFertilizer5L-12x12.png",12,12,true],"woocommerce_thumbnail":["https:\/\/www.ferberpainting.com\/wp-content\/uploads\/2025\/05\/FlowerFertilizer5L-300x300.png",300,300,true],"woocommerce_single":["https:\/\/www.ferberpainting.com\/wp-content\/uploads\/2025\/05\/FlowerFertilizer5L-600x600.png",600,600,true],"woocommerce_gallery_thumbnail":["https:\/\/www.ferberpainting.com\/wp-content\/uploads\/2025\/05\/FlowerFertilizer5L-100x100.png",100,100,true]},"uagb_author_info":{"display_name":"admin","author_link":"https:\/\/www.ferberpainting.com\/sk\/author\/"},"uagb_comment_info":7,"uagb_excerpt":"A complete fertilizer for vibrant and long-lasting blooms.\u00a0The flower fertilizer is specially designed to stimulate the growth and blooming of all flowering plants. Thanks to its balanced NPK 15-15-15 formula, it provides your plants with the essential nutrients for optimal development, abundant flowering and vibrant colors. Whether for annuals, perennials, in pots or in open&hellip;","_links":{"self":[{"href":"https:\/\/www.ferberpainting.com\/sk\/wp-json\/wp\/v2\/product\/23462","targetHints":{"allow":["GET"]}}],"collection":[{"href":"https:\/\/www.ferberpainting.com\/sk\/wp-json\/wp\/v2\/product"}],"about":[{"href":"https:\/\/www.ferberpainting.com\/sk\/wp-json\/wp\/v2\/types\/product"}],"replies":[{"embeddable":true,"href":"https:\/\/www.ferberpainting.com\/sk\/wp-json\/wp\/v2\/comments?post=23462"}],"version-history":[{"count":5,"href":"https:\/\/www.ferberpainting.com\/sk\/wp-json\/wp\/v2\/product\/23462\/revisions"}],"predecessor-version":[{"id":166164,"href":"https:\/\/www.ferberpainting.com\/sk\/wp-json\/wp\/v2\/product\/23462\/revisions\/166164"}],"wp:featuredmedia":[{"embeddable":true,"href":"https:\/\/www.ferberpainting.com\/sk\/wp-json\/wp\/v2\/media\/25990"}],"wp:attachment":[{"href":"https:\/\/www.ferberpainting.com\/sk\/wp-json\/wp\/v2\/media?parent=23462"}],"wp:term":[{"taxonomy":"product_brand","embeddable":true,"href":"https:\/\/www.ferberpainting.com\/sk\/wp-json\/wp\/v2\/product_brand?post=23462"},{"taxonomy":"product_cat","embeddable":true,"href":"https:\/\/www.ferberpainting.com\/sk\/wp-json\/wp\/v2\/product_cat?post=23462"},{"taxonomy":"product_tag","embeddable":true,"href":"https:\/\/www.ferberpainting.com\/sk\/wp-json\/wp\/v2\/product_tag?post=23462"}],"curies":[{"name":"wp","href":"https:\/\/api.w.org\/{rel}","templated":true}]}}