{"id":23434,"date":"2025-05-26T10:24:05","date_gmt":"2025-05-26T08:24:05","guid":{"rendered":"https:\/\/www.ferberpainting.com\/products\/facade-stripper\/"},"modified":"2026-02-15T14:00:28","modified_gmt":"2026-02-15T13:00:28","slug":"facade-stripper","status":"publish","type":"product","link":"https:\/\/www.ferberpainting.com\/sk\/products\/facade-stripper\/","title":{"rendered":"Odstra\u0148ova\u010d \u0161k\u00e1r na fas\u00e1dach a vonkaj\u0161\u00edch sten\u00e1ch"},"content":{"rendered":"<p><img decoding=\"async\" style=\"margin-right: 12px;\" src=\"https:\/\/www.ferberpainting.com\/wp-content\/uploads\/2026\/02\/Check.svg\" alt=\"\" width=\"18\" height=\"15\" \/><strong>R\u00fdchlo a \u00fa\u010dinne odstr\u00e1\u0148te star\u00e9 farby a n\u00e1tery z vonkaj\u0161\u00edch stien.<\/strong> N\u00e1\u0161 odstra\u0148ova\u010d n\u00e1terov fas\u00e1d a vonkaj\u0161\u00edch stien je \u0161peci\u00e1lne vyvinut\u00fd na rozp\u00fa\u0161\u0165anie a odstra\u0148ovanie viacer\u00fdch vrstiev farieb, lakov a povrchov\u00fdch n\u00e1terov z muriva a vonkaj\u0161\u00edch podkladov. Prenik\u00e1 hlboko do star\u00fdch povrchov\u00fdch \u00faprav a zm\u00e4k\u010duje ich na \u013eahk\u00e9 odstr\u00e1nenie bez nadmern\u00e9ho \u0161krabania alebo agres\u00edvnych mechanick\u00fdch met\u00f3d. V\u010faka tomu s\u00fa projekty renov\u00e1cie a obnovy v\u00fdrazne r\u00fdchlej\u0161ie a efekt\u00edvnej\u0161ie.<\/p>\n<p><strong><img decoding=\"async\" style=\"margin-right: 12px;\" src=\"https:\/\/www.ferberpainting.com\/wp-content\/uploads\/2026\/02\/Check.svg\" alt=\"\" width=\"18\" height=\"15\" \/>Naj\u00fa\u010dinnej\u0161\u00ed odstra\u0148ova\u010d vonkaj\u0161\u00edch n\u00e1terov na trhu.<\/strong> Tento odstra\u0148ova\u010d n\u00e1terov je navrhnut\u00fd s \u00fa\u010dinn\u00fdmi, ale kontrolovan\u00fdmi akt\u00edvnymi l\u00e1tkami a rozklad\u00e1 odoln\u00e9 n\u00e1tery, ktor\u00e9 odol\u00e1vaj\u00fa be\u017en\u00fdm met\u00f3dam \u010distenia. P\u00f4sob\u00ed na star\u0161ie fas\u00e1dne farby, elastom\u00e9rne n\u00e1tery, \u0161kvrny a ochrann\u00e9 n\u00e1tery a v porovnan\u00ed so \u0161tandardn\u00fdmi odstra\u0148ova\u010dmi v dom\u00e1cnosti poskytuje vynikaj\u00faci v\u00fdkon.<\/p>\n<p><strong><img decoding=\"async\" style=\"margin-right: 12px;\" src=\"https:\/\/www.ferberpainting.com\/wp-content\/uploads\/2026\/02\/Check.svg\" alt=\"\" width=\"18\" height=\"15\" \/>Z\u00e1ruka vr\u00e1tenia pe\u0148az\u00ed pre \u00fapln\u00fd pokoj.<\/strong> Sme si plne ist\u00ed pevnos\u0165ou a spo\u013eahlivos\u0165ou n\u00e1\u0161ho odizolova\u010da fas\u00e1d a vonkaj\u0161\u00edch stien. Ak nebudete s v\u00fdsledkami \u00faplne spokojn\u00ed, vr\u00e1time v\u00e1m peniaze za n\u00e1kup. Na\u0161a z\u00e1ruka vr\u00e1tenia pe\u0148az\u00ed zaru\u010duje, \u017ee va\u0161a invest\u00edcia je \u00faplne bez rizika, a dokazuje n\u00e1\u0161 z\u00e1v\u00e4zok k profesion\u00e1lnemu v\u00fdkonu.<\/p>\n<p><strong><img decoding=\"async\" style=\"margin-right: 12px;\" src=\"https:\/\/www.ferberpainting.com\/wp-content\/uploads\/2026\/02\/Check.svg\" alt=\"\" width=\"18\" height=\"15\" \/>Najlacnej\u0161\u00ed vysoko\u00fa\u010dinn\u00fd odstra\u0148ova\u010d \u0161kv\u0155n z fas\u00e1d.<\/strong> Odstra\u0148ovanie vonkaj\u0161\u00edch n\u00e1terov si \u010dasto vy\u017eaduje n\u00e1kladn\u00fa pr\u00e1cu alebo \u0161pecializovan\u00e9 stroje. N\u00e1\u0161 v\u00fdrobok pon\u00faka profesion\u00e1lny v\u00fdkon odstra\u0148ovania n\u00e1terov za najv\u00fdhodnej\u0161iu cenu na trhu, \u010d\u00edm poskytuje v\u00fdnimo\u010dn\u00fa hodnotu pre dod\u00e1vate\u013eov a majite\u013eov nehnute\u013enost\u00ed.<\/p>\n<p><strong><img decoding=\"async\" style=\"margin-right: 12px;\" src=\"https:\/\/www.ferberpainting.com\/wp-content\/uploads\/2026\/02\/Check.svg\" alt=\"\" width=\"18\" height=\"15\" \/>R\u00fdchle dodanie do 24 hod\u00edn pre naliehav\u00e9 projekty renov\u00e1cie.<\/strong> Harmonogramy obnovy exteri\u00e9ru m\u00f4\u017eu by\u0165 nap\u00e4t\u00e9 a z\u00e1visl\u00e9 od po\u010dasia. Preto poskytujeme spo\u013eahliv\u00e9 24-hodinov\u00e9 dod\u00e1vky, ktor\u00e9 zabezpe\u010dia, \u017ee v\u00e1\u0161 odstra\u0148ova\u010d n\u00e1terov doraz\u00ed r\u00fdchlo, aby ste mohli bez me\u0161kania pokra\u010dova\u0165 v pr\u00edprave povrchu.<\/p>\n<p><strong><img decoding=\"async\" style=\"margin-right: 12px;\" src=\"https:\/\/www.ferberpainting.com\/wp-content\/uploads\/2026\/02\/Check.svg\" alt=\"\" width=\"18\" height=\"15\" \/>Pokrytie a\u017e 10 m\u00b2 na liter na presn\u00e9 pl\u00e1novanie projektu.<\/strong> Jeden liter o\u0161etr\u00ed a\u017e 10 metrov \u0161tvorcov\u00fdch, \u010do umo\u017e\u0148uje presn\u00fd odhad n\u00e1kladov a efekt\u00edvnu aplik\u00e1ciu. T\u00e1to definovan\u00e1 miera pokrytia zabezpe\u010duje dostato\u010dn\u00fa hr\u00fabku produktu na optim\u00e1lne rozlo\u017eenie n\u00e1teru a z\u00e1rove\u0148 minimalizuje mno\u017estvo odpadu.<\/p>\n<p><strong><img decoding=\"async\" style=\"margin-right: 12px;\" src=\"https:\/\/www.ferberpainting.com\/wp-content\/uploads\/2026\/02\/Check.svg\" alt=\"\" width=\"18\" height=\"15\" \/>Vhodn\u00fd na viacer\u00e9 exteri\u00e9rov\u00e9 podklady.<\/strong> Odstra\u0148ova\u010d je kompatibiln\u00fd s bet\u00f3nom, tehlami, kame\u0148om, cementovou omietkou, sadrou a in\u00fdmi be\u017en\u00fdmi fas\u00e1dnymi materi\u00e1lmi. V\u010faka svojej v\u0161estrannosti je ide\u00e1lny na projekty renov\u00e1cie obytn\u00fdch, komer\u010dn\u00fdch a priemyseln\u00fdch budov.<\/p>\n<p><strong><img decoding=\"async\" style=\"margin-right: 12px;\" src=\"https:\/\/www.ferberpainting.com\/wp-content\/uploads\/2026\/02\/Check.svg\" alt=\"\" width=\"18\" height=\"15\" \/>Zni\u017euje potrebu agres\u00edvneho mechanick\u00e9ho odstra\u0148ovania.<\/strong> T\u00fdm, \u017ee tento v\u00fdrobok chemicky zm\u00e4k\u010duje a uvo\u013e\u0148uje star\u00e9 n\u00e1tery, minimalizuje br\u00fasenie, br\u00fasenie a abraz\u00edvne \u010distenie. T\u00fdm sa zni\u017euje tvorba prachu a potenci\u00e1lne po\u0161kodenie povrchu po\u010das procesu odstra\u0148ovania n\u00e1terov.<\/p>\n<p><strong><img decoding=\"async\" style=\"margin-right: 12px;\" src=\"https:\/\/www.ferberpainting.com\/wp-content\/uploads\/2026\/02\/Check.svg\" alt=\"\" width=\"18\" height=\"15\" \/>Pripravuje povrchy na prema\u013eovanie alebo renov\u00e1ciu.<\/strong> Spr\u00e1vne odstr\u00e1nenie star\u00fdch n\u00e1terov zabezpe\u010d\u00ed lep\u0161iu pri\u013enavos\u0165 nov\u00fdch n\u00e1terov\u00fdch syst\u00e9mov. Pou\u017eitie tohto odstra\u0148ova\u010da vytv\u00e1ra \u010dist\u00fd a stabiln\u00fd podklad, ktor\u00fd zvy\u0161uje odolnos\u0165 a vzh\u013ead n\u00e1sledn\u00fdch povrchov\u00fdch \u00faprav.<\/p>\n<p><strong><img decoding=\"async\" style=\"margin-right: 12px;\" src=\"https:\/\/www.ferberpainting.com\/wp-content\/uploads\/2026\/02\/Check.svg\" alt=\"\" width=\"18\" height=\"15\" \/>Profesion\u00e1lny v\u00fdkon s jednoduchou aplik\u00e1ciou.<\/strong> V\u00fdrobok je ur\u010den\u00fd na jednoduch\u00e9 pou\u017eitie a mo\u017eno ho nan\u00e1\u0161a\u0165 \u0161tetcom, val\u010dekom alebo striekan\u00edm. Jeho kontrolovan\u00e1 konzistencia umo\u017e\u0148uje rovnomern\u00e9 rozotieranie a \u00fa\u010dinn\u00e9 prenikanie do vrstven\u00fdch n\u00e1terov.<\/p>\n<h2><strong>Pokyny<\/strong><\/h2>\n<ul>\n<li>Skontrolujte fas\u00e1du, aby ste zistili typ a hr\u00fabku n\u00e1teru, ktor\u00fd sa m\u00e1 odstr\u00e1ni\u0165.<\/li>\n<li>Pred aplik\u00e1ciou sa uistite, \u017ee je povrch such\u00fd a zbaven\u00fd vo\u013en\u00fdch ne\u010dist\u00f4t.<\/li>\n<li>Chr\u00e1\u0148te okolie, okn\u00e1, rastliny a pri\u013eahl\u00e9 materi\u00e1ly pred n\u00e1hodn\u00fdm kontaktom.<\/li>\n<li>Pred pou\u017eit\u00edm v\u00fdrobok d\u00f4kladne premie\u0161ajte, aby sa zabezpe\u010dila rovnomern\u00e1 konzistencia.<\/li>\n<li>Nan\u00e1\u0161ajte rovnomern\u00fa vrstvu pomocou \u0161tetca, val\u010deka alebo vhodn\u00e9ho striekacieho zariadenia.<\/li>\n<li>Dodr\u017eujte odpor\u00fa\u010dan\u00fa kryciu d\u00e1vku do 10 m\u00b2 na liter. To zodpoved\u00e1 pribli\u017ene 100 ml na meter \u0161tvorcov\u00fd v z\u00e1vislosti od hr\u00fabky n\u00e1teru.<\/li>\n<li>Nechajte odstra\u0148ova\u010d p\u00f4sobi\u0165 po\u010das odpor\u00fa\u010dan\u00e9ho \u010dasu p\u00f4sobenia v z\u00e1vislosti od podmienok prostredia a typu n\u00e1teru. Povrch m\u00f4\u017ee po\u010das p\u00f4sobenia pr\u00edpravku bubla\u0165 alebo zm\u00e4kn\u00fa\u0165.<\/li>\n<li>Po zm\u00e4knut\u00ed povlaku ho odstr\u00e1\u0148te pomocou \u0161krabky, \u0161pachtle alebo tlakovej um\u00fdva\u010dky pod\u013ea potreby podkladu.<\/li>\n<li>V pr\u00edpade hrub\u00fdch alebo viacn\u00e1sobn\u00fdch vrstiev m\u00f4\u017ee by\u0165 na \u00fapln\u00e9 odstr\u00e1nenie potrebn\u00e1 druh\u00e1 aplik\u00e1cia.<\/li>\n<li>Po odstr\u00e1nen\u00ed zvy\u0161kov povrch d\u00f4kladne opl\u00e1chnite \u010distou vodou. Pred nov\u00fdm n\u00e1terom alebo renov\u00e1ciou nechajte povrch \u00faplne vyschn\u00fa\u0165.<\/li>\n<li>Aby sa zabezpe\u010dila optim\u00e1lna \u00fa\u010dinnos\u0165, vyhnite sa aplik\u00e1cii po\u010das siln\u00e9ho da\u017e\u010fa, extr\u00e9mnych tepl\u00f4t alebo siln\u00e9ho vetra.<\/li>\n<li>Po\u010das aplik\u00e1cie a odstra\u0148ovania pou\u017e\u00edvajte vhodn\u00e9 ochrann\u00e9 rukavice a ochranu o\u010d\u00ed.<\/li>\n<li>N\u00e1stroje po pou\u017eit\u00ed ihne\u010f vy\u010distite vhodn\u00fdmi \u010distiacimi prostriedkami a n\u00e1dobu skladujte tesne uzavret\u00fa na chladnom a suchom mieste mimo dosahu priameho slne\u010dn\u00e9ho \u017eiarenia a mrazu.<\/li>\n<\/ul>","protected":false},"excerpt":{"rendered":"<p>Remove old paint and coatings from exterior walls quickly and effectively. Our facade and exterior wall stripper is specially formulated to dissolve and lift multiple layers of paint, varnish, and surface coatings from masonry and exterior substrates. It penetrates deeply into old finishes, softening them for easy removal without excessive scraping or aggressive mechanical methods. [&hellip;]<\/p>\n","protected":false},"featured_media":25970,"comment_status":"open","ping_status":"closed","template":"","meta":{"_uag_custom_page_level_css":"","site-sidebar-layout":"default","site-content-layout":"","ast-site-content-layout":"default","site-content-style":"default","site-sidebar-style":"default","ast-global-header-display":"","ast-banner-title-visibility":"","ast-main-header-display":"","ast-hfb-above-header-display":"","ast-hfb-below-header-display":"","ast-hfb-mobile-header-display":"","site-post-title":"","ast-breadcrumbs-content":"","ast-featured-img":"","footer-sml-layout":"","ast-disable-related-posts":"","theme-transparent-header-meta":"default","adv-header-id-meta":"","stick-header-meta":"","header-above-stick-meta":"","header-main-stick-meta":"","header-below-stick-meta":"","astra-migrate-meta-layouts":"set","ast-page-background-enabled":"default","ast-page-background-meta":{"desktop":{"background-color":"var(--ast-global-color-4)","background-image":"","background-repeat":"repeat","background-position":"center center","background-size":"auto","background-attachment":"scroll","background-type":"","background-media":"","overlay-type":"","overlay-color":"","overlay-opacity":"","overlay-gradient":""},"tablet":{"background-color":"","background-image":"","background-repeat":"repeat","background-position":"center center","background-size":"auto","background-attachment":"scroll","background-type":"","background-media":"","overlay-type":"","overlay-color":"","overlay-opacity":"","overlay-gradient":""},"mobile":{"background-color":"","background-image":"","background-repeat":"repeat","background-position":"center center","background-size":"auto","background-attachment":"scroll","background-type":"","background-media":"","overlay-type":"","overlay-color":"","overlay-opacity":"","overlay-gradient":""}},"ast-content-background-meta":{"desktop":{"background-color":"var(--ast-global-color-5)","background-image":"","background-repeat":"repeat","background-position":"center center","background-size":"auto","background-attachment":"scroll","background-type":"","background-media":"","overlay-type":"","overlay-color":"","overlay-opacity":"","overlay-gradient":""},"tablet":{"background-color":"var(--ast-global-color-5)","background-image":"","background-repeat":"repeat","background-position":"center center","background-size":"auto","background-attachment":"scroll","background-type":"","background-media":"","overlay-type":"","overlay-color":"","overlay-opacity":"","overlay-gradient":""},"mobile":{"background-color":"var(--ast-global-color-5)","background-image":"","background-repeat":"repeat","background-position":"center center","background-size":"auto","background-attachment":"scroll","background-type":"","background-media":"","overlay-type":"","overlay-color":"","overlay-opacity":"","overlay-gradient":""}}},"product_brand":[],"product_cat":[175],"product_tag":[],"class_list":{"0":"post-23434","1":"product","2":"type-product","3":"status-publish","4":"has-post-thumbnail","6":"product_cat-cleaning-products","7":"desktop-align-left","8":"tablet-align-left","9":"mobile-align-left","11":"first","12":"instock","13":"sale","14":"taxable","15":"shipping-taxable","16":"purchasable","17":"product-type-variable","18":"has-default-attributes"},"spectra_custom_meta":{"_visibility":["visible"],"_shopify_product_id":["7950279114997"],"_s2w_shopify_domain":["ferberpainting.myshopify.com"],"_shopify_variant_id":["43502155661557"],"_sku":[""],"_manage_stock":["no"],"total_sales":["165"],"_tax_status":["taxable"],"_tax_class":[""],"_backorders":["no"],"_sold_individually":["no"],"_virtual":["no"],"_downloadable":["no"],"_download_limit":["-1"],"_download_expiry":["-1"],"_stock":[null],"_stock_status":["instock"],"_wc_average_rating":["4.94"],"_wc_review_count":["50"],"_product_attributes":["a:1:{s:6:\"volume\";a:6:{s:4:\"name\";s:6:\"Volume\";s:5:\"value\";s:20:\"5 liters | 25 liters\";s:8:\"position\";i:1;s:10:\"is_visible\";i:0;s:12:\"is_variation\";i:1;s:11:\"is_taxonomy\";i:0;}}"],"_product_version":["10.5.1"],"_thumbnail_id":["25970"],"_price":["29.90","99.90"],"_product_image_gallery":["25971"],"merchant-center-availability":["yes"],"merchant-center-category":["503741"],"merchant-center-id":["FS"],"wpse_downloadable_file_names":[""],"wpse_downloadable_file_urls":[""],"_edit_last":["1"],"_default_attributes":["a:1:{s:6:\"volume\";s:8:\"5 liters\";}"],"_wc_rating_count":["a:2:{i:4;i:3;i:5;i:47;}"],"_edit_lock":["1771160293:1"],"_wp_page_template":["default"],"site-sidebar-layout":["default"],"ast-site-content-layout":["default"],"site-content-style":["default"],"site-sidebar-style":["default"],"theme-transparent-header-meta":["default"],"astra-migrate-meta-layouts":["set"],"_uag_css_file_name":["uag-css-23434.css"],"_elementor_page_assets":["a:0:{}"],"_uag_page_assets":["a:9:{s:3:\"css\";s:7133:\".uag-blocks-common-selector{z-index:var(--z-index-desktop) !important}@media(max-width: 976px){.uag-blocks-common-selector{z-index:var(--z-index-tablet) !important}}@media(max-width: 767px){.uag-blocks-common-selector{z-index:var(--z-index-mobile) !important}}.wp-block-uagb-image{display:flex}.wp-block-uagb-image__figure{position:relative;display:flex;flex-direction:column;max-width:100%;height:auto;margin:0}.wp-block-uagb-image__figure img{height:auto;display:flex;max-width:100%;transition:box-shadow .2s ease}.wp-block-uagb-image__figure>a{display:inline-block}.wp-block-uagb-image__figure figcaption{text-align:center;margin-top:.5em;margin-bottom:1em}.wp-block-uagb-image .components-placeholder.block-editor-media-placeholder .components-placeholder__instructions{align-self:center}.wp-block-uagb-image--align-left{text-align:left}.wp-block-uagb-image--align-right{text-align:right}.wp-block-uagb-image--align-center{text-align:center}.wp-block-uagb-image--align-full .wp-block-uagb-image__figure{margin-left:calc(50% - 50vw);margin-right:calc(50% - 50vw);max-width:100vw;width:100vw;height:auto}.wp-block-uagb-image--align-full .wp-block-uagb-image__figure img{height:auto;width:100% !important}.wp-block-uagb-image--align-wide .wp-block-uagb-image__figure img{height:auto;width:100%}.wp-block-uagb-image--layout-overlay__color-wrapper{position:absolute;left:0;top:0;right:0;bottom:0;opacity:.2;background:rgba(0,0,0,.5);transition:opacity .35s ease-in-out}.wp-block-uagb-image--layout-overlay-link{position:absolute;left:0;right:0;bottom:0;top:0}.wp-block-uagb-image--layout-overlay .wp-block-uagb-image__figure:hover .wp-block-uagb-image--layout-overlay__color-wrapper{opacity:1}.wp-block-uagb-image--layout-overlay__inner{position:absolute;left:15px;right:15px;bottom:15px;top:15px;display:flex;align-items:center;justify-content:center;flex-direction:column;border-color:#fff;transition:.35s ease-in-out}.wp-block-uagb-image--layout-overlay__inner.top-left,.wp-block-uagb-image--layout-overlay__inner.top-center,.wp-block-uagb-image--layout-overlay__inner.top-right{justify-content:flex-start}.wp-block-uagb-image--layout-overlay__inner.bottom-left,.wp-block-uagb-image--layout-overlay__inner.bottom-center,.wp-block-uagb-image--layout-overlay__inner.bottom-right{justify-content:flex-end}.wp-block-uagb-image--layout-overlay__inner.top-left,.wp-block-uagb-image--layout-overlay__inner.center-left,.wp-block-uagb-image--layout-overlay__inner.bottom-left{align-items:flex-start}.wp-block-uagb-image--layout-overlay__inner.top-right,.wp-block-uagb-image--layout-overlay__inner.center-right,.wp-block-uagb-image--layout-overlay__inner.bottom-right{align-items:flex-end}.wp-block-uagb-image--layout-overlay__inner .uagb-image-heading{color:#fff;transition:transform .35s,opacity .35s ease-in-out;transform:translate3d(0, 24px, 0);margin:0;line-height:1em}.wp-block-uagb-image--layout-overlay__inner .uagb-image-separator{width:30%;border-top-width:2px;border-top-color:#fff;border-top-style:solid;margin-bottom:10px;opacity:0;transition:transform .4s,opacity .4s ease-in-out;transform:translate3d(0, 30px, 0)}.wp-block-uagb-image--layout-overlay__inner .uagb-image-caption{opacity:0;overflow:visible;color:#fff;transition:transform .45s,opacity .45s ease-in-out;transform:translate3d(0, 35px, 0)}.wp-block-uagb-image--layout-overlay__inner:hover .uagb-image-heading,.wp-block-uagb-image--layout-overlay__inner:hover .uagb-image-separator,.wp-block-uagb-image--layout-overlay__inner:hover .uagb-image-caption{opacity:1;transform:translate3d(0, 0, 0)}.wp-block-uagb-image--effect-zoomin .wp-block-uagb-image__figure img,.wp-block-uagb-image--effect-zoomin .wp-block-uagb-image__figure .wp-block-uagb-image--layout-overlay__color-wrapper{transform:scale(1);transition:transform .35s ease-in-out}.wp-block-uagb-image--effect-zoomin .wp-block-uagb-image__figure:hover img,.wp-block-uagb-image--effect-zoomin .wp-block-uagb-image__figure:hover .wp-block-uagb-image--layout-overlay__color-wrapper{transform:scale(1.05)}.wp-block-uagb-image--effect-slide .wp-block-uagb-image__figure img,.wp-block-uagb-image--effect-slide .wp-block-uagb-image__figure .wp-block-uagb-image--layout-overlay__color-wrapper{width:calc(100% + 40px) !important;max-width:none !important;transform:translate3d(-40px, 0, 0);transition:transform .35s ease-in-out}.wp-block-uagb-image--effect-slide .wp-block-uagb-image__figure:hover img,.wp-block-uagb-image--effect-slide .wp-block-uagb-image__figure:hover .wp-block-uagb-image--layout-overlay__color-wrapper{transform:translate3d(0, 0, 0)}.wp-block-uagb-image--effect-grayscale img{filter:grayscale(0%);transition:.35s ease-in-out}.wp-block-uagb-image--effect-grayscale:hover img{filter:grayscale(100%)}.wp-block-uagb-image--effect-blur img{filter:blur(0);transition:.35s ease-in-out}.wp-block-uagb-image--effect-blur:hover img{filter:blur(3px)}.uagb-block-e6f939b3.wp-block-uagb-image--layout-default figure img{box-shadow: 0px 0px 0 #00000070;}.uagb-block-e6f939b3.wp-block-uagb-image .wp-block-uagb-image__figure figcaption{font-style: normal;align-self: center;}.uagb-block-e6f939b3.wp-block-uagb-image--layout-overlay figure img{box-shadow: 0px 0px 0 #00000070;}.uagb-block-e6f939b3.wp-block-uagb-image--layout-overlay .wp-block-uagb-image--layout-overlay__color-wrapper{opacity: 0.2;}.uagb-block-e6f939b3.wp-block-uagb-image--layout-overlay .wp-block-uagb-image--layout-overlay__inner{left: 15px;right: 15px;top: 15px;bottom: 15px;}.uagb-block-e6f939b3.wp-block-uagb-image--layout-overlay .wp-block-uagb-image--layout-overlay__inner .uagb-image-heading{font-style: normal;color: #fff;opacity: 1;}.uagb-block-e6f939b3.wp-block-uagb-image--layout-overlay .wp-block-uagb-image--layout-overlay__inner .uagb-image-heading a{color: #fff;}.uagb-block-e6f939b3.wp-block-uagb-image--layout-overlay .wp-block-uagb-image--layout-overlay__inner .uagb-image-caption{opacity: 0;}.uagb-block-e6f939b3.wp-block-uagb-image--layout-overlay .wp-block-uagb-image__figure:hover .wp-block-uagb-image--layout-overlay__color-wrapper{opacity: 1;}.uagb-block-e6f939b3.wp-block-uagb-image .wp-block-uagb-image--layout-overlay__inner .uagb-image-separator{width: 30%;border-top-width: 2px;border-top-color: #fff;opacity: 0;}.uagb-block-e6f939b3.wp-block-uagb-image .wp-block-uagb-image__figure img{width: px;height: auto;}.uagb-block-e6f939b3.wp-block-uagb-image .wp-block-uagb-image__figure:hover .wp-block-uagb-image--layout-overlay__inner .uagb-image-caption{opacity: 1;}.uagb-block-e6f939b3.wp-block-uagb-image .wp-block-uagb-image__figure:hover .wp-block-uagb-image--layout-overlay__inner .uagb-image-separator{opacity: 1;}.uagb-block-e6f939b3.wp-block-uagb-image--layout-default figure:hover img{box-shadow: 0px 0px 0 #00000070;}.uagb-block-e6f939b3.wp-block-uagb-image--layout-overlay figure:hover img{box-shadow: 0px 0px 0 #00000070;}@media only screen and (max-width: 976px) {.uagb-block-e6f939b3.wp-block-uagb-image .wp-block-uagb-image__figure img{width: px;height: auto;}}@media only screen and (max-width: 767px) {.uagb-block-e6f939b3.wp-block-uagb-image .wp-block-uagb-image__figure img{width: px;height: auto;}}\";s:2:\"js\";s:0:\"\";s:18:\"current_block_list\";a:13:{i:0;s:11:\"core\/search\";i:1;s:10:\"core\/group\";i:2;s:12:\"core\/heading\";i:3;s:17:\"core\/latest-posts\";i:4;s:20:\"core\/latest-comments\";i:5;s:13:\"core\/archives\";i:6;s:15:\"core\/categories\";i:7;s:14:\"core\/paragraph\";i:8;s:10:\"uagb\/image\";i:9;s:11:\"core\/spacer\";i:10;s:30:\"woocommerce\/product-categories\";i:11;s:10:\"core\/image\";i:12;s:14:\"core\/shortcode\";}s:8:\"uag_flag\";b:1;s:11:\"uag_version\";s:10:\"1777196333\";s:6:\"gfonts\";a:0:{}s:10:\"gfonts_url\";s:0:\"\";s:12:\"gfonts_files\";a:0:{}s:14:\"uag_faq_layout\";b:0;}"]},"uagb_featured_image_src":{"full":["https:\/\/www.ferberpainting.com\/wp-content\/uploads\/2025\/05\/Decapantfacade5L.jpg",2560,2560,false],"thumbnail":["https:\/\/www.ferberpainting.com\/wp-content\/uploads\/2025\/05\/Decapantfacade5L-150x150.jpg",150,150,true],"medium":["https:\/\/www.ferberpainting.com\/wp-content\/uploads\/2025\/05\/Decapantfacade5L-300x300.jpg",300,300,true],"medium_large":["https:\/\/www.ferberpainting.com\/wp-content\/uploads\/2025\/05\/Decapantfacade5L-768x768.jpg",768,768,true],"large":["https:\/\/www.ferberpainting.com\/wp-content\/uploads\/2025\/05\/Decapantfacade5L-1024x1024.jpg",1024,1024,true],"1536x1536":["https:\/\/www.ferberpainting.com\/wp-content\/uploads\/2025\/05\/Decapantfacade5L-1536x1536.jpg",1536,1536,true],"2048x2048":["https:\/\/www.ferberpainting.com\/wp-content\/uploads\/2025\/05\/Decapantfacade5L-2048x2048.jpg",2048,2048,true],"trp-custom-language-flag":["https:\/\/www.ferberpainting.com\/wp-content\/uploads\/2025\/05\/Decapantfacade5L-12x12.jpg",12,12,true],"woocommerce_thumbnail":["https:\/\/www.ferberpainting.com\/wp-content\/uploads\/2025\/05\/Decapantfacade5L-300x300.jpg",300,300,true],"woocommerce_single":["https:\/\/www.ferberpainting.com\/wp-content\/uploads\/2025\/05\/Decapantfacade5L-600x600.jpg",600,600,true],"woocommerce_gallery_thumbnail":["https:\/\/www.ferberpainting.com\/wp-content\/uploads\/2025\/05\/Decapantfacade5L-100x100.jpg",100,100,true]},"uagb_author_info":{"display_name":"admin","author_link":"https:\/\/www.ferberpainting.com\/sk\/author\/"},"uagb_comment_info":50,"uagb_excerpt":"Remove old paint and coatings from exterior walls quickly and effectively. Our facade and exterior wall stripper is specially formulated to dissolve and lift multiple layers of paint, varnish, and surface coatings from masonry and exterior substrates. It penetrates deeply into old finishes, softening them for easy removal without excessive scraping or aggressive mechanical methods.&hellip;","_links":{"self":[{"href":"https:\/\/www.ferberpainting.com\/sk\/wp-json\/wp\/v2\/product\/23434","targetHints":{"allow":["GET"]}}],"collection":[{"href":"https:\/\/www.ferberpainting.com\/sk\/wp-json\/wp\/v2\/product"}],"about":[{"href":"https:\/\/www.ferberpainting.com\/sk\/wp-json\/wp\/v2\/types\/product"}],"replies":[{"embeddable":true,"href":"https:\/\/www.ferberpainting.com\/sk\/wp-json\/wp\/v2\/comments?post=23434"}],"version-history":[{"count":3,"href":"https:\/\/www.ferberpainting.com\/sk\/wp-json\/wp\/v2\/product\/23434\/revisions"}],"predecessor-version":[{"id":166114,"href":"https:\/\/www.ferberpainting.com\/sk\/wp-json\/wp\/v2\/product\/23434\/revisions\/166114"}],"wp:featuredmedia":[{"embeddable":true,"href":"https:\/\/www.ferberpainting.com\/sk\/wp-json\/wp\/v2\/media\/25970"}],"wp:attachment":[{"href":"https:\/\/www.ferberpainting.com\/sk\/wp-json\/wp\/v2\/media?parent=23434"}],"wp:term":[{"taxonomy":"product_brand","embeddable":true,"href":"https:\/\/www.ferberpainting.com\/sk\/wp-json\/wp\/v2\/product_brand?post=23434"},{"taxonomy":"product_cat","embeddable":true,"href":"https:\/\/www.ferberpainting.com\/sk\/wp-json\/wp\/v2\/product_cat?post=23434"},{"taxonomy":"product_tag","embeddable":true,"href":"https:\/\/www.ferberpainting.com\/sk\/wp-json\/wp\/v2\/product_tag?post=23434"}],"curies":[{"name":"wp","href":"https:\/\/api.w.org\/{rel}","templated":true}]}}