{"id":23187,"date":"2025-07-01T16:13:56","date_gmt":"2025-07-01T14:13:56","guid":{"rendered":"https:\/\/www.ferberpainting.com\/?post_type=product&#038;p=23177"},"modified":"2026-02-15T13:45:24","modified_gmt":"2026-02-15T12:45:24","slug":"copper-brass-and-bronze-cleaner","status":"publish","type":"product","link":"https:\/\/www.ferberpainting.com\/sk\/products\/copper-brass-and-bronze-cleaner\/","title":{"rendered":"\u010cisti\u010d medi, mosadze a bronzu"},"content":{"rendered":"<p><img decoding=\"async\" style=\"margin-right: 12px;\" src=\"https:\/\/www.ferberpainting.com\/wp-content\/uploads\/2026\/02\/Check.svg\" alt=\"\" width=\"18\" height=\"15\" \/><strong>Optim\u00e1lna \u00fa\u010dinnos\u0165.<\/strong>\u00a0Tento \u010distiaci prostriedok na me\u010f, mosadz a bronz je \u0161peci\u00e1lne vyvinut\u00fd tak, aby \u00fa\u010dinne odstra\u0148oval oxid\u00e1ciu, \u0161kvrny, povlak a \u010dasom nahromaden\u00e9 ne\u010distoty. P\u00f4sob\u00ed hlboko do povrchu, aby obnovil lesk a prirodzen\u00fd lesk kovov bez ich po\u0161kodenia. Jeho akt\u00edvne zlo\u017eenie r\u00fdchlo rozp\u00fa\u0161\u0165a patinu a matn\u00e9 zvy\u0161ky a navracia medi, mosadzi a bronzu ich p\u00f4vodn\u00fd vzh\u013ead.<\/p>\n<p><img decoding=\"async\" style=\"margin-right: 12px;\" src=\"https:\/\/www.ferberpainting.com\/wp-content\/uploads\/2026\/02\/Check.svg\" alt=\"\" width=\"18\" height=\"15\" \/><strong>Z\u00e1ruka vr\u00e1tenia pe\u0148az\u00ed.<\/strong>\u00a0Sme plne presved\u010den\u00ed o \u00fa\u010dinnosti n\u00e1\u0161ho \u010distiaceho prostriedku. Ak nebudete s v\u00fdsledkami \u00faplne spokojn\u00ed, m\u00e1te n\u00e1rok na vr\u00e1tenie pe\u0148az\u00ed v plnej v\u00fd\u0161ke. Vysk\u00fa\u0161ajte n\u00e1\u0161 v\u00fdrobok s pokojnou mys\u013eou a dajte svojim meden\u00fdm, mosadzn\u00fdm a bronzov\u00fdm predmetom druh\u00fd \u017eivot bez rizika.<\/p>\n<p><img decoding=\"async\" style=\"margin-right: 12px;\" src=\"https:\/\/www.ferberpainting.com\/wp-content\/uploads\/2026\/02\/Check.svg\" alt=\"\" width=\"18\" height=\"15\" \/><strong>V\u00fdnimo\u010dn\u00e1 v\u0161estrannos\u0165.<\/strong>\u00a0Tento \u010distiaci prostriedok sa neobmedzuje len na me\u010f, mosadz a bronz! Je \u00fa\u010dinn\u00fd aj na in\u00e9 kovy vr\u00e1tane niektor\u00fdch zliatin, nehrdzavej\u00facej ocele a eloxovan\u00e9ho hlin\u00edka. Je ide\u00e1lny na dekorat\u00edvne predmety, kuchynsk\u00e9 n\u00e1radie, hudobn\u00e9 n\u00e1stroje, sochy, medaily, k\u013eu\u010dky a architektonick\u00e9 prvky. Jeho univerz\u00e1lne zlo\u017eenie zaru\u010duje \u00fa\u010dinn\u00e9 \u010distenie bez po\u0161kodenia jemn\u00fdch kovov\u00fdch povrchov.<\/p>\n<p><img decoding=\"async\" style=\"margin-right: 12px;\" src=\"https:\/\/www.ferberpainting.com\/wp-content\/uploads\/2026\/02\/Check.svg\" alt=\"\" width=\"18\" height=\"15\" \/><strong>Ekonomick\u00e1 efekt\u00edvnos\u0165.<\/strong>\u00a0Tento \u010distiaci prostriedok s 5-litrovou n\u00e1dobou a mimoriadne \u00fa\u010dinn\u00fdm zlo\u017een\u00edm prin\u00e1\u0161a vynikaj\u00facu hodnotu. Mal\u00e9 mno\u017estvo sta\u010d\u00ed na o\u0161etrenie ve\u013ek\u00e9ho povrchu. Jeden liter dok\u00e1\u017ee vy\u010disti\u0165 v priemere a\u017e 50 m\u00b2 kovu, \u010do z neho rob\u00ed n\u00e1kladovo efekt\u00edvne a udr\u017eate\u013en\u00e9 rie\u0161enie na \u00fadr\u017ebu meden\u00fdch, mosadzn\u00fdch a bronzov\u00fdch povrchov.<\/p>\n<p><img decoding=\"async\" style=\"margin-right: 12px;\" src=\"https:\/\/www.ferberpainting.com\/wp-content\/uploads\/2026\/02\/Check.svg\" alt=\"\" width=\"18\" height=\"15\" \/><strong>Bezpe\u010dn\u00e9 pou\u017e\u00edvanie.<\/strong>\u00a0Na rozdiel od koroz\u00edvnych \u010distiacich prostriedkov obsahuj\u00facich agres\u00edvne kyseliny je tento v\u00fdrobok vyroben\u00fd z netoxick\u00fdch l\u00e1tok, ktor\u00e9 s\u00fa bezpe\u010dn\u00e9 pre pou\u017e\u00edvate\u013ea a nepo\u0161kodzuj\u00fa kovy. Nevyp\u00fa\u0161\u0165a toxick\u00e9 v\u00fdpary, nedr\u00e1\u017edi poko\u017eku a neznehodnocuje o\u0161etrovan\u00e9 povrchy. Je \u00faplne bezpe\u010dn\u00fd na pou\u017eitie v interi\u00e9ri aj exteri\u00e9ri, \u010d\u00edm zabezpe\u010duje maxim\u00e1lnu bezpe\u010dnos\u0165 pre pou\u017e\u00edvate\u013eov aj \u017eivotn\u00e9 prostredie.<\/p>\n<p><img decoding=\"async\" style=\"margin-right: 12px;\" src=\"https:\/\/www.ferberpainting.com\/wp-content\/uploads\/2026\/02\/Check.svg\" alt=\"\" width=\"18\" height=\"15\" \/><strong>Jednoduchos\u0165 pou\u017e\u00edvania.<\/strong>\u00a0Tento produkt je pripraven\u00fd na pou\u017eitie a nevy\u017eaduje si \u017eiadne riedenie ani zlo\u017eit\u00fa pr\u00edpravu. Jednoducho ho naneste priamo na povrch pomocou handri\u010dky, \u0161pongie alebo m\u00e4kk\u00e9ho \u0161tetca. V\u010faka jeho r\u00fdchlo p\u00f4sobiacemu zlo\u017eeniu a intuit\u00edvnej aplik\u00e1cii je \u010distenie jednoduch\u00e9 a dostupn\u00e9 pre ka\u017ed\u00e9ho.<\/p>\n<p><img decoding=\"async\" style=\"margin-right: 12px;\" src=\"https:\/\/www.ferberpainting.com\/wp-content\/uploads\/2026\/02\/Check.svg\" alt=\"\" width=\"18\" height=\"15\" \/><strong>Dlhodob\u00e1 odolnos\u0165.<\/strong>\u00a0Tento \u010distiaci prostriedok \u00fa\u010dinne odstra\u0148uje oxid\u00e1ciu a zachov\u00e1va integritu kovov, \u010d\u00edm predl\u017euje \u017eivotnos\u0165 meden\u00fdch, mosadzn\u00fdch a bronzov\u00fdch predmetov. Pravideln\u00e9 pou\u017e\u00edvanie pom\u00e1ha predch\u00e1dza\u0165 hromadeniu zmatnenia a udr\u017euje trval\u00fd lesk bez \u010dast\u00e9ho le\u0161tenia. Va\u0161e predmety si \u010dasom zachovaj\u00fa svoju kr\u00e1su a hodnotu.<\/p>\n<p><img decoding=\"async\" style=\"margin-right: 12px;\" src=\"https:\/\/www.ferberpainting.com\/wp-content\/uploads\/2026\/02\/Check.svg\" alt=\"\" width=\"18\" height=\"15\" \/><strong>R\u00fdchla akcia.<\/strong>\u00a0V\u010faka vysoko akt\u00edvnemu zlo\u017eeniu tento \u010distiaci prostriedok okam\u017eite p\u00f4sob\u00ed na \u0161kvrny a oxida\u010dn\u00e9 stopy. U\u017e za nieko\u013eko min\u00fat rozpust\u00ed matn\u00e9 usadeniny a umo\u017en\u00ed ich \u013eahk\u00e9 zotretie bez drhnutia. Je ide\u00e1lny na r\u00fdchle a \u00fa\u010dinn\u00e9 \u010distenie a pom\u00e1ha obnovi\u0165 \u017eiariv\u00e9, vyle\u0161ten\u00e9 kovov\u00e9 povrchy v kr\u00e1tkom \u010dase.<\/p>\n<h2><strong>Pokyny na pou\u017e\u00edvanie<\/strong><\/h2>\n<ul>\n<li><strong>Pr\u00edprava <\/strong>: Pred nanesen\u00edm v\u00fdrobku sa uistite, \u017ee je meden\u00fd, mosadzn\u00fd alebo bronzov\u00fd povrch zbaven\u00fd prachu a ne\u010dist\u00f4t. V pr\u00edpade potreby utrite suchou handri\u010dkou, aby ste zlep\u0161ili pri\u013enavos\u0165.<\/li>\n<li><strong>Aplik\u00e1cia <\/strong>: Nalejte mal\u00e9 mno\u017estvo \u010distiaceho prostriedku na m\u00e4kk\u00fa handri\u010dku, \u0161pongiu alebo priamo na povrch. Rovnomerne ho rozotrite po celej ploche a jemne sa zamerajte na za\u0161l\u00e9 alebo zoxidovan\u00e9 \u010dasti.<\/li>\n<li><strong>\u010cistenie <\/strong>: Nechajte v\u00fdrobok p\u00f4sobi\u0165 2 a\u017e 5 min\u00fat, aby sa rozpustilo zne\u010distenie a oxid\u00e1cia. Jemne pretrite handri\u010dkou, m\u00e4kkou kefou alebo jemnou oce\u013eovou vlnou, aby ste obnovili lesk kovu.<\/li>\n<li><strong>Oplachovanie<\/strong>: V pr\u00edpade potreby utrite \u010distou vlhkou handri\u010dkou alebo d\u00f4kladne opl\u00e1chnite \u010distou vodou, aby ste odstr\u00e1nili zvy\u0161ky v\u00fdrobku.<\/li>\n<li><strong>Su\u0161enie a kone\u010dn\u00e1 \u00faprava <\/strong>: Okam\u017eite osu\u0161te \u010distou, suchou handri\u010dkou, aby ste odstr\u00e1nili v\u0161etku vlhkos\u0165 a dosiahli dokonal\u00fd povrch. Na zv\u00fd\u0161en\u00fa ochranu pou\u017eite vhodn\u00fd vosk alebo lak na spomalenie oxid\u00e1cie.<\/li>\n<li><strong>Frekvencia pou\u017e\u00edvania <\/strong>: Pou\u017eite hne\u010f, ako sa kov za\u010dne matni\u0165 alebo vykazova\u0165 zn\u00e1mky oxid\u00e1cie. Na pravideln\u00fa \u00fadr\u017ebu pou\u017e\u00edvajte raz mesa\u010dne, aby ste zachovali lesk medi, mosadze a bronzu a zabr\u00e1nili vzniku odoln\u00fdch \u0161kv\u0155n.<\/li>\n<li><strong>\u00dalo\u017eisko <\/strong>: Po ka\u017edom pou\u017eit\u00ed n\u00e1dobu znovu tesne uzavrite a skladujte na chladnom a suchom mieste, mimo dosahu svetla a extr\u00e9mnych tepl\u00f4t, aby sa zachovala pln\u00e1 \u00fa\u010dinnos\u0165 v\u00fdrobku.<\/li>\n<\/ul>\n<p>S na\u0161\u00edm \u010distiacim prostriedkom na me\u010f, mosadz a bronz obnov\u00edte lesk a kr\u00e1su svojich kovov\u00fdch predmetov \u00faplne jednoducho. V\u00fdkonn\u00fd, bezpe\u010dn\u00fd a \u00fa\u010dinn\u00fd v\u00fdrobok na trval\u00fd lesk a optim\u00e1lnu \u00fadr\u017ebu.<\/p>","protected":false},"excerpt":{"rendered":"<p>Optimal Effectiveness.\u00a0This cleaner for copper, brass, and bronze is specially formulated to effectively remove oxidation, stains, tarnish, and accumulated dirt over time. It works deep into the surface to restore shine and the natural glow of metals without damaging them. Its active formula quickly dissolves patina and dull residues, bringing back the original appearance of [&hellip;]<\/p>\n","protected":false},"featured_media":36452,"comment_status":"open","ping_status":"closed","template":"","meta":{"_uag_custom_page_level_css":"","site-sidebar-layout":"default","site-content-layout":"","ast-site-content-layout":"default","site-content-style":"default","site-sidebar-style":"default","ast-global-header-display":"","ast-banner-title-visibility":"","ast-main-header-display":"","ast-hfb-above-header-display":"","ast-hfb-below-header-display":"","ast-hfb-mobile-header-display":"","site-post-title":"","ast-breadcrumbs-content":"","ast-featured-img":"","footer-sml-layout":"","ast-disable-related-posts":"","theme-transparent-header-meta":"default","adv-header-id-meta":"","stick-header-meta":"","header-above-stick-meta":"","header-main-stick-meta":"","header-below-stick-meta":"","astra-migrate-meta-layouts":"set","ast-page-background-enabled":"default","ast-page-background-meta":{"desktop":{"background-color":"var(--ast-global-color-4)","background-image":"","background-repeat":"repeat","background-position":"center center","background-size":"auto","background-attachment":"scroll","background-type":"","background-media":"","overlay-type":"","overlay-color":"","overlay-opacity":"","overlay-gradient":""},"tablet":{"background-color":"","background-image":"","background-repeat":"repeat","background-position":"center center","background-size":"auto","background-attachment":"scroll","background-type":"","background-media":"","overlay-type":"","overlay-color":"","overlay-opacity":"","overlay-gradient":""},"mobile":{"background-color":"","background-image":"","background-repeat":"repeat","background-position":"center center","background-size":"auto","background-attachment":"scroll","background-type":"","background-media":"","overlay-type":"","overlay-color":"","overlay-opacity":"","overlay-gradient":""}},"ast-content-background-meta":{"desktop":{"background-color":"var(--ast-global-color-5)","background-image":"","background-repeat":"repeat","background-position":"center center","background-size":"auto","background-attachment":"scroll","background-type":"","background-media":"","overlay-type":"","overlay-color":"","overlay-opacity":"","overlay-gradient":""},"tablet":{"background-color":"var(--ast-global-color-5)","background-image":"","background-repeat":"repeat","background-position":"center center","background-size":"auto","background-attachment":"scroll","background-type":"","background-media":"","overlay-type":"","overlay-color":"","overlay-opacity":"","overlay-gradient":""},"mobile":{"background-color":"var(--ast-global-color-5)","background-image":"","background-repeat":"repeat","background-position":"center center","background-size":"auto","background-attachment":"scroll","background-type":"","background-media":"","overlay-type":"","overlay-color":"","overlay-opacity":"","overlay-gradient":""}}},"product_brand":[],"product_cat":[175],"product_tag":[],"class_list":{"0":"post-23187","1":"product","2":"type-product","3":"status-publish","4":"has-post-thumbnail","6":"product_cat-cleaning-products","7":"desktop-align-left","8":"tablet-align-left","9":"mobile-align-left","11":"first","12":"instock","13":"sale","14":"shipping-taxable","15":"purchasable","16":"product-type-variable","17":"has-default-attributes"},"spectra_custom_meta":{"_visibility":["visible"],"_shopify_product_id":["9102343209205"],"_s2w_shopify_domain":["ferberpainting.myshopify.com"],"_shopify_variant_id":["46616017993973"],"_sku":[""],"_manage_stock":["no"],"total_sales":["157"],"_tax_status":["taxable"],"_tax_class":[""],"_backorders":["no"],"_sold_individually":["no"],"_virtual":["no"],"_downloadable":["no"],"_download_limit":["-1"],"_download_expiry":["-1"],"_stock":[null],"_stock_status":["instock"],"_wc_average_rating":["5.00"],"_wc_review_count":["11"],"_product_attributes":["a:1:{s:6:\"volume\";a:6:{s:4:\"name\";s:6:\"Volume\";s:5:\"value\";s:20:\"5 liters | 25 liters\";s:8:\"position\";i:1;s:10:\"is_visible\";i:0;s:12:\"is_variation\";i:1;s:11:\"is_taxonomy\";i:0;}}"],"_product_version":["10.5.1"],"wpse_downloadable_file_names":[""],"wpse_downloadable_file_urls":[""],"_edit_last":["1"],"_default_attributes":["a:1:{s:6:\"volume\";s:8:\"5 liters\";}"],"_edit_lock":["1771159388:1"],"merchant-center-availability":["yes"],"merchant-center-category":["4892"],"_price":["29.90","129.90"],"_thumbnail_id":["36452"],"_wp_page_template":["default"],"_wp_old_date":["2025-05-26"],"_product_image_gallery":["36453"],"site-sidebar-layout":["default"],"ast-site-content-layout":["default"],"site-content-style":["default"],"site-sidebar-style":["default"],"theme-transparent-header-meta":["default"],"_wc_rating_count":["a:1:{i:5;i:11;}"],"astra-migrate-meta-layouts":["set"],"_uag_css_file_name":["uag-css-23187.css"],"_elementor_page_assets":["a:0:{}"],"_uag_page_assets":["a:9:{s:3:\"css\";s:6893:\".wp-block-uagb-image{display:flex}.wp-block-uagb-image__figure{position:relative;display:flex;flex-direction:column;max-width:100%;height:auto;margin:0}.wp-block-uagb-image__figure img{height:auto;display:flex;max-width:100%;transition:box-shadow 0.2s ease}.wp-block-uagb-image__figure>a{display:inline-block}.wp-block-uagb-image__figure figcaption{text-align:center;margin-top:0.5em;margin-bottom:1em}.wp-block-uagb-image .components-placeholder.block-editor-media-placeholder .components-placeholder__instructions{align-self:center}.wp-block-uagb-image--align-left{text-align:left}.wp-block-uagb-image--align-right{text-align:right}.wp-block-uagb-image--align-center{text-align:center}.wp-block-uagb-image--align-full .wp-block-uagb-image__figure{margin-left:calc(50% - 50vw);margin-right:calc(50% - 50vw);max-width:100vw;width:100vw;height:auto}.wp-block-uagb-image--align-full .wp-block-uagb-image__figure img{height:auto;width:100% !important}.wp-block-uagb-image--align-wide .wp-block-uagb-image__figure img{height:auto;width:100%}.wp-block-uagb-image--layout-overlay__color-wrapper{position:absolute;left:0;top:0;right:0;bottom:0;opacity:0.2;background:rgba(0,0,0,0.5);transition:opacity 0.35s ease-in-out}.wp-block-uagb-image--layout-overlay-link{position:absolute;left:0;right:0;bottom:0;top:0}.wp-block-uagb-image--layout-overlay .wp-block-uagb-image__figure:hover .wp-block-uagb-image--layout-overlay__color-wrapper{opacity:1}.wp-block-uagb-image--layout-overlay__inner{position:absolute;left:15px;right:15px;bottom:15px;top:15px;display:flex;align-items:center;justify-content:center;flex-direction:column;border-color:#fff;transition:0.35s ease-in-out}.wp-block-uagb-image--layout-overlay__inner.top-left,.wp-block-uagb-image--layout-overlay__inner.top-center,.wp-block-uagb-image--layout-overlay__inner.top-right{justify-content:flex-start}.wp-block-uagb-image--layout-overlay__inner.bottom-left,.wp-block-uagb-image--layout-overlay__inner.bottom-center,.wp-block-uagb-image--layout-overlay__inner.bottom-right{justify-content:flex-end}.wp-block-uagb-image--layout-overlay__inner.top-left,.wp-block-uagb-image--layout-overlay__inner.center-left,.wp-block-uagb-image--layout-overlay__inner.bottom-left{align-items:flex-start}.wp-block-uagb-image--layout-overlay__inner.top-right,.wp-block-uagb-image--layout-overlay__inner.center-right,.wp-block-uagb-image--layout-overlay__inner.bottom-right{align-items:flex-end}.wp-block-uagb-image--layout-overlay__inner .uagb-image-heading{color:#fff;transition:transform 0.35s, opacity 0.35s ease-in-out;transform:translate3d(0, 24px, 0);margin:0;line-height:1em}.wp-block-uagb-image--layout-overlay__inner .uagb-image-separator{width:30%;border-top-width:2px;border-top-color:#fff;border-top-style:solid;margin-bottom:10px;opacity:0;transition:transform 0.4s, opacity 0.4s ease-in-out;transform:translate3d(0, 30px, 0)}.wp-block-uagb-image--layout-overlay__inner .uagb-image-caption{opacity:0;overflow:visible;color:#fff;transition:transform 0.45s, opacity 0.45s ease-in-out;transform:translate3d(0, 35px, 0)}.wp-block-uagb-image--layout-overlay__inner:hover .uagb-image-heading,.wp-block-uagb-image--layout-overlay__inner:hover .uagb-image-separator,.wp-block-uagb-image--layout-overlay__inner:hover .uagb-image-caption{opacity:1;transform:translate3d(0, 0, 0)}.wp-block-uagb-image--effect-zoomin .wp-block-uagb-image__figure img,.wp-block-uagb-image--effect-zoomin .wp-block-uagb-image__figure .wp-block-uagb-image--layout-overlay__color-wrapper{transform:scale(1);transition:transform 0.35s ease-in-out}.wp-block-uagb-image--effect-zoomin .wp-block-uagb-image__figure:hover img,.wp-block-uagb-image--effect-zoomin .wp-block-uagb-image__figure:hover .wp-block-uagb-image--layout-overlay__color-wrapper{transform:scale(1.05)}.wp-block-uagb-image--effect-slide .wp-block-uagb-image__figure img,.wp-block-uagb-image--effect-slide .wp-block-uagb-image__figure .wp-block-uagb-image--layout-overlay__color-wrapper{width:calc(100% + 40px) !important;max-width:none !important;transform:translate3d(-40px, 0, 0);transition:transform 0.35s ease-in-out}.wp-block-uagb-image--effect-slide .wp-block-uagb-image__figure:hover img,.wp-block-uagb-image--effect-slide .wp-block-uagb-image__figure:hover .wp-block-uagb-image--layout-overlay__color-wrapper{transform:translate3d(0, 0, 0)}.wp-block-uagb-image--effect-grayscale img{filter:grayscale(0%);transition:0.35s ease-in-out}.wp-block-uagb-image--effect-grayscale:hover img{filter:grayscale(100%)}.wp-block-uagb-image--effect-blur img{filter:blur(0);transition:0.35s ease-in-out}.wp-block-uagb-image--effect-blur:hover img{filter:blur(3px)}\n.uagb-block-e6f939b3.wp-block-uagb-image--layout-default figure img{box-shadow: 0px 0px 0 #00000070;}.uagb-block-e6f939b3.wp-block-uagb-image .wp-block-uagb-image__figure figcaption{font-style: normal;align-self: center;}.uagb-block-e6f939b3.wp-block-uagb-image--layout-overlay figure img{box-shadow: 0px 0px 0 #00000070;}.uagb-block-e6f939b3.wp-block-uagb-image--layout-overlay .wp-block-uagb-image--layout-overlay__color-wrapper{opacity: 0.2;}.uagb-block-e6f939b3.wp-block-uagb-image--layout-overlay .wp-block-uagb-image--layout-overlay__inner{left: 15px;right: 15px;top: 15px;bottom: 15px;}.uagb-block-e6f939b3.wp-block-uagb-image--layout-overlay .wp-block-uagb-image--layout-overlay__inner .uagb-image-heading{font-style: normal;color: #fff;opacity: 1;}.uagb-block-e6f939b3.wp-block-uagb-image--layout-overlay .wp-block-uagb-image--layout-overlay__inner .uagb-image-heading a{color: #fff;}.uagb-block-e6f939b3.wp-block-uagb-image--layout-overlay .wp-block-uagb-image--layout-overlay__inner .uagb-image-caption{opacity: 0;}.uagb-block-e6f939b3.wp-block-uagb-image--layout-overlay .wp-block-uagb-image__figure:hover .wp-block-uagb-image--layout-overlay__color-wrapper{opacity: 1;}.uagb-block-e6f939b3.wp-block-uagb-image .wp-block-uagb-image--layout-overlay__inner .uagb-image-separator{width: 30%;border-top-width: 2px;border-top-color: #fff;opacity: 0;}.uagb-block-e6f939b3.wp-block-uagb-image .wp-block-uagb-image__figure img{width: px;height: auto;}.uagb-block-e6f939b3.wp-block-uagb-image .wp-block-uagb-image__figure:hover .wp-block-uagb-image--layout-overlay__inner .uagb-image-caption{opacity: 1;}.uagb-block-e6f939b3.wp-block-uagb-image .wp-block-uagb-image__figure:hover .wp-block-uagb-image--layout-overlay__inner .uagb-image-separator{opacity: 1;}.uagb-block-e6f939b3.wp-block-uagb-image--layout-default figure:hover img{box-shadow: 0px 0px 0 #00000070;}.uagb-block-e6f939b3.wp-block-uagb-image--layout-overlay figure:hover img{box-shadow: 0px 0px 0 #00000070;}@media only screen and (max-width: 976px) {.uagb-block-e6f939b3.wp-block-uagb-image .wp-block-uagb-image__figure img{width: px;height: auto;}}@media only screen and (max-width: 767px) {.uagb-block-e6f939b3.wp-block-uagb-image .wp-block-uagb-image__figure img{width: px;height: auto;}}\";s:2:\"js\";s:0:\"\";s:18:\"current_block_list\";a:13:{i:0;s:11:\"core\/search\";i:1;s:10:\"core\/group\";i:2;s:12:\"core\/heading\";i:3;s:17:\"core\/latest-posts\";i:4;s:20:\"core\/latest-comments\";i:5;s:13:\"core\/archives\";i:6;s:15:\"core\/categories\";i:7;s:14:\"core\/paragraph\";i:8;s:10:\"uagb\/image\";i:9;s:11:\"core\/spacer\";i:10;s:30:\"woocommerce\/product-categories\";i:11;s:10:\"core\/image\";i:12;s:14:\"core\/shortcode\";}s:8:\"uag_flag\";b:1;s:11:\"uag_version\";s:10:\"1776613133\";s:6:\"gfonts\";a:0:{}s:10:\"gfonts_url\";s:0:\"\";s:12:\"gfonts_files\";a:0:{}s:14:\"uag_faq_layout\";b:0;}"]},"uagb_featured_image_src":{"full":["https:\/\/www.ferberpainting.com\/wp-content\/uploads\/2025\/05\/Copper-Brass-and-Bronze-Cleaner-5L.png",2560,2560,false],"thumbnail":["https:\/\/www.ferberpainting.com\/wp-content\/uploads\/2025\/05\/Copper-Brass-and-Bronze-Cleaner-5L-150x150.png",150,150,true],"medium":["https:\/\/www.ferberpainting.com\/wp-content\/uploads\/2025\/05\/Copper-Brass-and-Bronze-Cleaner-5L-300x300.png",300,300,true],"medium_large":["https:\/\/www.ferberpainting.com\/wp-content\/uploads\/2025\/05\/Copper-Brass-and-Bronze-Cleaner-5L-768x768.png",768,768,true],"large":["https:\/\/www.ferberpainting.com\/wp-content\/uploads\/2025\/05\/Copper-Brass-and-Bronze-Cleaner-5L-1024x1024.png",1024,1024,true],"1536x1536":["https:\/\/www.ferberpainting.com\/wp-content\/uploads\/2025\/05\/Copper-Brass-and-Bronze-Cleaner-5L-1536x1536.png",1536,1536,true],"2048x2048":["https:\/\/www.ferberpainting.com\/wp-content\/uploads\/2025\/05\/Copper-Brass-and-Bronze-Cleaner-5L-2048x2048.png",2048,2048,true],"trp-custom-language-flag":["https:\/\/www.ferberpainting.com\/wp-content\/uploads\/2025\/05\/Copper-Brass-and-Bronze-Cleaner-5L-12x12.png",12,12,true],"woocommerce_thumbnail":["https:\/\/www.ferberpainting.com\/wp-content\/uploads\/2025\/05\/Copper-Brass-and-Bronze-Cleaner-5L-300x300.png",300,300,true],"woocommerce_single":["https:\/\/www.ferberpainting.com\/wp-content\/uploads\/2025\/05\/Copper-Brass-and-Bronze-Cleaner-5L-600x600.png",600,600,true],"woocommerce_gallery_thumbnail":["https:\/\/www.ferberpainting.com\/wp-content\/uploads\/2025\/05\/Copper-Brass-and-Bronze-Cleaner-5L-100x100.png",100,100,true]},"uagb_author_info":{"display_name":"admin","author_link":"https:\/\/www.ferberpainting.com\/sk\/author\/"},"uagb_comment_info":11,"uagb_excerpt":"Optimal Effectiveness.\u00a0This cleaner for copper, brass, and bronze is specially formulated to effectively remove oxidation, stains, tarnish, and accumulated dirt over time. It works deep into the surface to restore shine and the natural glow of metals without damaging them. Its active formula quickly dissolves patina and dull residues, bringing back the original appearance of&hellip;","_links":{"self":[{"href":"https:\/\/www.ferberpainting.com\/sk\/wp-json\/wp\/v2\/product\/23187","targetHints":{"allow":["GET"]}}],"collection":[{"href":"https:\/\/www.ferberpainting.com\/sk\/wp-json\/wp\/v2\/product"}],"about":[{"href":"https:\/\/www.ferberpainting.com\/sk\/wp-json\/wp\/v2\/types\/product"}],"replies":[{"embeddable":true,"href":"https:\/\/www.ferberpainting.com\/sk\/wp-json\/wp\/v2\/comments?post=23187"}],"version-history":[{"count":4,"href":"https:\/\/www.ferberpainting.com\/sk\/wp-json\/wp\/v2\/product\/23187\/revisions"}],"predecessor-version":[{"id":166092,"href":"https:\/\/www.ferberpainting.com\/sk\/wp-json\/wp\/v2\/product\/23187\/revisions\/166092"}],"wp:featuredmedia":[{"embeddable":true,"href":"https:\/\/www.ferberpainting.com\/sk\/wp-json\/wp\/v2\/media\/36452"}],"wp:attachment":[{"href":"https:\/\/www.ferberpainting.com\/sk\/wp-json\/wp\/v2\/media?parent=23187"}],"wp:term":[{"taxonomy":"product_brand","embeddable":true,"href":"https:\/\/www.ferberpainting.com\/sk\/wp-json\/wp\/v2\/product_brand?post=23187"},{"taxonomy":"product_cat","embeddable":true,"href":"https:\/\/www.ferberpainting.com\/sk\/wp-json\/wp\/v2\/product_cat?post=23187"},{"taxonomy":"product_tag","embeddable":true,"href":"https:\/\/www.ferberpainting.com\/sk\/wp-json\/wp\/v2\/product_tag?post=23187"}],"curies":[{"name":"wp","href":"https:\/\/api.w.org\/{rel}","templated":true}]}}