{"id":23183,"date":"2025-05-26T10:23:11","date_gmt":"2025-05-26T08:23:11","guid":{"rendered":"https:\/\/www.ferberpainting.com\/products\/concrete-surface-deactivator\/"},"modified":"2026-02-15T13:41:32","modified_gmt":"2026-02-15T12:41:32","slug":"concrete-surface-deactivator","status":"publish","type":"product","link":"https:\/\/www.ferberpainting.com\/sk\/products\/concrete-surface-deactivator\/","title":{"rendered":"Deaktiv\u00e1tor bet\u00f3nov\u00e9ho povrchu"},"content":{"rendered":"<p><img decoding=\"async\" style=\"margin-right: 12px;\" src=\"https:\/\/www.ferberpainting.com\/wp-content\/uploads\/2026\/02\/Check.svg\" alt=\"\" width=\"18\" height=\"15\" \/><strong>Vytv\u00e1rajte dekorat\u00edvne povrchov\u00e9 \u00fapravy z kameniva s presnos\u0165ou a kontrolou.<\/strong> N\u00e1\u0161 deaktiv\u00e1tor bet\u00f3nov\u00e9ho povrchu je \u0161peci\u00e1lne vyvinut\u00fd na oddialenie tuhnutia povrchu \u010derstvo vyliateho bet\u00f3nu, \u010do v\u00e1m umo\u017en\u00ed zmy\u0165 vrchn\u00fa cementov\u00fa vrstvu a odhali\u0165 pod \u0148ou kr\u00e1sne pr\u00edrodn\u00e9 kamenivo. Poskytuje profesion\u00e1lnu kvalitu dekorat\u00edvnych povrchov pre pr\u00edjazdov\u00e9 cesty, chodn\u00edky, terasy, n\u00e1mestia a architektonick\u00e9 povrchy.<\/p>\n<p><strong><img decoding=\"async\" style=\"margin-right: 12px;\" src=\"https:\/\/www.ferberpainting.com\/wp-content\/uploads\/2026\/02\/Check.svg\" alt=\"\" width=\"18\" height=\"15\" \/>Naj\u00fa\u010dinnej\u0161ie dostupn\u00e9 rie\u0161enie na deaktiv\u00e1ciu povrchu.<\/strong> Tento v\u00fdrobok, ktor\u00fd je navrhnut\u00fd na z\u00e1klade pokro\u010dilej technol\u00f3gie spoma\u013eovania, p\u00f4sob\u00ed presne na povrchov\u00fa vrstvu bez toho, aby ovplyvnil vn\u00fatorn\u00e9 \u0161trukt\u00farne vytvrdzovanie bet\u00f3nu. Zabezpe\u010duje konzistentn\u00fa h\u013abku p\u00f4sobenia a rovnomern\u00fd vzh\u013ead kameniva, \u010d\u00edm dosahuje vynikaj\u00face v\u00fdsledky v porovnan\u00ed s tradi\u010dn\u00fdmi mechanick\u00fdmi met\u00f3dami.<\/p>\n<p><strong><img decoding=\"async\" style=\"margin-right: 12px;\" src=\"https:\/\/www.ferberpainting.com\/wp-content\/uploads\/2026\/02\/Check.svg\" alt=\"\" width=\"18\" height=\"15\" \/>Z\u00e1ruka vr\u00e1tenia pe\u0148az\u00ed pre \u00fapln\u00fa istotu.<\/strong> Za v\u00fdkonom n\u00e1\u0161ho deaktiv\u00e1tora bet\u00f3nov\u00fdch povrchov si plne stoj\u00edme. Ak nebudete s v\u00fdsledkami \u00faplne spokojn\u00ed, vr\u00e1time v\u00e1m peniaze za n\u00e1kup. Na\u0161a z\u00e1ruka vr\u00e1tenia pe\u0148az\u00ed zaru\u010duje, \u017ee va\u0161a invest\u00edcia je \u00faplne bez rizika a odr\u00e1\u017ea n\u00e1\u0161 z\u00e1v\u00e4zok k profesion\u00e1lnej kvalite.<\/p>\n<p><strong><img decoding=\"async\" style=\"margin-right: 12px;\" src=\"https:\/\/www.ferberpainting.com\/wp-content\/uploads\/2026\/02\/Check.svg\" alt=\"\" width=\"18\" height=\"15\" \/>Najlacnej\u0161ie profesion\u00e1lne rie\u0161enie pre obna\u017een\u00e9 kamenivo na trhu.<\/strong> Dekorat\u00edvne povrchov\u00e9 \u00fapravy bet\u00f3nu si \u010dasto vy\u017eaduj\u00fa n\u00e1kladn\u00e9 o\u0161etrenie alebo \u0161pecializovan\u00e9 vybavenie. N\u00e1\u0161 deaktiv\u00e1tor povrchov pon\u00faka prvotriedny v\u00fdkon za najv\u00fdhodnej\u0161iu dostupn\u00fa cenu, \u010d\u00edm poskytuje vynikaj\u00facu hodnotu pre dod\u00e1vate\u013eov aj majite\u013eov nehnute\u013enost\u00ed.<\/p>\n<p><strong><img decoding=\"async\" style=\"margin-right: 12px;\" src=\"https:\/\/www.ferberpainting.com\/wp-content\/uploads\/2026\/02\/Check.svg\" alt=\"\" width=\"18\" height=\"15\" \/>R\u00fdchle 24-hodinov\u00e9 dodanie pre \u010dasovo n\u00e1ro\u010dn\u00e9 bet\u00f3nov\u00e9 projekty.<\/strong> Povrchov\u00e1 \u00faprava sa mus\u00ed aplikova\u0165 bezprostredne po ulo\u017een\u00ed bet\u00f3nu. Preto poskytujeme spo\u013eahliv\u00e9 24-hodinov\u00e9 dod\u00e1vky, ktor\u00e9 zabezpe\u010dia, \u017ee v\u00e1\u0161 v\u00fdrobok pr\u00edde v\u010das a dekorat\u00edvna povrchov\u00e1 \u00faprava sa m\u00f4\u017ee vykona\u0165 bez me\u0161kania.<\/p>\n<p><strong><img decoding=\"async\" style=\"margin-right: 12px;\" src=\"https:\/\/www.ferberpainting.com\/wp-content\/uploads\/2026\/02\/Check.svg\" alt=\"\" width=\"18\" height=\"15\" \/>Pokrytie a\u017e do 5 m\u00b2 na liter pri kontrolovanej aplik\u00e1cii.<\/strong> Jeden liter o\u0161etr\u00ed a\u017e 5 metrov \u0161tvorcov\u00fdch, \u010d\u00edm sa zabezpe\u010d\u00ed dostato\u010dn\u00e1 hr\u00fabka aplik\u00e1cie pre \u00fa\u010dinn\u00fa retardaciu povrchu. Takto definovan\u00e9 pokrytie umo\u017e\u0148uje presn\u00e9 pl\u00e1novanie a konzistentn\u00e9 dekorat\u00edvne v\u00fdsledky.<\/p>\n<p><strong><img decoding=\"async\" style=\"margin-right: 12px;\" src=\"https:\/\/www.ferberpainting.com\/wp-content\/uploads\/2026\/02\/Check.svg\" alt=\"\" width=\"18\" height=\"15\" \/>Zabezpe\u010duje rovnomern\u00fa expoz\u00edciu kameniva.<\/strong> Vzorec poskytuje kontrolovan\u00e9 oneskorenie povrchu, \u010do umo\u017e\u0148uje dosiahnu\u0165 konzistentn\u00fa h\u013abku expoz\u00edcie na ve\u013ek\u00fdch ploch\u00e1ch. To zaru\u010duje profesion\u00e1lny, estetick\u00fd povrch bez nerovn\u00fdch \u0161kv\u0155n alebo nekonzistentn\u00fdch text\u00far.<\/p>\n<p><strong><img decoding=\"async\" style=\"margin-right: 12px;\" src=\"https:\/\/www.ferberpainting.com\/wp-content\/uploads\/2026\/02\/Check.svg\" alt=\"\" width=\"18\" height=\"15\" \/>Zachov\u00e1va \u0161truktur\u00e1lnu integritu bet\u00f3nu.<\/strong> Zatia\u013e \u010do povrchov\u00e9 tuhnutie je oneskoren\u00e9, vn\u00fatorn\u00e1 bet\u00f3nov\u00e1 hmota vytvrdzuje norm\u00e1lne. To zaru\u010duje, \u017ee kone\u010dn\u00e1 kon\u0161trukcia si zachov\u00e1 svoju mechanick\u00fa pevnos\u0165 a dlhodob\u00fa trvanlivos\u0165.<\/p>\n<p><strong><img decoding=\"async\" style=\"margin-right: 12px;\" src=\"https:\/\/www.ferberpainting.com\/wp-content\/uploads\/2026\/02\/Check.svg\" alt=\"\" width=\"18\" height=\"15\" \/>Vhodn\u00e9 na reziden\u010dn\u00e9 a komer\u010dn\u00e9 dekorat\u00edvne projekty.<\/strong> Tento deaktiv\u00e1tor je ide\u00e1lny na chodn\u00edky, terasy, n\u00e1dvoria, parkovacie plochy, paluby baz\u00e9nov a architektonick\u00e9 bet\u00f3nov\u00e9 povrchy a zvy\u0161uje estetick\u00fd vzh\u013ead pri zachovan\u00ed trvanlivosti.<\/p>\n<p><strong><img decoding=\"async\" style=\"margin-right: 12px;\" src=\"https:\/\/www.ferberpainting.com\/wp-content\/uploads\/2026\/02\/Check.svg\" alt=\"\" width=\"18\" height=\"15\" \/>Jednoduch\u00e1 aplik\u00e1cia pre profesion\u00e1lne v\u00fdsledky.<\/strong> V\u00fdrobok je navrhnut\u00fd na jednoduch\u00e9 pou\u017eitie, mo\u017eno ho aplikova\u0165 n\u00edzkotlakov\u00fdm postrekova\u010dom ihne\u010f po dokon\u010den\u00ed bet\u00f3nov\u00e9ho povrchu, tak\u017ee je vhodn\u00fd pre dod\u00e1vate\u013eov a sk\u00fasen\u00fdch aplik\u00e1torov, ktor\u00ed h\u013eadaj\u00fa spo\u013eahliv\u00e9 a opakovate\u013en\u00e9 dekorat\u00edvne efekty.<\/p>\n<h2><strong>Pokyny<\/strong><\/h2>\n<ul>\n<li>Bet\u00f3nov\u00fd povrch vylejte a vyrovnajte pod\u013ea \u0161tandardn\u00fdch stavebn\u00fdch postupov.<\/li>\n<li>Po riadnom dokon\u010den\u00ed povrchu a odparen\u00ed prebyto\u010dnej vody rovnomerne naneste deaktiv\u00e1tor povrchu.<\/li>\n<li>Pred pou\u017eit\u00edm v\u00fdrobok d\u00f4kladne pretrepte alebo premie\u0161ajte, aby ste zabezpe\u010dili rovnomern\u00e9 zlo\u017eenie.<\/li>\n<li>Aplikujte pomocou n\u00edzkotlakov\u00e9ho rozpra\u0161ova\u010da, aby ste dosiahli rovnomern\u00e9 pokrytie cel\u00e9ho povrchu.<\/li>\n<li>Dodr\u017eujte odpor\u00fa\u010dan\u00fa kryciu d\u00e1vku do 5 m\u00b2 na liter. To zodpoved\u00e1 pribli\u017ene 200 ml na meter \u0161tvorcov\u00fd pre optim\u00e1lnu retard\u00e1ciu povrchu.<\/li>\n<li>Zabezpe\u010dte \u00fapln\u00e9 a rovnomern\u00e9 pokrytie bez ponechania neo\u0161etren\u00fdch pl\u00f4ch. Zabr\u00e1\u0148te nadmern\u00e9mu hromadeniu.<\/li>\n<li>Nechajte v\u00fdrobok p\u00f4sobi\u0165 v z\u00e1vislosti od podmienok prostredia, zvy\u010dajne k\u00fdm podkladov\u00fd bet\u00f3n dostato\u010dne nezatuhne.<\/li>\n<li>Po uplynut\u00ed primeranej \u010dakacej doby povrch jemne umyte vodou pomocou hadice alebo tlakov\u00e9ho \u010disti\u010da, aby ste odstr\u00e1nili zm\u00e4knut\u00fa cementov\u00fa pastu a odhalili kamenivo.<\/li>\n<li>Vyhnite sa aplik\u00e1cii po\u010das siln\u00e9ho da\u017e\u010fa alebo extr\u00e9mnych tepl\u00f4t, ktor\u00e9 by mohli naru\u0161i\u0165 vytvrdzovanie a \u00fapravu povrchu.<\/li>\n<li>N\u00e1stroje po pou\u017eit\u00ed ihne\u010f o\u010distite vodou a v\u00fdrobok skladujte na chladnom a suchom mieste s pevne uzavret\u00fdm obalom.<\/li>\n<\/ul>","protected":false},"excerpt":{"rendered":"<p>Create decorative exposed aggregate finishes with precision and control. Our concrete surface deactivator is specially formulated to delay the surface setting of freshly poured concrete, allowing you to wash away the top cement layer and reveal beautiful natural aggregates beneath. It provides professional-quality decorative finishes for driveways, walkways, patios, plazas, and architectural surfaces. The most [&hellip;]<\/p>\n","protected":false},"featured_media":25747,"comment_status":"open","ping_status":"closed","template":"","meta":{"_uag_custom_page_level_css":"","site-sidebar-layout":"default","site-content-layout":"","ast-site-content-layout":"default","site-content-style":"default","site-sidebar-style":"default","ast-global-header-display":"","ast-banner-title-visibility":"","ast-main-header-display":"","ast-hfb-above-header-display":"","ast-hfb-below-header-display":"","ast-hfb-mobile-header-display":"","site-post-title":"","ast-breadcrumbs-content":"","ast-featured-img":"","footer-sml-layout":"","ast-disable-related-posts":"","theme-transparent-header-meta":"default","adv-header-id-meta":"","stick-header-meta":"","header-above-stick-meta":"","header-main-stick-meta":"","header-below-stick-meta":"","astra-migrate-meta-layouts":"set","ast-page-background-enabled":"default","ast-page-background-meta":{"desktop":{"background-color":"var(--ast-global-color-4)","background-image":"","background-repeat":"repeat","background-position":"center center","background-size":"auto","background-attachment":"scroll","background-type":"","background-media":"","overlay-type":"","overlay-color":"","overlay-opacity":"","overlay-gradient":""},"tablet":{"background-color":"","background-image":"","background-repeat":"repeat","background-position":"center center","background-size":"auto","background-attachment":"scroll","background-type":"","background-media":"","overlay-type":"","overlay-color":"","overlay-opacity":"","overlay-gradient":""},"mobile":{"background-color":"","background-image":"","background-repeat":"repeat","background-position":"center center","background-size":"auto","background-attachment":"scroll","background-type":"","background-media":"","overlay-type":"","overlay-color":"","overlay-opacity":"","overlay-gradient":""}},"ast-content-background-meta":{"desktop":{"background-color":"var(--ast-global-color-5)","background-image":"","background-repeat":"repeat","background-position":"center center","background-size":"auto","background-attachment":"scroll","background-type":"","background-media":"","overlay-type":"","overlay-color":"","overlay-opacity":"","overlay-gradient":""},"tablet":{"background-color":"var(--ast-global-color-5)","background-image":"","background-repeat":"repeat","background-position":"center center","background-size":"auto","background-attachment":"scroll","background-type":"","background-media":"","overlay-type":"","overlay-color":"","overlay-opacity":"","overlay-gradient":""},"mobile":{"background-color":"var(--ast-global-color-5)","background-image":"","background-repeat":"repeat","background-position":"center center","background-size":"auto","background-attachment":"scroll","background-type":"","background-media":"","overlay-type":"","overlay-color":"","overlay-opacity":"","overlay-gradient":""}}},"product_brand":[],"product_cat":[176],"product_tag":[],"class_list":{"0":"post-23183","1":"product","2":"type-product","3":"status-publish","4":"has-post-thumbnail","6":"product_cat-concrete-treatment","7":"desktop-align-left","8":"tablet-align-left","9":"mobile-align-left","11":"first","12":"instock","13":"sale","14":"taxable","15":"shipping-taxable","16":"purchasable","17":"product-type-variable","18":"has-default-attributes"},"spectra_custom_meta":{"_visibility":["visible"],"_shopify_product_id":["7952816144629"],"_s2w_shopify_domain":["ferberpainting.myshopify.com"],"_shopify_variant_id":["43508740391157"],"_manage_stock":["no"],"total_sales":["132"],"_tax_status":["taxable"],"_tax_class":[""],"_backorders":["no"],"_sold_individually":["no"],"_virtual":["no"],"_downloadable":["no"],"_download_limit":["-1"],"_download_expiry":["-1"],"_stock":[null],"_stock_status":["instock"],"_wc_average_rating":["4.92"],"_wc_review_count":["77"],"_product_attributes":["a:1:{s:6:\"volume\";a:6:{s:4:\"name\";s:6:\"Volume\";s:5:\"value\";s:20:\"5 liters | 25 liters\";s:8:\"position\";i:1;s:10:\"is_visible\";i:0;s:12:\"is_variation\";i:1;s:11:\"is_taxonomy\";i:0;}}"],"_product_version":["10.5.1"],"_thumbnail_id":["25747"],"_product_image_gallery":["25748"],"_edit_lock":["1771159153:1"],"_default_attributes":["a:1:{s:6:\"volume\";s:8:\"5 liters\";}"],"merchant-center-availability":["yes"],"merchant-center-category":["503739"],"merchant-center-id":["CSD"],"_edit_last":["1"],"_wp_page_template":["default"],"site-sidebar-layout":["default"],"ast-site-content-layout":["default"],"site-content-style":["default"],"site-sidebar-style":["default"],"theme-transparent-header-meta":["default"],"_price":["29.90","119.90"],"_wc_rating_count":["a:3:{i:3;i:1;i:4;i:4;i:5;i:72;}"],"astra-migrate-meta-layouts":["set"],"_uag_css_file_name":["uag-css-23183.css"],"_elementor_page_assets":["a:0:{}"],"_uag_page_assets":["a:9:{s:3:\"css\";s:7133:\".uag-blocks-common-selector{z-index:var(--z-index-desktop) !important}@media(max-width: 976px){.uag-blocks-common-selector{z-index:var(--z-index-tablet) !important}}@media(max-width: 767px){.uag-blocks-common-selector{z-index:var(--z-index-mobile) !important}}.wp-block-uagb-image{display:flex}.wp-block-uagb-image__figure{position:relative;display:flex;flex-direction:column;max-width:100%;height:auto;margin:0}.wp-block-uagb-image__figure img{height:auto;display:flex;max-width:100%;transition:box-shadow .2s ease}.wp-block-uagb-image__figure>a{display:inline-block}.wp-block-uagb-image__figure figcaption{text-align:center;margin-top:.5em;margin-bottom:1em}.wp-block-uagb-image .components-placeholder.block-editor-media-placeholder .components-placeholder__instructions{align-self:center}.wp-block-uagb-image--align-left{text-align:left}.wp-block-uagb-image--align-right{text-align:right}.wp-block-uagb-image--align-center{text-align:center}.wp-block-uagb-image--align-full .wp-block-uagb-image__figure{margin-left:calc(50% - 50vw);margin-right:calc(50% - 50vw);max-width:100vw;width:100vw;height:auto}.wp-block-uagb-image--align-full .wp-block-uagb-image__figure img{height:auto;width:100% !important}.wp-block-uagb-image--align-wide .wp-block-uagb-image__figure img{height:auto;width:100%}.wp-block-uagb-image--layout-overlay__color-wrapper{position:absolute;left:0;top:0;right:0;bottom:0;opacity:.2;background:rgba(0,0,0,.5);transition:opacity .35s ease-in-out}.wp-block-uagb-image--layout-overlay-link{position:absolute;left:0;right:0;bottom:0;top:0}.wp-block-uagb-image--layout-overlay .wp-block-uagb-image__figure:hover .wp-block-uagb-image--layout-overlay__color-wrapper{opacity:1}.wp-block-uagb-image--layout-overlay__inner{position:absolute;left:15px;right:15px;bottom:15px;top:15px;display:flex;align-items:center;justify-content:center;flex-direction:column;border-color:#fff;transition:.35s ease-in-out}.wp-block-uagb-image--layout-overlay__inner.top-left,.wp-block-uagb-image--layout-overlay__inner.top-center,.wp-block-uagb-image--layout-overlay__inner.top-right{justify-content:flex-start}.wp-block-uagb-image--layout-overlay__inner.bottom-left,.wp-block-uagb-image--layout-overlay__inner.bottom-center,.wp-block-uagb-image--layout-overlay__inner.bottom-right{justify-content:flex-end}.wp-block-uagb-image--layout-overlay__inner.top-left,.wp-block-uagb-image--layout-overlay__inner.center-left,.wp-block-uagb-image--layout-overlay__inner.bottom-left{align-items:flex-start}.wp-block-uagb-image--layout-overlay__inner.top-right,.wp-block-uagb-image--layout-overlay__inner.center-right,.wp-block-uagb-image--layout-overlay__inner.bottom-right{align-items:flex-end}.wp-block-uagb-image--layout-overlay__inner .uagb-image-heading{color:#fff;transition:transform .35s,opacity .35s ease-in-out;transform:translate3d(0, 24px, 0);margin:0;line-height:1em}.wp-block-uagb-image--layout-overlay__inner .uagb-image-separator{width:30%;border-top-width:2px;border-top-color:#fff;border-top-style:solid;margin-bottom:10px;opacity:0;transition:transform .4s,opacity .4s ease-in-out;transform:translate3d(0, 30px, 0)}.wp-block-uagb-image--layout-overlay__inner .uagb-image-caption{opacity:0;overflow:visible;color:#fff;transition:transform .45s,opacity .45s ease-in-out;transform:translate3d(0, 35px, 0)}.wp-block-uagb-image--layout-overlay__inner:hover .uagb-image-heading,.wp-block-uagb-image--layout-overlay__inner:hover .uagb-image-separator,.wp-block-uagb-image--layout-overlay__inner:hover .uagb-image-caption{opacity:1;transform:translate3d(0, 0, 0)}.wp-block-uagb-image--effect-zoomin .wp-block-uagb-image__figure img,.wp-block-uagb-image--effect-zoomin .wp-block-uagb-image__figure .wp-block-uagb-image--layout-overlay__color-wrapper{transform:scale(1);transition:transform .35s ease-in-out}.wp-block-uagb-image--effect-zoomin .wp-block-uagb-image__figure:hover img,.wp-block-uagb-image--effect-zoomin .wp-block-uagb-image__figure:hover .wp-block-uagb-image--layout-overlay__color-wrapper{transform:scale(1.05)}.wp-block-uagb-image--effect-slide .wp-block-uagb-image__figure img,.wp-block-uagb-image--effect-slide .wp-block-uagb-image__figure .wp-block-uagb-image--layout-overlay__color-wrapper{width:calc(100% + 40px) !important;max-width:none !important;transform:translate3d(-40px, 0, 0);transition:transform .35s ease-in-out}.wp-block-uagb-image--effect-slide .wp-block-uagb-image__figure:hover img,.wp-block-uagb-image--effect-slide .wp-block-uagb-image__figure:hover .wp-block-uagb-image--layout-overlay__color-wrapper{transform:translate3d(0, 0, 0)}.wp-block-uagb-image--effect-grayscale img{filter:grayscale(0%);transition:.35s ease-in-out}.wp-block-uagb-image--effect-grayscale:hover img{filter:grayscale(100%)}.wp-block-uagb-image--effect-blur img{filter:blur(0);transition:.35s ease-in-out}.wp-block-uagb-image--effect-blur:hover img{filter:blur(3px)}.uagb-block-e6f939b3.wp-block-uagb-image--layout-default figure img{box-shadow: 0px 0px 0 #00000070;}.uagb-block-e6f939b3.wp-block-uagb-image .wp-block-uagb-image__figure figcaption{font-style: normal;align-self: center;}.uagb-block-e6f939b3.wp-block-uagb-image--layout-overlay figure img{box-shadow: 0px 0px 0 #00000070;}.uagb-block-e6f939b3.wp-block-uagb-image--layout-overlay .wp-block-uagb-image--layout-overlay__color-wrapper{opacity: 0.2;}.uagb-block-e6f939b3.wp-block-uagb-image--layout-overlay .wp-block-uagb-image--layout-overlay__inner{left: 15px;right: 15px;top: 15px;bottom: 15px;}.uagb-block-e6f939b3.wp-block-uagb-image--layout-overlay .wp-block-uagb-image--layout-overlay__inner .uagb-image-heading{font-style: normal;color: #fff;opacity: 1;}.uagb-block-e6f939b3.wp-block-uagb-image--layout-overlay .wp-block-uagb-image--layout-overlay__inner .uagb-image-heading a{color: #fff;}.uagb-block-e6f939b3.wp-block-uagb-image--layout-overlay .wp-block-uagb-image--layout-overlay__inner .uagb-image-caption{opacity: 0;}.uagb-block-e6f939b3.wp-block-uagb-image--layout-overlay .wp-block-uagb-image__figure:hover .wp-block-uagb-image--layout-overlay__color-wrapper{opacity: 1;}.uagb-block-e6f939b3.wp-block-uagb-image .wp-block-uagb-image--layout-overlay__inner .uagb-image-separator{width: 30%;border-top-width: 2px;border-top-color: #fff;opacity: 0;}.uagb-block-e6f939b3.wp-block-uagb-image .wp-block-uagb-image__figure img{width: px;height: auto;}.uagb-block-e6f939b3.wp-block-uagb-image .wp-block-uagb-image__figure:hover .wp-block-uagb-image--layout-overlay__inner .uagb-image-caption{opacity: 1;}.uagb-block-e6f939b3.wp-block-uagb-image .wp-block-uagb-image__figure:hover .wp-block-uagb-image--layout-overlay__inner .uagb-image-separator{opacity: 1;}.uagb-block-e6f939b3.wp-block-uagb-image--layout-default figure:hover img{box-shadow: 0px 0px 0 #00000070;}.uagb-block-e6f939b3.wp-block-uagb-image--layout-overlay figure:hover img{box-shadow: 0px 0px 0 #00000070;}@media only screen and (max-width: 976px) {.uagb-block-e6f939b3.wp-block-uagb-image .wp-block-uagb-image__figure img{width: px;height: auto;}}@media only screen and (max-width: 767px) {.uagb-block-e6f939b3.wp-block-uagb-image .wp-block-uagb-image__figure img{width: px;height: auto;}}\";s:2:\"js\";s:0:\"\";s:18:\"current_block_list\";a:13:{i:0;s:11:\"core\/search\";i:1;s:10:\"core\/group\";i:2;s:12:\"core\/heading\";i:3;s:17:\"core\/latest-posts\";i:4;s:20:\"core\/latest-comments\";i:5;s:13:\"core\/archives\";i:6;s:15:\"core\/categories\";i:7;s:14:\"core\/paragraph\";i:8;s:10:\"uagb\/image\";i:9;s:11:\"core\/spacer\";i:10;s:30:\"woocommerce\/product-categories\";i:11;s:10:\"core\/image\";i:12;s:14:\"core\/shortcode\";}s:8:\"uag_flag\";b:1;s:11:\"uag_version\";s:10:\"1777363364\";s:6:\"gfonts\";a:0:{}s:10:\"gfonts_url\";s:0:\"\";s:12:\"gfonts_files\";a:0:{}s:14:\"uag_faq_layout\";b:0;}"]},"uagb_featured_image_src":{"full":["https:\/\/www.ferberpainting.com\/wp-content\/uploads\/2025\/05\/Concrete_Surface_Deactivator_5L.jpg",2560,2560,false],"thumbnail":["https:\/\/www.ferberpainting.com\/wp-content\/uploads\/2025\/05\/Concrete_Surface_Deactivator_5L-150x150.jpg",150,150,true],"medium":["https:\/\/www.ferberpainting.com\/wp-content\/uploads\/2025\/05\/Concrete_Surface_Deactivator_5L-300x300.jpg",300,300,true],"medium_large":["https:\/\/www.ferberpainting.com\/wp-content\/uploads\/2025\/05\/Concrete_Surface_Deactivator_5L-768x768.jpg",768,768,true],"large":["https:\/\/www.ferberpainting.com\/wp-content\/uploads\/2025\/05\/Concrete_Surface_Deactivator_5L-1024x1024.jpg",1024,1024,true],"1536x1536":["https:\/\/www.ferberpainting.com\/wp-content\/uploads\/2025\/05\/Concrete_Surface_Deactivator_5L-1536x1536.jpg",1536,1536,true],"2048x2048":["https:\/\/www.ferberpainting.com\/wp-content\/uploads\/2025\/05\/Concrete_Surface_Deactivator_5L-2048x2048.jpg",2048,2048,true],"trp-custom-language-flag":["https:\/\/www.ferberpainting.com\/wp-content\/uploads\/2025\/05\/Concrete_Surface_Deactivator_5L-12x12.jpg",12,12,true],"woocommerce_thumbnail":["https:\/\/www.ferberpainting.com\/wp-content\/uploads\/2025\/05\/Concrete_Surface_Deactivator_5L-300x300.jpg",300,300,true],"woocommerce_single":["https:\/\/www.ferberpainting.com\/wp-content\/uploads\/2025\/05\/Concrete_Surface_Deactivator_5L-600x600.jpg",600,600,true],"woocommerce_gallery_thumbnail":["https:\/\/www.ferberpainting.com\/wp-content\/uploads\/2025\/05\/Concrete_Surface_Deactivator_5L-100x100.jpg",100,100,true]},"uagb_author_info":{"display_name":"admin","author_link":"https:\/\/www.ferberpainting.com\/sk\/author\/"},"uagb_comment_info":77,"uagb_excerpt":"Create decorative exposed aggregate finishes with precision and control. Our concrete surface deactivator is specially formulated to delay the surface setting of freshly poured concrete, allowing you to wash away the top cement layer and reveal beautiful natural aggregates beneath. It provides professional-quality decorative finishes for driveways, walkways, patios, plazas, and architectural surfaces. The most&hellip;","_links":{"self":[{"href":"https:\/\/www.ferberpainting.com\/sk\/wp-json\/wp\/v2\/product\/23183","targetHints":{"allow":["GET"]}}],"collection":[{"href":"https:\/\/www.ferberpainting.com\/sk\/wp-json\/wp\/v2\/product"}],"about":[{"href":"https:\/\/www.ferberpainting.com\/sk\/wp-json\/wp\/v2\/types\/product"}],"replies":[{"embeddable":true,"href":"https:\/\/www.ferberpainting.com\/sk\/wp-json\/wp\/v2\/comments?post=23183"}],"version-history":[{"count":4,"href":"https:\/\/www.ferberpainting.com\/sk\/wp-json\/wp\/v2\/product\/23183\/revisions"}],"predecessor-version":[{"id":166088,"href":"https:\/\/www.ferberpainting.com\/sk\/wp-json\/wp\/v2\/product\/23183\/revisions\/166088"}],"wp:featuredmedia":[{"embeddable":true,"href":"https:\/\/www.ferberpainting.com\/sk\/wp-json\/wp\/v2\/media\/25747"}],"wp:attachment":[{"href":"https:\/\/www.ferberpainting.com\/sk\/wp-json\/wp\/v2\/media?parent=23183"}],"wp:term":[{"taxonomy":"product_brand","embeddable":true,"href":"https:\/\/www.ferberpainting.com\/sk\/wp-json\/wp\/v2\/product_brand?post=23183"},{"taxonomy":"product_cat","embeddable":true,"href":"https:\/\/www.ferberpainting.com\/sk\/wp-json\/wp\/v2\/product_cat?post=23183"},{"taxonomy":"product_tag","embeddable":true,"href":"https:\/\/www.ferberpainting.com\/sk\/wp-json\/wp\/v2\/product_tag?post=23183"}],"curies":[{"name":"wp","href":"https:\/\/api.w.org\/{rel}","templated":true}]}}