{"id":23174,"date":"2025-05-26T10:23:08","date_gmt":"2025-05-26T08:23:08","guid":{"rendered":"https:\/\/www.ferberpainting.com\/products\/cure-for-concrete-and-mortar\/"},"modified":"2026-02-15T16:44:44","modified_gmt":"2026-02-15T15:44:44","slug":"cure-for-concrete-and-mortar","status":"publish","type":"product","link":"https:\/\/www.ferberpainting.com\/sk\/products\/cure-for-concrete-and-mortar\/","title":{"rendered":"Vytvrdzovanie bet\u00f3nu a malty"},"content":{"rendered":"<p><strong><img decoding=\"async\" style=\"margin-right: 12px;\" src=\"https:\/\/www.ferberpainting.com\/wp-content\/uploads\/2026\/02\/Check.svg\" alt=\"\" width=\"18\" height=\"15\" \/>Zabezpe\u010dte optim\u00e1lne vytvrdzovanie pre pevnej\u0161\u00ed a odolnej\u0161\u00ed bet\u00f3n a maltu.<\/strong> Na\u0161e pr\u00edpravky na vytvrdzovanie bet\u00f3nu a malty s\u00fa \u0161peci\u00e1lne vyvinut\u00e9 tak, aby regulovali odparovanie vlhkosti po\u010das kritickej f\u00e1zy vytvrdzovania a umo\u017enili materi\u00e1lom na b\u00e1ze cementu dosiahnu\u0165 maxim\u00e1lnu pevnos\u0165 a \u0161truktur\u00e1lnu integritu. Udr\u017eiavan\u00edm spr\u00e1vnych podmienok hydrat\u00e1cie v\u00fdrazne zni\u017euje riziko vzniku trhl\u00edn, povrchov\u00e9ho zmr\u0161tenia a pred\u010dasn\u00e9ho oslabenia.<\/p>\n<p><strong><img decoding=\"async\" style=\"margin-right: 12px;\" src=\"https:\/\/www.ferberpainting.com\/wp-content\/uploads\/2026\/02\/Check.svg\" alt=\"\" width=\"18\" height=\"15\" \/>Naj\u00fa\u010dinnej\u0161ie rie\u0161enie na vytvrdzovanie na trhu.<\/strong> Tento pr\u00edpravok na vytvrdzovanie, navrhnut\u00fd s pokro\u010dilou technol\u00f3giou zadr\u017eiavania vlhkosti, vytv\u00e1ra ochrann\u00fd film, ktor\u00fd spoma\u013euje stratu vody z \u010derstvo vyliateho bet\u00f3nu a malty. Tento riaden\u00fd proces vytvrdzovania zvy\u0161uje pevnos\u0165 v tlaku, zlep\u0161uje trvanlivos\u0165 a zabezpe\u010duje rovnomernej\u0161iu a stabilnej\u0161iu kone\u010dn\u00fa \u0161trukt\u00faru v porovnan\u00ed s neo\u0161etren\u00fdmi povrchmi.<\/p>\n<p><strong><img decoding=\"async\" style=\"margin-right: 12px;\" src=\"https:\/\/www.ferberpainting.com\/wp-content\/uploads\/2026\/02\/Check.svg\" alt=\"\" width=\"18\" height=\"15\" \/>Z\u00e1ruka vr\u00e1tenia pe\u0148az\u00ed pre \u00fapln\u00fd pokoj.<\/strong> Sme si plne ist\u00ed \u00fa\u010dinnos\u0165ou n\u00e1\u0161ho vytvrdzovania bet\u00f3nu a malty. Ak nebudete s v\u00fdsledkami \u00faplne spokojn\u00ed, vr\u00e1time v\u00e1m peniaze za n\u00e1kup. Na\u0161a z\u00e1ruka vr\u00e1tenia pe\u0148az\u00ed zaru\u010duje, \u017ee va\u0161a invest\u00edcia je bez rizika a odr\u00e1\u017ea n\u00e1\u0161 z\u00e1v\u00e4zok k spo\u013eahlivosti na profesion\u00e1lnej \u00farovni.<\/p>\n<p><strong><img decoding=\"async\" style=\"margin-right: 12px;\" src=\"https:\/\/www.ferberpainting.com\/wp-content\/uploads\/2026\/02\/Check.svg\" alt=\"\" width=\"18\" height=\"15\" \/>Najlacnej\u0161ie dostupn\u00e9 profesion\u00e1lne rie\u0161enie na vytvrdzovanie.<\/strong> Vysokokvalitn\u00e1 ochrana proti vytvrdzovaniu nemus\u00ed by\u0165 spojen\u00e1 s vysok\u00fdmi n\u00e1kladmi. N\u00e1\u0161 v\u00fdrobok poskytuje prvotriedny v\u00fdkon za najv\u00fdhodnej\u0161iu cenu na trhu a pon\u00faka v\u00fdnimo\u010dn\u00fa hodnotu pre stavebn\u00fdch profesion\u00e1lov aj dom\u00e1cich majstrov.<\/p>\n<p><strong><img decoding=\"async\" style=\"margin-right: 12px;\" src=\"https:\/\/www.ferberpainting.com\/wp-content\/uploads\/2026\/02\/Check.svg\" alt=\"\" width=\"18\" height=\"15\" \/>R\u00fdchle dodanie do 24 hod\u00edn pre \u010dasovo n\u00e1ro\u010dn\u00e9 projekty.<\/strong> Bet\u00f3n a malta si po ulo\u017een\u00ed vy\u017eaduj\u00fa okam\u017eit\u00fa ochranu proti vytvrdnutiu. Preto pon\u00fakame spo\u013eahliv\u00e9 24-hodinov\u00e9 dodanie, ktor\u00e9 v\u00e1m zaru\u010d\u00ed, \u017ee produkt dostanete r\u00fdchlo a budete m\u00f4c\u0165 chr\u00e1ni\u0165 svoje povrchy v spr\u00e1vnom okamihu.<\/p>\n<p><strong><img decoding=\"async\" style=\"margin-right: 12px;\" src=\"https:\/\/www.ferberpainting.com\/wp-content\/uploads\/2026\/02\/Check.svg\" alt=\"\" width=\"18\" height=\"15\" \/>Pokrytie a\u017e do 5 m\u00b2 na liter pri kontrolovanej aplik\u00e1cii.<\/strong> Jeden liter v\u00fdrobku o\u0161etr\u00ed a\u017e 5 metrov \u0161tvorcov\u00fdch, \u010d\u00edm sa zabezpe\u010d\u00ed dostato\u010dn\u00e1 hr\u00fabka vrstvy na \u00fa\u010dinn\u00e9 vytvrdzovanie. Takto definovan\u00e1 miera pokrytia umo\u017e\u0148uje presn\u00e9 pl\u00e1novanie a zabezpe\u010duje konzistentn\u00e9 udr\u017eanie vlhkosti na o\u0161etrovan\u00fdch ploch\u00e1ch.<\/p>\n<p><strong><img decoding=\"async\" style=\"margin-right: 12px;\" src=\"https:\/\/www.ferberpainting.com\/wp-content\/uploads\/2026\/02\/Check.svg\" alt=\"\" width=\"18\" height=\"15\" \/>Zni\u017euje tvorbu trhl\u00edn a povrchov\u00fdch defektov.<\/strong> Zabr\u00e1nen\u00edm r\u00fdchleho odparovania vody t\u00e1to vytvrdzovacia zmes v\u00fdrazne zni\u017euje trhliny sp\u00f4soben\u00e9 zmr\u0161\u0165ovan\u00edm plastov, zapr\u00e1\u0161enie povrchu a \u0161truktur\u00e1lne mikrotrhliny. Podporuje rovnomern\u00e9 tvrdnutie a zlep\u0161uje celkov\u00fa kvalitu povrchu.<\/p>\n<p><strong><img decoding=\"async\" style=\"margin-right: 12px;\" src=\"https:\/\/www.ferberpainting.com\/wp-content\/uploads\/2026\/02\/Check.svg\" alt=\"\" width=\"18\" height=\"15\" \/>Zvy\u0161uje dlhodob\u00fa odolnos\u0165 a pevnos\u0165.<\/strong> Spr\u00e1vne vytvrdzovanie zvy\u0161uje pevnos\u0165 v tlaku a odolnos\u0165 proti oderu. Tento v\u00fdrobok pom\u00e1ha bet\u00f3nu a malte dosiahnu\u0165 ich pln\u00fd mechanick\u00fd potenci\u00e1l, \u010d\u00edm sa povrch st\u00e1va odolnej\u0161\u00edm vo\u010di opotrebovaniu, poveternostn\u00fdm vplyvom a environment\u00e1lnemu za\u0165a\u017eeniu.<\/p>\n<p><strong><img decoding=\"async\" style=\"margin-right: 12px;\" src=\"https:\/\/www.ferberpainting.com\/wp-content\/uploads\/2026\/02\/Check.svg\" alt=\"\" width=\"18\" height=\"15\" \/>Vhodn\u00e9 na r\u00f4zne aplik\u00e1cie na b\u00e1ze cementu.<\/strong> T\u00e1to vytvrdzovacia \u00faprava je ide\u00e1lna na dosky, z\u00e1klady, potery, pr\u00edjazdov\u00e9 cesty, steny, st\u013apy, chodn\u00edky a maltov\u00e9 \u0161k\u00e1ry. \u00da\u010dinne p\u00f4sob\u00ed v prostred\u00ed obytn\u00fdch, komer\u010dn\u00fdch a priemyseln\u00fdch stavieb.<\/p>\n<p><strong><img decoding=\"async\" style=\"margin-right: 12px;\" src=\"https:\/\/www.ferberpainting.com\/wp-content\/uploads\/2026\/02\/Check.svg\" alt=\"\" width=\"18\" height=\"15\" \/>Jednoduch\u00e1 aplik\u00e1cia pre profesion\u00e1lov a majite\u013eov domov.<\/strong> Vytvrdzovaciu hmotu navrhnut\u00fa na pohodln\u00e9 pou\u017eitie mo\u017eno aplikova\u0165 n\u00edzkotlakov\u00fdm postrekova\u010dom, val\u010dekom alebo \u0161tetcom. Jej rovnomern\u00e1 konzistencia umo\u017e\u0148uje r\u00fdchle a rovnomern\u00e9 pokrytie bez zlo\u017eitej pr\u00edpravy.<\/p>\n<h2><strong>Pokyny<\/strong><\/h2>\n<ul>\n<li>Nan\u00e1\u0161ajte ihne\u010f po dokon\u010den\u00ed bet\u00f3nov\u00e9ho alebo maltov\u00e9ho povrchu, ke\u010f sa odpar\u00ed voda a povrch je dostato\u010dne pevn\u00fd, aby vydr\u017eal aplik\u00e1ciu.<\/li>\n<li>Pred nanesen\u00edm vytvrdzovacej hmoty sa uistite, \u017ee je povrch \u010dist\u00fd a bez stojatej vody.<\/li>\n<li>Pred pou\u017eit\u00edm v\u00fdrobok d\u00f4kladne pretrepte alebo premie\u0161ajte, aby ste zabezpe\u010dili rovnomern\u00e9 zlo\u017eenie.<\/li>\n<li>Rovnomerne naneste pomocou n\u00edzkotlakov\u00e9ho rozpra\u0161ova\u010da, val\u010deka alebo \u0161tetca, aby ste vytvorili s\u00favisl\u00fd ochrann\u00fd film.<\/li>\n<li>Dodr\u017eujte odpor\u00fa\u010dan\u00fa kryciu d\u00e1vku do 5 m\u00b2 na liter. To zodpoved\u00e1 priemernej d\u00e1vke pribli\u017ene 200 ml na meter \u0161tvorcov\u00fd, aby sa zabezpe\u010dilo \u00fa\u010dinn\u00e9 zadr\u017eiavanie vlhkosti.<\/li>\n<li>Zabezpe\u010dte \u00fapln\u00e9 a rovnomern\u00e9 pokrytie bez ponechania neo\u0161etren\u00fdch pl\u00f4ch. Zabr\u00e1\u0148te nadmern\u00e9mu hromadeniu.<\/li>\n<li>Nechajte vytvrdzovaciu f\u00f3liu zaschn\u00fa\u0165 a vytvori\u0165 na povrchu ochrann\u00fa membr\u00e1nu.<\/li>\n<li>\u010cerstvo o\u0161etren\u00e9 plochy chr\u00e1\u0148te pred intenz\u00edvnou prev\u00e1dzkou alebo mechanick\u00fdm po\u0161koden\u00edm po\u010das f\u00e1zy vytvrdzovania.<\/li>\n<li>Vyhnite sa aplik\u00e1cii po\u010das da\u017e\u010fa alebo extr\u00e9mnych poveternostn\u00fdch podmienok, ktor\u00e9 by mohli naru\u0161i\u0165 tvorbu filmu.<\/li>\n<li>N\u00e1stroje po pou\u017eit\u00ed ihne\u010f o\u010distite vodou a v\u00fdrobok skladujte na chladnom a suchom mieste mimo dosahu priameho slne\u010dn\u00e9ho \u017eiarenia a mrazu.<\/li>\n<\/ul>","protected":false},"excerpt":{"rendered":"<p>Ensure optimal curing for stronger and more durable concrete and mortar. Our concrete and mortar cure is specially formulated to regulate moisture evaporation during the critical curing phase, allowing cement-based materials to achieve maximum strength and structural integrity. By maintaining proper hydration conditions, it significantly reduces the risk of cracking, surface shrinkage, and premature weakness. [&hellip;]<\/p>\n","protected":false},"featured_media":25741,"comment_status":"open","ping_status":"closed","template":"","meta":{"_uag_custom_page_level_css":"","site-sidebar-layout":"default","site-content-layout":"","ast-site-content-layout":"default","site-content-style":"default","site-sidebar-style":"default","ast-global-header-display":"","ast-banner-title-visibility":"","ast-main-header-display":"","ast-hfb-above-header-display":"","ast-hfb-below-header-display":"","ast-hfb-mobile-header-display":"","site-post-title":"","ast-breadcrumbs-content":"","ast-featured-img":"","footer-sml-layout":"","ast-disable-related-posts":"","theme-transparent-header-meta":"default","adv-header-id-meta":"","stick-header-meta":"","header-above-stick-meta":"","header-main-stick-meta":"","header-below-stick-meta":"","astra-migrate-meta-layouts":"set","ast-page-background-enabled":"default","ast-page-background-meta":{"desktop":{"background-color":"var(--ast-global-color-4)","background-image":"","background-repeat":"repeat","background-position":"center center","background-size":"auto","background-attachment":"scroll","background-type":"","background-media":"","overlay-type":"","overlay-color":"","overlay-opacity":"","overlay-gradient":""},"tablet":{"background-color":"","background-image":"","background-repeat":"repeat","background-position":"center center","background-size":"auto","background-attachment":"scroll","background-type":"","background-media":"","overlay-type":"","overlay-color":"","overlay-opacity":"","overlay-gradient":""},"mobile":{"background-color":"","background-image":"","background-repeat":"repeat","background-position":"center center","background-size":"auto","background-attachment":"scroll","background-type":"","background-media":"","overlay-type":"","overlay-color":"","overlay-opacity":"","overlay-gradient":""}},"ast-content-background-meta":{"desktop":{"background-color":"var(--ast-global-color-5)","background-image":"","background-repeat":"repeat","background-position":"center center","background-size":"auto","background-attachment":"scroll","background-type":"","background-media":"","overlay-type":"","overlay-color":"","overlay-opacity":"","overlay-gradient":""},"tablet":{"background-color":"var(--ast-global-color-5)","background-image":"","background-repeat":"repeat","background-position":"center center","background-size":"auto","background-attachment":"scroll","background-type":"","background-media":"","overlay-type":"","overlay-color":"","overlay-opacity":"","overlay-gradient":""},"mobile":{"background-color":"var(--ast-global-color-5)","background-image":"","background-repeat":"repeat","background-position":"center center","background-size":"auto","background-attachment":"scroll","background-type":"","background-media":"","overlay-type":"","overlay-color":"","overlay-opacity":"","overlay-gradient":""}}},"product_brand":[],"product_cat":[176],"product_tag":[],"class_list":{"0":"post-23174","1":"product","2":"type-product","3":"status-publish","4":"has-post-thumbnail","6":"product_cat-concrete-treatment","7":"desktop-align-left","8":"tablet-align-left","9":"mobile-align-left","11":"first","12":"instock","13":"sale","14":"shipping-taxable","15":"purchasable","16":"product-type-variable","17":"has-default-attributes"},"spectra_custom_meta":{"_visibility":["visible"],"_shopify_product_id":["8051450839285"],"_s2w_shopify_domain":["ferberpainting.myshopify.com"],"_shopify_variant_id":["43849357066485"],"_manage_stock":["no"],"total_sales":["12"],"_tax_status":["taxable"],"_tax_class":[""],"_backorders":["no"],"_sold_individually":["no"],"_virtual":["no"],"_downloadable":["no"],"_download_limit":["-1"],"_download_expiry":["-1"],"_stock":[null],"_stock_status":["instock"],"_wc_average_rating":["4.98"],"_wc_review_count":["86"],"_product_attributes":["a:1:{s:6:\"volume\";a:6:{s:4:\"name\";s:6:\"Volume\";s:5:\"value\";s:20:\"5 liters | 25 liters\";s:8:\"position\";i:1;s:10:\"is_visible\";i:0;s:12:\"is_variation\";i:1;s:11:\"is_taxonomy\";i:0;}}"],"_product_version":["10.5.1"],"_thumbnail_id":["25741"],"_product_image_gallery":["25742"],"_edit_lock":["1771170229:1"],"_default_attributes":["a:1:{s:6:\"volume\";s:8:\"5 liters\";}"],"merchant-center-availability":["yes"],"merchant-center-category":["2282"],"merchant-center-id":["CBEM5L"],"_edit_last":["1"],"_wp_page_template":["default"],"site-sidebar-layout":["default"],"ast-site-content-layout":["default"],"site-content-style":["default"],"site-sidebar-style":["default"],"theme-transparent-header-meta":["default"],"_price":["29.90","129.90"],"_wc_rating_count":["a:2:{i:4;i:2;i:5;i:84;}"],"astra-migrate-meta-layouts":["set"],"_uag_css_file_name":["uag-css-23174.css"],"_elementor_page_assets":["a:0:{}"],"_uag_page_assets":["a:9:{s:3:\"css\";s:7133:\".uag-blocks-common-selector{z-index:var(--z-index-desktop) !important}@media(max-width: 976px){.uag-blocks-common-selector{z-index:var(--z-index-tablet) !important}}@media(max-width: 767px){.uag-blocks-common-selector{z-index:var(--z-index-mobile) !important}}.wp-block-uagb-image{display:flex}.wp-block-uagb-image__figure{position:relative;display:flex;flex-direction:column;max-width:100%;height:auto;margin:0}.wp-block-uagb-image__figure img{height:auto;display:flex;max-width:100%;transition:box-shadow .2s ease}.wp-block-uagb-image__figure>a{display:inline-block}.wp-block-uagb-image__figure figcaption{text-align:center;margin-top:.5em;margin-bottom:1em}.wp-block-uagb-image .components-placeholder.block-editor-media-placeholder .components-placeholder__instructions{align-self:center}.wp-block-uagb-image--align-left{text-align:left}.wp-block-uagb-image--align-right{text-align:right}.wp-block-uagb-image--align-center{text-align:center}.wp-block-uagb-image--align-full .wp-block-uagb-image__figure{margin-left:calc(50% - 50vw);margin-right:calc(50% - 50vw);max-width:100vw;width:100vw;height:auto}.wp-block-uagb-image--align-full .wp-block-uagb-image__figure img{height:auto;width:100% !important}.wp-block-uagb-image--align-wide .wp-block-uagb-image__figure img{height:auto;width:100%}.wp-block-uagb-image--layout-overlay__color-wrapper{position:absolute;left:0;top:0;right:0;bottom:0;opacity:.2;background:rgba(0,0,0,.5);transition:opacity .35s ease-in-out}.wp-block-uagb-image--layout-overlay-link{position:absolute;left:0;right:0;bottom:0;top:0}.wp-block-uagb-image--layout-overlay .wp-block-uagb-image__figure:hover .wp-block-uagb-image--layout-overlay__color-wrapper{opacity:1}.wp-block-uagb-image--layout-overlay__inner{position:absolute;left:15px;right:15px;bottom:15px;top:15px;display:flex;align-items:center;justify-content:center;flex-direction:column;border-color:#fff;transition:.35s ease-in-out}.wp-block-uagb-image--layout-overlay__inner.top-left,.wp-block-uagb-image--layout-overlay__inner.top-center,.wp-block-uagb-image--layout-overlay__inner.top-right{justify-content:flex-start}.wp-block-uagb-image--layout-overlay__inner.bottom-left,.wp-block-uagb-image--layout-overlay__inner.bottom-center,.wp-block-uagb-image--layout-overlay__inner.bottom-right{justify-content:flex-end}.wp-block-uagb-image--layout-overlay__inner.top-left,.wp-block-uagb-image--layout-overlay__inner.center-left,.wp-block-uagb-image--layout-overlay__inner.bottom-left{align-items:flex-start}.wp-block-uagb-image--layout-overlay__inner.top-right,.wp-block-uagb-image--layout-overlay__inner.center-right,.wp-block-uagb-image--layout-overlay__inner.bottom-right{align-items:flex-end}.wp-block-uagb-image--layout-overlay__inner .uagb-image-heading{color:#fff;transition:transform .35s,opacity .35s ease-in-out;transform:translate3d(0, 24px, 0);margin:0;line-height:1em}.wp-block-uagb-image--layout-overlay__inner .uagb-image-separator{width:30%;border-top-width:2px;border-top-color:#fff;border-top-style:solid;margin-bottom:10px;opacity:0;transition:transform .4s,opacity .4s ease-in-out;transform:translate3d(0, 30px, 0)}.wp-block-uagb-image--layout-overlay__inner .uagb-image-caption{opacity:0;overflow:visible;color:#fff;transition:transform .45s,opacity .45s ease-in-out;transform:translate3d(0, 35px, 0)}.wp-block-uagb-image--layout-overlay__inner:hover .uagb-image-heading,.wp-block-uagb-image--layout-overlay__inner:hover .uagb-image-separator,.wp-block-uagb-image--layout-overlay__inner:hover .uagb-image-caption{opacity:1;transform:translate3d(0, 0, 0)}.wp-block-uagb-image--effect-zoomin .wp-block-uagb-image__figure img,.wp-block-uagb-image--effect-zoomin .wp-block-uagb-image__figure .wp-block-uagb-image--layout-overlay__color-wrapper{transform:scale(1);transition:transform .35s ease-in-out}.wp-block-uagb-image--effect-zoomin .wp-block-uagb-image__figure:hover img,.wp-block-uagb-image--effect-zoomin .wp-block-uagb-image__figure:hover .wp-block-uagb-image--layout-overlay__color-wrapper{transform:scale(1.05)}.wp-block-uagb-image--effect-slide .wp-block-uagb-image__figure img,.wp-block-uagb-image--effect-slide .wp-block-uagb-image__figure .wp-block-uagb-image--layout-overlay__color-wrapper{width:calc(100% + 40px) !important;max-width:none !important;transform:translate3d(-40px, 0, 0);transition:transform .35s ease-in-out}.wp-block-uagb-image--effect-slide .wp-block-uagb-image__figure:hover img,.wp-block-uagb-image--effect-slide .wp-block-uagb-image__figure:hover .wp-block-uagb-image--layout-overlay__color-wrapper{transform:translate3d(0, 0, 0)}.wp-block-uagb-image--effect-grayscale img{filter:grayscale(0%);transition:.35s ease-in-out}.wp-block-uagb-image--effect-grayscale:hover img{filter:grayscale(100%)}.wp-block-uagb-image--effect-blur img{filter:blur(0);transition:.35s ease-in-out}.wp-block-uagb-image--effect-blur:hover img{filter:blur(3px)}.uagb-block-e6f939b3.wp-block-uagb-image--layout-default figure img{box-shadow: 0px 0px 0 #00000070;}.uagb-block-e6f939b3.wp-block-uagb-image .wp-block-uagb-image__figure figcaption{font-style: normal;align-self: center;}.uagb-block-e6f939b3.wp-block-uagb-image--layout-overlay figure img{box-shadow: 0px 0px 0 #00000070;}.uagb-block-e6f939b3.wp-block-uagb-image--layout-overlay .wp-block-uagb-image--layout-overlay__color-wrapper{opacity: 0.2;}.uagb-block-e6f939b3.wp-block-uagb-image--layout-overlay .wp-block-uagb-image--layout-overlay__inner{left: 15px;right: 15px;top: 15px;bottom: 15px;}.uagb-block-e6f939b3.wp-block-uagb-image--layout-overlay .wp-block-uagb-image--layout-overlay__inner .uagb-image-heading{font-style: normal;color: #fff;opacity: 1;}.uagb-block-e6f939b3.wp-block-uagb-image--layout-overlay .wp-block-uagb-image--layout-overlay__inner .uagb-image-heading a{color: #fff;}.uagb-block-e6f939b3.wp-block-uagb-image--layout-overlay .wp-block-uagb-image--layout-overlay__inner .uagb-image-caption{opacity: 0;}.uagb-block-e6f939b3.wp-block-uagb-image--layout-overlay .wp-block-uagb-image__figure:hover .wp-block-uagb-image--layout-overlay__color-wrapper{opacity: 1;}.uagb-block-e6f939b3.wp-block-uagb-image .wp-block-uagb-image--layout-overlay__inner .uagb-image-separator{width: 30%;border-top-width: 2px;border-top-color: #fff;opacity: 0;}.uagb-block-e6f939b3.wp-block-uagb-image .wp-block-uagb-image__figure img{width: px;height: auto;}.uagb-block-e6f939b3.wp-block-uagb-image .wp-block-uagb-image__figure:hover .wp-block-uagb-image--layout-overlay__inner .uagb-image-caption{opacity: 1;}.uagb-block-e6f939b3.wp-block-uagb-image .wp-block-uagb-image__figure:hover .wp-block-uagb-image--layout-overlay__inner .uagb-image-separator{opacity: 1;}.uagb-block-e6f939b3.wp-block-uagb-image--layout-default figure:hover img{box-shadow: 0px 0px 0 #00000070;}.uagb-block-e6f939b3.wp-block-uagb-image--layout-overlay figure:hover img{box-shadow: 0px 0px 0 #00000070;}@media only screen and (max-width: 976px) {.uagb-block-e6f939b3.wp-block-uagb-image .wp-block-uagb-image__figure img{width: px;height: auto;}}@media only screen and (max-width: 767px) {.uagb-block-e6f939b3.wp-block-uagb-image .wp-block-uagb-image__figure img{width: px;height: auto;}}\";s:2:\"js\";s:0:\"\";s:18:\"current_block_list\";a:13:{i:0;s:11:\"core\/search\";i:1;s:10:\"core\/group\";i:2;s:12:\"core\/heading\";i:3;s:17:\"core\/latest-posts\";i:4;s:20:\"core\/latest-comments\";i:5;s:13:\"core\/archives\";i:6;s:15:\"core\/categories\";i:7;s:14:\"core\/paragraph\";i:8;s:10:\"uagb\/image\";i:9;s:11:\"core\/spacer\";i:10;s:30:\"woocommerce\/product-categories\";i:11;s:10:\"core\/image\";i:12;s:14:\"core\/shortcode\";}s:8:\"uag_flag\";b:1;s:11:\"uag_version\";s:10:\"1777111082\";s:6:\"gfonts\";a:0:{}s:10:\"gfonts_url\";s:0:\"\";s:12:\"gfonts_files\";a:0:{}s:14:\"uag_faq_layout\";b:0;}"]},"uagb_featured_image_src":{"full":["https:\/\/www.ferberpainting.com\/wp-content\/uploads\/2025\/05\/ConcreteandMortarCure5L.jpg",2560,2560,false],"thumbnail":["https:\/\/www.ferberpainting.com\/wp-content\/uploads\/2025\/05\/ConcreteandMortarCure5L-150x150.jpg",150,150,true],"medium":["https:\/\/www.ferberpainting.com\/wp-content\/uploads\/2025\/05\/ConcreteandMortarCure5L-300x300.jpg",300,300,true],"medium_large":["https:\/\/www.ferberpainting.com\/wp-content\/uploads\/2025\/05\/ConcreteandMortarCure5L-768x768.jpg",768,768,true],"large":["https:\/\/www.ferberpainting.com\/wp-content\/uploads\/2025\/05\/ConcreteandMortarCure5L-1024x1024.jpg",1024,1024,true],"1536x1536":["https:\/\/www.ferberpainting.com\/wp-content\/uploads\/2025\/05\/ConcreteandMortarCure5L-1536x1536.jpg",1536,1536,true],"2048x2048":["https:\/\/www.ferberpainting.com\/wp-content\/uploads\/2025\/05\/ConcreteandMortarCure5L-2048x2048.jpg",2048,2048,true],"trp-custom-language-flag":["https:\/\/www.ferberpainting.com\/wp-content\/uploads\/2025\/05\/ConcreteandMortarCure5L-12x12.jpg",12,12,true],"woocommerce_thumbnail":["https:\/\/www.ferberpainting.com\/wp-content\/uploads\/2025\/05\/ConcreteandMortarCure5L-300x300.jpg",300,300,true],"woocommerce_single":["https:\/\/www.ferberpainting.com\/wp-content\/uploads\/2025\/05\/ConcreteandMortarCure5L-600x600.jpg",600,600,true],"woocommerce_gallery_thumbnail":["https:\/\/www.ferberpainting.com\/wp-content\/uploads\/2025\/05\/ConcreteandMortarCure5L-100x100.jpg",100,100,true]},"uagb_author_info":{"display_name":"admin","author_link":"https:\/\/www.ferberpainting.com\/sk\/author\/"},"uagb_comment_info":86,"uagb_excerpt":"Ensure optimal curing for stronger and more durable concrete and mortar. Our concrete and mortar cure is specially formulated to regulate moisture evaporation during the critical curing phase, allowing cement-based materials to achieve maximum strength and structural integrity. By maintaining proper hydration conditions, it significantly reduces the risk of cracking, surface shrinkage, and premature weakness.&hellip;","_links":{"self":[{"href":"https:\/\/www.ferberpainting.com\/sk\/wp-json\/wp\/v2\/product\/23174","targetHints":{"allow":["GET"]}}],"collection":[{"href":"https:\/\/www.ferberpainting.com\/sk\/wp-json\/wp\/v2\/product"}],"about":[{"href":"https:\/\/www.ferberpainting.com\/sk\/wp-json\/wp\/v2\/types\/product"}],"replies":[{"embeddable":true,"href":"https:\/\/www.ferberpainting.com\/sk\/wp-json\/wp\/v2\/comments?post=23174"}],"version-history":[{"count":6,"href":"https:\/\/www.ferberpainting.com\/sk\/wp-json\/wp\/v2\/product\/23174\/revisions"}],"predecessor-version":[{"id":166280,"href":"https:\/\/www.ferberpainting.com\/sk\/wp-json\/wp\/v2\/product\/23174\/revisions\/166280"}],"wp:featuredmedia":[{"embeddable":true,"href":"https:\/\/www.ferberpainting.com\/sk\/wp-json\/wp\/v2\/media\/25741"}],"wp:attachment":[{"href":"https:\/\/www.ferberpainting.com\/sk\/wp-json\/wp\/v2\/media?parent=23174"}],"wp:term":[{"taxonomy":"product_brand","embeddable":true,"href":"https:\/\/www.ferberpainting.com\/sk\/wp-json\/wp\/v2\/product_brand?post=23174"},{"taxonomy":"product_cat","embeddable":true,"href":"https:\/\/www.ferberpainting.com\/sk\/wp-json\/wp\/v2\/product_cat?post=23174"},{"taxonomy":"product_tag","embeddable":true,"href":"https:\/\/www.ferberpainting.com\/sk\/wp-json\/wp\/v2\/product_tag?post=23174"}],"curies":[{"name":"wp","href":"https:\/\/api.w.org\/{rel}","templated":true}]}}