{"id":23148,"date":"2025-07-01T17:48:14","date_gmt":"2025-07-01T15:48:14","guid":{"rendered":"https:\/\/www.ferberpainting.com\/?post_type=product&#038;p=23148"},"modified":"2026-02-20T08:44:43","modified_gmt":"2026-02-20T07:44:43","slug":"coffee-machine-descaler-and-cleaner","status":"publish","type":"product","link":"https:\/\/www.ferberpainting.com\/sk\/products\/coffee-machine-descaler-and-cleaner\/","title":{"rendered":"Odv\u00e1p\u0148ova\u010d a \u010disti\u010d k\u00e1vovarov"},"content":{"rendered":"<p><img decoding=\"async\" style=\"margin-right: 12px;\" src=\"https:\/\/www.ferberpainting.com\/wp-content\/uploads\/2026\/02\/Check.svg\" alt=\"\" width=\"18\" height=\"15\" \/><strong>Optim\u00e1lna \u00fa\u010dinnos\u0165.<\/strong>\u00a0Tento odstra\u0148ova\u010d vodn\u00e9ho kame\u0148a a \u010disti\u010d k\u00e1vovaru \u00fa\u010dinne odstra\u0148uje vodn\u00fd kame\u0148, miner\u00e1lne usadeniny a zvy\u0161ky k\u00e1vy, ktor\u00e9 sa usadzuj\u00fa vo vn\u00fatri k\u00e1vovaru. Zabezpe\u010duje optim\u00e1lny v\u00fdkon a z\u00e1rove\u0148 zachov\u00e1va kvalitu extrakcie, pri\u010dom zabra\u0148uje zablokovaniu a poruch\u00e1m sp\u00f4soben\u00fdm nahromaden\u00edm vn\u00fatorn\u00e9ho okruhu. V\u010faka svojmu siln\u00e9mu \u010distiacemu \u00fa\u010dinku predl\u017euje \u017eivotnos\u0165 v\u00e1\u0161ho k\u00e1vovaru a zaru\u010duje dokonal\u00fa chu\u0165 ka\u017edej \u0161\u00e1lky.<\/p>\n<p><strong><img decoding=\"async\" style=\"margin-right: 12px;\" src=\"https:\/\/www.ferberpainting.com\/wp-content\/uploads\/2026\/02\/Check.svg\" alt=\"\" width=\"18\" height=\"15\" \/>Z\u00e1ruka vr\u00e1tenia pe\u0148az\u00ed.<\/strong>\u00a0Sme plne presved\u010den\u00ed o \u00fa\u010dinnosti n\u00e1\u0161ho produktu. Ak po pou\u017eit\u00ed nie ste \u00faplne spokojn\u00ed, m\u00e1te n\u00e1rok na vr\u00e1tenie pe\u0148az\u00ed v plnej v\u00fd\u0161ke. Vysk\u00fa\u0161ajte tento odstra\u0148ova\u010d vodn\u00e9ho kame\u0148a s \u00fapln\u00fdm pokojom a bez rizika.<\/p>\n<p><img decoding=\"async\" style=\"margin-right: 12px;\" src=\"https:\/\/www.ferberpainting.com\/wp-content\/uploads\/2026\/02\/Check.svg\" alt=\"\" width=\"18\" height=\"15\" \/><strong>V\u00fdnimo\u010dn\u00e1 v\u0161estrannos\u0165.<\/strong>\u00a0Tento v\u00fdrobok nie je ur\u010den\u00fd len pre dom\u00e1ce k\u00e1vovary! Funguje aj s k\u00e1vovarmi na espresso, perkol\u00e1tormi, kapsulov\u00fdmi syst\u00e9mami, automatick\u00fdmi k\u00e1vovarmi s mlyn\u010dekmi a kanvicami. Je kompatibiln\u00fd s r\u00f4znymi materi\u00e1lmi, ako je nehrdzavej\u00faca oce\u013e, hlin\u00edk, plast a sklo, \u010do zaru\u010duje dokonal\u00fa \u010distotu bez rizika kor\u00f3zie alebo po\u0161kodenia vn\u00fatorn\u00fdch s\u00fa\u010dast\u00ed.<\/p>\n<p><img decoding=\"async\" style=\"margin-right: 12px;\" src=\"https:\/\/www.ferberpainting.com\/wp-content\/uploads\/2026\/02\/Check.svg\" alt=\"\" width=\"18\" height=\"15\" \/><strong>Ekonomick\u00e1 efekt\u00edvnos\u0165.<\/strong>\u00a0V\u010faka 5-litrovej n\u00e1dobe a zlo\u017eeniu pripraven\u00e9mu na pou\u017eitie pon\u00faka tento odstra\u0148ova\u010d vodn\u00e9ho kame\u0148a vynikaj\u00facu v\u00fd\u0165a\u017enos\u0165. Jeden liter umo\u017e\u0148uje nieko\u013eko \u010distiacich cyklov, \u010d\u00edm poskytuje dlhodob\u00e9 pou\u017e\u00edvanie a z\u00e1rove\u0148 zni\u017euje n\u00e1klady na \u00fadr\u017ebu. V priemere 250 ml sta\u010d\u00ed na cel\u00fd proces odstra\u0148ovania vodn\u00e9ho kame\u0148a, \u010do znamen\u00e1, \u017ee jedna n\u00e1doba poskytuje a\u017e 20 \u010distiacich cyklov - \u010do optimalizuje v\u00e1\u0161 rozpo\u010det.<\/p>\n<p><img decoding=\"async\" style=\"margin-right: 12px;\" src=\"https:\/\/www.ferberpainting.com\/wp-content\/uploads\/2026\/02\/Check.svg\" alt=\"\" width=\"18\" height=\"15\" \/><strong>Bezpe\u010dn\u00e9 pou\u017e\u00edvanie.<\/strong>\u00a0Tento \u010distiaci prostriedok bol vyvinut\u00fd tak, aby bol bezpe\u010dn\u00fd pre va\u0161e zdravie. Neobsahuje \u017eiadne toxick\u00e9 l\u00e1tky ani umel\u00e9 v\u00f4ne, ktor\u00e9 by mohli zmeni\u0165 chu\u0165 va\u0161ej k\u00e1vy. Po opl\u00e1chnut\u00ed nezanech\u00e1va \u017eiadne chemick\u00e9 zvy\u0161ky, \u010d\u00edm zabezpe\u010duje bezpe\u010dn\u00fa a \u010dist\u00fa konzum\u00e1ciu po pou\u017eit\u00ed.<\/p>\n<p><img decoding=\"async\" style=\"margin-right: 12px;\" src=\"https:\/\/www.ferberpainting.com\/wp-content\/uploads\/2026\/02\/Check.svg\" alt=\"\" width=\"18\" height=\"15\" \/><strong>Jednoduchos\u0165 pou\u017e\u00edvania.<\/strong>\u00a0Tento produkt je pripraven\u00fd na pou\u017eitie a nevy\u017eaduje si \u017eiadne riedenie ani pr\u00edpravu. Jednoducho nalejte po\u017eadovan\u00e9 mno\u017estvo priamo do n\u00e1dr\u017eky na vodu v stroji a spustite \u010distiaci cyklus. Jeho intuit\u00edvne pou\u017e\u00edvanie umo\u017e\u0148uje \u00fa\u010dinn\u00e9 \u010distenie v nieko\u013ek\u00fdch krokoch bez zlo\u017eit\u00fdch postupov.<\/p>\n<p><img decoding=\"async\" style=\"margin-right: 12px;\" src=\"https:\/\/www.ferberpainting.com\/wp-content\/uploads\/2026\/02\/Check.svg\" alt=\"\" width=\"18\" height=\"15\" \/><strong>Dlhotrvaj\u00faca ochrana.<\/strong>\u00a0Pravideln\u00e9 odstra\u0148ovanie vodn\u00e9ho kame\u0148a v\u00fdrazne predl\u017euje \u017eivotnos\u0165 k\u00e1vovaru. Odstra\u0148ovan\u00edm vodn\u00e9ho kame\u0148a a usaden\u00edn sa predch\u00e1dza pred\u010dasn\u00e9mu opotrebovaniu komponentov a zni\u017euje sa spotreba energie, \u010d\u00edm sa zabezpe\u010duje optim\u00e1lny prietok vody. Dobre udr\u017eiavan\u00fd k\u00e1vovar pracuje dlh\u0161ie a efekt\u00edvnej\u0161ie.<\/p>\n<p><img decoding=\"async\" style=\"margin-right: 12px;\" src=\"https:\/\/www.ferberpainting.com\/wp-content\/uploads\/2026\/02\/Check.svg\" alt=\"\" width=\"18\" height=\"15\" \/><strong>R\u00fdchla akcia.<\/strong>\u00a0Hne\u010f po vstupe do syst\u00e9mu za\u010dne tento \u010distiaci prostriedok okam\u017eite rozklada\u0165 vodn\u00fd kame\u0148 a zvy\u0161ky. U\u017e za nieko\u013eko min\u00fat \u00fa\u010dinne rozp\u00fa\u0161\u0165a usadeniny bez toho, aby si vy\u017eadoval dlh\u0161ie nam\u00e1\u010danie. Je ide\u00e1lny na r\u00fdchle a \u00fa\u010dinn\u00e9 \u010distenie a v rekordne kr\u00e1tkom \u010dase obnov\u00ed \u0161pi\u010dkov\u00fd stav v\u00e1\u0161ho stroja.<\/p>\n<h2><strong>Pokyny na pou\u017e\u00edvanie<\/strong><\/h2>\n<ul>\n<li><strong>Pr\u00edprava <\/strong>: Pred pou\u017eit\u00edm v\u00fdrobku sa uistite, \u017ee je n\u00e1dr\u017eka na vodu v k\u00e1vovare pr\u00e1zdna.<\/li>\n<li><strong>D\u00e1vkovanie <\/strong>: Nalejte 250 ml pr\u00edpravku na odstra\u0148ovanie vodn\u00e9ho kame\u0148a priamo do n\u00e1dr\u017eky a potom ju napl\u0148te vodou a\u017e po maxim\u00e1lnu kapacitu zariadenia.<\/li>\n<li><strong>Spustenie prev\u00e1dzky <\/strong>: Spustite \u010distiaci cyklus alebo cyklus varenia bez k\u00e1vy, aby roztok mohol cirkulova\u0165 syst\u00e9mom a rozp\u00fa\u0161\u0165a\u0165 usadeniny vodn\u00e9ho kame\u0148a.<\/li>\n<li><strong>Pauza a ak\u010dn\u00fd \u010das <\/strong>: Po prvom pr\u00fade prania cyklus pozastavte a nechajte v\u00fdrobok 10 min\u00fat p\u00f4sobi\u0165, aby sa zv\u00fd\u0161il jeho \u00fa\u010dinok na odoln\u00e9 usadeniny.<\/li>\n<li><strong>Oplachovanie <\/strong>: Vypr\u00e1zdnite n\u00e1dr\u017e a d\u00f4kladne ju vypl\u00e1chnite \u010distou vodou. Dopl\u0148te \u010dist\u00fa vodu a spustite jeden alebo dva pln\u00e9 cykly oplachovania, aby ste odstr\u00e1nili v\u0161etky stopy v\u00fdrobku.<\/li>\n<li><strong>Frekvencia pou\u017e\u00edvania <\/strong>: Tento odstra\u0148ova\u010d vodn\u00e9ho kame\u0148a a \u010distiaci prostriedok pou\u017e\u00edvajte raz za mesiac pri dennom pou\u017e\u00edvan\u00ed alebo hne\u010f, ako sa zn\u00ed\u017ei prietok vody alebo sa objav\u00ed vidite\u013en\u00fd vodn\u00fd kame\u0148.<\/li>\n<li><strong>\u00dalo\u017eisko <\/strong>: Uchov\u00e1vajte n\u00e1dobu tesne uzavret\u00fa na chladnom a suchom mieste, mimo dosahu svetla a extr\u00e9mnych tepl\u00f4t, aby sa zachovali v\u0161etky vlastnosti v\u00fdrobku.<\/li>\n<\/ul>\n<p>S na\u0161\u00edm odstra\u0148ova\u010dom vodn\u00e9ho kame\u0148a a \u010disti\u010dom k\u00e1vovarov poskytnete svojmu k\u00e1vovaru optim\u00e1lnu \u00fadr\u017ebu a zaka\u017ed\u00fdm zabezpe\u010d\u00edte lahodn\u00fa k\u00e1vu - bez toho, aby to ovplyvnilo chu\u0165 alebo v\u00fdkon.<\/p>","protected":false},"excerpt":{"rendered":"<p>Optimal effectiveness.\u00a0This coffee machine descaler and cleaner effectively removes limescale, mineral deposits, and coffee residues that build up inside your machine. It ensures optimal performance while preserving the quality of extraction, avoiding blockages and breakdowns caused by internal circuit build-up. Thanks to its powerful cleaning action, it extends the lifespan of your coffee machine and [&hellip;]<\/p>\n","protected":false},"featured_media":36520,"comment_status":"open","ping_status":"closed","template":"","meta":{"_uag_custom_page_level_css":"","site-sidebar-layout":"default","site-content-layout":"","ast-site-content-layout":"default","site-content-style":"default","site-sidebar-style":"default","ast-global-header-display":"","ast-banner-title-visibility":"","ast-main-header-display":"","ast-hfb-above-header-display":"","ast-hfb-below-header-display":"","ast-hfb-mobile-header-display":"","site-post-title":"","ast-breadcrumbs-content":"","ast-featured-img":"","footer-sml-layout":"","ast-disable-related-posts":"","theme-transparent-header-meta":"default","adv-header-id-meta":"","stick-header-meta":"","header-above-stick-meta":"","header-main-stick-meta":"","header-below-stick-meta":"","astra-migrate-meta-layouts":"set","ast-page-background-enabled":"default","ast-page-background-meta":{"desktop":{"background-color":"var(--ast-global-color-4)","background-image":"","background-repeat":"repeat","background-position":"center center","background-size":"auto","background-attachment":"scroll","background-type":"","background-media":"","overlay-type":"","overlay-color":"","overlay-opacity":"","overlay-gradient":""},"tablet":{"background-color":"","background-image":"","background-repeat":"repeat","background-position":"center center","background-size":"auto","background-attachment":"scroll","background-type":"","background-media":"","overlay-type":"","overlay-color":"","overlay-opacity":"","overlay-gradient":""},"mobile":{"background-color":"","background-image":"","background-repeat":"repeat","background-position":"center center","background-size":"auto","background-attachment":"scroll","background-type":"","background-media":"","overlay-type":"","overlay-color":"","overlay-opacity":"","overlay-gradient":""}},"ast-content-background-meta":{"desktop":{"background-color":"var(--ast-global-color-5)","background-image":"","background-repeat":"repeat","background-position":"center center","background-size":"auto","background-attachment":"scroll","background-type":"","background-media":"","overlay-type":"","overlay-color":"","overlay-opacity":"","overlay-gradient":""},"tablet":{"background-color":"var(--ast-global-color-5)","background-image":"","background-repeat":"repeat","background-position":"center center","background-size":"auto","background-attachment":"scroll","background-type":"","background-media":"","overlay-type":"","overlay-color":"","overlay-opacity":"","overlay-gradient":""},"mobile":{"background-color":"var(--ast-global-color-5)","background-image":"","background-repeat":"repeat","background-position":"center center","background-size":"auto","background-attachment":"scroll","background-type":"","background-media":"","overlay-type":"","overlay-color":"","overlay-opacity":"","overlay-gradient":""}}},"product_brand":[],"product_cat":[175],"product_tag":[],"class_list":{"0":"post-23148","1":"product","2":"type-product","3":"status-publish","4":"has-post-thumbnail","6":"product_cat-cleaning-products","7":"desktop-align-left","8":"tablet-align-left","9":"mobile-align-left","11":"first","12":"instock","13":"sale","14":"shipping-taxable","15":"purchasable","16":"product-type-variable","17":"has-default-attributes"},"spectra_custom_meta":{"_visibility":["visible"],"_shopify_product_id":["9101732872437"],"_s2w_shopify_domain":["ferberpainting.myshopify.com"],"_shopify_variant_id":["46613258043637"],"_sku":[""],"_manage_stock":["no"],"total_sales":["29"],"_tax_status":["taxable"],"_tax_class":[""],"_backorders":["no"],"_sold_individually":["no"],"_virtual":["no"],"_downloadable":["no"],"_download_limit":["-1"],"_download_expiry":["-1"],"_stock":[null],"_stock_status":["instock"],"_wc_average_rating":["5.00"],"_wc_review_count":["37"],"_product_attributes":["a:1:{s:6:\"volume\";a:6:{s:4:\"name\";s:6:\"Volume\";s:5:\"value\";s:20:\"5 liters | 25 liters\";s:8:\"position\";i:1;s:10:\"is_visible\";i:0;s:12:\"is_variation\";i:1;s:11:\"is_taxonomy\";i:0;}}"],"_product_version":["10.5.2"],"wpse_downloadable_file_names":[""],"wpse_downloadable_file_urls":[""],"_edit_last":["1"],"_default_attributes":["a:1:{s:6:\"volume\";s:8:\"5 liters\";}"],"_edit_lock":["1771573346:1"],"_price":["29.90","129.90"],"merchant-center-availability":["yes"],"merchant-center-category":["500065"],"_thumbnail_id":["36520"],"_wp_page_template":["default"],"_wp_old_date":["2025-05-26"],"_product_image_gallery":["36522"],"site-sidebar-layout":["default"],"ast-site-content-layout":["default"],"site-content-style":["default"],"site-sidebar-style":["default"],"theme-transparent-header-meta":["default"],"_wc_rating_count":["a:1:{i:5;i:37;}"],"astra-migrate-meta-layouts":["set"],"_uag_css_file_name":["uag-css-23148.css"],"_elementor_page_assets":["a:0:{}"],"_uag_page_assets":["a:9:{s:3:\"css\";s:7156:\".uag-blocks-common-selector{z-index:var(--z-index-desktop) !important}@media (max-width: 976px){.uag-blocks-common-selector{z-index:var(--z-index-tablet) !important}}@media (max-width: 767px){.uag-blocks-common-selector{z-index:var(--z-index-mobile) !important}}\n.wp-block-uagb-image{display:flex}.wp-block-uagb-image__figure{position:relative;display:flex;flex-direction:column;max-width:100%;height:auto;margin:0}.wp-block-uagb-image__figure img{height:auto;display:flex;max-width:100%;transition:box-shadow 0.2s ease}.wp-block-uagb-image__figure>a{display:inline-block}.wp-block-uagb-image__figure figcaption{text-align:center;margin-top:0.5em;margin-bottom:1em}.wp-block-uagb-image .components-placeholder.block-editor-media-placeholder .components-placeholder__instructions{align-self:center}.wp-block-uagb-image--align-left{text-align:left}.wp-block-uagb-image--align-right{text-align:right}.wp-block-uagb-image--align-center{text-align:center}.wp-block-uagb-image--align-full .wp-block-uagb-image__figure{margin-left:calc(50% - 50vw);margin-right:calc(50% - 50vw);max-width:100vw;width:100vw;height:auto}.wp-block-uagb-image--align-full .wp-block-uagb-image__figure img{height:auto;width:100% !important}.wp-block-uagb-image--align-wide .wp-block-uagb-image__figure img{height:auto;width:100%}.wp-block-uagb-image--layout-overlay__color-wrapper{position:absolute;left:0;top:0;right:0;bottom:0;opacity:0.2;background:rgba(0,0,0,0.5);transition:opacity 0.35s ease-in-out}.wp-block-uagb-image--layout-overlay-link{position:absolute;left:0;right:0;bottom:0;top:0}.wp-block-uagb-image--layout-overlay .wp-block-uagb-image__figure:hover .wp-block-uagb-image--layout-overlay__color-wrapper{opacity:1}.wp-block-uagb-image--layout-overlay__inner{position:absolute;left:15px;right:15px;bottom:15px;top:15px;display:flex;align-items:center;justify-content:center;flex-direction:column;border-color:#fff;transition:0.35s ease-in-out}.wp-block-uagb-image--layout-overlay__inner.top-left,.wp-block-uagb-image--layout-overlay__inner.top-center,.wp-block-uagb-image--layout-overlay__inner.top-right{justify-content:flex-start}.wp-block-uagb-image--layout-overlay__inner.bottom-left,.wp-block-uagb-image--layout-overlay__inner.bottom-center,.wp-block-uagb-image--layout-overlay__inner.bottom-right{justify-content:flex-end}.wp-block-uagb-image--layout-overlay__inner.top-left,.wp-block-uagb-image--layout-overlay__inner.center-left,.wp-block-uagb-image--layout-overlay__inner.bottom-left{align-items:flex-start}.wp-block-uagb-image--layout-overlay__inner.top-right,.wp-block-uagb-image--layout-overlay__inner.center-right,.wp-block-uagb-image--layout-overlay__inner.bottom-right{align-items:flex-end}.wp-block-uagb-image--layout-overlay__inner .uagb-image-heading{color:#fff;transition:transform 0.35s, opacity 0.35s ease-in-out;transform:translate3d(0, 24px, 0);margin:0;line-height:1em}.wp-block-uagb-image--layout-overlay__inner .uagb-image-separator{width:30%;border-top-width:2px;border-top-color:#fff;border-top-style:solid;margin-bottom:10px;opacity:0;transition:transform 0.4s, opacity 0.4s ease-in-out;transform:translate3d(0, 30px, 0)}.wp-block-uagb-image--layout-overlay__inner .uagb-image-caption{opacity:0;overflow:visible;color:#fff;transition:transform 0.45s, opacity 0.45s ease-in-out;transform:translate3d(0, 35px, 0)}.wp-block-uagb-image--layout-overlay__inner:hover .uagb-image-heading,.wp-block-uagb-image--layout-overlay__inner:hover .uagb-image-separator,.wp-block-uagb-image--layout-overlay__inner:hover .uagb-image-caption{opacity:1;transform:translate3d(0, 0, 0)}.wp-block-uagb-image--effect-zoomin .wp-block-uagb-image__figure img,.wp-block-uagb-image--effect-zoomin .wp-block-uagb-image__figure .wp-block-uagb-image--layout-overlay__color-wrapper{transform:scale(1);transition:transform 0.35s ease-in-out}.wp-block-uagb-image--effect-zoomin .wp-block-uagb-image__figure:hover img,.wp-block-uagb-image--effect-zoomin .wp-block-uagb-image__figure:hover .wp-block-uagb-image--layout-overlay__color-wrapper{transform:scale(1.05)}.wp-block-uagb-image--effect-slide .wp-block-uagb-image__figure img,.wp-block-uagb-image--effect-slide .wp-block-uagb-image__figure .wp-block-uagb-image--layout-overlay__color-wrapper{width:calc(100% + 40px) !important;max-width:none !important;transform:translate3d(-40px, 0, 0);transition:transform 0.35s ease-in-out}.wp-block-uagb-image--effect-slide .wp-block-uagb-image__figure:hover img,.wp-block-uagb-image--effect-slide .wp-block-uagb-image__figure:hover .wp-block-uagb-image--layout-overlay__color-wrapper{transform:translate3d(0, 0, 0)}.wp-block-uagb-image--effect-grayscale img{filter:grayscale(0%);transition:0.35s ease-in-out}.wp-block-uagb-image--effect-grayscale:hover img{filter:grayscale(100%)}.wp-block-uagb-image--effect-blur img{filter:blur(0);transition:0.35s ease-in-out}.wp-block-uagb-image--effect-blur:hover img{filter:blur(3px)}\n.uagb-block-e6f939b3.wp-block-uagb-image--layout-default figure img{box-shadow: 0px 0px 0 #00000070;}.uagb-block-e6f939b3.wp-block-uagb-image .wp-block-uagb-image__figure figcaption{font-style: normal;align-self: center;}.uagb-block-e6f939b3.wp-block-uagb-image--layout-overlay figure img{box-shadow: 0px 0px 0 #00000070;}.uagb-block-e6f939b3.wp-block-uagb-image--layout-overlay .wp-block-uagb-image--layout-overlay__color-wrapper{opacity: 0.2;}.uagb-block-e6f939b3.wp-block-uagb-image--layout-overlay .wp-block-uagb-image--layout-overlay__inner{left: 15px;right: 15px;top: 15px;bottom: 15px;}.uagb-block-e6f939b3.wp-block-uagb-image--layout-overlay .wp-block-uagb-image--layout-overlay__inner .uagb-image-heading{font-style: normal;color: #fff;opacity: 1;}.uagb-block-e6f939b3.wp-block-uagb-image--layout-overlay .wp-block-uagb-image--layout-overlay__inner .uagb-image-heading a{color: #fff;}.uagb-block-e6f939b3.wp-block-uagb-image--layout-overlay .wp-block-uagb-image--layout-overlay__inner .uagb-image-caption{opacity: 0;}.uagb-block-e6f939b3.wp-block-uagb-image--layout-overlay .wp-block-uagb-image__figure:hover .wp-block-uagb-image--layout-overlay__color-wrapper{opacity: 1;}.uagb-block-e6f939b3.wp-block-uagb-image .wp-block-uagb-image--layout-overlay__inner .uagb-image-separator{width: 30%;border-top-width: 2px;border-top-color: #fff;opacity: 0;}.uagb-block-e6f939b3.wp-block-uagb-image .wp-block-uagb-image__figure img{width: px;height: auto;}.uagb-block-e6f939b3.wp-block-uagb-image .wp-block-uagb-image__figure:hover .wp-block-uagb-image--layout-overlay__inner .uagb-image-caption{opacity: 1;}.uagb-block-e6f939b3.wp-block-uagb-image .wp-block-uagb-image__figure:hover .wp-block-uagb-image--layout-overlay__inner .uagb-image-separator{opacity: 1;}.uagb-block-e6f939b3.wp-block-uagb-image--layout-default figure:hover img{box-shadow: 0px 0px 0 #00000070;}.uagb-block-e6f939b3.wp-block-uagb-image--layout-overlay figure:hover img{box-shadow: 0px 0px 0 #00000070;}@media only screen and (max-width: 976px) {.uagb-block-e6f939b3.wp-block-uagb-image .wp-block-uagb-image__figure img{width: px;height: auto;}}@media only screen and (max-width: 767px) {.uagb-block-e6f939b3.wp-block-uagb-image .wp-block-uagb-image__figure img{width: px;height: auto;}}\";s:2:\"js\";s:0:\"\";s:18:\"current_block_list\";a:13:{i:0;s:11:\"core\/search\";i:1;s:10:\"core\/group\";i:2;s:12:\"core\/heading\";i:3;s:17:\"core\/latest-posts\";i:4;s:20:\"core\/latest-comments\";i:5;s:13:\"core\/archives\";i:6;s:15:\"core\/categories\";i:7;s:14:\"core\/paragraph\";i:8;s:10:\"uagb\/image\";i:9;s:11:\"core\/spacer\";i:10;s:30:\"woocommerce\/product-categories\";i:11;s:10:\"core\/image\";i:12;s:14:\"core\/shortcode\";}s:8:\"uag_flag\";b:1;s:11:\"uag_version\";s:10:\"1776513848\";s:6:\"gfonts\";a:0:{}s:10:\"gfonts_url\";s:0:\"\";s:12:\"gfonts_files\";a:0:{}s:14:\"uag_faq_layout\";b:0;}"]},"uagb_featured_image_src":{"full":["https:\/\/www.ferberpainting.com\/wp-content\/uploads\/2025\/05\/Coffee-Machine-Descaler-and-Cleaner-5L-Mockup.png",2560,2560,false],"thumbnail":["https:\/\/www.ferberpainting.com\/wp-content\/uploads\/2025\/05\/Coffee-Machine-Descaler-and-Cleaner-5L-Mockup-150x150.png",150,150,true],"medium":["https:\/\/www.ferberpainting.com\/wp-content\/uploads\/2025\/05\/Coffee-Machine-Descaler-and-Cleaner-5L-Mockup-300x300.png",300,300,true],"medium_large":["https:\/\/www.ferberpainting.com\/wp-content\/uploads\/2025\/05\/Coffee-Machine-Descaler-and-Cleaner-5L-Mockup-768x768.png",768,768,true],"large":["https:\/\/www.ferberpainting.com\/wp-content\/uploads\/2025\/05\/Coffee-Machine-Descaler-and-Cleaner-5L-Mockup-1024x1024.png",1024,1024,true],"1536x1536":["https:\/\/www.ferberpainting.com\/wp-content\/uploads\/2025\/05\/Coffee-Machine-Descaler-and-Cleaner-5L-Mockup-1536x1536.png",1536,1536,true],"2048x2048":["https:\/\/www.ferberpainting.com\/wp-content\/uploads\/2025\/05\/Coffee-Machine-Descaler-and-Cleaner-5L-Mockup-2048x2048.png",2048,2048,true],"trp-custom-language-flag":["https:\/\/www.ferberpainting.com\/wp-content\/uploads\/2025\/05\/Coffee-Machine-Descaler-and-Cleaner-5L-Mockup-12x12.png",12,12,true],"woocommerce_thumbnail":["https:\/\/www.ferberpainting.com\/wp-content\/uploads\/2025\/05\/Coffee-Machine-Descaler-and-Cleaner-5L-Mockup-300x300.png",300,300,true],"woocommerce_single":["https:\/\/www.ferberpainting.com\/wp-content\/uploads\/2025\/05\/Coffee-Machine-Descaler-and-Cleaner-5L-Mockup-600x600.png",600,600,true],"woocommerce_gallery_thumbnail":["https:\/\/www.ferberpainting.com\/wp-content\/uploads\/2025\/05\/Coffee-Machine-Descaler-and-Cleaner-5L-Mockup-100x100.png",100,100,true]},"uagb_author_info":{"display_name":"admin","author_link":"https:\/\/www.ferberpainting.com\/sk\/author\/"},"uagb_comment_info":37,"uagb_excerpt":"Optimal effectiveness.\u00a0This coffee machine descaler and cleaner effectively removes limescale, mineral deposits, and coffee residues that build up inside your machine. It ensures optimal performance while preserving the quality of extraction, avoiding blockages and breakdowns caused by internal circuit build-up. Thanks to its powerful cleaning action, it extends the lifespan of your coffee machine and&hellip;","_links":{"self":[{"href":"https:\/\/www.ferberpainting.com\/sk\/wp-json\/wp\/v2\/product\/23148","targetHints":{"allow":["GET"]}}],"collection":[{"href":"https:\/\/www.ferberpainting.com\/sk\/wp-json\/wp\/v2\/product"}],"about":[{"href":"https:\/\/www.ferberpainting.com\/sk\/wp-json\/wp\/v2\/types\/product"}],"replies":[{"embeddable":true,"href":"https:\/\/www.ferberpainting.com\/sk\/wp-json\/wp\/v2\/comments?post=23148"}],"version-history":[{"count":7,"href":"https:\/\/www.ferberpainting.com\/sk\/wp-json\/wp\/v2\/product\/23148\/revisions"}],"predecessor-version":[{"id":170583,"href":"https:\/\/www.ferberpainting.com\/sk\/wp-json\/wp\/v2\/product\/23148\/revisions\/170583"}],"wp:featuredmedia":[{"embeddable":true,"href":"https:\/\/www.ferberpainting.com\/sk\/wp-json\/wp\/v2\/media\/36520"}],"wp:attachment":[{"href":"https:\/\/www.ferberpainting.com\/sk\/wp-json\/wp\/v2\/media?parent=23148"}],"wp:term":[{"taxonomy":"product_brand","embeddable":true,"href":"https:\/\/www.ferberpainting.com\/sk\/wp-json\/wp\/v2\/product_brand?post=23148"},{"taxonomy":"product_cat","embeddable":true,"href":"https:\/\/www.ferberpainting.com\/sk\/wp-json\/wp\/v2\/product_cat?post=23148"},{"taxonomy":"product_tag","embeddable":true,"href":"https:\/\/www.ferberpainting.com\/sk\/wp-json\/wp\/v2\/product_tag?post=23148"}],"curies":[{"name":"wp","href":"https:\/\/api.w.org\/{rel}","templated":true}]}}