{"id":23077,"date":"2025-05-26T10:22:33","date_gmt":"2025-05-26T08:22:33","guid":{"rendered":"https:\/\/www.ferberpainting.com\/products\/avocado-tree-fertilizer\/"},"modified":"2026-02-24T18:50:57","modified_gmt":"2026-02-24T17:50:57","slug":"avocado-tree-fertilizer","status":"publish","type":"product","link":"https:\/\/www.ferberpainting.com\/sk\/products\/avocado-tree-fertilizer\/","title":{"rendered":"Hnojivo pre avok\u00e1dov\u00e9 stromy"},"content":{"rendered":"<p><img decoding=\"async\" style=\"margin-right: 12px;\" src=\"https:\/\/www.ferberpainting.com\/wp-content\/uploads\/2026\/02\/Check.svg\" alt=\"\" width=\"18\" height=\"15\" \/><strong>Kompletn\u00e1 v\u00fd\u017eiva pre prosperuj\u00faci avok\u00e1dov\u00fd strom.<\/strong>\u00a0Toto hnojivo na avok\u00e1do je navrhnut\u00e9 tak, aby sp\u013a\u0148alo \u0161pecifick\u00e9 potreby tohto ovocn\u00e9ho stromu a zabezpe\u010dilo mu intenz\u00edvny rast, hust\u00e9 olistenie a bohat\u00e9 plodenie. V\u010faka zlo\u017eeniu NPK 15-15-15 pon\u00faka dokonal\u00fa rovnov\u00e1hu medzi dus\u00edkom (N), fosforom (P) a drasl\u00edkom (K), tromi z\u00e1kladn\u00fdmi prvkami, ktor\u00e9 podporuj\u00fa rozvoj kore\u0148ov, pevnos\u0165 kon\u00e1rov a produkciu plodov bohat\u00fdch na \u017eiviny. Zabezpe\u010duje tak kompletn\u00fa v\u00fd\u017eivu pre odoln\u00fd a produkt\u00edvny avok\u00e1dov\u00fd strom.<\/p>\n<p><img decoding=\"async\" style=\"margin-right: 12px;\" src=\"https:\/\/www.ferberpainting.com\/wp-content\/uploads\/2026\/02\/Check.svg\" alt=\"\" width=\"18\" height=\"15\" \/><strong>Z\u00e1ruka vr\u00e1tenia pe\u0148az\u00ed.<\/strong>\u00a0Sme \u00faplne presved\u010den\u00ed o \u00fa\u010dinnosti n\u00e1\u0161ho hnojiva na avok\u00e1do. Preto pon\u00fakame z\u00e1ruku vr\u00e1tenia pe\u0148az\u00ed. Ak po spr\u00e1vnom pou\u017e\u00edvan\u00ed pod\u013ea odpor\u00fa\u010dan\u00ed nezaznamen\u00e1te zlep\u0161enie rastu alebo plodenia v\u00e1\u0161ho avok\u00e1da, zav\u00e4zujeme sa, \u017ee v\u00e1m bezpodmiene\u010dne vr\u00e1time peniaze, \u010d\u00edm zabezpe\u010d\u00edme n\u00e1kup bez rizika.<\/p>\n<p><img decoding=\"async\" style=\"margin-right: 12px;\" src=\"https:\/\/www.ferberpainting.com\/wp-content\/uploads\/2026\/02\/Check.svg\" alt=\"\" width=\"18\" height=\"15\" \/><strong>Vhodn\u00e9 pre v\u0161etky odrody avok\u00e1da a podmienky pestovania.<\/strong>\u00a0Toto hnojivo je prisp\u00f4soben\u00e9 v\u0161etk\u00fdm odrod\u00e1m avok\u00e1da, \u010di u\u017e sa pestuj\u00fa v interi\u00e9ri v kvetin\u00e1\u010doch, v sklen\u00edkoch alebo vonku v p\u00f4de. Je vhodn\u00e9 pre mlad\u00e9 rastliny v plnom raste aj pre dospel\u00e9 stromy v produk\u010dnej f\u00e1ze, pri\u010dom zabezpe\u010duje v\u00fd\u017eivu prisp\u00f4soben\u00fa ka\u017edej f\u00e1ze v\u00fdvoja.<\/p>\n<p><img decoding=\"async\" style=\"margin-right: 12px;\" src=\"https:\/\/www.ferberpainting.com\/wp-content\/uploads\/2026\/02\/Check.svg\" alt=\"\" width=\"18\" height=\"15\" \/><strong>Optimalizovan\u00fd hospod\u00e1rsky v\u00fdnos pri dlhodobom hnojen\u00ed.<\/strong>\u00a0V\u010faka koncentrovan\u00e9mu zlo\u017eeniu kvapaliny umo\u017e\u0148uje 5-litrov\u00e1 n\u00e1doba pripravi\u0165 a\u017e 1 000 litrov hnojiv\u00e9ho roztoku, \u010do zaru\u010duje hospod\u00e1rne a dlhodob\u00e9 pou\u017e\u00edvanie. S d\u00e1vkovan\u00edm 5 ml na liter vody umo\u017e\u0148uje r\u00fdchlu absorpciu \u017eiv\u00edn kore\u0148mi a listami a z\u00e1rove\u0148 obmedzuje plytvanie.<\/p>\n<p><img decoding=\"async\" style=\"margin-right: 12px;\" src=\"https:\/\/www.ferberpainting.com\/wp-content\/uploads\/2026\/02\/Check.svg\" alt=\"\" width=\"18\" height=\"15\" \/><strong>Bezpe\u010dn\u00e9 a ekologick\u00e9 hnojivo.<\/strong>\u00a0Toto hnojivo je vytvoren\u00e9 bez agres\u00edvnych chemik\u00e1li\u00ed a nepo\u0161kodzuje p\u00f4du ani krehk\u00e9 korene avok\u00e1da. Pri pou\u017eit\u00ed pod\u013ea odpor\u00fa\u010dan\u00ed je ne\u0161kodn\u00e9 pre \u017eivotn\u00e9 prostredie, plodiny a dom\u00e1ce zvierat\u00e1. Podporuje \u0161etrn\u00e9 hnojenie, ktor\u00e9 re\u0161pektuje prirodzen\u00fa rovnov\u00e1hu p\u00f4dy a zlep\u0161uje celkov\u00fd zdravotn\u00fd stav stromu.<\/p>\n<p><img decoding=\"async\" style=\"margin-right: 12px;\" src=\"https:\/\/www.ferberpainting.com\/wp-content\/uploads\/2026\/02\/Check.svg\" alt=\"\" width=\"18\" height=\"15\" \/><strong>Jednoduch\u00e1 aplik\u00e1cia na zjednodu\u0161enie \u00fadr\u017eby.<\/strong>\u00a0Toto tekut\u00e9 hnojivo sa rozp\u00fa\u0161\u0165a priamo v zavla\u017eovacej vode, \u010d\u00edm zabezpe\u010duje homog\u00e9nne hnojenie bez n\u00e1mahy. M\u00f4\u017ee sa aplikova\u0165 zalievan\u00edm pri b\u00e1ze stromu alebo listov\u00fdm postrekom, \u010d\u00edm sa zabezpe\u010d\u00ed optim\u00e1lna absorpcia \u017eiv\u00edn pre korene aj listy.<\/p>\n<p><img decoding=\"async\" style=\"margin-right: 12px;\" src=\"https:\/\/www.ferberpainting.com\/wp-content\/uploads\/2026\/02\/Check.svg\" alt=\"\" width=\"18\" height=\"15\" \/><strong>Trvalo udr\u017eate\u013en\u00e9 opatrenia pre optim\u00e1lny rast a produkciu. <\/strong>V\u010faka postupn\u00e9mu uvo\u013e\u0148ovaniu \u017eiv\u00edn toto hnojivo dlhodobo stimuluje rast avok\u00e1da bez toho, aby sp\u00f4sobovalo nadmern\u00fd alebo nevyv\u00e1\u017een\u00fd rast. Podporuje bohat\u0161ie kvitnutie a pravidelnej\u0161iu produkciu chutn\u00fdch plodov a z\u00e1rove\u0148 posil\u0148uje odolnos\u0165 stromu vo\u010di chorob\u00e1m a klimatick\u00fdm zmen\u00e1m.<\/p>\n<p><img decoding=\"async\" style=\"margin-right: 12px;\" src=\"https:\/\/www.ferberpainting.com\/wp-content\/uploads\/2026\/02\/Check.svg\" alt=\"\" width=\"18\" height=\"15\" \/><strong>Vidite\u013en\u00e9 v\u00fdsledky u\u017e po prv\u00fdch aplik\u00e1ci\u00e1ch.<\/strong>\u00a0Po\u010das prv\u00fdch t\u00fd\u017ed\u0148ov pou\u017e\u00edvania toto hnojivo stimuluje rast listov, zvy\u0161uje intenzitu zelen\u00e9ho l\u00edstia a posil\u0148uje \u0161trukt\u00faru stromu. Pom\u00e1ha tie\u017e rastline pripravi\u0165 sa na lep\u0161ie kvitnutie a optimaliz\u00e1ciu plodenia, \u010d\u00edm zabezpe\u010duje rok \u010do rok produkt\u00edvnej\u0161\u00ed avok\u00e1dov\u00fd strom.<\/p>\n<h2><strong>Protokol o pou\u017e\u00edvan\u00ed<\/strong><\/h2>\n<ul>\n<li><strong>Riedenie hnojiva <\/strong>: Zmie\u0161ajte 5 ml hnojiva na 1 liter vody. Pred ka\u017edou aplik\u00e1ciou roztok dobre pretrepte, aby sa zabezpe\u010dilo homog\u00e9nne rozlo\u017eenie \u017eiv\u00edn.<\/li>\n<li><strong>Sp\u00f4sob aplik\u00e1cie <\/strong>:\n<ul>\n<li><strong>Zalievan\u00edm <\/strong>: Zrieden\u00fd roztok nalejte priamo na z\u00e1klad\u0148u avok\u00e1da, \u010d\u00edm zabezpe\u010d\u00edte rovnomern\u00fa vlhkos\u0165 p\u00f4dy bez prebyto\u010dnej vody.<\/li>\n<li><strong>Listov\u00fdm postrekom <\/strong>: Roztok \u013eahko nastriekajte na listy skoro r\u00e1no alebo neskoro ve\u010der, aby ste zabr\u00e1nili r\u00fdchlemu odparovaniu a maximalizovali absorpciu.<\/li>\n<\/ul>\n<\/li>\n<li><strong>Frekvencia pou\u017e\u00edvania <\/strong>: Hnojivo aplikujte ka\u017ed\u00e9 dva t\u00fd\u017edne po\u010das obdobia rastu a kvitnutia (jar-leto) a raz mesa\u010dne po\u010das obdobia vegeta\u010dn\u00e9ho pokoja (jese\u0148-zima), aby ste udr\u017eali vyv\u00e1\u017een\u00fd rast.<\/li>\n<li><strong>Dodato\u010dn\u00e9 zavla\u017eovanie <\/strong>: Po aplik\u00e1cii hnojiva po\u010dkajte 48 hod\u00edn pred \u010fal\u0161\u00edm zalievan\u00edm, aby strom optim\u00e1lne absorboval \u017eiviny.<\/li>\n<li><strong>Bezpe\u010dnostn\u00e9 opatrenia pri pou\u017e\u00edvan\u00ed <\/strong>: Nepred\u00e1vkujte hnojivo, aby ste zabr\u00e1nili nadmern\u00e9mu hromadeniu miner\u00e1lnych sol\u00ed v p\u00f4de, ktor\u00e9 by mohlo ovplyvni\u0165 v\u00fdvoj kore\u0148ov a plodov. Hnojivo aplikujte len na mierne vlhk\u00fa p\u00f4du, aby sa lep\u0161ie asimilovalo.<\/li>\n<li><strong>Skladovanie a uchov\u00e1vanie <\/strong>: Hnojivo skladujte na suchom a miernom mieste, mimo dosahu svetla a vlhkosti. Po ka\u017edom pou\u017eit\u00ed n\u00e1dobu tesne uzavrite, aby ste zachovali kvalitu v\u00fdrobku a zabr\u00e1nili odparovaniu.<\/li>\n<\/ul>\n<p>S t\u00fdmto hnojivom na avok\u00e1dovn\u00edky poskytnete svojmu stromu kompletn\u00fa a vyv\u00e1\u017een\u00fa v\u00fd\u017eivu, ktor\u00e1 podporuje intenz\u00edvny rast, lep\u0161ie kvitnutie a bohat\u00fa a chutn\u00fa produkciu plodov. Je to ide\u00e1lne rie\u0161enie pre chutn\u00e9 avok\u00e1do pestovan\u00e9 na dokonale zdravom strome.<\/p>\n<p>&nbsp;<\/p>","protected":false},"excerpt":{"rendered":"<p>Complete nutrition for a thriving avocado tree.\u00a0This avocado fertilizer is designed to meet the specific needs of this fruit tree, providing it with vigorous growth, dense foliage, and abundant fruiting. Thanks to its NPK 15-15-15 formulation, it offers a perfect balance between nitrogen (N), phosphorus (P), and potassium (K), three essential elements that promote root [&hellip;]<\/p>\n","protected":false},"featured_media":25170,"comment_status":"open","ping_status":"closed","template":"","meta":{"_uag_custom_page_level_css":"","site-sidebar-layout":"default","site-content-layout":"","ast-site-content-layout":"default","site-content-style":"default","site-sidebar-style":"default","ast-global-header-display":"","ast-banner-title-visibility":"","ast-main-header-display":"","ast-hfb-above-header-display":"","ast-hfb-below-header-display":"","ast-hfb-mobile-header-display":"","site-post-title":"","ast-breadcrumbs-content":"","ast-featured-img":"","footer-sml-layout":"","ast-disable-related-posts":"","theme-transparent-header-meta":"default","adv-header-id-meta":"","stick-header-meta":"","header-above-stick-meta":"","header-main-stick-meta":"","header-below-stick-meta":"","astra-migrate-meta-layouts":"set","ast-page-background-enabled":"default","ast-page-background-meta":{"desktop":{"background-color":"var(--ast-global-color-4)","background-image":"","background-repeat":"repeat","background-position":"center center","background-size":"auto","background-attachment":"scroll","background-type":"","background-media":"","overlay-type":"","overlay-color":"","overlay-opacity":"","overlay-gradient":""},"tablet":{"background-color":"","background-image":"","background-repeat":"repeat","background-position":"center center","background-size":"auto","background-attachment":"scroll","background-type":"","background-media":"","overlay-type":"","overlay-color":"","overlay-opacity":"","overlay-gradient":""},"mobile":{"background-color":"","background-image":"","background-repeat":"repeat","background-position":"center center","background-size":"auto","background-attachment":"scroll","background-type":"","background-media":"","overlay-type":"","overlay-color":"","overlay-opacity":"","overlay-gradient":""}},"ast-content-background-meta":{"desktop":{"background-color":"var(--ast-global-color-5)","background-image":"","background-repeat":"repeat","background-position":"center center","background-size":"auto","background-attachment":"scroll","background-type":"","background-media":"","overlay-type":"","overlay-color":"","overlay-opacity":"","overlay-gradient":""},"tablet":{"background-color":"var(--ast-global-color-5)","background-image":"","background-repeat":"repeat","background-position":"center center","background-size":"auto","background-attachment":"scroll","background-type":"","background-media":"","overlay-type":"","overlay-color":"","overlay-opacity":"","overlay-gradient":""},"mobile":{"background-color":"var(--ast-global-color-5)","background-image":"","background-repeat":"repeat","background-position":"center center","background-size":"auto","background-attachment":"scroll","background-type":"","background-media":"","overlay-type":"","overlay-color":"","overlay-opacity":"","overlay-gradient":""}}},"product_brand":[],"product_cat":[178],"product_tag":[],"class_list":{"0":"post-23077","1":"product","2":"type-product","3":"status-publish","4":"has-post-thumbnail","6":"product_cat-fertilizers","7":"desktop-align-left","8":"tablet-align-left","9":"mobile-align-left","11":"first","12":"instock","13":"sale","14":"shipping-taxable","15":"purchasable","16":"product-type-variable","17":"has-default-attributes"},"spectra_custom_meta":{"_visibility":["visible"],"_shopify_product_id":["9062786793717"],"_s2w_shopify_domain":["ferberpainting.myshopify.com"],"_shopify_variant_id":["46490019561717"],"_sku":["FPAVOCADOTREEFERTILIZER"],"_manage_stock":["no"],"total_sales":["30"],"_tax_status":["taxable"],"_tax_class":[""],"_backorders":["no"],"_sold_individually":["no"],"_virtual":["no"],"_downloadable":["no"],"_download_limit":["-1"],"_download_expiry":["-1"],"_stock":[null],"_stock_status":["instock"],"_wc_average_rating":["4.92"],"_wc_review_count":["12"],"_product_attributes":["a:1:{s:6:\"volume\";a:6:{s:4:\"name\";s:6:\"Volume\";s:5:\"value\";s:20:\"5 liters | 25 liters\";s:8:\"position\";i:1;s:10:\"is_visible\";i:0;s:12:\"is_variation\";i:1;s:11:\"is_taxonomy\";i:0;}}"],"_product_version":["10.5.2"],"_thumbnail_id":["25170"],"_product_image_gallery":["25211"],"wpse_downloadable_file_names":[""],"wpse_downloadable_file_urls":[""],"_edit_last":["1"],"_default_attributes":["a:1:{s:6:\"volume\";s:8:\"5 liters\";}"],"_wc_rating_count":["a:2:{i:4;i:1;i:5;i:11;}"],"_edit_lock":["1771955457:1"],"_price":["29.90","129.90"],"merchant-center-availability":["yes"],"merchant-center-category":["113"],"_wp_page_template":["default"],"site-sidebar-layout":["default"],"ast-site-content-layout":["default"],"site-content-style":["default"],"site-sidebar-style":["default"],"theme-transparent-header-meta":["default"],"astra-migrate-meta-layouts":["set"],"_uag_css_file_name":["uag-css-23077.css"],"_elementor_page_assets":["a:0:{}"],"_uag_page_assets":["a:9:{s:3:\"css\";s:7133:\".uag-blocks-common-selector{z-index:var(--z-index-desktop) !important}@media(max-width: 976px){.uag-blocks-common-selector{z-index:var(--z-index-tablet) !important}}@media(max-width: 767px){.uag-blocks-common-selector{z-index:var(--z-index-mobile) !important}}.wp-block-uagb-image{display:flex}.wp-block-uagb-image__figure{position:relative;display:flex;flex-direction:column;max-width:100%;height:auto;margin:0}.wp-block-uagb-image__figure img{height:auto;display:flex;max-width:100%;transition:box-shadow .2s ease}.wp-block-uagb-image__figure>a{display:inline-block}.wp-block-uagb-image__figure figcaption{text-align:center;margin-top:.5em;margin-bottom:1em}.wp-block-uagb-image .components-placeholder.block-editor-media-placeholder .components-placeholder__instructions{align-self:center}.wp-block-uagb-image--align-left{text-align:left}.wp-block-uagb-image--align-right{text-align:right}.wp-block-uagb-image--align-center{text-align:center}.wp-block-uagb-image--align-full .wp-block-uagb-image__figure{margin-left:calc(50% - 50vw);margin-right:calc(50% - 50vw);max-width:100vw;width:100vw;height:auto}.wp-block-uagb-image--align-full .wp-block-uagb-image__figure img{height:auto;width:100% !important}.wp-block-uagb-image--align-wide .wp-block-uagb-image__figure img{height:auto;width:100%}.wp-block-uagb-image--layout-overlay__color-wrapper{position:absolute;left:0;top:0;right:0;bottom:0;opacity:.2;background:rgba(0,0,0,.5);transition:opacity .35s ease-in-out}.wp-block-uagb-image--layout-overlay-link{position:absolute;left:0;right:0;bottom:0;top:0}.wp-block-uagb-image--layout-overlay .wp-block-uagb-image__figure:hover .wp-block-uagb-image--layout-overlay__color-wrapper{opacity:1}.wp-block-uagb-image--layout-overlay__inner{position:absolute;left:15px;right:15px;bottom:15px;top:15px;display:flex;align-items:center;justify-content:center;flex-direction:column;border-color:#fff;transition:.35s ease-in-out}.wp-block-uagb-image--layout-overlay__inner.top-left,.wp-block-uagb-image--layout-overlay__inner.top-center,.wp-block-uagb-image--layout-overlay__inner.top-right{justify-content:flex-start}.wp-block-uagb-image--layout-overlay__inner.bottom-left,.wp-block-uagb-image--layout-overlay__inner.bottom-center,.wp-block-uagb-image--layout-overlay__inner.bottom-right{justify-content:flex-end}.wp-block-uagb-image--layout-overlay__inner.top-left,.wp-block-uagb-image--layout-overlay__inner.center-left,.wp-block-uagb-image--layout-overlay__inner.bottom-left{align-items:flex-start}.wp-block-uagb-image--layout-overlay__inner.top-right,.wp-block-uagb-image--layout-overlay__inner.center-right,.wp-block-uagb-image--layout-overlay__inner.bottom-right{align-items:flex-end}.wp-block-uagb-image--layout-overlay__inner .uagb-image-heading{color:#fff;transition:transform .35s,opacity .35s ease-in-out;transform:translate3d(0, 24px, 0);margin:0;line-height:1em}.wp-block-uagb-image--layout-overlay__inner .uagb-image-separator{width:30%;border-top-width:2px;border-top-color:#fff;border-top-style:solid;margin-bottom:10px;opacity:0;transition:transform .4s,opacity .4s ease-in-out;transform:translate3d(0, 30px, 0)}.wp-block-uagb-image--layout-overlay__inner .uagb-image-caption{opacity:0;overflow:visible;color:#fff;transition:transform .45s,opacity .45s ease-in-out;transform:translate3d(0, 35px, 0)}.wp-block-uagb-image--layout-overlay__inner:hover .uagb-image-heading,.wp-block-uagb-image--layout-overlay__inner:hover .uagb-image-separator,.wp-block-uagb-image--layout-overlay__inner:hover .uagb-image-caption{opacity:1;transform:translate3d(0, 0, 0)}.wp-block-uagb-image--effect-zoomin .wp-block-uagb-image__figure img,.wp-block-uagb-image--effect-zoomin .wp-block-uagb-image__figure .wp-block-uagb-image--layout-overlay__color-wrapper{transform:scale(1);transition:transform .35s ease-in-out}.wp-block-uagb-image--effect-zoomin .wp-block-uagb-image__figure:hover img,.wp-block-uagb-image--effect-zoomin .wp-block-uagb-image__figure:hover .wp-block-uagb-image--layout-overlay__color-wrapper{transform:scale(1.05)}.wp-block-uagb-image--effect-slide .wp-block-uagb-image__figure img,.wp-block-uagb-image--effect-slide .wp-block-uagb-image__figure .wp-block-uagb-image--layout-overlay__color-wrapper{width:calc(100% + 40px) !important;max-width:none !important;transform:translate3d(-40px, 0, 0);transition:transform .35s ease-in-out}.wp-block-uagb-image--effect-slide .wp-block-uagb-image__figure:hover img,.wp-block-uagb-image--effect-slide .wp-block-uagb-image__figure:hover .wp-block-uagb-image--layout-overlay__color-wrapper{transform:translate3d(0, 0, 0)}.wp-block-uagb-image--effect-grayscale img{filter:grayscale(0%);transition:.35s ease-in-out}.wp-block-uagb-image--effect-grayscale:hover img{filter:grayscale(100%)}.wp-block-uagb-image--effect-blur img{filter:blur(0);transition:.35s ease-in-out}.wp-block-uagb-image--effect-blur:hover img{filter:blur(3px)}.uagb-block-e6f939b3.wp-block-uagb-image--layout-default figure img{box-shadow: 0px 0px 0 #00000070;}.uagb-block-e6f939b3.wp-block-uagb-image .wp-block-uagb-image__figure figcaption{font-style: normal;align-self: center;}.uagb-block-e6f939b3.wp-block-uagb-image--layout-overlay figure img{box-shadow: 0px 0px 0 #00000070;}.uagb-block-e6f939b3.wp-block-uagb-image--layout-overlay .wp-block-uagb-image--layout-overlay__color-wrapper{opacity: 0.2;}.uagb-block-e6f939b3.wp-block-uagb-image--layout-overlay .wp-block-uagb-image--layout-overlay__inner{left: 15px;right: 15px;top: 15px;bottom: 15px;}.uagb-block-e6f939b3.wp-block-uagb-image--layout-overlay .wp-block-uagb-image--layout-overlay__inner .uagb-image-heading{font-style: normal;color: #fff;opacity: 1;}.uagb-block-e6f939b3.wp-block-uagb-image--layout-overlay .wp-block-uagb-image--layout-overlay__inner .uagb-image-heading a{color: #fff;}.uagb-block-e6f939b3.wp-block-uagb-image--layout-overlay .wp-block-uagb-image--layout-overlay__inner .uagb-image-caption{opacity: 0;}.uagb-block-e6f939b3.wp-block-uagb-image--layout-overlay .wp-block-uagb-image__figure:hover .wp-block-uagb-image--layout-overlay__color-wrapper{opacity: 1;}.uagb-block-e6f939b3.wp-block-uagb-image .wp-block-uagb-image--layout-overlay__inner .uagb-image-separator{width: 30%;border-top-width: 2px;border-top-color: #fff;opacity: 0;}.uagb-block-e6f939b3.wp-block-uagb-image .wp-block-uagb-image__figure img{width: px;height: auto;}.uagb-block-e6f939b3.wp-block-uagb-image .wp-block-uagb-image__figure:hover .wp-block-uagb-image--layout-overlay__inner .uagb-image-caption{opacity: 1;}.uagb-block-e6f939b3.wp-block-uagb-image .wp-block-uagb-image__figure:hover .wp-block-uagb-image--layout-overlay__inner .uagb-image-separator{opacity: 1;}.uagb-block-e6f939b3.wp-block-uagb-image--layout-default figure:hover img{box-shadow: 0px 0px 0 #00000070;}.uagb-block-e6f939b3.wp-block-uagb-image--layout-overlay figure:hover img{box-shadow: 0px 0px 0 #00000070;}@media only screen and (max-width: 976px) {.uagb-block-e6f939b3.wp-block-uagb-image .wp-block-uagb-image__figure img{width: px;height: auto;}}@media only screen and (max-width: 767px) {.uagb-block-e6f939b3.wp-block-uagb-image .wp-block-uagb-image__figure img{width: px;height: auto;}}\";s:2:\"js\";s:0:\"\";s:18:\"current_block_list\";a:13:{i:0;s:11:\"core\/search\";i:1;s:10:\"core\/group\";i:2;s:12:\"core\/heading\";i:3;s:17:\"core\/latest-posts\";i:4;s:20:\"core\/latest-comments\";i:5;s:13:\"core\/archives\";i:6;s:15:\"core\/categories\";i:7;s:14:\"core\/paragraph\";i:8;s:10:\"uagb\/image\";i:9;s:11:\"core\/spacer\";i:10;s:30:\"woocommerce\/product-categories\";i:11;s:10:\"core\/image\";i:12;s:14:\"core\/shortcode\";}s:8:\"uag_flag\";b:1;s:11:\"uag_version\";s:10:\"1777099522\";s:6:\"gfonts\";a:0:{}s:10:\"gfonts_url\";s:0:\"\";s:12:\"gfonts_files\";a:0:{}s:14:\"uag_faq_layout\";b:0;}"]},"uagb_featured_image_src":{"full":["https:\/\/www.ferberpainting.com\/wp-content\/uploads\/2025\/05\/AvocadoTreeFertilizer5L.png",2560,2560,false],"thumbnail":["https:\/\/www.ferberpainting.com\/wp-content\/uploads\/2025\/05\/AvocadoTreeFertilizer5L-150x150.png",150,150,true],"medium":["https:\/\/www.ferberpainting.com\/wp-content\/uploads\/2025\/05\/AvocadoTreeFertilizer5L-300x300.png",300,300,true],"medium_large":["https:\/\/www.ferberpainting.com\/wp-content\/uploads\/2025\/05\/AvocadoTreeFertilizer5L-768x768.png",768,768,true],"large":["https:\/\/www.ferberpainting.com\/wp-content\/uploads\/2025\/05\/AvocadoTreeFertilizer5L-1024x1024.png",1024,1024,true],"1536x1536":["https:\/\/www.ferberpainting.com\/wp-content\/uploads\/2025\/05\/AvocadoTreeFertilizer5L-1536x1536.png",1536,1536,true],"2048x2048":["https:\/\/www.ferberpainting.com\/wp-content\/uploads\/2025\/05\/AvocadoTreeFertilizer5L-2048x2048.png",2048,2048,true],"trp-custom-language-flag":["https:\/\/www.ferberpainting.com\/wp-content\/uploads\/2025\/05\/AvocadoTreeFertilizer5L-12x12.png",12,12,true],"woocommerce_thumbnail":["https:\/\/www.ferberpainting.com\/wp-content\/uploads\/2025\/05\/AvocadoTreeFertilizer5L-300x300.png",300,300,true],"woocommerce_single":["https:\/\/www.ferberpainting.com\/wp-content\/uploads\/2025\/05\/AvocadoTreeFertilizer5L-600x600.png",600,600,true],"woocommerce_gallery_thumbnail":["https:\/\/www.ferberpainting.com\/wp-content\/uploads\/2025\/05\/AvocadoTreeFertilizer5L-100x100.png",100,100,true]},"uagb_author_info":{"display_name":"admin","author_link":"https:\/\/www.ferberpainting.com\/sk\/author\/"},"uagb_comment_info":12,"uagb_excerpt":"Complete nutrition for a thriving avocado tree.\u00a0This avocado fertilizer is designed to meet the specific needs of this fruit tree, providing it with vigorous growth, dense foliage, and abundant fruiting. Thanks to its NPK 15-15-15 formulation, it offers a perfect balance between nitrogen (N), phosphorus (P), and potassium (K), three essential elements that promote root&hellip;","_links":{"self":[{"href":"https:\/\/www.ferberpainting.com\/sk\/wp-json\/wp\/v2\/product\/23077","targetHints":{"allow":["GET"]}}],"collection":[{"href":"https:\/\/www.ferberpainting.com\/sk\/wp-json\/wp\/v2\/product"}],"about":[{"href":"https:\/\/www.ferberpainting.com\/sk\/wp-json\/wp\/v2\/types\/product"}],"replies":[{"embeddable":true,"href":"https:\/\/www.ferberpainting.com\/sk\/wp-json\/wp\/v2\/comments?post=23077"}],"version-history":[{"count":7,"href":"https:\/\/www.ferberpainting.com\/sk\/wp-json\/wp\/v2\/product\/23077\/revisions"}],"predecessor-version":[{"id":166030,"href":"https:\/\/www.ferberpainting.com\/sk\/wp-json\/wp\/v2\/product\/23077\/revisions\/166030"}],"wp:featuredmedia":[{"embeddable":true,"href":"https:\/\/www.ferberpainting.com\/sk\/wp-json\/wp\/v2\/media\/25170"}],"wp:attachment":[{"href":"https:\/\/www.ferberpainting.com\/sk\/wp-json\/wp\/v2\/media?parent=23077"}],"wp:term":[{"taxonomy":"product_brand","embeddable":true,"href":"https:\/\/www.ferberpainting.com\/sk\/wp-json\/wp\/v2\/product_brand?post=23077"},{"taxonomy":"product_cat","embeddable":true,"href":"https:\/\/www.ferberpainting.com\/sk\/wp-json\/wp\/v2\/product_cat?post=23077"},{"taxonomy":"product_tag","embeddable":true,"href":"https:\/\/www.ferberpainting.com\/sk\/wp-json\/wp\/v2\/product_tag?post=23077"}],"curies":[{"name":"wp","href":"https:\/\/api.w.org\/{rel}","templated":true}]}}