{"id":23052,"date":"2025-05-26T10:22:23","date_gmt":"2025-05-26T08:22:23","guid":{"rendered":"https:\/\/www.ferberpainting.com\/products\/amaryllis-fertilizer\/"},"modified":"2026-02-24T18:44:07","modified_gmt":"2026-02-24T17:44:07","slug":"amaryllis-fertilizer","status":"publish","type":"product","link":"https:\/\/www.ferberpainting.com\/sk\/products\/amaryllis-fertilizer\/","title":{"rendered":"Hnojivo pre amarylis"},"content":{"rendered":"<p><img decoding=\"async\" style=\"margin-right: 12px;\" src=\"https:\/\/www.ferberpainting.com\/wp-content\/uploads\/2026\/02\/Check.svg\" alt=\"\" width=\"18\" height=\"15\" \/><strong>Vyv\u00e1\u017een\u00e9 hnojivo pre ve\u013ekolep\u00e9 kvitnutie.<\/strong>\u00a0Toto hnojivo na amarylis je \u0161peci\u00e1lne navrhnut\u00e9 na stimul\u00e1ciu rastu a kvitnutia tejto majest\u00e1tnej rastliny. V\u010faka zlo\u017eeniu NPK 15-15-15 poskytuje dokonal\u00fa rovnov\u00e1hu medzi dus\u00edkom (N), ktor\u00fd podporuje hust\u00e9 a siln\u00e9 olistenie, fosforom (P), ktor\u00fd stimuluje v\u00fdvoj kore\u0148ov a cib\u00fa\u013e, a drasl\u00edkom (K), ktor\u00fd posil\u0148uje kvitnutie a odolnos\u0165 vo\u010di chorob\u00e1m. Zabezpe\u010duje tak \u017eiv\u00e9 kvety ve\u013ek\u00fdch rozmerov a intenz\u00edvnych farieb.<\/p>\n<p><img decoding=\"async\" style=\"margin-right: 12px;\" src=\"https:\/\/www.ferberpainting.com\/wp-content\/uploads\/2026\/02\/Check.svg\" alt=\"\" width=\"18\" height=\"15\" \/><strong>Z\u00e1ruka vr\u00e1tenia pe\u0148az\u00ed.<\/strong>\u00a0M\u00e1me \u00fapln\u00fa d\u00f4veru v \u00fa\u010dinnos\u0165 n\u00e1\u0161ho hnojiva na amarylis. Preto pon\u00fakame z\u00e1ruku vr\u00e1tenia pe\u0148az\u00ed. Ak po jeho pou\u017eit\u00ed pod\u013ea odpor\u00fa\u010dan\u00ed nezaznamen\u00e1te v\u00fdrazn\u00e9 zlep\u0161enie rastu a kvitnutia va\u0161ich rastl\u00edn, zav\u00e4zujeme sa v\u00e1m bezpodmiene\u010dne vr\u00e1ti\u0165 peniaze, \u010d\u00edm v\u00e1m zabezpe\u010d\u00edme \u00faplne bezstarostn\u00fd n\u00e1kup.<\/p>\n<p><img decoding=\"async\" style=\"margin-right: 12px;\" src=\"https:\/\/www.ferberpainting.com\/wp-content\/uploads\/2026\/02\/Check.svg\" alt=\"\" width=\"18\" height=\"15\" \/><strong>Vhodn\u00e9 pre v\u0161etky odrody amarylisov a izbov\u00e9 a vonkaj\u0161ie cibu\u013eky.<\/strong>\u00a0Toto hnojivo je vhodn\u00e9 pre \u010derven\u00e9, ru\u017eov\u00e9, biele a dvojfarebn\u00e9 amarylisy, ako aj pre in\u00e9 cibu\u013eoviny z tej istej \u010de\u013eade, napr\u00edklad hippeastrumy. Je ide\u00e1lne pre amarylisy pestovan\u00e9 v kvetin\u00e1\u010doch v interi\u00e9ri, ako aj vo vo\u013enej p\u00f4de v z\u00e1hrad\u00e1ch, pri\u010dom zabezpe\u010duje optim\u00e1lnu v\u00fd\u017eivu pre ka\u017ed\u00fd sp\u00f4sob pestovania.<\/p>\n<p><img decoding=\"async\" style=\"margin-right: 12px;\" src=\"https:\/\/www.ferberpainting.com\/wp-content\/uploads\/2026\/02\/Check.svg\" alt=\"\" width=\"18\" height=\"15\" \/><strong>Optimalizovan\u00e1 hospod\u00e1rnos\u0165 v\u010faka koncentr\u00e1cii.<\/strong>\u00a0V\u010faka koncentrovan\u00e9mu zlo\u017eeniu kvapaliny mo\u017eno v 5-litrovej n\u00e1dobe pripravi\u0165 a\u017e 1 000 litrov hnojiv\u00e9ho roztoku, \u010do zaru\u010duje dlhodob\u00e9 a n\u00e1kladovo efekt\u00edvne hnojenie. S d\u00e1vkovan\u00edm 5 ml na liter vody umo\u017e\u0148uje tento produkt r\u00fdchlu absorpciu \u017eiv\u00edn a optimaliz\u00e1ciu pou\u017eitia pri obmedzen\u00ed odpadu.<\/p>\n<p><img decoding=\"async\" style=\"margin-right: 12px;\" src=\"https:\/\/www.ferberpainting.com\/wp-content\/uploads\/2026\/02\/Check.svg\" alt=\"\" width=\"18\" height=\"15\" \/><strong>Bezpe\u010dn\u00e9 a netoxick\u00e9 hnojivo na vn\u00fatorn\u00e9 aj vonkaj\u0161ie pou\u017eitie.<\/strong>\u00a0Toto hnojivo je vytvoren\u00e9 bez agres\u00edvnych chemik\u00e1li\u00ed a nevyp\u00fa\u0161\u0165a \u017eiadne toxick\u00e9 v\u00fdpary, tak\u017ee je ide\u00e1lne na pou\u017eitie v interi\u00e9ri. Nemen\u00ed kvalitu ovzdu\u0161ia a pri aplik\u00e1cii pod\u013ea odpor\u00fa\u010dan\u00ed je bezpe\u010dn\u00e9 pre dom\u00e1ce zvierat\u00e1. Jeho \u0161etrn\u00e9 p\u00f4sobenie re\u0161pektuje biologick\u00fa rovnov\u00e1hu p\u00f4dy a podporuje zdrav\u00e9 prostredie pre va\u0161e rastliny.<\/p>\n<p><img decoding=\"async\" style=\"margin-right: 12px;\" src=\"https:\/\/www.ferberpainting.com\/wp-content\/uploads\/2026\/02\/Check.svg\" alt=\"\" width=\"18\" height=\"15\" \/><strong>Jednoduch\u00e1 aplik\u00e1cia na zjednodu\u0161enie \u00fadr\u017eby.<\/strong>\u00a0Toto tekut\u00e9 hnojivo sa riedi priamo do vody na zalievanie, \u010d\u00edm sa zabezpe\u010d\u00ed homog\u00e9nne a \u00fa\u010dinn\u00e9 hnojenie s minim\u00e1lnym \u00fasil\u00edm. M\u00f4\u017ee sa tie\u017e aplikova\u0165 priamo na z\u00e1klad\u0148u rastliny alebo prostredn\u00edctvom listov\u00e9ho postreku, \u010do umo\u017e\u0148uje r\u00fdchlu absorpciu \u017eiv\u00edn listami a kore\u0148mi.<\/p>\n<p><img decoding=\"async\" style=\"margin-right: 12px;\" src=\"https:\/\/www.ferberpainting.com\/wp-content\/uploads\/2026\/02\/Check.svg\" alt=\"\" width=\"18\" height=\"15\" \/><strong>Dlhodob\u00e9 p\u00f4sobenie pre optim\u00e1lny rast a kvitnutie.<\/strong>\u00a0V\u010faka postupn\u00e9mu uvo\u013e\u0148ovaniu \u017eiv\u00edn toto hnojivo dlhodobo vy\u017eivuje cibu\u013eu amarylisu bez toho, aby sp\u00f4sobovalo nadmern\u00fd rast listov. Podporuje bohat\u0161ie a dlh\u0161ie trvaj\u00face kvitnutie s v\u00e4\u010d\u0161\u00edmi a odolnej\u0161\u00edmi kvetmi.<\/p>\n<p><img decoding=\"async\" style=\"margin-right: 12px;\" src=\"https:\/\/www.ferberpainting.com\/wp-content\/uploads\/2026\/02\/Check.svg\" alt=\"\" width=\"18\" height=\"15\" \/><strong>Vidite\u013en\u00e9 v\u00fdsledky u\u017e od prv\u00fdch t\u00fd\u017ed\u0148ov aplik\u00e1cie.<\/strong>\u00a0Od prv\u00fdch t\u00fd\u017ed\u0148ov pou\u017e\u00edvania toto hnojivo stimuluje rast listov, zlep\u0161uje farbu kvetov a zabezpe\u010duje lep\u0161iu podporu kvetn\u00fdch stoniek. Pom\u00e1ha tie\u017e rastline pripravi\u0165 sa na \u010fal\u0161\u00ed cyklus kvitnutia v nasleduj\u00facom roku t\u00fdm, \u017ee posil\u0148uje cibu\u013eu po odkvitnut\u00ed, \u010d\u00edm zabezpe\u010duje nepretr\u017eit\u00e9 a ve\u013ekolep\u00e9 cykly kvitnutia.<\/p>\n<h2><strong>Protokol o pou\u017e\u00edvan\u00ed<\/strong><\/h2>\n<ul>\n<li><strong>Zriedenie hnojiva <\/strong>: Zmie\u0161ajte 5 ml hnojiva na 1 liter vody. Pred ka\u017edou aplik\u00e1ciou roztok dobre pretrepte, aby sa zabezpe\u010dilo rovnomern\u00e9 rozlo\u017eenie \u017eiv\u00edn.<\/li>\n<li><strong>Sp\u00f4sob aplik\u00e1cie <\/strong>:\n<ul>\n<li><strong>Zalievan\u00edm <\/strong>: Zrieden\u00fd roztok nalejte priamo na z\u00e1klad\u0148u rastliny, pri\u010dom dbajte na rovnomern\u00e9 zvlh\u010denie substr\u00e1tu bez prebyto\u010dnej vody, aby sa zabr\u00e1nilo hromadeniu vlhkosti okolo cibule.<\/li>\n<li><strong>Listov\u00fdm postrekom <\/strong>: Roztok z\u013eahka nastriekajte na listy, najlep\u0161ie skoro r\u00e1no alebo v neskor\u00fdch hodin\u00e1ch, aby sa zabr\u00e1nilo r\u00fdchlemu odparovaniu.<\/li>\n<\/ul>\n<\/li>\n<li><strong>Frekvencia pou\u017e\u00edvania <\/strong>: Hnojivo aplikujte ka\u017ed\u00fdch 15 dn\u00ed po\u010das obdobia rastu a kvitnutia (jar-leto) a raz mesa\u010dne po odkvitnut\u00ed na posilnenie cibule pred obdob\u00edm vegeta\u010dn\u00e9ho pokoja (jese\u0148-zima).<\/li>\n<li><strong>Dodato\u010dn\u00e9 zavla\u017eovanie <\/strong>: Po ka\u017edom hnojen\u00ed po\u010dkajte 48 hod\u00edn pred \u010fal\u0161\u00edm zalievan\u00edm, aby sa optimalizovalo vstreb\u00e1vanie \u017eiv\u00edn rastlinou.<\/li>\n<li><strong>Bezpe\u010dnostn\u00e9 opatrenia pri pou\u017e\u00edvan\u00ed <\/strong>: Nepred\u00e1vkujte hnojivo, aby ste zabr\u00e1nili nadmern\u00e9mu hromadeniu miner\u00e1lnych sol\u00ed v p\u00f4de, ktor\u00e9 by mohlo ovplyvni\u0165 v\u00fdvoj kore\u0148ov. V\u017edy aplikujte do mierne vlhk\u00e9ho substr\u00e1tu pre lep\u0161iu asimil\u00e1ciu.<\/li>\n<li><strong>Skladovanie a uchov\u00e1vanie <\/strong>: Hnojivo skladujte na suchom, miernom mieste, mimo dosahu svetla a vlhkosti. Po ka\u017edom pou\u017eit\u00ed n\u00e1dobu tesne uzavrite, aby sa zachovala \u00fa\u010dinnos\u0165 v\u00fdrobku a zabr\u00e1nilo sa jeho odparovaniu.<\/li>\n<\/ul>\n<p>S t\u00fdmto hnojivom na amarylisy poskytnete svojim rastlin\u00e1m kompletn\u00fa a vyv\u00e1\u017een\u00fa v\u00fd\u017eivu, ktor\u00e1 podporuje intenz\u00edvny rast, intenz\u00edvne kvitnutie a zv\u00fd\u0161en\u00fa odolnos\u0165 vo\u010di chorob\u00e1m a klimatick\u00fdm zmen\u00e1m. Je ide\u00e1lnym rie\u0161en\u00edm pre ve\u013ekolep\u00e9 amarylisy so \u017eiariv\u00fdmi a dlhotrvaj\u00facimi kvetmi rok \u010do rok.<\/p>\n<p>&nbsp;<\/p>\n<p>&nbsp;<\/p>","protected":false},"excerpt":{"rendered":"<p>A balanced fertilizer for spectacular blooming.\u00a0This amaryllis fertilizer is specially designed to stimulate the growth and blooming of this majestic plant. Thanks to its NPK 15-15-15 formulation, it provides a perfect balance between nitrogen (N), which promotes dense and robust foliage, phosphorus (P), which stimulates root and bulb development, and potassium (K), which strengthens blooming [&hellip;]<\/p>\n","protected":false},"featured_media":23695,"comment_status":"open","ping_status":"closed","template":"","meta":{"_uag_custom_page_level_css":"","site-sidebar-layout":"default","site-content-layout":"","ast-site-content-layout":"default","site-content-style":"default","site-sidebar-style":"default","ast-global-header-display":"","ast-banner-title-visibility":"","ast-main-header-display":"","ast-hfb-above-header-display":"","ast-hfb-below-header-display":"","ast-hfb-mobile-header-display":"","site-post-title":"","ast-breadcrumbs-content":"","ast-featured-img":"","footer-sml-layout":"","ast-disable-related-posts":"","theme-transparent-header-meta":"default","adv-header-id-meta":"","stick-header-meta":"","header-above-stick-meta":"","header-main-stick-meta":"","header-below-stick-meta":"","astra-migrate-meta-layouts":"set","ast-page-background-enabled":"default","ast-page-background-meta":{"desktop":{"background-color":"var(--ast-global-color-4)","background-image":"","background-repeat":"repeat","background-position":"center center","background-size":"auto","background-attachment":"scroll","background-type":"","background-media":"","overlay-type":"","overlay-color":"","overlay-opacity":"","overlay-gradient":""},"tablet":{"background-color":"","background-image":"","background-repeat":"repeat","background-position":"center center","background-size":"auto","background-attachment":"scroll","background-type":"","background-media":"","overlay-type":"","overlay-color":"","overlay-opacity":"","overlay-gradient":""},"mobile":{"background-color":"","background-image":"","background-repeat":"repeat","background-position":"center center","background-size":"auto","background-attachment":"scroll","background-type":"","background-media":"","overlay-type":"","overlay-color":"","overlay-opacity":"","overlay-gradient":""}},"ast-content-background-meta":{"desktop":{"background-color":"var(--ast-global-color-5)","background-image":"","background-repeat":"repeat","background-position":"center center","background-size":"auto","background-attachment":"scroll","background-type":"","background-media":"","overlay-type":"","overlay-color":"","overlay-opacity":"","overlay-gradient":""},"tablet":{"background-color":"var(--ast-global-color-5)","background-image":"","background-repeat":"repeat","background-position":"center center","background-size":"auto","background-attachment":"scroll","background-type":"","background-media":"","overlay-type":"","overlay-color":"","overlay-opacity":"","overlay-gradient":""},"mobile":{"background-color":"var(--ast-global-color-5)","background-image":"","background-repeat":"repeat","background-position":"center center","background-size":"auto","background-attachment":"scroll","background-type":"","background-media":"","overlay-type":"","overlay-color":"","overlay-opacity":"","overlay-gradient":""}}},"product_brand":[],"product_cat":[178],"product_tag":[],"class_list":{"0":"post-23052","1":"product","2":"type-product","3":"status-publish","4":"has-post-thumbnail","6":"product_cat-fertilizers","7":"desktop-align-left","8":"tablet-align-left","9":"mobile-align-left","11":"first","12":"instock","13":"sale","14":"shipping-taxable","15":"purchasable","16":"product-type-variable","17":"has-default-attributes"},"spectra_custom_meta":{"_visibility":["visible"],"_shopify_product_id":["9062550601973"],"_s2w_shopify_domain":["ferberpainting.myshopify.com"],"_shopify_variant_id":["46489551732981"],"_sku":["FPAMARYLLISFERTILIZER"],"_manage_stock":["no"],"total_sales":["6"],"_tax_status":["taxable"],"_tax_class":[""],"_backorders":["no"],"_sold_individually":["no"],"_virtual":["no"],"_downloadable":["no"],"_download_limit":["-1"],"_download_expiry":["-1"],"_stock":[null],"_stock_status":["instock"],"_wc_average_rating":["4.93"],"_wc_review_count":["15"],"_product_attributes":["a:1:{s:6:\"volume\";a:6:{s:4:\"name\";s:6:\"Volume\";s:5:\"value\";s:20:\"5 liters | 25 liters\";s:8:\"position\";i:0;s:10:\"is_visible\";i:0;s:12:\"is_variation\";i:1;s:11:\"is_taxonomy\";i:0;}}"],"_product_version":["10.5.2"],"_thumbnail_id":["23695"],"_product_image_gallery":["23767"],"wpse_downloadable_file_names":[""],"wpse_downloadable_file_urls":[""],"_edit_last":["1"],"_default_attributes":["a:1:{s:6:\"volume\";s:8:\"5 liters\";}"],"_wc_rating_count":["a:2:{i:4;i:1;i:5;i:14;}"],"_edit_lock":["1771954907:1"],"_price":["29.90","129.90"],"merchant-center-availability":["yes"],"merchant-center-category":["113"],"_wp_page_template":["default"],"site-sidebar-layout":["default"],"ast-site-content-layout":["default"],"site-content-style":["default"],"site-sidebar-style":["default"],"theme-transparent-header-meta":["default"],"astra-migrate-meta-layouts":["set"],"_uag_css_file_name":["uag-css-23052.css"],"_elementor_page_assets":["a:0:{}"],"_uag_page_assets":["a:9:{s:3:\"css\";s:6873:\".wp-block-uagb-image{display:flex}.wp-block-uagb-image__figure{position:relative;display:flex;flex-direction:column;max-width:100%;height:auto;margin:0}.wp-block-uagb-image__figure img{height:auto;display:flex;max-width:100%;transition:box-shadow .2s ease}.wp-block-uagb-image__figure>a{display:inline-block}.wp-block-uagb-image__figure figcaption{text-align:center;margin-top:.5em;margin-bottom:1em}.wp-block-uagb-image .components-placeholder.block-editor-media-placeholder .components-placeholder__instructions{align-self:center}.wp-block-uagb-image--align-left{text-align:left}.wp-block-uagb-image--align-right{text-align:right}.wp-block-uagb-image--align-center{text-align:center}.wp-block-uagb-image--align-full .wp-block-uagb-image__figure{margin-left:calc(50% - 50vw);margin-right:calc(50% - 50vw);max-width:100vw;width:100vw;height:auto}.wp-block-uagb-image--align-full .wp-block-uagb-image__figure img{height:auto;width:100% !important}.wp-block-uagb-image--align-wide .wp-block-uagb-image__figure img{height:auto;width:100%}.wp-block-uagb-image--layout-overlay__color-wrapper{position:absolute;left:0;top:0;right:0;bottom:0;opacity:.2;background:rgba(0,0,0,.5);transition:opacity .35s ease-in-out}.wp-block-uagb-image--layout-overlay-link{position:absolute;left:0;right:0;bottom:0;top:0}.wp-block-uagb-image--layout-overlay .wp-block-uagb-image__figure:hover .wp-block-uagb-image--layout-overlay__color-wrapper{opacity:1}.wp-block-uagb-image--layout-overlay__inner{position:absolute;left:15px;right:15px;bottom:15px;top:15px;display:flex;align-items:center;justify-content:center;flex-direction:column;border-color:#fff;transition:.35s ease-in-out}.wp-block-uagb-image--layout-overlay__inner.top-left,.wp-block-uagb-image--layout-overlay__inner.top-center,.wp-block-uagb-image--layout-overlay__inner.top-right{justify-content:flex-start}.wp-block-uagb-image--layout-overlay__inner.bottom-left,.wp-block-uagb-image--layout-overlay__inner.bottom-center,.wp-block-uagb-image--layout-overlay__inner.bottom-right{justify-content:flex-end}.wp-block-uagb-image--layout-overlay__inner.top-left,.wp-block-uagb-image--layout-overlay__inner.center-left,.wp-block-uagb-image--layout-overlay__inner.bottom-left{align-items:flex-start}.wp-block-uagb-image--layout-overlay__inner.top-right,.wp-block-uagb-image--layout-overlay__inner.center-right,.wp-block-uagb-image--layout-overlay__inner.bottom-right{align-items:flex-end}.wp-block-uagb-image--layout-overlay__inner .uagb-image-heading{color:#fff;transition:transform .35s,opacity .35s ease-in-out;transform:translate3d(0, 24px, 0);margin:0;line-height:1em}.wp-block-uagb-image--layout-overlay__inner .uagb-image-separator{width:30%;border-top-width:2px;border-top-color:#fff;border-top-style:solid;margin-bottom:10px;opacity:0;transition:transform .4s,opacity .4s ease-in-out;transform:translate3d(0, 30px, 0)}.wp-block-uagb-image--layout-overlay__inner .uagb-image-caption{opacity:0;overflow:visible;color:#fff;transition:transform .45s,opacity .45s ease-in-out;transform:translate3d(0, 35px, 0)}.wp-block-uagb-image--layout-overlay__inner:hover .uagb-image-heading,.wp-block-uagb-image--layout-overlay__inner:hover .uagb-image-separator,.wp-block-uagb-image--layout-overlay__inner:hover .uagb-image-caption{opacity:1;transform:translate3d(0, 0, 0)}.wp-block-uagb-image--effect-zoomin .wp-block-uagb-image__figure img,.wp-block-uagb-image--effect-zoomin .wp-block-uagb-image__figure .wp-block-uagb-image--layout-overlay__color-wrapper{transform:scale(1);transition:transform .35s ease-in-out}.wp-block-uagb-image--effect-zoomin .wp-block-uagb-image__figure:hover img,.wp-block-uagb-image--effect-zoomin .wp-block-uagb-image__figure:hover .wp-block-uagb-image--layout-overlay__color-wrapper{transform:scale(1.05)}.wp-block-uagb-image--effect-slide .wp-block-uagb-image__figure img,.wp-block-uagb-image--effect-slide .wp-block-uagb-image__figure .wp-block-uagb-image--layout-overlay__color-wrapper{width:calc(100% + 40px) !important;max-width:none !important;transform:translate3d(-40px, 0, 0);transition:transform .35s ease-in-out}.wp-block-uagb-image--effect-slide .wp-block-uagb-image__figure:hover img,.wp-block-uagb-image--effect-slide .wp-block-uagb-image__figure:hover .wp-block-uagb-image--layout-overlay__color-wrapper{transform:translate3d(0, 0, 0)}.wp-block-uagb-image--effect-grayscale img{filter:grayscale(0%);transition:.35s ease-in-out}.wp-block-uagb-image--effect-grayscale:hover img{filter:grayscale(100%)}.wp-block-uagb-image--effect-blur img{filter:blur(0);transition:.35s ease-in-out}.wp-block-uagb-image--effect-blur:hover img{filter:blur(3px)}.uagb-block-e6f939b3.wp-block-uagb-image--layout-default figure img{box-shadow: 0px 0px 0 #00000070;}.uagb-block-e6f939b3.wp-block-uagb-image .wp-block-uagb-image__figure figcaption{font-style: normal;align-self: center;}.uagb-block-e6f939b3.wp-block-uagb-image--layout-overlay figure img{box-shadow: 0px 0px 0 #00000070;}.uagb-block-e6f939b3.wp-block-uagb-image--layout-overlay .wp-block-uagb-image--layout-overlay__color-wrapper{opacity: 0.2;}.uagb-block-e6f939b3.wp-block-uagb-image--layout-overlay .wp-block-uagb-image--layout-overlay__inner{left: 15px;right: 15px;top: 15px;bottom: 15px;}.uagb-block-e6f939b3.wp-block-uagb-image--layout-overlay .wp-block-uagb-image--layout-overlay__inner .uagb-image-heading{font-style: normal;color: #fff;opacity: 1;}.uagb-block-e6f939b3.wp-block-uagb-image--layout-overlay .wp-block-uagb-image--layout-overlay__inner .uagb-image-heading a{color: #fff;}.uagb-block-e6f939b3.wp-block-uagb-image--layout-overlay .wp-block-uagb-image--layout-overlay__inner .uagb-image-caption{opacity: 0;}.uagb-block-e6f939b3.wp-block-uagb-image--layout-overlay .wp-block-uagb-image__figure:hover .wp-block-uagb-image--layout-overlay__color-wrapper{opacity: 1;}.uagb-block-e6f939b3.wp-block-uagb-image .wp-block-uagb-image--layout-overlay__inner .uagb-image-separator{width: 30%;border-top-width: 2px;border-top-color: #fff;opacity: 0;}.uagb-block-e6f939b3.wp-block-uagb-image .wp-block-uagb-image__figure img{width: px;height: auto;}.uagb-block-e6f939b3.wp-block-uagb-image .wp-block-uagb-image__figure:hover .wp-block-uagb-image--layout-overlay__inner .uagb-image-caption{opacity: 1;}.uagb-block-e6f939b3.wp-block-uagb-image .wp-block-uagb-image__figure:hover .wp-block-uagb-image--layout-overlay__inner .uagb-image-separator{opacity: 1;}.uagb-block-e6f939b3.wp-block-uagb-image--layout-default figure:hover img{box-shadow: 0px 0px 0 #00000070;}.uagb-block-e6f939b3.wp-block-uagb-image--layout-overlay figure:hover img{box-shadow: 0px 0px 0 #00000070;}@media only screen and (max-width: 976px) {.uagb-block-e6f939b3.wp-block-uagb-image .wp-block-uagb-image__figure img{width: px;height: auto;}}@media only screen and (max-width: 767px) {.uagb-block-e6f939b3.wp-block-uagb-image .wp-block-uagb-image__figure img{width: px;height: auto;}}\";s:2:\"js\";s:0:\"\";s:18:\"current_block_list\";a:13:{i:0;s:11:\"core\/search\";i:1;s:10:\"core\/group\";i:2;s:12:\"core\/heading\";i:3;s:17:\"core\/latest-posts\";i:4;s:20:\"core\/latest-comments\";i:5;s:13:\"core\/archives\";i:6;s:15:\"core\/categories\";i:7;s:14:\"core\/paragraph\";i:8;s:10:\"uagb\/image\";i:9;s:11:\"core\/spacer\";i:10;s:30:\"woocommerce\/product-categories\";i:11;s:10:\"core\/image\";i:12;s:14:\"core\/shortcode\";}s:8:\"uag_flag\";b:1;s:11:\"uag_version\";s:10:\"1777188819\";s:6:\"gfonts\";a:0:{}s:10:\"gfonts_url\";s:0:\"\";s:12:\"gfonts_files\";a:0:{}s:14:\"uag_faq_layout\";b:0;}"]},"uagb_featured_image_src":{"full":["https:\/\/www.ferberpainting.com\/wp-content\/uploads\/2025\/05\/AmaryllisFertilizer5L.png",2560,2560,false],"thumbnail":["https:\/\/www.ferberpainting.com\/wp-content\/uploads\/2025\/05\/AmaryllisFertilizer5L-150x150.png",150,150,true],"medium":["https:\/\/www.ferberpainting.com\/wp-content\/uploads\/2025\/05\/AmaryllisFertilizer5L-300x300.png",300,300,true],"medium_large":["https:\/\/www.ferberpainting.com\/wp-content\/uploads\/2025\/05\/AmaryllisFertilizer5L-768x768.png",768,768,true],"large":["https:\/\/www.ferberpainting.com\/wp-content\/uploads\/2025\/05\/AmaryllisFertilizer5L-1024x1024.png",1024,1024,true],"1536x1536":["https:\/\/www.ferberpainting.com\/wp-content\/uploads\/2025\/05\/AmaryllisFertilizer5L-1536x1536.png",1536,1536,true],"2048x2048":["https:\/\/www.ferberpainting.com\/wp-content\/uploads\/2025\/05\/AmaryllisFertilizer5L-2048x2048.png",2048,2048,true],"trp-custom-language-flag":["https:\/\/www.ferberpainting.com\/wp-content\/uploads\/2025\/05\/AmaryllisFertilizer5L-12x12.png",12,12,true],"woocommerce_thumbnail":["https:\/\/www.ferberpainting.com\/wp-content\/uploads\/2025\/05\/AmaryllisFertilizer5L-300x300.png",300,300,true],"woocommerce_single":["https:\/\/www.ferberpainting.com\/wp-content\/uploads\/2025\/05\/AmaryllisFertilizer5L-600x600.png",600,600,true],"woocommerce_gallery_thumbnail":["https:\/\/www.ferberpainting.com\/wp-content\/uploads\/2025\/05\/AmaryllisFertilizer5L-100x100.png",100,100,true]},"uagb_author_info":{"display_name":"admin","author_link":"https:\/\/www.ferberpainting.com\/sk\/author\/"},"uagb_comment_info":15,"uagb_excerpt":"A balanced fertilizer for spectacular blooming.\u00a0This amaryllis fertilizer is specially designed to stimulate the growth and blooming of this majestic plant. Thanks to its NPK 15-15-15 formulation, it provides a perfect balance between nitrogen (N), which promotes dense and robust foliage, phosphorus (P), which stimulates root and bulb development, and potassium (K), which strengthens blooming&hellip;","_links":{"self":[{"href":"https:\/\/www.ferberpainting.com\/sk\/wp-json\/wp\/v2\/product\/23052","targetHints":{"allow":["GET"]}}],"collection":[{"href":"https:\/\/www.ferberpainting.com\/sk\/wp-json\/wp\/v2\/product"}],"about":[{"href":"https:\/\/www.ferberpainting.com\/sk\/wp-json\/wp\/v2\/types\/product"}],"replies":[{"embeddable":true,"href":"https:\/\/www.ferberpainting.com\/sk\/wp-json\/wp\/v2\/comments?post=23052"}],"version-history":[{"count":9,"href":"https:\/\/www.ferberpainting.com\/sk\/wp-json\/wp\/v2\/product\/23052\/revisions"}],"predecessor-version":[{"id":166016,"href":"https:\/\/www.ferberpainting.com\/sk\/wp-json\/wp\/v2\/product\/23052\/revisions\/166016"}],"wp:featuredmedia":[{"embeddable":true,"href":"https:\/\/www.ferberpainting.com\/sk\/wp-json\/wp\/v2\/media\/23695"}],"wp:attachment":[{"href":"https:\/\/www.ferberpainting.com\/sk\/wp-json\/wp\/v2\/media?parent=23052"}],"wp:term":[{"taxonomy":"product_brand","embeddable":true,"href":"https:\/\/www.ferberpainting.com\/sk\/wp-json\/wp\/v2\/product_brand?post=23052"},{"taxonomy":"product_cat","embeddable":true,"href":"https:\/\/www.ferberpainting.com\/sk\/wp-json\/wp\/v2\/product_cat?post=23052"},{"taxonomy":"product_tag","embeddable":true,"href":"https:\/\/www.ferberpainting.com\/sk\/wp-json\/wp\/v2\/product_tag?post=23052"}],"curies":[{"name":"wp","href":"https:\/\/api.w.org\/{rel}","templated":true}]}}