{"id":23049,"date":"2025-07-01T18:50:32","date_gmt":"2025-07-01T16:50:32","guid":{"rendered":"https:\/\/www.ferberpainting.com\/?post_type=product&#038;p=23046"},"modified":"2026-02-24T18:43:35","modified_gmt":"2026-02-24T17:43:35","slug":"aluminum-cleaner","status":"publish","type":"product","link":"https:\/\/www.ferberpainting.com\/sk\/products\/aluminum-cleaner\/","title":{"rendered":"\u010cisti\u010d hlin\u00edka"},"content":{"rendered":"<p><img decoding=\"async\" style=\"margin-right: 12px;\" src=\"https:\/\/www.ferberpainting.com\/wp-content\/uploads\/2026\/02\/Check.svg\" alt=\"\" width=\"18\" height=\"15\" \/><strong>Optim\u00e1lna \u00fa\u010dinnos\u0165. <\/strong>Tento \u010disti\u010d hlin\u00edka je \u0161peci\u00e1lne navrhnut\u00fd na odstr\u00e1nenie oxida\u010dn\u00fdch st\u00f4p, usaden\u00edn vodn\u00e9ho kame\u0148a, usaden\u00fdch ne\u010dist\u00f4t a zvy\u0161kov zne\u010distenia. Obnovuje p\u00f4vodn\u00fd lesk hlin\u00edka h\u013abkov\u00fdm \u010disten\u00edm bez toho, aby zmenil alebo po\u0161kriabal povrch. Jeho siln\u00fd \u00fa\u010dinok pom\u00e1ha obnovi\u0165 lesk a \u010distotu hlin\u00edkov\u00fdch povrchov - \u010di u\u017e surov\u00fdch, eloxovan\u00fdch alebo lakovan\u00fdch.<\/p>\n<p><img decoding=\"async\" style=\"margin-right: 12px;\" src=\"https:\/\/www.ferberpainting.com\/wp-content\/uploads\/2026\/02\/Check.svg\" alt=\"\" width=\"18\" height=\"15\" \/><strong>Z\u00e1ruka vr\u00e1tenia pe\u0148az\u00ed.<\/strong> Sme presved\u010den\u00ed o \u00fa\u010dinnosti n\u00e1\u0161ho \u010distiaceho prostriedku na hlin\u00edk a jeho schopnosti doda\u0165 hlin\u00edkov\u00fdm povrchom ako nov\u00fd. Ak po pou\u017eit\u00ed nebudete \u00faplne spokojn\u00ed, m\u00e1te n\u00e1rok na vr\u00e1tenie pe\u0148az\u00ed v plnej v\u00fd\u0161ke. Vysk\u00fa\u0161ajte ho bez rizika a presved\u010dte sa o v\u00fdsledkoch sami.<\/p>\n<p><img decoding=\"async\" style=\"margin-right: 12px;\" src=\"https:\/\/www.ferberpainting.com\/wp-content\/uploads\/2026\/02\/Check.svg\" alt=\"\" width=\"18\" height=\"15\" \/><strong>V\u00fdnimo\u010dn\u00e1 v\u0161estrannos\u0165.<\/strong>\u00a0Tento \u010distiaci prostriedok sa neobmedzuje len na hlin\u00edk! Je \u00fa\u010dinn\u00fd aj na nerezov\u00fa oce\u013e, me\u010f, mosadz a lakovan\u00e9 alebo eloxovan\u00e9 kovov\u00e9 povrchy. Je ide\u00e1lny na \u010distenie okenn\u00fdch r\u00e1mov, br\u00e1n, z\u00e1bradl\u00ed, automobilov\u00fdch dielov, kuchynsk\u00fdch spotrebi\u010dov a priemyseln\u00fdch zariaden\u00ed - v interi\u00e9ri alebo exteri\u00e9ri - bez po\u0161kodenia o\u0161etren\u00e9ho materi\u00e1lu.<\/p>\n<p><img decoding=\"async\" style=\"margin-right: 12px;\" src=\"https:\/\/www.ferberpainting.com\/wp-content\/uploads\/2026\/02\/Check.svg\" alt=\"\" width=\"18\" height=\"15\" \/><strong>N\u00e1kladovo efekt\u00edvne.<\/strong>\u00a0Tento \u010distiaci prostriedok poskytuje v\u010faka svojmu 5-litrov\u00e9mu form\u00e1tu a ultrakoncentrovan\u00e9mu zlo\u017eeniu vynikaj\u00facu hodnotu. Mal\u00e9 mno\u017estvo sta\u010d\u00ed na \u010distenie ve\u013ek\u00fdch povrchov. V priemere 1 liter dok\u00e1\u017ee o\u0161etri\u0165 a\u017e 50 m\u00b2 hlin\u00edkov\u00e9ho povrchu, \u010do z neho rob\u00ed ekonomick\u00e9 a udr\u017eate\u013en\u00e9 rie\u0161enie na pravideln\u00e9 aj intenz\u00edvne \u010distenie.<\/p>\n<p><img decoding=\"async\" style=\"margin-right: 12px;\" src=\"https:\/\/www.ferberpainting.com\/wp-content\/uploads\/2026\/02\/Check.svg\" alt=\"\" width=\"18\" height=\"15\" \/><strong>Bezpe\u010dn\u00e9 pou\u017e\u00edvanie.<\/strong>\u00a0Na rozdiel od drsn\u00fdch chemick\u00fdch \u010distiacich prostriedkov je tento v\u00fdrobok bezpe\u010dn\u00fd pre povrchy aj pou\u017e\u00edvate\u013eov. Neobsahuje toxick\u00e9 rozp\u00fa\u0161\u0165adl\u00e1, nevyp\u00fa\u0161\u0165a \u0161kodliv\u00e9 v\u00fdpary a je bezpe\u010dn\u00fd na pou\u017eitie v interi\u00e9ri aj exteri\u00e9ri. Pri pou\u017eit\u00ed pod\u013ea pokynov nekoroduje ani nepo\u0161kodzuje o\u0161etren\u00e9 materi\u00e1ly a zachov\u00e1va celistvos\u0165 povrchu.<\/p>\n<p><img decoding=\"async\" style=\"margin-right: 12px;\" src=\"https:\/\/www.ferberpainting.com\/wp-content\/uploads\/2026\/02\/Check.svg\" alt=\"\" width=\"18\" height=\"15\" \/><strong>Jednoduch\u00e9 pou\u017e\u00edvanie.<\/strong>\u00a0Tento produkt je pripraven\u00fd na pou\u017eitie a nevy\u017eaduje si \u017eiadne riedenie ani zlo\u017eit\u00fa pr\u00edpravu. Sta\u010d\u00ed ho nanies\u0165 na povrch, necha\u0165 kr\u00e1tko p\u00f4sobi\u0165 a opl\u00e1chnu\u0165 alebo utrie\u0165. Jeho r\u00fdchla a intuit\u00edvna aplik\u00e1cia zabezpe\u010duje jednoduch\u00e9 a \u00fa\u010dinn\u00e9 \u010distenie na osobn\u00e9 aj profesion\u00e1lne pou\u017eitie.<\/p>\n<p><img decoding=\"async\" style=\"margin-right: 12px;\" src=\"https:\/\/www.ferberpainting.com\/wp-content\/uploads\/2026\/02\/Check.svg\" alt=\"\" width=\"18\" height=\"15\" \/><strong>Dlhodob\u00e1 odolnos\u0165.<\/strong>\u00a0Odstr\u00e1nen\u00edm ne\u010dist\u00f4t a zabr\u00e1nen\u00edm oxid\u00e1cii tento \u010distiaci prostriedok predl\u017euje \u017eivotnos\u0165 hlin\u00edkov\u00fdch povrchov. Pravideln\u00e1 \u00fadr\u017eba pom\u00e1ha predch\u00e1dza\u0165 zmatneniu a pred\u010dasnej degrad\u00e1cii, \u010d\u00edm zabezpe\u010duje dlhotrvaj\u00faci lesk a odolnos\u0165 vo\u010di opotrebovaniu.<\/p>\n<p><img decoding=\"async\" style=\"margin-right: 12px;\" src=\"https:\/\/www.ferberpainting.com\/wp-content\/uploads\/2026\/02\/Check.svg\" alt=\"\" width=\"18\" height=\"15\" \/><strong>R\u00fdchla akcia.<\/strong>\u00a0V\u010faka vysoko reakt\u00edvnemu zlo\u017eeniu tento \u010distiaci prostriedok okam\u017eite p\u00f4sob\u00ed na ne\u010distoty a oxid\u00e1ciu. V priebehu nieko\u013ek\u00fdch sek\u00fand rozp\u00fa\u0161\u0165a ne\u010distoty a umo\u017e\u0148uje r\u00fdchle a \u00fa\u010dinn\u00e9 \u010distenie. Prin\u00e1\u0161a vidite\u013en\u00e9 v\u00fdsledky okam\u017eite, \u010d\u00edm \u0161etr\u00ed v\u00e1\u0161 \u010das a n\u00e1mahu.<\/p>\n<h2><strong>Pokyny na pou\u017e\u00edvanie<\/strong><\/h2>\n<ul>\n<li><strong>Pr\u00edprava <\/strong>: Pred nanesen\u00edm v\u00fdrobku sa uistite, \u017ee hlin\u00edkov\u00fd povrch je zbaven\u00fd prachu alebo pevn\u00fdch ne\u010dist\u00f4t.<\/li>\n<li><strong>Aplik\u00e1cia <\/strong>: Mal\u00e9 mno\u017estvo \u010distiaceho prostriedku naneste na m\u00e4kk\u00fa handri\u010dku, \u0161pongiu alebo priamo na povrch.<\/li>\n<li><strong>\u010cistenie <\/strong>: Pr\u00edpravok rovnomerne rozotrite a nechajte p\u00f4sobi\u0165 2 a\u017e 5 min\u00fat, aby sa rozpustilo zne\u010distenie a oxid\u00e1cia. Odoln\u00e9 \u0161kvrny jemne vydrhnite m\u00e4kkou kefou alebo neabraz\u00edvnou \u0161pongiou.<\/li>\n<li><strong>Oplachovanie <\/strong>: Utrite vlhkou handri\u010dkou alebo d\u00f4kladne opl\u00e1chnite \u010distou vodou, aby ste odstr\u00e1nili v\u0161etky zvy\u0161ky a zabr\u00e1nili vzniku \u0161m\u00fah.<\/li>\n<li><strong>Su\u0161enie a le\u0161tenie <\/strong>: Utren\u00edm suchou handri\u010dkou z mikrovl\u00e1kna obnov\u00edte prirodzen\u00fd lesk hlin\u00edka a dokon\u010d\u00edte v\u00fdsledok.<\/li>\n<li><strong>Frekvencia pou\u017e\u00edvania <\/strong>: Aplikujte hne\u010f, ako sa objav\u00ed oxid\u00e1cia alebo matnos\u0165, alebo pou\u017e\u00edvajte pravidelne na udr\u017eanie lesku a \u010distoty hlin\u00edka.<\/li>\n<li><strong>\u00dalo\u017eisko <\/strong>: Po ka\u017edom pou\u017eit\u00ed n\u00e1dobu znovu pevne uzavrite a skladujte ju na chladnom a suchom mieste, mimo dosahu svetla a extr\u00e9mnych tepl\u00f4t, aby sa zachovala jej \u00fa\u010dinnos\u0165.<\/li>\n<\/ul>\n<p>S na\u0161\u00edm \u010distiacim prostriedkom na hlin\u00edk obnov\u00edte lesk a \u010distotu kovov\u00fdch povrchov bezpe\u010dne a bez n\u00e1mahy.<\/p>","protected":false},"excerpt":{"rendered":"<p>Optimal Effectiveness. This aluminium cleaner is specially designed to eliminate oxidation marks, limescale deposits, embedded dirt, and pollution residues. It restores aluminium\u2019s original shine by deep-cleaning without altering or scratching the surface. Its powerful action helps restore brilliance and cleanliness to aluminium surfaces\u2014whether raw, anodized, or lacquered. Money-back guarantee. We are confident in the effectiveness [&hellip;]<\/p>\n","protected":false},"featured_media":36582,"comment_status":"open","ping_status":"closed","template":"","meta":{"_uag_custom_page_level_css":"","site-sidebar-layout":"default","site-content-layout":"","ast-site-content-layout":"default","site-content-style":"default","site-sidebar-style":"default","ast-global-header-display":"","ast-banner-title-visibility":"","ast-main-header-display":"","ast-hfb-above-header-display":"","ast-hfb-below-header-display":"","ast-hfb-mobile-header-display":"","site-post-title":"","ast-breadcrumbs-content":"","ast-featured-img":"","footer-sml-layout":"","ast-disable-related-posts":"","theme-transparent-header-meta":"default","adv-header-id-meta":"","stick-header-meta":"","header-above-stick-meta":"","header-main-stick-meta":"","header-below-stick-meta":"","astra-migrate-meta-layouts":"set","ast-page-background-enabled":"default","ast-page-background-meta":{"desktop":{"background-color":"var(--ast-global-color-4)","background-image":"","background-repeat":"repeat","background-position":"center center","background-size":"auto","background-attachment":"scroll","background-type":"","background-media":"","overlay-type":"","overlay-color":"","overlay-opacity":"","overlay-gradient":""},"tablet":{"background-color":"","background-image":"","background-repeat":"repeat","background-position":"center center","background-size":"auto","background-attachment":"scroll","background-type":"","background-media":"","overlay-type":"","overlay-color":"","overlay-opacity":"","overlay-gradient":""},"mobile":{"background-color":"","background-image":"","background-repeat":"repeat","background-position":"center center","background-size":"auto","background-attachment":"scroll","background-type":"","background-media":"","overlay-type":"","overlay-color":"","overlay-opacity":"","overlay-gradient":""}},"ast-content-background-meta":{"desktop":{"background-color":"var(--ast-global-color-5)","background-image":"","background-repeat":"repeat","background-position":"center center","background-size":"auto","background-attachment":"scroll","background-type":"","background-media":"","overlay-type":"","overlay-color":"","overlay-opacity":"","overlay-gradient":""},"tablet":{"background-color":"var(--ast-global-color-5)","background-image":"","background-repeat":"repeat","background-position":"center center","background-size":"auto","background-attachment":"scroll","background-type":"","background-media":"","overlay-type":"","overlay-color":"","overlay-opacity":"","overlay-gradient":""},"mobile":{"background-color":"var(--ast-global-color-5)","background-image":"","background-repeat":"repeat","background-position":"center center","background-size":"auto","background-attachment":"scroll","background-type":"","background-media":"","overlay-type":"","overlay-color":"","overlay-opacity":"","overlay-gradient":""}}},"product_brand":[],"product_cat":[175],"product_tag":[],"class_list":{"0":"post-23049","1":"product","2":"type-product","3":"status-publish","4":"has-post-thumbnail","6":"product_cat-cleaning-products","7":"desktop-align-left","8":"tablet-align-left","9":"mobile-align-left","11":"first","12":"instock","13":"sale","14":"taxable","15":"shipping-taxable","16":"purchasable","17":"product-type-variable","18":"has-default-attributes"},"spectra_custom_meta":{"_visibility":["visible"],"_shopify_product_id":["9101808140533"],"_s2w_shopify_domain":["ferberpainting.myshopify.com"],"_shopify_variant_id":["46613503017205"],"_sku":["FPALUMINUMCLEANER"],"_manage_stock":["no"],"total_sales":["171"],"_tax_status":["taxable"],"_tax_class":[""],"_backorders":["no"],"_sold_individually":["no"],"_virtual":["no"],"_downloadable":["no"],"_download_limit":["-1"],"_download_expiry":["-1"],"_stock":[null],"_stock_status":["instock"],"_wc_average_rating":["5.00"],"_wc_review_count":["12"],"_product_attributes":["a:1:{s:6:\"volume\";a:6:{s:4:\"name\";s:6:\"Volume\";s:5:\"value\";s:20:\"5 liters | 25 liters\";s:8:\"position\";i:1;s:10:\"is_visible\";i:0;s:12:\"is_variation\";i:1;s:11:\"is_taxonomy\";i:0;}}"],"_product_version":["10.5.2"],"wpse_downloadable_file_names":[""],"wpse_downloadable_file_urls":[""],"_edit_last":["1"],"_default_attributes":["a:1:{s:6:\"volume\";s:8:\"5 liters\";}"],"_edit_lock":["1771954880:1"],"_price":["29.90","129.90"],"merchant-center-availability":["yes"],"merchant-center-category":["4973"],"_thumbnail_id":["36582"],"_wp_page_template":["default"],"_wp_old_date":["2025-05-26"],"_product_image_gallery":["36583"],"site-sidebar-layout":["default"],"ast-site-content-layout":["default"],"site-content-style":["default"],"site-sidebar-style":["default"],"theme-transparent-header-meta":["default"],"_wc_rating_count":["a:1:{i:5;i:12;}"],"astra-migrate-meta-layouts":["set"],"_uag_css_file_name":["uag-css-23049.css"],"_elementor_page_assets":["a:0:{}"],"_uag_page_assets":["a:9:{s:3:\"css\";s:7133:\".uag-blocks-common-selector{z-index:var(--z-index-desktop) !important}@media(max-width: 976px){.uag-blocks-common-selector{z-index:var(--z-index-tablet) !important}}@media(max-width: 767px){.uag-blocks-common-selector{z-index:var(--z-index-mobile) !important}}.wp-block-uagb-image{display:flex}.wp-block-uagb-image__figure{position:relative;display:flex;flex-direction:column;max-width:100%;height:auto;margin:0}.wp-block-uagb-image__figure img{height:auto;display:flex;max-width:100%;transition:box-shadow .2s ease}.wp-block-uagb-image__figure>a{display:inline-block}.wp-block-uagb-image__figure figcaption{text-align:center;margin-top:.5em;margin-bottom:1em}.wp-block-uagb-image .components-placeholder.block-editor-media-placeholder .components-placeholder__instructions{align-self:center}.wp-block-uagb-image--align-left{text-align:left}.wp-block-uagb-image--align-right{text-align:right}.wp-block-uagb-image--align-center{text-align:center}.wp-block-uagb-image--align-full .wp-block-uagb-image__figure{margin-left:calc(50% - 50vw);margin-right:calc(50% - 50vw);max-width:100vw;width:100vw;height:auto}.wp-block-uagb-image--align-full .wp-block-uagb-image__figure img{height:auto;width:100% !important}.wp-block-uagb-image--align-wide .wp-block-uagb-image__figure img{height:auto;width:100%}.wp-block-uagb-image--layout-overlay__color-wrapper{position:absolute;left:0;top:0;right:0;bottom:0;opacity:.2;background:rgba(0,0,0,.5);transition:opacity .35s ease-in-out}.wp-block-uagb-image--layout-overlay-link{position:absolute;left:0;right:0;bottom:0;top:0}.wp-block-uagb-image--layout-overlay .wp-block-uagb-image__figure:hover .wp-block-uagb-image--layout-overlay__color-wrapper{opacity:1}.wp-block-uagb-image--layout-overlay__inner{position:absolute;left:15px;right:15px;bottom:15px;top:15px;display:flex;align-items:center;justify-content:center;flex-direction:column;border-color:#fff;transition:.35s ease-in-out}.wp-block-uagb-image--layout-overlay__inner.top-left,.wp-block-uagb-image--layout-overlay__inner.top-center,.wp-block-uagb-image--layout-overlay__inner.top-right{justify-content:flex-start}.wp-block-uagb-image--layout-overlay__inner.bottom-left,.wp-block-uagb-image--layout-overlay__inner.bottom-center,.wp-block-uagb-image--layout-overlay__inner.bottom-right{justify-content:flex-end}.wp-block-uagb-image--layout-overlay__inner.top-left,.wp-block-uagb-image--layout-overlay__inner.center-left,.wp-block-uagb-image--layout-overlay__inner.bottom-left{align-items:flex-start}.wp-block-uagb-image--layout-overlay__inner.top-right,.wp-block-uagb-image--layout-overlay__inner.center-right,.wp-block-uagb-image--layout-overlay__inner.bottom-right{align-items:flex-end}.wp-block-uagb-image--layout-overlay__inner .uagb-image-heading{color:#fff;transition:transform .35s,opacity .35s ease-in-out;transform:translate3d(0, 24px, 0);margin:0;line-height:1em}.wp-block-uagb-image--layout-overlay__inner .uagb-image-separator{width:30%;border-top-width:2px;border-top-color:#fff;border-top-style:solid;margin-bottom:10px;opacity:0;transition:transform .4s,opacity .4s ease-in-out;transform:translate3d(0, 30px, 0)}.wp-block-uagb-image--layout-overlay__inner .uagb-image-caption{opacity:0;overflow:visible;color:#fff;transition:transform .45s,opacity .45s ease-in-out;transform:translate3d(0, 35px, 0)}.wp-block-uagb-image--layout-overlay__inner:hover .uagb-image-heading,.wp-block-uagb-image--layout-overlay__inner:hover .uagb-image-separator,.wp-block-uagb-image--layout-overlay__inner:hover .uagb-image-caption{opacity:1;transform:translate3d(0, 0, 0)}.wp-block-uagb-image--effect-zoomin .wp-block-uagb-image__figure img,.wp-block-uagb-image--effect-zoomin .wp-block-uagb-image__figure .wp-block-uagb-image--layout-overlay__color-wrapper{transform:scale(1);transition:transform .35s ease-in-out}.wp-block-uagb-image--effect-zoomin .wp-block-uagb-image__figure:hover img,.wp-block-uagb-image--effect-zoomin .wp-block-uagb-image__figure:hover .wp-block-uagb-image--layout-overlay__color-wrapper{transform:scale(1.05)}.wp-block-uagb-image--effect-slide .wp-block-uagb-image__figure img,.wp-block-uagb-image--effect-slide .wp-block-uagb-image__figure .wp-block-uagb-image--layout-overlay__color-wrapper{width:calc(100% + 40px) !important;max-width:none !important;transform:translate3d(-40px, 0, 0);transition:transform .35s ease-in-out}.wp-block-uagb-image--effect-slide .wp-block-uagb-image__figure:hover img,.wp-block-uagb-image--effect-slide .wp-block-uagb-image__figure:hover .wp-block-uagb-image--layout-overlay__color-wrapper{transform:translate3d(0, 0, 0)}.wp-block-uagb-image--effect-grayscale img{filter:grayscale(0%);transition:.35s ease-in-out}.wp-block-uagb-image--effect-grayscale:hover img{filter:grayscale(100%)}.wp-block-uagb-image--effect-blur img{filter:blur(0);transition:.35s ease-in-out}.wp-block-uagb-image--effect-blur:hover img{filter:blur(3px)}.uagb-block-e6f939b3.wp-block-uagb-image--layout-default figure img{box-shadow: 0px 0px 0 #00000070;}.uagb-block-e6f939b3.wp-block-uagb-image .wp-block-uagb-image__figure figcaption{font-style: normal;align-self: center;}.uagb-block-e6f939b3.wp-block-uagb-image--layout-overlay figure img{box-shadow: 0px 0px 0 #00000070;}.uagb-block-e6f939b3.wp-block-uagb-image--layout-overlay .wp-block-uagb-image--layout-overlay__color-wrapper{opacity: 0.2;}.uagb-block-e6f939b3.wp-block-uagb-image--layout-overlay .wp-block-uagb-image--layout-overlay__inner{left: 15px;right: 15px;top: 15px;bottom: 15px;}.uagb-block-e6f939b3.wp-block-uagb-image--layout-overlay .wp-block-uagb-image--layout-overlay__inner .uagb-image-heading{font-style: normal;color: #fff;opacity: 1;}.uagb-block-e6f939b3.wp-block-uagb-image--layout-overlay .wp-block-uagb-image--layout-overlay__inner .uagb-image-heading a{color: #fff;}.uagb-block-e6f939b3.wp-block-uagb-image--layout-overlay .wp-block-uagb-image--layout-overlay__inner .uagb-image-caption{opacity: 0;}.uagb-block-e6f939b3.wp-block-uagb-image--layout-overlay .wp-block-uagb-image__figure:hover .wp-block-uagb-image--layout-overlay__color-wrapper{opacity: 1;}.uagb-block-e6f939b3.wp-block-uagb-image .wp-block-uagb-image--layout-overlay__inner .uagb-image-separator{width: 30%;border-top-width: 2px;border-top-color: #fff;opacity: 0;}.uagb-block-e6f939b3.wp-block-uagb-image .wp-block-uagb-image__figure img{width: px;height: auto;}.uagb-block-e6f939b3.wp-block-uagb-image .wp-block-uagb-image__figure:hover .wp-block-uagb-image--layout-overlay__inner .uagb-image-caption{opacity: 1;}.uagb-block-e6f939b3.wp-block-uagb-image .wp-block-uagb-image__figure:hover .wp-block-uagb-image--layout-overlay__inner .uagb-image-separator{opacity: 1;}.uagb-block-e6f939b3.wp-block-uagb-image--layout-default figure:hover img{box-shadow: 0px 0px 0 #00000070;}.uagb-block-e6f939b3.wp-block-uagb-image--layout-overlay figure:hover img{box-shadow: 0px 0px 0 #00000070;}@media only screen and (max-width: 976px) {.uagb-block-e6f939b3.wp-block-uagb-image .wp-block-uagb-image__figure img{width: px;height: auto;}}@media only screen and (max-width: 767px) {.uagb-block-e6f939b3.wp-block-uagb-image .wp-block-uagb-image__figure img{width: px;height: auto;}}\";s:2:\"js\";s:0:\"\";s:18:\"current_block_list\";a:13:{i:0;s:11:\"core\/search\";i:1;s:10:\"core\/group\";i:2;s:12:\"core\/heading\";i:3;s:17:\"core\/latest-posts\";i:4;s:20:\"core\/latest-comments\";i:5;s:13:\"core\/archives\";i:6;s:15:\"core\/categories\";i:7;s:14:\"core\/paragraph\";i:8;s:10:\"uagb\/image\";i:9;s:11:\"core\/spacer\";i:10;s:30:\"woocommerce\/product-categories\";i:11;s:10:\"core\/image\";i:12;s:14:\"core\/shortcode\";}s:8:\"uag_flag\";b:1;s:11:\"uag_version\";s:10:\"1777197523\";s:6:\"gfonts\";a:0:{}s:10:\"gfonts_url\";s:0:\"\";s:12:\"gfonts_files\";a:0:{}s:14:\"uag_faq_layout\";b:0;}"]},"uagb_featured_image_src":{"full":["https:\/\/www.ferberpainting.com\/wp-content\/uploads\/2025\/05\/Aluminum-Cleaner-5L.png",2560,2560,false],"thumbnail":["https:\/\/www.ferberpainting.com\/wp-content\/uploads\/2025\/05\/Aluminum-Cleaner-5L-150x150.png",150,150,true],"medium":["https:\/\/www.ferberpainting.com\/wp-content\/uploads\/2025\/05\/Aluminum-Cleaner-5L-300x300.png",300,300,true],"medium_large":["https:\/\/www.ferberpainting.com\/wp-content\/uploads\/2025\/05\/Aluminum-Cleaner-5L-768x768.png",768,768,true],"large":["https:\/\/www.ferberpainting.com\/wp-content\/uploads\/2025\/05\/Aluminum-Cleaner-5L-1024x1024.png",1024,1024,true],"1536x1536":["https:\/\/www.ferberpainting.com\/wp-content\/uploads\/2025\/05\/Aluminum-Cleaner-5L-1536x1536.png",1536,1536,true],"2048x2048":["https:\/\/www.ferberpainting.com\/wp-content\/uploads\/2025\/05\/Aluminum-Cleaner-5L-2048x2048.png",2048,2048,true],"trp-custom-language-flag":["https:\/\/www.ferberpainting.com\/wp-content\/uploads\/2025\/05\/Aluminum-Cleaner-5L-12x12.png",12,12,true],"woocommerce_thumbnail":["https:\/\/www.ferberpainting.com\/wp-content\/uploads\/2025\/05\/Aluminum-Cleaner-5L-300x300.png",300,300,true],"woocommerce_single":["https:\/\/www.ferberpainting.com\/wp-content\/uploads\/2025\/05\/Aluminum-Cleaner-5L-600x600.png",600,600,true],"woocommerce_gallery_thumbnail":["https:\/\/www.ferberpainting.com\/wp-content\/uploads\/2025\/05\/Aluminum-Cleaner-5L-100x100.png",100,100,true]},"uagb_author_info":{"display_name":"admin","author_link":"https:\/\/www.ferberpainting.com\/sk\/author\/"},"uagb_comment_info":12,"uagb_excerpt":"Optimal Effectiveness. This aluminium cleaner is specially designed to eliminate oxidation marks, limescale deposits, embedded dirt, and pollution residues. It restores aluminium\u2019s original shine by deep-cleaning without altering or scratching the surface. Its powerful action helps restore brilliance and cleanliness to aluminium surfaces\u2014whether raw, anodized, or lacquered. Money-back guarantee. We are confident in the effectiveness&hellip;","_links":{"self":[{"href":"https:\/\/www.ferberpainting.com\/sk\/wp-json\/wp\/v2\/product\/23049","targetHints":{"allow":["GET"]}}],"collection":[{"href":"https:\/\/www.ferberpainting.com\/sk\/wp-json\/wp\/v2\/product"}],"about":[{"href":"https:\/\/www.ferberpainting.com\/sk\/wp-json\/wp\/v2\/types\/product"}],"replies":[{"embeddable":true,"href":"https:\/\/www.ferberpainting.com\/sk\/wp-json\/wp\/v2\/comments?post=23049"}],"version-history":[{"count":8,"href":"https:\/\/www.ferberpainting.com\/sk\/wp-json\/wp\/v2\/product\/23049\/revisions"}],"predecessor-version":[{"id":166014,"href":"https:\/\/www.ferberpainting.com\/sk\/wp-json\/wp\/v2\/product\/23049\/revisions\/166014"}],"wp:featuredmedia":[{"embeddable":true,"href":"https:\/\/www.ferberpainting.com\/sk\/wp-json\/wp\/v2\/media\/36582"}],"wp:attachment":[{"href":"https:\/\/www.ferberpainting.com\/sk\/wp-json\/wp\/v2\/media?parent=23049"}],"wp:term":[{"taxonomy":"product_brand","embeddable":true,"href":"https:\/\/www.ferberpainting.com\/sk\/wp-json\/wp\/v2\/product_brand?post=23049"},{"taxonomy":"product_cat","embeddable":true,"href":"https:\/\/www.ferberpainting.com\/sk\/wp-json\/wp\/v2\/product_cat?post=23049"},{"taxonomy":"product_tag","embeddable":true,"href":"https:\/\/www.ferberpainting.com\/sk\/wp-json\/wp\/v2\/product_tag?post=23049"}],"curies":[{"name":"wp","href":"https:\/\/api.w.org\/{rel}","templated":true}]}}