{"id":23037,"date":"2025-05-26T10:22:19","date_gmt":"2025-05-26T08:22:19","guid":{"rendered":"https:\/\/www.ferberpainting.com\/products\/air-plant-and-tillandsia-fertilizer\/"},"modified":"2026-02-24T18:39:56","modified_gmt":"2026-02-24T17:39:56","slug":"air-plant-and-tillandsia-fertilizer","status":"publish","type":"product","link":"https:\/\/www.ferberpainting.com\/sk\/products\/air-plant-and-tillandsia-fertilizer\/","title":{"rendered":"Hnojivo pre vzdu\u0161n\u00e9 rastliny a tillandsie"},"content":{"rendered":"<p><img decoding=\"async\" style=\"margin-right: 12px;\" src=\"https:\/\/www.ferberpainting.com\/wp-content\/uploads\/2026\/02\/Check.svg\" alt=\"\" width=\"18\" height=\"15\" \/><strong>Dokonale vyv\u00e1\u017een\u00e1 v\u00fd\u017eiva s NPK 15-15-15 pre optim\u00e1lny rast.<\/strong> Na\u0161e hnojivo pre vzdu\u0161n\u00e9 rastliny a tillandsie obsahuje dokonale vyv\u00e1\u017een\u00e9 zlo\u017eenie NPK 15-15-15, ktor\u00e9 poskytuje rovnak\u00e9 mno\u017estvo dus\u00edka, fosforu a drasl\u00edka na podporu v\u0161etk\u00fdch aspektov v\u00fdvoja rastl\u00edn. Dus\u00edk podporuje \u017eiarivo zelen\u00e9 listy a zdrav\u00fa tvorbu listov, fosfor posil\u0148uje kore\u0148ov\u00fd syst\u00e9m a podporuje kvitnutie a drasl\u00edk zvy\u0161uje celkov\u00fa odolnos\u0165 rastl\u00edn a pevnos\u0165 buniek. T\u00e1to rovnov\u00e1ha zabezpe\u010duje, \u017ee va\u0161e vzdu\u0161n\u00e9 rastliny dost\u00e1vaj\u00fa kompletn\u00fa a harmonick\u00fa v\u00fd\u017eivu prisp\u00f4soben\u00fa ich jedine\u010dn\u00fdm biologick\u00fdm potreb\u00e1m.<\/p>\n<p><strong><img decoding=\"async\" style=\"margin-right: 12px;\" src=\"https:\/\/www.ferberpainting.com\/wp-content\/uploads\/2026\/02\/Check.svg\" alt=\"\" width=\"18\" height=\"15\" \/>\u0160peci\u00e1lne navrhnut\u00e9 pre vzduchov\u00e9 rastliny a tillandzie.<\/strong> Na rozdiel od be\u017en\u00fdch hnoj\u00edv pre rastliny je tento pr\u00edpravok vyvinut\u00fd \u0161peci\u00e1lne pre epifytick\u00e9 rastliny, ako s\u00fa tillandsie, ktor\u00e9 prij\u00edmaj\u00fa \u017eiviny sk\u00f4r prostredn\u00edctvom listov ako tradi\u010dn\u00fdch kore\u0148ov v p\u00f4de. Zlo\u017eenie je optimalizovan\u00e9 na listov\u00e9 k\u0155menie, \u010d\u00edm sa zabezpe\u010duje \u00fa\u010dinn\u00fd pr\u00edjem \u017eiv\u00edn bez toho, aby sa za\u0165a\u017eili citliv\u00e9 rastlinn\u00e9 tkaniv\u00e1. Podporuje xerick\u00e9 aj mezick\u00e9 druhy, podporuje prirodzen\u00e9 rastov\u00e9 cykly a \u017eiv\u00e9 sfarbenie.<\/p>\n<p><strong><img decoding=\"async\" style=\"margin-right: 12px;\" src=\"https:\/\/www.ferberpainting.com\/wp-content\/uploads\/2026\/02\/Check.svg\" alt=\"\" width=\"18\" height=\"15\" \/>Naj\u00fa\u010dinnej\u0161ie hnojivo pre vidite\u013en\u00e9 a r\u00fdchle v\u00fdsledky.<\/strong> Na\u0161e vysoko\u00fa\u010dinn\u00e9 zlo\u017eenie prin\u00e1\u0161a r\u00fdchle a vidite\u013en\u00e9 zlep\u0161enie vitality rastl\u00edn. Po\u010das nieko\u013ek\u00fdch t\u00fd\u017ed\u0148ov d\u00f4sledn\u00e9ho pou\u017e\u00edvania budete m\u00f4c\u0165 pozorova\u0165 zv\u00fd\u0161en\u00fa pevnos\u0165 listov, hlb\u0161ie vyfarbenie a celkovo silnej\u0161iu \u0161trukt\u00faru. Vyv\u00e1\u017een\u00fd profil \u017eiv\u00edn zabezpe\u010duje stabiln\u00fd a symetrick\u00fd rast va\u0161ich rastl\u00edn, v\u010faka \u010domu je toto pr\u00edpravok naj\u00fa\u010dinnej\u0161\u00edm rie\u0161en\u00edm na celoro\u010dn\u00e9 udr\u017eiavanie prosperuj\u00facich vzdu\u0161n\u00fdch rastl\u00edn.<\/p>\n<p><strong><img decoding=\"async\" style=\"margin-right: 12px;\" src=\"https:\/\/www.ferberpainting.com\/wp-content\/uploads\/2026\/02\/Check.svg\" alt=\"\" width=\"18\" height=\"15\" \/>\u00dasporn\u00e9 rie\u0161enie s v\u00fdnimo\u010dnou kapacitou riedenia.<\/strong> S d\u00e1vkovan\u00edm iba 5 ml na 1 liter vody umo\u017e\u0148uje jedna 5-litrov\u00e1 n\u00e1doba pripravi\u0165 a\u017e 1000 litrov \u017eivn\u00e9ho roztoku. V\u010faka tomuto vynikaj\u00facemu pomeru riedenia je na\u0161e hnojivo mimoriadne n\u00e1kladovo efekt\u00edvne, najm\u00e4 pre zberate\u013eov, \u0161k\u00f4lky a profesion\u00e1lnych pestovate\u013eov, ktor\u00ed udr\u017eiavaj\u00fa ve\u013ek\u00e9 mno\u017estvo rastl\u00edn. Z ka\u017edej n\u00e1doby m\u00f4\u017eete \u0165a\u017ei\u0165 z dlhodob\u00e9ho z\u00e1sobovania a maxim\u00e1lnej hodnoty.<\/p>\n<p><strong><img decoding=\"async\" style=\"margin-right: 12px;\" src=\"https:\/\/www.ferberpainting.com\/wp-content\/uploads\/2026\/02\/Check.svg\" alt=\"\" width=\"18\" height=\"15\" \/>Z\u00e1ruka vr\u00e1tenia pe\u0148az\u00ed pre \u00fapln\u00fa istotu.<\/strong> Plne si stoj\u00edme za kvalitou a v\u00fdkonnos\u0165ou na\u0161ich hnoj\u00edv. Ak nebudete s v\u00fdsledkami \u00faplne spokojn\u00ed, pon\u00fakame pln\u00fa z\u00e1ruku vr\u00e1tenia pe\u0148az\u00ed. Tento pr\u00eds\u013eub bez rizika dokazuje na\u0161u d\u00f4veru v \u00fa\u010dinnos\u0165 v\u00fdrobku a zaru\u010duje, \u017ee va\u0161a invest\u00edcia je \u00faplne chr\u00e1nen\u00e1.<\/p>\n<p><strong><img decoding=\"async\" style=\"margin-right: 12px;\" src=\"https:\/\/www.ferberpainting.com\/wp-content\/uploads\/2026\/02\/Check.svg\" alt=\"\" width=\"18\" height=\"15\" \/>Najlacnej\u0161ie dostupn\u00e9 vysokokvalitn\u00e9 hnojivo pre vzdu\u0161n\u00e9 rastliny.<\/strong> Kombinujeme prvotriedne zlo\u017eenie s najv\u00fdhodnej\u0161\u00edmi cenami na trhu. Na\u0161e hnojivo pon\u00faka v\u00fd\u017eivu na profesion\u00e1lnej \u00farovni za prijate\u013en\u00fa cenu, v\u010faka \u010domu je pr\u00edstupn\u00e9 tak pre amat\u00e9rskych, ako aj komer\u010dn\u00fdch pestovate\u013eov. Z\u00edskate \u0161pi\u010dkov\u00fa kvalitu bez toho, aby ste platili premr\u0161ten\u00e9 zna\u010dkov\u00e9 pr\u00e9mie.<\/p>\n<p><strong><img decoding=\"async\" style=\"margin-right: 12px;\" src=\"https:\/\/www.ferberpainting.com\/wp-content\/uploads\/2026\/02\/Check.svg\" alt=\"\" width=\"18\" height=\"15\" \/>R\u00fdchle 24-hodinov\u00e9 dodanie pre nepretr\u017eit\u00fa starostlivos\u0165 o rastliny.<\/strong> Ch\u00e1peme, \u017ee \u00fadr\u017eba rastl\u00edn si vy\u017eaduje d\u00f4slednos\u0165. Preto pon\u00fakame spo\u013eahliv\u00e9 24-hodinov\u00e9 dod\u00e1vky. Va\u0161a objedn\u00e1vka je spracovan\u00e1 a odoslan\u00e1 r\u00fdchlo, \u010do zaru\u010duje, \u017ee va\u0161e rastliny nikdy nebud\u00fa ma\u0165 nedostatok \u017eiv\u00edn. R\u00fdchlos\u0165 a spo\u013eahlivos\u0165 s\u00fa z\u00e1kladom n\u00e1\u0161ho z\u00e1v\u00e4zku vo\u010di z\u00e1kazn\u00edkom.<\/p>\n<p><strong><img decoding=\"async\" style=\"margin-right: 12px;\" src=\"https:\/\/www.ferberpainting.com\/wp-content\/uploads\/2026\/02\/Check.svg\" alt=\"\" width=\"18\" height=\"15\" \/>Zvy\u0161uje kvitnutie a prirodzen\u00e9 vyfarbenie.<\/strong> Vyv\u00e1\u017een\u00fd obsah fosforu a drasl\u00edka podporuje kvitnutie kvitn\u00facich druhov tillandsie a z\u00e1rove\u0148 zintenz\u00edv\u0148uje vyfarbenie listov. Mnoh\u00e9 odrody sa pri spr\u00e1vnej v\u00fd\u017eive vyzna\u010duj\u00fa \u017eiarivej\u0161ou \u010dervenou, ru\u017eovou a fialovou farbou. Pravideln\u00e9 k\u0155menie podporuje zdrav\u0161ie listene a dlh\u0161ie trvaj\u00face kvety.<\/p>\n<p><strong><img decoding=\"async\" style=\"margin-right: 12px;\" src=\"https:\/\/www.ferberpainting.com\/wp-content\/uploads\/2026\/02\/Check.svg\" alt=\"\" width=\"18\" height=\"15\" \/>Posil\u0148uje odolnos\u0165 a trvanlivos\u0165 rastl\u00edn.<\/strong> Drasl\u00edk zohr\u00e1va k\u013e\u00fa\u010dov\u00fa \u00falohu pri posil\u0148ovan\u00ed bunkov\u00fdch stien a zvy\u0161ovan\u00ed odolnosti vo\u010di environment\u00e1lnemu stresu. Na\u0161e hnojivo pom\u00e1ha vzdu\u0161n\u00fdm rastlin\u00e1m lep\u0161ie sa vyrovna\u0165 s v\u00fdkyvmi vlhkosti, zmenami teploty a sveteln\u00fdmi zmenami, \u010d\u00edm podporuje dlhodob\u00fa odolnos\u0165 a zdrav\u0161ie rastov\u00e9 cykly.<\/p>\n<p><strong><img decoding=\"async\" style=\"margin-right: 12px;\" src=\"https:\/\/www.ferberpainting.com\/wp-content\/uploads\/2026\/02\/Check.svg\" alt=\"\" width=\"18\" height=\"15\" \/>Vhodn\u00e9 pre amat\u00e9rskych aj profesion\u00e1lnych pestovate\u013eov.<\/strong> Toto hnojivo sa dokonale prisp\u00f4sob\u00ed va\u0161im potreb\u00e1m, \u010di u\u017e m\u00e1te doma mal\u00fa dekorat\u00edvnu expoz\u00edciu, alebo spravujete zbierku v sklen\u00edku. V\u010faka jednoduchej met\u00f3de riedenia, vysokej \u00fa\u010dinnosti a spo\u013eahliv\u00e9mu v\u00fdkonu je ide\u00e1lne pre za\u010diato\u010dn\u00edkov aj sk\u00fasen\u00fdch nad\u0161encov rastl\u00edn.<\/p>\n<h2><strong>Pokyny<\/strong><\/h2>\n<ul>\n<li>Zrie\u010fte 5 ml hnojiva v 1 litri \u010distej, najlep\u0161ie nechl\u00f3rovanej vody. Pred aplik\u00e1ciou d\u00f4kladne premie\u0161ajte, aby ste zabezpe\u010dili rovnomern\u00e9 rozlo\u017eenie \u017eiv\u00edn.<\/li>\n<li>Pri ve\u013ekoplo\u0161nej pr\u00edprave sa z plnej 5-litrovej n\u00e1doby m\u00f4\u017ee vyrobi\u0165 a\u017e 1000 litrov \u017eivn\u00e9ho roztoku, ak sa zriedi v odpor\u00fa\u010danom pomere.<\/li>\n<li>Roztok aplikujte d\u00f4kladn\u00fdm rozpra\u0161ovan\u00edm na listy pomocou jemn\u00e9ho rozpra\u0161ova\u010da. Dbajte na to, aby bol cel\u00fd povrch rastliny \u013eahko pokryt\u00fd, ale aby pr\u00edli\u0161 nekvapkalo.<\/li>\n<li>Vzdu\u0161n\u00e9 rastliny m\u00f4\u017eete tie\u017e namo\u010di\u0165 do zrieden\u00e9ho roztoku na 15 a\u017e 30 min\u00fat, aby sa umo\u017enila optim\u00e1lna absorpcia \u017eiv\u00edn cez trich\u00f3my listov.<\/li>\n<li>Po\u010das akt\u00edvneho vegeta\u010dn\u00e9ho obdobia hnojte raz za dva t\u00fd\u017edne. Po\u010das obdobia pomal\u0161ieho rastu zn\u00ed\u017ete aplik\u00e1ciu na jedenkr\u00e1t za mesiac.<\/li>\n<li>Hnojte v\u017edy po pravidelnom zalievan\u00ed alebo kombinujte zalievanie a hnojenie v tom istom \u010dase, aby ste predi\u0161li stresu z dehydrat\u00e1cie.<\/li>\n<li>Po namo\u010den\u00ed jemne vytrias\u0165 prebyto\u010dn\u00fa vodu a necha\u0165 rastliny \u00faplne vyschn\u00fa\u0165 na dobre vetranom mieste pred ich umiestnen\u00edm sp\u00e4\u0165 na v\u00fdstavn\u00e9 miesto. Spr\u00e1vne su\u0161enie zabra\u0148uje hnilobe.<\/li>\n<li>Neprekra\u010dujte odpor\u00fa\u010dan\u00fa d\u00e1vku 5 ml na liter, preto\u017ee nadmern\u00e9 hnojenie m\u00f4\u017ee po\u0161kodi\u0165 citliv\u00e9 tkaniv\u00e1 listov alebo sp\u00f4sobi\u0165 sp\u00e1lenie \u017eiv\u00edn.<\/li>\n<li>Hnojivo skladujte na chladnom a suchom mieste mimo dosahu priameho slne\u010dn\u00e9ho svetla a extr\u00e9mnych tepl\u00f4t. Po ka\u017edom pou\u017eit\u00ed sa uistite, \u017ee je n\u00e1doba pevne uzavret\u00e1.<\/li>\n<li>Uchov\u00e1vajte mimo dosahu det\u00ed a dom\u00e1cich zvierat. Zabr\u00e1\u0148te priamemu kontaktu s o\u010dami alebo poko\u017ekou a po manipul\u00e1cii si umyte ruky.<\/li>\n<\/ul>\n<p>&nbsp;<\/p>\n<p>&nbsp;<\/p>","protected":false},"excerpt":{"rendered":"<p>Perfectly balanced nutrition with NPK 15-15-15 for optimal growth. Our air plant and tillandsia fertilizer features a perfectly balanced NPK 15-15-15 formula, providing equal parts nitrogen, phosphorus, and potassium to support all aspects of plant development. Nitrogen promotes vibrant green foliage and healthy leaf formation, phosphorus strengthens root systems and supports flowering, and potassium enhances [&hellip;]<\/p>\n","protected":false},"featured_media":23235,"comment_status":"open","ping_status":"closed","template":"","meta":{"_uag_custom_page_level_css":"","site-sidebar-layout":"default","site-content-layout":"","ast-site-content-layout":"default","site-content-style":"default","site-sidebar-style":"default","ast-global-header-display":"","ast-banner-title-visibility":"","ast-main-header-display":"","ast-hfb-above-header-display":"","ast-hfb-below-header-display":"","ast-hfb-mobile-header-display":"","site-post-title":"","ast-breadcrumbs-content":"","ast-featured-img":"","footer-sml-layout":"","ast-disable-related-posts":"","theme-transparent-header-meta":"default","adv-header-id-meta":"","stick-header-meta":"","header-above-stick-meta":"","header-main-stick-meta":"","header-below-stick-meta":"","astra-migrate-meta-layouts":"set","ast-page-background-enabled":"default","ast-page-background-meta":{"desktop":{"background-color":"var(--ast-global-color-4)","background-image":"","background-repeat":"repeat","background-position":"center center","background-size":"auto","background-attachment":"scroll","background-type":"","background-media":"","overlay-type":"","overlay-color":"","overlay-opacity":"","overlay-gradient":""},"tablet":{"background-color":"","background-image":"","background-repeat":"repeat","background-position":"center center","background-size":"auto","background-attachment":"scroll","background-type":"","background-media":"","overlay-type":"","overlay-color":"","overlay-opacity":"","overlay-gradient":""},"mobile":{"background-color":"","background-image":"","background-repeat":"repeat","background-position":"center center","background-size":"auto","background-attachment":"scroll","background-type":"","background-media":"","overlay-type":"","overlay-color":"","overlay-opacity":"","overlay-gradient":""}},"ast-content-background-meta":{"desktop":{"background-color":"var(--ast-global-color-5)","background-image":"","background-repeat":"repeat","background-position":"center center","background-size":"auto","background-attachment":"scroll","background-type":"","background-media":"","overlay-type":"","overlay-color":"","overlay-opacity":"","overlay-gradient":""},"tablet":{"background-color":"var(--ast-global-color-5)","background-image":"","background-repeat":"repeat","background-position":"center center","background-size":"auto","background-attachment":"scroll","background-type":"","background-media":"","overlay-type":"","overlay-color":"","overlay-opacity":"","overlay-gradient":""},"mobile":{"background-color":"var(--ast-global-color-5)","background-image":"","background-repeat":"repeat","background-position":"center center","background-size":"auto","background-attachment":"scroll","background-type":"","background-media":"","overlay-type":"","overlay-color":"","overlay-opacity":"","overlay-gradient":""}}},"product_brand":[],"product_cat":[178],"product_tag":[],"class_list":{"0":"post-23037","1":"product","2":"type-product","3":"status-publish","4":"has-post-thumbnail","6":"product_cat-fertilizers","7":"desktop-align-left","8":"tablet-align-left","9":"mobile-align-left","11":"first","12":"instock","13":"sale","14":"shipping-taxable","15":"purchasable","16":"product-type-variable","17":"has-default-attributes"},"spectra_custom_meta":{"_visibility":["visible"],"_shopify_product_id":["9072692265205"],"_s2w_shopify_domain":["ferberpainting.myshopify.com"],"_shopify_variant_id":["46522245906677"],"_sku":["FPAIRPLANTTILLANDSIAFERTILIZER"],"_manage_stock":["no"],"total_sales":["11"],"_tax_status":["taxable"],"_tax_class":[""],"_backorders":["no"],"_sold_individually":["no"],"_virtual":["no"],"_downloadable":["no"],"_download_limit":["-1"],"_download_expiry":["-1"],"_stock":[null],"_stock_status":["instock"],"_wc_average_rating":["4.86"],"_wc_review_count":["7"],"_product_attributes":["a:1:{s:6:\"volume\";a:6:{s:4:\"name\";s:6:\"Volume\";s:5:\"value\";s:20:\"5 liters | 25 liters\";s:8:\"position\";i:1;s:10:\"is_visible\";i:0;s:12:\"is_variation\";i:1;s:11:\"is_taxonomy\";i:0;}}"],"_product_version":["10.5.2"],"_thumbnail_id":["23235"],"_product_image_gallery":["23389"],"wpse_downloadable_file_names":[""],"wpse_downloadable_file_urls":[""],"_edit_last":["1"],"_default_attributes":["a:1:{s:6:\"volume\";s:8:\"5 liters\";}"],"_edit_lock":["1771954927:1"],"merchant-center-availability":["yes"],"merchant-center-category":["113"],"_wp_page_template":["default"],"site-sidebar-layout":["default"],"ast-site-content-layout":["default"],"site-content-style":["default"],"site-sidebar-style":["default"],"theme-transparent-header-meta":["default"],"_wc_rating_count":["a:2:{i:4;i:1;i:5;i:6;}"],"merchant-center-id":["FPAIRPLANTANDTILLANDSIAFERTILIZER5L"],"_price":["29.90","129.90"],"astra-migrate-meta-layouts":["set"],"_uag_css_file_name":["uag-css-23037.css"],"_elementor_page_assets":["a:0:{}"],"_uag_page_assets":["a:9:{s:3:\"css\";s:7133:\".uag-blocks-common-selector{z-index:var(--z-index-desktop) !important}@media(max-width: 976px){.uag-blocks-common-selector{z-index:var(--z-index-tablet) !important}}@media(max-width: 767px){.uag-blocks-common-selector{z-index:var(--z-index-mobile) !important}}.wp-block-uagb-image{display:flex}.wp-block-uagb-image__figure{position:relative;display:flex;flex-direction:column;max-width:100%;height:auto;margin:0}.wp-block-uagb-image__figure img{height:auto;display:flex;max-width:100%;transition:box-shadow .2s ease}.wp-block-uagb-image__figure>a{display:inline-block}.wp-block-uagb-image__figure figcaption{text-align:center;margin-top:.5em;margin-bottom:1em}.wp-block-uagb-image .components-placeholder.block-editor-media-placeholder .components-placeholder__instructions{align-self:center}.wp-block-uagb-image--align-left{text-align:left}.wp-block-uagb-image--align-right{text-align:right}.wp-block-uagb-image--align-center{text-align:center}.wp-block-uagb-image--align-full .wp-block-uagb-image__figure{margin-left:calc(50% - 50vw);margin-right:calc(50% - 50vw);max-width:100vw;width:100vw;height:auto}.wp-block-uagb-image--align-full .wp-block-uagb-image__figure img{height:auto;width:100% !important}.wp-block-uagb-image--align-wide .wp-block-uagb-image__figure img{height:auto;width:100%}.wp-block-uagb-image--layout-overlay__color-wrapper{position:absolute;left:0;top:0;right:0;bottom:0;opacity:.2;background:rgba(0,0,0,.5);transition:opacity .35s ease-in-out}.wp-block-uagb-image--layout-overlay-link{position:absolute;left:0;right:0;bottom:0;top:0}.wp-block-uagb-image--layout-overlay .wp-block-uagb-image__figure:hover .wp-block-uagb-image--layout-overlay__color-wrapper{opacity:1}.wp-block-uagb-image--layout-overlay__inner{position:absolute;left:15px;right:15px;bottom:15px;top:15px;display:flex;align-items:center;justify-content:center;flex-direction:column;border-color:#fff;transition:.35s ease-in-out}.wp-block-uagb-image--layout-overlay__inner.top-left,.wp-block-uagb-image--layout-overlay__inner.top-center,.wp-block-uagb-image--layout-overlay__inner.top-right{justify-content:flex-start}.wp-block-uagb-image--layout-overlay__inner.bottom-left,.wp-block-uagb-image--layout-overlay__inner.bottom-center,.wp-block-uagb-image--layout-overlay__inner.bottom-right{justify-content:flex-end}.wp-block-uagb-image--layout-overlay__inner.top-left,.wp-block-uagb-image--layout-overlay__inner.center-left,.wp-block-uagb-image--layout-overlay__inner.bottom-left{align-items:flex-start}.wp-block-uagb-image--layout-overlay__inner.top-right,.wp-block-uagb-image--layout-overlay__inner.center-right,.wp-block-uagb-image--layout-overlay__inner.bottom-right{align-items:flex-end}.wp-block-uagb-image--layout-overlay__inner .uagb-image-heading{color:#fff;transition:transform .35s,opacity .35s ease-in-out;transform:translate3d(0, 24px, 0);margin:0;line-height:1em}.wp-block-uagb-image--layout-overlay__inner .uagb-image-separator{width:30%;border-top-width:2px;border-top-color:#fff;border-top-style:solid;margin-bottom:10px;opacity:0;transition:transform .4s,opacity .4s ease-in-out;transform:translate3d(0, 30px, 0)}.wp-block-uagb-image--layout-overlay__inner .uagb-image-caption{opacity:0;overflow:visible;color:#fff;transition:transform .45s,opacity .45s ease-in-out;transform:translate3d(0, 35px, 0)}.wp-block-uagb-image--layout-overlay__inner:hover .uagb-image-heading,.wp-block-uagb-image--layout-overlay__inner:hover .uagb-image-separator,.wp-block-uagb-image--layout-overlay__inner:hover .uagb-image-caption{opacity:1;transform:translate3d(0, 0, 0)}.wp-block-uagb-image--effect-zoomin .wp-block-uagb-image__figure img,.wp-block-uagb-image--effect-zoomin .wp-block-uagb-image__figure .wp-block-uagb-image--layout-overlay__color-wrapper{transform:scale(1);transition:transform .35s ease-in-out}.wp-block-uagb-image--effect-zoomin .wp-block-uagb-image__figure:hover img,.wp-block-uagb-image--effect-zoomin .wp-block-uagb-image__figure:hover .wp-block-uagb-image--layout-overlay__color-wrapper{transform:scale(1.05)}.wp-block-uagb-image--effect-slide .wp-block-uagb-image__figure img,.wp-block-uagb-image--effect-slide .wp-block-uagb-image__figure .wp-block-uagb-image--layout-overlay__color-wrapper{width:calc(100% + 40px) !important;max-width:none !important;transform:translate3d(-40px, 0, 0);transition:transform .35s ease-in-out}.wp-block-uagb-image--effect-slide .wp-block-uagb-image__figure:hover img,.wp-block-uagb-image--effect-slide .wp-block-uagb-image__figure:hover .wp-block-uagb-image--layout-overlay__color-wrapper{transform:translate3d(0, 0, 0)}.wp-block-uagb-image--effect-grayscale img{filter:grayscale(0%);transition:.35s ease-in-out}.wp-block-uagb-image--effect-grayscale:hover img{filter:grayscale(100%)}.wp-block-uagb-image--effect-blur img{filter:blur(0);transition:.35s ease-in-out}.wp-block-uagb-image--effect-blur:hover img{filter:blur(3px)}.uagb-block-e6f939b3.wp-block-uagb-image--layout-default figure img{box-shadow: 0px 0px 0 #00000070;}.uagb-block-e6f939b3.wp-block-uagb-image .wp-block-uagb-image__figure figcaption{font-style: normal;align-self: center;}.uagb-block-e6f939b3.wp-block-uagb-image--layout-overlay figure img{box-shadow: 0px 0px 0 #00000070;}.uagb-block-e6f939b3.wp-block-uagb-image--layout-overlay .wp-block-uagb-image--layout-overlay__color-wrapper{opacity: 0.2;}.uagb-block-e6f939b3.wp-block-uagb-image--layout-overlay .wp-block-uagb-image--layout-overlay__inner{left: 15px;right: 15px;top: 15px;bottom: 15px;}.uagb-block-e6f939b3.wp-block-uagb-image--layout-overlay .wp-block-uagb-image--layout-overlay__inner .uagb-image-heading{font-style: normal;color: #fff;opacity: 1;}.uagb-block-e6f939b3.wp-block-uagb-image--layout-overlay .wp-block-uagb-image--layout-overlay__inner .uagb-image-heading a{color: #fff;}.uagb-block-e6f939b3.wp-block-uagb-image--layout-overlay .wp-block-uagb-image--layout-overlay__inner .uagb-image-caption{opacity: 0;}.uagb-block-e6f939b3.wp-block-uagb-image--layout-overlay .wp-block-uagb-image__figure:hover .wp-block-uagb-image--layout-overlay__color-wrapper{opacity: 1;}.uagb-block-e6f939b3.wp-block-uagb-image .wp-block-uagb-image--layout-overlay__inner .uagb-image-separator{width: 30%;border-top-width: 2px;border-top-color: #fff;opacity: 0;}.uagb-block-e6f939b3.wp-block-uagb-image .wp-block-uagb-image__figure img{width: px;height: auto;}.uagb-block-e6f939b3.wp-block-uagb-image .wp-block-uagb-image__figure:hover .wp-block-uagb-image--layout-overlay__inner .uagb-image-caption{opacity: 1;}.uagb-block-e6f939b3.wp-block-uagb-image .wp-block-uagb-image__figure:hover .wp-block-uagb-image--layout-overlay__inner .uagb-image-separator{opacity: 1;}.uagb-block-e6f939b3.wp-block-uagb-image--layout-default figure:hover img{box-shadow: 0px 0px 0 #00000070;}.uagb-block-e6f939b3.wp-block-uagb-image--layout-overlay figure:hover img{box-shadow: 0px 0px 0 #00000070;}@media only screen and (max-width: 976px) {.uagb-block-e6f939b3.wp-block-uagb-image .wp-block-uagb-image__figure img{width: px;height: auto;}}@media only screen and (max-width: 767px) {.uagb-block-e6f939b3.wp-block-uagb-image .wp-block-uagb-image__figure img{width: px;height: auto;}}\";s:2:\"js\";s:0:\"\";s:18:\"current_block_list\";a:13:{i:0;s:11:\"core\/search\";i:1;s:10:\"core\/group\";i:2;s:12:\"core\/heading\";i:3;s:17:\"core\/latest-posts\";i:4;s:20:\"core\/latest-comments\";i:5;s:13:\"core\/archives\";i:6;s:15:\"core\/categories\";i:7;s:14:\"core\/paragraph\";i:8;s:10:\"uagb\/image\";i:9;s:11:\"core\/spacer\";i:10;s:30:\"woocommerce\/product-categories\";i:11;s:10:\"core\/image\";i:12;s:14:\"core\/shortcode\";}s:8:\"uag_flag\";b:1;s:11:\"uag_version\";s:10:\"1777164175\";s:6:\"gfonts\";a:0:{}s:10:\"gfonts_url\";s:0:\"\";s:12:\"gfonts_files\";a:0:{}s:14:\"uag_faq_layout\";b:0;}"]},"uagb_featured_image_src":{"full":["https:\/\/www.ferberpainting.com\/wp-content\/uploads\/2025\/05\/AirPlantandTillandsiaFertilizer5L.png",2560,2560,false],"thumbnail":["https:\/\/www.ferberpainting.com\/wp-content\/uploads\/2025\/05\/AirPlantandTillandsiaFertilizer5L-150x150.png",150,150,true],"medium":["https:\/\/www.ferberpainting.com\/wp-content\/uploads\/2025\/05\/AirPlantandTillandsiaFertilizer5L-300x300.png",300,300,true],"medium_large":["https:\/\/www.ferberpainting.com\/wp-content\/uploads\/2025\/05\/AirPlantandTillandsiaFertilizer5L-768x768.png",768,768,true],"large":["https:\/\/www.ferberpainting.com\/wp-content\/uploads\/2025\/05\/AirPlantandTillandsiaFertilizer5L-1024x1024.png",1024,1024,true],"1536x1536":["https:\/\/www.ferberpainting.com\/wp-content\/uploads\/2025\/05\/AirPlantandTillandsiaFertilizer5L-1536x1536.png",1536,1536,true],"2048x2048":["https:\/\/www.ferberpainting.com\/wp-content\/uploads\/2025\/05\/AirPlantandTillandsiaFertilizer5L-2048x2048.png",2048,2048,true],"trp-custom-language-flag":["https:\/\/www.ferberpainting.com\/wp-content\/uploads\/2025\/05\/AirPlantandTillandsiaFertilizer5L-12x12.png",12,12,true],"woocommerce_thumbnail":["https:\/\/www.ferberpainting.com\/wp-content\/uploads\/2025\/05\/AirPlantandTillandsiaFertilizer5L-300x300.png",300,300,true],"woocommerce_single":["https:\/\/www.ferberpainting.com\/wp-content\/uploads\/2025\/05\/AirPlantandTillandsiaFertilizer5L-600x600.png",600,600,true],"woocommerce_gallery_thumbnail":["https:\/\/www.ferberpainting.com\/wp-content\/uploads\/2025\/05\/AirPlantandTillandsiaFertilizer5L-100x100.png",100,100,true]},"uagb_author_info":{"display_name":"admin","author_link":"https:\/\/www.ferberpainting.com\/sk\/author\/"},"uagb_comment_info":7,"uagb_excerpt":"Perfectly balanced nutrition with NPK 15-15-15 for optimal growth. Our air plant and tillandsia fertilizer features a perfectly balanced NPK 15-15-15 formula, providing equal parts nitrogen, phosphorus, and potassium to support all aspects of plant development. Nitrogen promotes vibrant green foliage and healthy leaf formation, phosphorus strengthens root systems and supports flowering, and potassium enhances&hellip;","_links":{"self":[{"href":"https:\/\/www.ferberpainting.com\/sk\/wp-json\/wp\/v2\/product\/23037","targetHints":{"allow":["GET"]}}],"collection":[{"href":"https:\/\/www.ferberpainting.com\/sk\/wp-json\/wp\/v2\/product"}],"about":[{"href":"https:\/\/www.ferberpainting.com\/sk\/wp-json\/wp\/v2\/types\/product"}],"replies":[{"embeddable":true,"href":"https:\/\/www.ferberpainting.com\/sk\/wp-json\/wp\/v2\/comments?post=23037"}],"version-history":[{"count":7,"href":"https:\/\/www.ferberpainting.com\/sk\/wp-json\/wp\/v2\/product\/23037\/revisions"}],"predecessor-version":[{"id":166006,"href":"https:\/\/www.ferberpainting.com\/sk\/wp-json\/wp\/v2\/product\/23037\/revisions\/166006"}],"wp:featuredmedia":[{"embeddable":true,"href":"https:\/\/www.ferberpainting.com\/sk\/wp-json\/wp\/v2\/media\/23235"}],"wp:attachment":[{"href":"https:\/\/www.ferberpainting.com\/sk\/wp-json\/wp\/v2\/media?parent=23037"}],"wp:term":[{"taxonomy":"product_brand","embeddable":true,"href":"https:\/\/www.ferberpainting.com\/sk\/wp-json\/wp\/v2\/product_brand?post=23037"},{"taxonomy":"product_cat","embeddable":true,"href":"https:\/\/www.ferberpainting.com\/sk\/wp-json\/wp\/v2\/product_cat?post=23037"},{"taxonomy":"product_tag","embeddable":true,"href":"https:\/\/www.ferberpainting.com\/sk\/wp-json\/wp\/v2\/product_tag?post=23037"}],"curies":[{"name":"wp","href":"https:\/\/api.w.org\/{rel}","templated":true}]}}