{"id":25689,"date":"2025-06-30T17:22:19","date_gmt":"2025-06-30T15:22:19","guid":{"rendered":"https:\/\/www.ferberpainting.com\/?post_type=product&#038;p=25689"},"modified":"2026-02-18T10:07:46","modified_gmt":"2026-02-18T09:07:46","slug":"wood-water-repellent","status":"publish","type":"product","link":"https:\/\/www.ferberpainting.com\/si\/products\/wood-water-repellent\/","title":{"rendered":"Hidrofobno sredstvo za les"},"content":{"rendered":"<p><strong><img decoding=\"async\" style=\"margin-right: 12px;\" src=\"https:\/\/www.ferberpainting.com\/wp-content\/uploads\/2026\/02\/Check.svg\" alt=\"\" width=\"18\" height=\"15\" \/>Optimalna za\u0161\u010dita pred vlago.<\/strong>\u00a0To sredstvo za za\u0161\u010dito lesa je posebej oblikovano za za\u0161\u010dito pred vlago, plesnijo in prezgodnjo degradacijo lesenih povr\u0161in. Ne glede na to, ali gre za zunanje pohi\u0161tvo, terase, \u017ealuzije ali katerikoli leseni element, ki je izpostavljen elementom, ta izdelek zagotavlja dolgotrajno vodoodpornost. Deluje kot za\u0161\u010dita pred vlago, saj prepre\u010duje, da bi voda prodrla v les, s \u010dimer zmanj\u0161a tveganje za nabrekanje, plesen in gnitje.<\/p>\n<p><strong><img decoding=\"async\" style=\"margin-right: 12px;\" src=\"https:\/\/www.ferberpainting.com\/wp-content\/uploads\/2026\/02\/Check.svg\" alt=\"\" width=\"18\" height=\"15\" \/>Jamstvo vra\u010dila denarja.<\/strong> Prepri\u010dani smo v u\u010dinkovitost na\u0161ega impregnacijskega sredstva za les. \u010ce z rezultati ne boste povsem zadovoljni, vam ponujamo garancijo za zadovoljstvo ali vra\u010dilo denarja. \u010ce izdelek ne bo izpolnil va\u0161ih pri\u010dakovanj, ga lahko vrnete in dobite celotno nadomestilo brez vpra\u0161anj. Ta politika zagotavlja popoln mir pri nakupu.<\/p>\n<p><strong><img decoding=\"async\" style=\"margin-right: 12px;\" src=\"https:\/\/www.ferberpainting.com\/wp-content\/uploads\/2026\/02\/Check.svg\" alt=\"\" width=\"18\" height=\"15\" \/>Vsestranska uporaba.<\/strong>\u00a0Ta \u201cuniverzalni\u201d izdelek se lahko uporablja za razli\u010dne vrste lesa, obdelanega ali neobdelanega, mehkega ali trdega. Posebej u\u010dinkovit je na zunanjih povr\u0161inah, kot so terase, oboki, ograje in celo vrtno pohi\u0161tvo. Za\u0161\u010diti tudi ob\u010dutljiv les, kot sta notranje pohi\u0161tvo in mizarstvo, in zagotavlja dolgotrajno za\u0161\u010dito, hkrati pa ohranja naravni videz lesa.<\/p>\n<p><strong><img decoding=\"async\" style=\"margin-right: 12px;\" src=\"https:\/\/www.ferberpainting.com\/wp-content\/uploads\/2026\/02\/Check.svg\" alt=\"\" width=\"18\" height=\"15\" \/>Stro\u0161kovna u\u010dinkovitost.<\/strong>\u00a0Ta izdelek zagotavlja impresivno pokritost, od 8 do 12 m\u00b2 na liter, odvisno od poroznosti lesa. Posebej var\u010den je za velike povr\u0161ine, saj omogo\u010da obdelavo lesenih struktur brez potrebe po pogostem ponovnem nana\u0161anju. 5-litrska posoda vam omogo\u010da u\u010dinkovito in cenovno ugodno za\u0161\u010dito velikih povr\u0161in.<\/p>\n<p><strong><img decoding=\"async\" style=\"margin-right: 12px;\" src=\"https:\/\/www.ferberpainting.com\/wp-content\/uploads\/2026\/02\/Check.svg\" alt=\"\" width=\"18\" height=\"15\" \/>Varno in okolju prijazno.<\/strong>\u00a0V nasprotju s \u0161tevilnimi izdelki za obdelavo lesa je ta impregnacijski izdelek za les nestrupen in varen za uporabnike, \u010de upo\u0161tevajo navodila. Ne vsebuje onesna\u017eevalnih snovi in ne spro\u0161\u010da \u0161kodljivih snovi v okolje. Zato je varna in okolju prijazna obdelava, idealna za tiste, ki skrbijo za zdravje in vpliv na okolje.<\/p>\n<p><strong><img decoding=\"async\" style=\"margin-right: 12px;\" src=\"https:\/\/www.ferberpainting.com\/wp-content\/uploads\/2026\/02\/Check.svg\" alt=\"\" width=\"18\" height=\"15\" \/>Enostavna uporaba.<\/strong>\u00a0To sredstvo za za\u0161\u010dito pred vodo je zelo enostavno za uporabo. Pripravljen je za uporabo in ga ni treba red\u010diti. Preprosto nanesite enakomeren sloj s \u010dopi\u010dem, valj\u010dkom ali pr\u0161ilnikom, odvisno od va\u0161ih \u017eelja in velikosti povr\u0161ine. Nanos je hiter in ne zahteva zapletene priprave, kar vam pomaga prihraniti \u010das, hkrati pa dose\u010di profesionalen zaklju\u010dek.<\/p>\n<p><strong><img decoding=\"async\" style=\"margin-right: 12px;\" src=\"https:\/\/www.ferberpainting.com\/wp-content\/uploads\/2026\/02\/Check.svg\" alt=\"\" width=\"18\" height=\"15\" \/>Dolgoro\u010dna za\u0161\u010dita in vzdr\u017eljivost.<\/strong>\u00a0Ta izdelek zagotavlja dolgotrajno za\u0161\u010dito. Z enim nanosom ohranite naravni videz lesa, hkrati pa zagotovite ve\u010djo odpornost proti zunanjim vplivom. Va\u0161o leseno konstrukcijo \u0161\u010diti pred vremenskimi vplivi in podnebnimi spremembami ter zmanj\u0161uje potrebo po pogostem vzdr\u017eevanju. Prav tako pomaga prepre\u010devati spremembo barve zaradi sonca in \u010dasa ter tako ohranja estetski videz lesa.<\/p>\n<p><strong><img decoding=\"async\" style=\"margin-right: 12px;\" src=\"https:\/\/www.ferberpainting.com\/wp-content\/uploads\/2026\/02\/Check.svg\" alt=\"\" width=\"18\" height=\"15\" \/>Hitro ukrepanje.<\/strong>\u00a0Sredstvo za impregnacijo lesa hitro prodre v material in v kratkem \u010dasu ustvari nevidno vodotesno pregrado. V samo nekaj urah je va\u0161 les za\u0161\u010diten, hiter \u010das su\u0161enja pa vam omogo\u010da hitro uporabo obdelane povr\u0161ine. Ta izdelek je odli\u010den, kadar so potrebni hitri rezultati, zlasti pri nujnem vzdr\u017eevanju ali velikih zunanjih povr\u0161inah.<\/p>\n<h2><strong>Protokol uporabe<\/strong><\/h2>\n<ul>\n<li><strong>Priprava povr\u0161ine <\/strong>: Pred nanosom impregnacijskega sredstva se prepri\u010dajte, da je les \u010dist, suh in brez umazanije, prahu ali drugih ne\u010disto\u010d. Po potrebi povr\u0161ino o\u010distite z mehko krta\u010do in milnico, nato pa jo pred za\u010detkom nana\u0161anja pustite, da se posu\u0161i vsaj 24 ur.<\/li>\n<li><strong>Uporaba izdelka <\/strong>: Ta izdelek je pripravljen za uporabo in ga ni treba red\u010diti. Pred uporabo dobro pretresite. Nanesite s \u010dopi\u010dem, valj\u010dkom ali razpr\u0161ilcem. Pri ve\u010djih povr\u0161inah je priporo\u010dljiva uporaba razpr\u0161ilca za hitrej\u0161o in enakomernej\u0161o pokritost. Prepri\u010dajte se, da ste na povr\u0161ino nanesli enakomeren sloj.<\/li>\n<li><strong>Znesek za uporabo <\/strong>: V povpre\u010dju en liter pokrije 8 do 12 m\u00b2, odvisno od poroznosti in vrste lesa. Pri zelo poroznem lesu ali za mo\u010dnej\u0161o za\u0161\u010dito bo morda potreben drugi sloj.<\/li>\n<li><strong>\u010cas su\u0161enja <\/strong>: Preden les izpostavite rahli vlagi, pustite, da se izdelek su\u0161i pribli\u017eno 1 do 2 uri. Najbolje pa je, da se su\u0161i 24 ur, preden povr\u0161ino ponovno uporabite ali jo izpostavite mokrim ali ostrim vremenskim vplivom. Obdelanih povr\u0161in 48 ur ne izpostavljajte mo\u010dnemu de\u017eju, da zagotovite optimalno delovanje.<\/li>\n<li><strong>Ponovna vloga <\/strong>: Glede na izpostavljenost vremenskim vplivom bo morda potrebna ponovna uporaba na 1 do 3 leta. Za pogosto izpostavljene povr\u0161ine (terase, vrtno pohi\u0161tvo) je priporo\u010dljivo pogostej\u0161e nana\u0161anje, da se ohrani najve\u010dja za\u0161\u010dita.<\/li>\n<li><strong>Vzdr\u017eevanje <\/strong>: Za ohranitev u\u010dinkovitosti se izogibajte uporabi abrazivnih ali kemi\u010dnih \u010distil na obdelanih povr\u0161inah. Obi\u010dajno zadostuje preprosto \u010di\u0161\u010denje z vodo in mehko krpo, da bodo va\u0161e lesene strukture v odli\u010dnem stanju.<\/li>\n<\/ul>\n<p>\u010ce povzamemo, je impregnacijsko sredstvo za les obvezen izdelek za vse, ki \u017eelijo za\u0161\u010dititi videz in trajnost svojih lesenih povr\u0161in. S svojo preprosto uporabo, dolgotrajno za\u0161\u010dito in okolju prijazno formulo ponuja zanesljivo in u\u010dinkovito re\u0161itev proti vlagi in po\u0161kodbam zaradi vode. Zaradi hitrega delovanja in odli\u010dnega izkoristka je idealen tako za profesionalne projekte za\u0161\u010dite lesa kot za projekte \"naredi sam\".<\/p>","protected":false},"excerpt":{"rendered":"<p>Optimal Protection Against Moisture.\u00a0This wood waterproofer is specially formulated to create a barrier against humidity, mold, and premature degradation of wooden surfaces. Whether it&#8217;s for outdoor furniture, decks, shutters, or any wooden element exposed to the elements, this product ensures long-lasting waterproofing. It acts as a moisture shield, preventing water from penetrating the wood, thereby [&hellip;]<\/p>\n","protected":false},"featured_media":35756,"comment_status":"open","ping_status":"closed","template":"","meta":{"_uag_custom_page_level_css":"","site-sidebar-layout":"default","site-content-layout":"","ast-site-content-layout":"default","site-content-style":"default","site-sidebar-style":"default","ast-global-header-display":"","ast-banner-title-visibility":"","ast-main-header-display":"","ast-hfb-above-header-display":"","ast-hfb-below-header-display":"","ast-hfb-mobile-header-display":"","site-post-title":"","ast-breadcrumbs-content":"","ast-featured-img":"","footer-sml-layout":"","ast-disable-related-posts":"","theme-transparent-header-meta":"default","adv-header-id-meta":"","stick-header-meta":"","header-above-stick-meta":"","header-main-stick-meta":"","header-below-stick-meta":"","astra-migrate-meta-layouts":"set","ast-page-background-enabled":"default","ast-page-background-meta":{"desktop":{"background-color":"var(--ast-global-color-4)","background-image":"","background-repeat":"repeat","background-position":"center center","background-size":"auto","background-attachment":"scroll","background-type":"","background-media":"","overlay-type":"","overlay-color":"","overlay-opacity":"","overlay-gradient":""},"tablet":{"background-color":"","background-image":"","background-repeat":"repeat","background-position":"center center","background-size":"auto","background-attachment":"scroll","background-type":"","background-media":"","overlay-type":"","overlay-color":"","overlay-opacity":"","overlay-gradient":""},"mobile":{"background-color":"","background-image":"","background-repeat":"repeat","background-position":"center center","background-size":"auto","background-attachment":"scroll","background-type":"","background-media":"","overlay-type":"","overlay-color":"","overlay-opacity":"","overlay-gradient":""}},"ast-content-background-meta":{"desktop":{"background-color":"var(--ast-global-color-5)","background-image":"","background-repeat":"repeat","background-position":"center center","background-size":"auto","background-attachment":"scroll","background-type":"","background-media":"","overlay-type":"","overlay-color":"","overlay-opacity":"","overlay-gradient":""},"tablet":{"background-color":"var(--ast-global-color-5)","background-image":"","background-repeat":"repeat","background-position":"center center","background-size":"auto","background-attachment":"scroll","background-type":"","background-media":"","overlay-type":"","overlay-color":"","overlay-opacity":"","overlay-gradient":""},"mobile":{"background-color":"var(--ast-global-color-5)","background-image":"","background-repeat":"repeat","background-position":"center center","background-size":"auto","background-attachment":"scroll","background-type":"","background-media":"","overlay-type":"","overlay-color":"","overlay-opacity":"","overlay-gradient":""}}},"product_brand":[],"product_cat":[191],"product_tag":[],"class_list":{"0":"post-25689","1":"product","2":"type-product","3":"status-publish","4":"has-post-thumbnail","6":"product_cat-water-repellent","7":"desktop-align-left","8":"tablet-align-left","9":"mobile-align-left","11":"first","12":"instock","13":"sale","14":"shipping-taxable","15":"purchasable","16":"product-type-variable","17":"has-default-attributes"},"spectra_custom_meta":{"_visibility":["visible"],"_shopify_product_id":["9106613698805"],"_s2w_shopify_domain":["ferberpainting.myshopify.com"],"_shopify_variant_id":["46626330673397"],"_sku":[""],"_manage_stock":["no"],"total_sales":["139"],"_tax_status":["taxable"],"_tax_class":[""],"_backorders":["no"],"_sold_individually":["no"],"_virtual":["no"],"_downloadable":["no"],"_download_limit":["-1"],"_download_expiry":["-1"],"_stock":[null],"_stock_status":["instock"],"_wc_average_rating":["5.00"],"_wc_review_count":["11"],"_product_attributes":["a:1:{s:6:\"volume\";a:6:{s:4:\"name\";s:6:\"Volume\";s:5:\"value\";s:20:\"5 liters | 25 liters\";s:8:\"position\";i:1;s:10:\"is_visible\";i:0;s:12:\"is_variation\";i:1;s:11:\"is_taxonomy\";i:0;}}"],"_product_version":["10.5.2"],"wpse_downloadable_file_names":[""],"wpse_downloadable_file_urls":[""],"_edit_last":["1"],"_default_attributes":["a:1:{s:6:\"volume\";s:8:\"5 liters\";}"],"_edit_lock":["1771405530:1"],"_price":["29.90","129.90"],"merchant-center-availability":["yes"],"merchant-center-category":["503744"],"_thumbnail_id":["35756"],"_wp_page_template":["default"],"_product_image_gallery":["35757"],"site-sidebar-layout":["default"],"ast-site-content-layout":["default"],"site-content-style":["default"],"site-sidebar-style":["default"],"theme-transparent-header-meta":["default"],"_wc_rating_count":["a:1:{i:5;i:11;}"],"astra-migrate-meta-layouts":["set"],"_uag_css_file_name":["uag-css-25689.css"],"_elementor_page_assets":["a:0:{}"],"_uag_page_assets":["a:9:{s:3:\"css\";s:6873:\".wp-block-uagb-image{display:flex}.wp-block-uagb-image__figure{position:relative;display:flex;flex-direction:column;max-width:100%;height:auto;margin:0}.wp-block-uagb-image__figure img{height:auto;display:flex;max-width:100%;transition:box-shadow .2s ease}.wp-block-uagb-image__figure>a{display:inline-block}.wp-block-uagb-image__figure figcaption{text-align:center;margin-top:.5em;margin-bottom:1em}.wp-block-uagb-image .components-placeholder.block-editor-media-placeholder .components-placeholder__instructions{align-self:center}.wp-block-uagb-image--align-left{text-align:left}.wp-block-uagb-image--align-right{text-align:right}.wp-block-uagb-image--align-center{text-align:center}.wp-block-uagb-image--align-full .wp-block-uagb-image__figure{margin-left:calc(50% - 50vw);margin-right:calc(50% - 50vw);max-width:100vw;width:100vw;height:auto}.wp-block-uagb-image--align-full .wp-block-uagb-image__figure img{height:auto;width:100% !important}.wp-block-uagb-image--align-wide .wp-block-uagb-image__figure img{height:auto;width:100%}.wp-block-uagb-image--layout-overlay__color-wrapper{position:absolute;left:0;top:0;right:0;bottom:0;opacity:.2;background:rgba(0,0,0,.5);transition:opacity .35s ease-in-out}.wp-block-uagb-image--layout-overlay-link{position:absolute;left:0;right:0;bottom:0;top:0}.wp-block-uagb-image--layout-overlay .wp-block-uagb-image__figure:hover .wp-block-uagb-image--layout-overlay__color-wrapper{opacity:1}.wp-block-uagb-image--layout-overlay__inner{position:absolute;left:15px;right:15px;bottom:15px;top:15px;display:flex;align-items:center;justify-content:center;flex-direction:column;border-color:#fff;transition:.35s ease-in-out}.wp-block-uagb-image--layout-overlay__inner.top-left,.wp-block-uagb-image--layout-overlay__inner.top-center,.wp-block-uagb-image--layout-overlay__inner.top-right{justify-content:flex-start}.wp-block-uagb-image--layout-overlay__inner.bottom-left,.wp-block-uagb-image--layout-overlay__inner.bottom-center,.wp-block-uagb-image--layout-overlay__inner.bottom-right{justify-content:flex-end}.wp-block-uagb-image--layout-overlay__inner.top-left,.wp-block-uagb-image--layout-overlay__inner.center-left,.wp-block-uagb-image--layout-overlay__inner.bottom-left{align-items:flex-start}.wp-block-uagb-image--layout-overlay__inner.top-right,.wp-block-uagb-image--layout-overlay__inner.center-right,.wp-block-uagb-image--layout-overlay__inner.bottom-right{align-items:flex-end}.wp-block-uagb-image--layout-overlay__inner .uagb-image-heading{color:#fff;transition:transform .35s,opacity .35s ease-in-out;transform:translate3d(0, 24px, 0);margin:0;line-height:1em}.wp-block-uagb-image--layout-overlay__inner .uagb-image-separator{width:30%;border-top-width:2px;border-top-color:#fff;border-top-style:solid;margin-bottom:10px;opacity:0;transition:transform .4s,opacity .4s ease-in-out;transform:translate3d(0, 30px, 0)}.wp-block-uagb-image--layout-overlay__inner .uagb-image-caption{opacity:0;overflow:visible;color:#fff;transition:transform .45s,opacity .45s ease-in-out;transform:translate3d(0, 35px, 0)}.wp-block-uagb-image--layout-overlay__inner:hover .uagb-image-heading,.wp-block-uagb-image--layout-overlay__inner:hover .uagb-image-separator,.wp-block-uagb-image--layout-overlay__inner:hover .uagb-image-caption{opacity:1;transform:translate3d(0, 0, 0)}.wp-block-uagb-image--effect-zoomin .wp-block-uagb-image__figure img,.wp-block-uagb-image--effect-zoomin .wp-block-uagb-image__figure .wp-block-uagb-image--layout-overlay__color-wrapper{transform:scale(1);transition:transform .35s ease-in-out}.wp-block-uagb-image--effect-zoomin .wp-block-uagb-image__figure:hover img,.wp-block-uagb-image--effect-zoomin .wp-block-uagb-image__figure:hover .wp-block-uagb-image--layout-overlay__color-wrapper{transform:scale(1.05)}.wp-block-uagb-image--effect-slide .wp-block-uagb-image__figure img,.wp-block-uagb-image--effect-slide .wp-block-uagb-image__figure .wp-block-uagb-image--layout-overlay__color-wrapper{width:calc(100% + 40px) !important;max-width:none !important;transform:translate3d(-40px, 0, 0);transition:transform .35s ease-in-out}.wp-block-uagb-image--effect-slide .wp-block-uagb-image__figure:hover img,.wp-block-uagb-image--effect-slide .wp-block-uagb-image__figure:hover .wp-block-uagb-image--layout-overlay__color-wrapper{transform:translate3d(0, 0, 0)}.wp-block-uagb-image--effect-grayscale img{filter:grayscale(0%);transition:.35s ease-in-out}.wp-block-uagb-image--effect-grayscale:hover img{filter:grayscale(100%)}.wp-block-uagb-image--effect-blur img{filter:blur(0);transition:.35s ease-in-out}.wp-block-uagb-image--effect-blur:hover img{filter:blur(3px)}.uagb-block-e6f939b3.wp-block-uagb-image--layout-default figure img{box-shadow: 0px 0px 0 #00000070;}.uagb-block-e6f939b3.wp-block-uagb-image .wp-block-uagb-image__figure figcaption{font-style: normal;align-self: center;}.uagb-block-e6f939b3.wp-block-uagb-image--layout-overlay figure img{box-shadow: 0px 0px 0 #00000070;}.uagb-block-e6f939b3.wp-block-uagb-image--layout-overlay .wp-block-uagb-image--layout-overlay__color-wrapper{opacity: 0.2;}.uagb-block-e6f939b3.wp-block-uagb-image--layout-overlay .wp-block-uagb-image--layout-overlay__inner{left: 15px;right: 15px;top: 15px;bottom: 15px;}.uagb-block-e6f939b3.wp-block-uagb-image--layout-overlay .wp-block-uagb-image--layout-overlay__inner .uagb-image-heading{font-style: normal;color: #fff;opacity: 1;}.uagb-block-e6f939b3.wp-block-uagb-image--layout-overlay .wp-block-uagb-image--layout-overlay__inner .uagb-image-heading a{color: #fff;}.uagb-block-e6f939b3.wp-block-uagb-image--layout-overlay .wp-block-uagb-image--layout-overlay__inner .uagb-image-caption{opacity: 0;}.uagb-block-e6f939b3.wp-block-uagb-image--layout-overlay .wp-block-uagb-image__figure:hover .wp-block-uagb-image--layout-overlay__color-wrapper{opacity: 1;}.uagb-block-e6f939b3.wp-block-uagb-image .wp-block-uagb-image--layout-overlay__inner .uagb-image-separator{width: 30%;border-top-width: 2px;border-top-color: #fff;opacity: 0;}.uagb-block-e6f939b3.wp-block-uagb-image .wp-block-uagb-image__figure img{width: px;height: auto;}.uagb-block-e6f939b3.wp-block-uagb-image .wp-block-uagb-image__figure:hover .wp-block-uagb-image--layout-overlay__inner .uagb-image-caption{opacity: 1;}.uagb-block-e6f939b3.wp-block-uagb-image .wp-block-uagb-image__figure:hover .wp-block-uagb-image--layout-overlay__inner .uagb-image-separator{opacity: 1;}.uagb-block-e6f939b3.wp-block-uagb-image--layout-default figure:hover img{box-shadow: 0px 0px 0 #00000070;}.uagb-block-e6f939b3.wp-block-uagb-image--layout-overlay figure:hover img{box-shadow: 0px 0px 0 #00000070;}@media only screen and (max-width: 976px) {.uagb-block-e6f939b3.wp-block-uagb-image .wp-block-uagb-image__figure img{width: px;height: auto;}}@media only screen and (max-width: 767px) {.uagb-block-e6f939b3.wp-block-uagb-image .wp-block-uagb-image__figure img{width: px;height: auto;}}\";s:2:\"js\";s:0:\"\";s:18:\"current_block_list\";a:13:{i:0;s:11:\"core\/search\";i:1;s:10:\"core\/group\";i:2;s:12:\"core\/heading\";i:3;s:17:\"core\/latest-posts\";i:4;s:20:\"core\/latest-comments\";i:5;s:13:\"core\/archives\";i:6;s:15:\"core\/categories\";i:7;s:14:\"core\/paragraph\";i:8;s:10:\"uagb\/image\";i:9;s:11:\"core\/spacer\";i:10;s:30:\"woocommerce\/product-categories\";i:11;s:10:\"core\/image\";i:12;s:14:\"core\/shortcode\";}s:8:\"uag_flag\";b:1;s:11:\"uag_version\";s:10:\"1777087053\";s:6:\"gfonts\";a:0:{}s:10:\"gfonts_url\";s:0:\"\";s:12:\"gfonts_files\";a:0:{}s:14:\"uag_faq_layout\";b:0;}"]},"uagb_featured_image_src":{"full":["https:\/\/www.ferberpainting.com\/wp-content\/uploads\/2025\/06\/Wood-Water-Repellent-5L-.png",2560,2560,false],"thumbnail":["https:\/\/www.ferberpainting.com\/wp-content\/uploads\/2025\/06\/Wood-Water-Repellent-5L--150x150.png",150,150,true],"medium":["https:\/\/www.ferberpainting.com\/wp-content\/uploads\/2025\/06\/Wood-Water-Repellent-5L--300x300.png",300,300,true],"medium_large":["https:\/\/www.ferberpainting.com\/wp-content\/uploads\/2025\/06\/Wood-Water-Repellent-5L--768x768.png",768,768,true],"large":["https:\/\/www.ferberpainting.com\/wp-content\/uploads\/2025\/06\/Wood-Water-Repellent-5L--1024x1024.png",1024,1024,true],"1536x1536":["https:\/\/www.ferberpainting.com\/wp-content\/uploads\/2025\/06\/Wood-Water-Repellent-5L--1536x1536.png",1536,1536,true],"2048x2048":["https:\/\/www.ferberpainting.com\/wp-content\/uploads\/2025\/06\/Wood-Water-Repellent-5L--2048x2048.png",2048,2048,true],"trp-custom-language-flag":["https:\/\/www.ferberpainting.com\/wp-content\/uploads\/2025\/06\/Wood-Water-Repellent-5L--12x12.png",12,12,true],"woocommerce_thumbnail":["https:\/\/www.ferberpainting.com\/wp-content\/uploads\/2025\/06\/Wood-Water-Repellent-5L--300x300.png",300,300,true],"woocommerce_single":["https:\/\/www.ferberpainting.com\/wp-content\/uploads\/2025\/06\/Wood-Water-Repellent-5L--600x600.png",600,600,true],"woocommerce_gallery_thumbnail":["https:\/\/www.ferberpainting.com\/wp-content\/uploads\/2025\/06\/Wood-Water-Repellent-5L--100x100.png",100,100,true]},"uagb_author_info":{"display_name":"admin","author_link":"https:\/\/www.ferberpainting.com\/si\/author\/"},"uagb_comment_info":11,"uagb_excerpt":"Optimal Protection Against Moisture.\u00a0This wood waterproofer is specially formulated to create a barrier against humidity, mold, and premature degradation of wooden surfaces. Whether it&#8217;s for outdoor furniture, decks, shutters, or any wooden element exposed to the elements, this product ensures long-lasting waterproofing. It acts as a moisture shield, preventing water from penetrating the wood, thereby&hellip;","_links":{"self":[{"href":"https:\/\/www.ferberpainting.com\/si\/wp-json\/wp\/v2\/product\/25689","targetHints":{"allow":["GET"]}}],"collection":[{"href":"https:\/\/www.ferberpainting.com\/si\/wp-json\/wp\/v2\/product"}],"about":[{"href":"https:\/\/www.ferberpainting.com\/si\/wp-json\/wp\/v2\/types\/product"}],"replies":[{"embeddable":true,"href":"https:\/\/www.ferberpainting.com\/si\/wp-json\/wp\/v2\/comments?post=25689"}],"version-history":[{"count":4,"href":"https:\/\/www.ferberpainting.com\/si\/wp-json\/wp\/v2\/product\/25689\/revisions"}],"predecessor-version":[{"id":169182,"href":"https:\/\/www.ferberpainting.com\/si\/wp-json\/wp\/v2\/product\/25689\/revisions\/169182"}],"wp:featuredmedia":[{"embeddable":true,"href":"https:\/\/www.ferberpainting.com\/si\/wp-json\/wp\/v2\/media\/35756"}],"wp:attachment":[{"href":"https:\/\/www.ferberpainting.com\/si\/wp-json\/wp\/v2\/media?parent=25689"}],"wp:term":[{"taxonomy":"product_brand","embeddable":true,"href":"https:\/\/www.ferberpainting.com\/si\/wp-json\/wp\/v2\/product_brand?post=25689"},{"taxonomy":"product_cat","embeddable":true,"href":"https:\/\/www.ferberpainting.com\/si\/wp-json\/wp\/v2\/product_cat?post=25689"},{"taxonomy":"product_tag","embeddable":true,"href":"https:\/\/www.ferberpainting.com\/si\/wp-json\/wp\/v2\/product_tag?post=25689"}],"curies":[{"name":"wp","href":"https:\/\/api.w.org\/{rel}","templated":true}]}}