{"id":25678,"date":"2025-06-30T17:12:54","date_gmt":"2025-06-30T15:12:54","guid":{"rendered":"https:\/\/www.ferberpainting.com\/?post_type=product&#038;p=25678"},"modified":"2026-02-18T10:02:57","modified_gmt":"2026-02-18T09:02:57","slug":"wood-stove-chimney-and-fireplace-glass-cleaner","status":"publish","type":"product","link":"https:\/\/www.ferberpainting.com\/si\/products\/wood-stove-chimney-and-fireplace-glass-cleaner\/","title":{"rendered":"\u010cistilo za stekla kaminskih vlo\u017ekov, pe\u010di na drva in kaminov"},"content":{"rendered":"<p><strong><img decoding=\"async\" style=\"margin-right: 12px;\" src=\"https:\/\/www.ferberpainting.com\/wp-content\/uploads\/2026\/02\/Check.svg\" alt=\"\" width=\"18\" height=\"15\" \/>Z veliko natan\u010dnostjo odstranjuje trdovratne saje, ostanke dima in za\u017egane made\u017ee.<\/strong> Na\u0161e \u010distilo za steklo pe\u010di na drva, dimnikov in kaminov je posebej oblikovano za raztapljanje in odstranjevanje te\u017ekih ogljikovih oblog, \u010drnih saj, katrana in dimnega filma, ki se nabirajo na steklenih povr\u0161inah pri visokih temperaturah. S\u010dasoma steklo kamina in pe\u010di zaradi ostankov izgorevanja potemni in postane motno. Ta napredna formula za \u010di\u0161\u010denje hitro prodre in razgradi strjene obloge, s \u010dimer ponovno pridobi na jasnosti in vam omogo\u010di, da v celoti u\u017eivate v toplini in ambientu va\u0161ega ognja.<\/p>\n<p><strong><img decoding=\"async\" style=\"margin-right: 12px;\" src=\"https:\/\/www.ferberpainting.com\/wp-content\/uploads\/2026\/02\/Check.svg\" alt=\"\" width=\"18\" height=\"15\" \/>Za popolno zadovoljstvo ponujamo jamstvo za vra\u010dilo denarja.<\/strong> Popolnoma smo prepri\u010dani v u\u010dinkovitost na\u0161ega \u010distila za steklo. \u010ce z rezultati ne boste popolnoma zadovoljni, vam bomo vrnili kupnino. To jamstvo za vra\u010dilo denarja vam omogo\u010da popolnoma mirno \u010di\u0161\u010denje stekla pe\u010di ali kamina, saj veste, da je va\u0161a nalo\u017eba za\u0161\u010ditena.<\/p>\n<p><strong><img decoding=\"async\" style=\"margin-right: 12px;\" src=\"https:\/\/www.ferberpainting.com\/wp-content\/uploads\/2026\/02\/Check.svg\" alt=\"\" width=\"18\" height=\"15\" \/>Naju\u010dinkovitej\u0161e \u010distilo za steklo kaminov in pe\u010di na trgu.<\/strong> Na\u0161a visoko zmogljiva formula je zasnovana posebej za toplotno odporne steklene povr\u0161ine, ki so izpostavljene mo\u010dnim stranskim produktom izgorevanja. Za razliko od obi\u010dajnih gospodinjskih \u010distil je usmerjena v kemi\u010dno sestavo saj in katrana, kar zagotavlja hitro raztapljanje in la\u017eje odstranjevanje. V primerjavi z obi\u010dajnimi razpr\u0161ili za steklo zagotavlja vrhunsko \u010distilno mo\u010d, zato je naju\u010dinkovitej\u0161a re\u0161itev za ponovno vzpostavitev kristalno \u010diste vidljivosti.<\/p>\n<p><strong><img decoding=\"async\" style=\"margin-right: 12px;\" src=\"https:\/\/www.ferberpainting.com\/wp-content\/uploads\/2026\/02\/Check.svg\" alt=\"\" width=\"18\" height=\"15\" \/>Najcenej\u0161e profesionalno \u010distilo za steklo kamina, ki je na voljo.<\/strong> Vrhunska u\u010dinkovitost \u010di\u0161\u010denja ni nujno draga. Ponujamo najkonkuren\u010dnej\u0161e cene in hkrati ohranjamo visokokakovostne standarde. Z optimizacijo proizvodnje in logistike zagotavljamo \u010distilo profesionalne mo\u010di po najni\u017eji ceni v primerjavi s podobnimi izdelki, kar zagotavlja odli\u010dno vrednost tako za lastnike stanovanj kot za strokovnjake.<\/p>\n<p><strong><img decoding=\"async\" style=\"margin-right: 12px;\" src=\"https:\/\/www.ferberpainting.com\/wp-content\/uploads\/2026\/02\/Check.svg\" alt=\"\" width=\"18\" height=\"15\" \/>Zagotovljena 24-urna dostava za takoj\u0161nje potrebe po \u010di\u0161\u010denju.<\/strong> \u010ce je steklo pe\u010di ali kamina mo\u010dno umazano, s hitrim \u010di\u0161\u010denjem obnovite videz in u\u017eitek. Zato ponujamo zanesljivo 24-urno dostavo, ki zagotavlja, da va\u0161e \u010distilo prispe takoj in je takoj pripravljeno za uporabo.<\/p>\n<p><strong><img decoding=\"async\" style=\"margin-right: 12px;\" src=\"https:\/\/www.ferberpainting.com\/wp-content\/uploads\/2026\/02\/Check.svg\" alt=\"\" width=\"18\" height=\"15\" \/>Visoko koncentrirana formula za var\u010dno uporabo.<\/strong> Majhna koli\u010dina izdelka u\u010dinkovito obdela velike steklene povr\u0161ine. Zgo\u0161\u010dena formula zagotavlja minimalno porabo izdelka na posamezno \u010di\u0161\u010denje, kar zagotavlja odli\u010dno stro\u0161kovno u\u010dinkovitost, hkrati pa ohranja mo\u010dno u\u010dinkovitost \u010di\u0161\u010denja.<\/p>\n<p><strong><img decoding=\"async\" style=\"margin-right: 12px;\" src=\"https:\/\/www.ferberpainting.com\/wp-content\/uploads\/2026\/02\/Check.svg\" alt=\"\" width=\"18\" height=\"15\" \/>Obnovi popolno preglednost in izbolj\u0161a vidljivost ognja.<\/strong> \u010cistilo odpravlja temne made\u017ee in dimno meglico ter vra\u010da naravno prozornost toplotno odpornega stekla. To pove\u010da vizualno privla\u010dnost va\u0161ega kamina ali pe\u010di na drva in izbolj\u0161a splo\u0161no vzdu\u0161je v va\u0161em bivalnem prostoru.<\/p>\n<p><strong><img decoding=\"async\" style=\"margin-right: 12px;\" src=\"https:\/\/www.ferberpainting.com\/wp-content\/uploads\/2026\/02\/Check.svg\" alt=\"\" width=\"18\" height=\"15\" \/>Varno za toplotno odporno keramiko in kaljeno steklo.<\/strong> Formula je posebej razvita za uporabo na kaminskih vlo\u017ekih, vratih pe\u010di na drva in steklenih plo\u0161\u010dah dimnikov. \u010ce ga uporabljate v skladu z navodili, u\u010dinkovito \u010disti, ne da bi opraskal ali po\u0161kodoval stekleno povr\u0161ino.<\/p>\n<p><strong><img decoding=\"async\" style=\"margin-right: 12px;\" src=\"https:\/\/www.ferberpainting.com\/wp-content\/uploads\/2026\/02\/Check.svg\" alt=\"\" width=\"18\" height=\"15\" \/>Ob redni uporabi zmanj\u0161uje nastajanje novih oblog.<\/strong> Redno \u010di\u0161\u010denje z na\u0161im izdelkom pomaga prepre\u010diti prekomerno nabiranje saj in katrana. Vzdr\u017eevanje \u010distega stekla izbolj\u0161a vidljivost zgorevanja in poenostavi teko\u010de vzdr\u017eevanje.<\/p>\n<p><strong><img decoding=\"async\" style=\"margin-right: 12px;\" src=\"https:\/\/www.ferberpainting.com\/wp-content\/uploads\/2026\/02\/Check.svg\" alt=\"\" width=\"18\" height=\"15\" \/>Enostavna in hitra uporaba za lastnike stanovanj in strokovnjake.<\/strong> \u010cistilo je zasnovano tako, da ga lahko razpr\u0161ite neposredno na steklo in obri\u0161ete s krpo ali gobo. Njegova obvladljiva konsistenca zagotavlja enakomerno pokritost in nadzorovano uporabo brez zapletenih postopkov.<\/p>\n<h2><strong>Navodila<\/strong><\/h2>\n<ul>\n<li>Pred nanosom \u010distila se prepri\u010dajte, da je steklo pe\u010di ali kamina popolnoma hladno.<\/li>\n<li>Pred uporabo stekleni\u010dko temeljito pretresite.<\/li>\n<li>Izdelek enakomerno razpr\u0161ite na umazano stekleno povr\u0161ino.<\/li>\n<li>Pustite \u010distilo delovati od 2 do 5 minut, odvisno od stopnje nakopi\u010denih saj in ostankov.<\/li>\n<li>Povr\u0161ino obri\u0161ite z vla\u017eno gobo ali krpo, da sprostite in odstranite raztopljene usedline.<\/li>\n<li>Za trdovratne ali debele ostanke ogljika ne\u017eno drgnite z neabrazivno blazinico ali gobo.<\/li>\n<li>Ostanke odstranite s \u010disto, vla\u017eno krpo.<\/li>\n<li>Steklo osu\u0161ite z mehko krpo, ki ne pu\u0161\u010da vlaken, da bo \u010diste in brez lis.<\/li>\n<li>Pri mo\u010dno umazanih obmo\u010djih postopek po potrebi ponovite.<\/li>\n<li>Izogibajte se stiku s pobarvanimi ali ob\u010dutljivimi okoli\u0161kimi povr\u0161inami. \u010ce pride do nenamernega stika, ga takoj obri\u0161ite.<\/li>\n<li>Ne uporabljajte na vro\u010dem steklu ali med aktivnim gorenjem.<\/li>\n<li>Po uporabi orodje in krpe o\u010distite z vodo.<\/li>\n<li>Izdelek shranjujte tesno zaprt na hladnem in suhem mestu, stran od neposredne son\u010dne svetlobe.<\/li>\n<li>Hranite ga zunaj dosega otrok in upo\u0161tevajte standardne varnostne ukrepe pri ravnanju in uporabi.<\/li>\n<\/ul>","protected":false},"excerpt":{"rendered":"<p>Removes stubborn soot, smoke residue, and burned-on stains with powerful precision. Our wood stove, chimney and fireplace glass cleaner is specially formulated to dissolve and lift heavy carbon deposits, black soot, tar buildup, and smoke film that accumulate on high-temperature glass surfaces. Over time, fireplace and stove glass becomes darkened and cloudy due to combustion [&hellip;]<\/p>\n","protected":false},"featured_media":35749,"comment_status":"open","ping_status":"closed","template":"","meta":{"_uag_custom_page_level_css":"","site-sidebar-layout":"default","site-content-layout":"","ast-site-content-layout":"default","site-content-style":"default","site-sidebar-style":"default","ast-global-header-display":"","ast-banner-title-visibility":"","ast-main-header-display":"","ast-hfb-above-header-display":"","ast-hfb-below-header-display":"","ast-hfb-mobile-header-display":"","site-post-title":"","ast-breadcrumbs-content":"","ast-featured-img":"","footer-sml-layout":"","ast-disable-related-posts":"","theme-transparent-header-meta":"default","adv-header-id-meta":"","stick-header-meta":"","header-above-stick-meta":"","header-main-stick-meta":"","header-below-stick-meta":"","astra-migrate-meta-layouts":"set","ast-page-background-enabled":"default","ast-page-background-meta":{"desktop":{"background-color":"var(--ast-global-color-4)","background-image":"","background-repeat":"repeat","background-position":"center center","background-size":"auto","background-attachment":"scroll","background-type":"","background-media":"","overlay-type":"","overlay-color":"","overlay-opacity":"","overlay-gradient":""},"tablet":{"background-color":"","background-image":"","background-repeat":"repeat","background-position":"center center","background-size":"auto","background-attachment":"scroll","background-type":"","background-media":"","overlay-type":"","overlay-color":"","overlay-opacity":"","overlay-gradient":""},"mobile":{"background-color":"","background-image":"","background-repeat":"repeat","background-position":"center center","background-size":"auto","background-attachment":"scroll","background-type":"","background-media":"","overlay-type":"","overlay-color":"","overlay-opacity":"","overlay-gradient":""}},"ast-content-background-meta":{"desktop":{"background-color":"var(--ast-global-color-5)","background-image":"","background-repeat":"repeat","background-position":"center center","background-size":"auto","background-attachment":"scroll","background-type":"","background-media":"","overlay-type":"","overlay-color":"","overlay-opacity":"","overlay-gradient":""},"tablet":{"background-color":"var(--ast-global-color-5)","background-image":"","background-repeat":"repeat","background-position":"center center","background-size":"auto","background-attachment":"scroll","background-type":"","background-media":"","overlay-type":"","overlay-color":"","overlay-opacity":"","overlay-gradient":""},"mobile":{"background-color":"var(--ast-global-color-5)","background-image":"","background-repeat":"repeat","background-position":"center center","background-size":"auto","background-attachment":"scroll","background-type":"","background-media":"","overlay-type":"","overlay-color":"","overlay-opacity":"","overlay-gradient":""}}},"product_brand":[],"product_cat":[175],"product_tag":[],"class_list":{"0":"post-25678","1":"product","2":"type-product","3":"status-publish","4":"has-post-thumbnail","6":"product_cat-cleaning-products","7":"desktop-align-left","8":"tablet-align-left","9":"mobile-align-left","11":"first","12":"instock","13":"sale","14":"taxable","15":"shipping-taxable","16":"purchasable","17":"product-type-variable","18":"has-default-attributes"},"spectra_custom_meta":{"_visibility":["visible"],"_shopify_product_id":["9101785235701"],"_s2w_shopify_domain":["ferberpainting.myshopify.com"],"_shopify_variant_id":["46613424242933"],"_sku":[""],"_manage_stock":["no"],"total_sales":["31"],"_tax_status":["taxable"],"_tax_class":[""],"_backorders":["no"],"_sold_individually":["no"],"_virtual":["no"],"_downloadable":["no"],"_download_limit":["-1"],"_download_expiry":["-1"],"_stock":[null],"_stock_status":["instock"],"_wc_average_rating":["5.00"],"_wc_review_count":["12"],"_product_attributes":["a:1:{s:6:\"volume\";a:6:{s:4:\"name\";s:6:\"Volume\";s:5:\"value\";s:20:\"5 liters | 25 liters\";s:8:\"position\";i:1;s:10:\"is_visible\";i:0;s:12:\"is_variation\";i:1;s:11:\"is_taxonomy\";i:0;}}"],"_product_version":["10.5.2"],"wpse_downloadable_file_names":[""],"wpse_downloadable_file_urls":[""],"_edit_last":["1"],"_default_attributes":["a:1:{s:6:\"volume\";s:8:\"5 liters\";}"],"_edit_lock":["1771405238:1"],"merchant-center-availability":["yes"],"merchant-center-category":["1479"],"_thumbnail_id":["35749"],"_wp_page_template":["default"],"_wp_old_date":["2025-05-26"],"site-sidebar-layout":["default"],"ast-site-content-layout":["default"],"site-content-style":["default"],"site-sidebar-style":["default"],"theme-transparent-header-meta":["default"],"_product_image_gallery":["35750"],"_price":["29.90","129.90"],"_wc_rating_count":["a:1:{i:5;i:12;}"],"astra-migrate-meta-layouts":["set"],"_uag_css_file_name":["uag-css-25678.css"],"_elementor_page_assets":["a:0:{}"],"_uag_page_assets":["a:9:{s:3:\"css\";s:7133:\".uag-blocks-common-selector{z-index:var(--z-index-desktop) !important}@media(max-width: 976px){.uag-blocks-common-selector{z-index:var(--z-index-tablet) !important}}@media(max-width: 767px){.uag-blocks-common-selector{z-index:var(--z-index-mobile) !important}}.wp-block-uagb-image{display:flex}.wp-block-uagb-image__figure{position:relative;display:flex;flex-direction:column;max-width:100%;height:auto;margin:0}.wp-block-uagb-image__figure img{height:auto;display:flex;max-width:100%;transition:box-shadow .2s ease}.wp-block-uagb-image__figure>a{display:inline-block}.wp-block-uagb-image__figure figcaption{text-align:center;margin-top:.5em;margin-bottom:1em}.wp-block-uagb-image .components-placeholder.block-editor-media-placeholder .components-placeholder__instructions{align-self:center}.wp-block-uagb-image--align-left{text-align:left}.wp-block-uagb-image--align-right{text-align:right}.wp-block-uagb-image--align-center{text-align:center}.wp-block-uagb-image--align-full .wp-block-uagb-image__figure{margin-left:calc(50% - 50vw);margin-right:calc(50% - 50vw);max-width:100vw;width:100vw;height:auto}.wp-block-uagb-image--align-full .wp-block-uagb-image__figure img{height:auto;width:100% !important}.wp-block-uagb-image--align-wide .wp-block-uagb-image__figure img{height:auto;width:100%}.wp-block-uagb-image--layout-overlay__color-wrapper{position:absolute;left:0;top:0;right:0;bottom:0;opacity:.2;background:rgba(0,0,0,.5);transition:opacity .35s ease-in-out}.wp-block-uagb-image--layout-overlay-link{position:absolute;left:0;right:0;bottom:0;top:0}.wp-block-uagb-image--layout-overlay .wp-block-uagb-image__figure:hover .wp-block-uagb-image--layout-overlay__color-wrapper{opacity:1}.wp-block-uagb-image--layout-overlay__inner{position:absolute;left:15px;right:15px;bottom:15px;top:15px;display:flex;align-items:center;justify-content:center;flex-direction:column;border-color:#fff;transition:.35s ease-in-out}.wp-block-uagb-image--layout-overlay__inner.top-left,.wp-block-uagb-image--layout-overlay__inner.top-center,.wp-block-uagb-image--layout-overlay__inner.top-right{justify-content:flex-start}.wp-block-uagb-image--layout-overlay__inner.bottom-left,.wp-block-uagb-image--layout-overlay__inner.bottom-center,.wp-block-uagb-image--layout-overlay__inner.bottom-right{justify-content:flex-end}.wp-block-uagb-image--layout-overlay__inner.top-left,.wp-block-uagb-image--layout-overlay__inner.center-left,.wp-block-uagb-image--layout-overlay__inner.bottom-left{align-items:flex-start}.wp-block-uagb-image--layout-overlay__inner.top-right,.wp-block-uagb-image--layout-overlay__inner.center-right,.wp-block-uagb-image--layout-overlay__inner.bottom-right{align-items:flex-end}.wp-block-uagb-image--layout-overlay__inner .uagb-image-heading{color:#fff;transition:transform .35s,opacity .35s ease-in-out;transform:translate3d(0, 24px, 0);margin:0;line-height:1em}.wp-block-uagb-image--layout-overlay__inner .uagb-image-separator{width:30%;border-top-width:2px;border-top-color:#fff;border-top-style:solid;margin-bottom:10px;opacity:0;transition:transform .4s,opacity .4s ease-in-out;transform:translate3d(0, 30px, 0)}.wp-block-uagb-image--layout-overlay__inner .uagb-image-caption{opacity:0;overflow:visible;color:#fff;transition:transform .45s,opacity .45s ease-in-out;transform:translate3d(0, 35px, 0)}.wp-block-uagb-image--layout-overlay__inner:hover .uagb-image-heading,.wp-block-uagb-image--layout-overlay__inner:hover .uagb-image-separator,.wp-block-uagb-image--layout-overlay__inner:hover .uagb-image-caption{opacity:1;transform:translate3d(0, 0, 0)}.wp-block-uagb-image--effect-zoomin .wp-block-uagb-image__figure img,.wp-block-uagb-image--effect-zoomin .wp-block-uagb-image__figure .wp-block-uagb-image--layout-overlay__color-wrapper{transform:scale(1);transition:transform .35s ease-in-out}.wp-block-uagb-image--effect-zoomin .wp-block-uagb-image__figure:hover img,.wp-block-uagb-image--effect-zoomin .wp-block-uagb-image__figure:hover .wp-block-uagb-image--layout-overlay__color-wrapper{transform:scale(1.05)}.wp-block-uagb-image--effect-slide .wp-block-uagb-image__figure img,.wp-block-uagb-image--effect-slide .wp-block-uagb-image__figure .wp-block-uagb-image--layout-overlay__color-wrapper{width:calc(100% + 40px) !important;max-width:none !important;transform:translate3d(-40px, 0, 0);transition:transform .35s ease-in-out}.wp-block-uagb-image--effect-slide .wp-block-uagb-image__figure:hover img,.wp-block-uagb-image--effect-slide .wp-block-uagb-image__figure:hover .wp-block-uagb-image--layout-overlay__color-wrapper{transform:translate3d(0, 0, 0)}.wp-block-uagb-image--effect-grayscale img{filter:grayscale(0%);transition:.35s ease-in-out}.wp-block-uagb-image--effect-grayscale:hover img{filter:grayscale(100%)}.wp-block-uagb-image--effect-blur img{filter:blur(0);transition:.35s ease-in-out}.wp-block-uagb-image--effect-blur:hover img{filter:blur(3px)}.uagb-block-e6f939b3.wp-block-uagb-image--layout-default figure img{box-shadow: 0px 0px 0 #00000070;}.uagb-block-e6f939b3.wp-block-uagb-image .wp-block-uagb-image__figure figcaption{font-style: normal;align-self: center;}.uagb-block-e6f939b3.wp-block-uagb-image--layout-overlay figure img{box-shadow: 0px 0px 0 #00000070;}.uagb-block-e6f939b3.wp-block-uagb-image--layout-overlay .wp-block-uagb-image--layout-overlay__color-wrapper{opacity: 0.2;}.uagb-block-e6f939b3.wp-block-uagb-image--layout-overlay .wp-block-uagb-image--layout-overlay__inner{left: 15px;right: 15px;top: 15px;bottom: 15px;}.uagb-block-e6f939b3.wp-block-uagb-image--layout-overlay .wp-block-uagb-image--layout-overlay__inner .uagb-image-heading{font-style: normal;color: #fff;opacity: 1;}.uagb-block-e6f939b3.wp-block-uagb-image--layout-overlay .wp-block-uagb-image--layout-overlay__inner .uagb-image-heading a{color: #fff;}.uagb-block-e6f939b3.wp-block-uagb-image--layout-overlay .wp-block-uagb-image--layout-overlay__inner .uagb-image-caption{opacity: 0;}.uagb-block-e6f939b3.wp-block-uagb-image--layout-overlay .wp-block-uagb-image__figure:hover .wp-block-uagb-image--layout-overlay__color-wrapper{opacity: 1;}.uagb-block-e6f939b3.wp-block-uagb-image .wp-block-uagb-image--layout-overlay__inner .uagb-image-separator{width: 30%;border-top-width: 2px;border-top-color: #fff;opacity: 0;}.uagb-block-e6f939b3.wp-block-uagb-image .wp-block-uagb-image__figure img{width: px;height: auto;}.uagb-block-e6f939b3.wp-block-uagb-image .wp-block-uagb-image__figure:hover .wp-block-uagb-image--layout-overlay__inner .uagb-image-caption{opacity: 1;}.uagb-block-e6f939b3.wp-block-uagb-image .wp-block-uagb-image__figure:hover .wp-block-uagb-image--layout-overlay__inner .uagb-image-separator{opacity: 1;}.uagb-block-e6f939b3.wp-block-uagb-image--layout-default figure:hover img{box-shadow: 0px 0px 0 #00000070;}.uagb-block-e6f939b3.wp-block-uagb-image--layout-overlay figure:hover img{box-shadow: 0px 0px 0 #00000070;}@media only screen and (max-width: 976px) {.uagb-block-e6f939b3.wp-block-uagb-image .wp-block-uagb-image__figure img{width: px;height: auto;}}@media only screen and (max-width: 767px) {.uagb-block-e6f939b3.wp-block-uagb-image .wp-block-uagb-image__figure img{width: px;height: auto;}}\";s:2:\"js\";s:0:\"\";s:18:\"current_block_list\";a:13:{i:0;s:11:\"core\/search\";i:1;s:10:\"core\/group\";i:2;s:12:\"core\/heading\";i:3;s:17:\"core\/latest-posts\";i:4;s:20:\"core\/latest-comments\";i:5;s:13:\"core\/archives\";i:6;s:15:\"core\/categories\";i:7;s:14:\"core\/paragraph\";i:8;s:10:\"uagb\/image\";i:9;s:11:\"core\/spacer\";i:10;s:30:\"woocommerce\/product-categories\";i:11;s:10:\"core\/image\";i:12;s:14:\"core\/shortcode\";}s:8:\"uag_flag\";b:1;s:11:\"uag_version\";s:10:\"1777229709\";s:6:\"gfonts\";a:0:{}s:10:\"gfonts_url\";s:0:\"\";s:12:\"gfonts_files\";a:0:{}s:14:\"uag_faq_layout\";b:0;}"]},"uagb_featured_image_src":{"full":["https:\/\/www.ferberpainting.com\/wp-content\/uploads\/2025\/05\/Wood-Stove-Chimney-and-Fireplace-Glass-Cleaner-5L-Mockup-.png",2560,2560,false],"thumbnail":["https:\/\/www.ferberpainting.com\/wp-content\/uploads\/2025\/05\/Wood-Stove-Chimney-and-Fireplace-Glass-Cleaner-5L-Mockup--150x150.png",150,150,true],"medium":["https:\/\/www.ferberpainting.com\/wp-content\/uploads\/2025\/05\/Wood-Stove-Chimney-and-Fireplace-Glass-Cleaner-5L-Mockup--300x300.png",300,300,true],"medium_large":["https:\/\/www.ferberpainting.com\/wp-content\/uploads\/2025\/05\/Wood-Stove-Chimney-and-Fireplace-Glass-Cleaner-5L-Mockup--768x768.png",768,768,true],"large":["https:\/\/www.ferberpainting.com\/wp-content\/uploads\/2025\/05\/Wood-Stove-Chimney-and-Fireplace-Glass-Cleaner-5L-Mockup--1024x1024.png",1024,1024,true],"1536x1536":["https:\/\/www.ferberpainting.com\/wp-content\/uploads\/2025\/05\/Wood-Stove-Chimney-and-Fireplace-Glass-Cleaner-5L-Mockup--1536x1536.png",1536,1536,true],"2048x2048":["https:\/\/www.ferberpainting.com\/wp-content\/uploads\/2025\/05\/Wood-Stove-Chimney-and-Fireplace-Glass-Cleaner-5L-Mockup--2048x2048.png",2048,2048,true],"trp-custom-language-flag":["https:\/\/www.ferberpainting.com\/wp-content\/uploads\/2025\/05\/Wood-Stove-Chimney-and-Fireplace-Glass-Cleaner-5L-Mockup--12x12.png",12,12,true],"woocommerce_thumbnail":["https:\/\/www.ferberpainting.com\/wp-content\/uploads\/2025\/05\/Wood-Stove-Chimney-and-Fireplace-Glass-Cleaner-5L-Mockup--300x300.png",300,300,true],"woocommerce_single":["https:\/\/www.ferberpainting.com\/wp-content\/uploads\/2025\/05\/Wood-Stove-Chimney-and-Fireplace-Glass-Cleaner-5L-Mockup--600x600.png",600,600,true],"woocommerce_gallery_thumbnail":["https:\/\/www.ferberpainting.com\/wp-content\/uploads\/2025\/05\/Wood-Stove-Chimney-and-Fireplace-Glass-Cleaner-5L-Mockup--100x100.png",100,100,true]},"uagb_author_info":{"display_name":"admin","author_link":"https:\/\/www.ferberpainting.com\/si\/author\/"},"uagb_comment_info":12,"uagb_excerpt":"Removes stubborn soot, smoke residue, and burned-on stains with powerful precision. Our wood stove, chimney and fireplace glass cleaner is specially formulated to dissolve and lift heavy carbon deposits, black soot, tar buildup, and smoke film that accumulate on high-temperature glass surfaces. Over time, fireplace and stove glass becomes darkened and cloudy due to combustion&hellip;","_links":{"self":[{"href":"https:\/\/www.ferberpainting.com\/si\/wp-json\/wp\/v2\/product\/25678","targetHints":{"allow":["GET"]}}],"collection":[{"href":"https:\/\/www.ferberpainting.com\/si\/wp-json\/wp\/v2\/product"}],"about":[{"href":"https:\/\/www.ferberpainting.com\/si\/wp-json\/wp\/v2\/types\/product"}],"replies":[{"embeddable":true,"href":"https:\/\/www.ferberpainting.com\/si\/wp-json\/wp\/v2\/comments?post=25678"}],"version-history":[{"count":5,"href":"https:\/\/www.ferberpainting.com\/si\/wp-json\/wp\/v2\/product\/25678\/revisions"}],"predecessor-version":[{"id":169173,"href":"https:\/\/www.ferberpainting.com\/si\/wp-json\/wp\/v2\/product\/25678\/revisions\/169173"}],"wp:featuredmedia":[{"embeddable":true,"href":"https:\/\/www.ferberpainting.com\/si\/wp-json\/wp\/v2\/media\/35749"}],"wp:attachment":[{"href":"https:\/\/www.ferberpainting.com\/si\/wp-json\/wp\/v2\/media?parent=25678"}],"wp:term":[{"taxonomy":"product_brand","embeddable":true,"href":"https:\/\/www.ferberpainting.com\/si\/wp-json\/wp\/v2\/product_brand?post=25678"},{"taxonomy":"product_cat","embeddable":true,"href":"https:\/\/www.ferberpainting.com\/si\/wp-json\/wp\/v2\/product_cat?post=25678"},{"taxonomy":"product_tag","embeddable":true,"href":"https:\/\/www.ferberpainting.com\/si\/wp-json\/wp\/v2\/product_tag?post=25678"}],"curies":[{"name":"wp","href":"https:\/\/api.w.org\/{rel}","templated":true}]}}