{"id":25656,"date":"2025-06-30T17:38:17","date_gmt":"2025-06-30T15:38:17","guid":{"rendered":"https:\/\/www.ferberpainting.com\/?post_type=product&#038;p=25655"},"modified":"2026-02-18T09:13:44","modified_gmt":"2026-02-18T08:13:44","slug":"wood-cleaner","status":"publish","type":"product","link":"https:\/\/www.ferberpainting.com\/si\/products\/wood-cleaner\/","title":{"rendered":"\u010cistilo za les"},"content":{"rendered":"<p><strong><img decoding=\"async\" style=\"margin-right: 12px;\" src=\"https:\/\/www.ferberpainting.com\/wp-content\/uploads\/2026\/02\/Check.svg\" alt=\"\" width=\"18\" height=\"15\" \/>Optimalna u\u010dinkovitost.<\/strong>\u00a0To \u010distilo za les je posebej zasnovano za u\u010dinkovito odstranjevanje made\u017eev, prahu, sledi ma\u0161\u010dobe in vlage, ki kvarijo lesene povr\u0161ine. Zaradi svoje mo\u010dne, a ne\u017ene formule temeljito o\u010disti, ne da bi spremenil naravno strukturo ali barvo lesa. O\u010disti, za\u0161\u010diti in po\u017eivi sijaj obdelanih povr\u0161in ter jim povrne prvotni videz, hkrati pa ohrani njihovo celovitost.<\/p>\n<p><strong><img decoding=\"async\" style=\"margin-right: 12px;\" src=\"https:\/\/www.ferberpainting.com\/wp-content\/uploads\/2026\/02\/Check.svg\" alt=\"\" width=\"18\" height=\"15\" \/>Jamstvo vra\u010dila denarja.<\/strong>\u00a0Popolnoma smo prepri\u010dani v u\u010dinkovitost na\u0161ega \u010distilca. \u010ce z njim po uporabi niste popolnoma zadovoljni, ste upravi\u010deni do celotnega povra\u010dila. Brez tveganja preizkusite na\u0161 izdelek in u\u017eivajte v \u010distem in sijo\u010dem lesu s popolnim mirom.<\/p>\n<p><strong><img decoding=\"async\" style=\"margin-right: 12px;\" src=\"https:\/\/www.ferberpainting.com\/wp-content\/uploads\/2026\/02\/Check.svg\" alt=\"\" width=\"18\" height=\"15\" \/>Izjemna vsestranskost.<\/strong> To \u010distilo ni omejeno na leseno pohi\u0161tvo, temve\u010d je idealno tudi za \u010di\u0161\u010denje parketa, stopnic, teras, oblog, notranjih in zunanjih lesenih izdelkov, lesenih vrat, tramov, brunaric in celo izrezljanih lesenih predmetov. Zdru\u017eljiv je s \u0161tevilnimi vrstami lesa, tako z masivnim, laminiranim, lakiranim, naoljenim, voskanim ali surovim lesom, in omogo\u010da u\u010dinkovito \u010di\u0161\u010denje vseh vrst naravnih ali obdelanih lesenih povr\u0161in.<\/p>\n<p><strong><img decoding=\"async\" style=\"margin-right: 12px;\" src=\"https:\/\/www.ferberpainting.com\/wp-content\/uploads\/2026\/02\/Check.svg\" alt=\"\" width=\"18\" height=\"15\" \/>Stro\u0161kovna u\u010dinkovitost.<\/strong>\u00a0S 5-litrsko posodo in izjemno u\u010dinkovito formulo zagotavlja odli\u010den izkoristek. Majhna koli\u010dina zadostuje za \u010di\u0161\u010denje velikih povr\u0161in brez odpadkov. V povpre\u010dju lahko z enim litrom o\u010distite do 80 m\u00b2 lesene povr\u0161ine, zato je to stro\u0161kovno u\u010dinkovita in visoko zmogljiva re\u0161itev za rutinsko ali intenzivno vzdr\u017eevanje lesenih izdelkov in pohi\u0161tva.<\/p>\n<p><strong><img decoding=\"async\" style=\"margin-right: 12px;\" src=\"https:\/\/www.ferberpainting.com\/wp-content\/uploads\/2026\/02\/Check.svg\" alt=\"\" width=\"18\" height=\"15\" \/>Varna uporaba.<\/strong>\u00a0Za razliko od abrazivnih \u010distil ali izdelkov na osnovi topil je to \u010distilo izdelano brez strupenih ali zdravju in okolju \u0161kodljivih snovi. Ne spro\u0161\u010da dra\u017ee\u010dih hlapov, ne po\u0161koduje strukture lesa in po su\u0161enju ne pu\u0161\u010da lepljivih ali spolzkih ostankov. Varno ga je uporabljati v domovih z otroki ali hi\u0161nimi ljubljen\u010dki, kar zagotavlja varno in spo\u0161tljivo nego naravnih povr\u0161in.<\/p>\n<p><strong><img decoding=\"async\" style=\"margin-right: 12px;\" src=\"https:\/\/www.ferberpainting.com\/wp-content\/uploads\/2026\/02\/Check.svg\" alt=\"\" width=\"18\" height=\"15\" \/>Enostavnost uporabe.<\/strong>\u00a0Ta izdelek je pripravljen za uporabo in ne potrebuje red\u010denja ali zapletene priprave. S krpo, gobo ali mopom iz mikrovlaken ga lahko nanesete neposredno na les. Njegovo hitro delovanje in intuitivna uporaba omogo\u010data enostavno odstranjevanje umazanije z minimalnim naporom, brez pretiranega izpiranja in brez potrebe po poliranju po uporabi.<\/p>\n<p><strong><img decoding=\"async\" style=\"margin-right: 12px;\" src=\"https:\/\/www.ferberpainting.com\/wp-content\/uploads\/2026\/02\/Check.svg\" alt=\"\" width=\"18\" height=\"15\" \/>Pove\u010dana vzdr\u017eljivost.<\/strong>\u00a0Z u\u010dinkovitim odstranjevanjem ostankov in negovanjem lesnih vlaken to \u010distilo podalj\u0161a \u017eivljenjsko dobo lesenih povr\u0161in in prepre\u010duje prezgodnjo obrabo. Pomaga ohraniti sijaj lesa, hkrati pa ga \u0161\u010diti pred zunanjimi vplivi, kot so vlaga, prah in vsakodnevna uporaba. Redna uporaba zagotavlja, da bo va\u0161 les ostal \u010dist, eleganten in dolgotrajen.<\/p>\n<p><strong><img decoding=\"async\" style=\"margin-right: 12px;\" src=\"https:\/\/www.ferberpainting.com\/wp-content\/uploads\/2026\/02\/Check.svg\" alt=\"\" width=\"18\" height=\"15\" \/>Hitro ukrepanje.<\/strong>\u00a0Zaradi svoje zelo aktivne formule to \u010distilo takoj deluje na umazanijo in vtisnjene made\u017ee. V le nekaj sekundah raztopi ne\u010disto\u010de in olaj\u0161a odstranjevanje, ne da bi ga bilo treba mo\u010dno drgniti. Hitro se posu\u0161i, ne da bi pustilo sledi ali mastno prevleko, kar omogo\u010da takoj\u0161njo ponovno uporabo o\u010di\u0161\u010denih povr\u0161in.<\/p>\n<h2><strong>Navodila za uporabo<\/strong><\/h2>\n<ul>\n<li><strong>Priprava <\/strong>: Prepri\u010dajte se, da je povr\u0161ina, ki jo je treba o\u010distiti, brez prahu in ostankov, tako da jo pred nanosom pobri\u0161ete s \u010disto krpo ali primerno metlo.<\/li>\n<li><strong>Ro\u010dna uporaba <\/strong>: Na \u010disto krpo, gobo ali mop iz mikrovlaken nalijte majhno koli\u010dino \u010distila in ga s kro\u017enimi gibi enakomerno nanesite na leseno povr\u0161ino, da sprostite ne\u010disto\u010de.<\/li>\n<li><strong>Uporaba na parketu in velikih povr\u0161inah <\/strong>: Za ve\u010dje povr\u0161ine izdelek nanesite z rahlo vla\u017enim mopom, prepojenim s \u010distilom, in brez pretiranega drgnjenja preidite po celotni leseni povr\u0161ini.<\/li>\n<li><strong>\u010ci\u0161\u010denje trdovratnih made\u017eev <\/strong>: Na najte\u017ejih mestih pustite delovati od 5 do 10 minut, nato pa jih ne\u017eno zdrgnite z mehko krta\u010do ali neabrazivno gobo, da odstranite prijeto umazanijo.<\/li>\n<li><strong>Izpiranje <\/strong>: <strong>Izpiranje ni potrebno<\/strong> za standardno vzdr\u017eevanje. Vendar lahko mo\u010dno umazane povr\u0161ine obri\u0161ete z vla\u017eno krpo, da dose\u017eete brezhiben zaklju\u010dek.<\/li>\n<li><strong>Su\u0161enje in dodelava <\/strong>: Pustite, da se posu\u0161i na zraku, ali pa ga obri\u0161ite s suho krpo iz mikrovlaken, da bo \u0161e bolj sijo\u010d in brez lis. Za lakiran ali naoljen les lahko po su\u0161enju nanesete rahlo polirno sredstvo, da bo zaklju\u010dek \u0161e bolj ble\u0161\u010de\u010d.<\/li>\n<li><strong>Pogostost uporabe <\/strong>: Za redno vzdr\u017eevanje ga nanesite enkrat ali dvakrat na teden in takoj, ko se pojavijo made\u017ei ali umazanija, da prepre\u010dite kopi\u010denje. Za zunanje lesene povr\u0161ine je priporo\u010dljivo mese\u010dno \u010di\u0161\u010denje, da se ohranita celovitost in videz materiala.<\/li>\n<li><strong>Shranjevanje <\/strong>: Po vsaki uporabi posodo ponovno tesno zaprite in jo hranite v hladnem in suhem prostoru, stran od svetlobe in ekstremnih temperatur, da se ohrani u\u010dinkovitost izdelka skozi \u010das.<\/li>\n<\/ul>\n<p>Z na\u0161im \u010distilom za les si zagotovite optimalno, hitro in u\u010dinkovito vzdr\u017eevanje ter pove\u010dajte sijaj in trajnost lesenih povr\u0161in. Idealna re\u0161itev za ohranjanje naravne lepote lesa s popolno lahkoto.<\/p>","protected":false},"excerpt":{"rendered":"<p>Optimal Effectiveness.\u00a0This wood cleaner is specially formulated to effectively eliminate stains, dust, grease marks, and humidity traces that tarnish wooden surfaces. Thanks to its powerful yet gentle formula, it deeply cleans without altering the natural grain or color of the wood. It cleans, protects, and revives the shine of treated surfaces, restoring their original appearance [&hellip;]<\/p>\n","protected":false},"featured_media":35773,"comment_status":"open","ping_status":"closed","template":"","meta":{"_uag_custom_page_level_css":"","site-sidebar-layout":"default","site-content-layout":"","ast-site-content-layout":"default","site-content-style":"default","site-sidebar-style":"default","ast-global-header-display":"","ast-banner-title-visibility":"","ast-main-header-display":"","ast-hfb-above-header-display":"","ast-hfb-below-header-display":"","ast-hfb-mobile-header-display":"","site-post-title":"","ast-breadcrumbs-content":"","ast-featured-img":"","footer-sml-layout":"","ast-disable-related-posts":"","theme-transparent-header-meta":"default","adv-header-id-meta":"","stick-header-meta":"","header-above-stick-meta":"","header-main-stick-meta":"","header-below-stick-meta":"","astra-migrate-meta-layouts":"set","ast-page-background-enabled":"default","ast-page-background-meta":{"desktop":{"background-color":"var(--ast-global-color-4)","background-image":"","background-repeat":"repeat","background-position":"center center","background-size":"auto","background-attachment":"scroll","background-type":"","background-media":"","overlay-type":"","overlay-color":"","overlay-opacity":"","overlay-gradient":""},"tablet":{"background-color":"","background-image":"","background-repeat":"repeat","background-position":"center center","background-size":"auto","background-attachment":"scroll","background-type":"","background-media":"","overlay-type":"","overlay-color":"","overlay-opacity":"","overlay-gradient":""},"mobile":{"background-color":"","background-image":"","background-repeat":"repeat","background-position":"center center","background-size":"auto","background-attachment":"scroll","background-type":"","background-media":"","overlay-type":"","overlay-color":"","overlay-opacity":"","overlay-gradient":""}},"ast-content-background-meta":{"desktop":{"background-color":"var(--ast-global-color-5)","background-image":"","background-repeat":"repeat","background-position":"center center","background-size":"auto","background-attachment":"scroll","background-type":"","background-media":"","overlay-type":"","overlay-color":"","overlay-opacity":"","overlay-gradient":""},"tablet":{"background-color":"var(--ast-global-color-5)","background-image":"","background-repeat":"repeat","background-position":"center center","background-size":"auto","background-attachment":"scroll","background-type":"","background-media":"","overlay-type":"","overlay-color":"","overlay-opacity":"","overlay-gradient":""},"mobile":{"background-color":"var(--ast-global-color-5)","background-image":"","background-repeat":"repeat","background-position":"center center","background-size":"auto","background-attachment":"scroll","background-type":"","background-media":"","overlay-type":"","overlay-color":"","overlay-opacity":"","overlay-gradient":""}}},"product_brand":[],"product_cat":[175,193],"product_tag":[],"class_list":{"0":"post-25656","1":"product","2":"type-product","3":"status-publish","4":"has-post-thumbnail","6":"product_cat-cleaning-products","7":"product_cat-wood-treatment","8":"desktop-align-left","9":"tablet-align-left","10":"mobile-align-left","12":"first","13":"instock","14":"sale","15":"shipping-taxable","16":"purchasable","17":"product-type-variable","18":"has-default-attributes"},"spectra_custom_meta":{"_visibility":["visible"],"_shopify_product_id":["9102472020213"],"_s2w_shopify_domain":["ferberpainting.myshopify.com"],"_shopify_variant_id":["46616343412981"],"_sku":[""],"_manage_stock":["no"],"total_sales":["21"],"_tax_status":["taxable"],"_tax_class":[""],"_backorders":["no"],"_sold_individually":["no"],"_virtual":["no"],"_downloadable":["no"],"_download_limit":["-1"],"_download_expiry":["-1"],"_stock":[null],"_stock_status":["instock"],"_wc_average_rating":["5.00"],"_wc_review_count":["12"],"_product_attributes":["a:1:{s:6:\"volume\";a:6:{s:4:\"name\";s:6:\"Volume\";s:5:\"value\";s:20:\"5 liters | 25 liters\";s:8:\"position\";i:1;s:10:\"is_visible\";i:0;s:12:\"is_variation\";i:1;s:11:\"is_taxonomy\";i:0;}}"],"_product_version":["10.5.2"],"wpse_downloadable_file_names":[""],"wpse_downloadable_file_urls":[""],"_edit_last":["1"],"_default_attributes":["a:1:{s:6:\"volume\";s:8:\"5 liters\";}"],"_edit_lock":["1771402292:1"],"_price":["29.90","129.90"],"merchant-center-availability":["yes"],"merchant-center-category":["4973"],"_thumbnail_id":["35773"],"_wp_page_template":["default"],"_wp_old_date":["2025-05-26"],"_product_image_gallery":["35774"],"site-sidebar-layout":["default"],"ast-site-content-layout":["default"],"site-content-style":["default"],"site-sidebar-style":["default"],"theme-transparent-header-meta":["default"],"_wc_rating_count":["a:1:{i:5;i:12;}"],"astra-migrate-meta-layouts":["set"],"_uag_css_file_name":["uag-css-25656.css"],"_elementor_page_assets":["a:0:{}"]},"uagb_featured_image_src":{"full":["https:\/\/www.ferberpainting.com\/wp-content\/uploads\/2025\/05\/Wood-Cleaner-5L-.png",2560,2560,false],"thumbnail":["https:\/\/www.ferberpainting.com\/wp-content\/uploads\/2025\/05\/Wood-Cleaner-5L--150x150.png",150,150,true],"medium":["https:\/\/www.ferberpainting.com\/wp-content\/uploads\/2025\/05\/Wood-Cleaner-5L--300x300.png",300,300,true],"medium_large":["https:\/\/www.ferberpainting.com\/wp-content\/uploads\/2025\/05\/Wood-Cleaner-5L--768x768.png",768,768,true],"large":["https:\/\/www.ferberpainting.com\/wp-content\/uploads\/2025\/05\/Wood-Cleaner-5L--1024x1024.png",1024,1024,true],"1536x1536":["https:\/\/www.ferberpainting.com\/wp-content\/uploads\/2025\/05\/Wood-Cleaner-5L--1536x1536.png",1536,1536,true],"2048x2048":["https:\/\/www.ferberpainting.com\/wp-content\/uploads\/2025\/05\/Wood-Cleaner-5L--2048x2048.png",2048,2048,true],"trp-custom-language-flag":["https:\/\/www.ferberpainting.com\/wp-content\/uploads\/2025\/05\/Wood-Cleaner-5L--12x12.png",12,12,true],"woocommerce_thumbnail":["https:\/\/www.ferberpainting.com\/wp-content\/uploads\/2025\/05\/Wood-Cleaner-5L--300x300.png",300,300,true],"woocommerce_single":["https:\/\/www.ferberpainting.com\/wp-content\/uploads\/2025\/05\/Wood-Cleaner-5L--600x600.png",600,600,true],"woocommerce_gallery_thumbnail":["https:\/\/www.ferberpainting.com\/wp-content\/uploads\/2025\/05\/Wood-Cleaner-5L--100x100.png",100,100,true]},"uagb_author_info":{"display_name":"admin","author_link":"https:\/\/www.ferberpainting.com\/si\/author\/"},"uagb_comment_info":12,"uagb_excerpt":"Optimal Effectiveness.\u00a0This wood cleaner is specially formulated to effectively eliminate stains, dust, grease marks, and humidity traces that tarnish wooden surfaces. Thanks to its powerful yet gentle formula, it deeply cleans without altering the natural grain or color of the wood. It cleans, protects, and revives the shine of treated surfaces, restoring their original appearance&hellip;","_links":{"self":[{"href":"https:\/\/www.ferberpainting.com\/si\/wp-json\/wp\/v2\/product\/25656","targetHints":{"allow":["GET"]}}],"collection":[{"href":"https:\/\/www.ferberpainting.com\/si\/wp-json\/wp\/v2\/product"}],"about":[{"href":"https:\/\/www.ferberpainting.com\/si\/wp-json\/wp\/v2\/types\/product"}],"replies":[{"embeddable":true,"href":"https:\/\/www.ferberpainting.com\/si\/wp-json\/wp\/v2\/comments?post=25656"}],"version-history":[{"count":4,"href":"https:\/\/www.ferberpainting.com\/si\/wp-json\/wp\/v2\/product\/25656\/revisions"}],"predecessor-version":[{"id":169110,"href":"https:\/\/www.ferberpainting.com\/si\/wp-json\/wp\/v2\/product\/25656\/revisions\/169110"}],"wp:featuredmedia":[{"embeddable":true,"href":"https:\/\/www.ferberpainting.com\/si\/wp-json\/wp\/v2\/media\/35773"}],"wp:attachment":[{"href":"https:\/\/www.ferberpainting.com\/si\/wp-json\/wp\/v2\/media?parent=25656"}],"wp:term":[{"taxonomy":"product_brand","embeddable":true,"href":"https:\/\/www.ferberpainting.com\/si\/wp-json\/wp\/v2\/product_brand?post=25656"},{"taxonomy":"product_cat","embeddable":true,"href":"https:\/\/www.ferberpainting.com\/si\/wp-json\/wp\/v2\/product_cat?post=25656"},{"taxonomy":"product_tag","embeddable":true,"href":"https:\/\/www.ferberpainting.com\/si\/wp-json\/wp\/v2\/product_tag?post=25656"}],"curies":[{"name":"wp","href":"https:\/\/api.w.org\/{rel}","templated":true}]}}