{"id":25655,"date":"2025-07-01T19:25:17","date_gmt":"2025-07-01T17:25:17","guid":{"rendered":"https:\/\/www.ferberpainting.com\/?post_type=product&#038;p=25655"},"modified":"2026-02-18T09:10:32","modified_gmt":"2026-02-18T08:10:32","slug":"whiteboard-cleaner","status":"publish","type":"product","link":"https:\/\/www.ferberpainting.com\/si\/products\/whiteboard-cleaner\/","title":{"rendered":"\u010cistilo za tablo"},"content":{"rendered":"<p><strong><img decoding=\"async\" style=\"margin-right: 12px;\" src=\"https:\/\/www.ferberpainting.com\/wp-content\/uploads\/2026\/02\/Check.svg\" alt=\"\" width=\"18\" height=\"15\" \/>Optimalna u\u010dinkovitost.<\/strong>\u00a0To \u010distilo za bele table je posebej zasnovano za u\u010dinkovito odstranjevanje ostankov \u010drnila z markerjev za suho brisanje, trdovratnih made\u017eev, prahu iz krede in umazanije, ki matira povr\u0161ino za pisanje. Zaradi napredne formule brez te\u017eav raztopi vgrajene pigmente in tabli povrne prvotno belino. Prepre\u010duje nastanek sledi, ki jih povzro\u010da zasu\u0161eno \u010drnilo, in zagotavlja globinsko \u010di\u0161\u010denje, hkrati pa podalj\u0161uje \u017eivljenjsko dobo pisalne povr\u0161ine.<\/p>\n<p><strong><img decoding=\"async\" style=\"margin-right: 12px;\" src=\"https:\/\/www.ferberpainting.com\/wp-content\/uploads\/2026\/02\/Check.svg\" alt=\"\" width=\"18\" height=\"15\" \/>Jamstvo vra\u010dila denarja.<\/strong>\u00a0Popolnoma verjamemo v u\u010dinkovitost na\u0161ega \u010distila. \u010ce po uporabi niste popolnoma zadovoljni z rezultati, ste upravi\u010deni do popolnega vra\u010dila denarja. Preizkusite na\u0161 izdelek brez tveganja in povrnite beli tabli brezhiben videz tudi po dalj\u0161i uporabi.<\/p>\n<p><strong><img decoding=\"async\" style=\"margin-right: 12px;\" src=\"https:\/\/www.ferberpainting.com\/wp-content\/uploads\/2026\/02\/Check.svg\" alt=\"\" width=\"18\" height=\"15\" \/>Izjemna vsestranskost.<\/strong>\u00a0To \u010distilo ni omejeno le na bele table! U\u010dinkovito je tudi na steklenih povr\u0161inah, tablah, interaktivnih zaslonih, akrilnih plo\u0161\u010dah in celo plasti\u010dnih plo\u0161\u010dah. Deluje na vseh vrstah suhih pisalnih tabel, vklju\u010dno z magnetnimi in nemagnetnimi modeli. Idealen je za uporabo v pisarnah, u\u010dilnicah, delovnih prostorih ali doma. Njegova ne\u017ena formula je prijazna do ob\u010dutljivih povr\u0161in, hkrati pa u\u010dinkovito odstranjuje ne\u010disto\u010de.<\/p>\n<p><strong><img decoding=\"async\" style=\"margin-right: 12px;\" src=\"https:\/\/www.ferberpainting.com\/wp-content\/uploads\/2026\/02\/Check.svg\" alt=\"\" width=\"18\" height=\"15\" \/>Stro\u0161kovno u\u010dinkovita zmogljivost.<\/strong>\u00a0Zaradi svoje oblike in u\u010dinkovite koncentracije je ta \u010distilec zelo ugoden. Majhna koli\u010dina zadostuje za enostavno \u010di\u0161\u010denje velike povr\u0161ine. V povpre\u010dju lahko en liter izdelka o\u010disti do 100 m\u00b2 pisalne povr\u0161ine, kar zagotavlja ekonomi\u010dno in u\u010dinkovito re\u0161itev za vsakodnevno ali intenzivno uporabo.<\/p>\n<p><strong><img decoding=\"async\" style=\"margin-right: 12px;\" src=\"https:\/\/www.ferberpainting.com\/wp-content\/uploads\/2026\/02\/Check.svg\" alt=\"\" width=\"18\" height=\"15\" \/>Varna uporaba.<\/strong>\u00a0Za razliko od \u010distil, ki vsebujejo alkohol ali agresivna topila, ki lahko po\u0161kodujejo bele table in spro\u0161\u010dajo dra\u017ee\u010de hlape, je ta izdelek zasnovan brez \u0161kodljivih snovi. Ne oddaja hlapov in je varen za uporabo v zaprtih prostorih. \u0160teje ob\u010dutljivim materialom in ne razbarva ali po\u0161koduje premaza table, kar zagotavlja optimalno vzdr\u017eevanje ob popolni varnosti.<\/p>\n<p><strong><img decoding=\"async\" style=\"margin-right: 12px;\" src=\"https:\/\/www.ferberpainting.com\/wp-content\/uploads\/2026\/02\/Check.svg\" alt=\"\" width=\"18\" height=\"15\" \/>Enostavnost uporabe.<\/strong>\u00a0Ta izdelek je pripravljen za uporabo in ga ni treba razred\u010diti ali predhodno pripraviti. S krpo iz mikrovlaken ali mehko gobo ga nanesite neposredno na povr\u0161ino. Njegovo hitro delovanje odstrani sledi, ne da bi bilo potrebno intenzivno drgnjenje. Ne pu\u0161\u010da lepljivih ostankov in ga po nanosu ni treba sprati, zato je \u0161e posebej prakti\u010den za vsakodnevno \u010di\u0161\u010denje.<\/p>\n<p><strong><img decoding=\"async\" style=\"margin-right: 12px;\" src=\"https:\/\/www.ferberpainting.com\/wp-content\/uploads\/2026\/02\/Check.svg\" alt=\"\" width=\"18\" height=\"15\" \/>Podalj\u0161ana vzdr\u017eljivost.<\/strong>\u00a0Z rednim odstranjevanjem ostankov \u010drnila in ne\u010disto\u010d to \u010distilo pomaga dolgoro\u010dno ohranjati kakovost in jasnost bele table. Prepre\u010duje nabiranje pigmenta in zmanj\u0161uje tveganje za prezgodnjo obrabo pisalne povr\u0161ine. Redna uporaba tega izdelka pomaga ohraniti popolnoma gladko in odzivno povr\u0161ino, podalj\u0161a \u017eivljenjsko dobo table in prepre\u010duje pogoste zamenjave.<\/p>\n<p><strong><img decoding=\"async\" style=\"margin-right: 12px;\" src=\"https:\/\/www.ferberpainting.com\/wp-content\/uploads\/2026\/02\/Check.svg\" alt=\"\" width=\"18\" height=\"15\" \/>Hitro ukrepanje.<\/strong>\u00a0Zaradi svoje zelo aktivne formule to \u010distilo takoj deluje na made\u017ee in trdovratne sledi \u010drnila. V samo nekaj sekundah raztopi pigmente in olaj\u0161a njihovo odstranitev, ne da bi za to potreboval veliko truda. Zagotavlja hitro in u\u010dinkovito \u010di\u0161\u010denje, idealno za redno uporabo v \u0161olah, pisarnah ali doma\u010dem okolju - zagotavlja vedno \u010disto in popolnoma funkcionalno belo tablo.<\/p>\n<h2><strong>Protokol uporabe<\/strong><\/h2>\n<ul>\n<li><strong>Priprava <\/strong>: Pred nanosom izdelka se prepri\u010dajte, da je tabla suha. Za la\u017eje \u010di\u0161\u010denje s suho krpo ali mehko krta\u010do odstranite prah ali ostanke markerja.<\/li>\n<li><strong>Ro\u010dna uporaba <\/strong>: Na \u010disto krpo iz mikrovlaken ali neabrazivno gobo nalijte majhno koli\u010dino \u010distila in jo s kro\u017enimi gibi enakomerno nanesite na povr\u0161ino, da izdelek prodre in odstrani ostanke \u010drnila.<\/li>\n<li><strong>Uporaba velike povr\u0161ine <\/strong>: Za \u010di\u0161\u010denje velikih tabel ali brisljivih povr\u0161in uporabite razpr\u0161ilnik, da izdelek enakomerno porazdelite. Pred brisanjem s suho krpo pustite delovati nekaj sekund, da \u010distilo raztopi pigmente.<\/li>\n<li><strong>Zdravljenje trdovratnih made\u017eev <\/strong>: Za stare ali vtisnjene made\u017ee \u010drnila izdelek nanesite neposredno na prizadeto obmo\u010dje in pustite delovati 1 do 2 minuti, nato pa ga ne\u017eno zdrgnite z mehko krpo ali gobo. Po potrebi ponovite za popolno \u010di\u0161\u010denje.<\/li>\n<li><strong>Izpiranje in brisanje <\/strong>: Z rahlo vla\u017eno krpo obri\u0161ite povr\u0161ino, da odstranite ostanke izdelka in zagotovite brezhiben zaklju\u010dek brez prog ali filma.<\/li>\n<li><strong>Poliranje in za\u0161\u010dita <\/strong>: Za \u0161e bolj sijo\u010d rezultat plo\u0161\u010do na koncu \u0161e enkrat obri\u0161ite s suho krpo iz mikrovlaken, da jo spolirate in po\u017eivite njeno svetlost. Redno \u010di\u0161\u010denje prepre\u010duje nastanek sledi duhov in izbolj\u0161uje jasnost pisanja v prihodnosti.<\/li>\n<li><strong>Pogostost uporabe <\/strong>: Za redno vzdr\u017eevanje in prepre\u010devanje kopi\u010denja ostankov uporabljajte enkrat tedensko. Pri zelo uporabljenih tablah je priporo\u010dljivo \u010di\u0161\u010denje po vsakem pisanju, da zagotovite \u010disto in berljivo povr\u0161ino.<\/li>\n<li><strong>Shranjevanje <\/strong>: Po vsaki uporabi tesno zaprite posodo in jo shranite v hladnem in suhem prostoru, stran od svetlobe in ekstremnih temperatur, da ohranite dolgoro\u010dno u\u010dinkovitost izdelka.<\/li>\n<\/ul>\n<p>Z na\u0161im \u010distilom za bele table lahko u\u017eivate v u\u010dinkovitem \u010di\u0161\u010denju brez napora, hkrati pa ohranjate svetlost in berljivost pisalne povr\u0161ine. Idealna re\u0161itev za tablo, ki je vedno brezhibna in funkcionalna, brez made\u017eev in sledi.<\/p>","protected":false},"excerpt":{"rendered":"<p>Optimal Efficiency.\u00a0This whiteboard cleaner is specially designed to effectively remove ink residues from dry-erase markers, stubborn stains, chalk dust, and dirt buildup that dulls the writing surface. Thanks to its advanced formula, it dissolves embedded pigments effortlessly and restores the board\u2019s original whiteness. It prevents the appearance of ghost marks caused by dried ink and [&hellip;]<\/p>\n","protected":false},"featured_media":36607,"comment_status":"open","ping_status":"closed","template":"","meta":{"_uag_custom_page_level_css":"","site-sidebar-layout":"default","site-content-layout":"","ast-site-content-layout":"default","site-content-style":"default","site-sidebar-style":"default","ast-global-header-display":"","ast-banner-title-visibility":"","ast-main-header-display":"","ast-hfb-above-header-display":"","ast-hfb-below-header-display":"","ast-hfb-mobile-header-display":"","site-post-title":"","ast-breadcrumbs-content":"","ast-featured-img":"","footer-sml-layout":"","ast-disable-related-posts":"","theme-transparent-header-meta":"default","adv-header-id-meta":"","stick-header-meta":"","header-above-stick-meta":"","header-main-stick-meta":"","header-below-stick-meta":"","astra-migrate-meta-layouts":"set","ast-page-background-enabled":"default","ast-page-background-meta":{"desktop":{"background-color":"var(--ast-global-color-4)","background-image":"","background-repeat":"repeat","background-position":"center center","background-size":"auto","background-attachment":"scroll","background-type":"","background-media":"","overlay-type":"","overlay-color":"","overlay-opacity":"","overlay-gradient":""},"tablet":{"background-color":"","background-image":"","background-repeat":"repeat","background-position":"center center","background-size":"auto","background-attachment":"scroll","background-type":"","background-media":"","overlay-type":"","overlay-color":"","overlay-opacity":"","overlay-gradient":""},"mobile":{"background-color":"","background-image":"","background-repeat":"repeat","background-position":"center center","background-size":"auto","background-attachment":"scroll","background-type":"","background-media":"","overlay-type":"","overlay-color":"","overlay-opacity":"","overlay-gradient":""}},"ast-content-background-meta":{"desktop":{"background-color":"var(--ast-global-color-5)","background-image":"","background-repeat":"repeat","background-position":"center center","background-size":"auto","background-attachment":"scroll","background-type":"","background-media":"","overlay-type":"","overlay-color":"","overlay-opacity":"","overlay-gradient":""},"tablet":{"background-color":"var(--ast-global-color-5)","background-image":"","background-repeat":"repeat","background-position":"center center","background-size":"auto","background-attachment":"scroll","background-type":"","background-media":"","overlay-type":"","overlay-color":"","overlay-opacity":"","overlay-gradient":""},"mobile":{"background-color":"var(--ast-global-color-5)","background-image":"","background-repeat":"repeat","background-position":"center center","background-size":"auto","background-attachment":"scroll","background-type":"","background-media":"","overlay-type":"","overlay-color":"","overlay-opacity":"","overlay-gradient":""}}},"product_brand":[],"product_cat":[175],"product_tag":[],"class_list":{"0":"post-25655","1":"product","2":"type-product","3":"status-publish","4":"has-post-thumbnail","6":"product_cat-cleaning-products","7":"desktop-align-left","8":"tablet-align-left","9":"mobile-align-left","11":"first","12":"instock","13":"shipping-taxable","14":"purchasable","15":"product-type-simple"},"spectra_custom_meta":{"_visibility":["visible"],"_shopify_product_id":["9106242404597"],"_s2w_shopify_domain":["ferberpainting.myshopify.com"],"_shopify_variant_id":["46625790230773"],"_sku":["FPWHITEBOARDCLEANER1L"],"_regular_price":["29.90"],"_price":["29.90"],"_sale_price":[""],"_weight":["1.3"],"_global_unique_id":["5056773819702"],"total_sales":["3"],"_tax_status":["taxable"],"_tax_class":[""],"_manage_stock":["no"],"_backorders":["no"],"_sold_individually":["no"],"_virtual":["no"],"_downloadable":["no"],"_download_limit":["-1"],"_download_expiry":["-1"],"_stock":[null],"_stock_status":["instock"],"_wc_average_rating":["5.00"],"_wc_review_count":["10"],"_product_version":["10.5.2"],"_edit_lock":["1771402096:1"],"merchant-center-availability":["yes"],"merchant-center-category":["4973"],"_edit_last":["1"],"_thumbnail_id":["36607"],"_wp_page_template":["default"],"_wp_old_date":["2025-05-26"],"site-sidebar-layout":["default"],"ast-site-content-layout":["default"],"site-content-style":["default"],"site-sidebar-style":["default"],"theme-transparent-header-meta":["default"],"_wc_rating_count":["a:1:{i:5;i:10;}"],"astra-migrate-meta-layouts":["set"],"_uag_css_file_name":["uag-css-25655.css"],"_elementor_page_assets":["a:0:{}"],"_uag_page_assets":["a:9:{s:3:\"css\";s:7133:\".uag-blocks-common-selector{z-index:var(--z-index-desktop) !important}@media(max-width: 976px){.uag-blocks-common-selector{z-index:var(--z-index-tablet) !important}}@media(max-width: 767px){.uag-blocks-common-selector{z-index:var(--z-index-mobile) !important}}.wp-block-uagb-image{display:flex}.wp-block-uagb-image__figure{position:relative;display:flex;flex-direction:column;max-width:100%;height:auto;margin:0}.wp-block-uagb-image__figure img{height:auto;display:flex;max-width:100%;transition:box-shadow .2s ease}.wp-block-uagb-image__figure>a{display:inline-block}.wp-block-uagb-image__figure figcaption{text-align:center;margin-top:.5em;margin-bottom:1em}.wp-block-uagb-image .components-placeholder.block-editor-media-placeholder .components-placeholder__instructions{align-self:center}.wp-block-uagb-image--align-left{text-align:left}.wp-block-uagb-image--align-right{text-align:right}.wp-block-uagb-image--align-center{text-align:center}.wp-block-uagb-image--align-full .wp-block-uagb-image__figure{margin-left:calc(50% - 50vw);margin-right:calc(50% - 50vw);max-width:100vw;width:100vw;height:auto}.wp-block-uagb-image--align-full .wp-block-uagb-image__figure img{height:auto;width:100% !important}.wp-block-uagb-image--align-wide .wp-block-uagb-image__figure img{height:auto;width:100%}.wp-block-uagb-image--layout-overlay__color-wrapper{position:absolute;left:0;top:0;right:0;bottom:0;opacity:.2;background:rgba(0,0,0,.5);transition:opacity .35s ease-in-out}.wp-block-uagb-image--layout-overlay-link{position:absolute;left:0;right:0;bottom:0;top:0}.wp-block-uagb-image--layout-overlay .wp-block-uagb-image__figure:hover .wp-block-uagb-image--layout-overlay__color-wrapper{opacity:1}.wp-block-uagb-image--layout-overlay__inner{position:absolute;left:15px;right:15px;bottom:15px;top:15px;display:flex;align-items:center;justify-content:center;flex-direction:column;border-color:#fff;transition:.35s ease-in-out}.wp-block-uagb-image--layout-overlay__inner.top-left,.wp-block-uagb-image--layout-overlay__inner.top-center,.wp-block-uagb-image--layout-overlay__inner.top-right{justify-content:flex-start}.wp-block-uagb-image--layout-overlay__inner.bottom-left,.wp-block-uagb-image--layout-overlay__inner.bottom-center,.wp-block-uagb-image--layout-overlay__inner.bottom-right{justify-content:flex-end}.wp-block-uagb-image--layout-overlay__inner.top-left,.wp-block-uagb-image--layout-overlay__inner.center-left,.wp-block-uagb-image--layout-overlay__inner.bottom-left{align-items:flex-start}.wp-block-uagb-image--layout-overlay__inner.top-right,.wp-block-uagb-image--layout-overlay__inner.center-right,.wp-block-uagb-image--layout-overlay__inner.bottom-right{align-items:flex-end}.wp-block-uagb-image--layout-overlay__inner .uagb-image-heading{color:#fff;transition:transform .35s,opacity .35s ease-in-out;transform:translate3d(0, 24px, 0);margin:0;line-height:1em}.wp-block-uagb-image--layout-overlay__inner .uagb-image-separator{width:30%;border-top-width:2px;border-top-color:#fff;border-top-style:solid;margin-bottom:10px;opacity:0;transition:transform .4s,opacity .4s ease-in-out;transform:translate3d(0, 30px, 0)}.wp-block-uagb-image--layout-overlay__inner .uagb-image-caption{opacity:0;overflow:visible;color:#fff;transition:transform .45s,opacity .45s ease-in-out;transform:translate3d(0, 35px, 0)}.wp-block-uagb-image--layout-overlay__inner:hover .uagb-image-heading,.wp-block-uagb-image--layout-overlay__inner:hover .uagb-image-separator,.wp-block-uagb-image--layout-overlay__inner:hover .uagb-image-caption{opacity:1;transform:translate3d(0, 0, 0)}.wp-block-uagb-image--effect-zoomin .wp-block-uagb-image__figure img,.wp-block-uagb-image--effect-zoomin .wp-block-uagb-image__figure .wp-block-uagb-image--layout-overlay__color-wrapper{transform:scale(1);transition:transform .35s ease-in-out}.wp-block-uagb-image--effect-zoomin .wp-block-uagb-image__figure:hover img,.wp-block-uagb-image--effect-zoomin .wp-block-uagb-image__figure:hover .wp-block-uagb-image--layout-overlay__color-wrapper{transform:scale(1.05)}.wp-block-uagb-image--effect-slide .wp-block-uagb-image__figure img,.wp-block-uagb-image--effect-slide .wp-block-uagb-image__figure .wp-block-uagb-image--layout-overlay__color-wrapper{width:calc(100% + 40px) !important;max-width:none !important;transform:translate3d(-40px, 0, 0);transition:transform .35s ease-in-out}.wp-block-uagb-image--effect-slide .wp-block-uagb-image__figure:hover img,.wp-block-uagb-image--effect-slide .wp-block-uagb-image__figure:hover .wp-block-uagb-image--layout-overlay__color-wrapper{transform:translate3d(0, 0, 0)}.wp-block-uagb-image--effect-grayscale img{filter:grayscale(0%);transition:.35s ease-in-out}.wp-block-uagb-image--effect-grayscale:hover img{filter:grayscale(100%)}.wp-block-uagb-image--effect-blur img{filter:blur(0);transition:.35s ease-in-out}.wp-block-uagb-image--effect-blur:hover img{filter:blur(3px)}.uagb-block-e6f939b3.wp-block-uagb-image--layout-default figure img{box-shadow: 0px 0px 0 #00000070;}.uagb-block-e6f939b3.wp-block-uagb-image .wp-block-uagb-image__figure figcaption{font-style: normal;align-self: center;}.uagb-block-e6f939b3.wp-block-uagb-image--layout-overlay figure img{box-shadow: 0px 0px 0 #00000070;}.uagb-block-e6f939b3.wp-block-uagb-image--layout-overlay .wp-block-uagb-image--layout-overlay__color-wrapper{opacity: 0.2;}.uagb-block-e6f939b3.wp-block-uagb-image--layout-overlay .wp-block-uagb-image--layout-overlay__inner{left: 15px;right: 15px;top: 15px;bottom: 15px;}.uagb-block-e6f939b3.wp-block-uagb-image--layout-overlay .wp-block-uagb-image--layout-overlay__inner .uagb-image-heading{font-style: normal;color: #fff;opacity: 1;}.uagb-block-e6f939b3.wp-block-uagb-image--layout-overlay .wp-block-uagb-image--layout-overlay__inner .uagb-image-heading a{color: #fff;}.uagb-block-e6f939b3.wp-block-uagb-image--layout-overlay .wp-block-uagb-image--layout-overlay__inner .uagb-image-caption{opacity: 0;}.uagb-block-e6f939b3.wp-block-uagb-image--layout-overlay .wp-block-uagb-image__figure:hover .wp-block-uagb-image--layout-overlay__color-wrapper{opacity: 1;}.uagb-block-e6f939b3.wp-block-uagb-image .wp-block-uagb-image--layout-overlay__inner .uagb-image-separator{width: 30%;border-top-width: 2px;border-top-color: #fff;opacity: 0;}.uagb-block-e6f939b3.wp-block-uagb-image .wp-block-uagb-image__figure img{width: px;height: auto;}.uagb-block-e6f939b3.wp-block-uagb-image .wp-block-uagb-image__figure:hover .wp-block-uagb-image--layout-overlay__inner .uagb-image-caption{opacity: 1;}.uagb-block-e6f939b3.wp-block-uagb-image .wp-block-uagb-image__figure:hover .wp-block-uagb-image--layout-overlay__inner .uagb-image-separator{opacity: 1;}.uagb-block-e6f939b3.wp-block-uagb-image--layout-default figure:hover img{box-shadow: 0px 0px 0 #00000070;}.uagb-block-e6f939b3.wp-block-uagb-image--layout-overlay figure:hover img{box-shadow: 0px 0px 0 #00000070;}@media only screen and (max-width: 976px) {.uagb-block-e6f939b3.wp-block-uagb-image .wp-block-uagb-image__figure img{width: px;height: auto;}}@media only screen and (max-width: 767px) {.uagb-block-e6f939b3.wp-block-uagb-image .wp-block-uagb-image__figure img{width: px;height: auto;}}\";s:2:\"js\";s:0:\"\";s:18:\"current_block_list\";a:13:{i:0;s:11:\"core\/search\";i:1;s:10:\"core\/group\";i:2;s:12:\"core\/heading\";i:3;s:17:\"core\/latest-posts\";i:4;s:20:\"core\/latest-comments\";i:5;s:13:\"core\/archives\";i:6;s:15:\"core\/categories\";i:7;s:14:\"core\/paragraph\";i:8;s:10:\"uagb\/image\";i:9;s:11:\"core\/spacer\";i:10;s:30:\"woocommerce\/product-categories\";i:11;s:10:\"core\/image\";i:12;s:14:\"core\/shortcode\";}s:8:\"uag_flag\";b:1;s:11:\"uag_version\";s:10:\"1776780538\";s:6:\"gfonts\";a:0:{}s:10:\"gfonts_url\";s:0:\"\";s:12:\"gfonts_files\";a:0:{}s:14:\"uag_faq_layout\";b:0;}"]},"uagb_featured_image_src":{"full":["https:\/\/www.ferberpainting.com\/wp-content\/uploads\/2025\/05\/Whiteboard-Cleaner-1L.-png.png",2560,2560,false],"thumbnail":["https:\/\/www.ferberpainting.com\/wp-content\/uploads\/2025\/05\/Whiteboard-Cleaner-1L.-png-150x150.png",150,150,true],"medium":["https:\/\/www.ferberpainting.com\/wp-content\/uploads\/2025\/05\/Whiteboard-Cleaner-1L.-png-300x300.png",300,300,true],"medium_large":["https:\/\/www.ferberpainting.com\/wp-content\/uploads\/2025\/05\/Whiteboard-Cleaner-1L.-png-768x768.png",768,768,true],"large":["https:\/\/www.ferberpainting.com\/wp-content\/uploads\/2025\/05\/Whiteboard-Cleaner-1L.-png-1024x1024.png",1024,1024,true],"1536x1536":["https:\/\/www.ferberpainting.com\/wp-content\/uploads\/2025\/05\/Whiteboard-Cleaner-1L.-png-1536x1536.png",1536,1536,true],"2048x2048":["https:\/\/www.ferberpainting.com\/wp-content\/uploads\/2025\/05\/Whiteboard-Cleaner-1L.-png-2048x2048.png",2048,2048,true],"trp-custom-language-flag":["https:\/\/www.ferberpainting.com\/wp-content\/uploads\/2025\/05\/Whiteboard-Cleaner-1L.-png-12x12.png",12,12,true],"woocommerce_thumbnail":["https:\/\/www.ferberpainting.com\/wp-content\/uploads\/2025\/05\/Whiteboard-Cleaner-1L.-png-300x300.png",300,300,true],"woocommerce_single":["https:\/\/www.ferberpainting.com\/wp-content\/uploads\/2025\/05\/Whiteboard-Cleaner-1L.-png-600x600.png",600,600,true],"woocommerce_gallery_thumbnail":["https:\/\/www.ferberpainting.com\/wp-content\/uploads\/2025\/05\/Whiteboard-Cleaner-1L.-png-100x100.png",100,100,true]},"uagb_author_info":{"display_name":"admin","author_link":"https:\/\/www.ferberpainting.com\/si\/author\/"},"uagb_comment_info":10,"uagb_excerpt":"Optimal Efficiency.\u00a0This whiteboard cleaner is specially designed to effectively remove ink residues from dry-erase markers, stubborn stains, chalk dust, and dirt buildup that dulls the writing surface. Thanks to its advanced formula, it dissolves embedded pigments effortlessly and restores the board\u2019s original whiteness. It prevents the appearance of ghost marks caused by dried ink and&hellip;","_links":{"self":[{"href":"https:\/\/www.ferberpainting.com\/si\/wp-json\/wp\/v2\/product\/25655","targetHints":{"allow":["GET"]}}],"collection":[{"href":"https:\/\/www.ferberpainting.com\/si\/wp-json\/wp\/v2\/product"}],"about":[{"href":"https:\/\/www.ferberpainting.com\/si\/wp-json\/wp\/v2\/types\/product"}],"replies":[{"embeddable":true,"href":"https:\/\/www.ferberpainting.com\/si\/wp-json\/wp\/v2\/comments?post=25655"}],"version-history":[{"count":5,"href":"https:\/\/www.ferberpainting.com\/si\/wp-json\/wp\/v2\/product\/25655\/revisions"}],"predecessor-version":[{"id":169104,"href":"https:\/\/www.ferberpainting.com\/si\/wp-json\/wp\/v2\/product\/25655\/revisions\/169104"}],"wp:featuredmedia":[{"embeddable":true,"href":"https:\/\/www.ferberpainting.com\/si\/wp-json\/wp\/v2\/media\/36607"}],"wp:attachment":[{"href":"https:\/\/www.ferberpainting.com\/si\/wp-json\/wp\/v2\/media?parent=25655"}],"wp:term":[{"taxonomy":"product_brand","embeddable":true,"href":"https:\/\/www.ferberpainting.com\/si\/wp-json\/wp\/v2\/product_brand?post=25655"},{"taxonomy":"product_cat","embeddable":true,"href":"https:\/\/www.ferberpainting.com\/si\/wp-json\/wp\/v2\/product_cat?post=25655"},{"taxonomy":"product_tag","embeddable":true,"href":"https:\/\/www.ferberpainting.com\/si\/wp-json\/wp\/v2\/product_tag?post=25655"}],"curies":[{"name":"wp","href":"https:\/\/api.w.org\/{rel}","templated":true}]}}