{"id":25639,"date":"2025-05-26T10:32:59","date_gmt":"2025-05-26T08:32:59","guid":{"rendered":"https:\/\/www.ferberpainting.com\/products\/water-lily-fertilizer\/"},"modified":"2026-02-17T20:57:37","modified_gmt":"2026-02-17T19:57:37","slug":"water-lily-fertilizer","status":"publish","type":"product","link":"https:\/\/www.ferberpainting.com\/si\/products\/water-lily-fertilizer\/","title":{"rendered":"Gnojilo za vodne lilije 25 kg"},"content":{"rendered":"<p><strong><img decoding=\"async\" style=\"margin-right: 12px;\" src=\"https:\/\/www.ferberpainting.com\/wp-content\/uploads\/2026\/02\/Check.svg\" alt=\"\" width=\"18\" height=\"15\" \/>Gnojilo, posebej zasnovano za bogato cvetenje in bujno listje.<\/strong>\u00a0Vodna lilija je simboli\u010dna vodna rastlina, cenjena zaradi svojih \u010dudovitih plavajo\u010dih cvetov in elegantnih listov. Za bogato cvetenje in optimalen razvoj ji je treba zagotoviti ustrezno prehrano. To gnojilo NPK 10-10-10 zagotavlja uravnote\u017eeno oskrbo s hranili, z du\u0161ikom (N), ki spodbuja rast listov, fosforjem (P), ki spodbuja razvoj korenin in cvetov, ter kalijem (K), ki krepi odpornost rastlin in izbolj\u0161uje njihovo vitalnost. S tem gnojilom bodo va\u0161e vodne lilije obrodile ve\u010d cvetov, imele bolj zelene liste in ostale bolj zdrave skozi vso sezono.<\/p>\n<p><strong><img decoding=\"async\" style=\"margin-right: 12px;\" src=\"https:\/\/www.ferberpainting.com\/wp-content\/uploads\/2026\/02\/Check.svg\" alt=\"\" width=\"18\" height=\"15\" \/>Jamstvo vra\u010dila denarja.<\/strong>\u00a0Popolnoma zaupamo v u\u010dinkovitost na\u0161ega gnojila za vodne lilije, zato nudimo garancijo za vra\u010dilo denarja. \u010ce po pravilni uporabi v skladu z na\u0161imi priporo\u010dili va\u0161a rastlina ne bo pokazala vidnega izbolj\u0161anja cvetenja, listja ali vitalnosti, vam bomo v celoti povrnili denar. Svoj ribnik lahko gnojite povsem mirno.<\/p>\n<p><strong><img decoding=\"async\" style=\"margin-right: 12px;\" src=\"https:\/\/www.ferberpainting.com\/wp-content\/uploads\/2026\/02\/Check.svg\" alt=\"\" width=\"18\" height=\"15\" \/>Primerno za vse vrste in tipe ribnikov.<\/strong>\u00a0To gnojilo je primerno za vse vrste vodnih lilij, tako za odporne, tropske kot miniaturne vodne lilije. U\u010dinkovito je v naravnih ribnikih, okrasnih ribnikih, jezerih ali celo velikih posodah, saj zagotavlja optimalno gnojenje v vseh vodnih okoljih. Zdru\u017eljiv je tudi z vsemi vrstami vodnih substratov, kot so ilovnata zemlja, vodna me\u0161anica za lon\u010dnice ali pesek, zato ga je enostavno uporabljati ne glede na medij sajenja.<\/p>\n<p><strong><img decoding=\"async\" style=\"margin-right: 12px;\" src=\"https:\/\/www.ferberpainting.com\/wp-content\/uploads\/2026\/02\/Check.svg\" alt=\"\" width=\"18\" height=\"15\" \/>Cenovno ugoden pridelek in dolgotrajno gnojenje.<\/strong>\u00a0Zaradi v vodi topne formulacije to gnojilo postopoma spro\u0161\u010da hranila, kar zagotavlja dolgotrajno gnojenje ve\u010d tednov. 25-kilogramska vre\u010da lahko nahrani ve\u010d vodnih lilij skozi vso sezono, kar zagotavlja odli\u010dno razmerje med kakovostjo in ceno. S priporo\u010denim odmerkom 100 g na rastlino zagotavlja dosledno oskrbo s hranili ter spodbuja redno in neprekinjeno cvetenje brez odpadkov.<\/p>\n<p><strong><img decoding=\"async\" style=\"margin-right: 12px;\" src=\"https:\/\/www.ferberpainting.com\/wp-content\/uploads\/2026\/02\/Check.svg\" alt=\"\" width=\"18\" height=\"15\" \/>Gnojilo za za\u0161\u010dito vodne favne in ekosistema ribnika. <\/strong>To gnojilo je posebej zasnovano za uporabo v vodnem okolju, zato ne onesna\u017euje vode in je varno za ribe, dvo\u017eivke in vodne \u017eu\u017eelke. Spodbuja rast rastlin, ne da bi pri tem posegalo v ekosistem ribnika, ter zagotavlja harmoni\u010dno in trajnostno vodno okolje. Njegova sestava prav tako pomaga ohranjati kakovost vode, saj prepre\u010duje pojave evtrofikacije, ki bi lahko privedli do pojava ne\u017eelenih alg.<\/p>\n<p><strong><img decoding=\"async\" style=\"margin-right: 12px;\" src=\"https:\/\/www.ferberpainting.com\/wp-content\/uploads\/2026\/02\/Check.svg\" alt=\"\" width=\"18\" height=\"15\" \/>Enostavna uporaba in lahkotno gnojenje.<\/strong>\u00a0V nasprotju s teko\u010dimi gnojili, ki jih je treba raztopiti in pogosto uporabljati, je to gnojilo v trdni obliki in se vnese neposredno v substrat za sajenje, kar zagotavlja postopno in homogeno spro\u0161\u010danje hranil. Njegova uporaba je preprosta in dostopna tako za\u010detnikom kot izku\u0161enim vodnim vrtnarjem. Preprosto ga polo\u017eite v bli\u017eino korenin svojih vodnih lilij, da boste dosegli u\u010dinkovite rezultate v ve\u010d tednih.<\/p>\n<p><strong><img decoding=\"async\" style=\"margin-right: 12px;\" src=\"https:\/\/www.ferberpainting.com\/wp-content\/uploads\/2026\/02\/Check.svg\" alt=\"\" width=\"18\" height=\"15\" \/>Dolgotrajno delovanje za neprekinjeno cvetenje in bolj\u0161o odpornost rastlin.<\/strong>\u00a0Zaradi formule s postopnim spro\u0161\u010danjem to gnojilo zagotavlja stalno oskrbo s hranili, kar omogo\u010da, da vodne lilije neprekinjeno in bogato cvetijo vso poletno sezono. Krepi odpornost rastlin proti \u0161kodljivcem in boleznim ter zagotavlja mo\u010dnej\u0161e listje in \u017eivahno rast.<\/p>\n<p><strong><img decoding=\"async\" style=\"margin-right: 12px;\" src=\"https:\/\/www.ferberpainting.com\/wp-content\/uploads\/2026\/02\/Check.svg\" alt=\"\" width=\"18\" height=\"15\" \/>Vidni rezultati v prvih nekaj tednih.<\/strong>\u00a0\u017de ob prvem nanosu boste opazili znatno izbolj\u0161anje razvoja listov in cvetov. Vodne lilije rastejo hitreje, dajejo obilnej\u0161e listje in \u017eivahne cvetove razli\u010dnih barv, kar va\u0161emu ribniku zagotavlja izjemno lepoto.<\/p>\n<h2><strong>Navodila za uporabo<\/strong><\/h2>\n<p><strong>Priporo\u010deni odmerek <\/strong>: Uporabite 100 g gnojila na rastlino, odvisno od velikosti in starosti vodne lilije. Pri mladih rastlinah zmanj\u0161ajte odmerek na 50 g, da prepre\u010dite preveliko absorpcijo hranil.<\/p>\n<p><strong>Na\u010din uporabe :<\/strong><\/p>\n<ul>\n<li><strong>Vklju\u010ditev v substrat <\/strong>: Gnojilo v obliki zrnc polo\u017eite neposredno na dno posode za sajenje in ga rahlo zakopljite v zemljo, da se ne razpr\u0161i v vodo.<\/li>\n<li><strong>Med presajanjem <\/strong>: Pri sajenju koreninic gnojilo zme\u0161ajte z vodno zemljo, da zagotovite takoj\u0161njo in dolgotrajno oskrbo s hranili.<\/li>\n<li><strong>Podalj\u0161anje vloge <\/strong>: V rastni sezoni dodajte nov odmerek vsakih 6 do 8 tednov, da ohranite neprekinjeno cvetenje.<\/li>\n<\/ul>\n<p><strong>Pogostost uporabe <\/strong>:<\/p>\n<ul>\n<li><strong>V obdobju rasti in cvetenja (pomlad-poletje) <\/strong>: Gnojilo uporabite vsakih 6 tednov, da spodbudite hitro rast in bogato cvetenje.<\/li>\n<li><strong>Med obdobjem vegetativnega po\u010ditka (jesen-zima) <\/strong>: Prenehajte z gnojenjem in omogo\u010dite, da rastlina preide v naravno mirovanje.<\/li>\n<\/ul>\n<p><strong>Previdnostni ukrepi za uporabo <\/strong>: Ne pretiravajte z gnojilom, da ne bi pri\u0161lo do prevelikega kopi\u010denja hranil v vodi, kar bi lahko poru\u0161ilo ravnovesje ekosistema ribnika. Gnojilo uporabljajte le v neposrednem stiku s substratom in ne na vodni povr\u0161ini.<\/p>\n<p><strong>Shranjevanje in konzerviranje <\/strong>: Gnojilo shranjujte v suhem prostoru, stran od vlage in ekstremnih temperatur. Po vsaki uporabi vre\u010dko ponovno skrbno zaprite, da ohranite njeno u\u010dinkovitost in prepre\u010dite nenamerno razpr\u0161itev.<\/p>\n<p>S tem gnojilom za vodne lilije ponudite svojim vodnim rastlinam popolno prehrano, ki je popolnoma prilagojena njihovim posebnim potrebam. Zagotavlja spektakularno cvetenje, \u017eivahno listje in bolj\u0161o odpornost na okoljske razmere. Je idealna re\u0161itev, ki bo va\u0161 ribnik krasila z bujnimi in zdravimi vodnimi lilijami skozi vso sezono.<\/p>","protected":false},"excerpt":{"rendered":"<p>A fertilizer specially designed for abundant flowering and lush foliage.\u00a0The water lily is a symbolic aquatic plant, prized for its magnificent floating flowers and elegant foliage. To ensure abundant flowering and optimal development, it is essential to provide it with suitable nutrition. This NPK 10-10-10 fertilizer offers a balanced supply of nutrients, with nitrogen (N) [&hellip;]<\/p>\n","protected":false},"featured_media":27445,"comment_status":"open","ping_status":"closed","template":"","meta":{"_uag_custom_page_level_css":"","site-sidebar-layout":"default","site-content-layout":"","ast-site-content-layout":"default","site-content-style":"default","site-sidebar-style":"default","ast-global-header-display":"","ast-banner-title-visibility":"","ast-main-header-display":"","ast-hfb-above-header-display":"","ast-hfb-below-header-display":"","ast-hfb-mobile-header-display":"","site-post-title":"","ast-breadcrumbs-content":"","ast-featured-img":"","footer-sml-layout":"","ast-disable-related-posts":"","theme-transparent-header-meta":"default","adv-header-id-meta":"","stick-header-meta":"","header-above-stick-meta":"","header-main-stick-meta":"","header-below-stick-meta":"","astra-migrate-meta-layouts":"set","ast-page-background-enabled":"default","ast-page-background-meta":{"desktop":{"background-color":"var(--ast-global-color-4)","background-image":"","background-repeat":"repeat","background-position":"center center","background-size":"auto","background-attachment":"scroll","background-type":"","background-media":"","overlay-type":"","overlay-color":"","overlay-opacity":"","overlay-gradient":""},"tablet":{"background-color":"","background-image":"","background-repeat":"repeat","background-position":"center center","background-size":"auto","background-attachment":"scroll","background-type":"","background-media":"","overlay-type":"","overlay-color":"","overlay-opacity":"","overlay-gradient":""},"mobile":{"background-color":"","background-image":"","background-repeat":"repeat","background-position":"center center","background-size":"auto","background-attachment":"scroll","background-type":"","background-media":"","overlay-type":"","overlay-color":"","overlay-opacity":"","overlay-gradient":""}},"ast-content-background-meta":{"desktop":{"background-color":"var(--ast-global-color-5)","background-image":"","background-repeat":"repeat","background-position":"center center","background-size":"auto","background-attachment":"scroll","background-type":"","background-media":"","overlay-type":"","overlay-color":"","overlay-opacity":"","overlay-gradient":""},"tablet":{"background-color":"var(--ast-global-color-5)","background-image":"","background-repeat":"repeat","background-position":"center center","background-size":"auto","background-attachment":"scroll","background-type":"","background-media":"","overlay-type":"","overlay-color":"","overlay-opacity":"","overlay-gradient":""},"mobile":{"background-color":"var(--ast-global-color-5)","background-image":"","background-repeat":"repeat","background-position":"center center","background-size":"auto","background-attachment":"scroll","background-type":"","background-media":"","overlay-type":"","overlay-color":"","overlay-opacity":"","overlay-gradient":""}}},"product_brand":[],"product_cat":[178],"product_tag":[],"class_list":{"0":"post-25639","1":"product","2":"type-product","3":"status-publish","4":"has-post-thumbnail","6":"product_cat-fertilizers","7":"desktop-align-left","8":"tablet-align-left","9":"mobile-align-left","11":"first","12":"instock","13":"taxable","14":"shipping-taxable","15":"purchasable","16":"product-type-simple"},"spectra_custom_meta":{"_visibility":["visible"],"_shopify_product_id":["9067983438069"],"_s2w_shopify_domain":["ferberpainting.myshopify.com"],"_shopify_variant_id":["46509725942005"],"_sku":["FPWATERLILYFERTILIZER25KG"],"_regular_price":["39.90"],"_price":["39.90"],"_sale_price":[""],"_weight":["18.5"],"_thumbnail_id":["27445"],"_global_unique_id":["5056773817555"],"total_sales":["7"],"_tax_status":["taxable"],"_tax_class":[""],"_manage_stock":["no"],"_backorders":["no"],"_sold_individually":["no"],"_virtual":["no"],"_downloadable":["no"],"_download_limit":["-1"],"_download_expiry":["-1"],"_stock":[null],"_stock_status":["instock"],"_wc_average_rating":["5.00"],"_wc_review_count":["33"],"_product_version":["10.5.2"],"_edit_lock":["1771358121:1"],"_wc_rating_count":["a:1:{i:5;i:33;}"],"merchant-center-category":["113"],"merchant-center-availability":["yes"],"_edit_last":["1"],"_wp_page_template":["default"],"site-sidebar-layout":["default"],"ast-site-content-layout":["default"],"site-content-style":["default"],"site-sidebar-style":["default"],"theme-transparent-header-meta":["default"],"astra-migrate-meta-layouts":["set"],"_uag_css_file_name":["uag-css-25639.css"],"_elementor_page_assets":["a:0:{}"],"_uag_page_assets":["a:9:{s:3:\"css\";s:7133:\".uag-blocks-common-selector{z-index:var(--z-index-desktop) !important}@media(max-width: 976px){.uag-blocks-common-selector{z-index:var(--z-index-tablet) !important}}@media(max-width: 767px){.uag-blocks-common-selector{z-index:var(--z-index-mobile) !important}}.wp-block-uagb-image{display:flex}.wp-block-uagb-image__figure{position:relative;display:flex;flex-direction:column;max-width:100%;height:auto;margin:0}.wp-block-uagb-image__figure img{height:auto;display:flex;max-width:100%;transition:box-shadow .2s ease}.wp-block-uagb-image__figure>a{display:inline-block}.wp-block-uagb-image__figure figcaption{text-align:center;margin-top:.5em;margin-bottom:1em}.wp-block-uagb-image .components-placeholder.block-editor-media-placeholder .components-placeholder__instructions{align-self:center}.wp-block-uagb-image--align-left{text-align:left}.wp-block-uagb-image--align-right{text-align:right}.wp-block-uagb-image--align-center{text-align:center}.wp-block-uagb-image--align-full .wp-block-uagb-image__figure{margin-left:calc(50% - 50vw);margin-right:calc(50% - 50vw);max-width:100vw;width:100vw;height:auto}.wp-block-uagb-image--align-full .wp-block-uagb-image__figure img{height:auto;width:100% !important}.wp-block-uagb-image--align-wide .wp-block-uagb-image__figure img{height:auto;width:100%}.wp-block-uagb-image--layout-overlay__color-wrapper{position:absolute;left:0;top:0;right:0;bottom:0;opacity:.2;background:rgba(0,0,0,.5);transition:opacity .35s ease-in-out}.wp-block-uagb-image--layout-overlay-link{position:absolute;left:0;right:0;bottom:0;top:0}.wp-block-uagb-image--layout-overlay .wp-block-uagb-image__figure:hover .wp-block-uagb-image--layout-overlay__color-wrapper{opacity:1}.wp-block-uagb-image--layout-overlay__inner{position:absolute;left:15px;right:15px;bottom:15px;top:15px;display:flex;align-items:center;justify-content:center;flex-direction:column;border-color:#fff;transition:.35s ease-in-out}.wp-block-uagb-image--layout-overlay__inner.top-left,.wp-block-uagb-image--layout-overlay__inner.top-center,.wp-block-uagb-image--layout-overlay__inner.top-right{justify-content:flex-start}.wp-block-uagb-image--layout-overlay__inner.bottom-left,.wp-block-uagb-image--layout-overlay__inner.bottom-center,.wp-block-uagb-image--layout-overlay__inner.bottom-right{justify-content:flex-end}.wp-block-uagb-image--layout-overlay__inner.top-left,.wp-block-uagb-image--layout-overlay__inner.center-left,.wp-block-uagb-image--layout-overlay__inner.bottom-left{align-items:flex-start}.wp-block-uagb-image--layout-overlay__inner.top-right,.wp-block-uagb-image--layout-overlay__inner.center-right,.wp-block-uagb-image--layout-overlay__inner.bottom-right{align-items:flex-end}.wp-block-uagb-image--layout-overlay__inner .uagb-image-heading{color:#fff;transition:transform .35s,opacity .35s ease-in-out;transform:translate3d(0, 24px, 0);margin:0;line-height:1em}.wp-block-uagb-image--layout-overlay__inner .uagb-image-separator{width:30%;border-top-width:2px;border-top-color:#fff;border-top-style:solid;margin-bottom:10px;opacity:0;transition:transform .4s,opacity .4s ease-in-out;transform:translate3d(0, 30px, 0)}.wp-block-uagb-image--layout-overlay__inner .uagb-image-caption{opacity:0;overflow:visible;color:#fff;transition:transform .45s,opacity .45s ease-in-out;transform:translate3d(0, 35px, 0)}.wp-block-uagb-image--layout-overlay__inner:hover .uagb-image-heading,.wp-block-uagb-image--layout-overlay__inner:hover .uagb-image-separator,.wp-block-uagb-image--layout-overlay__inner:hover .uagb-image-caption{opacity:1;transform:translate3d(0, 0, 0)}.wp-block-uagb-image--effect-zoomin .wp-block-uagb-image__figure img,.wp-block-uagb-image--effect-zoomin .wp-block-uagb-image__figure .wp-block-uagb-image--layout-overlay__color-wrapper{transform:scale(1);transition:transform .35s ease-in-out}.wp-block-uagb-image--effect-zoomin .wp-block-uagb-image__figure:hover img,.wp-block-uagb-image--effect-zoomin .wp-block-uagb-image__figure:hover .wp-block-uagb-image--layout-overlay__color-wrapper{transform:scale(1.05)}.wp-block-uagb-image--effect-slide .wp-block-uagb-image__figure img,.wp-block-uagb-image--effect-slide .wp-block-uagb-image__figure .wp-block-uagb-image--layout-overlay__color-wrapper{width:calc(100% + 40px) !important;max-width:none !important;transform:translate3d(-40px, 0, 0);transition:transform .35s ease-in-out}.wp-block-uagb-image--effect-slide .wp-block-uagb-image__figure:hover img,.wp-block-uagb-image--effect-slide .wp-block-uagb-image__figure:hover .wp-block-uagb-image--layout-overlay__color-wrapper{transform:translate3d(0, 0, 0)}.wp-block-uagb-image--effect-grayscale img{filter:grayscale(0%);transition:.35s ease-in-out}.wp-block-uagb-image--effect-grayscale:hover img{filter:grayscale(100%)}.wp-block-uagb-image--effect-blur img{filter:blur(0);transition:.35s ease-in-out}.wp-block-uagb-image--effect-blur:hover img{filter:blur(3px)}.uagb-block-e6f939b3.wp-block-uagb-image--layout-default figure img{box-shadow: 0px 0px 0 #00000070;}.uagb-block-e6f939b3.wp-block-uagb-image .wp-block-uagb-image__figure figcaption{font-style: normal;align-self: center;}.uagb-block-e6f939b3.wp-block-uagb-image--layout-overlay figure img{box-shadow: 0px 0px 0 #00000070;}.uagb-block-e6f939b3.wp-block-uagb-image--layout-overlay .wp-block-uagb-image--layout-overlay__color-wrapper{opacity: 0.2;}.uagb-block-e6f939b3.wp-block-uagb-image--layout-overlay .wp-block-uagb-image--layout-overlay__inner{left: 15px;right: 15px;top: 15px;bottom: 15px;}.uagb-block-e6f939b3.wp-block-uagb-image--layout-overlay .wp-block-uagb-image--layout-overlay__inner .uagb-image-heading{font-style: normal;color: #fff;opacity: 1;}.uagb-block-e6f939b3.wp-block-uagb-image--layout-overlay .wp-block-uagb-image--layout-overlay__inner .uagb-image-heading a{color: #fff;}.uagb-block-e6f939b3.wp-block-uagb-image--layout-overlay .wp-block-uagb-image--layout-overlay__inner .uagb-image-caption{opacity: 0;}.uagb-block-e6f939b3.wp-block-uagb-image--layout-overlay .wp-block-uagb-image__figure:hover .wp-block-uagb-image--layout-overlay__color-wrapper{opacity: 1;}.uagb-block-e6f939b3.wp-block-uagb-image .wp-block-uagb-image--layout-overlay__inner .uagb-image-separator{width: 30%;border-top-width: 2px;border-top-color: #fff;opacity: 0;}.uagb-block-e6f939b3.wp-block-uagb-image .wp-block-uagb-image__figure img{width: px;height: auto;}.uagb-block-e6f939b3.wp-block-uagb-image .wp-block-uagb-image__figure:hover .wp-block-uagb-image--layout-overlay__inner .uagb-image-caption{opacity: 1;}.uagb-block-e6f939b3.wp-block-uagb-image .wp-block-uagb-image__figure:hover .wp-block-uagb-image--layout-overlay__inner .uagb-image-separator{opacity: 1;}.uagb-block-e6f939b3.wp-block-uagb-image--layout-default figure:hover img{box-shadow: 0px 0px 0 #00000070;}.uagb-block-e6f939b3.wp-block-uagb-image--layout-overlay figure:hover img{box-shadow: 0px 0px 0 #00000070;}@media only screen and (max-width: 976px) {.uagb-block-e6f939b3.wp-block-uagb-image .wp-block-uagb-image__figure img{width: px;height: auto;}}@media only screen and (max-width: 767px) {.uagb-block-e6f939b3.wp-block-uagb-image .wp-block-uagb-image__figure img{width: px;height: auto;}}\";s:2:\"js\";s:0:\"\";s:18:\"current_block_list\";a:13:{i:0;s:11:\"core\/search\";i:1;s:10:\"core\/group\";i:2;s:12:\"core\/heading\";i:3;s:17:\"core\/latest-posts\";i:4;s:20:\"core\/latest-comments\";i:5;s:13:\"core\/archives\";i:6;s:15:\"core\/categories\";i:7;s:14:\"core\/paragraph\";i:8;s:10:\"uagb\/image\";i:9;s:11:\"core\/spacer\";i:10;s:30:\"woocommerce\/product-categories\";i:11;s:10:\"core\/image\";i:12;s:14:\"core\/shortcode\";}s:8:\"uag_flag\";b:1;s:11:\"uag_version\";s:10:\"1777343988\";s:6:\"gfonts\";a:0:{}s:10:\"gfonts_url\";s:0:\"\";s:12:\"gfonts_files\";a:0:{}s:14:\"uag_faq_layout\";b:0;}"]},"uagb_featured_image_src":{"full":["https:\/\/www.ferberpainting.com\/wp-content\/uploads\/2025\/05\/WaterLilyFertilizer25kg2.png",2560,2560,false],"thumbnail":["https:\/\/www.ferberpainting.com\/wp-content\/uploads\/2025\/05\/WaterLilyFertilizer25kg2-150x150.png",150,150,true],"medium":["https:\/\/www.ferberpainting.com\/wp-content\/uploads\/2025\/05\/WaterLilyFertilizer25kg2-300x300.png",300,300,true],"medium_large":["https:\/\/www.ferberpainting.com\/wp-content\/uploads\/2025\/05\/WaterLilyFertilizer25kg2-768x768.png",768,768,true],"large":["https:\/\/www.ferberpainting.com\/wp-content\/uploads\/2025\/05\/WaterLilyFertilizer25kg2-1024x1024.png",1024,1024,true],"1536x1536":["https:\/\/www.ferberpainting.com\/wp-content\/uploads\/2025\/05\/WaterLilyFertilizer25kg2-1536x1536.png",1536,1536,true],"2048x2048":["https:\/\/www.ferberpainting.com\/wp-content\/uploads\/2025\/05\/WaterLilyFertilizer25kg2-2048x2048.png",2048,2048,true],"trp-custom-language-flag":["https:\/\/www.ferberpainting.com\/wp-content\/uploads\/2025\/05\/WaterLilyFertilizer25kg2-12x12.png",12,12,true],"woocommerce_thumbnail":["https:\/\/www.ferberpainting.com\/wp-content\/uploads\/2025\/05\/WaterLilyFertilizer25kg2-300x300.png",300,300,true],"woocommerce_single":["https:\/\/www.ferberpainting.com\/wp-content\/uploads\/2025\/05\/WaterLilyFertilizer25kg2-600x600.png",600,600,true],"woocommerce_gallery_thumbnail":["https:\/\/www.ferberpainting.com\/wp-content\/uploads\/2025\/05\/WaterLilyFertilizer25kg2-100x100.png",100,100,true]},"uagb_author_info":{"display_name":"admin","author_link":"https:\/\/www.ferberpainting.com\/si\/author\/"},"uagb_comment_info":33,"uagb_excerpt":"A fertilizer specially designed for abundant flowering and lush foliage.\u00a0The water lily is a symbolic aquatic plant, prized for its magnificent floating flowers and elegant foliage. To ensure abundant flowering and optimal development, it is essential to provide it with suitable nutrition. This NPK 10-10-10 fertilizer offers a balanced supply of nutrients, with nitrogen (N)&hellip;","_links":{"self":[{"href":"https:\/\/www.ferberpainting.com\/si\/wp-json\/wp\/v2\/product\/25639","targetHints":{"allow":["GET"]}}],"collection":[{"href":"https:\/\/www.ferberpainting.com\/si\/wp-json\/wp\/v2\/product"}],"about":[{"href":"https:\/\/www.ferberpainting.com\/si\/wp-json\/wp\/v2\/types\/product"}],"replies":[{"embeddable":true,"href":"https:\/\/www.ferberpainting.com\/si\/wp-json\/wp\/v2\/comments?post=25639"}],"version-history":[{"count":5,"href":"https:\/\/www.ferberpainting.com\/si\/wp-json\/wp\/v2\/product\/25639\/revisions"}],"predecessor-version":[{"id":168844,"href":"https:\/\/www.ferberpainting.com\/si\/wp-json\/wp\/v2\/product\/25639\/revisions\/168844"}],"wp:featuredmedia":[{"embeddable":true,"href":"https:\/\/www.ferberpainting.com\/si\/wp-json\/wp\/v2\/media\/27445"}],"wp:attachment":[{"href":"https:\/\/www.ferberpainting.com\/si\/wp-json\/wp\/v2\/media?parent=25639"}],"wp:term":[{"taxonomy":"product_brand","embeddable":true,"href":"https:\/\/www.ferberpainting.com\/si\/wp-json\/wp\/v2\/product_brand?post=25639"},{"taxonomy":"product_cat","embeddable":true,"href":"https:\/\/www.ferberpainting.com\/si\/wp-json\/wp\/v2\/product_cat?post=25639"},{"taxonomy":"product_tag","embeddable":true,"href":"https:\/\/www.ferberpainting.com\/si\/wp-json\/wp\/v2\/product_tag?post=25639"}],"curies":[{"name":"wp","href":"https:\/\/api.w.org\/{rel}","templated":true}]}}