{"id":25593,"date":"2025-06-30T19:36:48","date_gmt":"2025-06-30T17:36:48","guid":{"rendered":"https:\/\/www.ferberpainting.com\/?post_type=product&#038;p=25593"},"modified":"2026-02-16T13:20:41","modified_gmt":"2026-02-16T12:20:41","slug":"travertine-cleaner","status":"publish","type":"product","link":"https:\/\/www.ferberpainting.com\/si\/products\/travertine-cleaner\/","title":{"rendered":"\u010cistilo za travertin"},"content":{"rendered":"<p><strong><img decoding=\"async\" style=\"margin-right: 12px;\" src=\"https:\/\/www.ferberpainting.com\/wp-content\/uploads\/2026\/02\/Check.svg\" alt=\"\" width=\"18\" height=\"15\" \/>Optimalna u\u010dinkovitost.<\/strong>\u00a0To \u010distilo za travertin je posebej zasnovano za u\u010dinkovito odstranjevanje made\u017eev, umazanije, vodnega kamna in drugih ne\u010disto\u010d, ki zmanj\u0161ujejo naravni sijaj travertina. Njegova mo\u010dna formula prodre globoko in hkrati upo\u0161teva poroznost kamna, kar zagotavlja ne\u017eno \u010di\u0161\u010denje brez nevarnosti po\u0161kodb. Povr\u0161inam iz travertina povrne sve\u017e in sijo\u010d videz, ne da bi pustil sledi ali ostanke.<\/p>\n<p><strong><img decoding=\"async\" style=\"margin-right: 12px;\" src=\"https:\/\/www.ferberpainting.com\/wp-content\/uploads\/2026\/02\/Check.svg\" alt=\"\" width=\"18\" height=\"15\" \/>Jamstvo vra\u010dila denarja.<\/strong>\u00a0Popolnoma zaupamo v u\u010dinkovitost na\u0161ega \u010distila za travertin. \u010ce po uporabi niste popolnoma zadovoljni z rezultati, ste upravi\u010deni do celotnega povra\u010dila. Preizkusite na\u0161 izdelek brez tveganja in u\u017eivajte v popolnoma \u010distih povr\u0161inah travertina.<\/p>\n<p><strong><img decoding=\"async\" style=\"margin-right: 12px;\" src=\"https:\/\/www.ferberpainting.com\/wp-content\/uploads\/2026\/02\/Check.svg\" alt=\"\" width=\"18\" height=\"15\" \/>Izjemna vsestranskost.<\/strong>\u00a0To \u010distilo ni omejeno na travertin! U\u010dinkovito je tudi na drugih naravnih kamnih, kot so apnenec, marmor, modri kamen in nekateri neporozni kamni. Uporablja se lahko za tla, stene, pulti, terase, stopnice, kopalnice in celo prhe. Zaradi svoje vsestranskosti je primeren tako za zasebne uporabnike kot za strokovnjake, ki \u017eelijo za svoje instalacije iz naravnega kamna skrbeti z zanesljivim in u\u010dinkovitim izdelkom.<\/p>\n<p><strong><img decoding=\"async\" style=\"margin-right: 12px;\" src=\"https:\/\/www.ferberpainting.com\/wp-content\/uploads\/2026\/02\/Check.svg\" alt=\"\" width=\"18\" height=\"15\" \/>Stro\u0161kovno u\u010dinkovita zmogljivost.<\/strong>\u00a0Zaradi 5-litrske posode in visoke koncentracije je ta \u010distilnik zelo ugoden. Majhna koli\u010dina zadostuje za \u010di\u0161\u010denje velike povr\u0161ine, kar zagotavlja ekonomi\u010dno in u\u010dinkovito re\u0161itev. V povpre\u010dju lahko z enim litrom izdelka o\u010distite do 60 m\u00b2 travertina, kar zmanj\u0161a stro\u0161ke vzdr\u017eevanja in hkrati optimizira uporabo.<\/p>\n<p><strong><img decoding=\"async\" style=\"margin-right: 12px;\" src=\"https:\/\/www.ferberpainting.com\/wp-content\/uploads\/2026\/02\/Check.svg\" alt=\"\" width=\"18\" height=\"15\" \/>Varna uporaba.<\/strong>\u00a0Za razliko od obi\u010dajnih \u010distil, ki vsebujejo jedke snovi, ki lahko po\u0161kodujejo travertin, ta izdelek ne vsebuje kislin in spo\u0161tuje ob\u010dutljivo naravo kamna. Ne povzro\u010da kemi\u010dnih reakcij, ne razbarva povr\u0161in in ne slabi fug. Poleg tega ne oddaja strupenih hlapov, zato ga je varno uporabljati tudi v zaprtih prostorih.<\/p>\n<p><strong><img decoding=\"async\" style=\"margin-right: 12px;\" src=\"https:\/\/www.ferberpainting.com\/wp-content\/uploads\/2026\/02\/Check.svg\" alt=\"\" width=\"18\" height=\"15\" \/>Enostavnost uporabe.<\/strong>\u00a0Izdelek je pripravljen za uporabo in ne potrebuje red\u010denja ali zapletene priprave. Z mehko krpo, gobo, krta\u010do ali mopom ga nanesite neposredno na povr\u0161ino. Njegovo hitro delovanje odstrani umazanijo v samo nekaj minutah, ne da bi bilo treba opraviti sunkovito izpiranje ali \u010di\u0161\u010denje. Zaradi preproste in dostopne uporabe je vzdr\u017eevanje travertina enostavno za vsakogar.<\/p>\n<p><strong><img decoding=\"async\" style=\"margin-right: 12px;\" src=\"https:\/\/www.ferberpainting.com\/wp-content\/uploads\/2026\/02\/Check.svg\" alt=\"\" width=\"18\" height=\"15\" \/>Podalj\u0161ana vzdr\u017eljivost.<\/strong>\u00a0Z rednim \u010di\u0161\u010denjem travertina s tem izdelkom podalj\u0161ate \u017eivljenjsko dobo povr\u0161in in ohranite njihovo naravno lepoto. Prepre\u010duje kopi\u010denje ostankov, ki bi lahko s\u010dasoma po\u0161kropili ali oslabili kamen. Redno vzdr\u017eevanje s tem \u010distilom pomaga prepre\u010devati nastanek made\u017eev ter ohranja celovitost in videz kamna ve\u010d let.<\/p>\n<p><strong><img decoding=\"async\" style=\"margin-right: 12px;\" src=\"https:\/\/www.ferberpainting.com\/wp-content\/uploads\/2026\/02\/Check.svg\" alt=\"\" width=\"18\" height=\"15\" \/>Hitro ukrepanje.<\/strong>\u00a0Zahvaljujo\u010d svoji zelo aktivni formuli \u010distilo takoj deluje na umazanijo in obloge vodnega kamna. V samo nekaj minutah raztopi ostanke in jih zlahka odstrani brez intenzivnega drgnjenja. Omogo\u010da hitro in u\u010dinkovito vzdr\u017eevanje, ki je kot nala\u0161\u010d za redno nego ali odpravljanje najtrdovratnej\u0161ih made\u017eev.<\/p>\n<h2><strong>Protokol uporabe<\/strong><\/h2>\n<ul>\n<li><strong>Priprava <\/strong>: Prepri\u010dajte se, da je povr\u0161ina travertina suha in brez prahu ali trdnih delcev. Za optimalno \u010di\u0161\u010denje povr\u0161ino pred nanosom izdelka pometite ali posesajte.<\/li>\n<li><strong>Ro\u010dna uporaba <\/strong>: Na mehko krpo, gobo ali mop vlijte majhno koli\u010dino \u010distila in ga s kro\u017enimi gibi enakomerno nanesite po povr\u0161ini, da izdelek prodre in raztopi umazanijo.<\/li>\n<li><strong>Uporaba velike povr\u0161ine <\/strong>: Za \u010di\u0161\u010denje travertinskih tal ali sten uporabite metlo ali mop s krta\u010do in izdelek nanesite med ne\u017enim drgnjenjem. Pustite ga nekaj minut, da bo \u010dim bolj u\u010dinkovit, nato pa ga obri\u0161ite s \u010disto krpo ali rahlo splaknite.<\/li>\n<li><strong>Zdravljenje trdovratnih made\u017eev <\/strong>: Za vtisnjene made\u017ee ali vodni kamen izdelek nanesite neposredno na prizadeto obmo\u010dje in pustite delovati 5 do 10 minut. Pred izpiranjem ne\u017eno zdrgnite s krta\u010do z mehkimi \u0161\u010detinami ali rahlo abrazivno gobo. Po potrebi ponovite, \u010de \u017eelite dose\u010di najbolj\u0161e rezultate.<\/li>\n<li><strong>Izpiranje in brisanje <\/strong>: Povr\u0161ino obri\u0161ite s suho ali rahlo vla\u017eno krpo, da odstranite odve\u010dni izdelek. Na zunanjih povr\u0161inah lahko \u010di\u0161\u010denje zaklju\u010dite s hitrim izpiranjem z vodnim curkom.<\/li>\n<li><strong>Poliranje in za\u0161\u010dita <\/strong>: Da bi ohranili sve\u017e in sijo\u010d videz travertina, ga na koncu obri\u0161ite s \u010disto, suho krpo, da ga zgladite in odstranite morebitne ostanke. Redno \u010di\u0161\u010denje s tem izdelkom pomaga zmanj\u0161ati nabiranje in ohraniti kamen v odli\u010dnem stanju.<\/li>\n<li><strong>Pogostost uporabe <\/strong>: Za redno vzdr\u017eevanje in prepre\u010devanje kopi\u010denja umazanije ga uporabljajte enkrat ali dvakrat na teden. Za pogosto uporabljene povr\u0161ine ali povr\u0161ine na prostem se lahko priporo\u010da pogostej\u0161e \u010di\u0161\u010denje, da se zagotovi optimalna za\u0161\u010dita.<\/li>\n<li><strong>Shranjevanje <\/strong>: Po vsaki uporabi tesno zaprite posodo in jo hranite v hladnem in suhem prostoru, stran od svetlobe in ekstremnih temperatur, da ohranite dolgoro\u010dno u\u010dinkovitost izdelka.<\/li>\n<\/ul>\n<p>Z na\u0161im \u010distilom za travertin u\u017eivajte v u\u010dinkovitem vzdr\u017eevanju brez napora, obenem pa ohranite lepoto in dolgo\u017eivost svojih povr\u0161in. Idealna re\u0161itev za travertin, ki ostane \u010dist, za\u0161\u010diten in sijo\u010d v vseh okoli\u0161\u010dinah.<\/p>","protected":false},"excerpt":{"rendered":"<p>Optimal Efficiency.\u00a0This travertine cleaner is specially designed to effectively remove stains, embedded dirt, limescale deposits, and other impurities that dull the natural shine of travertine. Its powerful formula penetrates deeply while respecting the porosity of the stone, ensuring gentle cleaning without risk of damage. It restores a fresh, radiant look to your travertine surfaces without [&hellip;]<\/p>\n","protected":false},"featured_media":35857,"comment_status":"open","ping_status":"closed","template":"","meta":{"_uag_custom_page_level_css":"","site-sidebar-layout":"default","site-content-layout":"","ast-site-content-layout":"default","site-content-style":"default","site-sidebar-style":"default","ast-global-header-display":"","ast-banner-title-visibility":"","ast-main-header-display":"","ast-hfb-above-header-display":"","ast-hfb-below-header-display":"","ast-hfb-mobile-header-display":"","site-post-title":"","ast-breadcrumbs-content":"","ast-featured-img":"","footer-sml-layout":"","ast-disable-related-posts":"","theme-transparent-header-meta":"default","adv-header-id-meta":"","stick-header-meta":"","header-above-stick-meta":"","header-main-stick-meta":"","header-below-stick-meta":"","astra-migrate-meta-layouts":"set","ast-page-background-enabled":"default","ast-page-background-meta":{"desktop":{"background-color":"var(--ast-global-color-4)","background-image":"","background-repeat":"repeat","background-position":"center center","background-size":"auto","background-attachment":"scroll","background-type":"","background-media":"","overlay-type":"","overlay-color":"","overlay-opacity":"","overlay-gradient":""},"tablet":{"background-color":"","background-image":"","background-repeat":"repeat","background-position":"center center","background-size":"auto","background-attachment":"scroll","background-type":"","background-media":"","overlay-type":"","overlay-color":"","overlay-opacity":"","overlay-gradient":""},"mobile":{"background-color":"","background-image":"","background-repeat":"repeat","background-position":"center center","background-size":"auto","background-attachment":"scroll","background-type":"","background-media":"","overlay-type":"","overlay-color":"","overlay-opacity":"","overlay-gradient":""}},"ast-content-background-meta":{"desktop":{"background-color":"var(--ast-global-color-5)","background-image":"","background-repeat":"repeat","background-position":"center center","background-size":"auto","background-attachment":"scroll","background-type":"","background-media":"","overlay-type":"","overlay-color":"","overlay-opacity":"","overlay-gradient":""},"tablet":{"background-color":"var(--ast-global-color-5)","background-image":"","background-repeat":"repeat","background-position":"center center","background-size":"auto","background-attachment":"scroll","background-type":"","background-media":"","overlay-type":"","overlay-color":"","overlay-opacity":"","overlay-gradient":""},"mobile":{"background-color":"var(--ast-global-color-5)","background-image":"","background-repeat":"repeat","background-position":"center center","background-size":"auto","background-attachment":"scroll","background-type":"","background-media":"","overlay-type":"","overlay-color":"","overlay-opacity":"","overlay-gradient":""}}},"product_brand":[],"product_cat":[175],"product_tag":[],"class_list":{"0":"post-25593","1":"product","2":"type-product","3":"status-publish","4":"has-post-thumbnail","6":"product_cat-cleaning-products","7":"desktop-align-left","8":"tablet-align-left","9":"mobile-align-left","11":"first","12":"instock","13":"sale","14":"shipping-taxable","15":"purchasable","16":"product-type-variable","17":"has-default-attributes"},"spectra_custom_meta":{"_visibility":["visible"],"_shopify_product_id":["9106523357429"],"_s2w_shopify_domain":["ferberpainting.myshopify.com"],"_shopify_variant_id":["46626224963829"],"_sku":[""],"_manage_stock":["no"],"total_sales":["312"],"_tax_status":["taxable"],"_tax_class":[""],"_backorders":["no"],"_sold_individually":["no"],"_virtual":["no"],"_downloadable":["no"],"_download_limit":["-1"],"_download_expiry":["-1"],"_stock":[null],"_stock_status":["instock"],"_wc_average_rating":["5.00"],"_wc_review_count":["9"],"_product_attributes":["a:1:{s:6:\"volume\";a:6:{s:4:\"name\";s:6:\"Volume\";s:5:\"value\";s:20:\"5 liters | 25 liters\";s:8:\"position\";i:1;s:10:\"is_visible\";i:0;s:12:\"is_variation\";i:1;s:11:\"is_taxonomy\";i:0;}}"],"_product_version":["10.5.1"],"wpse_downloadable_file_names":[""],"wpse_downloadable_file_urls":[""],"_edit_last":["1"],"_default_attributes":["a:1:{s:6:\"volume\";s:8:\"5 liters\";}"],"_edit_lock":["1776339121:7773"],"merchant-center-availability":["yes"],"merchant-center-category":["4977"],"_thumbnail_id":["35857"],"_wp_page_template":["default"],"_wp_old_date":["2025-05-26"],"_product_image_gallery":["35858"],"site-sidebar-layout":["default"],"ast-site-content-layout":["default"],"site-content-style":["default"],"site-sidebar-style":["default"],"theme-transparent-header-meta":["default"],"_price":["29.90","129.90"],"_wc_rating_count":["a:1:{i:5;i:9;}"],"astra-migrate-meta-layouts":["set"],"_uag_css_file_name":["uag-css-25593.css"],"_elementor_page_assets":["a:0:{}"],"_uag_page_assets":["a:9:{s:3:\"css\";s:7133:\".uag-blocks-common-selector{z-index:var(--z-index-desktop) !important}@media(max-width: 976px){.uag-blocks-common-selector{z-index:var(--z-index-tablet) !important}}@media(max-width: 767px){.uag-blocks-common-selector{z-index:var(--z-index-mobile) !important}}.wp-block-uagb-image{display:flex}.wp-block-uagb-image__figure{position:relative;display:flex;flex-direction:column;max-width:100%;height:auto;margin:0}.wp-block-uagb-image__figure img{height:auto;display:flex;max-width:100%;transition:box-shadow .2s ease}.wp-block-uagb-image__figure>a{display:inline-block}.wp-block-uagb-image__figure figcaption{text-align:center;margin-top:.5em;margin-bottom:1em}.wp-block-uagb-image .components-placeholder.block-editor-media-placeholder .components-placeholder__instructions{align-self:center}.wp-block-uagb-image--align-left{text-align:left}.wp-block-uagb-image--align-right{text-align:right}.wp-block-uagb-image--align-center{text-align:center}.wp-block-uagb-image--align-full .wp-block-uagb-image__figure{margin-left:calc(50% - 50vw);margin-right:calc(50% - 50vw);max-width:100vw;width:100vw;height:auto}.wp-block-uagb-image--align-full .wp-block-uagb-image__figure img{height:auto;width:100% !important}.wp-block-uagb-image--align-wide .wp-block-uagb-image__figure img{height:auto;width:100%}.wp-block-uagb-image--layout-overlay__color-wrapper{position:absolute;left:0;top:0;right:0;bottom:0;opacity:.2;background:rgba(0,0,0,.5);transition:opacity .35s ease-in-out}.wp-block-uagb-image--layout-overlay-link{position:absolute;left:0;right:0;bottom:0;top:0}.wp-block-uagb-image--layout-overlay .wp-block-uagb-image__figure:hover .wp-block-uagb-image--layout-overlay__color-wrapper{opacity:1}.wp-block-uagb-image--layout-overlay__inner{position:absolute;left:15px;right:15px;bottom:15px;top:15px;display:flex;align-items:center;justify-content:center;flex-direction:column;border-color:#fff;transition:.35s ease-in-out}.wp-block-uagb-image--layout-overlay__inner.top-left,.wp-block-uagb-image--layout-overlay__inner.top-center,.wp-block-uagb-image--layout-overlay__inner.top-right{justify-content:flex-start}.wp-block-uagb-image--layout-overlay__inner.bottom-left,.wp-block-uagb-image--layout-overlay__inner.bottom-center,.wp-block-uagb-image--layout-overlay__inner.bottom-right{justify-content:flex-end}.wp-block-uagb-image--layout-overlay__inner.top-left,.wp-block-uagb-image--layout-overlay__inner.center-left,.wp-block-uagb-image--layout-overlay__inner.bottom-left{align-items:flex-start}.wp-block-uagb-image--layout-overlay__inner.top-right,.wp-block-uagb-image--layout-overlay__inner.center-right,.wp-block-uagb-image--layout-overlay__inner.bottom-right{align-items:flex-end}.wp-block-uagb-image--layout-overlay__inner .uagb-image-heading{color:#fff;transition:transform .35s,opacity .35s ease-in-out;transform:translate3d(0, 24px, 0);margin:0;line-height:1em}.wp-block-uagb-image--layout-overlay__inner .uagb-image-separator{width:30%;border-top-width:2px;border-top-color:#fff;border-top-style:solid;margin-bottom:10px;opacity:0;transition:transform .4s,opacity .4s ease-in-out;transform:translate3d(0, 30px, 0)}.wp-block-uagb-image--layout-overlay__inner .uagb-image-caption{opacity:0;overflow:visible;color:#fff;transition:transform .45s,opacity .45s ease-in-out;transform:translate3d(0, 35px, 0)}.wp-block-uagb-image--layout-overlay__inner:hover .uagb-image-heading,.wp-block-uagb-image--layout-overlay__inner:hover .uagb-image-separator,.wp-block-uagb-image--layout-overlay__inner:hover .uagb-image-caption{opacity:1;transform:translate3d(0, 0, 0)}.wp-block-uagb-image--effect-zoomin .wp-block-uagb-image__figure img,.wp-block-uagb-image--effect-zoomin .wp-block-uagb-image__figure .wp-block-uagb-image--layout-overlay__color-wrapper{transform:scale(1);transition:transform .35s ease-in-out}.wp-block-uagb-image--effect-zoomin .wp-block-uagb-image__figure:hover img,.wp-block-uagb-image--effect-zoomin .wp-block-uagb-image__figure:hover .wp-block-uagb-image--layout-overlay__color-wrapper{transform:scale(1.05)}.wp-block-uagb-image--effect-slide .wp-block-uagb-image__figure img,.wp-block-uagb-image--effect-slide .wp-block-uagb-image__figure .wp-block-uagb-image--layout-overlay__color-wrapper{width:calc(100% + 40px) !important;max-width:none !important;transform:translate3d(-40px, 0, 0);transition:transform .35s ease-in-out}.wp-block-uagb-image--effect-slide .wp-block-uagb-image__figure:hover img,.wp-block-uagb-image--effect-slide .wp-block-uagb-image__figure:hover .wp-block-uagb-image--layout-overlay__color-wrapper{transform:translate3d(0, 0, 0)}.wp-block-uagb-image--effect-grayscale img{filter:grayscale(0%);transition:.35s ease-in-out}.wp-block-uagb-image--effect-grayscale:hover img{filter:grayscale(100%)}.wp-block-uagb-image--effect-blur img{filter:blur(0);transition:.35s ease-in-out}.wp-block-uagb-image--effect-blur:hover img{filter:blur(3px)}.uagb-block-e6f939b3.wp-block-uagb-image--layout-default figure img{box-shadow: 0px 0px 0 #00000070;}.uagb-block-e6f939b3.wp-block-uagb-image .wp-block-uagb-image__figure figcaption{font-style: normal;align-self: center;}.uagb-block-e6f939b3.wp-block-uagb-image--layout-overlay figure img{box-shadow: 0px 0px 0 #00000070;}.uagb-block-e6f939b3.wp-block-uagb-image--layout-overlay .wp-block-uagb-image--layout-overlay__color-wrapper{opacity: 0.2;}.uagb-block-e6f939b3.wp-block-uagb-image--layout-overlay .wp-block-uagb-image--layout-overlay__inner{left: 15px;right: 15px;top: 15px;bottom: 15px;}.uagb-block-e6f939b3.wp-block-uagb-image--layout-overlay .wp-block-uagb-image--layout-overlay__inner .uagb-image-heading{font-style: normal;color: #fff;opacity: 1;}.uagb-block-e6f939b3.wp-block-uagb-image--layout-overlay .wp-block-uagb-image--layout-overlay__inner .uagb-image-heading a{color: #fff;}.uagb-block-e6f939b3.wp-block-uagb-image--layout-overlay .wp-block-uagb-image--layout-overlay__inner .uagb-image-caption{opacity: 0;}.uagb-block-e6f939b3.wp-block-uagb-image--layout-overlay .wp-block-uagb-image__figure:hover .wp-block-uagb-image--layout-overlay__color-wrapper{opacity: 1;}.uagb-block-e6f939b3.wp-block-uagb-image .wp-block-uagb-image--layout-overlay__inner .uagb-image-separator{width: 30%;border-top-width: 2px;border-top-color: #fff;opacity: 0;}.uagb-block-e6f939b3.wp-block-uagb-image .wp-block-uagb-image__figure img{width: px;height: auto;}.uagb-block-e6f939b3.wp-block-uagb-image .wp-block-uagb-image__figure:hover .wp-block-uagb-image--layout-overlay__inner .uagb-image-caption{opacity: 1;}.uagb-block-e6f939b3.wp-block-uagb-image .wp-block-uagb-image__figure:hover .wp-block-uagb-image--layout-overlay__inner .uagb-image-separator{opacity: 1;}.uagb-block-e6f939b3.wp-block-uagb-image--layout-default figure:hover img{box-shadow: 0px 0px 0 #00000070;}.uagb-block-e6f939b3.wp-block-uagb-image--layout-overlay figure:hover img{box-shadow: 0px 0px 0 #00000070;}@media only screen and (max-width: 976px) {.uagb-block-e6f939b3.wp-block-uagb-image .wp-block-uagb-image__figure img{width: px;height: auto;}}@media only screen and (max-width: 767px) {.uagb-block-e6f939b3.wp-block-uagb-image .wp-block-uagb-image__figure img{width: px;height: auto;}}\";s:2:\"js\";s:0:\"\";s:18:\"current_block_list\";a:13:{i:0;s:11:\"core\/search\";i:1;s:10:\"core\/group\";i:2;s:12:\"core\/heading\";i:3;s:17:\"core\/latest-posts\";i:4;s:20:\"core\/latest-comments\";i:5;s:13:\"core\/archives\";i:6;s:15:\"core\/categories\";i:7;s:14:\"core\/paragraph\";i:8;s:10:\"uagb\/image\";i:9;s:11:\"core\/spacer\";i:10;s:30:\"woocommerce\/product-categories\";i:11;s:10:\"core\/image\";i:12;s:14:\"core\/shortcode\";}s:8:\"uag_flag\";b:1;s:11:\"uag_version\";s:10:\"1777087928\";s:6:\"gfonts\";a:0:{}s:10:\"gfonts_url\";s:0:\"\";s:12:\"gfonts_files\";a:0:{}s:14:\"uag_faq_layout\";b:0;}"]},"uagb_featured_image_src":{"full":["https:\/\/www.ferberpainting.com\/wp-content\/uploads\/2025\/05\/Travertine-Cleaner-5L-.png",2560,2560,false],"thumbnail":["https:\/\/www.ferberpainting.com\/wp-content\/uploads\/2025\/05\/Travertine-Cleaner-5L--150x150.png",150,150,true],"medium":["https:\/\/www.ferberpainting.com\/wp-content\/uploads\/2025\/05\/Travertine-Cleaner-5L--300x300.png",300,300,true],"medium_large":["https:\/\/www.ferberpainting.com\/wp-content\/uploads\/2025\/05\/Travertine-Cleaner-5L--768x768.png",768,768,true],"large":["https:\/\/www.ferberpainting.com\/wp-content\/uploads\/2025\/05\/Travertine-Cleaner-5L--1024x1024.png",1024,1024,true],"1536x1536":["https:\/\/www.ferberpainting.com\/wp-content\/uploads\/2025\/05\/Travertine-Cleaner-5L--1536x1536.png",1536,1536,true],"2048x2048":["https:\/\/www.ferberpainting.com\/wp-content\/uploads\/2025\/05\/Travertine-Cleaner-5L--2048x2048.png",2048,2048,true],"trp-custom-language-flag":["https:\/\/www.ferberpainting.com\/wp-content\/uploads\/2025\/05\/Travertine-Cleaner-5L--12x12.png",12,12,true],"woocommerce_thumbnail":["https:\/\/www.ferberpainting.com\/wp-content\/uploads\/2025\/05\/Travertine-Cleaner-5L--300x300.png",300,300,true],"woocommerce_single":["https:\/\/www.ferberpainting.com\/wp-content\/uploads\/2025\/05\/Travertine-Cleaner-5L--600x600.png",600,600,true],"woocommerce_gallery_thumbnail":["https:\/\/www.ferberpainting.com\/wp-content\/uploads\/2025\/05\/Travertine-Cleaner-5L--100x100.png",100,100,true]},"uagb_author_info":{"display_name":"admin","author_link":"https:\/\/www.ferberpainting.com\/si\/author\/"},"uagb_comment_info":9,"uagb_excerpt":"Optimal Efficiency.\u00a0This travertine cleaner is specially designed to effectively remove stains, embedded dirt, limescale deposits, and other impurities that dull the natural shine of travertine. Its powerful formula penetrates deeply while respecting the porosity of the stone, ensuring gentle cleaning without risk of damage. It restores a fresh, radiant look to your travertine surfaces without&hellip;","_links":{"self":[{"href":"https:\/\/www.ferberpainting.com\/si\/wp-json\/wp\/v2\/product\/25593","targetHints":{"allow":["GET"]}}],"collection":[{"href":"https:\/\/www.ferberpainting.com\/si\/wp-json\/wp\/v2\/product"}],"about":[{"href":"https:\/\/www.ferberpainting.com\/si\/wp-json\/wp\/v2\/types\/product"}],"replies":[{"embeddable":true,"href":"https:\/\/www.ferberpainting.com\/si\/wp-json\/wp\/v2\/comments?post=25593"}],"version-history":[{"count":3,"href":"https:\/\/www.ferberpainting.com\/si\/wp-json\/wp\/v2\/product\/25593\/revisions"}],"predecessor-version":[{"id":167457,"href":"https:\/\/www.ferberpainting.com\/si\/wp-json\/wp\/v2\/product\/25593\/revisions\/167457"}],"wp:featuredmedia":[{"embeddable":true,"href":"https:\/\/www.ferberpainting.com\/si\/wp-json\/wp\/v2\/media\/35857"}],"wp:attachment":[{"href":"https:\/\/www.ferberpainting.com\/si\/wp-json\/wp\/v2\/media?parent=25593"}],"wp:term":[{"taxonomy":"product_brand","embeddable":true,"href":"https:\/\/www.ferberpainting.com\/si\/wp-json\/wp\/v2\/product_brand?post=25593"},{"taxonomy":"product_cat","embeddable":true,"href":"https:\/\/www.ferberpainting.com\/si\/wp-json\/wp\/v2\/product_cat?post=25593"},{"taxonomy":"product_tag","embeddable":true,"href":"https:\/\/www.ferberpainting.com\/si\/wp-json\/wp\/v2\/product_tag?post=25593"}],"curies":[{"name":"wp","href":"https:\/\/api.w.org\/{rel}","templated":true}]}}