{"id":25576,"date":"2025-06-30T19:51:01","date_gmt":"2025-06-30T17:51:01","guid":{"rendered":"https:\/\/www.ferberpainting.com\/?post_type=product&#038;p=25576"},"modified":"2026-02-16T12:48:04","modified_gmt":"2026-02-16T11:48:04","slug":"tile-water-repellent","status":"publish","type":"product","link":"https:\/\/www.ferberpainting.com\/si\/products\/tile-water-repellent\/","title":{"rendered":"Vodoodbojno sredstvo za plo\u0161\u010dice"},"content":{"rendered":"<p><strong><img decoding=\"async\" style=\"margin-right: 12px;\" src=\"https:\/\/www.ferberpainting.com\/wp-content\/uploads\/2026\/02\/Check.svg\" alt=\"\" width=\"18\" height=\"15\" \/>Optimalna za\u0161\u010dita pred vlago.<\/strong>\u00a0Vodoodporno sredstvo za plo\u0161\u010dice je zasnovano za visokokakovostno za\u0161\u010dito pred vlago, plesnijo in made\u017ei na povr\u0161inah s plo\u0161\u010dicami. Ta izdelek je idealen za kuhinjska tla in stene, kopalnice ali katero koli drugo vla\u017eno okolje, saj tvori nevidno pregrado, ki prepre\u010duje prodiranje vode v fuge in plo\u0161\u010dice, hkrati pa povr\u0161ini omogo\u010da dihanje. To zagotavlja ne le dolgotrajno za\u0161\u010dito, temve\u010d tudi la\u017eje vzdr\u017eevanje povr\u0161ine.<\/p>\n<p><strong><img decoding=\"async\" style=\"margin-right: 12px;\" src=\"https:\/\/www.ferberpainting.com\/wp-content\/uploads\/2026\/02\/Check.svg\" alt=\"\" width=\"18\" height=\"15\" \/>Jamstvo vra\u010dila denarja.<\/strong>\u00a0Prepri\u010dani smo v u\u010dinkovitost na\u0161ega impregnacijskega sredstva za plo\u0161\u010dice. \u010ce po nanosu ne boste popolnoma zadovoljni z rezultati, vam ponujamo garancijo za zadovoljstvo ali vra\u010dilo denarja. Tako lahko izdelek mirno preizkusite, saj veste, da boste v primeru, da ne bo izpolnil va\u0161ih pri\u010dakovanj, prejeli celotno nadomestilo.<\/p>\n<p><strong><img decoding=\"async\" style=\"margin-right: 12px;\" src=\"https:\/\/www.ferberpainting.com\/wp-content\/uploads\/2026\/02\/Check.svg\" alt=\"\" width=\"18\" height=\"15\" \/>Ve\u010dnamenski.<\/strong>\u00a0Sredstvo za impregnacijo plo\u0161\u010dic ni omejeno na kerami\u010dne ali porcelanaste plo\u0161\u010dice. Deluje tudi na drugih materialih, kot so beton, cement, kamen, marmor in granit. Ta vsestranskost vam omogo\u010da za\u0161\u010dito \u0161tevilnih povr\u0161in v va\u0161ih bivalnih ali delovnih prostorih ali celo na prostem. Tako lahko z enim samim u\u010dinkovitim izdelkom neglede na vrsto materiala za\u0161\u010ditite svoje stene in tla.<\/p>\n<p><strong><img decoding=\"async\" style=\"margin-right: 12px;\" src=\"https:\/\/www.ferberpainting.com\/wp-content\/uploads\/2026\/02\/Check.svg\" alt=\"\" width=\"18\" height=\"15\" \/>Stro\u0161kovna u\u010dinkovitost.<\/strong>\u00a0Vodoodbojnik za plo\u0161\u010dice ima odli\u010dne lastnosti. V povpre\u010dju 1 liter izdelka pokrije od 6 do 8 m\u00b2, kar omogo\u010da pokritje velike povr\u0161ine z majhno koli\u010dino. S 5-litrsko posodo lahko prekrijete do 30 do 40 m\u00b2. Zaradi tega je to ekonomi\u010dna re\u0161itev, ki vam omogo\u010da za\u0161\u010dito velikih povr\u0161in, hkrati pa omejuje stro\u0161ke prenove ali vzdr\u017eevanja.<\/p>\n<p><strong><img decoding=\"async\" style=\"margin-right: 12px;\" src=\"https:\/\/www.ferberpainting.com\/wp-content\/uploads\/2026\/02\/Check.svg\" alt=\"\" width=\"18\" height=\"15\" \/>Varna uporaba.<\/strong>\u00a0Ta izdelek je oblikovan tako, da je nestrupen in okolju prijazen. Ne vsebuje topil ali jedkih snovi, ki bi lahko \u0161kodovale va\u0161emu zdravju ali okolju. Vendar je za varno uporabo priporo\u010dljivo nositi rokavice in za\u0161\u010ditna o\u010dala. Prav tako je priporo\u010dljivo, da ga uporabljate v prezra\u010devanem prostoru, da zagotovite udobje med nana\u0161anjem.<\/p>\n<p><strong><img decoding=\"async\" style=\"margin-right: 12px;\" src=\"https:\/\/www.ferberpainting.com\/wp-content\/uploads\/2026\/02\/Check.svg\" alt=\"\" width=\"18\" height=\"15\" \/>Enostavna uporaba.<\/strong>\u00a0Vodoodporno sredstvo za plo\u0161\u010dice je zelo enostavno za uporabo. Pripravljen je za uporabo in ga ni treba red\u010diti. Nanesete ga lahko neposredno na povr\u0161ine z razpr\u0161ilnikom, \u010dopi\u010dem ali valj\u010dkom, odvisno od va\u0161ih \u017eelja in velikosti povr\u0161ine. Njegova teko\u010da tekstura omogo\u010da hiter in enakomeren nanos brez pu\u0161\u010danja sledi ali ostankov. Posebno znanje ni potrebno, zato je dostopno tudi za\u010detnikom.<\/p>\n<p><strong><img decoding=\"async\" style=\"margin-right: 12px;\" src=\"https:\/\/www.ferberpainting.com\/wp-content\/uploads\/2026\/02\/Check.svg\" alt=\"\" width=\"18\" height=\"15\" \/>Dolgotrajen.<\/strong>\u00a0Ta izdelek zagotavlja dolgotrajno za\u0161\u010dito. Po nanosu tvori nevidno in trajno pregrado proti vlagi. Trajanje te za\u0161\u010dite se lahko razlikuje glede na pogoje uporabe, na splo\u0161no pa impregnacijsko sredstvo za plo\u0161\u010dice ohranja svojo u\u010dinkovitost od 2 do 5 let ali ve\u010d, \u010de vlaga ni prekomerna. Tako lahko u\u017eivate v neprekinjeni za\u0161\u010diti, ne da bi jo bilo treba pogosto ponovno nana\u0161ati.<\/p>\n<p><strong><img decoding=\"async\" style=\"margin-right: 12px;\" src=\"https:\/\/www.ferberpainting.com\/wp-content\/uploads\/2026\/02\/Check.svg\" alt=\"\" width=\"18\" height=\"15\" \/>Hitro su\u0161enje.<\/strong>\u00a0Sredstvo za impregnacijo plo\u0161\u010dic se hitro su\u0161i, kar omogo\u010da hitro uporabo obdelane povr\u0161ine. \u010cas su\u0161enja na otip je obi\u010dajno od 1 do 2 uri. Za najve\u010djo u\u010dinkovitost je priporo\u010dljivo, da se izdelek popolnoma posu\u0161i 24 ur, preden povr\u0161ino izpostavite vlagi ali jo za\u010dnete uporabljati. Ta hiter \u010das nana\u0161anja in su\u0161enja zmanj\u0161uje \u010das izpada in vam omogo\u010da, da za\u0161\u010ditene prostore prej za\u010dnete uporabljati.<\/p>\n<h2><strong>Protokol uporabe<\/strong><\/h2>\n<ul>\n<li><strong>Priprava povr\u0161ine <\/strong>: Pred nanosom impregnacijskega sredstva se prepri\u010dajte, da je povr\u0161ina plo\u0161\u010dic \u010dista, suha in brez umazanije, ma\u0161\u010dob ali plesni. Po potrebi plo\u0161\u010dice temeljito o\u010distite z blagim \u010distilnim sredstvom in jih temeljito sperite, da odstranite vse ostanke. Pred nanosom izdelka pustite, da se povr\u0161ina popolnoma posu\u0161i.<\/li>\n<li><strong>Uporaba izdelka <\/strong>: Sredstvo za za\u0161\u010dito pred vodo je pripravljeno za uporabo. Nanesete ga lahko z razpr\u0161ilnikom, \u010dopi\u010dem ali valj\u010dkom. Za enakomerno pokritost nanesite tanek sloj na plo\u0161\u010dice in fuge. Prepri\u010dajte se, da je povr\u0161ina popolnoma prekrita, ne da bi izdelek nanesli preve\u010d. \u010ce uporabljate \u010dopi\u010d ali valj\u010dek, izdelek nanesite enakomerno, zlasti v fuge, da zagotovite optimalno pokritost.<\/li>\n<li><strong>Koli\u010dina za uporabo <\/strong>: Pokritost je odvisna od poroznosti plo\u0161\u010dic. Na splo\u0161no 1 liter izdelka pokrije 6 do 8 m\u00b2. S 5-litrsko posodo lahko obdelamo pribli\u017eno 30 do 40 m\u00b2 povr\u0161ine plo\u0161\u010dic. Pri poroznih ali po\u0161kodovanih povr\u0161inah bo morda potreben drugi sloj za zagotovitev optimalne za\u0161\u010dite.<\/li>\n<li><strong>\u010cas su\u0161enja <\/strong>: Po nanosu se impregnacijsko sredstvo hitro posu\u0161i. \u010cas su\u0161enja na otip je pribli\u017eno 1 do 2 uri. Vendar je za optimalno za\u0161\u010dito priporo\u010dljivo, da se izdelek su\u0161i 24 ur, preden ga izpostavite vlagi. Tako zagotovite, da je povr\u0161ina popolnoma za\u0161\u010ditena in da je izdelek u\u010dinkovito prodrl v fuge in plo\u0161\u010dice.<\/li>\n<li><strong>Ponovna vloga <\/strong>: Vodoodbojno sredstvo za plo\u0161\u010dice bo morda treba ponovno nanesti vsakih 2 do 5 let, odvisno od obrabe in vla\u017enosti. Za ponovni nanos uporabite enak postopek kot pri prvem nanosu, pri \u010demer se pred nanosom novega enakomernega sloja prepri\u010dajte, da je povr\u0161ina \u010dista in suha.<\/li>\n<li><strong>Vzdr\u017eevanje <\/strong>: Po nanosu je vzdr\u017eevanje povr\u0161in s plo\u0161\u010dicami veliko la\u017eje. Plo\u0161\u010dice in fuge preprosto o\u010distite z vla\u017eno krpo ali gobo, izogibajte se abrazivnim sredstvom, ki bi lahko po\u0161kodovala za\u0161\u010ditni sloj. Na obdelanih povr\u0161inah ne uporabljajte visokotla\u010dnih pralnih strojev, da ohranite u\u010dinkovitost izdelka.<\/li>\n<\/ul>","protected":false},"excerpt":{"rendered":"<p>Optimal protection against humidity.\u00a0The tile waterproofer is designed to provide high-quality protection against humidity, mold, and stains on tiled surfaces. Ideal for kitchen floors and walls, bathrooms, or any other humid environment, this product forms an invisible barrier that prevents water from penetrating the joints and tiles while allowing the surface to breathe. This ensures [&hellip;]<\/p>\n","protected":false},"featured_media":35872,"comment_status":"open","ping_status":"closed","template":"","meta":{"_uag_custom_page_level_css":"","site-sidebar-layout":"default","site-content-layout":"","ast-site-content-layout":"default","site-content-style":"default","site-sidebar-style":"default","ast-global-header-display":"","ast-banner-title-visibility":"","ast-main-header-display":"","ast-hfb-above-header-display":"","ast-hfb-below-header-display":"","ast-hfb-mobile-header-display":"","site-post-title":"","ast-breadcrumbs-content":"","ast-featured-img":"","footer-sml-layout":"","ast-disable-related-posts":"","theme-transparent-header-meta":"default","adv-header-id-meta":"","stick-header-meta":"","header-above-stick-meta":"","header-main-stick-meta":"","header-below-stick-meta":"","astra-migrate-meta-layouts":"set","ast-page-background-enabled":"default","ast-page-background-meta":{"desktop":{"background-color":"var(--ast-global-color-4)","background-image":"","background-repeat":"repeat","background-position":"center center","background-size":"auto","background-attachment":"scroll","background-type":"","background-media":"","overlay-type":"","overlay-color":"","overlay-opacity":"","overlay-gradient":""},"tablet":{"background-color":"","background-image":"","background-repeat":"repeat","background-position":"center center","background-size":"auto","background-attachment":"scroll","background-type":"","background-media":"","overlay-type":"","overlay-color":"","overlay-opacity":"","overlay-gradient":""},"mobile":{"background-color":"","background-image":"","background-repeat":"repeat","background-position":"center center","background-size":"auto","background-attachment":"scroll","background-type":"","background-media":"","overlay-type":"","overlay-color":"","overlay-opacity":"","overlay-gradient":""}},"ast-content-background-meta":{"desktop":{"background-color":"var(--ast-global-color-5)","background-image":"","background-repeat":"repeat","background-position":"center center","background-size":"auto","background-attachment":"scroll","background-type":"","background-media":"","overlay-type":"","overlay-color":"","overlay-opacity":"","overlay-gradient":""},"tablet":{"background-color":"var(--ast-global-color-5)","background-image":"","background-repeat":"repeat","background-position":"center center","background-size":"auto","background-attachment":"scroll","background-type":"","background-media":"","overlay-type":"","overlay-color":"","overlay-opacity":"","overlay-gradient":""},"mobile":{"background-color":"var(--ast-global-color-5)","background-image":"","background-repeat":"repeat","background-position":"center center","background-size":"auto","background-attachment":"scroll","background-type":"","background-media":"","overlay-type":"","overlay-color":"","overlay-opacity":"","overlay-gradient":""}}},"product_brand":[],"product_cat":[191],"product_tag":[],"class_list":{"0":"post-25576","1":"product","2":"type-product","3":"status-publish","4":"has-post-thumbnail","6":"product_cat-water-repellent","7":"desktop-align-left","8":"tablet-align-left","9":"mobile-align-left","11":"first","12":"instock","13":"sale","14":"taxable","15":"shipping-taxable","16":"purchasable","17":"product-type-variable","18":"has-default-attributes"},"spectra_custom_meta":{"_visibility":["visible"],"_shopify_product_id":["9106650431733"],"_s2w_shopify_domain":["ferberpainting.myshopify.com"],"_shopify_variant_id":["46626388148469"],"_sku":[""],"_manage_stock":["no"],"total_sales":["63"],"_tax_status":["taxable"],"_tax_class":[""],"_backorders":["no"],"_sold_individually":["no"],"_virtual":["no"],"_downloadable":["no"],"_download_limit":["-1"],"_download_expiry":["-1"],"_stock":[null],"_stock_status":["instock"],"_wc_average_rating":["5.00"],"_wc_review_count":["11"],"_product_attributes":["a:1:{s:6:\"volume\";a:6:{s:4:\"name\";s:6:\"Volume\";s:5:\"value\";s:20:\"5 liters | 25 liters\";s:8:\"position\";i:1;s:10:\"is_visible\";i:0;s:12:\"is_variation\";i:1;s:11:\"is_taxonomy\";i:0;}}"],"_product_version":["10.5.1"],"wpse_downloadable_file_names":[""],"wpse_downloadable_file_urls":[""],"_edit_last":["1"],"_default_attributes":["a:1:{s:6:\"volume\";s:8:\"5 liters\";}"],"_edit_lock":["1771242345:1"],"merchant-center-availability":["yes"],"merchant-center-category":["503738"],"_thumbnail_id":["35872"],"_wp_page_template":["default"],"_wp_old_date":["2025-05-26"],"_product_image_gallery":["35873"],"site-sidebar-layout":["default"],"ast-site-content-layout":["default"],"site-content-style":["default"],"site-sidebar-style":["default"],"theme-transparent-header-meta":["default"],"_price":["29.90","129.90"],"_wc_rating_count":["a:1:{i:5;i:11;}"],"astra-migrate-meta-layouts":["set"],"_uag_css_file_name":["uag-css-25576.css"],"_elementor_page_assets":["a:0:{}"],"_uag_page_assets":["a:9:{s:3:\"css\";s:6873:\".wp-block-uagb-image{display:flex}.wp-block-uagb-image__figure{position:relative;display:flex;flex-direction:column;max-width:100%;height:auto;margin:0}.wp-block-uagb-image__figure img{height:auto;display:flex;max-width:100%;transition:box-shadow .2s ease}.wp-block-uagb-image__figure>a{display:inline-block}.wp-block-uagb-image__figure figcaption{text-align:center;margin-top:.5em;margin-bottom:1em}.wp-block-uagb-image .components-placeholder.block-editor-media-placeholder .components-placeholder__instructions{align-self:center}.wp-block-uagb-image--align-left{text-align:left}.wp-block-uagb-image--align-right{text-align:right}.wp-block-uagb-image--align-center{text-align:center}.wp-block-uagb-image--align-full .wp-block-uagb-image__figure{margin-left:calc(50% - 50vw);margin-right:calc(50% - 50vw);max-width:100vw;width:100vw;height:auto}.wp-block-uagb-image--align-full .wp-block-uagb-image__figure img{height:auto;width:100% !important}.wp-block-uagb-image--align-wide .wp-block-uagb-image__figure img{height:auto;width:100%}.wp-block-uagb-image--layout-overlay__color-wrapper{position:absolute;left:0;top:0;right:0;bottom:0;opacity:.2;background:rgba(0,0,0,.5);transition:opacity .35s ease-in-out}.wp-block-uagb-image--layout-overlay-link{position:absolute;left:0;right:0;bottom:0;top:0}.wp-block-uagb-image--layout-overlay .wp-block-uagb-image__figure:hover .wp-block-uagb-image--layout-overlay__color-wrapper{opacity:1}.wp-block-uagb-image--layout-overlay__inner{position:absolute;left:15px;right:15px;bottom:15px;top:15px;display:flex;align-items:center;justify-content:center;flex-direction:column;border-color:#fff;transition:.35s ease-in-out}.wp-block-uagb-image--layout-overlay__inner.top-left,.wp-block-uagb-image--layout-overlay__inner.top-center,.wp-block-uagb-image--layout-overlay__inner.top-right{justify-content:flex-start}.wp-block-uagb-image--layout-overlay__inner.bottom-left,.wp-block-uagb-image--layout-overlay__inner.bottom-center,.wp-block-uagb-image--layout-overlay__inner.bottom-right{justify-content:flex-end}.wp-block-uagb-image--layout-overlay__inner.top-left,.wp-block-uagb-image--layout-overlay__inner.center-left,.wp-block-uagb-image--layout-overlay__inner.bottom-left{align-items:flex-start}.wp-block-uagb-image--layout-overlay__inner.top-right,.wp-block-uagb-image--layout-overlay__inner.center-right,.wp-block-uagb-image--layout-overlay__inner.bottom-right{align-items:flex-end}.wp-block-uagb-image--layout-overlay__inner .uagb-image-heading{color:#fff;transition:transform .35s,opacity .35s ease-in-out;transform:translate3d(0, 24px, 0);margin:0;line-height:1em}.wp-block-uagb-image--layout-overlay__inner .uagb-image-separator{width:30%;border-top-width:2px;border-top-color:#fff;border-top-style:solid;margin-bottom:10px;opacity:0;transition:transform .4s,opacity .4s ease-in-out;transform:translate3d(0, 30px, 0)}.wp-block-uagb-image--layout-overlay__inner .uagb-image-caption{opacity:0;overflow:visible;color:#fff;transition:transform .45s,opacity .45s ease-in-out;transform:translate3d(0, 35px, 0)}.wp-block-uagb-image--layout-overlay__inner:hover .uagb-image-heading,.wp-block-uagb-image--layout-overlay__inner:hover .uagb-image-separator,.wp-block-uagb-image--layout-overlay__inner:hover .uagb-image-caption{opacity:1;transform:translate3d(0, 0, 0)}.wp-block-uagb-image--effect-zoomin .wp-block-uagb-image__figure img,.wp-block-uagb-image--effect-zoomin .wp-block-uagb-image__figure .wp-block-uagb-image--layout-overlay__color-wrapper{transform:scale(1);transition:transform .35s ease-in-out}.wp-block-uagb-image--effect-zoomin .wp-block-uagb-image__figure:hover img,.wp-block-uagb-image--effect-zoomin .wp-block-uagb-image__figure:hover .wp-block-uagb-image--layout-overlay__color-wrapper{transform:scale(1.05)}.wp-block-uagb-image--effect-slide .wp-block-uagb-image__figure img,.wp-block-uagb-image--effect-slide .wp-block-uagb-image__figure .wp-block-uagb-image--layout-overlay__color-wrapper{width:calc(100% + 40px) !important;max-width:none !important;transform:translate3d(-40px, 0, 0);transition:transform .35s ease-in-out}.wp-block-uagb-image--effect-slide .wp-block-uagb-image__figure:hover img,.wp-block-uagb-image--effect-slide .wp-block-uagb-image__figure:hover .wp-block-uagb-image--layout-overlay__color-wrapper{transform:translate3d(0, 0, 0)}.wp-block-uagb-image--effect-grayscale img{filter:grayscale(0%);transition:.35s ease-in-out}.wp-block-uagb-image--effect-grayscale:hover img{filter:grayscale(100%)}.wp-block-uagb-image--effect-blur img{filter:blur(0);transition:.35s ease-in-out}.wp-block-uagb-image--effect-blur:hover img{filter:blur(3px)}.uagb-block-e6f939b3.wp-block-uagb-image--layout-default figure img{box-shadow: 0px 0px 0 #00000070;}.uagb-block-e6f939b3.wp-block-uagb-image .wp-block-uagb-image__figure figcaption{font-style: normal;align-self: center;}.uagb-block-e6f939b3.wp-block-uagb-image--layout-overlay figure img{box-shadow: 0px 0px 0 #00000070;}.uagb-block-e6f939b3.wp-block-uagb-image--layout-overlay .wp-block-uagb-image--layout-overlay__color-wrapper{opacity: 0.2;}.uagb-block-e6f939b3.wp-block-uagb-image--layout-overlay .wp-block-uagb-image--layout-overlay__inner{left: 15px;right: 15px;top: 15px;bottom: 15px;}.uagb-block-e6f939b3.wp-block-uagb-image--layout-overlay .wp-block-uagb-image--layout-overlay__inner .uagb-image-heading{font-style: normal;color: #fff;opacity: 1;}.uagb-block-e6f939b3.wp-block-uagb-image--layout-overlay .wp-block-uagb-image--layout-overlay__inner .uagb-image-heading a{color: #fff;}.uagb-block-e6f939b3.wp-block-uagb-image--layout-overlay .wp-block-uagb-image--layout-overlay__inner .uagb-image-caption{opacity: 0;}.uagb-block-e6f939b3.wp-block-uagb-image--layout-overlay .wp-block-uagb-image__figure:hover .wp-block-uagb-image--layout-overlay__color-wrapper{opacity: 1;}.uagb-block-e6f939b3.wp-block-uagb-image .wp-block-uagb-image--layout-overlay__inner .uagb-image-separator{width: 30%;border-top-width: 2px;border-top-color: #fff;opacity: 0;}.uagb-block-e6f939b3.wp-block-uagb-image .wp-block-uagb-image__figure img{width: px;height: auto;}.uagb-block-e6f939b3.wp-block-uagb-image .wp-block-uagb-image__figure:hover .wp-block-uagb-image--layout-overlay__inner .uagb-image-caption{opacity: 1;}.uagb-block-e6f939b3.wp-block-uagb-image .wp-block-uagb-image__figure:hover .wp-block-uagb-image--layout-overlay__inner .uagb-image-separator{opacity: 1;}.uagb-block-e6f939b3.wp-block-uagb-image--layout-default figure:hover img{box-shadow: 0px 0px 0 #00000070;}.uagb-block-e6f939b3.wp-block-uagb-image--layout-overlay figure:hover img{box-shadow: 0px 0px 0 #00000070;}@media only screen and (max-width: 976px) {.uagb-block-e6f939b3.wp-block-uagb-image .wp-block-uagb-image__figure img{width: px;height: auto;}}@media only screen and (max-width: 767px) {.uagb-block-e6f939b3.wp-block-uagb-image .wp-block-uagb-image__figure img{width: px;height: auto;}}\";s:2:\"js\";s:0:\"\";s:18:\"current_block_list\";a:13:{i:0;s:11:\"core\/search\";i:1;s:10:\"core\/group\";i:2;s:12:\"core\/heading\";i:3;s:17:\"core\/latest-posts\";i:4;s:20:\"core\/latest-comments\";i:5;s:13:\"core\/archives\";i:6;s:15:\"core\/categories\";i:7;s:14:\"core\/paragraph\";i:8;s:10:\"uagb\/image\";i:9;s:11:\"core\/spacer\";i:10;s:30:\"woocommerce\/product-categories\";i:11;s:10:\"core\/image\";i:12;s:14:\"core\/shortcode\";}s:8:\"uag_flag\";b:1;s:11:\"uag_version\";s:10:\"1777231109\";s:6:\"gfonts\";a:0:{}s:10:\"gfonts_url\";s:0:\"\";s:12:\"gfonts_files\";a:0:{}s:14:\"uag_faq_layout\";b:0;}"]},"uagb_featured_image_src":{"full":["https:\/\/www.ferberpainting.com\/wp-content\/uploads\/2025\/05\/Tile-Water-Repellent-5L-.png",2560,2560,false],"thumbnail":["https:\/\/www.ferberpainting.com\/wp-content\/uploads\/2025\/05\/Tile-Water-Repellent-5L--150x150.png",150,150,true],"medium":["https:\/\/www.ferberpainting.com\/wp-content\/uploads\/2025\/05\/Tile-Water-Repellent-5L--300x300.png",300,300,true],"medium_large":["https:\/\/www.ferberpainting.com\/wp-content\/uploads\/2025\/05\/Tile-Water-Repellent-5L--768x768.png",768,768,true],"large":["https:\/\/www.ferberpainting.com\/wp-content\/uploads\/2025\/05\/Tile-Water-Repellent-5L--1024x1024.png",1024,1024,true],"1536x1536":["https:\/\/www.ferberpainting.com\/wp-content\/uploads\/2025\/05\/Tile-Water-Repellent-5L--1536x1536.png",1536,1536,true],"2048x2048":["https:\/\/www.ferberpainting.com\/wp-content\/uploads\/2025\/05\/Tile-Water-Repellent-5L--2048x2048.png",2048,2048,true],"trp-custom-language-flag":["https:\/\/www.ferberpainting.com\/wp-content\/uploads\/2025\/05\/Tile-Water-Repellent-5L--12x12.png",12,12,true],"woocommerce_thumbnail":["https:\/\/www.ferberpainting.com\/wp-content\/uploads\/2025\/05\/Tile-Water-Repellent-5L--300x300.png",300,300,true],"woocommerce_single":["https:\/\/www.ferberpainting.com\/wp-content\/uploads\/2025\/05\/Tile-Water-Repellent-5L--600x600.png",600,600,true],"woocommerce_gallery_thumbnail":["https:\/\/www.ferberpainting.com\/wp-content\/uploads\/2025\/05\/Tile-Water-Repellent-5L--100x100.png",100,100,true]},"uagb_author_info":{"display_name":"admin","author_link":"https:\/\/www.ferberpainting.com\/si\/author\/"},"uagb_comment_info":11,"uagb_excerpt":"Optimal protection against humidity.\u00a0The tile waterproofer is designed to provide high-quality protection against humidity, mold, and stains on tiled surfaces. Ideal for kitchen floors and walls, bathrooms, or any other humid environment, this product forms an invisible barrier that prevents water from penetrating the joints and tiles while allowing the surface to breathe. This ensures&hellip;","_links":{"self":[{"href":"https:\/\/www.ferberpainting.com\/si\/wp-json\/wp\/v2\/product\/25576","targetHints":{"allow":["GET"]}}],"collection":[{"href":"https:\/\/www.ferberpainting.com\/si\/wp-json\/wp\/v2\/product"}],"about":[{"href":"https:\/\/www.ferberpainting.com\/si\/wp-json\/wp\/v2\/types\/product"}],"replies":[{"embeddable":true,"href":"https:\/\/www.ferberpainting.com\/si\/wp-json\/wp\/v2\/comments?post=25576"}],"version-history":[{"count":3,"href":"https:\/\/www.ferberpainting.com\/si\/wp-json\/wp\/v2\/product\/25576\/revisions"}],"predecessor-version":[{"id":167423,"href":"https:\/\/www.ferberpainting.com\/si\/wp-json\/wp\/v2\/product\/25576\/revisions\/167423"}],"wp:featuredmedia":[{"embeddable":true,"href":"https:\/\/www.ferberpainting.com\/si\/wp-json\/wp\/v2\/media\/35872"}],"wp:attachment":[{"href":"https:\/\/www.ferberpainting.com\/si\/wp-json\/wp\/v2\/media?parent=25576"}],"wp:term":[{"taxonomy":"product_brand","embeddable":true,"href":"https:\/\/www.ferberpainting.com\/si\/wp-json\/wp\/v2\/product_brand?post=25576"},{"taxonomy":"product_cat","embeddable":true,"href":"https:\/\/www.ferberpainting.com\/si\/wp-json\/wp\/v2\/product_cat?post=25576"},{"taxonomy":"product_tag","embeddable":true,"href":"https:\/\/www.ferberpainting.com\/si\/wp-json\/wp\/v2\/product_tag?post=25576"}],"curies":[{"name":"wp","href":"https:\/\/api.w.org\/{rel}","templated":true}]}}