{"id":25321,"date":"2025-06-30T21:02:36","date_gmt":"2025-06-30T19:02:36","guid":{"rendered":"https:\/\/www.ferberpainting.com\/?post_type=product&#038;p=25321"},"modified":"2026-02-16T11:58:11","modified_gmt":"2026-02-16T10:58:11","slug":"stone-and-marble-water-repellent","status":"publish","type":"product","link":"https:\/\/www.ferberpainting.com\/si\/products\/stone-and-marble-water-repellent\/","title":{"rendered":"Hidrofobno za kamen in marmor"},"content":{"rendered":"<p><strong><img decoding=\"async\" style=\"margin-right: 12px;\" src=\"https:\/\/www.ferberpainting.com\/wp-content\/uploads\/2026\/02\/Check.svg\" alt=\"\" width=\"18\" height=\"15\" \/>Optimalna za\u0161\u010dita pred vlago.<\/strong>\u00a0Sredstvo za za\u0161\u010dito kamna in marmorja je posebej zasnovano za dolgotrajno za\u0161\u010dito pred vlago, vdorom vode in made\u017ei, hkrati pa ohranja naravno lepoto kamnitih ali marmornatih povr\u0161in. Oblikuje nevidno pregrado, ki prepre\u010duje prodiranje vode in teko\u010din, hkrati pa omogo\u010da dihanje materiala. Ta izdelek je idealen za zunanjo in notranjo uporabo, saj ohranja celovitost in videz va\u0161ih povr\u0161in.<\/p>\n<p><strong><img decoding=\"async\" style=\"margin-right: 12px;\" src=\"https:\/\/www.ferberpainting.com\/wp-content\/uploads\/2026\/02\/Check.svg\" alt=\"\" width=\"18\" height=\"15\" \/>Jamstvo vra\u010dila denarja.<\/strong>\u00a0Prepri\u010dani smo v u\u010dinkovitost na\u0161ega izdelka, zato ponujamo jamstvo za zadovoljstvo ali vra\u010dilo denarja. \u010ce iz kakr\u0161negakoli razloga niste popolnoma zadovoljni z vodoodpornim sredstvom za kamen in marmor, ste upravi\u010deni do celotnega vra\u010dila denarja. To jamstvo vam omogo\u010da, da na\u0161 izdelek kupite z zaupanjem in ga preizkusite brez tveganja.<\/p>\n<p><strong><img decoding=\"async\" style=\"margin-right: 12px;\" src=\"https:\/\/www.ferberpainting.com\/wp-content\/uploads\/2026\/02\/Check.svg\" alt=\"\" width=\"18\" height=\"15\" \/>Zdru\u017eljivost z ve\u010d povr\u0161inami.<\/strong>\u00a0\u010ceprav je prvenstveno namenjen za kamnite in marmorne povr\u0161ine, je zdru\u017eljiv tudi z drugimi materiali, kot so beton, cement, malta in druge vrste zidov. Ne glede na to, ali \u0161\u010ditite marmornata tla v kopalnici ali fasado iz naravnega kamna, se izdelek prilagodi razli\u010dnim vrstam povr\u0161in, pri \u010demer zagotavlja najve\u010djo u\u010dinkovitost.<\/p>\n<p><strong><img decoding=\"async\" style=\"margin-right: 12px;\" src=\"https:\/\/www.ferberpainting.com\/wp-content\/uploads\/2026\/02\/Check.svg\" alt=\"\" width=\"18\" height=\"15\" \/>Var\u010dno delovanje.<\/strong>\u00a0S stopnjo pokritosti od 6 do 10 m\u00b2 na liter je impregnacijsko sredstvo za kamen in marmor zelo ekonomi\u010dno. S 5-litrsko posodo lahko obdelamo povr\u0161ino od 30 do 50 m\u00b2, zato je idealna re\u0161itev za obse\u017ene projekte. Ne le, da imate koristi od dolgotrajne za\u0161\u010dite, temve\u010d tudi od odli\u010dnega razmerja med ceno in kakovostjo.<\/p>\n<p><strong><img decoding=\"async\" style=\"margin-right: 12px;\" src=\"https:\/\/www.ferberpainting.com\/wp-content\/uploads\/2026\/02\/Check.svg\" alt=\"\" width=\"18\" height=\"15\" \/>Varna uporaba.<\/strong>\u00a0Vodoodporno sredstvo za kamen in marmor je zasnovano tako, da je pri uporabi varno. Njegova posebej razvita formula ne vsebuje strupenih ali agresivnih snovi. Zato ga lahko brez skrbi uporabljate tako v notranjih kot zunanjih okoljih, vklju\u010dno z zaprtimi prostori, kot so dnevne sobe, kuhinje ali kopalnice. Ne oddaja \u0161kodljivih hlapov in ob uporabi v skladu z navodili ne predstavlja nevarnosti za zdravje.<\/p>\n<p><strong><img decoding=\"async\" style=\"margin-right: 12px;\" src=\"https:\/\/www.ferberpainting.com\/wp-content\/uploads\/2026\/02\/Check.svg\" alt=\"\" width=\"18\" height=\"15\" \/>Enostavna uporaba.<\/strong>\u00a0Ta izdelek je pripravljen za uporabo in ga je zelo enostavno uporabljati. Ni potrebna zapletena priprava ali red\u010denje. Vodoodporno sredstvo za kamen in marmor lahko nanesete neposredno na povr\u0161ino z razpr\u0161ilnikom, \u010dopi\u010dem ali valj\u010dkom, odvisno od velikosti povr\u0161ine in va\u0161ih \u017eelja. Teko\u010da in lahka tekstura zagotavlja enakomeren in lahek nanos, zato je idealen tako za doma\u010de mojstre kot za profesionalce.<\/p>\n<p><strong><img decoding=\"async\" style=\"margin-right: 12px;\" src=\"https:\/\/www.ferberpainting.com\/wp-content\/uploads\/2026\/02\/Check.svg\" alt=\"\" width=\"18\" height=\"15\" \/>Izjemna vzdr\u017eljivost.<\/strong>\u00a0Sredstvo za za\u0161\u010dito kamna in marmorja je zasnovano tako, da zagotavlja dolgoro\u010dno za\u0161\u010dito. Po nanosu ustvari za\u0161\u010ditni sloj, ki je odporen na vremenske vplive, temperaturne spremembe, made\u017ee in vlago. Ta za\u0161\u010dita traja ve\u010d let, odvisno od pogojev izpostavljenosti. Izdelek prodre globoko in u\u010dinkovito \u0161\u010diti, ne da bi spremenil naravni videz marmorja ali kamna.<\/p>\n<p><strong><img decoding=\"async\" style=\"margin-right: 12px;\" src=\"https:\/\/www.ferberpainting.com\/wp-content\/uploads\/2026\/02\/Check.svg\" alt=\"\" width=\"18\" height=\"15\" \/>Hitra uporaba in su\u0161enje.<\/strong>\u00a0Ta izdelek se ne le hitro nana\u0161a, temve\u010d se tudi dokaj hitro su\u0161i. Impregnacija za kamen in marmor se na otip posu\u0161i v 1 do 2 urah, pred ponovno uporabo obdelanih povr\u0161in pa je priporo\u010dljivo, da se popolnoma posu\u0161i pribli\u017eno 24 ur. Ta hiter \u010das su\u0161enja vam omogo\u010da u\u010dinkovito delo in skraj\u0161a \u010das zastoja med nanosom in uporabo obdelanih povr\u0161in.<\/p>\n<h2><strong>Protokol uporabe<\/strong><\/h2>\n<ul>\n<li><strong>Priprava povr\u0161ine <\/strong>: Pred nanosom impregnacijskega sredstva za kamen in marmor se prepri\u010dajte, da je povr\u0161ina \u010dista, suha in brez prahu, umazanije, plesni ali drugih ne\u010disto\u010d. \u010ce je povr\u0161ina umazana, jo o\u010distite z ustreznim \u010distilom in pustite, da se pred nanosom impregnacijskega sredstva posu\u0161i. Za odstranjevanje te\u017ekih made\u017eev lahko uporabite blag detergent.<\/li>\n<li><strong>Uporaba izdelka <\/strong>: Vodoodporno sredstvo za kamen in marmor je pripravljeno za uporabo, zato vam ga ni treba red\u010diti. Nanesite ga neposredno na povr\u0161ino z razpr\u0161ilnikom, \u010dopi\u010dem ali valj\u010dkom. Za optimalne rezultate poskrbite, da prekrijete celotno povr\u0161ino. \u010ce obdelujete veliko povr\u0161ino, jo je morda pametno obdelati po delih, da prepre\u010dite prehitro su\u0161enje izdelka, preden ga enakomerno razporedite.<\/li>\n<li><strong>Koli\u010dina za uporabo <\/strong>: Povpre\u010dni izkoristek je pribli\u017eno 6 do 10 m\u00b2 na liter, odvisno od poroznosti materiala. Petlitrska posoda zadostuje za obdelavo pribli\u017eno 30 do 50 m\u00b2. Zaradi tega je zelo ekonomi\u010den izdelek za obse\u017ene projekte.<\/li>\n<li><strong>\u010cas su\u0161enja <\/strong>: Po nanosu se izdelek na otip posu\u0161i v pribli\u017eno 1 do 2 urah. Vendar je za zagotovitev optimalne za\u0161\u010dite priporo\u010dljivo, da se popolnoma posu\u0161i v 24 urah. V tem obdobju su\u0161enja povr\u0161ine ne izpostavljajte vlagi ali vodi, da se lahko hidrofobna pregrada ustrezno oblikuje.<\/li>\n<li><strong>Ponovna vloga <\/strong>: Na zelo izpostavljenih povr\u0161inah ali na obmo\u010djih z visoko vla\u017enostjo lahko po nekaj letih ponovno nanesete barvo. Pred vsakim ponovnim nanosom se prepri\u010dajte, da povr\u0161ino temeljito o\u010distite, da odstranite vso umazanijo ali ostanke, ki bi lahko prepre\u010dili oprijem izdelka. Nato nanesite nov sloj impregnacijskega sredstva, da zagotovite trajno za\u0161\u010dito.<\/li>\n<li><strong>Vzdr\u017eevanje obdelanih povr\u0161in <\/strong>: Ko izdelek nanesete, postane povr\u0161ina odporna proti vlagi, made\u017eem in vdoru vode. Za vzdr\u017eevanje kamnitih ali marmornatih povr\u0161in jih preprosto redno \u010distite s \u010disto vodo in mehko krpo. Ni priporo\u010dljivo uporabljati kislih ali abrazivnih izdelkov, saj lahko ti po\u0161kodujejo za\u0161\u010ditni sloj in vplivajo na videz materiala.<\/li>\n<\/ul>","protected":false},"excerpt":{"rendered":"<p>Optimal moisture protection.\u00a0The stone and marble waterproofer is specially designed to provide long-lasting protection against moisture, water infiltration, and stains, while preserving the natural beauty of your stone or marble surfaces. It forms an invisible barrier that prevents water and liquids from penetrating while allowing the material to breathe. Ideal for both outdoor and indoor [&hellip;]<\/p>\n","protected":false},"featured_media":35938,"comment_status":"open","ping_status":"closed","template":"","meta":{"_uag_custom_page_level_css":"","site-sidebar-layout":"default","site-content-layout":"","ast-site-content-layout":"default","site-content-style":"default","site-sidebar-style":"default","ast-global-header-display":"","ast-banner-title-visibility":"","ast-main-header-display":"","ast-hfb-above-header-display":"","ast-hfb-below-header-display":"","ast-hfb-mobile-header-display":"","site-post-title":"","ast-breadcrumbs-content":"","ast-featured-img":"","footer-sml-layout":"","ast-disable-related-posts":"","theme-transparent-header-meta":"default","adv-header-id-meta":"","stick-header-meta":"","header-above-stick-meta":"","header-main-stick-meta":"","header-below-stick-meta":"","astra-migrate-meta-layouts":"set","ast-page-background-enabled":"default","ast-page-background-meta":{"desktop":{"background-color":"var(--ast-global-color-4)","background-image":"","background-repeat":"repeat","background-position":"center center","background-size":"auto","background-attachment":"scroll","background-type":"","background-media":"","overlay-type":"","overlay-color":"","overlay-opacity":"","overlay-gradient":""},"tablet":{"background-color":"","background-image":"","background-repeat":"repeat","background-position":"center center","background-size":"auto","background-attachment":"scroll","background-type":"","background-media":"","overlay-type":"","overlay-color":"","overlay-opacity":"","overlay-gradient":""},"mobile":{"background-color":"","background-image":"","background-repeat":"repeat","background-position":"center center","background-size":"auto","background-attachment":"scroll","background-type":"","background-media":"","overlay-type":"","overlay-color":"","overlay-opacity":"","overlay-gradient":""}},"ast-content-background-meta":{"desktop":{"background-color":"var(--ast-global-color-5)","background-image":"","background-repeat":"repeat","background-position":"center center","background-size":"auto","background-attachment":"scroll","background-type":"","background-media":"","overlay-type":"","overlay-color":"","overlay-opacity":"","overlay-gradient":""},"tablet":{"background-color":"var(--ast-global-color-5)","background-image":"","background-repeat":"repeat","background-position":"center center","background-size":"auto","background-attachment":"scroll","background-type":"","background-media":"","overlay-type":"","overlay-color":"","overlay-opacity":"","overlay-gradient":""},"mobile":{"background-color":"var(--ast-global-color-5)","background-image":"","background-repeat":"repeat","background-position":"center center","background-size":"auto","background-attachment":"scroll","background-type":"","background-media":"","overlay-type":"","overlay-color":"","overlay-opacity":"","overlay-gradient":""}}},"product_brand":[],"product_cat":[191],"product_tag":[],"class_list":{"0":"post-25321","1":"product","2":"type-product","3":"status-publish","4":"has-post-thumbnail","6":"product_cat-water-repellent","7":"desktop-align-left","8":"tablet-align-left","9":"mobile-align-left","11":"first","12":"instock","13":"sale","14":"shipping-taxable","15":"purchasable","16":"product-type-variable","17":"has-default-attributes"},"spectra_custom_meta":{"_visibility":["visible"],"_shopify_product_id":["9106658263285"],"_s2w_shopify_domain":["ferberpainting.myshopify.com"],"_shopify_variant_id":["46626416394485"],"_sku":[""],"_manage_stock":["no"],"total_sales":["107"],"_tax_status":["taxable"],"_tax_class":[""],"_backorders":["no"],"_sold_individually":["no"],"_virtual":["no"],"_downloadable":["no"],"_download_limit":["-1"],"_download_expiry":["-1"],"_stock":[null],"_stock_status":["instock"],"_wc_average_rating":["5.00"],"_wc_review_count":["29"],"_product_attributes":["a:1:{s:6:\"volume\";a:6:{s:4:\"name\";s:6:\"Volume\";s:5:\"value\";s:20:\"5 liters | 25 liters\";s:8:\"position\";i:1;s:10:\"is_visible\";i:0;s:12:\"is_variation\";i:1;s:11:\"is_taxonomy\";i:0;}}"],"_product_version":["10.5.1"],"wpse_downloadable_file_names":[""],"wpse_downloadable_file_urls":[""],"_edit_last":["1"],"_default_attributes":["a:1:{s:6:\"volume\";s:8:\"5 liters\";}"],"_edit_lock":["1771239352:1"],"_price":["29.90","129.90"],"merchant-center-availability":["yes"],"merchant-center-category":["503738"],"_thumbnail_id":["35938"],"_wp_page_template":["default"],"_wp_old_date":["2025-05-26"],"_product_image_gallery":["35939"],"site-sidebar-layout":["default"],"ast-site-content-layout":["default"],"site-content-style":["default"],"site-sidebar-style":["default"],"theme-transparent-header-meta":["default"],"_wc_rating_count":["a:1:{i:5;i:29;}"],"astra-migrate-meta-layouts":["set"],"_uag_css_file_name":["uag-css-25321.css"],"_elementor_page_assets":["a:0:{}"],"_uag_page_assets":["a:9:{s:3:\"css\";s:6873:\".wp-block-uagb-image{display:flex}.wp-block-uagb-image__figure{position:relative;display:flex;flex-direction:column;max-width:100%;height:auto;margin:0}.wp-block-uagb-image__figure img{height:auto;display:flex;max-width:100%;transition:box-shadow .2s ease}.wp-block-uagb-image__figure>a{display:inline-block}.wp-block-uagb-image__figure figcaption{text-align:center;margin-top:.5em;margin-bottom:1em}.wp-block-uagb-image .components-placeholder.block-editor-media-placeholder .components-placeholder__instructions{align-self:center}.wp-block-uagb-image--align-left{text-align:left}.wp-block-uagb-image--align-right{text-align:right}.wp-block-uagb-image--align-center{text-align:center}.wp-block-uagb-image--align-full .wp-block-uagb-image__figure{margin-left:calc(50% - 50vw);margin-right:calc(50% - 50vw);max-width:100vw;width:100vw;height:auto}.wp-block-uagb-image--align-full .wp-block-uagb-image__figure img{height:auto;width:100% !important}.wp-block-uagb-image--align-wide .wp-block-uagb-image__figure img{height:auto;width:100%}.wp-block-uagb-image--layout-overlay__color-wrapper{position:absolute;left:0;top:0;right:0;bottom:0;opacity:.2;background:rgba(0,0,0,.5);transition:opacity .35s ease-in-out}.wp-block-uagb-image--layout-overlay-link{position:absolute;left:0;right:0;bottom:0;top:0}.wp-block-uagb-image--layout-overlay .wp-block-uagb-image__figure:hover .wp-block-uagb-image--layout-overlay__color-wrapper{opacity:1}.wp-block-uagb-image--layout-overlay__inner{position:absolute;left:15px;right:15px;bottom:15px;top:15px;display:flex;align-items:center;justify-content:center;flex-direction:column;border-color:#fff;transition:.35s ease-in-out}.wp-block-uagb-image--layout-overlay__inner.top-left,.wp-block-uagb-image--layout-overlay__inner.top-center,.wp-block-uagb-image--layout-overlay__inner.top-right{justify-content:flex-start}.wp-block-uagb-image--layout-overlay__inner.bottom-left,.wp-block-uagb-image--layout-overlay__inner.bottom-center,.wp-block-uagb-image--layout-overlay__inner.bottom-right{justify-content:flex-end}.wp-block-uagb-image--layout-overlay__inner.top-left,.wp-block-uagb-image--layout-overlay__inner.center-left,.wp-block-uagb-image--layout-overlay__inner.bottom-left{align-items:flex-start}.wp-block-uagb-image--layout-overlay__inner.top-right,.wp-block-uagb-image--layout-overlay__inner.center-right,.wp-block-uagb-image--layout-overlay__inner.bottom-right{align-items:flex-end}.wp-block-uagb-image--layout-overlay__inner .uagb-image-heading{color:#fff;transition:transform .35s,opacity .35s ease-in-out;transform:translate3d(0, 24px, 0);margin:0;line-height:1em}.wp-block-uagb-image--layout-overlay__inner .uagb-image-separator{width:30%;border-top-width:2px;border-top-color:#fff;border-top-style:solid;margin-bottom:10px;opacity:0;transition:transform .4s,opacity .4s ease-in-out;transform:translate3d(0, 30px, 0)}.wp-block-uagb-image--layout-overlay__inner .uagb-image-caption{opacity:0;overflow:visible;color:#fff;transition:transform .45s,opacity .45s ease-in-out;transform:translate3d(0, 35px, 0)}.wp-block-uagb-image--layout-overlay__inner:hover .uagb-image-heading,.wp-block-uagb-image--layout-overlay__inner:hover .uagb-image-separator,.wp-block-uagb-image--layout-overlay__inner:hover .uagb-image-caption{opacity:1;transform:translate3d(0, 0, 0)}.wp-block-uagb-image--effect-zoomin .wp-block-uagb-image__figure img,.wp-block-uagb-image--effect-zoomin .wp-block-uagb-image__figure .wp-block-uagb-image--layout-overlay__color-wrapper{transform:scale(1);transition:transform .35s ease-in-out}.wp-block-uagb-image--effect-zoomin .wp-block-uagb-image__figure:hover img,.wp-block-uagb-image--effect-zoomin .wp-block-uagb-image__figure:hover .wp-block-uagb-image--layout-overlay__color-wrapper{transform:scale(1.05)}.wp-block-uagb-image--effect-slide .wp-block-uagb-image__figure img,.wp-block-uagb-image--effect-slide .wp-block-uagb-image__figure .wp-block-uagb-image--layout-overlay__color-wrapper{width:calc(100% + 40px) !important;max-width:none !important;transform:translate3d(-40px, 0, 0);transition:transform .35s ease-in-out}.wp-block-uagb-image--effect-slide .wp-block-uagb-image__figure:hover img,.wp-block-uagb-image--effect-slide .wp-block-uagb-image__figure:hover .wp-block-uagb-image--layout-overlay__color-wrapper{transform:translate3d(0, 0, 0)}.wp-block-uagb-image--effect-grayscale img{filter:grayscale(0%);transition:.35s ease-in-out}.wp-block-uagb-image--effect-grayscale:hover img{filter:grayscale(100%)}.wp-block-uagb-image--effect-blur img{filter:blur(0);transition:.35s ease-in-out}.wp-block-uagb-image--effect-blur:hover img{filter:blur(3px)}.uagb-block-e6f939b3.wp-block-uagb-image--layout-default figure img{box-shadow: 0px 0px 0 #00000070;}.uagb-block-e6f939b3.wp-block-uagb-image .wp-block-uagb-image__figure figcaption{font-style: normal;align-self: center;}.uagb-block-e6f939b3.wp-block-uagb-image--layout-overlay figure img{box-shadow: 0px 0px 0 #00000070;}.uagb-block-e6f939b3.wp-block-uagb-image--layout-overlay .wp-block-uagb-image--layout-overlay__color-wrapper{opacity: 0.2;}.uagb-block-e6f939b3.wp-block-uagb-image--layout-overlay .wp-block-uagb-image--layout-overlay__inner{left: 15px;right: 15px;top: 15px;bottom: 15px;}.uagb-block-e6f939b3.wp-block-uagb-image--layout-overlay .wp-block-uagb-image--layout-overlay__inner .uagb-image-heading{font-style: normal;color: #fff;opacity: 1;}.uagb-block-e6f939b3.wp-block-uagb-image--layout-overlay .wp-block-uagb-image--layout-overlay__inner .uagb-image-heading a{color: #fff;}.uagb-block-e6f939b3.wp-block-uagb-image--layout-overlay .wp-block-uagb-image--layout-overlay__inner .uagb-image-caption{opacity: 0;}.uagb-block-e6f939b3.wp-block-uagb-image--layout-overlay .wp-block-uagb-image__figure:hover .wp-block-uagb-image--layout-overlay__color-wrapper{opacity: 1;}.uagb-block-e6f939b3.wp-block-uagb-image .wp-block-uagb-image--layout-overlay__inner .uagb-image-separator{width: 30%;border-top-width: 2px;border-top-color: #fff;opacity: 0;}.uagb-block-e6f939b3.wp-block-uagb-image .wp-block-uagb-image__figure img{width: px;height: auto;}.uagb-block-e6f939b3.wp-block-uagb-image .wp-block-uagb-image__figure:hover .wp-block-uagb-image--layout-overlay__inner .uagb-image-caption{opacity: 1;}.uagb-block-e6f939b3.wp-block-uagb-image .wp-block-uagb-image__figure:hover .wp-block-uagb-image--layout-overlay__inner .uagb-image-separator{opacity: 1;}.uagb-block-e6f939b3.wp-block-uagb-image--layout-default figure:hover img{box-shadow: 0px 0px 0 #00000070;}.uagb-block-e6f939b3.wp-block-uagb-image--layout-overlay figure:hover img{box-shadow: 0px 0px 0 #00000070;}@media only screen and (max-width: 976px) {.uagb-block-e6f939b3.wp-block-uagb-image .wp-block-uagb-image__figure img{width: px;height: auto;}}@media only screen and (max-width: 767px) {.uagb-block-e6f939b3.wp-block-uagb-image .wp-block-uagb-image__figure img{width: px;height: auto;}}\";s:2:\"js\";s:0:\"\";s:18:\"current_block_list\";a:13:{i:0;s:11:\"core\/search\";i:1;s:10:\"core\/group\";i:2;s:12:\"core\/heading\";i:3;s:17:\"core\/latest-posts\";i:4;s:20:\"core\/latest-comments\";i:5;s:13:\"core\/archives\";i:6;s:15:\"core\/categories\";i:7;s:14:\"core\/paragraph\";i:8;s:10:\"uagb\/image\";i:9;s:11:\"core\/spacer\";i:10;s:30:\"woocommerce\/product-categories\";i:11;s:10:\"core\/image\";i:12;s:14:\"core\/shortcode\";}s:8:\"uag_flag\";b:1;s:11:\"uag_version\";s:10:\"1777093353\";s:6:\"gfonts\";a:0:{}s:10:\"gfonts_url\";s:0:\"\";s:12:\"gfonts_files\";a:0:{}s:14:\"uag_faq_layout\";b:0;}"]},"uagb_featured_image_src":{"full":["https:\/\/www.ferberpainting.com\/wp-content\/uploads\/2025\/05\/Stone-and-Marble-Water-Repellent-5L-.png",2560,2560,false],"thumbnail":["https:\/\/www.ferberpainting.com\/wp-content\/uploads\/2025\/05\/Stone-and-Marble-Water-Repellent-5L--150x150.png",150,150,true],"medium":["https:\/\/www.ferberpainting.com\/wp-content\/uploads\/2025\/05\/Stone-and-Marble-Water-Repellent-5L--300x300.png",300,300,true],"medium_large":["https:\/\/www.ferberpainting.com\/wp-content\/uploads\/2025\/05\/Stone-and-Marble-Water-Repellent-5L--768x768.png",768,768,true],"large":["https:\/\/www.ferberpainting.com\/wp-content\/uploads\/2025\/05\/Stone-and-Marble-Water-Repellent-5L--1024x1024.png",1024,1024,true],"1536x1536":["https:\/\/www.ferberpainting.com\/wp-content\/uploads\/2025\/05\/Stone-and-Marble-Water-Repellent-5L--1536x1536.png",1536,1536,true],"2048x2048":["https:\/\/www.ferberpainting.com\/wp-content\/uploads\/2025\/05\/Stone-and-Marble-Water-Repellent-5L--2048x2048.png",2048,2048,true],"trp-custom-language-flag":["https:\/\/www.ferberpainting.com\/wp-content\/uploads\/2025\/05\/Stone-and-Marble-Water-Repellent-5L--12x12.png",12,12,true],"woocommerce_thumbnail":["https:\/\/www.ferberpainting.com\/wp-content\/uploads\/2025\/05\/Stone-and-Marble-Water-Repellent-5L--300x300.png",300,300,true],"woocommerce_single":["https:\/\/www.ferberpainting.com\/wp-content\/uploads\/2025\/05\/Stone-and-Marble-Water-Repellent-5L--600x600.png",600,600,true],"woocommerce_gallery_thumbnail":["https:\/\/www.ferberpainting.com\/wp-content\/uploads\/2025\/05\/Stone-and-Marble-Water-Repellent-5L--100x100.png",100,100,true]},"uagb_author_info":{"display_name":"admin","author_link":"https:\/\/www.ferberpainting.com\/si\/author\/"},"uagb_comment_info":29,"uagb_excerpt":"Optimal moisture protection.\u00a0The stone and marble waterproofer is specially designed to provide long-lasting protection against moisture, water infiltration, and stains, while preserving the natural beauty of your stone or marble surfaces. It forms an invisible barrier that prevents water and liquids from penetrating while allowing the material to breathe. Ideal for both outdoor and indoor&hellip;","_links":{"self":[{"href":"https:\/\/www.ferberpainting.com\/si\/wp-json\/wp\/v2\/product\/25321","targetHints":{"allow":["GET"]}}],"collection":[{"href":"https:\/\/www.ferberpainting.com\/si\/wp-json\/wp\/v2\/product"}],"about":[{"href":"https:\/\/www.ferberpainting.com\/si\/wp-json\/wp\/v2\/types\/product"}],"replies":[{"embeddable":true,"href":"https:\/\/www.ferberpainting.com\/si\/wp-json\/wp\/v2\/comments?post=25321"}],"version-history":[{"count":3,"href":"https:\/\/www.ferberpainting.com\/si\/wp-json\/wp\/v2\/product\/25321\/revisions"}],"predecessor-version":[{"id":167345,"href":"https:\/\/www.ferberpainting.com\/si\/wp-json\/wp\/v2\/product\/25321\/revisions\/167345"}],"wp:featuredmedia":[{"embeddable":true,"href":"https:\/\/www.ferberpainting.com\/si\/wp-json\/wp\/v2\/media\/35938"}],"wp:attachment":[{"href":"https:\/\/www.ferberpainting.com\/si\/wp-json\/wp\/v2\/media?parent=25321"}],"wp:term":[{"taxonomy":"product_brand","embeddable":true,"href":"https:\/\/www.ferberpainting.com\/si\/wp-json\/wp\/v2\/product_brand?post=25321"},{"taxonomy":"product_cat","embeddable":true,"href":"https:\/\/www.ferberpainting.com\/si\/wp-json\/wp\/v2\/product_cat?post=25321"},{"taxonomy":"product_tag","embeddable":true,"href":"https:\/\/www.ferberpainting.com\/si\/wp-json\/wp\/v2\/product_tag?post=25321"}],"curies":[{"name":"wp","href":"https:\/\/api.w.org\/{rel}","templated":true}]}}