{"id":25290,"date":"2025-06-30T21:30:42","date_gmt":"2025-06-30T19:30:42","guid":{"rendered":"https:\/\/www.ferberpainting.com\/?post_type=product&#038;p=25287"},"modified":"2026-02-16T10:38:42","modified_gmt":"2026-02-16T09:38:42","slug":"shower-and-bathroom-cleaner","status":"publish","type":"product","link":"https:\/\/www.ferberpainting.com\/si\/products\/shower-and-bathroom-cleaner\/","title":{"rendered":"\u010cistilo za kopalnico in prho"},"content":{"rendered":"<p><strong><img decoding=\"async\" style=\"margin-right: 12px;\" src=\"https:\/\/www.ferberpainting.com\/wp-content\/uploads\/2026\/02\/Check.svg\" alt=\"\" width=\"18\" height=\"15\" \/>Optimalna u\u010dinkovitost.<\/strong>\u00a0To \u010distilo za kopalnico in prho je posebej zasnovano za odstranjevanje vodnega kamna, milne go\u0161\u010de, ostankov zobne paste, plesni in vse umazanije, ki se s\u010dasoma nabere. Njegova mo\u010dna formula takoj raztopi ne\u010disto\u010de in povr\u0161inam povrne prvotni sijaj. V enem samem koraku zagotavlja popolno \u010disto\u010do in dolgotrajen sijaj.<\/p>\n<p><strong><img decoding=\"async\" style=\"margin-right: 12px;\" src=\"https:\/\/www.ferberpainting.com\/wp-content\/uploads\/2026\/02\/Check.svg\" alt=\"\" width=\"18\" height=\"15\" \/>Jamstvo vra\u010dila denarja.<\/strong>\u00a0Popolnoma smo prepri\u010dani v u\u010dinkovitost na\u0161ega \u010distilca. \u010ce po uporabi niste popolnoma zadovoljni z rezultati, ste upravi\u010deni do popolnega vra\u010dila denarja. Preizkusite brez tveganja in z lahkoto povrnite svoji kopalnici prvotni sijaj.<\/p>\n<p><strong><img decoding=\"async\" style=\"margin-right: 12px;\" src=\"https:\/\/www.ferberpainting.com\/wp-content\/uploads\/2026\/02\/Check.svg\" alt=\"\" width=\"18\" height=\"15\" \/>Izjemna vsestranskost.<\/strong>\u00a0To \u010distilo ni omejeno le na stene tu\u0161ev! Idealno je tudi za \u010di\u0161\u010denje kopalnih kadi, umivalnikov, pip, spojev plo\u0161\u010dic, umivalnikov, tu\u0161 kabine, akrilnih in kerami\u010dnih povr\u0161in, steklenih plo\u0161\u010d in ogledal. Deluje na keramiki, porcelanu, nerjavnem jeklu, steklu, plasti\u010dnih povr\u0161inah in celo smoli. Zagotavlja u\u010dinkovito \u010di\u0161\u010denje \u0161irokega spektra materialov, ne da bi jih po\u0161kodoval ali matiral.<\/p>\n<p><strong><img decoding=\"async\" style=\"margin-right: 12px;\" src=\"https:\/\/www.ferberpainting.com\/wp-content\/uploads\/2026\/02\/Check.svg\" alt=\"\" width=\"18\" height=\"15\" \/>Stro\u0161kovna u\u010dinkovitost.<\/strong>\u00a0To \u010distilo s 5-litrsko posodo in izjemno u\u010dinkovito formulo zagotavlja odli\u010dno pokritost. Majhna koli\u010dina izdelka zadostuje za \u010di\u0161\u010denje velikih povr\u0161in brez odpadkov. V povpre\u010dju en liter o\u010disti do 20 m\u00b2, zato je to gospodarna in dolgotrajna re\u0161itev za vzdr\u017eevanje kopalnic in opreme za prhanje.<\/p>\n<p><strong><img decoding=\"async\" style=\"margin-right: 12px;\" src=\"https:\/\/www.ferberpainting.com\/wp-content\/uploads\/2026\/02\/Check.svg\" alt=\"\" width=\"18\" height=\"15\" \/>Varna uporaba.<\/strong>\u00a0V nasprotju z jedkimi izdelki, ki vsebujejo mo\u010dna sredstva, je to \u010distilo izdelano iz nestrupenih, za zdravje in okolje varnih sestavin. Ne oddaja strupenih hlapov, ne dra\u017ei ko\u017ee in ne po\u0161koduje obdelanih materialov. Varno je za ob\u010dutljive povr\u0161ine, zato ga lahko uporabljate v bli\u017eini otrok ali hi\u0161nih ljubljen\u010dkov, kar zagotavlja varno vsakodnevno uporabo.<\/p>\n<p><strong><img decoding=\"async\" style=\"margin-right: 12px;\" src=\"https:\/\/www.ferberpainting.com\/wp-content\/uploads\/2026\/02\/Check.svg\" alt=\"\" width=\"18\" height=\"15\" \/>Enostavnost uporabe.<\/strong>\u00a0To \u010distilo je pripravljeno za uporabo in ne potrebuje red\u010denja ali zapletene priprave. Uporabite ga lahko neposredno s krpo, gobo ali razpr\u0161ilnikom. Njegovo hitro delovanje in intuitivna uporaba zagotavljata u\u010dinkovito \u010di\u0161\u010denje z minimalnim naporom, zaradi \u010desar je vzdr\u017eevanje kopalnice preprostej\u0161e in prijetnej\u0161e.<\/p>\n<p><strong><img decoding=\"async\" style=\"margin-right: 12px;\" src=\"https:\/\/www.ferberpainting.com\/wp-content\/uploads\/2026\/02\/Check.svg\" alt=\"\" width=\"18\" height=\"15\" \/>Ve\u010dja vzdr\u017eljivost.<\/strong>\u00a0Z odstranjevanjem oblog vodnega kamna in upo\u010dasnitvijo njihovega ponovnega pojava to \u010distilo podalj\u0161a \u017eivljenjsko dobo kopalni\u0161ke opreme in opreme za prhanje. Pomaga ohranjati sijaj steklenih povr\u0161in in povr\u0161in iz nerjavnega jekla, saj prepre\u010duje nabiranje mineralnih ostankov. Redna uporaba zagotavlja ble\u0161\u010de\u010de povr\u0161ine in bolj\u0161o odpornost na zunanje vplive, kot so vlaga in kozmeti\u010dni izdelki.<\/p>\n<p><strong><img decoding=\"async\" style=\"margin-right: 12px;\" src=\"https:\/\/www.ferberpainting.com\/wp-content\/uploads\/2026\/02\/Check.svg\" alt=\"\" width=\"18\" height=\"15\" \/>Hitro ukrepanje.<\/strong>\u00a0Zahvaljujo\u010d zelo aktivni formuli to \u010distilo takoj odstrani umazanijo in vodni kamen. V le nekaj sekundah raztopi ne\u010disto\u010de in jih zlahka obri\u0161e brez mo\u010dnega drgnjenja. V minimalnem \u010dasu zagotavlja \u010disto in higieni\u010dno kopalnico, kar je idealno za hitro in u\u010dinkovito vzdr\u017eevanje.<\/p>\n<h2><strong>Navodila za uporabo<\/strong><\/h2>\n<ul>\n<li><strong>Priprava <\/strong>: Pred nanosom izdelka se prepri\u010dajte, da je povr\u0161ina suha ali rahlo vla\u017ena. Odstranite vse predmete, ki bi lahko pri\u0161li v stik s \u010distilom, da zagotovite optimalno \u010di\u0161\u010denje.<\/li>\n<li><strong>Ro\u010dna uporaba <\/strong>: Na gobo, \u010disto krpo ali mehko krta\u010do nalijte majhno koli\u010dino \u010distila in ga enakomerno nanesite na povr\u0161ino, pri \u010demer mo\u010dno umazane povr\u0161ine bolj zdrgnite.<\/li>\n<li><strong>Uporaba na steklenih plo\u0161\u010dah in ogledalih <\/strong>: Razpr\u0161ite izdelek neposredno na povr\u0161ino in ga obri\u0161ite s krpo iz mikrovlaken, da se izognete progam.<\/li>\n<li><strong>\u010ci\u0161\u010denje in ukrepanje <\/strong>: Pustite delovati 2 do 5 minut, da \u010distilo raztopi milne usedline in vodni kamen. Za mo\u010dno umazanijo ne\u017eno drgnite z gobo ali mehko krta\u010do.<\/li>\n<li><strong>Izpiranje <\/strong>: Temeljito sperite s \u010disto vodo, da odstranite vse ostanke izdelka in zagotovite \u010dist in sijo\u010d videz.<\/li>\n<li><strong>Su\u0161enje in dodelava <\/strong>: Obri\u0161ite s \u010disto krpo ali \u0161\u010detko, da prepre\u010dite nastanek prog na ogledalih in pipah.<\/li>\n<li><strong>Pogostost uporabe <\/strong>: Za vzdr\u017eevanje \u010diste kopalnice brez vodnega kamna ga uporabljajte enkrat ali dvakrat na teden. Za redno vzdr\u017eevanje ga uporabite po vsakem tu\u0161iranju, da prepre\u010dite nabiranje usedlin.<\/li>\n<li><strong>Shranjevanje <\/strong>: Po vsaki uporabi posodo tesno zaprite in jo hranite v hladnem in suhem prostoru, stran od svetlobe in ekstremnih temperatur, da se ohrani popolna u\u010dinkovitost izdelka v dalj\u0161em \u010dasovnem obdobju.<\/li>\n<\/ul>\n<p>Z na\u0161im \u010distilom za kopalnice in prhe u\u017eivajte v hitrem, u\u010dinkovitem in varnem \u010di\u0161\u010denju, hkrati pa ohranite sijaj in vzdr\u017eljivost povr\u0161in. Nepogre\u0161ljiv izdelek za higieni\u010dno in sijo\u010do kopalnico vsak dan.<\/p>","protected":false},"excerpt":{"rendered":"<p>Optimal Effectiveness.\u00a0This bathroom and shower cleaner is specially designed to eliminate limescale, soap scum, toothpaste residue, mold, and all the grime that builds up over time. Its powerful formula instantly dissolves impurities and restores surfaces to their original shine. It ensures perfect cleanliness and lasting brilliance in a single step. Money-back guarantee.\u00a0We are completely confident [&hellip;]<\/p>\n","protected":false},"featured_media":35964,"comment_status":"open","ping_status":"closed","template":"","meta":{"_uag_custom_page_level_css":"","site-sidebar-layout":"default","site-content-layout":"","ast-site-content-layout":"default","site-content-style":"default","site-sidebar-style":"default","ast-global-header-display":"","ast-banner-title-visibility":"","ast-main-header-display":"","ast-hfb-above-header-display":"","ast-hfb-below-header-display":"","ast-hfb-mobile-header-display":"","site-post-title":"","ast-breadcrumbs-content":"","ast-featured-img":"","footer-sml-layout":"","ast-disable-related-posts":"","theme-transparent-header-meta":"default","adv-header-id-meta":"","stick-header-meta":"","header-above-stick-meta":"","header-main-stick-meta":"","header-below-stick-meta":"","astra-migrate-meta-layouts":"set","ast-page-background-enabled":"default","ast-page-background-meta":{"desktop":{"background-color":"var(--ast-global-color-4)","background-image":"","background-repeat":"repeat","background-position":"center center","background-size":"auto","background-attachment":"scroll","background-type":"","background-media":"","overlay-type":"","overlay-color":"","overlay-opacity":"","overlay-gradient":""},"tablet":{"background-color":"","background-image":"","background-repeat":"repeat","background-position":"center center","background-size":"auto","background-attachment":"scroll","background-type":"","background-media":"","overlay-type":"","overlay-color":"","overlay-opacity":"","overlay-gradient":""},"mobile":{"background-color":"","background-image":"","background-repeat":"repeat","background-position":"center center","background-size":"auto","background-attachment":"scroll","background-type":"","background-media":"","overlay-type":"","overlay-color":"","overlay-opacity":"","overlay-gradient":""}},"ast-content-background-meta":{"desktop":{"background-color":"var(--ast-global-color-5)","background-image":"","background-repeat":"repeat","background-position":"center center","background-size":"auto","background-attachment":"scroll","background-type":"","background-media":"","overlay-type":"","overlay-color":"","overlay-opacity":"","overlay-gradient":""},"tablet":{"background-color":"var(--ast-global-color-5)","background-image":"","background-repeat":"repeat","background-position":"center center","background-size":"auto","background-attachment":"scroll","background-type":"","background-media":"","overlay-type":"","overlay-color":"","overlay-opacity":"","overlay-gradient":""},"mobile":{"background-color":"var(--ast-global-color-5)","background-image":"","background-repeat":"repeat","background-position":"center center","background-size":"auto","background-attachment":"scroll","background-type":"","background-media":"","overlay-type":"","overlay-color":"","overlay-opacity":"","overlay-gradient":""}}},"product_brand":[],"product_cat":[175],"product_tag":[],"class_list":{"0":"post-25290","1":"product","2":"type-product","3":"status-publish","4":"has-post-thumbnail","6":"product_cat-cleaning-products","7":"desktop-align-left","8":"tablet-align-left","9":"mobile-align-left","11":"first","12":"instock","13":"sale","14":"taxable","15":"shipping-taxable","16":"purchasable","17":"product-type-variable","18":"has-default-attributes"},"spectra_custom_meta":{"_visibility":["visible"],"_shopify_product_id":["9102379385077"],"_s2w_shopify_domain":["ferberpainting.myshopify.com"],"_shopify_variant_id":["46616149524725"],"_sku":[""],"_manage_stock":["no"],"total_sales":["15"],"_tax_status":["taxable"],"_tax_class":[""],"_backorders":["no"],"_sold_individually":["no"],"_virtual":["no"],"_downloadable":["no"],"_download_limit":["-1"],"_download_expiry":["-1"],"_stock":[null],"_stock_status":["instock"],"_wc_average_rating":["5.00"],"_wc_review_count":["11"],"_product_attributes":["a:1:{s:6:\"volume\";a:6:{s:4:\"name\";s:6:\"Volume\";s:5:\"value\";s:20:\"5 liters | 25 liters\";s:8:\"position\";i:1;s:10:\"is_visible\";i:0;s:12:\"is_variation\";i:1;s:11:\"is_taxonomy\";i:0;}}"],"_product_version":["10.5.1"],"wpse_downloadable_file_names":[""],"wpse_downloadable_file_urls":[""],"_edit_last":["1"],"_default_attributes":["a:1:{s:6:\"volume\";s:8:\"5 liters\";}"],"_edit_lock":["1771234590:1"],"_price":["29.90","129.90"],"merchant-center-availability":["yes"],"merchant-center-category":["4981"],"_thumbnail_id":["35964"],"_wp_page_template":["default"],"_wp_old_date":["2025-05-26"],"_product_image_gallery":["35965"],"site-sidebar-layout":["default"],"ast-site-content-layout":["default"],"site-content-style":["default"],"site-sidebar-style":["default"],"theme-transparent-header-meta":["default"],"_wc_rating_count":["a:1:{i:5;i:11;}"],"astra-migrate-meta-layouts":["set"],"_uag_css_file_name":["uag-css-25290.css"],"_elementor_page_assets":["a:0:{}"],"_uag_page_assets":["a:9:{s:3:\"css\";s:6873:\".wp-block-uagb-image{display:flex}.wp-block-uagb-image__figure{position:relative;display:flex;flex-direction:column;max-width:100%;height:auto;margin:0}.wp-block-uagb-image__figure img{height:auto;display:flex;max-width:100%;transition:box-shadow .2s ease}.wp-block-uagb-image__figure>a{display:inline-block}.wp-block-uagb-image__figure figcaption{text-align:center;margin-top:.5em;margin-bottom:1em}.wp-block-uagb-image .components-placeholder.block-editor-media-placeholder .components-placeholder__instructions{align-self:center}.wp-block-uagb-image--align-left{text-align:left}.wp-block-uagb-image--align-right{text-align:right}.wp-block-uagb-image--align-center{text-align:center}.wp-block-uagb-image--align-full .wp-block-uagb-image__figure{margin-left:calc(50% - 50vw);margin-right:calc(50% - 50vw);max-width:100vw;width:100vw;height:auto}.wp-block-uagb-image--align-full .wp-block-uagb-image__figure img{height:auto;width:100% !important}.wp-block-uagb-image--align-wide .wp-block-uagb-image__figure img{height:auto;width:100%}.wp-block-uagb-image--layout-overlay__color-wrapper{position:absolute;left:0;top:0;right:0;bottom:0;opacity:.2;background:rgba(0,0,0,.5);transition:opacity .35s ease-in-out}.wp-block-uagb-image--layout-overlay-link{position:absolute;left:0;right:0;bottom:0;top:0}.wp-block-uagb-image--layout-overlay .wp-block-uagb-image__figure:hover .wp-block-uagb-image--layout-overlay__color-wrapper{opacity:1}.wp-block-uagb-image--layout-overlay__inner{position:absolute;left:15px;right:15px;bottom:15px;top:15px;display:flex;align-items:center;justify-content:center;flex-direction:column;border-color:#fff;transition:.35s ease-in-out}.wp-block-uagb-image--layout-overlay__inner.top-left,.wp-block-uagb-image--layout-overlay__inner.top-center,.wp-block-uagb-image--layout-overlay__inner.top-right{justify-content:flex-start}.wp-block-uagb-image--layout-overlay__inner.bottom-left,.wp-block-uagb-image--layout-overlay__inner.bottom-center,.wp-block-uagb-image--layout-overlay__inner.bottom-right{justify-content:flex-end}.wp-block-uagb-image--layout-overlay__inner.top-left,.wp-block-uagb-image--layout-overlay__inner.center-left,.wp-block-uagb-image--layout-overlay__inner.bottom-left{align-items:flex-start}.wp-block-uagb-image--layout-overlay__inner.top-right,.wp-block-uagb-image--layout-overlay__inner.center-right,.wp-block-uagb-image--layout-overlay__inner.bottom-right{align-items:flex-end}.wp-block-uagb-image--layout-overlay__inner .uagb-image-heading{color:#fff;transition:transform .35s,opacity .35s ease-in-out;transform:translate3d(0, 24px, 0);margin:0;line-height:1em}.wp-block-uagb-image--layout-overlay__inner .uagb-image-separator{width:30%;border-top-width:2px;border-top-color:#fff;border-top-style:solid;margin-bottom:10px;opacity:0;transition:transform .4s,opacity .4s ease-in-out;transform:translate3d(0, 30px, 0)}.wp-block-uagb-image--layout-overlay__inner .uagb-image-caption{opacity:0;overflow:visible;color:#fff;transition:transform .45s,opacity .45s ease-in-out;transform:translate3d(0, 35px, 0)}.wp-block-uagb-image--layout-overlay__inner:hover .uagb-image-heading,.wp-block-uagb-image--layout-overlay__inner:hover .uagb-image-separator,.wp-block-uagb-image--layout-overlay__inner:hover .uagb-image-caption{opacity:1;transform:translate3d(0, 0, 0)}.wp-block-uagb-image--effect-zoomin .wp-block-uagb-image__figure img,.wp-block-uagb-image--effect-zoomin .wp-block-uagb-image__figure .wp-block-uagb-image--layout-overlay__color-wrapper{transform:scale(1);transition:transform .35s ease-in-out}.wp-block-uagb-image--effect-zoomin .wp-block-uagb-image__figure:hover img,.wp-block-uagb-image--effect-zoomin .wp-block-uagb-image__figure:hover .wp-block-uagb-image--layout-overlay__color-wrapper{transform:scale(1.05)}.wp-block-uagb-image--effect-slide .wp-block-uagb-image__figure img,.wp-block-uagb-image--effect-slide .wp-block-uagb-image__figure .wp-block-uagb-image--layout-overlay__color-wrapper{width:calc(100% + 40px) !important;max-width:none !important;transform:translate3d(-40px, 0, 0);transition:transform .35s ease-in-out}.wp-block-uagb-image--effect-slide .wp-block-uagb-image__figure:hover img,.wp-block-uagb-image--effect-slide .wp-block-uagb-image__figure:hover .wp-block-uagb-image--layout-overlay__color-wrapper{transform:translate3d(0, 0, 0)}.wp-block-uagb-image--effect-grayscale img{filter:grayscale(0%);transition:.35s ease-in-out}.wp-block-uagb-image--effect-grayscale:hover img{filter:grayscale(100%)}.wp-block-uagb-image--effect-blur img{filter:blur(0);transition:.35s ease-in-out}.wp-block-uagb-image--effect-blur:hover img{filter:blur(3px)}.uagb-block-e6f939b3.wp-block-uagb-image--layout-default figure img{box-shadow: 0px 0px 0 #00000070;}.uagb-block-e6f939b3.wp-block-uagb-image .wp-block-uagb-image__figure figcaption{font-style: normal;align-self: center;}.uagb-block-e6f939b3.wp-block-uagb-image--layout-overlay figure img{box-shadow: 0px 0px 0 #00000070;}.uagb-block-e6f939b3.wp-block-uagb-image--layout-overlay .wp-block-uagb-image--layout-overlay__color-wrapper{opacity: 0.2;}.uagb-block-e6f939b3.wp-block-uagb-image--layout-overlay .wp-block-uagb-image--layout-overlay__inner{left: 15px;right: 15px;top: 15px;bottom: 15px;}.uagb-block-e6f939b3.wp-block-uagb-image--layout-overlay .wp-block-uagb-image--layout-overlay__inner .uagb-image-heading{font-style: normal;color: #fff;opacity: 1;}.uagb-block-e6f939b3.wp-block-uagb-image--layout-overlay .wp-block-uagb-image--layout-overlay__inner .uagb-image-heading a{color: #fff;}.uagb-block-e6f939b3.wp-block-uagb-image--layout-overlay .wp-block-uagb-image--layout-overlay__inner .uagb-image-caption{opacity: 0;}.uagb-block-e6f939b3.wp-block-uagb-image--layout-overlay .wp-block-uagb-image__figure:hover .wp-block-uagb-image--layout-overlay__color-wrapper{opacity: 1;}.uagb-block-e6f939b3.wp-block-uagb-image .wp-block-uagb-image--layout-overlay__inner .uagb-image-separator{width: 30%;border-top-width: 2px;border-top-color: #fff;opacity: 0;}.uagb-block-e6f939b3.wp-block-uagb-image .wp-block-uagb-image__figure img{width: px;height: auto;}.uagb-block-e6f939b3.wp-block-uagb-image .wp-block-uagb-image__figure:hover .wp-block-uagb-image--layout-overlay__inner .uagb-image-caption{opacity: 1;}.uagb-block-e6f939b3.wp-block-uagb-image .wp-block-uagb-image__figure:hover .wp-block-uagb-image--layout-overlay__inner .uagb-image-separator{opacity: 1;}.uagb-block-e6f939b3.wp-block-uagb-image--layout-default figure:hover img{box-shadow: 0px 0px 0 #00000070;}.uagb-block-e6f939b3.wp-block-uagb-image--layout-overlay figure:hover img{box-shadow: 0px 0px 0 #00000070;}@media only screen and (max-width: 976px) {.uagb-block-e6f939b3.wp-block-uagb-image .wp-block-uagb-image__figure img{width: px;height: auto;}}@media only screen and (max-width: 767px) {.uagb-block-e6f939b3.wp-block-uagb-image .wp-block-uagb-image__figure img{width: px;height: auto;}}\";s:2:\"js\";s:0:\"\";s:18:\"current_block_list\";a:13:{i:0;s:11:\"core\/search\";i:1;s:10:\"core\/group\";i:2;s:12:\"core\/heading\";i:3;s:17:\"core\/latest-posts\";i:4;s:20:\"core\/latest-comments\";i:5;s:13:\"core\/archives\";i:6;s:15:\"core\/categories\";i:7;s:14:\"core\/paragraph\";i:8;s:10:\"uagb\/image\";i:9;s:11:\"core\/spacer\";i:10;s:30:\"woocommerce\/product-categories\";i:11;s:10:\"core\/image\";i:12;s:14:\"core\/shortcode\";}s:8:\"uag_flag\";b:1;s:11:\"uag_version\";s:10:\"1777232923\";s:6:\"gfonts\";a:0:{}s:10:\"gfonts_url\";s:0:\"\";s:12:\"gfonts_files\";a:0:{}s:14:\"uag_faq_layout\";b:0;}"]},"uagb_featured_image_src":{"full":["https:\/\/www.ferberpainting.com\/wp-content\/uploads\/2025\/05\/Shower-and-Bathroom-Cleaner-5L-.png",2560,2560,false],"thumbnail":["https:\/\/www.ferberpainting.com\/wp-content\/uploads\/2025\/05\/Shower-and-Bathroom-Cleaner-5L--150x150.png",150,150,true],"medium":["https:\/\/www.ferberpainting.com\/wp-content\/uploads\/2025\/05\/Shower-and-Bathroom-Cleaner-5L--300x300.png",300,300,true],"medium_large":["https:\/\/www.ferberpainting.com\/wp-content\/uploads\/2025\/05\/Shower-and-Bathroom-Cleaner-5L--768x768.png",768,768,true],"large":["https:\/\/www.ferberpainting.com\/wp-content\/uploads\/2025\/05\/Shower-and-Bathroom-Cleaner-5L--1024x1024.png",1024,1024,true],"1536x1536":["https:\/\/www.ferberpainting.com\/wp-content\/uploads\/2025\/05\/Shower-and-Bathroom-Cleaner-5L--1536x1536.png",1536,1536,true],"2048x2048":["https:\/\/www.ferberpainting.com\/wp-content\/uploads\/2025\/05\/Shower-and-Bathroom-Cleaner-5L--2048x2048.png",2048,2048,true],"trp-custom-language-flag":["https:\/\/www.ferberpainting.com\/wp-content\/uploads\/2025\/05\/Shower-and-Bathroom-Cleaner-5L--12x12.png",12,12,true],"woocommerce_thumbnail":["https:\/\/www.ferberpainting.com\/wp-content\/uploads\/2025\/05\/Shower-and-Bathroom-Cleaner-5L--300x300.png",300,300,true],"woocommerce_single":["https:\/\/www.ferberpainting.com\/wp-content\/uploads\/2025\/05\/Shower-and-Bathroom-Cleaner-5L--600x600.png",600,600,true],"woocommerce_gallery_thumbnail":["https:\/\/www.ferberpainting.com\/wp-content\/uploads\/2025\/05\/Shower-and-Bathroom-Cleaner-5L--100x100.png",100,100,true]},"uagb_author_info":{"display_name":"admin","author_link":"https:\/\/www.ferberpainting.com\/si\/author\/"},"uagb_comment_info":11,"uagb_excerpt":"Optimal Effectiveness.\u00a0This bathroom and shower cleaner is specially designed to eliminate limescale, soap scum, toothpaste residue, mold, and all the grime that builds up over time. Its powerful formula instantly dissolves impurities and restores surfaces to their original shine. It ensures perfect cleanliness and lasting brilliance in a single step. Money-back guarantee.\u00a0We are completely confident&hellip;","_links":{"self":[{"href":"https:\/\/www.ferberpainting.com\/si\/wp-json\/wp\/v2\/product\/25290","targetHints":{"allow":["GET"]}}],"collection":[{"href":"https:\/\/www.ferberpainting.com\/si\/wp-json\/wp\/v2\/product"}],"about":[{"href":"https:\/\/www.ferberpainting.com\/si\/wp-json\/wp\/v2\/types\/product"}],"replies":[{"embeddable":true,"href":"https:\/\/www.ferberpainting.com\/si\/wp-json\/wp\/v2\/comments?post=25290"}],"version-history":[{"count":4,"href":"https:\/\/www.ferberpainting.com\/si\/wp-json\/wp\/v2\/product\/25290\/revisions"}],"predecessor-version":[{"id":167273,"href":"https:\/\/www.ferberpainting.com\/si\/wp-json\/wp\/v2\/product\/25290\/revisions\/167273"}],"wp:featuredmedia":[{"embeddable":true,"href":"https:\/\/www.ferberpainting.com\/si\/wp-json\/wp\/v2\/media\/35964"}],"wp:attachment":[{"href":"https:\/\/www.ferberpainting.com\/si\/wp-json\/wp\/v2\/media?parent=25290"}],"wp:term":[{"taxonomy":"product_brand","embeddable":true,"href":"https:\/\/www.ferberpainting.com\/si\/wp-json\/wp\/v2\/product_brand?post=25290"},{"taxonomy":"product_cat","embeddable":true,"href":"https:\/\/www.ferberpainting.com\/si\/wp-json\/wp\/v2\/product_cat?post=25290"},{"taxonomy":"product_tag","embeddable":true,"href":"https:\/\/www.ferberpainting.com\/si\/wp-json\/wp\/v2\/product_tag?post=25290"}],"curies":[{"name":"wp","href":"https:\/\/api.w.org\/{rel}","templated":true}]}}