{"id":25276,"date":"2025-06-30T22:03:05","date_gmt":"2025-06-30T20:03:05","guid":{"rendered":"https:\/\/www.ferberpainting.com\/?post_type=product&#038;p=25276"},"modified":"2026-02-16T09:09:43","modified_gmt":"2026-02-16T08:09:43","slug":"rust-remover","status":"publish","type":"product","link":"https:\/\/www.ferberpainting.com\/si\/products\/rust-remover\/","title":{"rendered":"Odstranjevalec rje"},"content":{"rendered":"<p><strong><img decoding=\"async\" style=\"margin-right: 12px;\" src=\"https:\/\/www.ferberpainting.com\/wp-content\/uploads\/2026\/02\/Check.svg\" alt=\"\" width=\"18\" height=\"15\" \/>Optimalna u\u010dinkovitost.<\/strong> To sredstvo za odstranjevanje rje je zasnovano za hitro in u\u010dinkovito odstranjevanje made\u017eev rje, povr\u0161inske oksidacije in \u017eelezovih usedlin z razli\u010dnih povr\u0161in. Zaradi svoje mo\u010dne formule prodre globoko in raztopi rjo, ne da bi pri tem po\u0161kodoval materiale, ki so pod njo. Ne le da povrne prvotni videz kovinskih povr\u0161in, temve\u010d z odstranjevanjem ne\u010disto\u010d, ki so odgovorne za nastanek rje, pomaga prepre\u010diti njeno ponovno pojavljanje.<\/p>\n<p><strong><img decoding=\"async\" style=\"margin-right: 12px;\" src=\"https:\/\/www.ferberpainting.com\/wp-content\/uploads\/2026\/02\/Check.svg\" alt=\"\" width=\"18\" height=\"15\" \/>Jamstvo vra\u010dila denarja.<\/strong> Popolnoma zaupamo v u\u010dinkovitost na\u0161ega odstranjevalca rje. \u010ce po uporabi niste popolnoma zadovoljni z rezultati, ste upravi\u010deni do celotnega vra\u010dila denarja. Brez tveganja preizkusite na\u0161 izdelek in u\u017eivajte v \u010distih, sijo\u010dih kovinskih povr\u0161inah, za\u0161\u010ditenih pred oksidacijo.<\/p>\n<p><strong><img decoding=\"async\" style=\"margin-right: 12px;\" src=\"https:\/\/www.ferberpainting.com\/wp-content\/uploads\/2026\/02\/Check.svg\" alt=\"\" width=\"18\" height=\"15\" \/>Izjemna vsestranskost.<\/strong>\u00a0To \u010distilo ni omejeno na kovinske povr\u0161ine! U\u010dinkovito je tudi na betonu, cementu, malti, plo\u0161\u010dicah, naravnem kamnu in nekaterih vrstah plastike, ki so odporne na kisle izdelke. Uporablja se lahko za \u010di\u0161\u010denje orodja, mehanskih delov, vrat, ograj, zunanjega pohi\u0161tva, kovinskih stopni\u0161\u010d, ograj, koles, motornih koles, starinskih avtomobilskih karoserij in \u0161e veliko ve\u010d. Zaradi mo\u010dnega delovanja je nepogre\u0161ljiv izdelek za vzdr\u017eevanje zarjavelih povr\u0161in tako v doma\u010dem kot profesionalnem okolju.<\/p>\n<p><strong><img decoding=\"async\" style=\"margin-right: 12px;\" src=\"https:\/\/www.ferberpainting.com\/wp-content\/uploads\/2026\/02\/Check.svg\" alt=\"\" width=\"18\" height=\"15\" \/>Stro\u0161kovno u\u010dinkovita zmogljivost.<\/strong>\u00a0Zaradi 5-litrske posode in optimalne koncentracije je ta \u010distilnik zelo ugoden. Majhna koli\u010dina zadostuje za odstranitev velike koli\u010dine rje na razli\u010dnih povr\u0161inah brez napora. V povpre\u010dju lahko z enim litrom izdelka obdelate do 50 m\u00b2 rahlo zarjavele kovinske povr\u0161ine, kar zagotavlja ekonomi\u010dno in u\u010dinkovito re\u0161itev za redno ali intenzivno uporabo.<\/p>\n<p><strong><img decoding=\"async\" style=\"margin-right: 12px;\" src=\"https:\/\/www.ferberpainting.com\/wp-content\/uploads\/2026\/02\/Check.svg\" alt=\"\" width=\"18\" height=\"15\" \/>Varna uporaba.<\/strong>\u00a0Za razliko od klasi\u010dnih izdelkov proti rji, ki vsebujejo klorovodikovo ali fosforno kislino, ki sta lahko zelo agresivni za povr\u0161ine in nevarni za uporabo, je to \u010distilo zasnovano brez strupenih spojin ali zelo jedkih snovi. Ne oddaja \u0161kodljivih hlapov, ne povzro\u010da opeklin in je prijazno do ob\u010dutljivih materialov, hkrati pa je u\u010dinkovito. \u010ce ga uporabljate v skladu z navodili, je varno za uporabnika, po uporabi pa je tudi okolju prijazno, \u010de ga izperete.<\/p>\n<p><strong><img decoding=\"async\" style=\"margin-right: 12px;\" src=\"https:\/\/www.ferberpainting.com\/wp-content\/uploads\/2026\/02\/Check.svg\" alt=\"\" width=\"18\" height=\"15\" \/>Enostavnost uporabe.<\/strong>\u00a0Izdelek je pripravljen za uporabo in ne potrebuje red\u010denja ali zapletene priprave. S \u010dopi\u010dem, krpo, gobo ali razpr\u0161ilom ga nanesite neposredno na rjasto povr\u0161ino. Njegovo hitro delovanje odstrani oksidacijske made\u017ee v nekaj minutah, ne da bi bilo potrebno te\u017eko krta\u010denje ali zapleteno ravnanje. Po nanosu ga ni treba nevtralizirati, kar poenostavi njegovo uporabo in pospe\u0161i postopek \u010di\u0161\u010denja.<\/p>\n<p><strong><img decoding=\"async\" style=\"margin-right: 12px;\" src=\"https:\/\/www.ferberpainting.com\/wp-content\/uploads\/2026\/02\/Check.svg\" alt=\"\" width=\"18\" height=\"15\" \/>Podalj\u0161ana vzdr\u017eljivost.<\/strong>\u00a0To \u010distilo z u\u010dinkovitim odstranjevanjem rje in ostankov, ki spodbujajo oksidacijo, pomaga podalj\u0161ati \u017eivljenjsko dobo kovinskih povr\u0161in in materialov, ki so izpostavljeni vlagi. Z odstranjevanjem delcev, ki zadr\u017eujejo vlago in pospe\u0161ujejo obrabo materiala, znatno zmanj\u0161a tveganje za nastanek korozije v prihodnosti. Redna uporaba tega izdelka ohranja celovitost povr\u0161in in prepre\u010duje draga popravila ali zamenjave.<\/p>\n<p><strong><img decoding=\"async\" style=\"margin-right: 12px;\" src=\"https:\/\/www.ferberpainting.com\/wp-content\/uploads\/2026\/02\/Check.svg\" alt=\"\" width=\"18\" height=\"15\" \/>Hitro ukrepanje.<\/strong>\u00a0Zahvaljujo\u010d zelo aktivni formuli to \u010distilo takoj deluje na rjaste made\u017ee in oksidirane obloge. V samo nekaj minutah raztopi korozijo in olaj\u0161a odstranjevanje brez potrebe po mo\u010dnem strganju. Omogo\u010da hitro in u\u010dinkovito \u010di\u0161\u010denje - idealno za obnovo kovinskih povr\u0161in, kovanih \u017eeleznih konstrukcij, gradbenih elementov in industrijske opreme.<\/p>\n<h2><strong>Protokol uporabe<\/strong><\/h2>\n<ul>\n<li><strong>Priprava <\/strong>: Pred nanosom izdelka se prepri\u010dajte, da je povr\u0161ina, ki jo \u017eelite o\u010distiti, suha ali rahlo vla\u017ena. Obmo\u010dje opra\u0161ite s suho krpo ali krta\u010do, da odstranite spro\u0161\u010dene ne\u010disto\u010de.<\/li>\n<li><strong>Ro\u010dna uporaba <\/strong>: Na \u010disto krpo, gobo ali krta\u010do vlijte majhno koli\u010dino \u010distila in ga enakomerno nanesite na rjaven predel, pri \u010demer ga ne\u017eno drgnite, da izdelek prodre na povr\u0161ino.<\/li>\n<li><strong>Uporaba velike povr\u0161ine <\/strong>: \u010ce \u017eelite obdelati veliko rjasto povr\u0161ino, uporabite steklenico z razpr\u0161ilnikom, da izdelek enakomerno porazdelite. Pustite nekaj minut, da \u010distilo globinsko raztopi rjo.<\/li>\n<li><strong>Zdravljenje trdovratnih made\u017eev <\/strong>: Pri zelo debelih nanosih rje pustite izdelek delovati od 5 do 15 minut, nato pa ga ne\u017eno zdrgnite z najlonsko krta\u010do ali neabrazivno gobo. Po potrebi nanos ponovite, da popolnoma odstranite oksidacijo.<\/li>\n<li><strong>Izpiranje in brisanje <\/strong>: Povr\u0161ino temeljito sperite s \u010disto vodo, da odstranite vse ostanke rje in izdelka. Obmo\u010dje takoj posu\u0161ite s \u010disto krpo, da prepre\u010dite ponovno oksidacijo zaradi preostale vlage.<\/li>\n<li><strong>Za\u0161\u010dita po \u010di\u0161\u010denju <\/strong>: Da bi prepre\u010dili ponovno pojavljanje rje, je priporo\u010dljivo, da po \u010di\u0161\u010denju nanesete za\u0161\u010ditni sloj (antikorozijski lak, za\u0161\u010ditno olje ali antikorozijsko barvo).<\/li>\n<li><strong>Pogostost uporabe <\/strong>: Nanesite takoj, ko se pojavijo rjasti made\u017ei, da prepre\u010dite njihovo \u0161irjenje ali oslabitev prizadetih povr\u0161in. Za preventivno nego o\u010distite kovinske povr\u0161ine, ki so izpostavljene vlagi, vsaj enkrat na tri mesece.<\/li>\n<li><strong>Shranjevanje <\/strong>: Po vsaki uporabi tesno zaprite posodo in jo hranite v hladnem in suhem prostoru, stran od svetlobe in ekstremnih temperatur, da se ohrani u\u010dinkovitost izdelka v dalj\u0161em \u010dasovnem obdobju.<\/li>\n<\/ul>\n<p>Z na\u0161im odstranjevalcem rje hitro in u\u010dinkovito odpravite korozijo ter za\u0161\u010ditite kovinske povr\u0161ine pred obrabo in zunanjimi po\u0161kodbami. Idealna re\u0161itev za brezhibno vzdr\u017eevanje brez napora.<\/p>","protected":false},"excerpt":{"rendered":"<p>Optimal Efficiency. This rust remover is designed to quickly and effectively remove rust stains, surface oxidation, and iron deposits from a wide variety of surfaces. Thanks to its powerful formula, it penetrates deeply to dissolve rust without damaging underlying materials. It not only restores the original appearance of metallic surfaces, but also helps prevent rust [&hellip;]<\/p>\n","protected":false},"featured_media":36000,"comment_status":"open","ping_status":"closed","template":"","meta":{"_uag_custom_page_level_css":"","site-sidebar-layout":"default","site-content-layout":"","ast-site-content-layout":"default","site-content-style":"default","site-sidebar-style":"default","ast-global-header-display":"","ast-banner-title-visibility":"","ast-main-header-display":"","ast-hfb-above-header-display":"","ast-hfb-below-header-display":"","ast-hfb-mobile-header-display":"","site-post-title":"","ast-breadcrumbs-content":"","ast-featured-img":"","footer-sml-layout":"","ast-disable-related-posts":"","theme-transparent-header-meta":"default","adv-header-id-meta":"","stick-header-meta":"","header-above-stick-meta":"","header-main-stick-meta":"","header-below-stick-meta":"","astra-migrate-meta-layouts":"set","ast-page-background-enabled":"default","ast-page-background-meta":{"desktop":{"background-color":"var(--ast-global-color-4)","background-image":"","background-repeat":"repeat","background-position":"center center","background-size":"auto","background-attachment":"scroll","background-type":"","background-media":"","overlay-type":"","overlay-color":"","overlay-opacity":"","overlay-gradient":""},"tablet":{"background-color":"","background-image":"","background-repeat":"repeat","background-position":"center center","background-size":"auto","background-attachment":"scroll","background-type":"","background-media":"","overlay-type":"","overlay-color":"","overlay-opacity":"","overlay-gradient":""},"mobile":{"background-color":"","background-image":"","background-repeat":"repeat","background-position":"center center","background-size":"auto","background-attachment":"scroll","background-type":"","background-media":"","overlay-type":"","overlay-color":"","overlay-opacity":"","overlay-gradient":""}},"ast-content-background-meta":{"desktop":{"background-color":"var(--ast-global-color-5)","background-image":"","background-repeat":"repeat","background-position":"center center","background-size":"auto","background-attachment":"scroll","background-type":"","background-media":"","overlay-type":"","overlay-color":"","overlay-opacity":"","overlay-gradient":""},"tablet":{"background-color":"var(--ast-global-color-5)","background-image":"","background-repeat":"repeat","background-position":"center center","background-size":"auto","background-attachment":"scroll","background-type":"","background-media":"","overlay-type":"","overlay-color":"","overlay-opacity":"","overlay-gradient":""},"mobile":{"background-color":"var(--ast-global-color-5)","background-image":"","background-repeat":"repeat","background-position":"center center","background-size":"auto","background-attachment":"scroll","background-type":"","background-media":"","overlay-type":"","overlay-color":"","overlay-opacity":"","overlay-gradient":""}}},"product_brand":[],"product_cat":[175],"product_tag":[],"class_list":{"0":"post-25276","1":"product","2":"type-product","3":"status-publish","4":"has-post-thumbnail","6":"product_cat-cleaning-products","7":"desktop-align-left","8":"tablet-align-left","9":"mobile-align-left","11":"first","12":"instock","13":"sale","14":"taxable","15":"shipping-taxable","16":"purchasable","17":"product-type-variable","18":"has-default-attributes"},"spectra_custom_meta":{"_visibility":["visible"],"_shopify_product_id":["9106237849845"],"_s2w_shopify_domain":["ferberpainting.myshopify.com"],"_shopify_variant_id":["46625776632053"],"_sku":[""],"_manage_stock":["no"],"total_sales":["154"],"_tax_status":["taxable"],"_tax_class":[""],"_backorders":["no"],"_sold_individually":["no"],"_virtual":["no"],"_downloadable":["no"],"_download_limit":["-1"],"_download_expiry":["-1"],"_stock":[null],"_stock_status":["instock"],"_wc_average_rating":["5.00"],"_wc_review_count":["11"],"_product_attributes":["a:1:{s:6:\"volume\";a:6:{s:4:\"name\";s:6:\"Volume\";s:5:\"value\";s:20:\"5 liters | 25 liters\";s:8:\"position\";i:1;s:10:\"is_visible\";i:0;s:12:\"is_variation\";i:1;s:11:\"is_taxonomy\";i:0;}}"],"_product_version":["10.5.1"],"wpse_downloadable_file_names":[""],"wpse_downloadable_file_urls":[""],"_edit_last":["1"],"_default_attributes":["a:1:{s:6:\"volume\";s:8:\"5 liters\";}"],"_edit_lock":["1771232232:1"],"merchant-center-availability":["yes"],"merchant-center-category":["503741"],"_price":["29.90","129.90"],"_thumbnail_id":["36000"],"_wp_page_template":["default"],"_wp_old_date":["2025-05-26"],"_product_image_gallery":["36001"],"site-sidebar-layout":["default"],"ast-site-content-layout":["default"],"site-content-style":["default"],"site-sidebar-style":["default"],"theme-transparent-header-meta":["default"],"_wc_rating_count":["a:1:{i:5;i:11;}"],"astra-migrate-meta-layouts":["set"],"_uag_css_file_name":["uag-css-25276.css"],"_elementor_page_assets":["a:0:{}"],"_uag_page_assets":["a:9:{s:3:\"css\";s:7133:\".uag-blocks-common-selector{z-index:var(--z-index-desktop) !important}@media(max-width: 976px){.uag-blocks-common-selector{z-index:var(--z-index-tablet) !important}}@media(max-width: 767px){.uag-blocks-common-selector{z-index:var(--z-index-mobile) !important}}.wp-block-uagb-image{display:flex}.wp-block-uagb-image__figure{position:relative;display:flex;flex-direction:column;max-width:100%;height:auto;margin:0}.wp-block-uagb-image__figure img{height:auto;display:flex;max-width:100%;transition:box-shadow .2s ease}.wp-block-uagb-image__figure>a{display:inline-block}.wp-block-uagb-image__figure figcaption{text-align:center;margin-top:.5em;margin-bottom:1em}.wp-block-uagb-image .components-placeholder.block-editor-media-placeholder .components-placeholder__instructions{align-self:center}.wp-block-uagb-image--align-left{text-align:left}.wp-block-uagb-image--align-right{text-align:right}.wp-block-uagb-image--align-center{text-align:center}.wp-block-uagb-image--align-full .wp-block-uagb-image__figure{margin-left:calc(50% - 50vw);margin-right:calc(50% - 50vw);max-width:100vw;width:100vw;height:auto}.wp-block-uagb-image--align-full .wp-block-uagb-image__figure img{height:auto;width:100% !important}.wp-block-uagb-image--align-wide .wp-block-uagb-image__figure img{height:auto;width:100%}.wp-block-uagb-image--layout-overlay__color-wrapper{position:absolute;left:0;top:0;right:0;bottom:0;opacity:.2;background:rgba(0,0,0,.5);transition:opacity .35s ease-in-out}.wp-block-uagb-image--layout-overlay-link{position:absolute;left:0;right:0;bottom:0;top:0}.wp-block-uagb-image--layout-overlay .wp-block-uagb-image__figure:hover .wp-block-uagb-image--layout-overlay__color-wrapper{opacity:1}.wp-block-uagb-image--layout-overlay__inner{position:absolute;left:15px;right:15px;bottom:15px;top:15px;display:flex;align-items:center;justify-content:center;flex-direction:column;border-color:#fff;transition:.35s ease-in-out}.wp-block-uagb-image--layout-overlay__inner.top-left,.wp-block-uagb-image--layout-overlay__inner.top-center,.wp-block-uagb-image--layout-overlay__inner.top-right{justify-content:flex-start}.wp-block-uagb-image--layout-overlay__inner.bottom-left,.wp-block-uagb-image--layout-overlay__inner.bottom-center,.wp-block-uagb-image--layout-overlay__inner.bottom-right{justify-content:flex-end}.wp-block-uagb-image--layout-overlay__inner.top-left,.wp-block-uagb-image--layout-overlay__inner.center-left,.wp-block-uagb-image--layout-overlay__inner.bottom-left{align-items:flex-start}.wp-block-uagb-image--layout-overlay__inner.top-right,.wp-block-uagb-image--layout-overlay__inner.center-right,.wp-block-uagb-image--layout-overlay__inner.bottom-right{align-items:flex-end}.wp-block-uagb-image--layout-overlay__inner .uagb-image-heading{color:#fff;transition:transform .35s,opacity .35s ease-in-out;transform:translate3d(0, 24px, 0);margin:0;line-height:1em}.wp-block-uagb-image--layout-overlay__inner .uagb-image-separator{width:30%;border-top-width:2px;border-top-color:#fff;border-top-style:solid;margin-bottom:10px;opacity:0;transition:transform .4s,opacity .4s ease-in-out;transform:translate3d(0, 30px, 0)}.wp-block-uagb-image--layout-overlay__inner .uagb-image-caption{opacity:0;overflow:visible;color:#fff;transition:transform .45s,opacity .45s ease-in-out;transform:translate3d(0, 35px, 0)}.wp-block-uagb-image--layout-overlay__inner:hover .uagb-image-heading,.wp-block-uagb-image--layout-overlay__inner:hover .uagb-image-separator,.wp-block-uagb-image--layout-overlay__inner:hover .uagb-image-caption{opacity:1;transform:translate3d(0, 0, 0)}.wp-block-uagb-image--effect-zoomin .wp-block-uagb-image__figure img,.wp-block-uagb-image--effect-zoomin .wp-block-uagb-image__figure .wp-block-uagb-image--layout-overlay__color-wrapper{transform:scale(1);transition:transform .35s ease-in-out}.wp-block-uagb-image--effect-zoomin .wp-block-uagb-image__figure:hover img,.wp-block-uagb-image--effect-zoomin .wp-block-uagb-image__figure:hover .wp-block-uagb-image--layout-overlay__color-wrapper{transform:scale(1.05)}.wp-block-uagb-image--effect-slide .wp-block-uagb-image__figure img,.wp-block-uagb-image--effect-slide .wp-block-uagb-image__figure .wp-block-uagb-image--layout-overlay__color-wrapper{width:calc(100% + 40px) !important;max-width:none !important;transform:translate3d(-40px, 0, 0);transition:transform .35s ease-in-out}.wp-block-uagb-image--effect-slide .wp-block-uagb-image__figure:hover img,.wp-block-uagb-image--effect-slide .wp-block-uagb-image__figure:hover .wp-block-uagb-image--layout-overlay__color-wrapper{transform:translate3d(0, 0, 0)}.wp-block-uagb-image--effect-grayscale img{filter:grayscale(0%);transition:.35s ease-in-out}.wp-block-uagb-image--effect-grayscale:hover img{filter:grayscale(100%)}.wp-block-uagb-image--effect-blur img{filter:blur(0);transition:.35s ease-in-out}.wp-block-uagb-image--effect-blur:hover img{filter:blur(3px)}.uagb-block-e6f939b3.wp-block-uagb-image--layout-default figure img{box-shadow: 0px 0px 0 #00000070;}.uagb-block-e6f939b3.wp-block-uagb-image .wp-block-uagb-image__figure figcaption{font-style: normal;align-self: center;}.uagb-block-e6f939b3.wp-block-uagb-image--layout-overlay figure img{box-shadow: 0px 0px 0 #00000070;}.uagb-block-e6f939b3.wp-block-uagb-image--layout-overlay .wp-block-uagb-image--layout-overlay__color-wrapper{opacity: 0.2;}.uagb-block-e6f939b3.wp-block-uagb-image--layout-overlay .wp-block-uagb-image--layout-overlay__inner{left: 15px;right: 15px;top: 15px;bottom: 15px;}.uagb-block-e6f939b3.wp-block-uagb-image--layout-overlay .wp-block-uagb-image--layout-overlay__inner .uagb-image-heading{font-style: normal;color: #fff;opacity: 1;}.uagb-block-e6f939b3.wp-block-uagb-image--layout-overlay .wp-block-uagb-image--layout-overlay__inner .uagb-image-heading a{color: #fff;}.uagb-block-e6f939b3.wp-block-uagb-image--layout-overlay .wp-block-uagb-image--layout-overlay__inner .uagb-image-caption{opacity: 0;}.uagb-block-e6f939b3.wp-block-uagb-image--layout-overlay .wp-block-uagb-image__figure:hover .wp-block-uagb-image--layout-overlay__color-wrapper{opacity: 1;}.uagb-block-e6f939b3.wp-block-uagb-image .wp-block-uagb-image--layout-overlay__inner .uagb-image-separator{width: 30%;border-top-width: 2px;border-top-color: #fff;opacity: 0;}.uagb-block-e6f939b3.wp-block-uagb-image .wp-block-uagb-image__figure img{width: px;height: auto;}.uagb-block-e6f939b3.wp-block-uagb-image .wp-block-uagb-image__figure:hover .wp-block-uagb-image--layout-overlay__inner .uagb-image-caption{opacity: 1;}.uagb-block-e6f939b3.wp-block-uagb-image .wp-block-uagb-image__figure:hover .wp-block-uagb-image--layout-overlay__inner .uagb-image-separator{opacity: 1;}.uagb-block-e6f939b3.wp-block-uagb-image--layout-default figure:hover img{box-shadow: 0px 0px 0 #00000070;}.uagb-block-e6f939b3.wp-block-uagb-image--layout-overlay figure:hover img{box-shadow: 0px 0px 0 #00000070;}@media only screen and (max-width: 976px) {.uagb-block-e6f939b3.wp-block-uagb-image .wp-block-uagb-image__figure img{width: px;height: auto;}}@media only screen and (max-width: 767px) {.uagb-block-e6f939b3.wp-block-uagb-image .wp-block-uagb-image__figure img{width: px;height: auto;}}\";s:2:\"js\";s:0:\"\";s:18:\"current_block_list\";a:13:{i:0;s:11:\"core\/search\";i:1;s:10:\"core\/group\";i:2;s:12:\"core\/heading\";i:3;s:17:\"core\/latest-posts\";i:4;s:20:\"core\/latest-comments\";i:5;s:13:\"core\/archives\";i:6;s:15:\"core\/categories\";i:7;s:14:\"core\/paragraph\";i:8;s:10:\"uagb\/image\";i:9;s:11:\"core\/spacer\";i:10;s:30:\"woocommerce\/product-categories\";i:11;s:10:\"core\/image\";i:12;s:14:\"core\/shortcode\";}s:8:\"uag_flag\";b:1;s:11:\"uag_version\";s:10:\"1777196246\";s:6:\"gfonts\";a:0:{}s:10:\"gfonts_url\";s:0:\"\";s:12:\"gfonts_files\";a:0:{}s:14:\"uag_faq_layout\";b:0;}"]},"uagb_featured_image_src":{"full":["https:\/\/www.ferberpainting.com\/wp-content\/uploads\/2025\/05\/Rust-Remover-5L-.png",2560,2560,false],"thumbnail":["https:\/\/www.ferberpainting.com\/wp-content\/uploads\/2025\/05\/Rust-Remover-5L--150x150.png",150,150,true],"medium":["https:\/\/www.ferberpainting.com\/wp-content\/uploads\/2025\/05\/Rust-Remover-5L--300x300.png",300,300,true],"medium_large":["https:\/\/www.ferberpainting.com\/wp-content\/uploads\/2025\/05\/Rust-Remover-5L--768x768.png",768,768,true],"large":["https:\/\/www.ferberpainting.com\/wp-content\/uploads\/2025\/05\/Rust-Remover-5L--1024x1024.png",1024,1024,true],"1536x1536":["https:\/\/www.ferberpainting.com\/wp-content\/uploads\/2025\/05\/Rust-Remover-5L--1536x1536.png",1536,1536,true],"2048x2048":["https:\/\/www.ferberpainting.com\/wp-content\/uploads\/2025\/05\/Rust-Remover-5L--2048x2048.png",2048,2048,true],"trp-custom-language-flag":["https:\/\/www.ferberpainting.com\/wp-content\/uploads\/2025\/05\/Rust-Remover-5L--12x12.png",12,12,true],"woocommerce_thumbnail":["https:\/\/www.ferberpainting.com\/wp-content\/uploads\/2025\/05\/Rust-Remover-5L--300x300.png",300,300,true],"woocommerce_single":["https:\/\/www.ferberpainting.com\/wp-content\/uploads\/2025\/05\/Rust-Remover-5L--600x600.png",600,600,true],"woocommerce_gallery_thumbnail":["https:\/\/www.ferberpainting.com\/wp-content\/uploads\/2025\/05\/Rust-Remover-5L--100x100.png",100,100,true]},"uagb_author_info":{"display_name":"admin","author_link":"https:\/\/www.ferberpainting.com\/si\/author\/"},"uagb_comment_info":11,"uagb_excerpt":"Optimal Efficiency. This rust remover is designed to quickly and effectively remove rust stains, surface oxidation, and iron deposits from a wide variety of surfaces. Thanks to its powerful formula, it penetrates deeply to dissolve rust without damaging underlying materials. It not only restores the original appearance of metallic surfaces, but also helps prevent rust&hellip;","_links":{"self":[{"href":"https:\/\/www.ferberpainting.com\/si\/wp-json\/wp\/v2\/product\/25276","targetHints":{"allow":["GET"]}}],"collection":[{"href":"https:\/\/www.ferberpainting.com\/si\/wp-json\/wp\/v2\/product"}],"about":[{"href":"https:\/\/www.ferberpainting.com\/si\/wp-json\/wp\/v2\/types\/product"}],"replies":[{"embeddable":true,"href":"https:\/\/www.ferberpainting.com\/si\/wp-json\/wp\/v2\/comments?post=25276"}],"version-history":[{"count":5,"href":"https:\/\/www.ferberpainting.com\/si\/wp-json\/wp\/v2\/product\/25276\/revisions"}],"predecessor-version":[{"id":167184,"href":"https:\/\/www.ferberpainting.com\/si\/wp-json\/wp\/v2\/product\/25276\/revisions\/167184"}],"wp:featuredmedia":[{"embeddable":true,"href":"https:\/\/www.ferberpainting.com\/si\/wp-json\/wp\/v2\/media\/36000"}],"wp:attachment":[{"href":"https:\/\/www.ferberpainting.com\/si\/wp-json\/wp\/v2\/media?parent=25276"}],"wp:term":[{"taxonomy":"product_brand","embeddable":true,"href":"https:\/\/www.ferberpainting.com\/si\/wp-json\/wp\/v2\/product_brand?post=25276"},{"taxonomy":"product_cat","embeddable":true,"href":"https:\/\/www.ferberpainting.com\/si\/wp-json\/wp\/v2\/product_cat?post=25276"},{"taxonomy":"product_tag","embeddable":true,"href":"https:\/\/www.ferberpainting.com\/si\/wp-json\/wp\/v2\/product_tag?post=25276"}],"curies":[{"name":"wp","href":"https:\/\/api.w.org\/{rel}","templated":true}]}}